{"id":12780,"date":"2020-01-20T15:21:13","date_gmt":"2020-01-20T15:21:13","guid":{"rendered":"https:\/\/radiojingles24.com\/?page_id=12780"},"modified":"2020-01-20T15:21:13","modified_gmt":"2020-01-20T15:21:13","slug":"privacy","status":"publish","type":"page","link":"https:\/\/radiojingles24.com\/de\/privacy\/","title":{"rendered":"Privatsph\u00e4re"},"content":{"rendered":"<p>Willkommen zu unserer Datenschutzerkl\u00e4rung<br \/>\n- Ihre Privatsph\u00e4re ist uns von entscheidender Bedeutung.<br \/>\nRadio Jingles 24 Limited befindet sich in:<\/p>\n<p>Radio Jingles 24 Limited<br \/>\n6 Pennwell Lawn<br \/>\nWest Yorkshire, Vereinigtes K\u00f6nigreich<br \/>\n01135346686<br \/>\nEs ist die Richtlinie von Radio Jingles 24 Limited, Ihre Privatsph\u00e4re in Bezug auf alle Informationen zu respektieren, die wir w\u00e4hrend des Betriebs unserer Website sammeln. Diese Datenschutzrichtlinie gilt f\u00fcr https:\/\/radiojingles24.com (im Folgenden \u201ewir\u201c, \u201ewir\u201c oder \u201ehttps:\/\/radiojingles24.com\u201c). Wir respektieren Ihre Privatsph\u00e4re und verpflichten uns, personenbezogene Daten zu sch\u00fctzen, die Sie uns m\u00f6glicherweise \u00fcber die Website zur Verf\u00fcgung stellen. Wir haben diese Datenschutzrichtlinie (\u201eDatenschutzrichtlinie\u201c) \u00fcbernommen, um zu erl\u00e4utern, welche Informationen auf unserer Website gesammelt werden k\u00f6nnen, wie wir diese Informationen verwenden und unter welchen Umst\u00e4nden wir die Informationen an Dritte weitergeben k\u00f6nnen. Diese Datenschutzrichtlinie gilt nur f\u00fcr Informationen, die wir \u00fcber die Website sammeln, und nicht f\u00fcr unsere Sammlung von Informationen aus anderen Quellen.<br \/>\nDiese Datenschutzrichtlinie enth\u00e4lt zusammen mit den auf unserer Website ver\u00f6ffentlichten Allgemeinen Gesch\u00e4ftsbedingungen die allgemeinen Regeln und Richtlinien f\u00fcr Ihre Nutzung unserer Website. Abh\u00e4ngig von Ihren Aktivit\u00e4ten beim Besuch unserer Website m\u00fcssen Sie m\u00f6glicherweise zus\u00e4tzlichen Gesch\u00e4ftsbedingungen zustimmen.<\/p>\n<p>- Website-Besucher<br \/>\nWie die meisten Website-Betreiber sammelt Radio Jingles 24 Limited nicht pers\u00f6nlich identifizierende Informationen, wie sie Webbrowser und Server normalerweise zur Verf\u00fcgung stellen, wie z. B. den Browsertyp, die Spracheinstellung, die verweisende Website sowie Datum und Uhrzeit jeder Besucheranfrage. Der Zweck von Radio Jingles 24 Limited beim Sammeln nicht personenbezogener Daten besteht darin, besser zu verstehen, wie die Besucher von Radio Jingles 24 Limited die Website nutzen. Von Zeit zu Zeit kann Radio Jingles 24 Limited nicht pers\u00f6nlich identifizierende Informationen in ihrer Gesamtheit ver\u00f6ffentlichen, z. B. indem ein Bericht \u00fcber Trends bei der Nutzung seiner Website ver\u00f6ffentlicht wird.<br \/>\nRadio Jingles 24 Limited sammelt auch potenziell pers\u00f6nlich identifizierende Informationen wie IP-Adressen (Internet Protocol) f\u00fcr angemeldete Benutzer und f\u00fcr Benutzer, die Kommentare in https:\/\/radiojingles24.com Blog-Posts hinterlassen. Radio Jingles 24 Limited gibt angemeldete Benutzer- und Kommentator-IP-Adressen nur unter den gleichen Umst\u00e4nden weiter, unter denen es personenbezogene Daten verwendet und weitergibt, wie nachstehend beschrieben.<\/p>\n<p>- Sammeln von personenbezogenen Daten<br \/>\nBestimmte Besucher der Websites von Radio Jingles 24 Limited entscheiden sich f\u00fcr eine Interaktion mit Radio Jingles 24 Limited auf eine Weise, bei der Radio Jingles 24 Limited personenbezogene Daten sammeln muss. Die Menge und Art der Informationen, die Radio Jingles 24 Limited sammelt, h\u00e4ngt von der Art der Interaktion ab. Beispielsweise bitten wir Besucher, die sich unter https:\/\/radiojingles24.com f\u00fcr ein Blog anmelden, einen Benutzernamen und eine E-Mail-Adresse anzugeben.<\/p>\n<p>- Sicherheit<br \/>\nDie Sicherheit Ihrer pers\u00f6nlichen Daten ist uns wichtig. Beachten Sie jedoch, dass keine Methode zur \u00dcbertragung \u00fcber das Internet oder zur elektronischen Speicherung 100%-sicher ist. Obwohl wir uns bem\u00fchen, Ihre pers\u00f6nlichen Daten mit kommerziell akzeptablen Mitteln zu sch\u00fctzen, k\u00f6nnen wir deren absolute Sicherheit nicht garantieren.<\/p>\n<p>- Anzeige<br \/>\nAnzeigen auf unserer Website werden m\u00f6glicherweise von Werbepartnern an Benutzer geliefert, die m\u00f6glicherweise Cookies setzen. Mit diesen Cookies erkennt der Ad-Server Ihren Computer jedes Mal, wenn er Ihnen eine Online-Werbung sendet, um Informationen \u00fcber Sie oder andere Benutzer Ihres Computers zusammenzustellen. Mit diesen Informationen k\u00f6nnen Werbenetzwerke unter anderem gezielte Anzeigen schalten, von denen sie glauben, dass sie f\u00fcr Sie am interessantesten sind. Diese Datenschutzrichtlinie gilt f\u00fcr die Verwendung von Cookies durch Radio Jingles 24 Limited und gilt nicht f\u00fcr die Verwendung von Cookies durch Werbetreibende.<\/p>\n<p>- Links zu externen Sites<br \/>\nUnser Service kann Links zu externen Websites enthalten, die nicht von uns betrieben werden. Wenn Sie auf einen Link eines Drittanbieters klicken, werden Sie zur Website dieses Drittanbieters weitergeleitet. Wir empfehlen Ihnen dringend, die Datenschutzrichtlinien und Gesch\u00e4ftsbedingungen jeder Website, die Sie besuchen, zu lesen.<br \/>\nWir haben keine Kontrolle \u00fcber den Inhalt, die Datenschutzrichtlinien oder die Praktiken von Websites, Produkten oder Dienstleistungen Dritter und \u00fcbernehmen keine Verantwortung daf\u00fcr.<\/p>","protected":false},"excerpt":{"rendered":"<p>Willkommen zu unserer Datenschutzrichtlinie \u2013 Ihre Privatsph\u00e4re ist uns sehr wichtig. Radio Jingles 24 Limited befindet sich unter: Radio Jingles 24 Limited 6\u2026<\/p>","protected":false},"author":1,"featured_media":0,"parent":0,"menu_order":0,"comment_status":"closed","ping_status":"closed","template":"","meta":{"_exactmetrics_skip_tracking":false,"_exactmetrics_sitenote_active":false,"_exactmetrics_sitenote_note":"","_exactmetrics_sitenote_category":0,"footnotes":""},"class_list":["post-12780","page","type-page","status-publish"],"yoast_head":"<!-- This site is optimized with the Yoast SEO plugin v26.8 - https:\/\/yoast.com\/product\/yoast-seo-wordpress\/ -->\n<title>Radio Jingles 24: Radio Jingles | DJ Drops | Podcast Intros | Sung Jingles<\/title>\n<meta name=\"description\" content=\"Radio Jingles, Sung Jingles, DJ Drops, and Podcast Intros for commercial, community and internet radio stations. UK Based. Prices from \u00a35. Order online.\" \/>\n<meta name=\"robots\" content=\"index, follow, max-snippet:-1, max-image-preview:large, max-video-preview:-1\" \/>\n<link rel=\"canonical\" href=\"https:\/\/radiojingles24.com\/de\/privacy\/\" \/>\n<meta property=\"og:locale\" content=\"de_DE\" \/>\n<meta property=\"og:type\" content=\"article\" \/>\n<meta property=\"og:title\" content=\"Radio Jingles 24: Radio Jingles | DJ Drops | Podcast Intros | Sung Jingles\" \/>\n<meta property=\"og:description\" content=\"Radio Jingles, Sung Jingles, DJ Drops, and Podcast Intros for commercial, community and internet radio stations. UK Based. Prices from \u00a35. Order online.\" \/>\n<meta property=\"og:url\" content=\"https:\/\/radiojingles24.com\/de\/privacy\/\" \/>\n<meta property=\"og:site_name\" content=\"Radio Jingles 24: Radio Jingles | DJ Drops | Podcast Intros | Sung Jingles\" \/>\n<meta property=\"article:publisher\" content=\"https:\/\/www.facebook.com\/radiojingles24\/\" \/>\n<meta name=\"twitter:card\" content=\"summary_large_image\" \/>\n<meta name=\"twitter:site\" content=\"@radiojingles24\" \/>\n<meta name=\"twitter:label1\" content=\"Gesch\u00e4tzte Lesezeit\" \/>\n\t<meta name=\"twitter:data1\" content=\"3\u00a0Minuten\" \/>\n<script type=\"application\/ld+json\" class=\"yoast-schema-graph\">{\"@context\":\"https:\/\/schema.org\",\"@graph\":[{\"@type\":\"WebPage\",\"@id\":\"https:\/\/radiojingles24.com\/privacy\/\",\"url\":\"https:\/\/radiojingles24.com\/privacy\/\",\"name\":\"Radio Jingles 24: Radio Jingles | DJ Drops | Podcast Intros | Sung Jingles\",\"isPartOf\":{\"@id\":\"https:\/\/radiojingles24.com\/#website\"},\"datePublished\":\"2020-01-20T15:21:13+00:00\",\"description\":\"Radio Jingles, Sung Jingles, DJ Drops, and Podcast Intros for commercial, community and internet radio stations. UK Based. Prices from \u00a35. Order online.\",\"breadcrumb\":{\"@id\":\"https:\/\/radiojingles24.com\/privacy\/#breadcrumb\"},\"inLanguage\":\"de\",\"potentialAction\":[{\"@type\":\"ReadAction\",\"target\":[\"https:\/\/radiojingles24.com\/privacy\/\"]}]},{\"@type\":\"BreadcrumbList\",\"@id\":\"https:\/\/radiojingles24.com\/privacy\/#breadcrumb\",\"itemListElement\":[{\"@type\":\"ListItem\",\"position\":1,\"name\":\"Home\",\"item\":\"https:\/\/radiojingles24.com\/de\/\"},{\"@type\":\"ListItem\",\"position\":2,\"name\":\"Privacy\"}]},{\"@type\":\"WebSite\",\"@id\":\"https:\/\/radiojingles24.com\/#website\",\"url\":\"https:\/\/radiojingles24.com\/\",\"name\":\"Radio Jingles 24: Radio Jingles | DJ Drops | Podcast Intros | Sung Jingles\",\"description\":\"Radio Jingles, Sung Jingles, DJ Drops, and Podcast Intros for commercial, community and internet radio stations. UK Based. Prices from \u00a35. Order online.\",\"publisher\":{\"@id\":\"https:\/\/radiojingles24.com\/#organization\"},\"potentialAction\":[{\"@type\":\"SearchAction\",\"target\":{\"@type\":\"EntryPoint\",\"urlTemplate\":\"https:\/\/radiojingles24.com\/?s={search_term_string}\"},\"query-input\":{\"@type\":\"PropertyValueSpecification\",\"valueRequired\":true,\"valueName\":\"search_term_string\"}}],\"inLanguage\":\"de\"},{\"@type\":\"Organization\",\"@id\":\"https:\/\/radiojingles24.com\/#organization\",\"name\":\"Radio Jingles 24\",\"url\":\"https:\/\/radiojingles24.com\/\",\"logo\":{\"@type\":\"ImageObject\",\"inLanguage\":\"de\",\"@id\":\"https:\/\/radiojingles24.com\/#\/schema\/logo\/image\/\",\"url\":\"https:\/\/radiojingles24.com\/wp-content\/uploads\/2019\/11\/RadioJingle1-1.jpg\",\"contentUrl\":\"https:\/\/radiojingles24.com\/wp-content\/uploads\/2019\/11\/RadioJingle1-1.jpg\",\"width\":512,\"height\":158,\"caption\":\"Radio Jingles 24\"},\"image\":{\"@id\":\"https:\/\/radiojingles24.com\/#\/schema\/logo\/image\/\"},\"sameAs\":[\"https:\/\/www.facebook.com\/radiojingles24\/\",\"https:\/\/x.com\/radiojingles24\"]}]}<\/script>\n<!-- \/ Yoast SEO plugin. -->","yoast_head_json":{"title":"Radio Jingles 24: Radio Jingles | DJ Drops | Podcast Intros | Gesungene Jingles","description":"Radio Jingles, Sung Jingles, DJ Drops und Podcast Intros f\u00fcr kommerzielle, Community- und Internetradiosender. In Gro\u00dfbritannien ans\u00e4ssig. Preise ab \u00a3 5. Online bestellen.","robots":{"index":"index","follow":"follow","max-snippet":"max-snippet:-1","max-image-preview":"max-image-preview:large","max-video-preview":"max-video-preview:-1"},"canonical":"https:\/\/radiojingles24.com\/de\/privacy\/","og_locale":"de_DE","og_type":"article","og_title":"Radio Jingles 24: Radio Jingles | DJ Drops | Podcast Intros | Sung Jingles","og_description":"Radio Jingles, Sung Jingles, DJ Drops, and Podcast Intros for commercial, community and internet radio stations. UK Based. Prices from \u00a35. Order online.","og_url":"https:\/\/radiojingles24.com\/de\/privacy\/","og_site_name":"Radio Jingles 24: Radio Jingles | DJ Drops | Podcast Intros | Sung Jingles","article_publisher":"https:\/\/www.facebook.com\/radiojingles24\/","twitter_card":"summary_large_image","twitter_site":"@radiojingles24","twitter_misc":{"Gesch\u00e4tzte Lesezeit":"3\u00a0Minuten"},"schema":{"@context":"https:\/\/schema.org","@graph":[{"@type":"WebPage","@id":"https:\/\/radiojingles24.com\/privacy\/","url":"https:\/\/radiojingles24.com\/privacy\/","name":"Radio Jingles 24: Radio Jingles | DJ Drops | Podcast Intros | Gesungene Jingles","isPartOf":{"@id":"https:\/\/radiojingles24.com\/#website"},"datePublished":"2020-01-20T15:21:13+00:00","description":"Radio Jingles, Sung Jingles, DJ Drops und Podcast Intros f\u00fcr kommerzielle, Community- und Internetradiosender. In Gro\u00dfbritannien ans\u00e4ssig. Preise ab \u00a3 5. Online bestellen.","breadcrumb":{"@id":"https:\/\/radiojingles24.com\/privacy\/#breadcrumb"},"inLanguage":"de","potentialAction":[{"@type":"ReadAction","target":["https:\/\/radiojingles24.com\/privacy\/"]}]},{"@type":"BreadcrumbList","@id":"https:\/\/radiojingles24.com\/privacy\/#breadcrumb","itemListElement":[{"@type":"ListItem","position":1,"name":"Home","item":"https:\/\/radiojingles24.com\/de\/"},{"@type":"ListItem","position":2,"name":"Privacy"}]},{"@type":"WebSite","@id":"https:\/\/radiojingles24.com\/#website","url":"https:\/\/radiojingles24.com\/","name":"Radio Jingles 24: Radio Jingles | DJ Drops | Podcast Intros | Gesungene Jingles","description":"Radio Jingles, Sung Jingles, DJ Drops und Podcast Intros f\u00fcr kommerzielle, Community- und Internetradiosender. In Gro\u00dfbritannien ans\u00e4ssig. Preise ab \u00a3 5. Online bestellen.","publisher":{"@id":"https:\/\/radiojingles24.com\/#organization"},"potentialAction":[{"@type":"SearchAction","target":{"@type":"EntryPoint","urlTemplate":"https:\/\/radiojingles24.com\/?s={search_term_string}"},"query-input":{"@type":"PropertyValueSpecification","valueRequired":true,"valueName":"search_term_string"}}],"inLanguage":"de"},{"@type":"Organization","@id":"https:\/\/radiojingles24.com\/#organization","name":"Radio Jingles 24","url":"https:\/\/radiojingles24.com\/","logo":{"@type":"ImageObject","inLanguage":"de","@id":"https:\/\/radiojingles24.com\/#\/schema\/logo\/image\/","url":"https:\/\/radiojingles24.com\/wp-content\/uploads\/2019\/11\/RadioJingle1-1.jpg","contentUrl":"https:\/\/radiojingles24.com\/wp-content\/uploads\/2019\/11\/RadioJingle1-1.jpg","width":512,"height":158,"caption":"Radio Jingles 24"},"image":{"@id":"https:\/\/radiojingles24.com\/#\/schema\/logo\/image\/"},"sameAs":["https:\/\/www.facebook.com\/radiojingles24\/","https:\/\/x.com\/radiojingles24"]}]}},"jetpack_sharing_enabled":true,"_links":{"self":[{"href":"https:\/\/radiojingles24.com\/de\/wp-json\/wp\/v2\/pages\/12780","targetHints":{"allow":["GET"]}}],"collection":[{"href":"https:\/\/radiojingles24.com\/de\/wp-json\/wp\/v2\/pages"}],"about":[{"href":"https:\/\/radiojingles24.com\/de\/wp-json\/wp\/v2\/types\/page"}],"author":[{"embeddable":true,"href":"https:\/\/radiojingles24.com\/de\/wp-json\/wp\/v2\/users\/1"}],"replies":[{"embeddable":true,"href":"https:\/\/radiojingles24.com\/de\/wp-json\/wp\/v2\/comments?post=12780"}],"version-history":[{"count":1,"href":"https:\/\/radiojingles24.com\/de\/wp-json\/wp\/v2\/pages\/12780\/revisions"}],"predecessor-version":[{"id":12781,"href":"https:\/\/radiojingles24.com\/de\/wp-json\/wp\/v2\/pages\/12780\/revisions\/12781"}],"wp:attachment":[{"href":"https:\/\/radiojingles24.com\/de\/wp-json\/wp\/v2\/media?parent=12780"}],"curies":[{"name":"wp","href":"https:\/\/api.w.org\/{rel}","templated":true}]}}