{"id":28621,"date":"2020-07-03T11:00:40","date_gmt":"2020-07-03T11:00:40","guid":{"rendered":"https:\/\/radiojingles24.com\/?page_id=28621"},"modified":"2020-07-20T08:55:35","modified_gmt":"2020-07-20T08:55:35","slug":"how-to-create-a-jingle","status":"publish","type":"page","link":"https:\/\/radiojingles24.com\/de\/how-to-create-a-jingle\/","title":{"rendered":"So erstellen Sie einen Jingle"},"content":{"rendered":"<h1>So erstellen Sie einen Jingle<\/h1>\n<p><span style=\"font-weight: 400;\">Sie haben nach einer M\u00f6glichkeit gesucht, Ihre Radiosendung zu unterzeichnen, konnten aber nicht das perfekte Outro finden? Sie werden sich freuen zu h\u00f6ren, dass Ihre Suche ein Ende hat. Durch die Zusammenarbeit mit Radio Jingles 24 haben Sie ein Unternehmen, das Ihnen gerne weiterhilft. Unser talentiertes Team von Fachleuten beherrscht eine Reihe von verschiedenen Bereichen, so dass wir mehr als in der Lage sind, auf die Bed\u00fcrfnisse unserer Kunden einzugehen. F\u00fcr diejenigen unter Ihnen, die ein wenig mehr erfahren m\u00f6chten, wenden Sie sich bitte an einen unserer Vertreter \u2013 unsere Website <\/span><a href=\"https:\/\/radiojingles24.com\/de\/contact-us\/\"><span style=\"font-weight: 400;\">Kontaktseite<\/span><\/a><span style=\"font-weight: 400;\"> enth\u00e4lt alle relevanten Informationen und wir beantworten gerne alle Ihre Fragen. <\/span><span style=\"font-weight: 400;\"><br \/>\n<\/span><span style=\"font-weight: 400;\"><br \/>\n<\/span><b>Was ist ein Jingle?<\/b><span style=\"font-weight: 400;\"><br \/>\n<\/span><span style=\"font-weight: 400;\"><br \/>\n<\/span><span style=\"font-weight: 400;\">F\u00fcr alle, die es bisher nicht wussten, ist ein Jingle ein modernes Werkzeug im Marketing, das so eingesetzt wird, dass eine bestimmte Dienstleistung oder ein bestimmtes Produkt beworben wird. Diese integrieren in der Regel den Slogan eines Unternehmens in den Jingle, da dies auch die allgemeine Markenbekanntheit erh\u00f6ht. Viele Firmen entscheiden sich daf\u00fcr, Drittanbieter mit der Erstellung dieser Jingles zu beauftragen, da sie selbst nicht wissen, wie man einen Jingle erstellt. Wenn dies die Situation ist, in der Sie sich befinden, suchen Sie bei Radio Jingles 24 nach Hilfe.<\/span><span style=\"font-weight: 400;\"><br \/>\n<\/span><span style=\"font-weight: 400;\"><br \/>\n<\/span><b>Welche Dienstleistungen erbringen wir?<\/b><span style=\"font-weight: 400;\"><br \/>\n<\/span><span style=\"font-weight: 400;\"><br \/>\n<\/span><span style=\"font-weight: 400;\">Uns ist bewusst, dass es aufgrund des Nischencharakters unserer Dienstleistungen wahrscheinlich unz\u00e4hlige Kunden gibt, die ohne Vorkenntnisse \u00fcber die Erstellung eines Jingles zu uns kommen. Wenn Sie zum Thema Jingles zu uns kommen, haben Sie zwei M\u00f6glichkeiten \u2013 Sie k\u00f6nnen entweder einen unserer Sprecher verwenden, um einen Klassiker zu erstellen <\/span><a href=\"https:\/\/radiojingles24.com\/de\/produkt\/spoken-audio\/\"><span style=\"font-weight: 400;\">Jingle mit gesprochenem Wort<\/span><\/a><span style=\"font-weight: 400;\">, oder Sie k\u00f6nnen sich f\u00fcr eine modernere Version mit einem Jingle entscheiden, der enth\u00e4lt <\/span><a href=\"https:\/\/radiojingles24.com\/de\/produkt\/sung-audio\/\"><span style=\"font-weight: 400;\">Singen<\/span><\/a><span style=\"font-weight: 400;\">. Bei jeder Option haben Sie die M\u00f6glichkeit, einen S\u00e4nger auszuw\u00e4hlen; Es gibt verschiedene Muster von jedem unserer Teammitglieder, damit Sie eine fundierte Wahl treffen k\u00f6nnen. Von dort aus k\u00f6nnen Sie den Jingle-Stil ausw\u00e4hlen, den Sie erstellen m\u00f6chten.\u00a0<\/span><\/p>\n<p><span style=\"font-weight: 400;\"><br \/>\n<\/span><b>Warum sollten Sie mit Radio Jingles 24 arbeiten?<\/b><span style=\"font-weight: 400;\"><br \/>\n<\/span><span style=\"font-weight: 400;\"><br \/>\n<\/span><span style=\"font-weight: 400;\">Wenn Sie zu Radio Jingles 24 kommen, haben Sie die M\u00f6glichkeit, mit einem Unternehmen zusammenzuarbeiten, das im Laufe der Jahre das Privileg hatte, an verschiedenen Projekten mitzuarbeiten. Ein Team, das gr\u00f6\u00dftenteils seit Jahrzehnten im kommerziellen Radio t\u00e4tig ist und es in- und auswendig kennt. Ein Team, das wei\u00df, was in Sachen Bildgebung funktioniert und was nicht! Diese Erfahrungen haben es uns erm\u00f6glicht, unsere F\u00e4higkeiten auf diesem Gebiet zu verbessern, und wir gelten als Experten in der Kunst, einen Jingle zu erstellen. Wir haben einen ausgezeichneten Ruf f\u00fcr unseren Kundensupport und unsere Zuverl\u00e4ssigkeit, auf die wir mit jedem Kunden, mit dem wir zusammenarbeiten, sehr stolz sind.\u00a0<\/span><\/p>\n<p><span style=\"font-weight: 400;\">Wenn Sie mit einem Mitglied unseres Teams \u00fcber die Erstellung eines Jingles sprechen m\u00f6chten, helfen wir Ihnen gerne weiter. Bitte senden Sie eine E-Mail an <\/span><a href=\"mailto:info@radiojingles24.com\"><span style=\"font-weight: 400;\">info@radiojingles24.com<\/span><\/a><span style=\"font-weight: 400;\">, oder f\u00fcllen Sie das Kontaktformular auf unserem <\/span><a href=\"https:\/\/radiojingles24.com\/de\/contact-us\/\"><span style=\"font-weight: 400;\">Webseite<\/span><\/a><span style=\"font-weight: 400;\">. Geben Sie alle Ihre relevanten Informationen an und jemand wird sich bei Ihnen melden und alle Ihre Fragen beantworten. <\/span><span style=\"font-weight: 400;\"><br \/>\n<\/span><\/p>","protected":false},"excerpt":{"rendered":"<p>So erstellen Sie einen Jingle Haben Sie nach einer M\u00f6glichkeit gesucht, sich von Ihrer Radiosendung abzumelden, konnten aber nicht \u2026<\/p>","protected":false},"author":1,"featured_media":0,"parent":0,"menu_order":0,"comment_status":"closed","ping_status":"closed","template":"","meta":{"_exactmetrics_skip_tracking":false,"_exactmetrics_sitenote_active":false,"_exactmetrics_sitenote_note":"","_exactmetrics_sitenote_category":0,"footnotes":""},"class_list":["post-28621","page","type-page","status-publish"],"yoast_head":"<!-- This site is optimized with the Yoast SEO plugin v26.8 - https:\/\/yoast.com\/product\/yoast-seo-wordpress\/ -->\n<title>Radio Jingles 24: Radio Jingles | DJ Drops | Podcast Intros | Sung Jingles<\/title>\n<meta name=\"description\" content=\"Radio Jingles, Sung Jingles, DJ Drops, and Podcast Intros for commercial, community and internet radio stations. UK Based. Prices from \u00a35. Order online.\" \/>\n<meta name=\"robots\" content=\"index, follow, max-snippet:-1, max-image-preview:large, max-video-preview:-1\" \/>\n<link rel=\"canonical\" href=\"https:\/\/radiojingles24.com\/de\/how-to-create-a-jingle\/\" \/>\n<meta property=\"og:locale\" content=\"de_DE\" \/>\n<meta property=\"og:type\" content=\"article\" \/>\n<meta property=\"og:title\" content=\"Radio Jingles 24: Radio Jingles | DJ Drops | Podcast Intros | Sung Jingles\" \/>\n<meta property=\"og:description\" content=\"Radio Jingles, Sung Jingles, DJ Drops, and Podcast Intros for commercial, community and internet radio stations. UK Based. Prices from \u00a35. Order online.\" \/>\n<meta property=\"og:url\" content=\"https:\/\/radiojingles24.com\/de\/how-to-create-a-jingle\/\" \/>\n<meta property=\"og:site_name\" content=\"Radio Jingles 24: Radio Jingles | DJ Drops | Podcast Intros | Sung Jingles\" \/>\n<meta property=\"article:publisher\" content=\"https:\/\/www.facebook.com\/radiojingles24\/\" \/>\n<meta property=\"article:modified_time\" content=\"2020-07-20T08:55:35+00:00\" \/>\n<meta name=\"twitter:card\" content=\"summary_large_image\" \/>\n<meta name=\"twitter:site\" content=\"@radiojingles24\" \/>\n<meta name=\"twitter:label1\" content=\"Gesch\u00e4tzte Lesezeit\" \/>\n\t<meta name=\"twitter:data1\" content=\"3\u00a0Minuten\" \/>\n<script type=\"application\/ld+json\" class=\"yoast-schema-graph\">{\"@context\":\"https:\/\/schema.org\",\"@graph\":[{\"@type\":\"WebPage\",\"@id\":\"https:\/\/radiojingles24.com\/how-to-create-a-jingle\/\",\"url\":\"https:\/\/radiojingles24.com\/how-to-create-a-jingle\/\",\"name\":\"Radio Jingles 24: Radio Jingles | DJ Drops | Podcast Intros | Sung Jingles\",\"isPartOf\":{\"@id\":\"https:\/\/radiojingles24.com\/#website\"},\"datePublished\":\"2020-07-03T11:00:40+00:00\",\"dateModified\":\"2020-07-20T08:55:35+00:00\",\"description\":\"Radio Jingles, Sung Jingles, DJ Drops, and Podcast Intros for commercial, community and internet radio stations. UK Based. Prices from \u00a35. Order online.\",\"breadcrumb\":{\"@id\":\"https:\/\/radiojingles24.com\/how-to-create-a-jingle\/#breadcrumb\"},\"inLanguage\":\"de\",\"potentialAction\":[{\"@type\":\"ReadAction\",\"target\":[\"https:\/\/radiojingles24.com\/how-to-create-a-jingle\/\"]}]},{\"@type\":\"BreadcrumbList\",\"@id\":\"https:\/\/radiojingles24.com\/how-to-create-a-jingle\/#breadcrumb\",\"itemListElement\":[{\"@type\":\"ListItem\",\"position\":1,\"name\":\"Home\",\"item\":\"https:\/\/radiojingles24.com\/de\/\"},{\"@type\":\"ListItem\",\"position\":2,\"name\":\"How to Create a Jingle\"}]},{\"@type\":\"WebSite\",\"@id\":\"https:\/\/radiojingles24.com\/#website\",\"url\":\"https:\/\/radiojingles24.com\/\",\"name\":\"Radio Jingles 24: Radio Jingles | DJ Drops | Podcast Intros | Sung Jingles\",\"description\":\"Radio Jingles, Sung Jingles, DJ Drops, and Podcast Intros for commercial, community and internet radio stations. UK Based. Prices from \u00a35. Order online.\",\"publisher\":{\"@id\":\"https:\/\/radiojingles24.com\/#organization\"},\"potentialAction\":[{\"@type\":\"SearchAction\",\"target\":{\"@type\":\"EntryPoint\",\"urlTemplate\":\"https:\/\/radiojingles24.com\/?s={search_term_string}\"},\"query-input\":{\"@type\":\"PropertyValueSpecification\",\"valueRequired\":true,\"valueName\":\"search_term_string\"}}],\"inLanguage\":\"de\"},{\"@type\":\"Organization\",\"@id\":\"https:\/\/radiojingles24.com\/#organization\",\"name\":\"Radio Jingles 24\",\"url\":\"https:\/\/radiojingles24.com\/\",\"logo\":{\"@type\":\"ImageObject\",\"inLanguage\":\"de\",\"@id\":\"https:\/\/radiojingles24.com\/#\/schema\/logo\/image\/\",\"url\":\"https:\/\/radiojingles24.com\/wp-content\/uploads\/2019\/11\/RadioJingle1-1.jpg\",\"contentUrl\":\"https:\/\/radiojingles24.com\/wp-content\/uploads\/2019\/11\/RadioJingle1-1.jpg\",\"width\":512,\"height\":158,\"caption\":\"Radio Jingles 24\"},\"image\":{\"@id\":\"https:\/\/radiojingles24.com\/#\/schema\/logo\/image\/\"},\"sameAs\":[\"https:\/\/www.facebook.com\/radiojingles24\/\",\"https:\/\/x.com\/radiojingles24\"]}]}<\/script>\n<!-- \/ Yoast SEO plugin. -->","yoast_head_json":{"title":"Radio Jingles 24: Radio Jingles | DJ Drops | Podcast Intros | Gesungene Jingles","description":"Radio Jingles, Sung Jingles, DJ Drops und Podcast Intros f\u00fcr kommerzielle, Community- und Internetradiosender. In Gro\u00dfbritannien ans\u00e4ssig. Preise ab \u00a3 5. Online bestellen.","robots":{"index":"index","follow":"follow","max-snippet":"max-snippet:-1","max-image-preview":"max-image-preview:large","max-video-preview":"max-video-preview:-1"},"canonical":"https:\/\/radiojingles24.com\/de\/how-to-create-a-jingle\/","og_locale":"de_DE","og_type":"article","og_title":"Radio Jingles 24: Radio Jingles | DJ Drops | Podcast Intros | Sung Jingles","og_description":"Radio Jingles, Sung Jingles, DJ Drops, and Podcast Intros for commercial, community and internet radio stations. UK Based. Prices from \u00a35. Order online.","og_url":"https:\/\/radiojingles24.com\/de\/how-to-create-a-jingle\/","og_site_name":"Radio Jingles 24: Radio Jingles | DJ Drops | Podcast Intros | Sung Jingles","article_publisher":"https:\/\/www.facebook.com\/radiojingles24\/","article_modified_time":"2020-07-20T08:55:35+00:00","twitter_card":"summary_large_image","twitter_site":"@radiojingles24","twitter_misc":{"Gesch\u00e4tzte Lesezeit":"3\u00a0Minuten"},"schema":{"@context":"https:\/\/schema.org","@graph":[{"@type":"WebPage","@id":"https:\/\/radiojingles24.com\/how-to-create-a-jingle\/","url":"https:\/\/radiojingles24.com\/how-to-create-a-jingle\/","name":"Radio Jingles 24: Radio Jingles | DJ Drops | Podcast Intros | Gesungene Jingles","isPartOf":{"@id":"https:\/\/radiojingles24.com\/#website"},"datePublished":"2020-07-03T11:00:40+00:00","dateModified":"2020-07-20T08:55:35+00:00","description":"Radio Jingles, Sung Jingles, DJ Drops und Podcast Intros f\u00fcr kommerzielle, Community- und Internetradiosender. In Gro\u00dfbritannien ans\u00e4ssig. Preise ab \u00a3 5. Online bestellen.","breadcrumb":{"@id":"https:\/\/radiojingles24.com\/how-to-create-a-jingle\/#breadcrumb"},"inLanguage":"de","potentialAction":[{"@type":"ReadAction","target":["https:\/\/radiojingles24.com\/how-to-create-a-jingle\/"]}]},{"@type":"BreadcrumbList","@id":"https:\/\/radiojingles24.com\/how-to-create-a-jingle\/#breadcrumb","itemListElement":[{"@type":"ListItem","position":1,"name":"Home","item":"https:\/\/radiojingles24.com\/de\/"},{"@type":"ListItem","position":2,"name":"How to Create a Jingle"}]},{"@type":"WebSite","@id":"https:\/\/radiojingles24.com\/#website","url":"https:\/\/radiojingles24.com\/","name":"Radio Jingles 24: Radio Jingles | DJ Drops | Podcast Intros | Gesungene Jingles","description":"Radio Jingles, Sung Jingles, DJ Drops und Podcast Intros f\u00fcr kommerzielle, Community- und Internetradiosender. In Gro\u00dfbritannien ans\u00e4ssig. Preise ab \u00a3 5. Online bestellen.","publisher":{"@id":"https:\/\/radiojingles24.com\/#organization"},"potentialAction":[{"@type":"SearchAction","target":{"@type":"EntryPoint","urlTemplate":"https:\/\/radiojingles24.com\/?s={search_term_string}"},"query-input":{"@type":"PropertyValueSpecification","valueRequired":true,"valueName":"search_term_string"}}],"inLanguage":"de"},{"@type":"Organization","@id":"https:\/\/radiojingles24.com\/#organization","name":"Radio Jingles 24","url":"https:\/\/radiojingles24.com\/","logo":{"@type":"ImageObject","inLanguage":"de","@id":"https:\/\/radiojingles24.com\/#\/schema\/logo\/image\/","url":"https:\/\/radiojingles24.com\/wp-content\/uploads\/2019\/11\/RadioJingle1-1.jpg","contentUrl":"https:\/\/radiojingles24.com\/wp-content\/uploads\/2019\/11\/RadioJingle1-1.jpg","width":512,"height":158,"caption":"Radio Jingles 24"},"image":{"@id":"https:\/\/radiojingles24.com\/#\/schema\/logo\/image\/"},"sameAs":["https:\/\/www.facebook.com\/radiojingles24\/","https:\/\/x.com\/radiojingles24"]}]}},"jetpack_sharing_enabled":true,"_links":{"self":[{"href":"https:\/\/radiojingles24.com\/de\/wp-json\/wp\/v2\/pages\/28621","targetHints":{"allow":["GET"]}}],"collection":[{"href":"https:\/\/radiojingles24.com\/de\/wp-json\/wp\/v2\/pages"}],"about":[{"href":"https:\/\/radiojingles24.com\/de\/wp-json\/wp\/v2\/types\/page"}],"author":[{"embeddable":true,"href":"https:\/\/radiojingles24.com\/de\/wp-json\/wp\/v2\/users\/1"}],"replies":[{"embeddable":true,"href":"https:\/\/radiojingles24.com\/de\/wp-json\/wp\/v2\/comments?post=28621"}],"version-history":[{"count":2,"href":"https:\/\/radiojingles24.com\/de\/wp-json\/wp\/v2\/pages\/28621\/revisions"}],"predecessor-version":[{"id":28898,"href":"https:\/\/radiojingles24.com\/de\/wp-json\/wp\/v2\/pages\/28621\/revisions\/28898"}],"wp:attachment":[{"href":"https:\/\/radiojingles24.com\/de\/wp-json\/wp\/v2\/media?parent=28621"}],"curies":[{"name":"wp","href":"https:\/\/api.w.org\/{rel}","templated":true}]}}