{"id":28623,"date":"2020-07-03T11:04:32","date_gmt":"2020-07-03T11:04:32","guid":{"rendered":"https:\/\/radiojingles24.com\/?page_id=28623"},"modified":"2020-07-20T08:55:27","modified_gmt":"2020-07-20T08:55:27","slug":"online-jingle-maker","status":"publish","type":"page","link":"https:\/\/radiojingles24.com\/de\/online-jingle-maker\/","title":{"rendered":"Online Jingle Maker"},"content":{"rendered":"<h1>Online Jingle Maker<\/h1>\n<p><span style=\"font-weight: 400;\">Haben Sie nach einem Online-Jingle-Maker gesucht? Willkommen bei Radio Jingles 24. Wir sind ein engagiertes Unternehmen, das \u00fcber mehr als zehn Jahre Erfahrung in der Erstellung hypnotisierender Audiost\u00fccke verf\u00fcgt. Es wird Ihnen schwer fallen, eine Firma zu finden, die zu unseren Premium-Services passt. Wenn Sie sich weiter erkundigen m\u00f6chten, wie wir Ihnen helfen k\u00f6nnen, verwenden Sie bitte die Informationen auf unserer Website <\/span><a href=\"https:\/\/radiojingles24.com\/de\/contact-us\/\"><span style=\"font-weight: 400;\">Kontaktseite<\/span><\/a><span style=\"font-weight: 400;\"> um ein Mitglied unseres Teams zu erreichen. F\u00fcr Fragen stehen wir Ihnen gerne zur Verf\u00fcgung. <\/span><span style=\"font-weight: 400;\"><br \/>\n<\/span><span style=\"font-weight: 400;\"><br \/>\n<\/span><b>Warum sollten Sie einen Jingle kaufen?\u00a0<\/b><\/p>\n<p><span style=\"font-weight: 400;\">Obwohl Sie es vielleicht nicht anerkennen, ist die Wahrheit der Sache: In der Welt der Werbung ist es schwer, sich eine bessere Art der Vermarktung eines Produkts oder einer Dienstleistung vorzustellen, als die Verwendung eines eing\u00e4ngigen Jingles. Unabh\u00e4ngig davon, ob es im Radio oder im Fernsehen gespielt wird, k\u00f6nnen Sie die Belohnungen sofort genie\u00dfen, wenn Sie es schaffen, eine wirklich ansteckende Melodie zu erstellen. Das Erinnern an ein Produkt ist einfacher, wenn es mit einem Ohrwurm und einfachen, einpr\u00e4gsamen Texten verbunden ist.\u00a0<\/span><\/p>\n<p><span style=\"font-weight: 400;\">Durch die Kombination von Elementen aus Musik, Voice-Over und Soundeffekten erzielen Sie ein fertiges Produkt, das nicht nur den Ruf Ihrer Marke st\u00e4rkt, sondern auch Ihre Bekanntheit im ganzen Land erheblich verbessert. Wenn Sie nach einem Online-Jingle-Hersteller gesucht haben, k\u00f6nnen Sie sich von Radio Jingles 24 unterst\u00fctzen lassen.\u00a0<\/span><\/p>\n<p><b>Was k\u00f6nnen wir dir anbieten?<\/b><span style=\"font-weight: 400;\"><br \/>\n<\/span><span style=\"font-weight: 400;\"><br \/>\n<\/span><span style=\"font-weight: 400;\">F\u00fcr uns spielt es keine Rolle, ob Sie einen unserer Vorteile nutzen m\u00f6chten <\/span><a href=\"https:\/\/radiojingles24.com\/de\/produkt-kategorie\/dj-drops\/\"><span style=\"font-weight: 400;\">DJ-Pakete<\/span><\/a><span style=\"font-weight: 400;\">, oder Sie suchen nach einem denkw\u00fcrdigen Weg, um Ihre zu schlie\u00dfen <\/span><a href=\"https:\/\/radiojingles24.com\/de\/produkt-kategorie\/podcast-intro\/\"><span style=\"font-weight: 400;\">Podcast<\/span><\/a><span style=\"font-weight: 400;\">. Unsere Mission war es immer, fesselnde Inhalte zu erstellen, die Ihr Publikum ansprechen. Wir k\u00f6nnen Ihnen helfen, Ihren eigenen Jingle zu erstellen und ihn innerhalb von 24 Stunden, 7 Tage die Woche liefern zu lassen.\u00a0<\/span><\/p>\n<p><span style=\"font-weight: 400;\">Nachdem die Verbraucher im Rahmen einer Marketingkampagne mehrmals einen Jingle geh\u00f6rt haben, erstellen sie h\u00e4ufig ihre eigene Wiederholung, summen die Melodie oder singen die W\u00f6rter in ihrem Kopf. Jingles haben normalerweise auch eine musikalische Melodie, was bedeutet, dass der H\u00f6rer mehr daraus machen wird, wenn er die eing\u00e4ngige Melodie h\u00f6rt. Ein guter Jingle ist einzigartig, macht Spa\u00df und ist vor allem unvergesslich. Dann k\u00f6nnen wir Ihnen helfen.<\/span><\/p>\n<p><b>M\u00f6chten Sie Radio Jingles 24 kontaktieren?\u00a0<\/b><\/p>\n<p><span style=\"font-weight: 400;\">Als Organisation haben wir einen au\u00dfergew\u00f6hnlichen Ruf f\u00fcr unseren Kundenservice und unsere Zuverl\u00e4ssigkeit. Wir k\u00f6nnen jedem helfen, der schnell und professionell etwas zum Ausdruck bringen m\u00f6chte, da wir genau verstehen, wie wichtig das Branding eines Produkts ist, um sich von der Masse abzuheben und wirklich Wirkung zu erzielen. Nichts st\u00e4rkt Ihr Image so sehr wie eine konsistente, qualitativ hochwertige Botschaft. Nehmen Sie Kontakt mit einem Mitglied unseres Teams auf.\u00a0<\/span><\/p>\n<p><span style=\"font-weight: 400;\">Um mehr \u00fcber unseren Online-Jingle-Hersteller und andere von uns angebotene Dienstleistungen zu erfahren, wenden Sie sich bitte an Radio Jingles 24. Sie k\u00f6nnen uns gerne eine E-Mail an senden <\/span><a href=\"mailto:info@radiojingles24.com\"><span style=\"font-weight: 400;\">info@radiojingles24.com<\/span><\/a><span style=\"font-weight: 400;\"> oder f\u00fcllen Sie das Kontaktformular auf unserer aus <\/span><a href=\"https:\/\/radiojingles24.com\/de\/contact-us\/\"><span style=\"font-weight: 400;\">Webseite<\/span><\/a><span style=\"font-weight: 400;\">und wir werden uns so schnell wie m\u00f6glich bei Ihnen melden.\u00a0<\/span><\/p>","protected":false},"excerpt":{"rendered":"<p>Online-Jingle-Maker Haben Sie nach einem Online-Jingle-Maker gesucht? Willkommen bei Radio Jingles 24. Wir sind ein engagiertes Unternehmen, das mehr hat\u2026<\/p>","protected":false},"author":1,"featured_media":0,"parent":0,"menu_order":0,"comment_status":"closed","ping_status":"closed","template":"","meta":{"_exactmetrics_skip_tracking":false,"_exactmetrics_sitenote_active":false,"_exactmetrics_sitenote_note":"","_exactmetrics_sitenote_category":0,"footnotes":""},"class_list":["post-28623","page","type-page","status-publish"],"yoast_head":"<!-- This site is optimized with the Yoast SEO plugin v26.8 - https:\/\/yoast.com\/product\/yoast-seo-wordpress\/ -->\n<title>Radio Jingles 24: Radio Jingles | DJ Drops | Podcast Intros | Sung Jingles<\/title>\n<meta name=\"description\" content=\"Radio Jingles, Sung Jingles, DJ Drops, and Podcast Intros for commercial, community and internet radio stations. UK Based. Prices from \u00a35. Order online.\" \/>\n<meta name=\"robots\" content=\"index, follow, max-snippet:-1, max-image-preview:large, max-video-preview:-1\" \/>\n<link rel=\"canonical\" href=\"https:\/\/radiojingles24.com\/de\/online-jingle-maker\/\" \/>\n<meta property=\"og:locale\" content=\"de_DE\" \/>\n<meta property=\"og:type\" content=\"article\" \/>\n<meta property=\"og:title\" content=\"Radio Jingles 24: Radio Jingles | DJ Drops | Podcast Intros | Sung Jingles\" \/>\n<meta property=\"og:description\" content=\"Radio Jingles, Sung Jingles, DJ Drops, and Podcast Intros for commercial, community and internet radio stations. UK Based. Prices from \u00a35. Order online.\" \/>\n<meta property=\"og:url\" content=\"https:\/\/radiojingles24.com\/de\/online-jingle-maker\/\" \/>\n<meta property=\"og:site_name\" content=\"Radio Jingles 24: Radio Jingles | DJ Drops | Podcast Intros | Sung Jingles\" \/>\n<meta property=\"article:publisher\" content=\"https:\/\/www.facebook.com\/radiojingles24\/\" \/>\n<meta property=\"article:modified_time\" content=\"2020-07-20T08:55:27+00:00\" \/>\n<meta name=\"twitter:card\" content=\"summary_large_image\" \/>\n<meta name=\"twitter:site\" content=\"@radiojingles24\" \/>\n<meta name=\"twitter:label1\" content=\"Gesch\u00e4tzte Lesezeit\" \/>\n\t<meta name=\"twitter:data1\" content=\"3\u00a0Minuten\" \/>\n<script type=\"application\/ld+json\" class=\"yoast-schema-graph\">{\"@context\":\"https:\/\/schema.org\",\"@graph\":[{\"@type\":\"WebPage\",\"@id\":\"https:\/\/radiojingles24.com\/online-jingle-maker\/\",\"url\":\"https:\/\/radiojingles24.com\/online-jingle-maker\/\",\"name\":\"Radio Jingles 24: Radio Jingles | DJ Drops | Podcast Intros | Sung Jingles\",\"isPartOf\":{\"@id\":\"https:\/\/radiojingles24.com\/#website\"},\"datePublished\":\"2020-07-03T11:04:32+00:00\",\"dateModified\":\"2020-07-20T08:55:27+00:00\",\"description\":\"Radio Jingles, Sung Jingles, DJ Drops, and Podcast Intros for commercial, community and internet radio stations. UK Based. Prices from \u00a35. Order online.\",\"breadcrumb\":{\"@id\":\"https:\/\/radiojingles24.com\/online-jingle-maker\/#breadcrumb\"},\"inLanguage\":\"de\",\"potentialAction\":[{\"@type\":\"ReadAction\",\"target\":[\"https:\/\/radiojingles24.com\/online-jingle-maker\/\"]}]},{\"@type\":\"BreadcrumbList\",\"@id\":\"https:\/\/radiojingles24.com\/online-jingle-maker\/#breadcrumb\",\"itemListElement\":[{\"@type\":\"ListItem\",\"position\":1,\"name\":\"Home\",\"item\":\"https:\/\/radiojingles24.com\/de\/\"},{\"@type\":\"ListItem\",\"position\":2,\"name\":\"Online Jingle Maker\"}]},{\"@type\":\"WebSite\",\"@id\":\"https:\/\/radiojingles24.com\/#website\",\"url\":\"https:\/\/radiojingles24.com\/\",\"name\":\"Radio Jingles 24: Radio Jingles | DJ Drops | Podcast Intros | Sung Jingles\",\"description\":\"Radio Jingles, Sung Jingles, DJ Drops, and Podcast Intros for commercial, community and internet radio stations. UK Based. Prices from \u00a35. Order online.\",\"publisher\":{\"@id\":\"https:\/\/radiojingles24.com\/#organization\"},\"potentialAction\":[{\"@type\":\"SearchAction\",\"target\":{\"@type\":\"EntryPoint\",\"urlTemplate\":\"https:\/\/radiojingles24.com\/?s={search_term_string}\"},\"query-input\":{\"@type\":\"PropertyValueSpecification\",\"valueRequired\":true,\"valueName\":\"search_term_string\"}}],\"inLanguage\":\"de\"},{\"@type\":\"Organization\",\"@id\":\"https:\/\/radiojingles24.com\/#organization\",\"name\":\"Radio Jingles 24\",\"url\":\"https:\/\/radiojingles24.com\/\",\"logo\":{\"@type\":\"ImageObject\",\"inLanguage\":\"de\",\"@id\":\"https:\/\/radiojingles24.com\/#\/schema\/logo\/image\/\",\"url\":\"https:\/\/radiojingles24.com\/wp-content\/uploads\/2019\/11\/RadioJingle1-1.jpg\",\"contentUrl\":\"https:\/\/radiojingles24.com\/wp-content\/uploads\/2019\/11\/RadioJingle1-1.jpg\",\"width\":512,\"height\":158,\"caption\":\"Radio Jingles 24\"},\"image\":{\"@id\":\"https:\/\/radiojingles24.com\/#\/schema\/logo\/image\/\"},\"sameAs\":[\"https:\/\/www.facebook.com\/radiojingles24\/\",\"https:\/\/x.com\/radiojingles24\"]}]}<\/script>\n<!-- \/ Yoast SEO plugin. -->","yoast_head_json":{"title":"Radio Jingles 24: Radio Jingles | DJ Drops | Podcast Intros | Gesungene Jingles","description":"Radio Jingles, Sung Jingles, DJ Drops und Podcast Intros f\u00fcr kommerzielle, Community- und Internetradiosender. In Gro\u00dfbritannien ans\u00e4ssig. Preise ab \u00a3 5. Online bestellen.","robots":{"index":"index","follow":"follow","max-snippet":"max-snippet:-1","max-image-preview":"max-image-preview:large","max-video-preview":"max-video-preview:-1"},"canonical":"https:\/\/radiojingles24.com\/de\/online-jingle-maker\/","og_locale":"de_DE","og_type":"article","og_title":"Radio Jingles 24: Radio Jingles | DJ Drops | Podcast Intros | Sung Jingles","og_description":"Radio Jingles, Sung Jingles, DJ Drops, and Podcast Intros for commercial, community and internet radio stations. UK Based. Prices from \u00a35. Order online.","og_url":"https:\/\/radiojingles24.com\/de\/online-jingle-maker\/","og_site_name":"Radio Jingles 24: Radio Jingles | DJ Drops | Podcast Intros | Sung Jingles","article_publisher":"https:\/\/www.facebook.com\/radiojingles24\/","article_modified_time":"2020-07-20T08:55:27+00:00","twitter_card":"summary_large_image","twitter_site":"@radiojingles24","twitter_misc":{"Gesch\u00e4tzte Lesezeit":"3\u00a0Minuten"},"schema":{"@context":"https:\/\/schema.org","@graph":[{"@type":"WebPage","@id":"https:\/\/radiojingles24.com\/online-jingle-maker\/","url":"https:\/\/radiojingles24.com\/online-jingle-maker\/","name":"Radio Jingles 24: Radio Jingles | DJ Drops | Podcast Intros | Gesungene Jingles","isPartOf":{"@id":"https:\/\/radiojingles24.com\/#website"},"datePublished":"2020-07-03T11:04:32+00:00","dateModified":"2020-07-20T08:55:27+00:00","description":"Radio Jingles, Sung Jingles, DJ Drops und Podcast Intros f\u00fcr kommerzielle, Community- und Internetradiosender. In Gro\u00dfbritannien ans\u00e4ssig. Preise ab \u00a3 5. Online bestellen.","breadcrumb":{"@id":"https:\/\/radiojingles24.com\/online-jingle-maker\/#breadcrumb"},"inLanguage":"de","potentialAction":[{"@type":"ReadAction","target":["https:\/\/radiojingles24.com\/online-jingle-maker\/"]}]},{"@type":"BreadcrumbList","@id":"https:\/\/radiojingles24.com\/online-jingle-maker\/#breadcrumb","itemListElement":[{"@type":"ListItem","position":1,"name":"Home","item":"https:\/\/radiojingles24.com\/de\/"},{"@type":"ListItem","position":2,"name":"Online Jingle Maker"}]},{"@type":"WebSite","@id":"https:\/\/radiojingles24.com\/#website","url":"https:\/\/radiojingles24.com\/","name":"Radio Jingles 24: Radio Jingles | DJ Drops | Podcast Intros | Gesungene Jingles","description":"Radio Jingles, Sung Jingles, DJ Drops und Podcast Intros f\u00fcr kommerzielle, Community- und Internetradiosender. In Gro\u00dfbritannien ans\u00e4ssig. Preise ab \u00a3 5. Online bestellen.","publisher":{"@id":"https:\/\/radiojingles24.com\/#organization"},"potentialAction":[{"@type":"SearchAction","target":{"@type":"EntryPoint","urlTemplate":"https:\/\/radiojingles24.com\/?s={search_term_string}"},"query-input":{"@type":"PropertyValueSpecification","valueRequired":true,"valueName":"search_term_string"}}],"inLanguage":"de"},{"@type":"Organization","@id":"https:\/\/radiojingles24.com\/#organization","name":"Radio Jingles 24","url":"https:\/\/radiojingles24.com\/","logo":{"@type":"ImageObject","inLanguage":"de","@id":"https:\/\/radiojingles24.com\/#\/schema\/logo\/image\/","url":"https:\/\/radiojingles24.com\/wp-content\/uploads\/2019\/11\/RadioJingle1-1.jpg","contentUrl":"https:\/\/radiojingles24.com\/wp-content\/uploads\/2019\/11\/RadioJingle1-1.jpg","width":512,"height":158,"caption":"Radio Jingles 24"},"image":{"@id":"https:\/\/radiojingles24.com\/#\/schema\/logo\/image\/"},"sameAs":["https:\/\/www.facebook.com\/radiojingles24\/","https:\/\/x.com\/radiojingles24"]}]}},"jetpack_sharing_enabled":true,"_links":{"self":[{"href":"https:\/\/radiojingles24.com\/de\/wp-json\/wp\/v2\/pages\/28623","targetHints":{"allow":["GET"]}}],"collection":[{"href":"https:\/\/radiojingles24.com\/de\/wp-json\/wp\/v2\/pages"}],"about":[{"href":"https:\/\/radiojingles24.com\/de\/wp-json\/wp\/v2\/types\/page"}],"author":[{"embeddable":true,"href":"https:\/\/radiojingles24.com\/de\/wp-json\/wp\/v2\/users\/1"}],"replies":[{"embeddable":true,"href":"https:\/\/radiojingles24.com\/de\/wp-json\/wp\/v2\/comments?post=28623"}],"version-history":[{"count":3,"href":"https:\/\/radiojingles24.com\/de\/wp-json\/wp\/v2\/pages\/28623\/revisions"}],"predecessor-version":[{"id":28897,"href":"https:\/\/radiojingles24.com\/de\/wp-json\/wp\/v2\/pages\/28623\/revisions\/28897"}],"wp:attachment":[{"href":"https:\/\/radiojingles24.com\/de\/wp-json\/wp\/v2\/media?parent=28623"}],"curies":[{"name":"wp","href":"https:\/\/api.w.org\/{rel}","templated":true}]}}