{"id":29928,"date":"2020-09-29T15:00:58","date_gmt":"2020-09-29T15:00:58","guid":{"rendered":"https:\/\/radiojingles24.com\/?page_id=29928"},"modified":"2020-09-29T15:00:58","modified_gmt":"2020-09-29T15:00:58","slug":"professional-catchy-jingle-maker","status":"publish","type":"page","link":"https:\/\/radiojingles24.com\/de\/professional-catchy-jingle-maker\/","title":{"rendered":"Professioneller und einpr\u00e4gsamer Jingle Maker"},"content":{"rendered":"<p><span style=\"font-weight: 400;\">Interessieren Sie sich f\u00fcr einen professionellen, eing\u00e4ngigen Jingle Maker? Willkommen zu <\/span><a href=\"https:\/\/radiojingles24.com\/de\/\"><span style=\"font-weight: 400;\">Radio Jingles 24<\/span><\/a><span style=\"font-weight: 400;\">. Egal, ob Sie gesprochene oder gesungene Jingles w\u00fcnschen, wir bieten qualifizierte Dienstleistungen, die Ihre Erwartungen mit Sicherheit \u00fcbertreffen. Wir haben eine gro\u00dfe Auswahl an Dienstleistungen zur Auswahl, bei denen Sie mit uns zusammenarbeiten k\u00f6nnen, um einen aufregenden und unvergesslichen Jingle zu entwickeln, der Ihrem Publikum gefallen wird. Mit unserer Hilfe erhalten Sie Audios in h\u00f6chster Qualit\u00e4t, die perfekt auf Ihre Anforderungen zugeschnitten sind. Kontaktieren Sie uns noch heute, um zu erfahren, wie wir Ihnen helfen k\u00f6nnen.<\/span><\/p>\n<h1><b>Professioneller und eing\u00e4ngiger Jingle Maker<\/b><\/h1>\n<p><span style=\"font-weight: 400;\">Wir bei Radio Jingles 24 wissen, dass jeder Kunde andere W\u00fcnsche hat, weshalb wir immer alles daran setzen, einzigartige Audios zu liefern, mit denen Sie sich von den anderen abheben k\u00f6nnen. Wir sind ein spezialisiertes Unternehmen, das Kunden in ganz Gro\u00dfbritannien und den USA mit lustigen und aufregenden Melodien versorgt, die verwendet werden k\u00f6nnen, um Sie vorzustellen <\/span><a href=\"https:\/\/radiojingles24.com\/de\/produkt-kategorie\/free-radio-jingles\/\"><span style=\"font-weight: 400;\">Radiosendung<\/span><\/a><span style=\"font-weight: 400;\">, <\/span><a href=\"https:\/\/radiojingles24.com\/de\/produkt-kategorie\/podcast-intro\/\"><span style=\"font-weight: 400;\">Podcast<\/span><\/a><span style=\"font-weight: 400;\"> oder <\/span><a href=\"https:\/\/radiojingles24.com\/de\/produkt-kategorie\/commercial-production\/\"><span style=\"font-weight: 400;\">kommerziell<\/span><\/a><span style=\"font-weight: 400;\">. Jingles sind im Wesentlichen eine andere Form des Marketings, die auf vielf\u00e4ltige Weise eingesetzt wird, um Kunden zu gewinnen und zu binden. Sie k\u00f6nnen Acapella sein oder Musik mit Songs enthalten, die einen oder mehrere Hooks enthalten, mit denen Sie Ihre Marke, Ihre Show usw. bewerben k\u00f6nnen. Hier kommt unser einpr\u00e4gsamer Jingle Maker ins Spiel. Es ist ein \u00e4u\u00dferst vielseitiges und schnelles Tool, das tadellose Audios erzeugt die Ihnen dann in nur 24 Stunden zugeschickt werden.<\/span><\/p>\n<p>&nbsp;<\/p>\n<p><span style=\"font-weight: 400;\">Als f\u00fchrender Anbieter von unverwechselbaren Jingles arbeiten wir mit einem erfahrenen, eing\u00e4ngigen Jingle-Hersteller zusammen mit vielen talentierten <\/span><a href=\"https:\/\/radiojingles24.com\/de\/#voices\"><span style=\"font-weight: 400;\">Synchronsprecher<\/span><\/a><span style=\"font-weight: 400;\"> die Sie anh\u00f6ren und ausw\u00e4hlen k\u00f6nnen. Auf diese Weise haben Sie die M\u00f6glichkeit, die am besten geeignete Stimme auszuw\u00e4hlen, die Ihre Marke oder Kampagne widerspiegelt. Wir empfehlen unsere <\/span><a href=\"https:\/\/radiojingles24.com\/de\/produkt\/sung-jingle-packages\/\"><span style=\"font-weight: 400;\">Gesungene Audiopakete<\/span><\/a><span style=\"font-weight: 400;\">. Dies ist eine kosteng\u00fcnstige Jingle-Kreation, die auf den Sound Ihres Radiosenders zugeschnitten werden kann, egal ob AC \/ Hot AC, CHR oder Oldies.\u00a0<\/span><\/p>\n<p>&nbsp;<\/p>\n<p><span style=\"font-weight: 400;\">Die Jingles werden von unseren erfahrenen Schauspielern mit Ihrem Namen, Ihrer Marke und Ihrem Slogan gesungen, die Sie dann jahrelang verwenden k\u00f6nnen. Alles was Sie tun m\u00fcssen, ist uns Ihr Skript \u00fcber unser Online-Formular zu senden, spezifische Anweisungen f\u00fcr unser Team beizuf\u00fcgen und wir k\u00f6nnen dann mit dem eing\u00e4ngigen Jingle Maker loslegen. Das Audio kann in jedem von Ihnen gew\u00e4hlten Format wie MP3, WAVE oder AIFF gesendet werden, je nach Ihren Vorlieben. Wir k\u00f6nnen sogar beliebige Acapella-Audios hinzuf\u00fcgen, sodass Sie aus mehreren Jingles ausw\u00e4hlen k\u00f6nnen und das beste Preis-Leistungs-Verh\u00e4ltnis erhalten.\u00a0<\/span><\/p>\n<p>&nbsp;<\/p>\n<h2><b>Wie \u00fcbermittelt ein Jingle Ihre Botschaft?<\/b><\/h2>\n<p>&nbsp;<\/p>\n<p><span style=\"font-weight: 400;\">Sie erg\u00e4nzen nicht nur Ihre Shows, sondern unser einpr\u00e4gsamer Jingle-Maker sorgt daf\u00fcr, dass Ihr Audio leicht zu merken ist, sodass es Ihr Publikum anspricht und es letztendlich in seinen K\u00f6pfen festh\u00e4lt. Jingles sind f\u00fcr alle Unternehmen und Organisationen unerl\u00e4sslich, da sie dazu beitragen k\u00f6nnen, Ihr Image zu st\u00e4rken und Ihnen eine respektable Pr\u00e4senz bei Ihren Zuh\u00f6rern zu verschaffen. Jingles haben sich im Laufe der Zeit bew\u00e4hrt und unterst\u00fctzen gro\u00dfe Marken im Laufe der Jahre, weshalb wir glauben, dass dies eine lohnende Investition ist, um Ihr Gesch\u00e4ft zu unterst\u00fctzen.<\/span><\/p>\n<p><span style=\"font-weight: 400;\">Um mehr \u00fcber unseren eing\u00e4ngigen Jingle Maker zu erfahren, z\u00f6gern Sie nicht, <\/span><a href=\"https:\/\/radiojingles24.com\/de\/contact-us\/\"><span style=\"font-weight: 400;\">kontaktiere uns<\/span><\/a><span style=\"font-weight: 400;\"> noch heute und wir besprechen gerne Ihre speziellen Spezifikationen. Bei Fragen z\u00f6gern Sie bitte nicht, uns unter unserer britischen Nummer +44 (0) 113 534 6686 oder unserer US-Nummer +1 (212) 710-1350 anzurufen. Unser Kundenservice wird sich in K\u00fcrze mit Ihnen in Verbindung setzen, um Ihnen zu helfen . Alternativ k\u00f6nnen Sie uns auch per E-Mail kontaktieren <\/span><a href=\"mailto:info@radiojingles24.com\"><span style=\"font-weight: 400;\">info@radiojingles24.com<\/span><\/a><span style=\"font-weight: 400;\"> und wir k\u00f6nnen Ihnen alle weiteren Informationen geben, die Sie ben\u00f6tigen<\/span><\/p>","protected":false},"excerpt":{"rendered":"<p>Sind Sie daran interessiert, einen professionellen, eing\u00e4ngigen Jingle Maker zu verwenden? Willkommen bei Radio Jingles 24. Ob gesprochene oder gesungene Jingles, wir bieten\u2026<\/p>","protected":false},"author":1,"featured_media":0,"parent":0,"menu_order":0,"comment_status":"closed","ping_status":"closed","template":"","meta":{"_exactmetrics_skip_tracking":false,"_exactmetrics_sitenote_active":false,"_exactmetrics_sitenote_note":"","_exactmetrics_sitenote_category":0,"footnotes":""},"class_list":["post-29928","page","type-page","status-publish"],"yoast_head":"<!-- This site is optimized with the Yoast SEO plugin v26.8 - https:\/\/yoast.com\/product\/yoast-seo-wordpress\/ -->\n<title>Radio Jingles 24: Radio Jingles | DJ Drops | Podcast Intros | Sung Jingles<\/title>\n<meta name=\"description\" content=\"Radio Jingles, Sung Jingles, DJ Drops, and Podcast Intros for commercial, community and internet radio stations. UK Based. Prices from \u00a35. Order online.\" \/>\n<meta name=\"robots\" content=\"index, follow, max-snippet:-1, max-image-preview:large, max-video-preview:-1\" \/>\n<link rel=\"canonical\" href=\"https:\/\/radiojingles24.com\/de\/professional-catchy-jingle-maker\/\" \/>\n<meta property=\"og:locale\" content=\"de_DE\" \/>\n<meta property=\"og:type\" content=\"article\" \/>\n<meta property=\"og:title\" content=\"Radio Jingles 24: Radio Jingles | DJ Drops | Podcast Intros | Sung Jingles\" \/>\n<meta property=\"og:description\" content=\"Radio Jingles, Sung Jingles, DJ Drops, and Podcast Intros for commercial, community and internet radio stations. UK Based. Prices from \u00a35. Order online.\" \/>\n<meta property=\"og:url\" content=\"https:\/\/radiojingles24.com\/de\/professional-catchy-jingle-maker\/\" \/>\n<meta property=\"og:site_name\" content=\"Radio Jingles 24: Radio Jingles | DJ Drops | Podcast Intros | Sung Jingles\" \/>\n<meta property=\"article:publisher\" content=\"https:\/\/www.facebook.com\/radiojingles24\/\" \/>\n<meta name=\"twitter:card\" content=\"summary_large_image\" \/>\n<meta name=\"twitter:site\" content=\"@radiojingles24\" \/>\n<meta name=\"twitter:label1\" content=\"Gesch\u00e4tzte Lesezeit\" \/>\n\t<meta name=\"twitter:data1\" content=\"3\u00a0Minuten\" \/>\n<script type=\"application\/ld+json\" class=\"yoast-schema-graph\">{\"@context\":\"https:\/\/schema.org\",\"@graph\":[{\"@type\":\"WebPage\",\"@id\":\"https:\/\/radiojingles24.com\/de\/professional-catchy-jingle-maker\/\",\"url\":\"https:\/\/radiojingles24.com\/de\/professional-catchy-jingle-maker\/\",\"name\":\"Radio Jingles 24: Radio Jingles | DJ Drops | Podcast Intros | Sung Jingles\",\"isPartOf\":{\"@id\":\"https:\/\/radiojingles24.com\/#website\"},\"datePublished\":\"2020-09-29T15:00:58+00:00\",\"description\":\"Radio Jingles, Sung Jingles, DJ Drops, and Podcast Intros for commercial, community and internet radio stations. UK Based. Prices from \u00a35. Order online.\",\"breadcrumb\":{\"@id\":\"https:\/\/radiojingles24.com\/de\/professional-catchy-jingle-maker\/#breadcrumb\"},\"inLanguage\":\"de\",\"potentialAction\":[{\"@type\":\"ReadAction\",\"target\":[\"https:\/\/radiojingles24.com\/de\/professional-catchy-jingle-maker\/\"]}]},{\"@type\":\"BreadcrumbList\",\"@id\":\"https:\/\/radiojingles24.com\/de\/professional-catchy-jingle-maker\/#breadcrumb\",\"itemListElement\":[{\"@type\":\"ListItem\",\"position\":1,\"name\":\"Home\",\"item\":\"https:\/\/radiojingles24.com\/de\/\"},{\"@type\":\"ListItem\",\"position\":2,\"name\":\"Professional &#038; Catchy Jingle Maker\"}]},{\"@type\":\"WebSite\",\"@id\":\"https:\/\/radiojingles24.com\/#website\",\"url\":\"https:\/\/radiojingles24.com\/\",\"name\":\"Radio Jingles 24: Radio Jingles | DJ Drops | Podcast Intros | Sung Jingles\",\"description\":\"Radio Jingles, Sung Jingles, DJ Drops, and Podcast Intros for commercial, community and internet radio stations. UK Based. Prices from \u00a35. Order online.\",\"publisher\":{\"@id\":\"https:\/\/radiojingles24.com\/#organization\"},\"potentialAction\":[{\"@type\":\"SearchAction\",\"target\":{\"@type\":\"EntryPoint\",\"urlTemplate\":\"https:\/\/radiojingles24.com\/?s={search_term_string}\"},\"query-input\":{\"@type\":\"PropertyValueSpecification\",\"valueRequired\":true,\"valueName\":\"search_term_string\"}}],\"inLanguage\":\"de\"},{\"@type\":\"Organization\",\"@id\":\"https:\/\/radiojingles24.com\/#organization\",\"name\":\"Radio Jingles 24\",\"url\":\"https:\/\/radiojingles24.com\/\",\"logo\":{\"@type\":\"ImageObject\",\"inLanguage\":\"de\",\"@id\":\"https:\/\/radiojingles24.com\/#\/schema\/logo\/image\/\",\"url\":\"https:\/\/radiojingles24.com\/wp-content\/uploads\/2019\/11\/RadioJingle1-1.jpg\",\"contentUrl\":\"https:\/\/radiojingles24.com\/wp-content\/uploads\/2019\/11\/RadioJingle1-1.jpg\",\"width\":512,\"height\":158,\"caption\":\"Radio Jingles 24\"},\"image\":{\"@id\":\"https:\/\/radiojingles24.com\/#\/schema\/logo\/image\/\"},\"sameAs\":[\"https:\/\/www.facebook.com\/radiojingles24\/\",\"https:\/\/x.com\/radiojingles24\"]}]}<\/script>\n<!-- \/ Yoast SEO plugin. -->","yoast_head_json":{"title":"Radio Jingles 24: Radio Jingles | DJ Drops | Podcast Intros | Gesungene Jingles","description":"Radio Jingles, Sung Jingles, DJ Drops und Podcast Intros f\u00fcr kommerzielle, Community- und Internetradiosender. In Gro\u00dfbritannien ans\u00e4ssig. Preise ab \u00a3 5. Online bestellen.","robots":{"index":"index","follow":"follow","max-snippet":"max-snippet:-1","max-image-preview":"max-image-preview:large","max-video-preview":"max-video-preview:-1"},"canonical":"https:\/\/radiojingles24.com\/de\/professional-catchy-jingle-maker\/","og_locale":"de_DE","og_type":"article","og_title":"Radio Jingles 24: Radio Jingles | DJ Drops | Podcast Intros | Sung Jingles","og_description":"Radio Jingles, Sung Jingles, DJ Drops, and Podcast Intros for commercial, community and internet radio stations. UK Based. Prices from \u00a35. Order online.","og_url":"https:\/\/radiojingles24.com\/de\/professional-catchy-jingle-maker\/","og_site_name":"Radio Jingles 24: Radio Jingles | DJ Drops | Podcast Intros | Sung Jingles","article_publisher":"https:\/\/www.facebook.com\/radiojingles24\/","twitter_card":"summary_large_image","twitter_site":"@radiojingles24","twitter_misc":{"Gesch\u00e4tzte Lesezeit":"3\u00a0Minuten"},"schema":{"@context":"https:\/\/schema.org","@graph":[{"@type":"WebPage","@id":"https:\/\/radiojingles24.com\/de\/professional-catchy-jingle-maker\/","url":"https:\/\/radiojingles24.com\/de\/professional-catchy-jingle-maker\/","name":"Radio Jingles 24: Radio Jingles | DJ Drops | Podcast Intros | Gesungene Jingles","isPartOf":{"@id":"https:\/\/radiojingles24.com\/#website"},"datePublished":"2020-09-29T15:00:58+00:00","description":"Radio Jingles, Sung Jingles, DJ Drops und Podcast Intros f\u00fcr kommerzielle, Community- und Internetradiosender. In Gro\u00dfbritannien ans\u00e4ssig. Preise ab \u00a3 5. Online bestellen.","breadcrumb":{"@id":"https:\/\/radiojingles24.com\/de\/professional-catchy-jingle-maker\/#breadcrumb"},"inLanguage":"de","potentialAction":[{"@type":"ReadAction","target":["https:\/\/radiojingles24.com\/de\/professional-catchy-jingle-maker\/"]}]},{"@type":"BreadcrumbList","@id":"https:\/\/radiojingles24.com\/de\/professional-catchy-jingle-maker\/#breadcrumb","itemListElement":[{"@type":"ListItem","position":1,"name":"Home","item":"https:\/\/radiojingles24.com\/de\/"},{"@type":"ListItem","position":2,"name":"Professional &#038; Catchy Jingle Maker"}]},{"@type":"WebSite","@id":"https:\/\/radiojingles24.com\/#website","url":"https:\/\/radiojingles24.com\/","name":"Radio Jingles 24: Radio Jingles | DJ Drops | Podcast Intros | Gesungene Jingles","description":"Radio Jingles, Sung Jingles, DJ Drops und Podcast Intros f\u00fcr kommerzielle, Community- und Internetradiosender. In Gro\u00dfbritannien ans\u00e4ssig. Preise ab \u00a3 5. Online bestellen.","publisher":{"@id":"https:\/\/radiojingles24.com\/#organization"},"potentialAction":[{"@type":"SearchAction","target":{"@type":"EntryPoint","urlTemplate":"https:\/\/radiojingles24.com\/?s={search_term_string}"},"query-input":{"@type":"PropertyValueSpecification","valueRequired":true,"valueName":"search_term_string"}}],"inLanguage":"de"},{"@type":"Organization","@id":"https:\/\/radiojingles24.com\/#organization","name":"Radio Jingles 24","url":"https:\/\/radiojingles24.com\/","logo":{"@type":"ImageObject","inLanguage":"de","@id":"https:\/\/radiojingles24.com\/#\/schema\/logo\/image\/","url":"https:\/\/radiojingles24.com\/wp-content\/uploads\/2019\/11\/RadioJingle1-1.jpg","contentUrl":"https:\/\/radiojingles24.com\/wp-content\/uploads\/2019\/11\/RadioJingle1-1.jpg","width":512,"height":158,"caption":"Radio Jingles 24"},"image":{"@id":"https:\/\/radiojingles24.com\/#\/schema\/logo\/image\/"},"sameAs":["https:\/\/www.facebook.com\/radiojingles24\/","https:\/\/x.com\/radiojingles24"]}]}},"jetpack_sharing_enabled":true,"_links":{"self":[{"href":"https:\/\/radiojingles24.com\/de\/wp-json\/wp\/v2\/pages\/29928","targetHints":{"allow":["GET"]}}],"collection":[{"href":"https:\/\/radiojingles24.com\/de\/wp-json\/wp\/v2\/pages"}],"about":[{"href":"https:\/\/radiojingles24.com\/de\/wp-json\/wp\/v2\/types\/page"}],"author":[{"embeddable":true,"href":"https:\/\/radiojingles24.com\/de\/wp-json\/wp\/v2\/users\/1"}],"replies":[{"embeddable":true,"href":"https:\/\/radiojingles24.com\/de\/wp-json\/wp\/v2\/comments?post=29928"}],"version-history":[{"count":1,"href":"https:\/\/radiojingles24.com\/de\/wp-json\/wp\/v2\/pages\/29928\/revisions"}],"predecessor-version":[{"id":29930,"href":"https:\/\/radiojingles24.com\/de\/wp-json\/wp\/v2\/pages\/29928\/revisions\/29930"}],"wp:attachment":[{"href":"https:\/\/radiojingles24.com\/de\/wp-json\/wp\/v2\/media?parent=29928"}],"curies":[{"name":"wp","href":"https:\/\/api.w.org\/{rel}","templated":true}]}}