{"id":29931,"date":"2020-09-29T15:03:04","date_gmt":"2020-09-29T15:03:04","guid":{"rendered":"https:\/\/radiojingles24.com\/?page_id=29931"},"modified":"2020-09-29T15:03:04","modified_gmt":"2020-09-29T15:03:04","slug":"professional-dj-voice-overs","status":"publish","type":"page","link":"https:\/\/radiojingles24.com\/de\/professional-dj-voice-overs\/","title":{"rendered":"Professionelle DJ-Voice-Overs"},"content":{"rendered":"<p><span style=\"font-weight: 400;\">Suchen Sie professionelle DJ-Voice-Overs? Willkommen zu <\/span><a href=\"https:\/\/radiojingles24.com\/de\/\"><span style=\"font-weight: 400;\">Radio Jingles 24<\/span><\/a><span style=\"font-weight: 400;\">, sind wir ein spezialisiertes Unternehmen, das au\u00dfergew\u00f6hnliche DJ-Drops anbieten kann, die absolut einzigartig sind. Wir k\u00f6nnen alle Aspekte des Voice-Overs vom Schnitt bis zur vollst\u00e4ndigen Produktion \u00fcbernehmen, die dann innerhalb von 24 Stunden an Sie gesendet werden k\u00f6nnen, sodass Sie nach Belieben schnelle Dienstleistungen erhalten. Mit \u00fcber 10 Jahren Erfahrung in der Branche wissen wir, wie wichtig Ihr Audio ist, sodass Sie sich darauf verlassen k\u00f6nnen, dass Sie in kompetenten H\u00e4nden sind. Kontaktieren Sie uns noch heute und sehen Sie, wie wir Ihnen helfen k\u00f6nnen.<\/span><\/p>\n<h1>Professionelle DJ-Voice-Overs<\/h1>\n<p><span style=\"font-weight: 400;\">Hier bei Radio Jingles 24 liefern wir total unverwechselbar <\/span><a href=\"https:\/\/radiojingles24.com\/de\/produkt-kategorie\/dj-drops\/\"><span style=\"font-weight: 400;\">DJ-Kommentare<\/span><\/a><span style=\"font-weight: 400;\"> f\u00fcr Kunden in Gro\u00dfbritannien und den USA. Wir bieten zwei verschiedene Pakete an, die Ihnen beide helfen k\u00f6nnen, eine einzigartige Stimme zu erzielen, die Ihr Publikum garantiert fesselt. Ihr Ton wird in unserem Pro Studio mit einem Synchronsprecher Ihrer Wahl aufgenommen. Alle unsere Synchronsprecher sind seit vielen Jahren in dieser Branche t\u00e4tig, haben sich zu f\u00fchrenden Profis in diesem Handwerk entwickelt und k\u00f6nnen Ihrem Set ein eigenartiges Flair verleihen. Dies ist eine gro\u00dfartige Gelegenheit f\u00fcr Sie, Ihre kreative Reichweite zu einem erschwinglichen Preis zu erweitern und das Wachstum Ihrer Karriere zu unterst\u00fctzen.<\/span><\/p>\n<p><span style=\"font-weight: 400;\">In Bezug auf DJ-Voice-Overs stehen zwei Pakete zur Auswahl. Dazu geh\u00f6rt die <\/span><a href=\"https:\/\/radiojingles24.com\/de\/produkt\/essential-dj-pack\/\"><span style=\"font-weight: 400;\">Essentielles DJ Pack<\/span><\/a><span style=\"font-weight: 400;\"> wo Sie 3 Drops mit Vocal FX erhalten und wir Ihnen auch Trockenkopien senden k\u00f6nnen, sodass Sie insgesamt 6 Audiodateien erhalten. Alternativ haben wir die <\/span><a href=\"https:\/\/radiojingles24.com\/de\/produkt\/pro-dj-drop-pack\/\"><span style=\"font-weight: 400;\">Pro DJ Drop Pack<\/span><\/a><span style=\"font-weight: 400;\">. Mit diesem besonderen Service k\u00f6nnen Sie zwei vollst\u00e4ndig produzierte DJ-Drops und bis zu 10 Sekunden mit Musik, SFX und Vocal-FX empfangen. Sie erhalten auch die Trockenkopien, mit denen Sie 10 verschiedene Audiodateien gewinnen k\u00f6nnen.<\/span><\/p>\n<p><span style=\"font-weight: 400;\">Bei beiden Paketen haben Sie die M\u00f6glichkeit, jedem unserer Synchronsprecher zuzuh\u00f6ren, um zu entscheiden, welche Stimme zu Ihrem Set passt. Von hier aus m\u00fcssen Sie uns ein endg\u00fcltiges Skript zusammen mit allen Spezifikationen, die Sie f\u00fcr uns haben, zur Verf\u00fcgung stellen. Sobald dies festgelegt ist, k\u00f6nnen wir mit Ihren DJ-Voice-Overs beginnen.<\/span><\/p>\n<h2><b>Warum Radio Jingles 24 w\u00e4hlen?<\/b><\/h2>\n<p><span style=\"font-weight: 400;\">Als f\u00fchrender Anbieter von hochwertigen DJ-Drops garantieren wir, dass Ihre DJ-Voice-Overs nach den h\u00f6chsten Standards gemastert und fertiggestellt werden. Sie werden nicht nur Ihre Erwartungen \u00fcbertreffen, sondern k\u00f6nnen auch dazu beitragen, Ihr Publikum w\u00e4hrend Ihres gesamten Sets zu fesseln. Dies kann wiederum Ihre Fangemeinde vergr\u00f6\u00dfern und letztendlich Ihren Horizont erweitern. Aufgrund der Tatsache, dass die Dienste schnell und wettbewerbsf\u00e4hig sind, glauben wir, dass es Ihnen hilft, die Voice-Overs schnell und ohne unn\u00f6tige Verz\u00f6gerung in Ihr Set einzuf\u00fchren. Durch die Erstellung eines hochwertigen DJ-Sets und eines unterhaltsamen Voice-Overs k\u00f6nnen Sie potenziell spannende Jobm\u00f6glichkeiten erhalten, sodass Sie sicher sein k\u00f6nnen, dass Sie mit uns die richtige Investition t\u00e4tigen.<\/span><\/p>\n<p><span style=\"font-weight: 400;\">Weitere Informationen zu unseren DJ-Voice-Over-Diensten finden Sie unter <\/span><a href=\"https:\/\/radiojingles24.com\/de\/contact-us\/\"><span style=\"font-weight: 400;\">kontaktiere uns<\/span><\/a><span style=\"font-weight: 400;\"> noch heute und wir besprechen gerne Ihre speziellen Spezifikationen. Bei Fragen z\u00f6gern Sie bitte nicht, uns unter unserer britischen Nummer +44 (0) 113 534 6686 oder unserer US-Nummer +1 (212) 710-1350 anzurufen. Unser Kundenservice wird sich in K\u00fcrze mit Ihnen in Verbindung setzen, um Ihnen zu helfen . Alternativ k\u00f6nnen Sie uns auch per E-Mail kontaktieren <\/span><a href=\"mailto:info@radiojingles24.com\"><span style=\"font-weight: 400;\">info@radiojingles24.com<\/span><\/a><span style=\"font-weight: 400;\"> und wir k\u00f6nnen Ihnen alle weiteren Informationen geben, die Sie ben\u00f6tigen.\u00a0<\/span><\/p>","protected":false},"excerpt":{"rendered":"<p>Are you trying to find professional DJ voice overs? Welcome to Radio Jingles 24, we are a specialist company that can provide exceptional DJ drops&#8230;<\/p>","protected":false},"author":1,"featured_media":0,"parent":0,"menu_order":0,"comment_status":"closed","ping_status":"closed","template":"","meta":{"_exactmetrics_skip_tracking":false,"_exactmetrics_sitenote_active":false,"_exactmetrics_sitenote_note":"","_exactmetrics_sitenote_category":0,"footnotes":""},"class_list":["post-29931","page","type-page","status-publish"],"yoast_head":"<!-- This site is optimized with the Yoast SEO plugin v26.8 - https:\/\/yoast.com\/product\/yoast-seo-wordpress\/ -->\n<title>Radio Jingles 24: Radio Jingles | DJ Drops | Podcast Intros | Sung Jingles<\/title>\n<meta name=\"description\" content=\"Radio Jingles, Sung Jingles, DJ Drops, and Podcast Intros for commercial, community and internet radio stations. UK Based. Prices from \u00a35. Order online.\" \/>\n<meta name=\"robots\" content=\"index, follow, max-snippet:-1, max-image-preview:large, max-video-preview:-1\" \/>\n<link rel=\"canonical\" href=\"https:\/\/radiojingles24.com\/de\/professional-dj-voice-overs\/\" \/>\n<meta property=\"og:locale\" content=\"de_DE\" \/>\n<meta property=\"og:type\" content=\"article\" \/>\n<meta property=\"og:title\" content=\"Radio Jingles 24: Radio Jingles | DJ Drops | Podcast Intros | Sung Jingles\" \/>\n<meta property=\"og:description\" content=\"Radio Jingles, Sung Jingles, DJ Drops, and Podcast Intros for commercial, community and internet radio stations. UK Based. Prices from \u00a35. Order online.\" \/>\n<meta property=\"og:url\" content=\"https:\/\/radiojingles24.com\/de\/professional-dj-voice-overs\/\" \/>\n<meta property=\"og:site_name\" content=\"Radio Jingles 24: Radio Jingles | DJ Drops | Podcast Intros | Sung Jingles\" \/>\n<meta property=\"article:publisher\" content=\"https:\/\/www.facebook.com\/radiojingles24\/\" \/>\n<meta name=\"twitter:card\" content=\"summary_large_image\" \/>\n<meta name=\"twitter:site\" content=\"@radiojingles24\" \/>\n<meta name=\"twitter:label1\" content=\"Gesch\u00e4tzte Lesezeit\" \/>\n\t<meta name=\"twitter:data1\" content=\"3\u00a0Minuten\" \/>\n<script type=\"application\/ld+json\" class=\"yoast-schema-graph\">{\"@context\":\"https:\/\/schema.org\",\"@graph\":[{\"@type\":\"WebPage\",\"@id\":\"https:\/\/radiojingles24.com\/es\/professional-dj-voice-overs\/\",\"url\":\"https:\/\/radiojingles24.com\/es\/professional-dj-voice-overs\/\",\"name\":\"Radio Jingles 24: Radio Jingles | DJ Drops | Podcast Intros | Sung Jingles\",\"isPartOf\":{\"@id\":\"https:\/\/radiojingles24.com\/#website\"},\"datePublished\":\"2020-09-29T15:03:04+00:00\",\"description\":\"Radio Jingles, Sung Jingles, DJ Drops, and Podcast Intros for commercial, community and internet radio stations. UK Based. Prices from \u00a35. Order online.\",\"breadcrumb\":{\"@id\":\"https:\/\/radiojingles24.com\/es\/professional-dj-voice-overs\/#breadcrumb\"},\"inLanguage\":\"de\",\"potentialAction\":[{\"@type\":\"ReadAction\",\"target\":[\"https:\/\/radiojingles24.com\/es\/professional-dj-voice-overs\/\"]}]},{\"@type\":\"BreadcrumbList\",\"@id\":\"https:\/\/radiojingles24.com\/es\/professional-dj-voice-overs\/#breadcrumb\",\"itemListElement\":[{\"@type\":\"ListItem\",\"position\":1,\"name\":\"Home\",\"item\":\"https:\/\/radiojingles24.com\/de\/\"},{\"@type\":\"ListItem\",\"position\":2,\"name\":\"Professional DJ Voice Overs\"}]},{\"@type\":\"WebSite\",\"@id\":\"https:\/\/radiojingles24.com\/#website\",\"url\":\"https:\/\/radiojingles24.com\/\",\"name\":\"Radio Jingles 24: Radio Jingles | DJ Drops | Podcast Intros | Sung Jingles\",\"description\":\"Radio Jingles, Sung Jingles, DJ Drops, and Podcast Intros for commercial, community and internet radio stations. UK Based. Prices from \u00a35. Order online.\",\"publisher\":{\"@id\":\"https:\/\/radiojingles24.com\/#organization\"},\"potentialAction\":[{\"@type\":\"SearchAction\",\"target\":{\"@type\":\"EntryPoint\",\"urlTemplate\":\"https:\/\/radiojingles24.com\/?s={search_term_string}\"},\"query-input\":{\"@type\":\"PropertyValueSpecification\",\"valueRequired\":true,\"valueName\":\"search_term_string\"}}],\"inLanguage\":\"de\"},{\"@type\":\"Organization\",\"@id\":\"https:\/\/radiojingles24.com\/#organization\",\"name\":\"Radio Jingles 24\",\"url\":\"https:\/\/radiojingles24.com\/\",\"logo\":{\"@type\":\"ImageObject\",\"inLanguage\":\"de\",\"@id\":\"https:\/\/radiojingles24.com\/#\/schema\/logo\/image\/\",\"url\":\"https:\/\/radiojingles24.com\/wp-content\/uploads\/2019\/11\/RadioJingle1-1.jpg\",\"contentUrl\":\"https:\/\/radiojingles24.com\/wp-content\/uploads\/2019\/11\/RadioJingle1-1.jpg\",\"width\":512,\"height\":158,\"caption\":\"Radio Jingles 24\"},\"image\":{\"@id\":\"https:\/\/radiojingles24.com\/#\/schema\/logo\/image\/\"},\"sameAs\":[\"https:\/\/www.facebook.com\/radiojingles24\/\",\"https:\/\/x.com\/radiojingles24\"]}]}<\/script>\n<!-- \/ Yoast SEO plugin. -->","yoast_head_json":{"title":"Radio Jingles 24: Radio Jingles | DJ Drops | Podcast Intros | Gesungene Jingles","description":"Radio Jingles, Sung Jingles, DJ Drops und Podcast Intros f\u00fcr kommerzielle, Community- und Internetradiosender. In Gro\u00dfbritannien ans\u00e4ssig. Preise ab \u00a3 5. Online bestellen.","robots":{"index":"index","follow":"follow","max-snippet":"max-snippet:-1","max-image-preview":"max-image-preview:large","max-video-preview":"max-video-preview:-1"},"canonical":"https:\/\/radiojingles24.com\/de\/professional-dj-voice-overs\/","og_locale":"de_DE","og_type":"article","og_title":"Radio Jingles 24: Radio Jingles | DJ Drops | Podcast Intros | Sung Jingles","og_description":"Radio Jingles, Sung Jingles, DJ Drops, and Podcast Intros for commercial, community and internet radio stations. UK Based. Prices from \u00a35. Order online.","og_url":"https:\/\/radiojingles24.com\/de\/professional-dj-voice-overs\/","og_site_name":"Radio Jingles 24: Radio Jingles | DJ Drops | Podcast Intros | Sung Jingles","article_publisher":"https:\/\/www.facebook.com\/radiojingles24\/","twitter_card":"summary_large_image","twitter_site":"@radiojingles24","twitter_misc":{"Gesch\u00e4tzte Lesezeit":"3\u00a0Minuten"},"schema":{"@context":"https:\/\/schema.org","@graph":[{"@type":"WebPage","@id":"https:\/\/radiojingles24.com\/es\/professional-dj-voice-overs\/","url":"https:\/\/radiojingles24.com\/es\/professional-dj-voice-overs\/","name":"Radio Jingles 24: Radio Jingles | DJ Drops | Podcast Intros | Gesungene Jingles","isPartOf":{"@id":"https:\/\/radiojingles24.com\/#website"},"datePublished":"2020-09-29T15:03:04+00:00","description":"Radio Jingles, Sung Jingles, DJ Drops und Podcast Intros f\u00fcr kommerzielle, Community- und Internetradiosender. In Gro\u00dfbritannien ans\u00e4ssig. Preise ab \u00a3 5. Online bestellen.","breadcrumb":{"@id":"https:\/\/radiojingles24.com\/es\/professional-dj-voice-overs\/#breadcrumb"},"inLanguage":"de","potentialAction":[{"@type":"ReadAction","target":["https:\/\/radiojingles24.com\/es\/professional-dj-voice-overs\/"]}]},{"@type":"BreadcrumbList","@id":"https:\/\/radiojingles24.com\/es\/professional-dj-voice-overs\/#breadcrumb","itemListElement":[{"@type":"ListItem","position":1,"name":"Home","item":"https:\/\/radiojingles24.com\/de\/"},{"@type":"ListItem","position":2,"name":"Professional DJ Voice Overs"}]},{"@type":"WebSite","@id":"https:\/\/radiojingles24.com\/#website","url":"https:\/\/radiojingles24.com\/","name":"Radio Jingles 24: Radio Jingles | DJ Drops | Podcast Intros | Gesungene Jingles","description":"Radio Jingles, Sung Jingles, DJ Drops und Podcast Intros f\u00fcr kommerzielle, Community- und Internetradiosender. In Gro\u00dfbritannien ans\u00e4ssig. Preise ab \u00a3 5. Online bestellen.","publisher":{"@id":"https:\/\/radiojingles24.com\/#organization"},"potentialAction":[{"@type":"SearchAction","target":{"@type":"EntryPoint","urlTemplate":"https:\/\/radiojingles24.com\/?s={search_term_string}"},"query-input":{"@type":"PropertyValueSpecification","valueRequired":true,"valueName":"search_term_string"}}],"inLanguage":"de"},{"@type":"Organization","@id":"https:\/\/radiojingles24.com\/#organization","name":"Radio Jingles 24","url":"https:\/\/radiojingles24.com\/","logo":{"@type":"ImageObject","inLanguage":"de","@id":"https:\/\/radiojingles24.com\/#\/schema\/logo\/image\/","url":"https:\/\/radiojingles24.com\/wp-content\/uploads\/2019\/11\/RadioJingle1-1.jpg","contentUrl":"https:\/\/radiojingles24.com\/wp-content\/uploads\/2019\/11\/RadioJingle1-1.jpg","width":512,"height":158,"caption":"Radio Jingles 24"},"image":{"@id":"https:\/\/radiojingles24.com\/#\/schema\/logo\/image\/"},"sameAs":["https:\/\/www.facebook.com\/radiojingles24\/","https:\/\/x.com\/radiojingles24"]}]}},"jetpack_sharing_enabled":true,"_links":{"self":[{"href":"https:\/\/radiojingles24.com\/de\/wp-json\/wp\/v2\/pages\/29931","targetHints":{"allow":["GET"]}}],"collection":[{"href":"https:\/\/radiojingles24.com\/de\/wp-json\/wp\/v2\/pages"}],"about":[{"href":"https:\/\/radiojingles24.com\/de\/wp-json\/wp\/v2\/types\/page"}],"author":[{"embeddable":true,"href":"https:\/\/radiojingles24.com\/de\/wp-json\/wp\/v2\/users\/1"}],"replies":[{"embeddable":true,"href":"https:\/\/radiojingles24.com\/de\/wp-json\/wp\/v2\/comments?post=29931"}],"version-history":[{"count":1,"href":"https:\/\/radiojingles24.com\/de\/wp-json\/wp\/v2\/pages\/29931\/revisions"}],"predecessor-version":[{"id":29932,"href":"https:\/\/radiojingles24.com\/de\/wp-json\/wp\/v2\/pages\/29931\/revisions\/29932"}],"wp:attachment":[{"href":"https:\/\/radiojingles24.com\/de\/wp-json\/wp\/v2\/media?parent=29931"}],"curies":[{"name":"wp","href":"https:\/\/api.w.org\/{rel}","templated":true}]}}