{"id":29933,"date":"2020-09-29T15:09:16","date_gmt":"2020-09-29T15:09:16","guid":{"rendered":"https:\/\/radiojingles24.com\/?page_id=29933"},"modified":"2020-09-29T15:09:16","modified_gmt":"2020-09-29T15:09:16","slug":"interested-in-learning-how-to-make-a-podcast-jingle","status":"publish","type":"page","link":"https:\/\/radiojingles24.com\/de\/interested-in-learning-how-to-make-a-podcast-jingle\/","title":{"rendered":"M\u00f6chten Sie lernen, wie man einen Podcast-Jingle erstellt?"},"content":{"rendered":"<p><span style=\"font-weight: 400;\">M\u00f6chten Sie lernen, wie man einen Podcast-Jingle erstellt? Dann sind Sie bei uns genau richtig. Willkommen zu <\/span><a href=\"https:\/\/radiojingles24.com\/de\/\"><span style=\"font-weight: 400;\">Radio Jingles 24<\/span><\/a><span style=\"font-weight: 400;\">, sind wir darauf spezialisiert, unseren Kunden schnelle, einfache und professionelle Dienstleistungen zu bieten, damit sie unterhaltsame und ansprechende Radio-Jingles, Podcast-Jingles und mehr erzielen k\u00f6nnen. Wir sind in der Lage, mit einer Vielzahl von Kunden zusammenzuarbeiten und bieten personalisierte Unterst\u00fctzung von Anfang bis Ende, einschlie\u00dflich Produktionsassistenz und professionelle Synchronsprecher, die immer alles tun, um bei jedem Prozess Perfektion zu liefern.\u00a0<\/span><\/p>\n<p>&nbsp;<\/p>\n<p><b>Warum brauchen Sie einen Podcast-Jingle?<\/b><\/p>\n<p>&nbsp;<\/p>\n<p><span style=\"font-weight: 400;\">Wenn es darum geht, zu lernen, wie man a macht <\/span><a href=\"https:\/\/radiojingles24.com\/de\/produkt\/intro-outro-podcast-pack\/\"><span style=\"font-weight: 400;\">Podcast-Jingle<\/span><\/a><span style=\"font-weight: 400;\">, ist es wichtig zu verstehen, warum diese Jingles notwendig sind. Wenn Sie Ihr Publikum begeistern m\u00f6chten, k\u00f6nnen wir Ihnen helfen, indem wir eng mit Ihnen zusammenarbeiten, um ein einpr\u00e4gsames St\u00fcck zu schaffen, das einpr\u00e4gsam ist und vor allem zu Ihrer Marke passt. Es wird dazu beitragen, Vorfreude und Zusammenhalt zu erh\u00f6hen, um den Podcast auf die beste Weise zu \u00f6ffnen und zu schlie\u00dfen. Deshalb k\u00f6nnen wir schnell und effektiv Unterst\u00fctzung bieten, die ideal f\u00fcr Gemeinden, gewerbliche Kunden und sogar Internetradiosender ist. Unsere Dienste sind sowohl zuverl\u00e4ssig als auch kosteng\u00fcnstig, sodass Sie mit tadellosen Jingles, die Ihr Publikum garantiert genie\u00dfen wird, das beste Preis-Leistungs-Verh\u00e4ltnis erzielen.\u00a0<\/span><\/p>\n<p>&nbsp;<\/p>\n<p><b>Wie funktionieren unsere Dienstleistungen?<\/b><\/p>\n<p>&nbsp;<\/p>\n<p><span style=\"font-weight: 400;\">Wenn Sie sich f\u00fcr Radio Jingles 24 entscheiden, k\u00f6nnen Sie sicher sein, nicht nur einen au\u00dfergew\u00f6hnlichen Jingle zu erhalten, sondern Sie werden auch darin geschult, wie Sie selbst einen Podcast-Jingle erstellen k\u00f6nnen. Wir bitten Sie lediglich, unsere Website zu besuchen, auf der Sie das 30-sek\u00fcndige Intro-Skript und Voice-Over f\u00fcr Skript 1 sowie ein Outro-Skript 2 und Voice-Over eingeben k\u00f6nnen. Diese Voice-Overs k\u00f6nnen in unserem Pro Studio aufgenommen werden, wenn Sie daran interessiert sind, unsere <\/span><a href=\"https:\/\/radiojingles24.com\/de\/#voices\"><span style=\"font-weight: 400;\">professionelle Synchronsprecher<\/span><\/a><span style=\"font-weight: 400;\">, die wir dann f\u00fcr einen klaren und pr\u00e4gnanten Podcast-Jingle bearbeiten, komplett produzieren und mastern. Das fertige St\u00fcck kann Ihnen dann innerhalb von 24 Stunden wahlweise in HQ WAVE, MP3 oder AIFF je nach Ihren Vorgaben zugesandt werden.\u00a0<\/span><\/p>\n<p>&nbsp;<\/p>\n<p><b>Warum mit Radio Jingles 24 arbeiten?<\/b><\/p>\n<p>&nbsp;<\/p>\n<p><span style=\"font-weight: 400;\">Als f\u00fchrender Anbieter von benutzerdefinierten Jingles verstehen wir, dass jeder Kunde anders ist, weshalb wir bestrebt sind, einzigartige und unverwechselbare Melodien zu liefern, die Ihr Unternehmen perfekt repr\u00e4sentieren und erg\u00e4nzen. Wir wissen, wie man einen Podcast-Jingle mit langj\u00e4hriger Erfahrung auf diesem Gebiet anspricht, indem wir moderne Methoden und neueste Trends anwenden, um die demografische Zielgruppe anzusprechen und das von Ihnen gesuchte Publikum anzusprechen. Podcasts werden im Laufe der Jahre immer beliebter und wir m\u00f6chten sicherstellen, dass sich Ihr Podcast von den anderen abhebt, damit Sie sicher sein k\u00f6nnen, dass Sie mit uns die richtige Investition t\u00e4tigen.\u00a0<\/span><\/p>\n<p>&nbsp;<\/p>\n<p><b>So erreichen Sie uns<\/b><\/p>\n<p>&nbsp;<\/p>\n<p><span style=\"font-weight: 400;\">Wenn Sie also daran interessiert sind, einen Podcast-Jingle zu erstellen, k\u00f6nnen Sie sich noch heute an uns wenden. Wir helfen Ihnen gerne mit einem personalisierten Service, der f\u00fcr Ihre Marke geeignet ist. Bei Fragen k\u00f6nnen Sie uns gerne unter +44 (0) 113 534 6686 anrufen und unser Kundenservice wird sich in K\u00fcrze mit Ihnen in Verbindung setzen, um Ihre Fragen zu beantworten. Alternativ k\u00f6nnen Sie uns auch per E-Mail kontaktieren <\/span><a href=\"mailto:info@radiojingles24.com\"><span style=\"font-weight: 400;\">info@radiojingles24.com<\/span><\/a><span style=\"font-weight: 400;\"> und wir k\u00f6nnen Ihnen alle weiteren Informationen geben, die Sie ben\u00f6tigen.<\/span><\/p>","protected":false},"excerpt":{"rendered":"<p>M\u00f6chten Sie lernen, wie man einen Podcast-Jingle erstellt? Dann sind Sie bei uns genau richtig. Willkommen bei Radio Jingles 24,\u2026<\/p>","protected":false},"author":1,"featured_media":0,"parent":0,"menu_order":0,"comment_status":"closed","ping_status":"closed","template":"","meta":{"_exactmetrics_skip_tracking":false,"_exactmetrics_sitenote_active":false,"_exactmetrics_sitenote_note":"","_exactmetrics_sitenote_category":0,"footnotes":""},"class_list":["post-29933","page","type-page","status-publish"],"yoast_head":"<!-- This site is optimized with the Yoast SEO plugin v26.8 - https:\/\/yoast.com\/product\/yoast-seo-wordpress\/ -->\n<title>Radio Jingles 24: Radio Jingles | DJ Drops | Podcast Intros | Sung Jingles<\/title>\n<meta name=\"description\" content=\"Radio Jingles, Sung Jingles, DJ Drops, and Podcast Intros for commercial, community and internet radio stations. UK Based. Prices from \u00a35. Order online.\" \/>\n<meta name=\"robots\" content=\"index, follow, max-snippet:-1, max-image-preview:large, max-video-preview:-1\" \/>\n<link rel=\"canonical\" href=\"https:\/\/radiojingles24.com\/de\/interested-in-learning-how-to-make-a-podcast-jingle\/\" \/>\n<meta property=\"og:locale\" content=\"de_DE\" \/>\n<meta property=\"og:type\" content=\"article\" \/>\n<meta property=\"og:title\" content=\"Radio Jingles 24: Radio Jingles | DJ Drops | Podcast Intros | Sung Jingles\" \/>\n<meta property=\"og:description\" content=\"Radio Jingles, Sung Jingles, DJ Drops, and Podcast Intros for commercial, community and internet radio stations. UK Based. Prices from \u00a35. Order online.\" \/>\n<meta property=\"og:url\" content=\"https:\/\/radiojingles24.com\/de\/interested-in-learning-how-to-make-a-podcast-jingle\/\" \/>\n<meta property=\"og:site_name\" content=\"Radio Jingles 24: Radio Jingles | DJ Drops | Podcast Intros | Sung Jingles\" \/>\n<meta property=\"article:publisher\" content=\"https:\/\/www.facebook.com\/radiojingles24\/\" \/>\n<meta name=\"twitter:card\" content=\"summary_large_image\" \/>\n<meta name=\"twitter:site\" content=\"@radiojingles24\" \/>\n<meta name=\"twitter:label1\" content=\"Gesch\u00e4tzte Lesezeit\" \/>\n\t<meta name=\"twitter:data1\" content=\"3\u00a0Minuten\" \/>\n<script type=\"application\/ld+json\" class=\"yoast-schema-graph\">{\"@context\":\"https:\/\/schema.org\",\"@graph\":[{\"@type\":\"WebPage\",\"@id\":\"https:\/\/radiojingles24.com\/fr\/interested-in-learning-how-to-make-a-podcast-jingle\/\",\"url\":\"https:\/\/radiojingles24.com\/fr\/interested-in-learning-how-to-make-a-podcast-jingle\/\",\"name\":\"Radio Jingles 24: Radio Jingles | DJ Drops | Podcast Intros | Sung Jingles\",\"isPartOf\":{\"@id\":\"https:\/\/radiojingles24.com\/#website\"},\"datePublished\":\"2020-09-29T15:09:16+00:00\",\"description\":\"Radio Jingles, Sung Jingles, DJ Drops, and Podcast Intros for commercial, community and internet radio stations. UK Based. Prices from \u00a35. Order online.\",\"breadcrumb\":{\"@id\":\"https:\/\/radiojingles24.com\/fr\/interested-in-learning-how-to-make-a-podcast-jingle\/#breadcrumb\"},\"inLanguage\":\"de\",\"potentialAction\":[{\"@type\":\"ReadAction\",\"target\":[\"https:\/\/radiojingles24.com\/fr\/interested-in-learning-how-to-make-a-podcast-jingle\/\"]}]},{\"@type\":\"BreadcrumbList\",\"@id\":\"https:\/\/radiojingles24.com\/fr\/interested-in-learning-how-to-make-a-podcast-jingle\/#breadcrumb\",\"itemListElement\":[{\"@type\":\"ListItem\",\"position\":1,\"name\":\"Home\",\"item\":\"https:\/\/radiojingles24.com\/de\/\"},{\"@type\":\"ListItem\",\"position\":2,\"name\":\"Interested in Learning How to Make a Podcast Jingle?\"}]},{\"@type\":\"WebSite\",\"@id\":\"https:\/\/radiojingles24.com\/#website\",\"url\":\"https:\/\/radiojingles24.com\/\",\"name\":\"Radio Jingles 24: Radio Jingles | DJ Drops | Podcast Intros | Sung Jingles\",\"description\":\"Radio Jingles, Sung Jingles, DJ Drops, and Podcast Intros for commercial, community and internet radio stations. UK Based. Prices from \u00a35. Order online.\",\"publisher\":{\"@id\":\"https:\/\/radiojingles24.com\/#organization\"},\"potentialAction\":[{\"@type\":\"SearchAction\",\"target\":{\"@type\":\"EntryPoint\",\"urlTemplate\":\"https:\/\/radiojingles24.com\/?s={search_term_string}\"},\"query-input\":{\"@type\":\"PropertyValueSpecification\",\"valueRequired\":true,\"valueName\":\"search_term_string\"}}],\"inLanguage\":\"de\"},{\"@type\":\"Organization\",\"@id\":\"https:\/\/radiojingles24.com\/#organization\",\"name\":\"Radio Jingles 24\",\"url\":\"https:\/\/radiojingles24.com\/\",\"logo\":{\"@type\":\"ImageObject\",\"inLanguage\":\"de\",\"@id\":\"https:\/\/radiojingles24.com\/#\/schema\/logo\/image\/\",\"url\":\"https:\/\/radiojingles24.com\/wp-content\/uploads\/2019\/11\/RadioJingle1-1.jpg\",\"contentUrl\":\"https:\/\/radiojingles24.com\/wp-content\/uploads\/2019\/11\/RadioJingle1-1.jpg\",\"width\":512,\"height\":158,\"caption\":\"Radio Jingles 24\"},\"image\":{\"@id\":\"https:\/\/radiojingles24.com\/#\/schema\/logo\/image\/\"},\"sameAs\":[\"https:\/\/www.facebook.com\/radiojingles24\/\",\"https:\/\/x.com\/radiojingles24\"]}]}<\/script>\n<!-- \/ Yoast SEO plugin. -->","yoast_head_json":{"title":"Radio Jingles 24: Radio Jingles | DJ Drops | Podcast Intros | Gesungene Jingles","description":"Radio Jingles, Sung Jingles, DJ Drops und Podcast Intros f\u00fcr kommerzielle, Community- und Internetradiosender. In Gro\u00dfbritannien ans\u00e4ssig. Preise ab \u00a3 5. Online bestellen.","robots":{"index":"index","follow":"follow","max-snippet":"max-snippet:-1","max-image-preview":"max-image-preview:large","max-video-preview":"max-video-preview:-1"},"canonical":"https:\/\/radiojingles24.com\/de\/interested-in-learning-how-to-make-a-podcast-jingle\/","og_locale":"de_DE","og_type":"article","og_title":"Radio Jingles 24: Radio Jingles | DJ Drops | Podcast Intros | Sung Jingles","og_description":"Radio Jingles, Sung Jingles, DJ Drops, and Podcast Intros for commercial, community and internet radio stations. UK Based. Prices from \u00a35. Order online.","og_url":"https:\/\/radiojingles24.com\/de\/interested-in-learning-how-to-make-a-podcast-jingle\/","og_site_name":"Radio Jingles 24: Radio Jingles | DJ Drops | Podcast Intros | Sung Jingles","article_publisher":"https:\/\/www.facebook.com\/radiojingles24\/","twitter_card":"summary_large_image","twitter_site":"@radiojingles24","twitter_misc":{"Gesch\u00e4tzte Lesezeit":"3\u00a0Minuten"},"schema":{"@context":"https:\/\/schema.org","@graph":[{"@type":"WebPage","@id":"https:\/\/radiojingles24.com\/fr\/interested-in-learning-how-to-make-a-podcast-jingle\/","url":"https:\/\/radiojingles24.com\/fr\/interested-in-learning-how-to-make-a-podcast-jingle\/","name":"Radio Jingles 24: Radio Jingles | DJ Drops | Podcast Intros | Gesungene Jingles","isPartOf":{"@id":"https:\/\/radiojingles24.com\/#website"},"datePublished":"2020-09-29T15:09:16+00:00","description":"Radio Jingles, Sung Jingles, DJ Drops und Podcast Intros f\u00fcr kommerzielle, Community- und Internetradiosender. In Gro\u00dfbritannien ans\u00e4ssig. Preise ab \u00a3 5. Online bestellen.","breadcrumb":{"@id":"https:\/\/radiojingles24.com\/fr\/interested-in-learning-how-to-make-a-podcast-jingle\/#breadcrumb"},"inLanguage":"de","potentialAction":[{"@type":"ReadAction","target":["https:\/\/radiojingles24.com\/fr\/interested-in-learning-how-to-make-a-podcast-jingle\/"]}]},{"@type":"BreadcrumbList","@id":"https:\/\/radiojingles24.com\/fr\/interested-in-learning-how-to-make-a-podcast-jingle\/#breadcrumb","itemListElement":[{"@type":"ListItem","position":1,"name":"Home","item":"https:\/\/radiojingles24.com\/de\/"},{"@type":"ListItem","position":2,"name":"Interested in Learning How to Make a Podcast Jingle?"}]},{"@type":"WebSite","@id":"https:\/\/radiojingles24.com\/#website","url":"https:\/\/radiojingles24.com\/","name":"Radio Jingles 24: Radio Jingles | DJ Drops | Podcast Intros | Gesungene Jingles","description":"Radio Jingles, Sung Jingles, DJ Drops und Podcast Intros f\u00fcr kommerzielle, Community- und Internetradiosender. In Gro\u00dfbritannien ans\u00e4ssig. Preise ab \u00a3 5. Online bestellen.","publisher":{"@id":"https:\/\/radiojingles24.com\/#organization"},"potentialAction":[{"@type":"SearchAction","target":{"@type":"EntryPoint","urlTemplate":"https:\/\/radiojingles24.com\/?s={search_term_string}"},"query-input":{"@type":"PropertyValueSpecification","valueRequired":true,"valueName":"search_term_string"}}],"inLanguage":"de"},{"@type":"Organization","@id":"https:\/\/radiojingles24.com\/#organization","name":"Radio Jingles 24","url":"https:\/\/radiojingles24.com\/","logo":{"@type":"ImageObject","inLanguage":"de","@id":"https:\/\/radiojingles24.com\/#\/schema\/logo\/image\/","url":"https:\/\/radiojingles24.com\/wp-content\/uploads\/2019\/11\/RadioJingle1-1.jpg","contentUrl":"https:\/\/radiojingles24.com\/wp-content\/uploads\/2019\/11\/RadioJingle1-1.jpg","width":512,"height":158,"caption":"Radio Jingles 24"},"image":{"@id":"https:\/\/radiojingles24.com\/#\/schema\/logo\/image\/"},"sameAs":["https:\/\/www.facebook.com\/radiojingles24\/","https:\/\/x.com\/radiojingles24"]}]}},"jetpack_sharing_enabled":true,"_links":{"self":[{"href":"https:\/\/radiojingles24.com\/de\/wp-json\/wp\/v2\/pages\/29933","targetHints":{"allow":["GET"]}}],"collection":[{"href":"https:\/\/radiojingles24.com\/de\/wp-json\/wp\/v2\/pages"}],"about":[{"href":"https:\/\/radiojingles24.com\/de\/wp-json\/wp\/v2\/types\/page"}],"author":[{"embeddable":true,"href":"https:\/\/radiojingles24.com\/de\/wp-json\/wp\/v2\/users\/1"}],"replies":[{"embeddable":true,"href":"https:\/\/radiojingles24.com\/de\/wp-json\/wp\/v2\/comments?post=29933"}],"version-history":[{"count":1,"href":"https:\/\/radiojingles24.com\/de\/wp-json\/wp\/v2\/pages\/29933\/revisions"}],"predecessor-version":[{"id":29936,"href":"https:\/\/radiojingles24.com\/de\/wp-json\/wp\/v2\/pages\/29933\/revisions\/29936"}],"wp:attachment":[{"href":"https:\/\/radiojingles24.com\/de\/wp-json\/wp\/v2\/media?parent=29933"}],"curies":[{"name":"wp","href":"https:\/\/api.w.org\/{rel}","templated":true}]}}