{"id":30042,"date":"2020-10-06T15:55:59","date_gmt":"2020-10-06T15:55:59","guid":{"rendered":"https:\/\/radiojingles24.com\/affiliate-area-copy\/"},"modified":"2020-10-06T17:12:58","modified_gmt":"2020-10-06T17:12:58","slug":"affiliates","status":"publish","type":"page","link":"https:\/\/radiojingles24.com\/de\/affiliates\/","title":{"rendered":"Mitgliedsorganisationen"},"content":{"rendered":"<h2 style=\"text-align: center;\">M\u00f6chten Sie unserem Team beitreten?<\/h2>\n<p style=\"text-align: center;\">Die Teilnahme als Partner von Radio Jingles 24 ist kostenlos.<br \/>\nWir zahlen Provisionen f\u00fcr ALLE Verk\u00e4ufe, die Sie empfehlen.<br \/>\nVerdienen Sie 5% Provision f\u00fcr ALLE Produktverk\u00e4ufe!<\/p>\n<p><a href=\"https:\/\/radiojingles24.com\/de\/affiliate-area\/\"><img decoding=\"async\" class=\"size-medium wp-image-30065 aligncenter\" src=\"https:\/\/radiojingles24.com\/wp-content\/uploads\/2020\/10\/button_click-here-to-register-login-300x38.png\" alt=\"\" width=\"300\" height=\"38\" srcset=\"https:\/\/radiojingles24.com\/wp-content\/uploads\/2020\/10\/button_click-here-to-register-login-300x38.png 300w, https:\/\/radiojingles24.com\/wp-content\/uploads\/2020\/10\/button_click-here-to-register-login.png 517w\" sizes=\"(max-width: 300px) 100vw, 300px\" \/><\/a><\/p>\n<p>&nbsp;<\/p>\n<ul>\n<li>Wir zahlen 5% f\u00fcr alle Verk\u00e4ufe, die Sie an uns verweisen. Sie helfen dabei, Radio Jingles 24 bekannt zu machen, und wir werden Sie daf\u00fcr belohnen!<\/li>\n<li>Wir haben hier hohe Conversions, und wenn Sie DJs, Moderatoren, Podcast-Moderatoren und Radiomanager auf unseren Weg schicken, besteht eine hohe Wahrscheinlichkeit, dass sie etwas kaufen und Sie eine Provision erhalten!<\/li>\n<li>Wenn ein Kunde von Ihrer Website zu unserer kommt, erhalten Sie eine Gutschrift, solange er innerhalb von 30 Tagen zur\u00fcckkommt!<\/li>\n<li>Sie m\u00fcssen sich lediglich registrieren und haben dann Zugriff auf ein personalisiertes Dashboard, in dem alle Ihre Empfehlungen nachverfolgt werden!<\/li>\n<li>Sie erhalten auch Zugriff auf Banner, die Sie auf Ihrer Website mit Ihrer eindeutigen Empfehlungsadresse anzeigen k\u00f6nnen. Wenn also jemand auf das Banner klickt und von unserer Website kauft, erhalten Sie die Provision!<\/li>\n<\/ul>\n<p>&nbsp;<\/p>\n<p><strong>Wie funktioniert es?<\/strong><\/p>\n<ol>\n<li>Ein Besucher klickt auf einen Affiliate-Link auf Ihrer Website oder in einer E-Mail.<\/li>\n<li>Die Besucher-IP wird protokolliert und ein Cookie wird zu Verfolgungszwecken in ihrem Browser abgelegt.<\/li>\n<li>Der Besucher durchsucht unsere Website und entscheidet sich f\u00fcr die Bestellung.<\/li>\n<li>Wenn der Besucher bestellt, wird die Bestellung als Verkauf f\u00fcr Sie registriert.<\/li>\n<li>Wir werden den Verkauf pr\u00fcfen und genehmigen.<\/li>\n<li>Sie erhalten Provisionszahlungen.<\/li>\n<\/ol>\n<p>&nbsp;<\/p>\n<p><strong>Terms &amp; amp; Bedingungen<\/strong><\/p>\n<p>Wir zahlen am oder in der N\u00e4he des 1. eines jeden Monats. Sie m\u00fcssen mindestens \u00a3 30 Guthaben haben, um zur Zahlung berechtigt zu sein, und Sie sollten Empfehlungen von mindestens 2 verschiedenen Personen haben.<\/p>\n<p>&nbsp;<\/p>","protected":false},"excerpt":{"rendered":"<p>M\u00f6chten Sie unserem Team beitreten? Die Teilnahme als Partner von Radio Jingles 24 ist kostenlos. Wir zahlen Provisionen f\u00fcr ALLE von Ihnen geworbenen Verk\u00e4ufe\u2026.<\/p>","protected":false},"author":1,"featured_media":0,"parent":0,"menu_order":0,"comment_status":"closed","ping_status":"closed","template":"","meta":{"_exactmetrics_skip_tracking":false,"_exactmetrics_sitenote_active":false,"_exactmetrics_sitenote_note":"","_exactmetrics_sitenote_category":0,"footnotes":""},"class_list":["post-30042","page","type-page","status-publish"],"yoast_head":"<!-- This site is optimized with the Yoast SEO plugin v26.8 - https:\/\/yoast.com\/product\/yoast-seo-wordpress\/ -->\n<title>Radio Jingles 24: Radio Jingles | DJ Drops | Podcast Intros | Sung Jingles<\/title>\n<meta name=\"description\" content=\"Radio Jingles, Sung Jingles, DJ Drops, and Podcast Intros for commercial, community and internet radio stations. UK Based. Prices from \u00a35. Order online.\" \/>\n<meta name=\"robots\" content=\"index, follow, max-snippet:-1, max-image-preview:large, max-video-preview:-1\" \/>\n<link rel=\"canonical\" href=\"https:\/\/radiojingles24.com\/de\/affiliates\/\" \/>\n<meta property=\"og:locale\" content=\"de_DE\" \/>\n<meta property=\"og:type\" content=\"article\" \/>\n<meta property=\"og:title\" content=\"Radio Jingles 24: Radio Jingles | DJ Drops | Podcast Intros | Sung Jingles\" \/>\n<meta property=\"og:description\" content=\"Radio Jingles, Sung Jingles, DJ Drops, and Podcast Intros for commercial, community and internet radio stations. UK Based. Prices from \u00a35. Order online.\" \/>\n<meta property=\"og:url\" content=\"https:\/\/radiojingles24.com\/de\/affiliates\/\" \/>\n<meta property=\"og:site_name\" content=\"Radio Jingles 24: Radio Jingles | DJ Drops | Podcast Intros | Sung Jingles\" \/>\n<meta property=\"article:publisher\" content=\"https:\/\/www.facebook.com\/radiojingles24\/\" \/>\n<meta property=\"article:modified_time\" content=\"2020-10-06T17:12:58+00:00\" \/>\n<meta property=\"og:image\" content=\"https:\/\/radiojingles24.com\/wp-content\/uploads\/2020\/10\/button_click-here-to-register-login-300x38.png\" \/>\n<meta name=\"twitter:card\" content=\"summary_large_image\" \/>\n<meta name=\"twitter:site\" content=\"@radiojingles24\" \/>\n<meta name=\"twitter:label1\" content=\"Gesch\u00e4tzte Lesezeit\" \/>\n\t<meta name=\"twitter:data1\" content=\"1\u00a0Minute\" \/>\n<script type=\"application\/ld+json\" class=\"yoast-schema-graph\">{\"@context\":\"https:\/\/schema.org\",\"@graph\":[{\"@type\":\"WebPage\",\"@id\":\"https:\/\/radiojingles24.com\/de\/affiliates\/\",\"url\":\"https:\/\/radiojingles24.com\/de\/affiliates\/\",\"name\":\"Radio Jingles 24: Radio Jingles | DJ Drops | Podcast Intros | Sung Jingles\",\"isPartOf\":{\"@id\":\"https:\/\/radiojingles24.com\/#website\"},\"primaryImageOfPage\":{\"@id\":\"https:\/\/radiojingles24.com\/de\/affiliates\/#primaryimage\"},\"image\":{\"@id\":\"https:\/\/radiojingles24.com\/de\/affiliates\/#primaryimage\"},\"thumbnailUrl\":\"https:\/\/radiojingles24.com\/wp-content\/uploads\/2020\/10\/button_click-here-to-register-login-300x38.png\",\"datePublished\":\"2020-10-06T15:55:59+00:00\",\"dateModified\":\"2020-10-06T17:12:58+00:00\",\"description\":\"Radio Jingles, Sung Jingles, DJ Drops, and Podcast Intros for commercial, community and internet radio stations. UK Based. Prices from \u00a35. Order online.\",\"breadcrumb\":{\"@id\":\"https:\/\/radiojingles24.com\/de\/affiliates\/#breadcrumb\"},\"inLanguage\":\"de\",\"potentialAction\":[{\"@type\":\"ReadAction\",\"target\":[\"https:\/\/radiojingles24.com\/de\/affiliates\/\"]}]},{\"@type\":\"ImageObject\",\"inLanguage\":\"de\",\"@id\":\"https:\/\/radiojingles24.com\/de\/affiliates\/#primaryimage\",\"url\":\"https:\/\/radiojingles24.com\/wp-content\/uploads\/2020\/10\/button_click-here-to-register-login-300x38.png\",\"contentUrl\":\"https:\/\/radiojingles24.com\/wp-content\/uploads\/2020\/10\/button_click-here-to-register-login-300x38.png\"},{\"@type\":\"BreadcrumbList\",\"@id\":\"https:\/\/radiojingles24.com\/de\/affiliates\/#breadcrumb\",\"itemListElement\":[{\"@type\":\"ListItem\",\"position\":1,\"name\":\"Home\",\"item\":\"https:\/\/radiojingles24.com\/de\/\"},{\"@type\":\"ListItem\",\"position\":2,\"name\":\"Affiliates\"}]},{\"@type\":\"WebSite\",\"@id\":\"https:\/\/radiojingles24.com\/#website\",\"url\":\"https:\/\/radiojingles24.com\/\",\"name\":\"Radio Jingles 24: Radio Jingles | DJ Drops | Podcast Intros | Sung Jingles\",\"description\":\"Radio Jingles, Sung Jingles, DJ Drops, and Podcast Intros for commercial, community and internet radio stations. UK Based. Prices from \u00a35. Order online.\",\"publisher\":{\"@id\":\"https:\/\/radiojingles24.com\/#organization\"},\"potentialAction\":[{\"@type\":\"SearchAction\",\"target\":{\"@type\":\"EntryPoint\",\"urlTemplate\":\"https:\/\/radiojingles24.com\/?s={search_term_string}\"},\"query-input\":{\"@type\":\"PropertyValueSpecification\",\"valueRequired\":true,\"valueName\":\"search_term_string\"}}],\"inLanguage\":\"de\"},{\"@type\":\"Organization\",\"@id\":\"https:\/\/radiojingles24.com\/#organization\",\"name\":\"Radio Jingles 24\",\"url\":\"https:\/\/radiojingles24.com\/\",\"logo\":{\"@type\":\"ImageObject\",\"inLanguage\":\"de\",\"@id\":\"https:\/\/radiojingles24.com\/#\/schema\/logo\/image\/\",\"url\":\"https:\/\/radiojingles24.com\/wp-content\/uploads\/2019\/11\/RadioJingle1-1.jpg\",\"contentUrl\":\"https:\/\/radiojingles24.com\/wp-content\/uploads\/2019\/11\/RadioJingle1-1.jpg\",\"width\":512,\"height\":158,\"caption\":\"Radio Jingles 24\"},\"image\":{\"@id\":\"https:\/\/radiojingles24.com\/#\/schema\/logo\/image\/\"},\"sameAs\":[\"https:\/\/www.facebook.com\/radiojingles24\/\",\"https:\/\/x.com\/radiojingles24\"]}]}<\/script>\n<!-- \/ Yoast SEO plugin. -->","yoast_head_json":{"title":"Radio Jingles 24: Radio Jingles | DJ Drops | Podcast Intros | Gesungene Jingles","description":"Radio Jingles, Sung Jingles, DJ Drops und Podcast Intros f\u00fcr kommerzielle, Community- und Internetradiosender. In Gro\u00dfbritannien ans\u00e4ssig. Preise ab \u00a3 5. Online bestellen.","robots":{"index":"index","follow":"follow","max-snippet":"max-snippet:-1","max-image-preview":"max-image-preview:large","max-video-preview":"max-video-preview:-1"},"canonical":"https:\/\/radiojingles24.com\/de\/affiliates\/","og_locale":"de_DE","og_type":"article","og_title":"Radio Jingles 24: Radio Jingles | DJ Drops | Podcast Intros | Sung Jingles","og_description":"Radio Jingles, Sung Jingles, DJ Drops, and Podcast Intros for commercial, community and internet radio stations. UK Based. Prices from \u00a35. Order online.","og_url":"https:\/\/radiojingles24.com\/de\/affiliates\/","og_site_name":"Radio Jingles 24: Radio Jingles | DJ Drops | Podcast Intros | Sung Jingles","article_publisher":"https:\/\/www.facebook.com\/radiojingles24\/","article_modified_time":"2020-10-06T17:12:58+00:00","og_image":[{"url":"https:\/\/radiojingles24.com\/wp-content\/uploads\/2020\/10\/button_click-here-to-register-login-300x38.png","type":"","width":"","height":""}],"twitter_card":"summary_large_image","twitter_site":"@radiojingles24","twitter_misc":{"Gesch\u00e4tzte Lesezeit":"1\u00a0Minute"},"schema":{"@context":"https:\/\/schema.org","@graph":[{"@type":"WebPage","@id":"https:\/\/radiojingles24.com\/de\/affiliates\/","url":"https:\/\/radiojingles24.com\/de\/affiliates\/","name":"Radio Jingles 24: Radio Jingles | DJ Drops | Podcast Intros | Gesungene Jingles","isPartOf":{"@id":"https:\/\/radiojingles24.com\/#website"},"primaryImageOfPage":{"@id":"https:\/\/radiojingles24.com\/de\/affiliates\/#primaryimage"},"image":{"@id":"https:\/\/radiojingles24.com\/de\/affiliates\/#primaryimage"},"thumbnailUrl":"https:\/\/radiojingles24.com\/wp-content\/uploads\/2020\/10\/button_click-here-to-register-login-300x38.png","datePublished":"2020-10-06T15:55:59+00:00","dateModified":"2020-10-06T17:12:58+00:00","description":"Radio Jingles, Sung Jingles, DJ Drops und Podcast Intros f\u00fcr kommerzielle, Community- und Internetradiosender. In Gro\u00dfbritannien ans\u00e4ssig. Preise ab \u00a3 5. Online bestellen.","breadcrumb":{"@id":"https:\/\/radiojingles24.com\/de\/affiliates\/#breadcrumb"},"inLanguage":"de","potentialAction":[{"@type":"ReadAction","target":["https:\/\/radiojingles24.com\/de\/affiliates\/"]}]},{"@type":"ImageObject","inLanguage":"de","@id":"https:\/\/radiojingles24.com\/de\/affiliates\/#primaryimage","url":"https:\/\/radiojingles24.com\/wp-content\/uploads\/2020\/10\/button_click-here-to-register-login-300x38.png","contentUrl":"https:\/\/radiojingles24.com\/wp-content\/uploads\/2020\/10\/button_click-here-to-register-login-300x38.png"},{"@type":"BreadcrumbList","@id":"https:\/\/radiojingles24.com\/de\/affiliates\/#breadcrumb","itemListElement":[{"@type":"ListItem","position":1,"name":"Home","item":"https:\/\/radiojingles24.com\/de\/"},{"@type":"ListItem","position":2,"name":"Affiliates"}]},{"@type":"WebSite","@id":"https:\/\/radiojingles24.com\/#website","url":"https:\/\/radiojingles24.com\/","name":"Radio Jingles 24: Radio Jingles | DJ Drops | Podcast Intros | Gesungene Jingles","description":"Radio Jingles, Sung Jingles, DJ Drops und Podcast Intros f\u00fcr kommerzielle, Community- und Internetradiosender. In Gro\u00dfbritannien ans\u00e4ssig. Preise ab \u00a3 5. Online bestellen.","publisher":{"@id":"https:\/\/radiojingles24.com\/#organization"},"potentialAction":[{"@type":"SearchAction","target":{"@type":"EntryPoint","urlTemplate":"https:\/\/radiojingles24.com\/?s={search_term_string}"},"query-input":{"@type":"PropertyValueSpecification","valueRequired":true,"valueName":"search_term_string"}}],"inLanguage":"de"},{"@type":"Organization","@id":"https:\/\/radiojingles24.com\/#organization","name":"Radio Jingles 24","url":"https:\/\/radiojingles24.com\/","logo":{"@type":"ImageObject","inLanguage":"de","@id":"https:\/\/radiojingles24.com\/#\/schema\/logo\/image\/","url":"https:\/\/radiojingles24.com\/wp-content\/uploads\/2019\/11\/RadioJingle1-1.jpg","contentUrl":"https:\/\/radiojingles24.com\/wp-content\/uploads\/2019\/11\/RadioJingle1-1.jpg","width":512,"height":158,"caption":"Radio Jingles 24"},"image":{"@id":"https:\/\/radiojingles24.com\/#\/schema\/logo\/image\/"},"sameAs":["https:\/\/www.facebook.com\/radiojingles24\/","https:\/\/x.com\/radiojingles24"]}]}},"jetpack_sharing_enabled":true,"_links":{"self":[{"href":"https:\/\/radiojingles24.com\/de\/wp-json\/wp\/v2\/pages\/30042","targetHints":{"allow":["GET"]}}],"collection":[{"href":"https:\/\/radiojingles24.com\/de\/wp-json\/wp\/v2\/pages"}],"about":[{"href":"https:\/\/radiojingles24.com\/de\/wp-json\/wp\/v2\/types\/page"}],"author":[{"embeddable":true,"href":"https:\/\/radiojingles24.com\/de\/wp-json\/wp\/v2\/users\/1"}],"replies":[{"embeddable":true,"href":"https:\/\/radiojingles24.com\/de\/wp-json\/wp\/v2\/comments?post=30042"}],"version-history":[{"count":4,"href":"https:\/\/radiojingles24.com\/de\/wp-json\/wp\/v2\/pages\/30042\/revisions"}],"predecessor-version":[{"id":30067,"href":"https:\/\/radiojingles24.com\/de\/wp-json\/wp\/v2\/pages\/30042\/revisions\/30067"}],"wp:attachment":[{"href":"https:\/\/radiojingles24.com\/de\/wp-json\/wp\/v2\/media?parent=30042"}],"curies":[{"name":"wp","href":"https:\/\/api.w.org\/{rel}","templated":true}]}}