{"id":35645,"date":"2020-10-12T13:49:32","date_gmt":"2020-10-12T13:49:32","guid":{"rendered":"https:\/\/radiojingles24.com\/?page_id=35645"},"modified":"2020-10-12T13:49:32","modified_gmt":"2020-10-12T13:49:32","slug":"need-unique-voice-over-jingles","status":"publish","type":"page","link":"https:\/\/radiojingles24.com\/de\/need-unique-voice-over-jingles\/","title":{"rendered":"Ben\u00f6tigen Sie einzigartige Voice-over-Jingles"},"content":{"rendered":"<p><span style=\"font-weight: 400;\">Ben\u00f6tigen Sie einzigartige Voice-Over-Jingles? Dann <\/span><a href=\"https:\/\/radiojingles24.com\/de\/\"><span style=\"font-weight: 400;\">Radio Jingles 24<\/span><\/a><span style=\"font-weight: 400;\"> Hier um zu helfen. Wir erstellen und senden hochwertiges Audio f\u00fcr jeden Kunden, mit dem wir zusammenarbeiten. Egal, ob Sie DJ, Radiomoderator, Werbeproduzent oder Podcast-Ersteller sind, wir k\u00f6nnen unsere Dienstleistungen mit modernsten Aufnahmeger\u00e4ten und professionellen Synchronsprechern an Ihre Anforderungen anpassen. Wir k\u00f6nnen sowohl britische als auch US-amerikanische Kunden unterst\u00fctzen und ihnen erm\u00f6glichen, unverwechselbare Voice-Overs zu erhalten, die ihre Marke perfekt repr\u00e4sentieren, sodass Sie sicher sein k\u00f6nnen, dass Sie am richtigen Ort sind.\u00a0<\/span><\/p>\n<h2>Einzigartige Voice-over-Jingles<\/h2>\n<p><span style=\"font-weight: 400;\">Hier bei Radio Jingles 24 sind wir extrem leidenschaftlich und liefern nur die besten Audios f\u00fcr <\/span><a href=\"https:\/\/radiojingles24.com\/de\/#cat-cks\"><span style=\"font-weight: 400;\">Stimme \u00fcber Jinglesing<\/span><\/a><span style=\"font-weight: 400;\">. Unser Team kann Ihre Voice-Overs in unserem Pro Studio vollst\u00e4ndig produzieren und mastern, die dann in nur 24 Stunden an Sie gesendet werden k\u00f6nnen. Diese k\u00f6nnen verwendet werden, um Ihren Radiosender vorzustellen, Ihr Set zu starten und Ihre H\u00f6rer allgemein f\u00fcr kommende Shows zu begeistern. Die Audios k\u00f6nnen trocken oder vollst\u00e4ndig mit Music Acapella-Formaten oder SFX produziert werden, je nach Ihren Anforderungen entweder lang oder kurz. Alles, was Sie tun m\u00fcssen, ist Ihren Synchronsprecher aus unserem <\/span><a href=\"https:\/\/radiojingles24.com\/de\/#voices\"><span style=\"font-weight: 400;\">Angebot an Demos<\/span><\/a><span style=\"font-weight: 400;\">, dann senden Sie uns Ihr Skript zusammen mit allen spezifischen Anweisungen, die wir befolgen sollen. Von hier aus k\u00f6nnen wir mit der Erstellung Ihrer Audios beginnen.<\/span><\/p>\n<p><span style=\"font-weight: 400;\">Im Laufe der Jahre wurden Voice-Over-Jingles von Hunderten von Organisationen verwendet. Von Werbung und Podcasts bis hin zu Radiosendungen und DJ-Sets k\u00f6nnen wir Audios bereitstellen, die Ihre Marke perfekt bewerben, sodass Ihre Verbraucher interessiert bleiben und sich f\u00fcr das interessieren, was Sie bewerben m\u00f6chten. Sie k\u00f6nnen nicht nur Ihr Unternehmen verbessern, sondern auch Ihre Geschichte auf ansprechende Weise erz\u00e4hlen. Ob Sie erhalten m\u00f6chten <\/span><a href=\"https:\/\/radiojingles24.com\/de\/produkt\/spoken-audio\/\"><span style=\"font-weight: 400;\">gesprochen<\/span><\/a><span style=\"font-weight: 400;\">, oder <\/span><a href=\"https:\/\/radiojingles24.com\/de\/produkt\/sung-audio\/\"><span style=\"font-weight: 400;\">gesungene Voice-Overs<\/span><\/a><span style=\"font-weight: 400;\">, k\u00f6nnen wir Ihre Audios in einer Vielzahl von Dateien liefern, einschlie\u00dflich MP3, AIFF oder HQ WAVE. Unsere Dienstleistungen sind 100% geb\u00fchrenfrei und werden in einer au\u00dfergew\u00f6hnlichen Qualit\u00e4t produziert, die Sie \u00fcber Jahre hinweg nutzen k\u00f6nnen.<\/span><\/p>\n<h2><b>Warum Radio Jingles 24 w\u00e4hlen?<\/b><\/h2>\n<p><span style=\"font-weight: 400;\">Als f\u00fchrender Anbieter einzigartiger Audios k\u00f6nnen wir professionelle Dienstleistungen erbringen, die absolut einzigartig sind. Mit Ihren Anweisungen k\u00f6nnen wir Voice-Over-Jingles mit verschiedenen Ausdr\u00fccken, Akzenten und Stimmen erstellen, die Ihnen helfen, sich von den anderen abzuheben. Wir k\u00f6nnen Ihre Audios von Anfang bis Ende aufnehmen, produzieren, bearbeiten und mastern, damit Sie bei Ihren Zuh\u00f6rern einen bleibenden Eindruck hinterlassen. Mit unseren aufregenden, unterhaltsamen und ansprechenden Voice-Overs garantieren wir, dass Ihre Erwartungen \u00fcbertroffen werden und Ihre Kunden jederzeit binden.\u00a0<\/span><\/p>\n<p><span style=\"font-weight: 400;\">Wenn Sie also Voice-Over-Jingles ben\u00f6tigen, k\u00f6nnen Sie dies gerne tun <\/span><a href=\"https:\/\/radiojingles24.com\/de\/contact-us\/\"><span style=\"font-weight: 400;\">kontaktiere uns<\/span><\/a><span style=\"font-weight: 400;\"> heute und wir freuen uns, Ihnen professionelle und personalisierte Audios zur Verf\u00fcgung zu stellen, von denen wir wissen, dass Sie sie lieben werden. Bei Fragen z\u00f6gern Sie bitte nicht, uns \u00fcber unsere US-Nummer +1 (212) 710-1350 oder unsere britische Nummer +44 (0) 113 5346686 anzurufen. Unser Kundenservice wird sich mit Ihnen in Verbindung setzen, um Ihre Fragen zu beantworten . Alternativ k\u00f6nnen Sie uns auch per E-Mail kontaktieren <\/span><a href=\"mailto:info@radiojingles24.com\"><span style=\"font-weight: 400;\">info@radiojingles24.com<\/span><\/a><span style=\"font-weight: 400;\"> und wir k\u00f6nnen Ihnen alle weiteren Informationen geben, die Sie ben\u00f6tigen.\u00a0<\/span><\/p>","protected":false},"excerpt":{"rendered":"<p>Ben\u00f6tigen Sie einzigartige Voice-Over-Jingles? Dann hilft Radio Jingles 24 hier. Wir erstellen und senden hochwertige Audiodaten f\u00fcr jeden Kunden, den wir arbeiten\u2026<\/p>","protected":false},"author":1,"featured_media":0,"parent":0,"menu_order":0,"comment_status":"closed","ping_status":"closed","template":"","meta":{"_exactmetrics_skip_tracking":false,"_exactmetrics_sitenote_active":false,"_exactmetrics_sitenote_note":"","_exactmetrics_sitenote_category":0,"footnotes":""},"class_list":["post-35645","page","type-page","status-publish"],"yoast_head":"<!-- This site is optimized with the Yoast SEO plugin v26.8 - https:\/\/yoast.com\/product\/yoast-seo-wordpress\/ -->\n<title>Radio Jingles 24: Radio Jingles | DJ Drops | Podcast Intros | Sung Jingles<\/title>\n<meta name=\"description\" content=\"Radio Jingles, Sung Jingles, DJ Drops, and Podcast Intros for commercial, community and internet radio stations. UK Based. Prices from \u00a35. Order online.\" \/>\n<meta name=\"robots\" content=\"index, follow, max-snippet:-1, max-image-preview:large, max-video-preview:-1\" \/>\n<link rel=\"canonical\" href=\"https:\/\/radiojingles24.com\/de\/need-unique-voice-over-jingles\/\" \/>\n<meta property=\"og:locale\" content=\"de_DE\" \/>\n<meta property=\"og:type\" content=\"article\" \/>\n<meta property=\"og:title\" content=\"Radio Jingles 24: Radio Jingles | DJ Drops | Podcast Intros | Sung Jingles\" \/>\n<meta property=\"og:description\" content=\"Radio Jingles, Sung Jingles, DJ Drops, and Podcast Intros for commercial, community and internet radio stations. UK Based. Prices from \u00a35. Order online.\" \/>\n<meta property=\"og:url\" content=\"https:\/\/radiojingles24.com\/de\/need-unique-voice-over-jingles\/\" \/>\n<meta property=\"og:site_name\" content=\"Radio Jingles 24: Radio Jingles | DJ Drops | Podcast Intros | Sung Jingles\" \/>\n<meta property=\"article:publisher\" content=\"https:\/\/www.facebook.com\/radiojingles24\/\" \/>\n<meta name=\"twitter:card\" content=\"summary_large_image\" \/>\n<meta name=\"twitter:site\" content=\"@radiojingles24\" \/>\n<meta name=\"twitter:label1\" content=\"Gesch\u00e4tzte Lesezeit\" \/>\n\t<meta name=\"twitter:data1\" content=\"3\u00a0Minuten\" \/>\n<script type=\"application\/ld+json\" class=\"yoast-schema-graph\">{\"@context\":\"https:\/\/schema.org\",\"@graph\":[{\"@type\":\"WebPage\",\"@id\":\"https:\/\/radiojingles24.com\/need-unique-voice-over-jingles\/\",\"url\":\"https:\/\/radiojingles24.com\/need-unique-voice-over-jingles\/\",\"name\":\"Radio Jingles 24: Radio Jingles | DJ Drops | Podcast Intros | Sung Jingles\",\"isPartOf\":{\"@id\":\"https:\/\/radiojingles24.com\/#website\"},\"datePublished\":\"2020-10-12T13:49:32+00:00\",\"description\":\"Radio Jingles, Sung Jingles, DJ Drops, and Podcast Intros for commercial, community and internet radio stations. UK Based. Prices from \u00a35. Order online.\",\"breadcrumb\":{\"@id\":\"https:\/\/radiojingles24.com\/need-unique-voice-over-jingles\/#breadcrumb\"},\"inLanguage\":\"de\",\"potentialAction\":[{\"@type\":\"ReadAction\",\"target\":[\"https:\/\/radiojingles24.com\/need-unique-voice-over-jingles\/\"]}]},{\"@type\":\"BreadcrumbList\",\"@id\":\"https:\/\/radiojingles24.com\/need-unique-voice-over-jingles\/#breadcrumb\",\"itemListElement\":[{\"@type\":\"ListItem\",\"position\":1,\"name\":\"Home\",\"item\":\"https:\/\/radiojingles24.com\/de\/\"},{\"@type\":\"ListItem\",\"position\":2,\"name\":\"Need Unique Voice over Jingles\"}]},{\"@type\":\"WebSite\",\"@id\":\"https:\/\/radiojingles24.com\/#website\",\"url\":\"https:\/\/radiojingles24.com\/\",\"name\":\"Radio Jingles 24: Radio Jingles | DJ Drops | Podcast Intros | Sung Jingles\",\"description\":\"Radio Jingles, Sung Jingles, DJ Drops, and Podcast Intros for commercial, community and internet radio stations. UK Based. Prices from \u00a35. Order online.\",\"publisher\":{\"@id\":\"https:\/\/radiojingles24.com\/#organization\"},\"potentialAction\":[{\"@type\":\"SearchAction\",\"target\":{\"@type\":\"EntryPoint\",\"urlTemplate\":\"https:\/\/radiojingles24.com\/?s={search_term_string}\"},\"query-input\":{\"@type\":\"PropertyValueSpecification\",\"valueRequired\":true,\"valueName\":\"search_term_string\"}}],\"inLanguage\":\"de\"},{\"@type\":\"Organization\",\"@id\":\"https:\/\/radiojingles24.com\/#organization\",\"name\":\"Radio Jingles 24\",\"url\":\"https:\/\/radiojingles24.com\/\",\"logo\":{\"@type\":\"ImageObject\",\"inLanguage\":\"de\",\"@id\":\"https:\/\/radiojingles24.com\/#\/schema\/logo\/image\/\",\"url\":\"https:\/\/radiojingles24.com\/wp-content\/uploads\/2019\/11\/RadioJingle1-1.jpg\",\"contentUrl\":\"https:\/\/radiojingles24.com\/wp-content\/uploads\/2019\/11\/RadioJingle1-1.jpg\",\"width\":512,\"height\":158,\"caption\":\"Radio Jingles 24\"},\"image\":{\"@id\":\"https:\/\/radiojingles24.com\/#\/schema\/logo\/image\/\"},\"sameAs\":[\"https:\/\/www.facebook.com\/radiojingles24\/\",\"https:\/\/x.com\/radiojingles24\"]}]}<\/script>\n<!-- \/ Yoast SEO plugin. -->","yoast_head_json":{"title":"Radio Jingles 24: Radio Jingles | DJ Drops | Podcast Intros | Gesungene Jingles","description":"Radio Jingles, Sung Jingles, DJ Drops und Podcast Intros f\u00fcr kommerzielle, Community- und Internetradiosender. In Gro\u00dfbritannien ans\u00e4ssig. Preise ab \u00a3 5. Online bestellen.","robots":{"index":"index","follow":"follow","max-snippet":"max-snippet:-1","max-image-preview":"max-image-preview:large","max-video-preview":"max-video-preview:-1"},"canonical":"https:\/\/radiojingles24.com\/de\/need-unique-voice-over-jingles\/","og_locale":"de_DE","og_type":"article","og_title":"Radio Jingles 24: Radio Jingles | DJ Drops | Podcast Intros | Sung Jingles","og_description":"Radio Jingles, Sung Jingles, DJ Drops, and Podcast Intros for commercial, community and internet radio stations. UK Based. Prices from \u00a35. Order online.","og_url":"https:\/\/radiojingles24.com\/de\/need-unique-voice-over-jingles\/","og_site_name":"Radio Jingles 24: Radio Jingles | DJ Drops | Podcast Intros | Sung Jingles","article_publisher":"https:\/\/www.facebook.com\/radiojingles24\/","twitter_card":"summary_large_image","twitter_site":"@radiojingles24","twitter_misc":{"Gesch\u00e4tzte Lesezeit":"3\u00a0Minuten"},"schema":{"@context":"https:\/\/schema.org","@graph":[{"@type":"WebPage","@id":"https:\/\/radiojingles24.com\/need-unique-voice-over-jingles\/","url":"https:\/\/radiojingles24.com\/need-unique-voice-over-jingles\/","name":"Radio Jingles 24: Radio Jingles | DJ Drops | Podcast Intros | Gesungene Jingles","isPartOf":{"@id":"https:\/\/radiojingles24.com\/#website"},"datePublished":"2020-10-12T13:49:32+00:00","description":"Radio Jingles, Sung Jingles, DJ Drops und Podcast Intros f\u00fcr kommerzielle, Community- und Internetradiosender. In Gro\u00dfbritannien ans\u00e4ssig. Preise ab \u00a3 5. Online bestellen.","breadcrumb":{"@id":"https:\/\/radiojingles24.com\/need-unique-voice-over-jingles\/#breadcrumb"},"inLanguage":"de","potentialAction":[{"@type":"ReadAction","target":["https:\/\/radiojingles24.com\/need-unique-voice-over-jingles\/"]}]},{"@type":"BreadcrumbList","@id":"https:\/\/radiojingles24.com\/need-unique-voice-over-jingles\/#breadcrumb","itemListElement":[{"@type":"ListItem","position":1,"name":"Home","item":"https:\/\/radiojingles24.com\/de\/"},{"@type":"ListItem","position":2,"name":"Need Unique Voice over Jingles"}]},{"@type":"WebSite","@id":"https:\/\/radiojingles24.com\/#website","url":"https:\/\/radiojingles24.com\/","name":"Radio Jingles 24: Radio Jingles | DJ Drops | Podcast Intros | Gesungene Jingles","description":"Radio Jingles, Sung Jingles, DJ Drops und Podcast Intros f\u00fcr kommerzielle, Community- und Internetradiosender. In Gro\u00dfbritannien ans\u00e4ssig. Preise ab \u00a3 5. Online bestellen.","publisher":{"@id":"https:\/\/radiojingles24.com\/#organization"},"potentialAction":[{"@type":"SearchAction","target":{"@type":"EntryPoint","urlTemplate":"https:\/\/radiojingles24.com\/?s={search_term_string}"},"query-input":{"@type":"PropertyValueSpecification","valueRequired":true,"valueName":"search_term_string"}}],"inLanguage":"de"},{"@type":"Organization","@id":"https:\/\/radiojingles24.com\/#organization","name":"Radio Jingles 24","url":"https:\/\/radiojingles24.com\/","logo":{"@type":"ImageObject","inLanguage":"de","@id":"https:\/\/radiojingles24.com\/#\/schema\/logo\/image\/","url":"https:\/\/radiojingles24.com\/wp-content\/uploads\/2019\/11\/RadioJingle1-1.jpg","contentUrl":"https:\/\/radiojingles24.com\/wp-content\/uploads\/2019\/11\/RadioJingle1-1.jpg","width":512,"height":158,"caption":"Radio Jingles 24"},"image":{"@id":"https:\/\/radiojingles24.com\/#\/schema\/logo\/image\/"},"sameAs":["https:\/\/www.facebook.com\/radiojingles24\/","https:\/\/x.com\/radiojingles24"]}]}},"jetpack_sharing_enabled":true,"_links":{"self":[{"href":"https:\/\/radiojingles24.com\/de\/wp-json\/wp\/v2\/pages\/35645","targetHints":{"allow":["GET"]}}],"collection":[{"href":"https:\/\/radiojingles24.com\/de\/wp-json\/wp\/v2\/pages"}],"about":[{"href":"https:\/\/radiojingles24.com\/de\/wp-json\/wp\/v2\/types\/page"}],"author":[{"embeddable":true,"href":"https:\/\/radiojingles24.com\/de\/wp-json\/wp\/v2\/users\/1"}],"replies":[{"embeddable":true,"href":"https:\/\/radiojingles24.com\/de\/wp-json\/wp\/v2\/comments?post=35645"}],"version-history":[{"count":1,"href":"https:\/\/radiojingles24.com\/de\/wp-json\/wp\/v2\/pages\/35645\/revisions"}],"predecessor-version":[{"id":35647,"href":"https:\/\/radiojingles24.com\/de\/wp-json\/wp\/v2\/pages\/35645\/revisions\/35647"}],"wp:attachment":[{"href":"https:\/\/radiojingles24.com\/de\/wp-json\/wp\/v2\/media?parent=35645"}],"curies":[{"name":"wp","href":"https:\/\/api.w.org\/{rel}","templated":true}]}}