{"id":35652,"date":"2020-10-12T13:51:16","date_gmt":"2020-10-12T13:51:16","guid":{"rendered":"https:\/\/radiojingles24.com\/?page_id=35652"},"modified":"2020-10-12T14:00:13","modified_gmt":"2020-10-12T14:00:13","slug":"personal-radio-station-jingles","status":"publish","type":"page","link":"https:\/\/radiojingles24.com\/de\/personal-radio-station-jingles\/","title":{"rendered":"Auf der Suche nach pers\u00f6nlichen Radiosender-Jingles?"},"content":{"rendered":"<p><span style=\"font-weight: 400;\">Versuchen Sie, pers\u00f6nliche Radiosender-Jingles zu finden? Dann <\/span><a href=\"https:\/\/radiojingles24.com\/de\/\"><span style=\"font-weight: 400;\">Radio Jingles 24<\/span><\/a><span style=\"font-weight: 400;\"> stehen zur Verf\u00fcgung, um Ihre Bed\u00fcrfnisse zu unterst\u00fctzen. Wir sind ein Unternehmen, das sich darauf spezialisiert hat, in nur 24 Stunden sowohl gesprochene als auch gesungene Jingles f\u00fcr Kunden zu erstellen. Mit modernster Technologie und der Hilfe professioneller Synchronsprecher k\u00f6nnen wir Ihnen helfen, einzigartige und unterhaltsame Jingles zu erstellen, die genau auf Ihre Spezifikationen und Ihr Publikum zugeschnitten sind. Um dem Service eine zus\u00e4tzliche pers\u00f6nliche Note zu verleihen, k\u00f6nnen Sie sogar ausw\u00e4hlen, welches Voiceover Sie f\u00fcr Ihr Projekt w\u00fcnschen. Besuchen Sie unser Angebot an Stimmen auf unserer Website und beginnen Sie mit der Erstellung Ihres eigenen Jingles.<\/span><\/p>\n<h2>Pers\u00f6nlicher Radiosender Jingles<\/h2>\n<p><span style=\"font-weight: 400;\">Hier bei Radio Jingles 24 liefern wir schnelle und einfache Radiosenderbilder, gesungene Radiojingles, Werbespots, Podcast-Audio und DJ-Drops. Dies gibt Ihnen die perfekte Auswahl an Radiosender-Jingles, da wir eing\u00e4ngige erstellen k\u00f6nnen <\/span><a href=\"https:\/\/radiojingles24.com\/de\/produkt\/sung-audio\/\"><span style=\"font-weight: 400;\">Lieder<\/span><\/a><span style=\"font-weight: 400;\"> oder <\/span><a href=\"https:\/\/radiojingles24.com\/de\/produkt\/spoken-audio\/\"><span style=\"font-weight: 400;\">gesprochen<\/span><\/a><span style=\"font-weight: 400;\"> S\u00e4tze, die Ihrem Publikum im Ged\u00e4chtnis bleiben. Unsere Synchronsprecher sind hochqualifiziert und erfahren auf diesem Gebiet und bieten hochwertige Audios. Diese Stimmen und Musik werden in unserem Pro Studio aufgenommen, bearbeitet, vollst\u00e4ndig produziert und nach h\u00f6chsten Standards gemastert. Von hier aus k\u00f6nnen sie entweder als HQ WAVE-Datei, MP3 oder AIFF gesendet werden, die Ihnen 100% geb\u00fchrenfrei zur Verf\u00fcgung gestellt werden und Ihnen das beste Preis-Leistungs-Verh\u00e4ltnis bieten.<\/span><\/p>\n<p><span style=\"font-weight: 400;\">Seit unserer Gr\u00fcndung haben wir eine Reihe von Kunden aus vielen verschiedenen Genres unterst\u00fctzt. Egal, ob Sie einen Rocksender, einen Klassiksender oder mehr haben, wir k\u00f6nnen Ihre Bed\u00fcrfnisse hervorragend erf\u00fcllen und bieten dedizierte und effiziente Audiodienste. Auf diese Weise erhalten Sie klare und klare Audios, die eine gro\u00dfartige Einf\u00fchrung in Ihre Show bieten. Wir wissen, wie wichtig es ist, sich von der Konkurrenz abzuheben, deshalb produzieren wir gemeinsam mit Ihnen nur die einzigartigsten Radiosender-Jingles. Alles, was Sie tun m\u00fcssen, ist Ihren Synchronsprecher auszuw\u00e4hlen, und Sie k\u00f6nnen ihre Demos online anh\u00f6ren. Von hier aus k\u00f6nnen Sie uns Ihr Skript zusammen mit allen spezifischen Anweisungen senden, die wir befolgen sollen, und wir k\u00f6nnen Ihre Anfragen dann fehlerfrei ausf\u00fchren.\u00a0<\/span><\/p>\n<h2><b>Warum brauchen Sie einen Radio-Jingle?<\/b><\/h2>\n<p><span style=\"font-weight: 400;\">Auf der ganzen Welt werden Jingles von vielen verschiedenen Organisationen und Marken verwendet. Sie interessieren ein breites Spektrum von Zuh\u00f6rern, darunter Kinder und Erwachsene. Mit Hilfe unserer Experten k\u00f6nnen Sie leicht zu merkende Radiosender-Jingles empfangen und Ihre Show dennoch auf au\u00dfergew\u00f6hnliche Weise bewerben. Ihre Audios k\u00f6nnen trocken oder vollst\u00e4ndig mit Music SFX produziert werden, lang oder kurz, abh\u00e4ngig von Ihren speziellen Spezifikationen. Bei Bedarf senden wir Ihnen sogar A-Capella-Formate zu, damit Sie sicher sein k\u00f6nnen, alles zu bekommen, was Sie brauchen, um bei Ihren Zuh\u00f6rern eine einpr\u00e4gsame Pr\u00e4senz zu schaffen.\u00a0\u00a0<\/span><\/p>\n<p><span style=\"font-weight: 400;\">Um mehr \u00fcber den Empfang eines professionellen Radiosender-Jingles zu erfahren, z\u00f6gern Sie nicht, <\/span><a href=\"https:\/\/radiojingles24.com\/de\/contact-us\/\"><span style=\"font-weight: 400;\">kontaktiere uns<\/span><\/a><span style=\"font-weight: 400;\"> heute und wir freuen uns, Ihnen professionelle und personalisierte Audios zur Verf\u00fcgung zu stellen, von denen wir wissen, dass Sie sie lieben werden. Bei Fragen z\u00f6gern Sie bitte nicht, uns \u00fcber unsere US-Nummer +1 (212) 710-1350 oder unsere britische Nummer +44 (0) 113 5346686 anzurufen. Unser Kundenservice wird sich mit Ihnen in Verbindung setzen, um Ihre Fragen zu beantworten . Alternativ k\u00f6nnen Sie uns auch per E-Mail kontaktieren <\/span><a href=\"mailto:info@radiojingles24.com\"><span style=\"font-weight: 400;\">info@radiojingles24.com<\/span><\/a><span style=\"font-weight: 400;\"> und wir k\u00f6nnen Ihnen alle weiteren Informationen geben, die Sie ben\u00f6tigen.\u00a0<\/span><\/p>","protected":false},"excerpt":{"rendered":"<p>Versuchen Sie, pers\u00f6nliche Radiosender-Jingles zu finden? Dann unterst\u00fctzt Sie Radio Jingles 24 bei Ihren Anliegen. Wir sind ein Fachbetrieb f\u00fcr\u2026<\/p>","protected":false},"author":1,"featured_media":0,"parent":0,"menu_order":0,"comment_status":"closed","ping_status":"closed","template":"","meta":{"_exactmetrics_skip_tracking":false,"_exactmetrics_sitenote_active":false,"_exactmetrics_sitenote_note":"","_exactmetrics_sitenote_category":0,"footnotes":""},"class_list":["post-35652","page","type-page","status-publish"],"yoast_head":"<!-- This site is optimized with the Yoast SEO plugin v26.8 - https:\/\/yoast.com\/product\/yoast-seo-wordpress\/ -->\n<title>Radio Jingles 24: Radio Jingles | DJ Drops | Podcast Intros | Sung Jingles<\/title>\n<meta name=\"description\" content=\"Radio Jingles, Sung Jingles, DJ Drops, and Podcast Intros for commercial, community and internet radio stations. UK Based. Prices from \u00a35. Order online.\" \/>\n<meta name=\"robots\" content=\"index, follow, max-snippet:-1, max-image-preview:large, max-video-preview:-1\" \/>\n<link rel=\"canonical\" href=\"https:\/\/radiojingles24.com\/de\/personal-radio-station-jingles\/\" \/>\n<meta property=\"og:locale\" content=\"de_DE\" \/>\n<meta property=\"og:type\" content=\"article\" \/>\n<meta property=\"og:title\" content=\"Radio Jingles 24: Radio Jingles | DJ Drops | Podcast Intros | Sung Jingles\" \/>\n<meta property=\"og:description\" content=\"Radio Jingles, Sung Jingles, DJ Drops, and Podcast Intros for commercial, community and internet radio stations. UK Based. Prices from \u00a35. Order online.\" \/>\n<meta property=\"og:url\" content=\"https:\/\/radiojingles24.com\/de\/personal-radio-station-jingles\/\" \/>\n<meta property=\"og:site_name\" content=\"Radio Jingles 24: Radio Jingles | DJ Drops | Podcast Intros | Sung Jingles\" \/>\n<meta property=\"article:publisher\" content=\"https:\/\/www.facebook.com\/radiojingles24\/\" \/>\n<meta property=\"article:modified_time\" content=\"2020-10-12T14:00:13+00:00\" \/>\n<meta name=\"twitter:card\" content=\"summary_large_image\" \/>\n<meta name=\"twitter:site\" content=\"@radiojingles24\" \/>\n<meta name=\"twitter:label1\" content=\"Gesch\u00e4tzte Lesezeit\" \/>\n\t<meta name=\"twitter:data1\" content=\"3\u00a0Minuten\" \/>\n<script type=\"application\/ld+json\" class=\"yoast-schema-graph\">{\"@context\":\"https:\/\/schema.org\",\"@graph\":[{\"@type\":\"WebPage\",\"@id\":\"https:\/\/radiojingles24.com\/fr\/personal-radio-station-jingles\/\",\"url\":\"https:\/\/radiojingles24.com\/fr\/personal-radio-station-jingles\/\",\"name\":\"Radio Jingles 24: Radio Jingles | DJ Drops | Podcast Intros | Sung Jingles\",\"isPartOf\":{\"@id\":\"https:\/\/radiojingles24.com\/#website\"},\"datePublished\":\"2020-10-12T13:51:16+00:00\",\"dateModified\":\"2020-10-12T14:00:13+00:00\",\"description\":\"Radio Jingles, Sung Jingles, DJ Drops, and Podcast Intros for commercial, community and internet radio stations. UK Based. Prices from \u00a35. Order online.\",\"breadcrumb\":{\"@id\":\"https:\/\/radiojingles24.com\/fr\/personal-radio-station-jingles\/#breadcrumb\"},\"inLanguage\":\"de\",\"potentialAction\":[{\"@type\":\"ReadAction\",\"target\":[\"https:\/\/radiojingles24.com\/fr\/personal-radio-station-jingles\/\"]}]},{\"@type\":\"BreadcrumbList\",\"@id\":\"https:\/\/radiojingles24.com\/fr\/personal-radio-station-jingles\/#breadcrumb\",\"itemListElement\":[{\"@type\":\"ListItem\",\"position\":1,\"name\":\"Home\",\"item\":\"https:\/\/radiojingles24.com\/de\/\"},{\"@type\":\"ListItem\",\"position\":2,\"name\":\"Searching for Personal Radio Station Jingles?\"}]},{\"@type\":\"WebSite\",\"@id\":\"https:\/\/radiojingles24.com\/#website\",\"url\":\"https:\/\/radiojingles24.com\/\",\"name\":\"Radio Jingles 24: Radio Jingles | DJ Drops | Podcast Intros | Sung Jingles\",\"description\":\"Radio Jingles, Sung Jingles, DJ Drops, and Podcast Intros for commercial, community and internet radio stations. UK Based. Prices from \u00a35. Order online.\",\"publisher\":{\"@id\":\"https:\/\/radiojingles24.com\/#organization\"},\"potentialAction\":[{\"@type\":\"SearchAction\",\"target\":{\"@type\":\"EntryPoint\",\"urlTemplate\":\"https:\/\/radiojingles24.com\/?s={search_term_string}\"},\"query-input\":{\"@type\":\"PropertyValueSpecification\",\"valueRequired\":true,\"valueName\":\"search_term_string\"}}],\"inLanguage\":\"de\"},{\"@type\":\"Organization\",\"@id\":\"https:\/\/radiojingles24.com\/#organization\",\"name\":\"Radio Jingles 24\",\"url\":\"https:\/\/radiojingles24.com\/\",\"logo\":{\"@type\":\"ImageObject\",\"inLanguage\":\"de\",\"@id\":\"https:\/\/radiojingles24.com\/#\/schema\/logo\/image\/\",\"url\":\"https:\/\/radiojingles24.com\/wp-content\/uploads\/2019\/11\/RadioJingle1-1.jpg\",\"contentUrl\":\"https:\/\/radiojingles24.com\/wp-content\/uploads\/2019\/11\/RadioJingle1-1.jpg\",\"width\":512,\"height\":158,\"caption\":\"Radio Jingles 24\"},\"image\":{\"@id\":\"https:\/\/radiojingles24.com\/#\/schema\/logo\/image\/\"},\"sameAs\":[\"https:\/\/www.facebook.com\/radiojingles24\/\",\"https:\/\/x.com\/radiojingles24\"]}]}<\/script>\n<!-- \/ Yoast SEO plugin. -->","yoast_head_json":{"title":"Radio Jingles 24: Radio Jingles | DJ Drops | Podcast Intros | Gesungene Jingles","description":"Radio Jingles, Sung Jingles, DJ Drops und Podcast Intros f\u00fcr kommerzielle, Community- und Internetradiosender. In Gro\u00dfbritannien ans\u00e4ssig. Preise ab \u00a3 5. Online bestellen.","robots":{"index":"index","follow":"follow","max-snippet":"max-snippet:-1","max-image-preview":"max-image-preview:large","max-video-preview":"max-video-preview:-1"},"canonical":"https:\/\/radiojingles24.com\/de\/personal-radio-station-jingles\/","og_locale":"de_DE","og_type":"article","og_title":"Radio Jingles 24: Radio Jingles | DJ Drops | Podcast Intros | Sung Jingles","og_description":"Radio Jingles, Sung Jingles, DJ Drops, and Podcast Intros for commercial, community and internet radio stations. UK Based. Prices from \u00a35. Order online.","og_url":"https:\/\/radiojingles24.com\/de\/personal-radio-station-jingles\/","og_site_name":"Radio Jingles 24: Radio Jingles | DJ Drops | Podcast Intros | Sung Jingles","article_publisher":"https:\/\/www.facebook.com\/radiojingles24\/","article_modified_time":"2020-10-12T14:00:13+00:00","twitter_card":"summary_large_image","twitter_site":"@radiojingles24","twitter_misc":{"Gesch\u00e4tzte Lesezeit":"3\u00a0Minuten"},"schema":{"@context":"https:\/\/schema.org","@graph":[{"@type":"WebPage","@id":"https:\/\/radiojingles24.com\/fr\/personal-radio-station-jingles\/","url":"https:\/\/radiojingles24.com\/fr\/personal-radio-station-jingles\/","name":"Radio Jingles 24: Radio Jingles | DJ Drops | Podcast Intros | Gesungene Jingles","isPartOf":{"@id":"https:\/\/radiojingles24.com\/#website"},"datePublished":"2020-10-12T13:51:16+00:00","dateModified":"2020-10-12T14:00:13+00:00","description":"Radio Jingles, Sung Jingles, DJ Drops und Podcast Intros f\u00fcr kommerzielle, Community- und Internetradiosender. In Gro\u00dfbritannien ans\u00e4ssig. Preise ab \u00a3 5. Online bestellen.","breadcrumb":{"@id":"https:\/\/radiojingles24.com\/fr\/personal-radio-station-jingles\/#breadcrumb"},"inLanguage":"de","potentialAction":[{"@type":"ReadAction","target":["https:\/\/radiojingles24.com\/fr\/personal-radio-station-jingles\/"]}]},{"@type":"BreadcrumbList","@id":"https:\/\/radiojingles24.com\/fr\/personal-radio-station-jingles\/#breadcrumb","itemListElement":[{"@type":"ListItem","position":1,"name":"Home","item":"https:\/\/radiojingles24.com\/de\/"},{"@type":"ListItem","position":2,"name":"Searching for Personal Radio Station Jingles?"}]},{"@type":"WebSite","@id":"https:\/\/radiojingles24.com\/#website","url":"https:\/\/radiojingles24.com\/","name":"Radio Jingles 24: Radio Jingles | DJ Drops | Podcast Intros | Gesungene Jingles","description":"Radio Jingles, Sung Jingles, DJ Drops und Podcast Intros f\u00fcr kommerzielle, Community- und Internetradiosender. In Gro\u00dfbritannien ans\u00e4ssig. Preise ab \u00a3 5. Online bestellen.","publisher":{"@id":"https:\/\/radiojingles24.com\/#organization"},"potentialAction":[{"@type":"SearchAction","target":{"@type":"EntryPoint","urlTemplate":"https:\/\/radiojingles24.com\/?s={search_term_string}"},"query-input":{"@type":"PropertyValueSpecification","valueRequired":true,"valueName":"search_term_string"}}],"inLanguage":"de"},{"@type":"Organization","@id":"https:\/\/radiojingles24.com\/#organization","name":"Radio Jingles 24","url":"https:\/\/radiojingles24.com\/","logo":{"@type":"ImageObject","inLanguage":"de","@id":"https:\/\/radiojingles24.com\/#\/schema\/logo\/image\/","url":"https:\/\/radiojingles24.com\/wp-content\/uploads\/2019\/11\/RadioJingle1-1.jpg","contentUrl":"https:\/\/radiojingles24.com\/wp-content\/uploads\/2019\/11\/RadioJingle1-1.jpg","width":512,"height":158,"caption":"Radio Jingles 24"},"image":{"@id":"https:\/\/radiojingles24.com\/#\/schema\/logo\/image\/"},"sameAs":["https:\/\/www.facebook.com\/radiojingles24\/","https:\/\/x.com\/radiojingles24"]}]}},"jetpack_sharing_enabled":true,"_links":{"self":[{"href":"https:\/\/radiojingles24.com\/de\/wp-json\/wp\/v2\/pages\/35652","targetHints":{"allow":["GET"]}}],"collection":[{"href":"https:\/\/radiojingles24.com\/de\/wp-json\/wp\/v2\/pages"}],"about":[{"href":"https:\/\/radiojingles24.com\/de\/wp-json\/wp\/v2\/types\/page"}],"author":[{"embeddable":true,"href":"https:\/\/radiojingles24.com\/de\/wp-json\/wp\/v2\/users\/1"}],"replies":[{"embeddable":true,"href":"https:\/\/radiojingles24.com\/de\/wp-json\/wp\/v2\/comments?post=35652"}],"version-history":[{"count":1,"href":"https:\/\/radiojingles24.com\/de\/wp-json\/wp\/v2\/pages\/35652\/revisions"}],"predecessor-version":[{"id":35656,"href":"https:\/\/radiojingles24.com\/de\/wp-json\/wp\/v2\/pages\/35652\/revisions\/35656"}],"wp:attachment":[{"href":"https:\/\/radiojingles24.com\/de\/wp-json\/wp\/v2\/media?parent=35652"}],"curies":[{"name":"wp","href":"https:\/\/api.w.org\/{rel}","templated":true}]}}