{"id":80248,"date":"2020-12-08T15:24:03","date_gmt":"2020-12-08T15:24:03","guid":{"rendered":"https:\/\/radiojingles24.com\/?page_id=80248"},"modified":"2020-12-08T15:24:03","modified_gmt":"2020-12-08T15:24:03","slug":"interested-in-sourcing-unique-radio-jingles","status":"publish","type":"page","link":"https:\/\/radiojingles24.com\/de\/interested-in-sourcing-unique-radio-jingles\/","title":{"rendered":"Interessiert an der Beschaffung einzigartiger Radio-Jingles?"},"content":{"rendered":"<p><span style=\"font-weight: 400;\">Versuchen Sie, einzigartige Radio-Jingles zu finden? Dann freut es dich zu wissen <\/span><a href=\"https:\/\/radiojingles24.com\/de\/\"><span style=\"font-weight: 400;\">Radio Jingles 24<\/span><\/a><span style=\"font-weight: 400;\"> ist hier um zu helfen. Wir stehen zur Verf\u00fcgung, um sowohl britische als auch US-amerikanische Kunden beim Empfang von hochwertigen Radioaudios zu unterst\u00fctzen. Diese speziellen Jingles sind eine Spezialit\u00e4t von uns, da wir professionelle und personalisierte Audios produzieren, die zu Ihrem Sender passen. Wir sind vielseitige Kreative, die modernste Aufnahmeger\u00e4te und die Hilfe von erfahrenen Synchronsprechern f\u00fcr klare und knackige Jingles verwenden, die bei Ihren Zuh\u00f6rern Eindruck hinterlassen. Unsere Dienstleistungen stehen Ihnen zur Verf\u00fcgung und wir k\u00f6nnen zusammenarbeiten, um einen unverwechselbaren Sound zu kreieren, der seinesgleichen sucht.<\/span><\/p>\n<h2>Einzigartige Radio-Jingles<\/h2>\n<p><span style=\"font-weight: 400;\">Hier bei Radio Jingles 24 glauben wir, dass es wichtig ist, eing\u00e4ngig zu sein <\/span><a href=\"https:\/\/radiojingles24.com\/de\/produkt-kategorie\/free-radio-jingles\/\"><span style=\"font-weight: 400;\">Radio-Jingles<\/span><\/a><span style=\"font-weight: 400;\">, sei es <\/span><a href=\"https:\/\/radiojingles24.com\/de\/produkt\/spoken-audio\/\"><span style=\"font-weight: 400;\">gesprochen<\/span><\/a><span style=\"font-weight: 400;\"> oder <\/span><a href=\"https:\/\/radiojingles24.com\/de\/produkt\/sung-audio\/\"><span style=\"font-weight: 400;\">gesungen<\/span><\/a><span style=\"font-weight: 400;\">. Dies liegt daran, dass sie Ihrem Publikum den Stempel aufdr\u00fccken k\u00f6nnen, um die Show vorzustellen und den ganzen Tag in ihren K\u00f6pfen zu bleiben. Ein Jingle wird verwendet, um Ihre Marke zu repr\u00e4sentieren, sollte aber auch die Zuh\u00f6rer dazu bringen, dass sie h\u00f6ren wollen, was Sie zu sagen haben. Deshalb bieten wir vielf\u00e4ltige Hilfestellungen zur Unterbringung von AC\/ Hot AC, CHR sowie Oldies. Jingles eignen sich hervorragend f\u00fcr die Verwendung in Ihrem gesamten Radiosender, sei es zur Vorstellung der gesamten Show, zur Einf\u00fchrung von besonderen G\u00e4sten, Wetteraktualisierungen oder Reiseberichten. Die M\u00f6glichkeiten sind endlos.<\/span><\/p>\n<p><span style=\"font-weight: 400;\">Als f\u00fchrendes Unternehmen der Branche sind wir stolz auf die Geschwindigkeit und die Qualit\u00e4t unserer Arbeit. Unsere Kunden behalten die volle Kontrolle \u00fcber ihre Audios und w\u00e4hlen die L\u00e4nge des Jingles, ob trocken oder vollst\u00e4ndig produziert und ob sie es mit Musik oder SFX wollen. Sobald dies entschieden ist, wird der Synchronsprecher ausgew\u00e4hlt und dieser wird basierend auf Ihren W\u00fcnschen mit einem Skript versehen. Von hier aus k\u00f6nnen wir Ihre Radio-Jingles in unserem Pro Studio aufnehmen, geschnitten, produziert und komplett gemastert. Dies ist dann innerhalb von 24 Stunden abgeschlossen, damit Sie Ihr neues Audio so schnell wie m\u00f6glich nutzen k\u00f6nnen. Wir nehmen jedoch gerne alle erforderlichen \u00c4nderungen vor, um Ihre Zufriedenheit zu erf\u00fcllen.<\/span><\/p>\n<h2><b>Warum uns w\u00e4hlen?<\/b><\/h2>\n<p><span style=\"font-weight: 400;\">Seit vielen Jahren haben wir es uns zum Ziel gesetzt, kommerzielle, Community- und Internetradios dabei zu unterst\u00fctzen, professionelle und dennoch unterhaltsame Audios zu empfangen, mit denen sich das Publikum verbunden hat. Mit viel Erfahrung auf diesem Gebiet k\u00f6nnen wir sicherstellen, dass Ihr Endprodukt in Substanz und Qualit\u00e4t hervorsticht und Sie so von der Masse abheben. Egal wie gro\u00df oder klein Ihre W\u00fcnsche sein m\u00f6gen, unsere Techniker werden immer alles daran setzen, Ihre Radio-Jingles nach Ihren genauen Spezifikationen zuzuschneiden. Auf diese Weise k\u00f6nnen Sie ein ansprechendes Audio verwenden, das Ihr Publikum auf absehbare Zeit genie\u00dft, und Ihnen somit die beste Rendite f\u00fcr Ihre Investition bietet.\u00a0<\/span><\/p>\n<p>&nbsp;<\/p>\n<p><span style=\"font-weight: 400;\">Wenn Sie also auf der Suche nach einzigartigen Radio-Jingles sind, rufen Sie uns gerne \u00fcber unsere UK-Nummer +44 (0)113 5346686 oder unsere US-Nummer +1 (212)710-1350 an und unsere Experten k\u00f6nnen gerne einen Briefing-Termin vereinbaren Beratung zum n\u00e4chstm\u00f6glichen Zeitpunkt. Bei R\u00fcckfragen z\u00f6gern Sie bitte nicht <\/span><a href=\"https:\/\/radiojingles24.com\/de\/contact-us\/\"><span style=\"font-weight: 400;\">kontaktiere uns<\/span><\/a><span style=\"font-weight: 400;\"> \u00fcber unser Online-Formular und unsere Kundendienstmitarbeiter werden sich in K\u00fcrze mit Ihnen in Verbindung setzen, um Ihre Fragen zu beantworten. Alternativ k\u00f6nnen Sie uns auch direkt eine E-Mail senden \u00fcber <\/span><a href=\"mailto:info@radiojingles24.com\"><span style=\"font-weight: 400;\">info@radiojingles24.com<\/span><\/a><span style=\"font-weight: 400;\"> und wir k\u00f6nnen Ihnen alle weiteren Informationen geben, die Sie ben\u00f6tigen.<\/span><\/p>\n<p>&nbsp;<\/p>","protected":false},"excerpt":{"rendered":"<p>Versuchen Sie, einzigartige Radio-Jingles zu finden? Dann wird es Sie freuen zu h\u00f6ren, dass Radio Jingles 24 hier ist, um Ihnen zu helfen. Wir sind zur Stelle \u2026<\/p>","protected":false},"author":1,"featured_media":0,"parent":0,"menu_order":0,"comment_status":"closed","ping_status":"closed","template":"","meta":{"_exactmetrics_skip_tracking":false,"_exactmetrics_sitenote_active":false,"_exactmetrics_sitenote_note":"","_exactmetrics_sitenote_category":0,"footnotes":""},"class_list":["post-80248","page","type-page","status-publish"],"yoast_head":"<!-- This site is optimized with the Yoast SEO plugin v26.8 - https:\/\/yoast.com\/product\/yoast-seo-wordpress\/ -->\n<title>Radio Jingles 24: Radio Jingles | DJ Drops | Podcast Intros | Sung Jingles<\/title>\n<meta name=\"description\" content=\"Radio Jingles, Sung Jingles, DJ Drops, and Podcast Intros for commercial, community and internet radio stations. UK Based. Prices from \u00a35. Order online.\" \/>\n<meta name=\"robots\" content=\"index, follow, max-snippet:-1, max-image-preview:large, max-video-preview:-1\" \/>\n<link rel=\"canonical\" href=\"https:\/\/radiojingles24.com\/de\/interested-in-sourcing-unique-radio-jingles\/\" \/>\n<meta property=\"og:locale\" content=\"de_DE\" \/>\n<meta property=\"og:type\" content=\"article\" \/>\n<meta property=\"og:title\" content=\"Radio Jingles 24: Radio Jingles | DJ Drops | Podcast Intros | Sung Jingles\" \/>\n<meta property=\"og:description\" content=\"Radio Jingles, Sung Jingles, DJ Drops, and Podcast Intros for commercial, community and internet radio stations. UK Based. Prices from \u00a35. Order online.\" \/>\n<meta property=\"og:url\" content=\"https:\/\/radiojingles24.com\/de\/interested-in-sourcing-unique-radio-jingles\/\" \/>\n<meta property=\"og:site_name\" content=\"Radio Jingles 24: Radio Jingles | DJ Drops | Podcast Intros | Sung Jingles\" \/>\n<meta property=\"article:publisher\" content=\"https:\/\/www.facebook.com\/radiojingles24\/\" \/>\n<meta name=\"twitter:card\" content=\"summary_large_image\" \/>\n<meta name=\"twitter:site\" content=\"@radiojingles24\" \/>\n<meta name=\"twitter:label1\" content=\"Gesch\u00e4tzte Lesezeit\" \/>\n\t<meta name=\"twitter:data1\" content=\"3\u00a0Minuten\" \/>\n<script type=\"application\/ld+json\" class=\"yoast-schema-graph\">{\"@context\":\"https:\/\/schema.org\",\"@graph\":[{\"@type\":\"WebPage\",\"@id\":\"https:\/\/radiojingles24.com\/it\/interested-in-sourcing-unique-radio-jingles\/\",\"url\":\"https:\/\/radiojingles24.com\/it\/interested-in-sourcing-unique-radio-jingles\/\",\"name\":\"Radio Jingles 24: Radio Jingles | DJ Drops | Podcast Intros | Sung Jingles\",\"isPartOf\":{\"@id\":\"https:\/\/radiojingles24.com\/#website\"},\"datePublished\":\"2020-12-08T15:24:03+00:00\",\"description\":\"Radio Jingles, Sung Jingles, DJ Drops, and Podcast Intros for commercial, community and internet radio stations. UK Based. Prices from \u00a35. Order online.\",\"breadcrumb\":{\"@id\":\"https:\/\/radiojingles24.com\/it\/interested-in-sourcing-unique-radio-jingles\/#breadcrumb\"},\"inLanguage\":\"de\",\"potentialAction\":[{\"@type\":\"ReadAction\",\"target\":[\"https:\/\/radiojingles24.com\/it\/interested-in-sourcing-unique-radio-jingles\/\"]}]},{\"@type\":\"BreadcrumbList\",\"@id\":\"https:\/\/radiojingles24.com\/it\/interested-in-sourcing-unique-radio-jingles\/#breadcrumb\",\"itemListElement\":[{\"@type\":\"ListItem\",\"position\":1,\"name\":\"Home\",\"item\":\"https:\/\/radiojingles24.com\/de\/\"},{\"@type\":\"ListItem\",\"position\":2,\"name\":\"Interested in Sourcing Unique Radio Jingles?\"}]},{\"@type\":\"WebSite\",\"@id\":\"https:\/\/radiojingles24.com\/#website\",\"url\":\"https:\/\/radiojingles24.com\/\",\"name\":\"Radio Jingles 24: Radio Jingles | DJ Drops | Podcast Intros | Sung Jingles\",\"description\":\"Radio Jingles, Sung Jingles, DJ Drops, and Podcast Intros for commercial, community and internet radio stations. UK Based. Prices from \u00a35. Order online.\",\"publisher\":{\"@id\":\"https:\/\/radiojingles24.com\/#organization\"},\"potentialAction\":[{\"@type\":\"SearchAction\",\"target\":{\"@type\":\"EntryPoint\",\"urlTemplate\":\"https:\/\/radiojingles24.com\/?s={search_term_string}\"},\"query-input\":{\"@type\":\"PropertyValueSpecification\",\"valueRequired\":true,\"valueName\":\"search_term_string\"}}],\"inLanguage\":\"de\"},{\"@type\":\"Organization\",\"@id\":\"https:\/\/radiojingles24.com\/#organization\",\"name\":\"Radio Jingles 24\",\"url\":\"https:\/\/radiojingles24.com\/\",\"logo\":{\"@type\":\"ImageObject\",\"inLanguage\":\"de\",\"@id\":\"https:\/\/radiojingles24.com\/#\/schema\/logo\/image\/\",\"url\":\"https:\/\/radiojingles24.com\/wp-content\/uploads\/2019\/11\/RadioJingle1-1.jpg\",\"contentUrl\":\"https:\/\/radiojingles24.com\/wp-content\/uploads\/2019\/11\/RadioJingle1-1.jpg\",\"width\":512,\"height\":158,\"caption\":\"Radio Jingles 24\"},\"image\":{\"@id\":\"https:\/\/radiojingles24.com\/#\/schema\/logo\/image\/\"},\"sameAs\":[\"https:\/\/www.facebook.com\/radiojingles24\/\",\"https:\/\/x.com\/radiojingles24\"]}]}<\/script>\n<!-- \/ Yoast SEO plugin. -->","yoast_head_json":{"title":"Radio Jingles 24: Radio Jingles | DJ Drops | Podcast Intros | Gesungene Jingles","description":"Radio Jingles, Sung Jingles, DJ Drops und Podcast Intros f\u00fcr kommerzielle, Community- und Internetradiosender. In Gro\u00dfbritannien ans\u00e4ssig. Preise ab \u00a3 5. Online bestellen.","robots":{"index":"index","follow":"follow","max-snippet":"max-snippet:-1","max-image-preview":"max-image-preview:large","max-video-preview":"max-video-preview:-1"},"canonical":"https:\/\/radiojingles24.com\/de\/interested-in-sourcing-unique-radio-jingles\/","og_locale":"de_DE","og_type":"article","og_title":"Radio Jingles 24: Radio Jingles | DJ Drops | Podcast Intros | Sung Jingles","og_description":"Radio Jingles, Sung Jingles, DJ Drops, and Podcast Intros for commercial, community and internet radio stations. UK Based. Prices from \u00a35. Order online.","og_url":"https:\/\/radiojingles24.com\/de\/interested-in-sourcing-unique-radio-jingles\/","og_site_name":"Radio Jingles 24: Radio Jingles | DJ Drops | Podcast Intros | Sung Jingles","article_publisher":"https:\/\/www.facebook.com\/radiojingles24\/","twitter_card":"summary_large_image","twitter_site":"@radiojingles24","twitter_misc":{"Gesch\u00e4tzte Lesezeit":"3\u00a0Minuten"},"schema":{"@context":"https:\/\/schema.org","@graph":[{"@type":"WebPage","@id":"https:\/\/radiojingles24.com\/it\/interested-in-sourcing-unique-radio-jingles\/","url":"https:\/\/radiojingles24.com\/it\/interested-in-sourcing-unique-radio-jingles\/","name":"Radio Jingles 24: Radio Jingles | DJ Drops | Podcast Intros | Gesungene Jingles","isPartOf":{"@id":"https:\/\/radiojingles24.com\/#website"},"datePublished":"2020-12-08T15:24:03+00:00","description":"Radio Jingles, Sung Jingles, DJ Drops und Podcast Intros f\u00fcr kommerzielle, Community- und Internetradiosender. In Gro\u00dfbritannien ans\u00e4ssig. Preise ab \u00a3 5. Online bestellen.","breadcrumb":{"@id":"https:\/\/radiojingles24.com\/it\/interested-in-sourcing-unique-radio-jingles\/#breadcrumb"},"inLanguage":"de","potentialAction":[{"@type":"ReadAction","target":["https:\/\/radiojingles24.com\/it\/interested-in-sourcing-unique-radio-jingles\/"]}]},{"@type":"BreadcrumbList","@id":"https:\/\/radiojingles24.com\/it\/interested-in-sourcing-unique-radio-jingles\/#breadcrumb","itemListElement":[{"@type":"ListItem","position":1,"name":"Home","item":"https:\/\/radiojingles24.com\/de\/"},{"@type":"ListItem","position":2,"name":"Interested in Sourcing Unique Radio Jingles?"}]},{"@type":"WebSite","@id":"https:\/\/radiojingles24.com\/#website","url":"https:\/\/radiojingles24.com\/","name":"Radio Jingles 24: Radio Jingles | DJ Drops | Podcast Intros | Gesungene Jingles","description":"Radio Jingles, Sung Jingles, DJ Drops und Podcast Intros f\u00fcr kommerzielle, Community- und Internetradiosender. In Gro\u00dfbritannien ans\u00e4ssig. Preise ab \u00a3 5. Online bestellen.","publisher":{"@id":"https:\/\/radiojingles24.com\/#organization"},"potentialAction":[{"@type":"SearchAction","target":{"@type":"EntryPoint","urlTemplate":"https:\/\/radiojingles24.com\/?s={search_term_string}"},"query-input":{"@type":"PropertyValueSpecification","valueRequired":true,"valueName":"search_term_string"}}],"inLanguage":"de"},{"@type":"Organization","@id":"https:\/\/radiojingles24.com\/#organization","name":"Radio Jingles 24","url":"https:\/\/radiojingles24.com\/","logo":{"@type":"ImageObject","inLanguage":"de","@id":"https:\/\/radiojingles24.com\/#\/schema\/logo\/image\/","url":"https:\/\/radiojingles24.com\/wp-content\/uploads\/2019\/11\/RadioJingle1-1.jpg","contentUrl":"https:\/\/radiojingles24.com\/wp-content\/uploads\/2019\/11\/RadioJingle1-1.jpg","width":512,"height":158,"caption":"Radio Jingles 24"},"image":{"@id":"https:\/\/radiojingles24.com\/#\/schema\/logo\/image\/"},"sameAs":["https:\/\/www.facebook.com\/radiojingles24\/","https:\/\/x.com\/radiojingles24"]}]}},"jetpack_sharing_enabled":true,"_links":{"self":[{"href":"https:\/\/radiojingles24.com\/de\/wp-json\/wp\/v2\/pages\/80248","targetHints":{"allow":["GET"]}}],"collection":[{"href":"https:\/\/radiojingles24.com\/de\/wp-json\/wp\/v2\/pages"}],"about":[{"href":"https:\/\/radiojingles24.com\/de\/wp-json\/wp\/v2\/types\/page"}],"author":[{"embeddable":true,"href":"https:\/\/radiojingles24.com\/de\/wp-json\/wp\/v2\/users\/1"}],"replies":[{"embeddable":true,"href":"https:\/\/radiojingles24.com\/de\/wp-json\/wp\/v2\/comments?post=80248"}],"version-history":[{"count":1,"href":"https:\/\/radiojingles24.com\/de\/wp-json\/wp\/v2\/pages\/80248\/revisions"}],"predecessor-version":[{"id":80250,"href":"https:\/\/radiojingles24.com\/de\/wp-json\/wp\/v2\/pages\/80248\/revisions\/80250"}],"wp:attachment":[{"href":"https:\/\/radiojingles24.com\/de\/wp-json\/wp\/v2\/media?parent=80248"}],"curies":[{"name":"wp","href":"https:\/\/api.w.org\/{rel}","templated":true}]}}