{"id":87784,"date":"2021-01-03T15:12:21","date_gmt":"2021-01-03T15:12:21","guid":{"rendered":"https:\/\/radiojingles24.com\/?page_id=87784"},"modified":"2021-01-03T15:12:21","modified_gmt":"2021-01-03T15:12:21","slug":"terms-conditions","status":"publish","type":"page","link":"https:\/\/radiojingles24.com\/de\/terms-conditions\/","title":{"rendered":"Terms &amp; amp; Bedingungen"},"content":{"rendered":"<div id=\"fws_69e6d0b35346d\"  data-midnight=\"dark\"  data-bg-mobile-hidden=\"\" class=\"wpb_row vc_row-fluid vc_row top-level standard_section\"  style=\"padding-top: 0px; padding-bottom: 0px; \"><div class=\"row-bg-wrap\" data-bg-animation=\"none\"><div class=\"inner-wrap\"><div class=\"row-bg\"  style=\"\"><\/div><\/div><div class=\"row-bg-overlay\" ><\/div><\/div><div class=\"col span_12 dark left\">\n\t<div  class=\"vc_col-sm-12 wpb_column column_container vc_column_container col no-extra-padding\"  data-t-w-inherits=\"default\" data-border-radius=\"none\" data-shadow=\"none\" data-border-animation=\"\" data-border-animation-delay=\"\" data-border-width=\"none\" data-border-style=\"solid\" data-border-color=\"\" data-bg-cover=\"\" data-padding-pos=\"all\" data-has-bg-color=\"false\" data-bg-color=\"\" data-bg-opacity=\"1\" data-hover-bg=\"\" data-hover-bg-opacity=\"1\" data-animation=\"\" data-delay=\"0\"><div class=\"column-bg-overlay\"><\/div>\n\t\t<div class=\"vc_column-inner\">\n\t\t\t<div class=\"wpb_wrapper\">\n\t\t\t\t\n\t<div class=\"wpb_raw_code wpb_content_element wpb_raw_html\" >\n\t\t<div class=\"wpb_wrapper\">\n\t\t\t<p>Willkommen bei Radio Jingles 24!<\/p>\n\n<p>These terms and conditions outline the rules and regulations for the use of Radio Jingles 24 Limited's Website, located at https:\/\/www.radiojingles24.com.<\/p>\n\n<p>Durch den Zugriff auf diese Website gehen wir davon aus, dass Sie diese Allgemeinen Gesch\u00e4ftsbedingungen akzeptieren. Verwenden Sie Radio Jingles 24 nicht weiter, wenn Sie nicht einverstanden sind, alle auf dieser Seite aufgef\u00fchrten Bedingungen zu akzeptieren.<\/p>\n\n<p>Die folgende Terminologie gilt f\u00fcr diese Allgemeinen Gesch\u00e4ftsbedingungen, die Datenschutzerkl\u00e4rung und den Haftungsausschluss sowie f\u00fcr alle Vereinbarungen: &quot;Kunde&quot;, &quot;Sie&quot; und &quot;Ihr&quot; beziehen sich auf Sie, die Person, die sich auf dieser Website anmeldet und den Gesch\u00e4ftsbedingungen des Unternehmens entspricht. &quot;Das Unternehmen&quot;, &quot;Wir selbst&quot;, &quot;Wir&quot;, &quot;Unser&quot; und &quot;Wir&quot; beziehen sich auf unser Unternehmen. &quot;Partei&quot;, &quot;Parteien&quot; oder &quot;uns&quot; bezieht sich sowohl auf den Kunden als auch auf uns. Alle Bedingungen beziehen sich auf das Angebot, die Annahme und die Gegenleistung f\u00fcr die Zahlung, die erforderlich sind, um den Prozess unserer Unterst\u00fctzung f\u00fcr den Kunden in der am besten geeigneten Weise durchzuf\u00fchren, um ausdr\u00fccklich die Bed\u00fcrfnisse des Kunden in Bezug auf die Erbringung der angegebenen Dienstleistungen des Unternehmens gem\u00e4\u00df zu erf\u00fcllen und vorbehaltlich des geltenden niederl\u00e4ndischen Rechts. Jede Verwendung der obigen Terminologie oder anderer W\u00f6rter im Singular, Plural, Gro\u00df- und Kleinschreibung und \/ oder er \/ sie oder sie wird als austauschbar angesehen und bezieht sich daher auf diese.<\/p>\n\n<h3><strong>Kekse<\/strong><\/h3>\n\n<p>Wir verwenden Cookies. Durch den Zugriff auf Radio Jingles 24 haben Sie zugestimmt, Cookies in \u00dcbereinstimmung mit den Datenschutzbestimmungen von Radio Jingles 24 Limited zu verwenden. <\/p>\n\n<p>Die meisten interaktiven Websites verwenden Cookies, damit wir die Benutzerdaten f\u00fcr jeden Besuch abrufen k\u00f6nnen. Cookies werden von unserer Website verwendet, um die Funktionalit\u00e4t bestimmter Bereiche zu aktivieren und den Besuchern unserer Website den Besuch zu erleichtern. Einige unserer Partner \/ Werbepartner verwenden m\u00f6glicherweise auch Cookies.<\/p>\n\n<h3><strong>Lizenz<\/strong><\/h3>\n\n<p>Sofern nicht anders angegeben, besitzen Radio Jingles 24 Limited und \/ oder seine Lizenzgeber die Rechte an geistigem Eigentum f\u00fcr alle Materialien auf Radio Jingles 24. Alle Rechte an geistigem Eigentum sind vorbehalten. Sie k\u00f6nnen \u00fcber Radio Jingles 24 f\u00fcr Ihren pers\u00f6nlichen Gebrauch darauf zugreifen, sofern in diesen Nutzungsbedingungen Einschr\u00e4nkungen festgelegt sind.<\/p>\n\n<p>Du darfst nicht:<\/p>\n<ul>\n    <li>Ver\u00f6ffentlichen Sie Material von Radio Jingles 24 erneut<\/li>\n    <li>Verkaufen, vermieten oder unterlizenzieren Sie Material von Radio Jingles 24<\/li>\n    <li>Reproduzieren, duplizieren oder kopieren Sie Material von Radio Jingles 24<\/li>\n    <li>Verteilen Sie Inhalte von Radio Jingles 24 neu<\/li>\n<\/ul>\n\n<p>Diese Vereinbarung beginnt mit dem Datum dieser Vereinbarung. Unsere AGB wurden mit Hilfe der erstellt <a href=\"https:\/\/www.termsandconditionsgenerator.com\">Allgemeine Gesch\u00e4ftsbedingungen Generator<\/a> und die <a href=\"https:\/\/www.generateprivacypolicy.com\">Generator f\u00fcr Datenschutzrichtlinien<\/a>.<\/p>\n\n<p>Teile dieser Website bieten Benutzern die M\u00f6glichkeit, Meinungen und Informationen in bestimmten Bereichen der Website zu ver\u00f6ffentlichen und auszutauschen. Radio Jingles 24 Limited filtert, bearbeitet, ver\u00f6ffentlicht oder \u00fcberpr\u00fcft Kommentare nicht, bevor sie auf der Website vorhanden sind. Kommentare spiegeln nicht die Ansichten und Meinungen von Radio Jingles 24 Limited, seinen Vertretern und \/ oder verbundenen Unternehmen wider. Kommentare spiegeln die Ansichten und Meinungen der Person wider, die ihre Ansichten und Meinungen ver\u00f6ffentlicht. Soweit dies nach geltendem Recht zul\u00e4ssig ist, haftet Radio Jingles 24 Limited nicht f\u00fcr die Kommentare oder f\u00fcr Haftung, Sch\u00e4den oder Kosten, die durch die Verwendung und \/ oder Ver\u00f6ffentlichung von und \/ oder das Erscheinen von verursacht und \/ oder erlitten werden Kommentare auf dieser Website.<\/p>\n\n<p>Radio Jingles 24 Limited beh\u00e4lt sich das Recht vor, alle Kommentare zu \u00fcberwachen und Kommentare zu entfernen, die als unangemessen, anst\u00f6\u00dfig oder als Versto\u00df gegen diese Allgemeinen Gesch\u00e4ftsbedingungen angesehen werden k\u00f6nnen.<\/p>\n\n<p>Sie garantieren und vertreten Folgendes:<\/p>\n\n<ul>\n    <li>Sie sind berechtigt, die Kommentare auf unserer Website zu ver\u00f6ffentlichen und verf\u00fcgen \u00fcber alle erforderlichen Lizenzen und Einwilligungen.<\/li>\n    <li>Die Kommentare verletzen kein Recht an geistigem Eigentum, einschlie\u00dflich, jedoch nicht beschr\u00e4nkt auf Urheberrechte, Patente oder Marken Dritter.<\/li>\n    <li>Die Kommentare enthalten kein diffamierendes, verleumderisches, beleidigendes, unanst\u00e4ndiges oder anderweitig rechtswidriges Material, das eine Verletzung der Privatsph\u00e4re darstellt<\/li>\n    <li>Die Kommentare werden nicht verwendet, um gesch\u00e4ftliche oder benutzerdefinierte Aktivit\u00e4ten zu werben oder zu f\u00f6rdern oder um kommerzielle Aktivit\u00e4ten oder rechtswidrige Aktivit\u00e4ten zu pr\u00e4sentieren.<\/li>\n<\/ul>\n\n<p>Sie erteilen Radio Jingles 24 Limited hiermit eine nicht exklusive Lizenz zur Nutzung, Reproduktion, Bearbeitung und Autorisierung anderer zur Nutzung, Reproduktion und Bearbeitung Ihrer Kommentare in allen Formen, Formaten oder Medien.<\/p>\n\n<h3><strong>Hyperlink zu unseren Inhalten<\/strong><\/h3>\n\n<p>Die folgenden Organisationen k\u00f6nnen ohne vorherige schriftliche Genehmigung auf unsere Website verlinken:<\/p>\n\n<ul>\n    <li>Regierungsbeh\u00f6rden;<\/li>\n    <li>Suchmaschinen;<\/li>\n    <li>Nachrichtenorganisationen;<\/li>\n    <li>Online-Verzeichnisverteiler k\u00f6nnen auf dieselbe Weise auf unsere Website verlinken wie auf Websites anderer b\u00f6rsennotierter Unternehmen. und<\/li>\n    <li>Systemweit akkreditierte Unternehmen, mit Ausnahme der Anwerbung von gemeinn\u00fctzigen Organisationen, Einkaufszentren f\u00fcr Wohlt\u00e4tigkeitszwecke und Spendengruppen f\u00fcr Wohlt\u00e4tigkeitszwecke, die m\u00f6glicherweise keinen Hyperlink zu unserer Website enthalten.<\/li>\n<\/ul>\n\n<p>Diese Organisationen k\u00f6nnen auf unsere Homepage, auf Ver\u00f6ffentlichungen oder auf andere Website-Informationen verlinken, solange der Link: (a) in keiner Weise t\u00e4uscht; (b) bedeutet nicht f\u00e4lschlicherweise Sponsoring, Billigung oder Genehmigung der Verbindungspartei und ihrer Produkte und \/ oder Dienstleistungen; und (c) in den Kontext der Website der Linkpartei passt.<\/p>\n\n<p>Wir k\u00f6nnen andere Linkanfragen von folgenden Arten von Organisationen pr\u00fcfen und genehmigen:<\/p>\n\n<ul>\n    <li>allgemein bekannte Verbraucher- und \/ oder Gesch\u00e4ftsinformationsquellen;<\/li>\n    <li>dot.com Community-Websites;<\/li>\n    <li>Vereinigungen oder andere Gruppen, die Wohlt\u00e4tigkeitsorganisationen vertreten;<\/li>\n    <li>Online-Verzeichnisverteiler;<\/li>\n    <li>Internetportale;<\/li>\n    <li>Wirtschaftspr\u00fcfungs-, Rechts- und Beratungsunternehmen; und<\/li>\n    <li>Bildungseinrichtungen und Fachverb\u00e4nde.<\/li>\n<\/ul>\n\n<p>Wir werden Linkanfragen von diesen Organisationen genehmigen, wenn wir entscheiden, dass: (a) der Link uns nicht ung\u00fcnstig f\u00fcr uns selbst oder unsere akkreditierten Unternehmen erscheinen l\u00e4sst; (b) die Organisation hat keine negativen Aufzeichnungen bei uns; (c) der Nutzen der Sichtbarkeit des Hyperlinks f\u00fcr uns kompensiert das Fehlen von Radio Jingles 24 Limited; und (d) die Verkn\u00fcpfung steht im Kontext allgemeiner Ressourceninformationen.<\/p>\n\n<p>Diese Organisationen d\u00fcrfen auf unsere Homepage verlinken, solange der Link: (a) in keiner Weise t\u00e4uscht; (b) bedeutet nicht f\u00e4lschlicherweise Sponsoring, Billigung oder Genehmigung der Verbindungspartei und ihrer Produkte oder Dienstleistungen; und (c) in den Kontext der Website der Linkpartei passt.<\/p>\n\n<p>Wenn Sie eine der in Absatz 2 aufgef\u00fchrten Organisationen sind und auf unsere Website verlinken m\u00f6chten, m\u00fcssen Sie uns dies per E-Mail an Radio Jingles 24 Limited mitteilen. Bitte geben Sie Ihren Namen, den Namen Ihrer Organisation, die Kontaktinformationen sowie die URL Ihrer Website, eine Liste aller URLs an, von denen Sie auf unsere Website verlinken m\u00f6chten, und eine Liste der URLs auf unserer Website, zu denen Sie m\u00f6chten Verkn\u00fcpfung. Warten Sie 2-3 Wochen auf eine Antwort.<\/p>\n\n<p>Zugelassene Organisationen k\u00f6nnen wie folgt auf unsere Website verlinken:<\/p>\n\n<ul>\n    <li>Unter Verwendung unseres Firmennamens; oder<\/li>\n    <li>Durch Verwendung des einheitlichen Ressourcen-Locators, mit dem verkn\u00fcpft wird; oder<\/li>\n    <li>Die Verwendung einer anderen Beschreibung unserer Website, auf die verlinkt wird, ist im Kontext und Format des Inhalts auf der Website der verkn\u00fcpften Partei sinnvoll.<\/li>\n<\/ul>\n\n<p>Die Verwendung des Logos oder anderer Grafiken von Radio Jingles 24 Limited zum Verkn\u00fcpfen ist ohne eine Markenlizenzvereinbarung nicht gestattet.<\/p>\n\n<h3><strong>iFrames<\/strong><\/h3>\n\n<p>Ohne vorherige Genehmigung und schriftliche Genehmigung d\u00fcrfen Sie keine Frames um unsere Webseiten erstellen, die die visuelle Darstellung oder das Erscheinungsbild unserer Website in irgendeiner Weise ver\u00e4ndern.<\/p>\n\n<h3><strong>Inhaltshaftung<\/strong><\/h3>\n\n<p>Wir sind nicht verantwortlich f\u00fcr Inhalte, die auf Ihrer Website erscheinen. Sie erkl\u00e4ren sich damit einverstanden, uns vor allen Anspr\u00fcchen auf Ihrer Website zu sch\u00fctzen und zu verteidigen. Auf keiner Website d\u00fcrfen Links erscheinen, die als verleumderisch, obsz\u00f6n oder kriminell interpretiert werden k\u00f6nnen oder die die Verletzung oder sonstige Verletzung von Rechten Dritter verletzen, anderweitig verletzen oder bef\u00fcrworten.<\/p>\n\n<h3><strong>Ihre Privatsph\u00e4re<\/strong><\/h3>\n\n<p>Bitte lesen Sie die Datenschutzbestimmungen<\/p>\n\n<h3><strong>Vorbehalt von Rechten<\/strong><\/h3>\n\n<p>Wir behalten uns das Recht vor, zu verlangen, dass Sie alle Links oder bestimmte Links zu unserer Website entfernen. Sie stimmen zu, alle Links zu unserer Website auf Anfrage sofort zu entfernen. Wir behalten uns au\u00dferdem das Recht vor, diese Allgemeinen Gesch\u00e4ftsbedingungen und deren Verkn\u00fcpfungsrichtlinien jederzeit zu \u00e4ndern. Durch die kontinuierliche Verkn\u00fcpfung mit unserer Website erkl\u00e4ren Sie sich damit einverstanden, an diese Verkn\u00fcpfungsbedingungen gebunden zu sein und diese zu befolgen.<\/p>\n\n<h3><strong>Entfernung von Links von unserer Website<\/strong><\/h3>\n\n<p>Wenn Sie auf unserer Website einen Link finden, der aus irgendeinem Grund anst\u00f6\u00dfig ist, k\u00f6nnen Sie uns jederzeit kontaktieren und informieren. Wir werden Anfragen zur Entfernung von Links pr\u00fcfen, sind jedoch nicht verpflichtet, Ihnen direkt zu antworten.<\/p>\n\n<p>Wir stellen nicht sicher, dass die Informationen auf dieser Website korrekt sind. Wir \u00fcbernehmen keine Gew\u00e4hr f\u00fcr deren Vollst\u00e4ndigkeit oder Richtigkeit. Wir versprechen auch nicht, sicherzustellen, dass die Website verf\u00fcgbar bleibt oder dass das Material auf der Website auf dem neuesten Stand gehalten wird.<\/p>\n\n<h3><strong>Haftungsausschluss<\/strong><\/h3>\n\n<p>Soweit gesetzlich zul\u00e4ssig, schlie\u00dfen wir alle Zusicherungen, Gew\u00e4hrleistungen und Bedingungen in Bezug auf unsere Website und die Nutzung dieser Website aus. Nichts in diesem Haftungsausschluss wird:<\/p>\n\n<ul>\n    <li>unsere oder Ihre Haftung f\u00fcr Tod oder K\u00f6rperverletzung einschr\u00e4nken oder ausschlie\u00dfen;<\/li>\n    <li>unsere oder Ihre Haftung f\u00fcr Betrug oder betr\u00fcgerische Falschdarstellung einschr\u00e4nken oder ausschlie\u00dfen;<\/li>\n    <li>Beschr\u00e4nken Sie unsere oder Ihre Verbindlichkeiten auf eine Weise, die nach geltendem Recht nicht zul\u00e4ssig ist. oder<\/li>\n    <li>Schlie\u00dfen Sie eine unserer oder Ihrer Verbindlichkeiten aus, die nach geltendem Recht m\u00f6glicherweise nicht ausgeschlossen sind.<\/li>\n<\/ul>\n\n<p>Die in diesem Abschnitt und an anderer Stelle in diesem Haftungsausschluss festgelegten Haftungsbeschr\u00e4nkungen und -verbote: (a) unterliegen dem vorhergehenden Absatz; und (b) alle Verbindlichkeiten regeln, die sich aus dem Haftungsausschluss ergeben, einschlie\u00dflich der Verbindlichkeiten aus dem Vertrag, aus unerlaubter Handlung und wegen Verletzung gesetzlicher Pflichten.<\/p>\n\n<p>Solange die Website sowie die Informationen und Dienstleistungen auf der Website kostenlos zur Verf\u00fcgung gestellt werden, haften wir nicht f\u00fcr Verluste oder Sch\u00e4den jeglicher Art.<\/p>\n\t\t<\/div>\n\t<\/div>\n\n\t\t\t<\/div> \n\t\t<\/div>\n\t<\/div> \n<\/div><\/div>","protected":false},"excerpt":{"rendered":"Welcome to Radio Jingles 24! These terms and conditions outline the rules and regulations for the use of Radio Jingles 24 Limited's Website, located at https:\/\/www.radiojingles24.com. By accessing this website...","protected":false},"author":1,"featured_media":0,"parent":0,"menu_order":0,"comment_status":"closed","ping_status":"closed","template":"","meta":{"_exactmetrics_skip_tracking":false,"_exactmetrics_sitenote_active":false,"_exactmetrics_sitenote_note":"","_exactmetrics_sitenote_category":0,"footnotes":""},"class_list":["post-87784","page","type-page","status-publish"],"yoast_head":"<!-- This site is optimized with the Yoast SEO plugin v26.8 - https:\/\/yoast.com\/product\/yoast-seo-wordpress\/ -->\n<title>Radio Jingles 24: Radio Jingles | DJ Drops | Podcast Intros | Sung Jingles<\/title>\n<meta name=\"description\" content=\"Radio Jingles, Sung Jingles, DJ Drops, and Podcast Intros for commercial, community and internet radio stations. UK Based. Prices from \u00a35. Order online.\" \/>\n<meta name=\"robots\" content=\"index, follow, max-snippet:-1, max-image-preview:large, max-video-preview:-1\" \/>\n<link rel=\"canonical\" href=\"https:\/\/radiojingles24.com\/de\/terms-conditions\/\" \/>\n<meta property=\"og:locale\" content=\"de_DE\" \/>\n<meta property=\"og:type\" content=\"article\" \/>\n<meta property=\"og:title\" content=\"Radio Jingles 24: Radio Jingles | DJ Drops | Podcast Intros | Sung Jingles\" \/>\n<meta property=\"og:description\" content=\"Radio Jingles, Sung Jingles, DJ Drops, and Podcast Intros for commercial, community and internet radio stations. UK Based. Prices from \u00a35. Order online.\" \/>\n<meta property=\"og:url\" content=\"https:\/\/radiojingles24.com\/de\/terms-conditions\/\" \/>\n<meta property=\"og:site_name\" content=\"Radio Jingles 24: Radio Jingles | DJ Drops | Podcast Intros | Sung Jingles\" \/>\n<meta property=\"article:publisher\" content=\"https:\/\/www.facebook.com\/radiojingles24\/\" \/>\n<meta name=\"twitter:card\" content=\"summary_large_image\" \/>\n<meta name=\"twitter:site\" content=\"@radiojingles24\" \/>\n<meta name=\"twitter:label1\" content=\"Gesch\u00e4tzte Lesezeit\" \/>\n\t<meta name=\"twitter:data1\" content=\"7\u00a0Minuten\" \/>\n<script type=\"application\/ld+json\" class=\"yoast-schema-graph\">{\"@context\":\"https:\/\/schema.org\",\"@graph\":[{\"@type\":\"WebPage\",\"@id\":\"https:\/\/radiojingles24.com\/terms-conditions\/\",\"url\":\"https:\/\/radiojingles24.com\/terms-conditions\/\",\"name\":\"Radio Jingles 24: Radio Jingles | DJ Drops | Podcast Intros | Sung Jingles\",\"isPartOf\":{\"@id\":\"https:\/\/radiojingles24.com\/#website\"},\"datePublished\":\"2021-01-03T15:12:21+00:00\",\"description\":\"Radio Jingles, Sung Jingles, DJ Drops, and Podcast Intros for commercial, community and internet radio stations. UK Based. Prices from \u00a35. Order online.\",\"breadcrumb\":{\"@id\":\"https:\/\/radiojingles24.com\/terms-conditions\/#breadcrumb\"},\"inLanguage\":\"de\",\"potentialAction\":[{\"@type\":\"ReadAction\",\"target\":[\"https:\/\/radiojingles24.com\/terms-conditions\/\"]}]},{\"@type\":\"BreadcrumbList\",\"@id\":\"https:\/\/radiojingles24.com\/terms-conditions\/#breadcrumb\",\"itemListElement\":[{\"@type\":\"ListItem\",\"position\":1,\"name\":\"Home\",\"item\":\"https:\/\/radiojingles24.com\/de\/\"},{\"@type\":\"ListItem\",\"position\":2,\"name\":\"Terms &#038; Conditions\"}]},{\"@type\":\"WebSite\",\"@id\":\"https:\/\/radiojingles24.com\/#website\",\"url\":\"https:\/\/radiojingles24.com\/\",\"name\":\"Radio Jingles 24: Radio Jingles | DJ Drops | Podcast Intros | Sung Jingles\",\"description\":\"Radio Jingles, Sung Jingles, DJ Drops, and Podcast Intros for commercial, community and internet radio stations. UK Based. Prices from \u00a35. Order online.\",\"publisher\":{\"@id\":\"https:\/\/radiojingles24.com\/#organization\"},\"potentialAction\":[{\"@type\":\"SearchAction\",\"target\":{\"@type\":\"EntryPoint\",\"urlTemplate\":\"https:\/\/radiojingles24.com\/?s={search_term_string}\"},\"query-input\":{\"@type\":\"PropertyValueSpecification\",\"valueRequired\":true,\"valueName\":\"search_term_string\"}}],\"inLanguage\":\"de\"},{\"@type\":\"Organization\",\"@id\":\"https:\/\/radiojingles24.com\/#organization\",\"name\":\"Radio Jingles 24\",\"url\":\"https:\/\/radiojingles24.com\/\",\"logo\":{\"@type\":\"ImageObject\",\"inLanguage\":\"de\",\"@id\":\"https:\/\/radiojingles24.com\/#\/schema\/logo\/image\/\",\"url\":\"https:\/\/radiojingles24.com\/wp-content\/uploads\/2019\/11\/RadioJingle1-1.jpg\",\"contentUrl\":\"https:\/\/radiojingles24.com\/wp-content\/uploads\/2019\/11\/RadioJingle1-1.jpg\",\"width\":512,\"height\":158,\"caption\":\"Radio Jingles 24\"},\"image\":{\"@id\":\"https:\/\/radiojingles24.com\/#\/schema\/logo\/image\/\"},\"sameAs\":[\"https:\/\/www.facebook.com\/radiojingles24\/\",\"https:\/\/x.com\/radiojingles24\"]}]}<\/script>\n<!-- \/ Yoast SEO plugin. -->","yoast_head_json":{"title":"Radio Jingles 24: Radio Jingles | DJ Drops | Podcast Intros | Gesungene Jingles","description":"Radio Jingles, Sung Jingles, DJ Drops und Podcast Intros f\u00fcr kommerzielle, Community- und Internetradiosender. In Gro\u00dfbritannien ans\u00e4ssig. Preise ab \u00a3 5. Online bestellen.","robots":{"index":"index","follow":"follow","max-snippet":"max-snippet:-1","max-image-preview":"max-image-preview:large","max-video-preview":"max-video-preview:-1"},"canonical":"https:\/\/radiojingles24.com\/de\/terms-conditions\/","og_locale":"de_DE","og_type":"article","og_title":"Radio Jingles 24: Radio Jingles | DJ Drops | Podcast Intros | Sung Jingles","og_description":"Radio Jingles, Sung Jingles, DJ Drops, and Podcast Intros for commercial, community and internet radio stations. UK Based. Prices from \u00a35. Order online.","og_url":"https:\/\/radiojingles24.com\/de\/terms-conditions\/","og_site_name":"Radio Jingles 24: Radio Jingles | DJ Drops | Podcast Intros | Sung Jingles","article_publisher":"https:\/\/www.facebook.com\/radiojingles24\/","twitter_card":"summary_large_image","twitter_site":"@radiojingles24","twitter_misc":{"Gesch\u00e4tzte Lesezeit":"7\u00a0Minuten"},"schema":{"@context":"https:\/\/schema.org","@graph":[{"@type":"WebPage","@id":"https:\/\/radiojingles24.com\/terms-conditions\/","url":"https:\/\/radiojingles24.com\/terms-conditions\/","name":"Radio Jingles 24: Radio Jingles | DJ Drops | Podcast Intros | Gesungene Jingles","isPartOf":{"@id":"https:\/\/radiojingles24.com\/#website"},"datePublished":"2021-01-03T15:12:21+00:00","description":"Radio Jingles, Sung Jingles, DJ Drops und Podcast Intros f\u00fcr kommerzielle, Community- und Internetradiosender. In Gro\u00dfbritannien ans\u00e4ssig. Preise ab \u00a3 5. Online bestellen.","breadcrumb":{"@id":"https:\/\/radiojingles24.com\/terms-conditions\/#breadcrumb"},"inLanguage":"de","potentialAction":[{"@type":"ReadAction","target":["https:\/\/radiojingles24.com\/terms-conditions\/"]}]},{"@type":"BreadcrumbList","@id":"https:\/\/radiojingles24.com\/terms-conditions\/#breadcrumb","itemListElement":[{"@type":"ListItem","position":1,"name":"Home","item":"https:\/\/radiojingles24.com\/de\/"},{"@type":"ListItem","position":2,"name":"Terms &#038; Conditions"}]},{"@type":"WebSite","@id":"https:\/\/radiojingles24.com\/#website","url":"https:\/\/radiojingles24.com\/","name":"Radio Jingles 24: Radio Jingles | DJ Drops | Podcast Intros | Gesungene Jingles","description":"Radio Jingles, Sung Jingles, DJ Drops und Podcast Intros f\u00fcr kommerzielle, Community- und Internetradiosender. In Gro\u00dfbritannien ans\u00e4ssig. Preise ab \u00a3 5. Online bestellen.","publisher":{"@id":"https:\/\/radiojingles24.com\/#organization"},"potentialAction":[{"@type":"SearchAction","target":{"@type":"EntryPoint","urlTemplate":"https:\/\/radiojingles24.com\/?s={search_term_string}"},"query-input":{"@type":"PropertyValueSpecification","valueRequired":true,"valueName":"search_term_string"}}],"inLanguage":"de"},{"@type":"Organization","@id":"https:\/\/radiojingles24.com\/#organization","name":"Radio Jingles 24","url":"https:\/\/radiojingles24.com\/","logo":{"@type":"ImageObject","inLanguage":"de","@id":"https:\/\/radiojingles24.com\/#\/schema\/logo\/image\/","url":"https:\/\/radiojingles24.com\/wp-content\/uploads\/2019\/11\/RadioJingle1-1.jpg","contentUrl":"https:\/\/radiojingles24.com\/wp-content\/uploads\/2019\/11\/RadioJingle1-1.jpg","width":512,"height":158,"caption":"Radio Jingles 24"},"image":{"@id":"https:\/\/radiojingles24.com\/#\/schema\/logo\/image\/"},"sameAs":["https:\/\/www.facebook.com\/radiojingles24\/","https:\/\/x.com\/radiojingles24"]}]}},"jetpack_sharing_enabled":true,"_links":{"self":[{"href":"https:\/\/radiojingles24.com\/de\/wp-json\/wp\/v2\/pages\/87784","targetHints":{"allow":["GET"]}}],"collection":[{"href":"https:\/\/radiojingles24.com\/de\/wp-json\/wp\/v2\/pages"}],"about":[{"href":"https:\/\/radiojingles24.com\/de\/wp-json\/wp\/v2\/types\/page"}],"author":[{"embeddable":true,"href":"https:\/\/radiojingles24.com\/de\/wp-json\/wp\/v2\/users\/1"}],"replies":[{"embeddable":true,"href":"https:\/\/radiojingles24.com\/de\/wp-json\/wp\/v2\/comments?post=87784"}],"version-history":[{"count":1,"href":"https:\/\/radiojingles24.com\/de\/wp-json\/wp\/v2\/pages\/87784\/revisions"}],"predecessor-version":[{"id":87785,"href":"https:\/\/radiojingles24.com\/de\/wp-json\/wp\/v2\/pages\/87784\/revisions\/87785"}],"wp:attachment":[{"href":"https:\/\/radiojingles24.com\/de\/wp-json\/wp\/v2\/media?parent=87784"}],"curies":[{"name":"wp","href":"https:\/\/api.w.org\/{rel}","templated":true}]}}