{"id":88323,"date":"2021-02-02T14:37:06","date_gmt":"2021-02-02T14:37:06","guid":{"rendered":"https:\/\/radiojingles24.com\/?page_id=88323"},"modified":"2021-02-02T14:39:12","modified_gmt":"2021-02-02T14:39:12","slug":"make-engaging-podcast-jingle-music","status":"publish","type":"page","link":"https:\/\/radiojingles24.com\/de\/make-engaging-podcast-jingle-music\/","title":{"rendered":"Machen Sie ansprechende Podcast-Jingle-Musik"},"content":{"rendered":"<div id=\"fws_69f37f894688f\"  data-midnight=\"dark\"  data-bg-mobile-hidden=\"\" class=\"wpb_row vc_row-fluid vc_row top-level standard_section\"  style=\"padding-top: 0px; padding-bottom: 0px; \"><div class=\"row-bg-wrap\" data-bg-animation=\"none\"><div class=\"inner-wrap\"><div class=\"row-bg\"  style=\"\"><\/div><\/div><div class=\"row-bg-overlay\" ><\/div><\/div><div class=\"col span_12 dark left\">\n\t<div  class=\"vc_col-sm-12 wpb_column column_container vc_column_container col no-extra-padding\"  data-t-w-inherits=\"default\" data-border-radius=\"none\" data-shadow=\"none\" data-border-animation=\"\" data-border-animation-delay=\"\" data-border-width=\"none\" data-border-style=\"solid\" data-border-color=\"\" data-bg-cover=\"\" data-padding-pos=\"all\" data-has-bg-color=\"false\" data-bg-color=\"\" data-bg-opacity=\"1\" data-hover-bg=\"\" data-hover-bg-opacity=\"1\" data-animation=\"\" data-delay=\"0\"><div class=\"column-bg-overlay\"><\/div>\n\t\t<div class=\"vc_column-inner\">\n\t\t\t<div class=\"wpb_wrapper\">\n\t\t\t\t\r\n\t<div class=\"wpb_text_column wpb_content_element\" >\r\n\t\t<div class=\"wpb_wrapper\">\r\n\t\t\t<h1>Machen Sie ansprechende Podcast-Jingle-Musik<\/h1>\n<p><span style=\"font-weight: 400;\">Wenn es darum geht, ein Unternehmen zu finden, das \u00fcber die erforderlichen F\u00e4higkeiten und Werkzeuge verf\u00fcgt, um hochwertige Podcast-Jingle-Musik zu erstellen, die die Aufmerksamkeit aller H\u00f6rer auf sich zieht, wird es Ihnen schwer fallen, eine Alternative zu finden <\/span><a href=\"https:\/\/radiojingles24.com\/de\/\"><span style=\"font-weight: 400;\">Radio Jingles 24<\/span><\/a><span style=\"font-weight: 400;\">. Unabh\u00e4ngig von der Art des Projekts, an dem Sie arbeiten, werden wir uns bem\u00fchen, alles zu tun, um Ihren speziellen Anforderungen gerecht zu werden.\u00a0<\/span><\/p>\n<p><span style=\"font-weight: 400;\">Die K\u00fcnstler, die wir in unserem Team haben, sind unglaublich talentiert und haben bereits einen gro\u00dfen Erfahrungsschatz auf diesem Gebiet aufgebaut. Aufgrund der Nischenbranche, in der wir t\u00e4tig sind, ist es v\u00f6llig verst\u00e4ndlich, dass Sie Fragen haben. In diesen Situationen bitten wir Sie, sich entweder \u00fcber unsere Telefonnummer 01135 346686 an uns zu wenden oder uns eine Nachricht zu schreiben und diese anschlie\u00dfend an zu senden <\/span><a href=\"mailto:info@radiojingles24.com\"><span style=\"font-weight: 400;\">info@radiojingles24.com<\/span><\/a><span style=\"font-weight: 400;\">. <\/span><span style=\"font-weight: 400;\"><br \/>\n<\/span><span style=\"font-weight: 400;\"><br \/>\n<\/span><b>Der Appell an Podcasts<\/b><span style=\"font-weight: 400;\"><br \/>\n<\/span><span style=\"font-weight: 400;\"><br \/>\n<\/span><span style=\"font-weight: 400;\">Einige der Personen, die dies lesen, fragen sich vielleicht, warum Millionen von Menschen im ganzen Land es lieben, sich die Zeit zu vertreiben, indem sie Podcasts anh\u00f6ren. Obwohl es sie schon seit einigen Jahren gibt, hat ihre Popularit\u00e4t erst vor kurzem wirklich zugenommen. Tatsache ist, dass sie an verschiedenen Orten genossen werden k\u00f6nnen.\u00a0<\/span><\/p>\n<p>&nbsp;<\/p>\n<p><span style=\"font-weight: 400;\">Einige benutzen sie gerne als Ablenkung w\u00e4hrend eines langen Spaziergangs, w\u00e4hrend andere sie als interessante Begleitung f\u00fcr ein besonders schwieriges Training haben. Wenn Sie also einen neuen Podcast erstellen m\u00f6chten, werden Sie erfreut sein zu h\u00f6ren, dass es einen riesigen Markt gibt, an den Sie sich wenden k\u00f6nnen. Sie m\u00fcssen sich jedoch zuerst eing\u00e4ngige Podcast-Jingle-Musik einfallen lassen, und hier kommt Radio Jingles 24 ins Spiel. <\/span><span style=\"font-weight: 400;\"><br \/>\n<\/span><span style=\"font-weight: 400;\"><br \/>\n<\/span><b>Was k\u00f6nnen wir dir anbieten?<\/b><span style=\"font-weight: 400;\"><br \/>\n<\/span><span style=\"font-weight: 400;\"><br \/>\n<\/span><span style=\"font-weight: 400;\">F\u00fcr diejenigen unter Ihnen, die feststellen, dass Radio Jingles 24 das Unternehmen ist, das am besten geeignet ist, Sie bei Ihrer Podcast-Jingle-Musik zu unterst\u00fctzen, ist es wichtig, dass Sie die verschiedenen Unterschiede erkennen <\/span><a href=\"https:\/\/radiojingles24.com\/de\/produkt\/sung-packages\/\"><span style=\"font-weight: 400;\">Pakete<\/span><\/a><span style=\"font-weight: 400;\"> das haben wir im Angebot. Wenn Sie sich die Zeit genommen haben, unsere Paketseite zu besuchen, werden Sie schnell feststellen, dass es nicht an verf\u00fcgbaren Optionen mangelt, die alle von erstklassiger Qualit\u00e4t sind.\u00a0<\/span><\/p>\n<p>&nbsp;<\/p>\n<p><span style=\"font-weight: 400;\">Mit jedem dieser Angebote k\u00f6nnen Sie vier gesungene Jingles sowie Acapella-Versionen nutzen. Wenn Sie das Boot etwas weiter herausschieben m\u00f6chten, k\u00f6nnen Sie eine zus\u00e4tzliche Rampe hinzuf\u00fcgen. <\/span><span style=\"font-weight: 400;\"><br \/>\n<\/span><span style=\"font-weight: 400;\"><br \/>\n<\/span><b>Aufschl\u00fcsselung unserer Produkte<\/b><span style=\"font-weight: 400;\"><br \/>\n<\/span><span style=\"font-weight: 400;\"><br \/>\n<\/span><span style=\"font-weight: 400;\">Obwohl sich der Gro\u00dfteil unserer Arbeit auf Podcast-Jingle-Musik bezieht, ist dies bei weitem nicht die einzige F\u00e4higkeit in unserem Repertoire. Wenn Sie den Namen &quot;Radio Jingles 24&quot; h\u00f6ren, sollte dies ein Bild eines multidisziplin\u00e4ren Unternehmens hervorrufen, das unabh\u00e4ngig von der Situation einen problemlosen Service bieten kann. Ob Sie versuchen, Ihren Strom zu verbessern <\/span><a href=\"https:\/\/radiojingles24.com\/de\/produkt-kategorie\/djs\/\"><span style=\"font-weight: 400;\">DJ<\/span><\/a><span style=\"font-weight: 400;\"> Richten Sie die Einrichtung ein oder lassen Sie sich von Experten beim Erstellen eines Audios beraten <\/span><a href=\"https:\/\/radiojingles24.com\/de\/produkt-kategorie\/commercial-production\/\"><span style=\"font-weight: 400;\">kommerziell<\/span><\/a><span style=\"font-weight: 400;\">Wir werden Sie nicht entt\u00e4uschen.<\/span><span style=\"font-weight: 400;\"><br \/>\n<\/span><\/p>\n\r\n\t\t<\/div>\r\n\t<\/div>\r\n\n\t\t\t<\/div> \n\t\t<\/div>\n\t<\/div> \n<\/div><\/div>","protected":false},"excerpt":{"rendered":"Machen Sie ansprechende Podcast-Jingle-Musik Wenn es darum geht, ein Unternehmen zu finden, das \u00fcber die erforderlichen F\u00e4higkeiten und Werkzeuge verf\u00fcgt, um qualitativ hochwertige Podcast-Jingle-Musik zu erstellen, die die Aufmerksamkeit auf sich zieht ...","protected":false},"author":1,"featured_media":0,"parent":0,"menu_order":0,"comment_status":"closed","ping_status":"closed","template":"","meta":{"_exactmetrics_skip_tracking":false,"_exactmetrics_sitenote_active":false,"_exactmetrics_sitenote_note":"","_exactmetrics_sitenote_category":0,"footnotes":""},"class_list":["post-88323","page","type-page","status-publish"],"yoast_head":"<!-- This site is optimized with the Yoast SEO plugin v26.8 - https:\/\/yoast.com\/product\/yoast-seo-wordpress\/ -->\n<title>Radio Jingles 24: Radio Jingles | DJ Drops | Podcast Intros | Sung Jingles<\/title>\n<meta name=\"description\" content=\"Radio Jingles, Sung Jingles, DJ Drops, and Podcast Intros for commercial, community and internet radio stations. UK Based. Prices from \u00a35. Order online.\" \/>\n<meta name=\"robots\" content=\"index, follow, max-snippet:-1, max-image-preview:large, max-video-preview:-1\" \/>\n<link rel=\"canonical\" href=\"https:\/\/radiojingles24.com\/de\/make-engaging-podcast-jingle-music\/\" \/>\n<meta property=\"og:locale\" content=\"de_DE\" \/>\n<meta property=\"og:type\" content=\"article\" \/>\n<meta property=\"og:title\" content=\"Radio Jingles 24: Radio Jingles | DJ Drops | Podcast Intros | Sung Jingles\" \/>\n<meta property=\"og:description\" content=\"Radio Jingles, Sung Jingles, DJ Drops, and Podcast Intros for commercial, community and internet radio stations. UK Based. Prices from \u00a35. Order online.\" \/>\n<meta property=\"og:url\" content=\"https:\/\/radiojingles24.com\/de\/make-engaging-podcast-jingle-music\/\" \/>\n<meta property=\"og:site_name\" content=\"Radio Jingles 24: Radio Jingles | DJ Drops | Podcast Intros | Sung Jingles\" \/>\n<meta property=\"article:publisher\" content=\"https:\/\/www.facebook.com\/radiojingles24\/\" \/>\n<meta property=\"article:modified_time\" content=\"2021-02-02T14:39:12+00:00\" \/>\n<meta name=\"twitter:card\" content=\"summary_large_image\" \/>\n<meta name=\"twitter:site\" content=\"@radiojingles24\" \/>\n<meta name=\"twitter:label1\" content=\"Gesch\u00e4tzte Lesezeit\" \/>\n\t<meta name=\"twitter:data1\" content=\"3\u00a0Minuten\" \/>\n<script type=\"application\/ld+json\" class=\"yoast-schema-graph\">{\"@context\":\"https:\/\/schema.org\",\"@graph\":[{\"@type\":\"WebPage\",\"@id\":\"https:\/\/radiojingles24.com\/it\/make-engaging-podcast-jingle-music\/\",\"url\":\"https:\/\/radiojingles24.com\/it\/make-engaging-podcast-jingle-music\/\",\"name\":\"Radio Jingles 24: Radio Jingles | DJ Drops | Podcast Intros | Sung Jingles\",\"isPartOf\":{\"@id\":\"https:\/\/radiojingles24.com\/#website\"},\"datePublished\":\"2021-02-02T14:37:06+00:00\",\"dateModified\":\"2021-02-02T14:39:12+00:00\",\"description\":\"Radio Jingles, Sung Jingles, DJ Drops, and Podcast Intros for commercial, community and internet radio stations. UK Based. Prices from \u00a35. Order online.\",\"breadcrumb\":{\"@id\":\"https:\/\/radiojingles24.com\/it\/make-engaging-podcast-jingle-music\/#breadcrumb\"},\"inLanguage\":\"de\",\"potentialAction\":[{\"@type\":\"ReadAction\",\"target\":[\"https:\/\/radiojingles24.com\/it\/make-engaging-podcast-jingle-music\/\"]}]},{\"@type\":\"BreadcrumbList\",\"@id\":\"https:\/\/radiojingles24.com\/it\/make-engaging-podcast-jingle-music\/#breadcrumb\",\"itemListElement\":[{\"@type\":\"ListItem\",\"position\":1,\"name\":\"Home\",\"item\":\"https:\/\/radiojingles24.com\/de\/\"},{\"@type\":\"ListItem\",\"position\":2,\"name\":\"Make Engaging Podcast Jingle Music\"}]},{\"@type\":\"WebSite\",\"@id\":\"https:\/\/radiojingles24.com\/#website\",\"url\":\"https:\/\/radiojingles24.com\/\",\"name\":\"Radio Jingles 24: Radio Jingles | DJ Drops | Podcast Intros | Sung Jingles\",\"description\":\"Radio Jingles, Sung Jingles, DJ Drops, and Podcast Intros for commercial, community and internet radio stations. UK Based. Prices from \u00a35. Order online.\",\"publisher\":{\"@id\":\"https:\/\/radiojingles24.com\/#organization\"},\"potentialAction\":[{\"@type\":\"SearchAction\",\"target\":{\"@type\":\"EntryPoint\",\"urlTemplate\":\"https:\/\/radiojingles24.com\/?s={search_term_string}\"},\"query-input\":{\"@type\":\"PropertyValueSpecification\",\"valueRequired\":true,\"valueName\":\"search_term_string\"}}],\"inLanguage\":\"de\"},{\"@type\":\"Organization\",\"@id\":\"https:\/\/radiojingles24.com\/#organization\",\"name\":\"Radio Jingles 24\",\"url\":\"https:\/\/radiojingles24.com\/\",\"logo\":{\"@type\":\"ImageObject\",\"inLanguage\":\"de\",\"@id\":\"https:\/\/radiojingles24.com\/#\/schema\/logo\/image\/\",\"url\":\"https:\/\/radiojingles24.com\/wp-content\/uploads\/2019\/11\/RadioJingle1-1.jpg\",\"contentUrl\":\"https:\/\/radiojingles24.com\/wp-content\/uploads\/2019\/11\/RadioJingle1-1.jpg\",\"width\":512,\"height\":158,\"caption\":\"Radio Jingles 24\"},\"image\":{\"@id\":\"https:\/\/radiojingles24.com\/#\/schema\/logo\/image\/\"},\"sameAs\":[\"https:\/\/www.facebook.com\/radiojingles24\/\",\"https:\/\/x.com\/radiojingles24\"]}]}<\/script>\n<!-- \/ Yoast SEO plugin. -->","yoast_head_json":{"title":"Radio Jingles 24: Radio Jingles | DJ Drops | Podcast Intros | Gesungene Jingles","description":"Radio Jingles, Sung Jingles, DJ Drops und Podcast Intros f\u00fcr kommerzielle, Community- und Internetradiosender. In Gro\u00dfbritannien ans\u00e4ssig. Preise ab \u00a3 5. Online bestellen.","robots":{"index":"index","follow":"follow","max-snippet":"max-snippet:-1","max-image-preview":"max-image-preview:large","max-video-preview":"max-video-preview:-1"},"canonical":"https:\/\/radiojingles24.com\/de\/make-engaging-podcast-jingle-music\/","og_locale":"de_DE","og_type":"article","og_title":"Radio Jingles 24: Radio Jingles | DJ Drops | Podcast Intros | Sung Jingles","og_description":"Radio Jingles, Sung Jingles, DJ Drops, and Podcast Intros for commercial, community and internet radio stations. UK Based. Prices from \u00a35. Order online.","og_url":"https:\/\/radiojingles24.com\/de\/make-engaging-podcast-jingle-music\/","og_site_name":"Radio Jingles 24: Radio Jingles | DJ Drops | Podcast Intros | Sung Jingles","article_publisher":"https:\/\/www.facebook.com\/radiojingles24\/","article_modified_time":"2021-02-02T14:39:12+00:00","twitter_card":"summary_large_image","twitter_site":"@radiojingles24","twitter_misc":{"Gesch\u00e4tzte Lesezeit":"3\u00a0Minuten"},"schema":{"@context":"https:\/\/schema.org","@graph":[{"@type":"WebPage","@id":"https:\/\/radiojingles24.com\/it\/make-engaging-podcast-jingle-music\/","url":"https:\/\/radiojingles24.com\/it\/make-engaging-podcast-jingle-music\/","name":"Radio Jingles 24: Radio Jingles | DJ Drops | Podcast Intros | Gesungene Jingles","isPartOf":{"@id":"https:\/\/radiojingles24.com\/#website"},"datePublished":"2021-02-02T14:37:06+00:00","dateModified":"2021-02-02T14:39:12+00:00","description":"Radio Jingles, Sung Jingles, DJ Drops und Podcast Intros f\u00fcr kommerzielle, Community- und Internetradiosender. In Gro\u00dfbritannien ans\u00e4ssig. Preise ab \u00a3 5. Online bestellen.","breadcrumb":{"@id":"https:\/\/radiojingles24.com\/it\/make-engaging-podcast-jingle-music\/#breadcrumb"},"inLanguage":"de","potentialAction":[{"@type":"ReadAction","target":["https:\/\/radiojingles24.com\/it\/make-engaging-podcast-jingle-music\/"]}]},{"@type":"BreadcrumbList","@id":"https:\/\/radiojingles24.com\/it\/make-engaging-podcast-jingle-music\/#breadcrumb","itemListElement":[{"@type":"ListItem","position":1,"name":"Home","item":"https:\/\/radiojingles24.com\/de\/"},{"@type":"ListItem","position":2,"name":"Make Engaging Podcast Jingle Music"}]},{"@type":"WebSite","@id":"https:\/\/radiojingles24.com\/#website","url":"https:\/\/radiojingles24.com\/","name":"Radio Jingles 24: Radio Jingles | DJ Drops | Podcast Intros | Gesungene Jingles","description":"Radio Jingles, Sung Jingles, DJ Drops und Podcast Intros f\u00fcr kommerzielle, Community- und Internetradiosender. In Gro\u00dfbritannien ans\u00e4ssig. Preise ab \u00a3 5. Online bestellen.","publisher":{"@id":"https:\/\/radiojingles24.com\/#organization"},"potentialAction":[{"@type":"SearchAction","target":{"@type":"EntryPoint","urlTemplate":"https:\/\/radiojingles24.com\/?s={search_term_string}"},"query-input":{"@type":"PropertyValueSpecification","valueRequired":true,"valueName":"search_term_string"}}],"inLanguage":"de"},{"@type":"Organization","@id":"https:\/\/radiojingles24.com\/#organization","name":"Radio Jingles 24","url":"https:\/\/radiojingles24.com\/","logo":{"@type":"ImageObject","inLanguage":"de","@id":"https:\/\/radiojingles24.com\/#\/schema\/logo\/image\/","url":"https:\/\/radiojingles24.com\/wp-content\/uploads\/2019\/11\/RadioJingle1-1.jpg","contentUrl":"https:\/\/radiojingles24.com\/wp-content\/uploads\/2019\/11\/RadioJingle1-1.jpg","width":512,"height":158,"caption":"Radio Jingles 24"},"image":{"@id":"https:\/\/radiojingles24.com\/#\/schema\/logo\/image\/"},"sameAs":["https:\/\/www.facebook.com\/radiojingles24\/","https:\/\/x.com\/radiojingles24"]}]}},"jetpack_sharing_enabled":true,"_links":{"self":[{"href":"https:\/\/radiojingles24.com\/de\/wp-json\/wp\/v2\/pages\/88323","targetHints":{"allow":["GET"]}}],"collection":[{"href":"https:\/\/radiojingles24.com\/de\/wp-json\/wp\/v2\/pages"}],"about":[{"href":"https:\/\/radiojingles24.com\/de\/wp-json\/wp\/v2\/types\/page"}],"author":[{"embeddable":true,"href":"https:\/\/radiojingles24.com\/de\/wp-json\/wp\/v2\/users\/1"}],"replies":[{"embeddable":true,"href":"https:\/\/radiojingles24.com\/de\/wp-json\/wp\/v2\/comments?post=88323"}],"version-history":[{"count":2,"href":"https:\/\/radiojingles24.com\/de\/wp-json\/wp\/v2\/pages\/88323\/revisions"}],"predecessor-version":[{"id":88328,"href":"https:\/\/radiojingles24.com\/de\/wp-json\/wp\/v2\/pages\/88323\/revisions\/88328"}],"wp:attachment":[{"href":"https:\/\/radiojingles24.com\/de\/wp-json\/wp\/v2\/media?parent=88323"}],"curies":[{"name":"wp","href":"https:\/\/api.w.org\/{rel}","templated":true}]}}