{"id":88325,"date":"2021-02-02T14:37:57","date_gmt":"2021-02-02T14:37:57","guid":{"rendered":"https:\/\/radiojingles24.com\/?page_id=88325"},"modified":"2021-02-02T14:39:09","modified_gmt":"2021-02-02T14:39:09","slug":"first-class-voice-over-agency","status":"publish","type":"page","link":"https:\/\/radiojingles24.com\/de\/first-class-voice-over-agency\/","title":{"rendered":"Erstklassige Voice Over Agentur"},"content":{"rendered":"<div id=\"fws_69dfdcc0bc210\"  data-midnight=\"dark\"  data-bg-mobile-hidden=\"\" class=\"wpb_row vc_row-fluid vc_row top-level standard_section\"  style=\"padding-top: 0px; padding-bottom: 0px; \"><div class=\"row-bg-wrap\" data-bg-animation=\"none\"><div class=\"inner-wrap\"><div class=\"row-bg\"  style=\"\"><\/div><\/div><div class=\"row-bg-overlay\" ><\/div><\/div><div class=\"col span_12 dark left\">\n\t<div  class=\"vc_col-sm-12 wpb_column column_container vc_column_container col no-extra-padding\"  data-t-w-inherits=\"default\" data-border-radius=\"none\" data-shadow=\"none\" data-border-animation=\"\" data-border-animation-delay=\"\" data-border-width=\"none\" data-border-style=\"solid\" data-border-color=\"\" data-bg-cover=\"\" data-padding-pos=\"all\" data-has-bg-color=\"false\" data-bg-color=\"\" data-bg-opacity=\"1\" data-hover-bg=\"\" data-hover-bg-opacity=\"1\" data-animation=\"\" data-delay=\"0\"><div class=\"column-bg-overlay\"><\/div>\n\t\t<div class=\"vc_column-inner\">\n\t\t\t<div class=\"wpb_wrapper\">\n\t\t\t\t\r\n\t<div class=\"wpb_text_column wpb_content_element\" >\r\n\t\t<div class=\"wpb_wrapper\">\r\n\t\t\t<h1>Erstklassige Voice Over Agentur<\/h1>\n<p><span style=\"font-weight: 400;\">Haben Sie sich k\u00fcrzlich entschlossen, einen Podcast zu starten, der Ihrem Lieblingsthema gewidmet ist, aber Schwierigkeiten haben, einen eing\u00e4ngigen Jingle zu finden? M\u00f6chten Sie mit einer erstklassigen Voice-Over-Agentur zusammenarbeiten, die mit ihrem umfassenden Fachwissen Sie in die richtige Richtung weist? Sollten Ihnen diese Situationen bekannt vorkommen, sind Sie wahrscheinlich ideal f\u00fcr die Zusammenarbeit mit dem Unternehmen geeignet <\/span><a href=\"https:\/\/radiojingles24.com\/de\/\"><span style=\"font-weight: 400;\">Radio Jingles 24<\/span><\/a><span style=\"font-weight: 400;\">.\u00a0<\/span><\/p>\n<p><span style=\"font-weight: 400;\">Abgesehen von der Palette der Produkte und Dienstleistungen, die wir anbieten, nennen viele unserer Kunden unseren fantastischen Kundenservice als einen der Hauptgr\u00fcnde, warum sie uns ihre Projekte anvertrauen. F\u00fcr diejenigen unter Ihnen, die Ihre Ideen mit einem unserer Vertreter eingehender diskutieren m\u00f6chten, finden Sie die Methoden auf unserer Seite <\/span><a href=\"https:\/\/radiojingles24.com\/de\/contact-us\/\"><span style=\"font-weight: 400;\">Kontaktseite<\/span><\/a><span style=\"font-weight: 400;\">.<\/span><span style=\"font-weight: 400;\"><br \/>\n<\/span><b><\/b><\/p>\n<h2><b>Bedeutung von Jingles<\/b><span style=\"font-weight: 400;\"><br \/>\n<\/span><\/h2>\n<p><span style=\"font-weight: 400;\">Wenn Sie nicht wesentlich mit der Welt des Marketings vertraut waren, sind Sie vielleicht neugierig, warum Jingles eine unglaublich beliebte Art der Werbung f\u00fcr Produkte und Dienstleistungen bleiben. Wie unser Name schon sagt, ist Radio Jingles 24 das perfekte Unternehmen, wenn Sie bei der Einstellung einer Voice-Over-Agentur investieren m\u00f6chten. Diese Arten von Musikwerbung sind auf Langlebigkeit ausgelegt und k\u00f6nnen verwendet werden, um ein bestimmtes Unternehmen oder dessen Flaggschiffprodukt sofort zu identifizieren. Unabh\u00e4ngig davon, ob es \u00fcber das Radio abgespielt wird oder eine visuelle Szene im Fernsehen begleitet, bleiben die Ergebnisse gleich. <\/span><span style=\"font-weight: 400;\"><br \/>\n<\/span><span style=\"font-weight: 400;\"><br \/>\n<\/span><b>Welche Dienstleistungen bieten wir an?<\/b><span style=\"font-weight: 400;\"><br \/>\n<\/span><span style=\"font-weight: 400;\"><br \/>\n<\/span><span style=\"font-weight: 400;\">Im Gegensatz zu einigen der traditionellen Voice-over-Agenturen mit Sitz in Gro\u00dfbritannien halten wir es f\u00fcr wichtig, in verschiedenen Sektoren t\u00e4tig zu sein. F\u00fcr viele Unternehmen dreht sich unsere Hauptfunktion um das Aufzeichnen von Jingles, die all jenen, die sie h\u00f6ren, lange in Erinnerung bleiben werden. Dies ist jedoch nur ein kleiner Aspekt unserer allgemeinen F\u00e4higkeiten. Ob es unser ist <\/span><a href=\"https:\/\/radiojingles24.com\/de\/produkt\/pro-dj-drop-pack\/\"><span style=\"font-weight: 400;\">Pro DJ Drop Pack<\/span><\/a><span style=\"font-weight: 400;\"> das wird Ihren Anforderungen entsprechen oder m\u00f6chte eine vorgefertigte kaufen <\/span><a href=\"https:\/\/radiojingles24.com\/de\/produkt\/commercial-promo-package\/\"><span style=\"font-weight: 400;\">Kommerzielles Paket<\/span><\/a><span style=\"font-weight: 400;\">k\u00f6nnen Sie sicher sein, dass Sie mit dem Ergebnis rundum zufrieden sind. <\/span><span style=\"font-weight: 400;\"><br \/>\n<\/span><span style=\"font-weight: 400;\"><br \/>\n<\/span><b>Wie klingen wir?<\/b><span style=\"font-weight: 400;\"><br \/>\n<\/span><span style=\"font-weight: 400;\"><br \/>\n<\/span><span style=\"font-weight: 400;\">Wenn Sie sich mit den verschiedenen Voice-Over-Agenturen in Gro\u00dfbritannien befassen, ist es wichtig, dass Sie ein umfassendes Verst\u00e4ndnis f\u00fcr deren Angebot formulieren. M\u00f6glicherweise haben Sie eine bestimmte Richtung f\u00fcr das, wie Ihr Jingle klingen soll, und das kann bedeuten, dass Sie eine bestimmte Tonh\u00f6he ben\u00f6tigen.\u00a0<\/span><\/p>\n<p><span style=\"font-weight: 400;\">Zum Gl\u00fcck lassen sich diese Probleme leicht l\u00f6sen, wenn Sie hier bei Radio Jingles 24 zu uns kommen. In unserem Team haben wir eine Reihe talentierter K\u00fcnstler, und ihre Erfahrungen in dieser Branche sorgen daf\u00fcr, dass Sie sich nicht entt\u00e4uscht f\u00fchlen. Auf unserer Website k\u00f6nnen Sie <\/span><a href=\"https:\/\/radiojingles24.com\/de\/#voices\"><span style=\"font-weight: 400;\">H\u00f6r mal zu<\/span><\/a><span style=\"font-weight: 400;\"> Dies sollte Ihnen die Informationen liefern, die Sie ben\u00f6tigen, um eine fundierte Entscheidung dar\u00fcber zu treffen, wer f\u00fcr Ihr Projekt am besten geeignet ist.<\/span><\/p>\n\r\n\t\t<\/div>\r\n\t<\/div>\r\n\n\t\t\t<\/div> \n\t\t<\/div>\n\t<\/div> \n<\/div><\/div>","protected":false},"excerpt":{"rendered":"First-Class Voice Over Agency Have you recently decided to start a podcast which is dedicated to your favourite topic, but are struggling to come up with a catchy jingle? Interested...","protected":false},"author":1,"featured_media":0,"parent":0,"menu_order":0,"comment_status":"closed","ping_status":"closed","template":"","meta":{"_exactmetrics_skip_tracking":false,"_exactmetrics_sitenote_active":false,"_exactmetrics_sitenote_note":"","_exactmetrics_sitenote_category":0,"footnotes":""},"class_list":["post-88325","page","type-page","status-publish"],"yoast_head":"<!-- This site is optimized with the Yoast SEO plugin v26.8 - https:\/\/yoast.com\/product\/yoast-seo-wordpress\/ -->\n<title>Radio Jingles 24: Radio Jingles | DJ Drops | Podcast Intros | Sung Jingles<\/title>\n<meta name=\"description\" content=\"Radio Jingles, Sung Jingles, DJ Drops, and Podcast Intros for commercial, community and internet radio stations. UK Based. Prices from \u00a35. Order online.\" \/>\n<meta name=\"robots\" content=\"index, follow, max-snippet:-1, max-image-preview:large, max-video-preview:-1\" \/>\n<link rel=\"canonical\" href=\"https:\/\/radiojingles24.com\/de\/first-class-voice-over-agency\/\" \/>\n<meta property=\"og:locale\" content=\"de_DE\" \/>\n<meta property=\"og:type\" content=\"article\" \/>\n<meta property=\"og:title\" content=\"Radio Jingles 24: Radio Jingles | DJ Drops | Podcast Intros | Sung Jingles\" \/>\n<meta property=\"og:description\" content=\"Radio Jingles, Sung Jingles, DJ Drops, and Podcast Intros for commercial, community and internet radio stations. UK Based. Prices from \u00a35. Order online.\" \/>\n<meta property=\"og:url\" content=\"https:\/\/radiojingles24.com\/de\/first-class-voice-over-agency\/\" \/>\n<meta property=\"og:site_name\" content=\"Radio Jingles 24: Radio Jingles | DJ Drops | Podcast Intros | Sung Jingles\" \/>\n<meta property=\"article:publisher\" content=\"https:\/\/www.facebook.com\/radiojingles24\/\" \/>\n<meta property=\"article:modified_time\" content=\"2021-02-02T14:39:09+00:00\" \/>\n<meta name=\"twitter:card\" content=\"summary_large_image\" \/>\n<meta name=\"twitter:site\" content=\"@radiojingles24\" \/>\n<meta name=\"twitter:label1\" content=\"Gesch\u00e4tzte Lesezeit\" \/>\n\t<meta name=\"twitter:data1\" content=\"3\u00a0Minuten\" \/>\n<script type=\"application\/ld+json\" class=\"yoast-schema-graph\">{\"@context\":\"https:\/\/schema.org\",\"@graph\":[{\"@type\":\"WebPage\",\"@id\":\"https:\/\/radiojingles24.com\/de\/first-class-voice-over-agency\/\",\"url\":\"https:\/\/radiojingles24.com\/de\/first-class-voice-over-agency\/\",\"name\":\"Radio Jingles 24: Radio Jingles | DJ Drops | Podcast Intros | Sung Jingles\",\"isPartOf\":{\"@id\":\"https:\/\/radiojingles24.com\/#website\"},\"datePublished\":\"2021-02-02T14:37:57+00:00\",\"dateModified\":\"2021-02-02T14:39:09+00:00\",\"description\":\"Radio Jingles, Sung Jingles, DJ Drops, and Podcast Intros for commercial, community and internet radio stations. UK Based. Prices from \u00a35. Order online.\",\"breadcrumb\":{\"@id\":\"https:\/\/radiojingles24.com\/de\/first-class-voice-over-agency\/#breadcrumb\"},\"inLanguage\":\"de\",\"potentialAction\":[{\"@type\":\"ReadAction\",\"target\":[\"https:\/\/radiojingles24.com\/de\/first-class-voice-over-agency\/\"]}]},{\"@type\":\"BreadcrumbList\",\"@id\":\"https:\/\/radiojingles24.com\/de\/first-class-voice-over-agency\/#breadcrumb\",\"itemListElement\":[{\"@type\":\"ListItem\",\"position\":1,\"name\":\"Home\",\"item\":\"https:\/\/radiojingles24.com\/de\/\"},{\"@type\":\"ListItem\",\"position\":2,\"name\":\"First-Class Voice Over Agency\"}]},{\"@type\":\"WebSite\",\"@id\":\"https:\/\/radiojingles24.com\/#website\",\"url\":\"https:\/\/radiojingles24.com\/\",\"name\":\"Radio Jingles 24: Radio Jingles | DJ Drops | Podcast Intros | Sung Jingles\",\"description\":\"Radio Jingles, Sung Jingles, DJ Drops, and Podcast Intros for commercial, community and internet radio stations. UK Based. Prices from \u00a35. Order online.\",\"publisher\":{\"@id\":\"https:\/\/radiojingles24.com\/#organization\"},\"potentialAction\":[{\"@type\":\"SearchAction\",\"target\":{\"@type\":\"EntryPoint\",\"urlTemplate\":\"https:\/\/radiojingles24.com\/?s={search_term_string}\"},\"query-input\":{\"@type\":\"PropertyValueSpecification\",\"valueRequired\":true,\"valueName\":\"search_term_string\"}}],\"inLanguage\":\"de\"},{\"@type\":\"Organization\",\"@id\":\"https:\/\/radiojingles24.com\/#organization\",\"name\":\"Radio Jingles 24\",\"url\":\"https:\/\/radiojingles24.com\/\",\"logo\":{\"@type\":\"ImageObject\",\"inLanguage\":\"de\",\"@id\":\"https:\/\/radiojingles24.com\/#\/schema\/logo\/image\/\",\"url\":\"https:\/\/radiojingles24.com\/wp-content\/uploads\/2019\/11\/RadioJingle1-1.jpg\",\"contentUrl\":\"https:\/\/radiojingles24.com\/wp-content\/uploads\/2019\/11\/RadioJingle1-1.jpg\",\"width\":512,\"height\":158,\"caption\":\"Radio Jingles 24\"},\"image\":{\"@id\":\"https:\/\/radiojingles24.com\/#\/schema\/logo\/image\/\"},\"sameAs\":[\"https:\/\/www.facebook.com\/radiojingles24\/\",\"https:\/\/x.com\/radiojingles24\"]}]}<\/script>\n<!-- \/ Yoast SEO plugin. -->","yoast_head_json":{"title":"Radio Jingles 24: Radio Jingles | DJ Drops | Podcast Intros | Gesungene Jingles","description":"Radio Jingles, Sung Jingles, DJ Drops und Podcast Intros f\u00fcr kommerzielle, Community- und Internetradiosender. In Gro\u00dfbritannien ans\u00e4ssig. Preise ab \u00a3 5. Online bestellen.","robots":{"index":"index","follow":"follow","max-snippet":"max-snippet:-1","max-image-preview":"max-image-preview:large","max-video-preview":"max-video-preview:-1"},"canonical":"https:\/\/radiojingles24.com\/de\/first-class-voice-over-agency\/","og_locale":"de_DE","og_type":"article","og_title":"Radio Jingles 24: Radio Jingles | DJ Drops | Podcast Intros | Sung Jingles","og_description":"Radio Jingles, Sung Jingles, DJ Drops, and Podcast Intros for commercial, community and internet radio stations. UK Based. Prices from \u00a35. Order online.","og_url":"https:\/\/radiojingles24.com\/de\/first-class-voice-over-agency\/","og_site_name":"Radio Jingles 24: Radio Jingles | DJ Drops | Podcast Intros | Sung Jingles","article_publisher":"https:\/\/www.facebook.com\/radiojingles24\/","article_modified_time":"2021-02-02T14:39:09+00:00","twitter_card":"summary_large_image","twitter_site":"@radiojingles24","twitter_misc":{"Gesch\u00e4tzte Lesezeit":"3\u00a0Minuten"},"schema":{"@context":"https:\/\/schema.org","@graph":[{"@type":"WebPage","@id":"https:\/\/radiojingles24.com\/de\/first-class-voice-over-agency\/","url":"https:\/\/radiojingles24.com\/de\/first-class-voice-over-agency\/","name":"Radio Jingles 24: Radio Jingles | DJ Drops | Podcast Intros | Gesungene Jingles","isPartOf":{"@id":"https:\/\/radiojingles24.com\/#website"},"datePublished":"2021-02-02T14:37:57+00:00","dateModified":"2021-02-02T14:39:09+00:00","description":"Radio Jingles, Sung Jingles, DJ Drops und Podcast Intros f\u00fcr kommerzielle, Community- und Internetradiosender. In Gro\u00dfbritannien ans\u00e4ssig. Preise ab \u00a3 5. Online bestellen.","breadcrumb":{"@id":"https:\/\/radiojingles24.com\/de\/first-class-voice-over-agency\/#breadcrumb"},"inLanguage":"de","potentialAction":[{"@type":"ReadAction","target":["https:\/\/radiojingles24.com\/de\/first-class-voice-over-agency\/"]}]},{"@type":"BreadcrumbList","@id":"https:\/\/radiojingles24.com\/de\/first-class-voice-over-agency\/#breadcrumb","itemListElement":[{"@type":"ListItem","position":1,"name":"Home","item":"https:\/\/radiojingles24.com\/de\/"},{"@type":"ListItem","position":2,"name":"First-Class Voice Over Agency"}]},{"@type":"WebSite","@id":"https:\/\/radiojingles24.com\/#website","url":"https:\/\/radiojingles24.com\/","name":"Radio Jingles 24: Radio Jingles | DJ Drops | Podcast Intros | Gesungene Jingles","description":"Radio Jingles, Sung Jingles, DJ Drops und Podcast Intros f\u00fcr kommerzielle, Community- und Internetradiosender. In Gro\u00dfbritannien ans\u00e4ssig. Preise ab \u00a3 5. Online bestellen.","publisher":{"@id":"https:\/\/radiojingles24.com\/#organization"},"potentialAction":[{"@type":"SearchAction","target":{"@type":"EntryPoint","urlTemplate":"https:\/\/radiojingles24.com\/?s={search_term_string}"},"query-input":{"@type":"PropertyValueSpecification","valueRequired":true,"valueName":"search_term_string"}}],"inLanguage":"de"},{"@type":"Organization","@id":"https:\/\/radiojingles24.com\/#organization","name":"Radio Jingles 24","url":"https:\/\/radiojingles24.com\/","logo":{"@type":"ImageObject","inLanguage":"de","@id":"https:\/\/radiojingles24.com\/#\/schema\/logo\/image\/","url":"https:\/\/radiojingles24.com\/wp-content\/uploads\/2019\/11\/RadioJingle1-1.jpg","contentUrl":"https:\/\/radiojingles24.com\/wp-content\/uploads\/2019\/11\/RadioJingle1-1.jpg","width":512,"height":158,"caption":"Radio Jingles 24"},"image":{"@id":"https:\/\/radiojingles24.com\/#\/schema\/logo\/image\/"},"sameAs":["https:\/\/www.facebook.com\/radiojingles24\/","https:\/\/x.com\/radiojingles24"]}]}},"jetpack_sharing_enabled":true,"_links":{"self":[{"href":"https:\/\/radiojingles24.com\/de\/wp-json\/wp\/v2\/pages\/88325","targetHints":{"allow":["GET"]}}],"collection":[{"href":"https:\/\/radiojingles24.com\/de\/wp-json\/wp\/v2\/pages"}],"about":[{"href":"https:\/\/radiojingles24.com\/de\/wp-json\/wp\/v2\/types\/page"}],"author":[{"embeddable":true,"href":"https:\/\/radiojingles24.com\/de\/wp-json\/wp\/v2\/users\/1"}],"replies":[{"embeddable":true,"href":"https:\/\/radiojingles24.com\/de\/wp-json\/wp\/v2\/comments?post=88325"}],"version-history":[{"count":2,"href":"https:\/\/radiojingles24.com\/de\/wp-json\/wp\/v2\/pages\/88325\/revisions"}],"predecessor-version":[{"id":88327,"href":"https:\/\/radiojingles24.com\/de\/wp-json\/wp\/v2\/pages\/88325\/revisions\/88327"}],"wp:attachment":[{"href":"https:\/\/radiojingles24.com\/de\/wp-json\/wp\/v2\/media?parent=88325"}],"curies":[{"name":"wp","href":"https:\/\/api.w.org\/{rel}","templated":true}]}}