{"id":88474,"date":"2021-02-10T16:41:42","date_gmt":"2021-02-10T16:41:42","guid":{"rendered":"https:\/\/radiojingles24.com\/?page_id=88474"},"modified":"2021-02-10T16:41:42","modified_gmt":"2021-02-10T16:41:42","slug":"dj-intro-voice-to-download-2","status":"publish","type":"page","link":"https:\/\/radiojingles24.com\/de\/dj-intro-voice-to-download-2\/","title":{"rendered":"DJ Intro Voice zum Herunterladen"},"content":{"rendered":"<div id=\"fws_69e05cb7c4941\"  data-midnight=\"dark\"  data-bg-mobile-hidden=\"\" class=\"wpb_row vc_row-fluid vc_row top-level standard_section\"  style=\"padding-top: 0px; padding-bottom: 0px; \"><div class=\"row-bg-wrap\" data-bg-animation=\"none\"><div class=\"inner-wrap\"><div class=\"row-bg\"  style=\"\"><\/div><\/div><div class=\"row-bg-overlay\" ><\/div><\/div><div class=\"col span_12 dark left\">\n\t<div  class=\"vc_col-sm-12 wpb_column column_container vc_column_container col no-extra-padding\"  data-t-w-inherits=\"default\" data-border-radius=\"none\" data-shadow=\"none\" data-border-animation=\"\" data-border-animation-delay=\"\" data-border-width=\"none\" data-border-style=\"solid\" data-border-color=\"\" data-bg-cover=\"\" data-padding-pos=\"all\" data-has-bg-color=\"false\" data-bg-color=\"\" data-bg-opacity=\"1\" data-hover-bg=\"\" data-hover-bg-opacity=\"1\" data-animation=\"\" data-delay=\"0\"><div class=\"column-bg-overlay\"><\/div>\n\t\t<div class=\"vc_column-inner\">\n\t\t\t<div class=\"wpb_wrapper\">\n\t\t\t\t\r\n\t<div class=\"wpb_text_column wpb_content_element\" >\r\n\t\t<div class=\"wpb_wrapper\">\r\n\t\t\t<p><span style=\"font-weight: 400;\">M\u00f6chten Sie eine preisg\u00fcnstige, schnell produzierte DJ-Intro-Stimme herunterladen? Sind Sie ein kommerzieller oder Community-Radiosender, der einen hochwertigen, professionellen Sound ben\u00f6tigt? Wenn Sie eine dieser Fragen mit Ja beantwortet haben, sind Sie bei den richtigen Personen angekommen. Willkommen zu <\/span><a href=\"https:\/\/radiojingles24.com\/de\/\"><span style=\"font-weight: 400;\">Radio Jingles 24<\/span><\/a><span style=\"font-weight: 400;\">Wir sind Spezialisten f\u00fcr Audioproduktionen und bieten eine breite Palette von Audiol\u00f6sungen f\u00fcr Kunden in ganz Gro\u00dfbritannien.\u00a0<\/span><\/p>\n<p><span style=\"font-weight: 400;\">Unser Expertenteam erstellt alles von Radiosendern und gesungenen Radio-Jingles bis hin zu Werbespots, Podcast-Audio und DJ-Drops. Mit \u00fcber 10 Jahren Erfahrung in der Branche sind wir erstklassige Audioanbieter, auf die Sie sich bei all Ihren Soundanforderungen verlassen k\u00f6nnen. Nehmen Sie Kontakt mit uns auf, um unseren umfangreichen Katalog mit lizenzfreier Musik und SFX zu nutzen.\u00a0<\/span><\/p>\n<p>&nbsp;<\/p>\n<h2>DJ Intro Voice zum Herunterladen<\/h2>\n<p>&nbsp;<\/p>\n<p><span style=\"font-weight: 400;\">Wir sind f\u00fchrend <\/span><a href=\"https:\/\/radiojingles24.com\/de\/about\/\"><span style=\"font-weight: 400;\">Audioproduktionsfirma<\/span><\/a><span style=\"font-weight: 400;\"> mit Sitz in Leeds. Unser Team hat eine lange Geschichte in der Audioindustrie mit Kunden wie Podcastern, DJs und Radiosendern. Wir haben mit bekannten Kunden wie Corby Radio, Cash Converters und der UKRD Group zusammengearbeitet. Wir haben 10 Jahre Erfahrung in der Arbeit mit den besten Talenten der Voice-Over- und Audio-Branche. Wir bieten erstklassigen Sound von professionellen, renommierten K\u00fcnstlern, die konsistente Ergebnisse liefern.\u00a0<\/span><\/p>\n<p>&nbsp;<\/p>\n<p><span style=\"font-weight: 400;\">Unser Audio wird in verschiedenen Dateiformaten produziert, darunter HQ MP3, WAVE und AIFF. Dies gibt Ihnen die Flexibilit\u00e4t, das richtige Format f\u00fcr Ihr Projekt auszuw\u00e4hlen. Wir garantieren, dass Ihr Audio innerhalb von maximal 24 Stunden, sp\u00e4testens jedoch, an Sie geliefert wird. Wir sind die schnellsten im Gesch\u00e4ft! Wenn Sie Ihr Audio noch fr\u00fcher dringend ben\u00f6tigen, lassen Sie es uns einfach wissen und wir werden sehen, was wir f\u00fcr Sie tun k\u00f6nnen. W\u00e4hlen Sie Radio Jingles 24, um eine DJ Intro Voice herunterzuladen.<\/span><\/p>\n<p>&nbsp;<\/p>\n<p><b>Interessiert an einer DJ Intro Voice zum Download?<\/b><\/p>\n<p>&nbsp;<\/p>\n<p><span style=\"font-weight: 400;\">Wenn Sie nach einem authentischen, professionellen Klang suchen <\/span><a href=\"https:\/\/radiojingles24.com\/de\/produkt-kategorie\/dj-drops\/\"><span style=\"font-weight: 400;\">DJ Intro Voice zum Download<\/span><\/a><span style=\"font-weight: 400;\">k\u00f6nnen wir Ihnen zwei fantastische M\u00f6glichkeiten anbieten. Unsere Pakete bestehen aus dem Essential DJ Pack und dem Pro DJ Drop Pack. In der Essential DJ-Sammlung erhalten Sie 3 x DJ Drops mit Vocal FX sowie die einzelnen Trockenkopien dieser Dateien. Insgesamt bietet diese Option 6 Audiodateien zu einem wettbewerbsf\u00e4higen Preis von 25 GBP - ein unglaublicher Wert.\u00a0<\/span><\/p>\n<p>&nbsp;<\/p>\n<p><span style=\"font-weight: 400;\">Wenn Sie sich f\u00fcr etwas Gr\u00f6\u00dferes entscheiden m\u00f6chten, ist der Pro DJ Drop PAck perfekt. Es enth\u00e4lt 3 x 10 Sekunden DJ Drops mit Vocal FX sowie die trockenen Kopien; 2 x vollst\u00e4ndig produzierte DJ-Drops mit einer L\u00e4nge von jeweils bis zu 10 Sekunden mit den Optionen Musik, SFX und Vocal FX sowie den Trockenkopien. All dies f\u00fcr nur \u00a3 55. Mit diesen beiden Optionen k\u00f6nnen Sie langfristig Geld sparen, indem Sie mehrere DJ Drops in einer einfachen L\u00f6sung kaufen. Wir sparen Ihnen nicht nur Geld, sondern bieten auch erstklassige Klangqualit\u00e4t, Leistung und Voice-Over.\u00a0<\/span><\/p>\n<p>&nbsp;<\/p>\n<p><b>Ben\u00f6tigen Sie Audio f\u00fcr Ihr n\u00e4chstes Projekt?\u00a0<\/b><\/p>\n<p>&nbsp;<\/p>\n<p><span style=\"font-weight: 400;\">Wenn Sie zum Herunterladen eine DJ-Intro-Stimme ben\u00f6tigen, bietet Radio Jingles 24 die L\u00f6sung. Mit viel Erfahrung k\u00f6nnen wir professionelles, ma\u00dfgeschneidertes Audio liefern. Um mit einem unserer Mitarbeiter \u00fcber die Optionen zu sprechen, k\u00f6nnen Sie uns anrufen <\/span><span style=\"font-weight: 400;\">+44 0113 5346686 (UK) oder +1 (212) 710-1350 (USA). Alternativ z\u00f6gern Sie bitte nicht, uns eine E-Mail an zu senden <\/span><a href=\"mailto:info@radiojingles24.com\"><span style=\"font-weight: 400;\">info@radiojingles24.com<\/span><\/a><span style=\"font-weight: 400;\"> und wir werden uns so schnell wie m\u00f6glich bei Ihnen melden. Du kannst auch <\/span><a href=\"https:\/\/radiojingles24.com\/de\/contact-us\/\"><span style=\"font-weight: 400;\">Schreiben Sie uns eine Nachricht<\/span><\/a><span style=\"font-weight: 400;\"> \u00fcber das Kontaktformular auf unserer Website. Wir hoffen bald von dir zu h\u00f6ren.\u00a0<\/span><\/p>\n\r\n\t\t<\/div>\r\n\t<\/div>\r\n\n\t\t\t<\/div> \n\t\t<\/div>\n\t<\/div> \n<\/div><\/div>","protected":false},"excerpt":{"rendered":"Sie m\u00f6chten eine kosteng\u00fcnstige, schnell produzierte DJ-Intro-Stimme zum Download? Sind Sie ein kommerzieller oder Community-Radiosender, der hochwertigen, professionellen Sound ben\u00f6tigt? Wenn du...","protected":false},"author":1,"featured_media":0,"parent":0,"menu_order":0,"comment_status":"closed","ping_status":"closed","template":"","meta":{"_exactmetrics_skip_tracking":false,"_exactmetrics_sitenote_active":false,"_exactmetrics_sitenote_note":"","_exactmetrics_sitenote_category":0,"footnotes":""},"class_list":["post-88474","page","type-page","status-publish"],"yoast_head":"<!-- This site is optimized with the Yoast SEO plugin v26.8 - https:\/\/yoast.com\/product\/yoast-seo-wordpress\/ -->\n<title>Radio Jingles 24: Radio Jingles | DJ Drops | Podcast Intros | Sung Jingles<\/title>\n<meta name=\"description\" content=\"Radio Jingles, Sung Jingles, DJ Drops, and Podcast Intros for commercial, community and internet radio stations. UK Based. Prices from \u00a35. Order online.\" \/>\n<meta name=\"robots\" content=\"index, follow, max-snippet:-1, max-image-preview:large, max-video-preview:-1\" \/>\n<link rel=\"canonical\" href=\"https:\/\/radiojingles24.com\/de\/dj-intro-voice-to-download-2\/\" \/>\n<meta property=\"og:locale\" content=\"de_DE\" \/>\n<meta property=\"og:type\" content=\"article\" \/>\n<meta property=\"og:title\" content=\"Radio Jingles 24: Radio Jingles | DJ Drops | Podcast Intros | Sung Jingles\" \/>\n<meta property=\"og:description\" content=\"Radio Jingles, Sung Jingles, DJ Drops, and Podcast Intros for commercial, community and internet radio stations. UK Based. Prices from \u00a35. Order online.\" \/>\n<meta property=\"og:url\" content=\"https:\/\/radiojingles24.com\/de\/dj-intro-voice-to-download-2\/\" \/>\n<meta property=\"og:site_name\" content=\"Radio Jingles 24: Radio Jingles | DJ Drops | Podcast Intros | Sung Jingles\" \/>\n<meta property=\"article:publisher\" content=\"https:\/\/www.facebook.com\/radiojingles24\/\" \/>\n<meta name=\"twitter:card\" content=\"summary_large_image\" \/>\n<meta name=\"twitter:site\" content=\"@radiojingles24\" \/>\n<meta name=\"twitter:label1\" content=\"Gesch\u00e4tzte Lesezeit\" \/>\n\t<meta name=\"twitter:data1\" content=\"3\u00a0Minuten\" \/>\n<script type=\"application\/ld+json\" class=\"yoast-schema-graph\">{\"@context\":\"https:\/\/schema.org\",\"@graph\":[{\"@type\":\"WebPage\",\"@id\":\"https:\/\/radiojingles24.com\/dj-intro-voice-to-download-2\/\",\"url\":\"https:\/\/radiojingles24.com\/dj-intro-voice-to-download-2\/\",\"name\":\"Radio Jingles 24: Radio Jingles | DJ Drops | Podcast Intros | Sung Jingles\",\"isPartOf\":{\"@id\":\"https:\/\/radiojingles24.com\/#website\"},\"datePublished\":\"2021-02-10T16:41:42+00:00\",\"description\":\"Radio Jingles, Sung Jingles, DJ Drops, and Podcast Intros for commercial, community and internet radio stations. UK Based. Prices from \u00a35. Order online.\",\"breadcrumb\":{\"@id\":\"https:\/\/radiojingles24.com\/dj-intro-voice-to-download-2\/#breadcrumb\"},\"inLanguage\":\"de\",\"potentialAction\":[{\"@type\":\"ReadAction\",\"target\":[\"https:\/\/radiojingles24.com\/dj-intro-voice-to-download-2\/\"]}]},{\"@type\":\"BreadcrumbList\",\"@id\":\"https:\/\/radiojingles24.com\/dj-intro-voice-to-download-2\/#breadcrumb\",\"itemListElement\":[{\"@type\":\"ListItem\",\"position\":1,\"name\":\"Home\",\"item\":\"https:\/\/radiojingles24.com\/de\/\"},{\"@type\":\"ListItem\",\"position\":2,\"name\":\"DJ Intro Voice to Download\"}]},{\"@type\":\"WebSite\",\"@id\":\"https:\/\/radiojingles24.com\/#website\",\"url\":\"https:\/\/radiojingles24.com\/\",\"name\":\"Radio Jingles 24: Radio Jingles | DJ Drops | Podcast Intros | Sung Jingles\",\"description\":\"Radio Jingles, Sung Jingles, DJ Drops, and Podcast Intros for commercial, community and internet radio stations. UK Based. Prices from \u00a35. Order online.\",\"publisher\":{\"@id\":\"https:\/\/radiojingles24.com\/#organization\"},\"potentialAction\":[{\"@type\":\"SearchAction\",\"target\":{\"@type\":\"EntryPoint\",\"urlTemplate\":\"https:\/\/radiojingles24.com\/?s={search_term_string}\"},\"query-input\":{\"@type\":\"PropertyValueSpecification\",\"valueRequired\":true,\"valueName\":\"search_term_string\"}}],\"inLanguage\":\"de\"},{\"@type\":\"Organization\",\"@id\":\"https:\/\/radiojingles24.com\/#organization\",\"name\":\"Radio Jingles 24\",\"url\":\"https:\/\/radiojingles24.com\/\",\"logo\":{\"@type\":\"ImageObject\",\"inLanguage\":\"de\",\"@id\":\"https:\/\/radiojingles24.com\/#\/schema\/logo\/image\/\",\"url\":\"https:\/\/radiojingles24.com\/wp-content\/uploads\/2019\/11\/RadioJingle1-1.jpg\",\"contentUrl\":\"https:\/\/radiojingles24.com\/wp-content\/uploads\/2019\/11\/RadioJingle1-1.jpg\",\"width\":512,\"height\":158,\"caption\":\"Radio Jingles 24\"},\"image\":{\"@id\":\"https:\/\/radiojingles24.com\/#\/schema\/logo\/image\/\"},\"sameAs\":[\"https:\/\/www.facebook.com\/radiojingles24\/\",\"https:\/\/x.com\/radiojingles24\"]}]}<\/script>\n<!-- \/ Yoast SEO plugin. -->","yoast_head_json":{"title":"Radio Jingles 24: Radio Jingles | DJ Drops | Podcast Intros | Gesungene Jingles","description":"Radio Jingles, Sung Jingles, DJ Drops und Podcast Intros f\u00fcr kommerzielle, Community- und Internetradiosender. In Gro\u00dfbritannien ans\u00e4ssig. Preise ab \u00a3 5. Online bestellen.","robots":{"index":"index","follow":"follow","max-snippet":"max-snippet:-1","max-image-preview":"max-image-preview:large","max-video-preview":"max-video-preview:-1"},"canonical":"https:\/\/radiojingles24.com\/de\/dj-intro-voice-to-download-2\/","og_locale":"de_DE","og_type":"article","og_title":"Radio Jingles 24: Radio Jingles | DJ Drops | Podcast Intros | Sung Jingles","og_description":"Radio Jingles, Sung Jingles, DJ Drops, and Podcast Intros for commercial, community and internet radio stations. UK Based. Prices from \u00a35. Order online.","og_url":"https:\/\/radiojingles24.com\/de\/dj-intro-voice-to-download-2\/","og_site_name":"Radio Jingles 24: Radio Jingles | DJ Drops | Podcast Intros | Sung Jingles","article_publisher":"https:\/\/www.facebook.com\/radiojingles24\/","twitter_card":"summary_large_image","twitter_site":"@radiojingles24","twitter_misc":{"Gesch\u00e4tzte Lesezeit":"3\u00a0Minuten"},"schema":{"@context":"https:\/\/schema.org","@graph":[{"@type":"WebPage","@id":"https:\/\/radiojingles24.com\/dj-intro-voice-to-download-2\/","url":"https:\/\/radiojingles24.com\/dj-intro-voice-to-download-2\/","name":"Radio Jingles 24: Radio Jingles | DJ Drops | Podcast Intros | Gesungene Jingles","isPartOf":{"@id":"https:\/\/radiojingles24.com\/#website"},"datePublished":"2021-02-10T16:41:42+00:00","description":"Radio Jingles, Sung Jingles, DJ Drops und Podcast Intros f\u00fcr kommerzielle, Community- und Internetradiosender. In Gro\u00dfbritannien ans\u00e4ssig. Preise ab \u00a3 5. Online bestellen.","breadcrumb":{"@id":"https:\/\/radiojingles24.com\/dj-intro-voice-to-download-2\/#breadcrumb"},"inLanguage":"de","potentialAction":[{"@type":"ReadAction","target":["https:\/\/radiojingles24.com\/dj-intro-voice-to-download-2\/"]}]},{"@type":"BreadcrumbList","@id":"https:\/\/radiojingles24.com\/dj-intro-voice-to-download-2\/#breadcrumb","itemListElement":[{"@type":"ListItem","position":1,"name":"Home","item":"https:\/\/radiojingles24.com\/de\/"},{"@type":"ListItem","position":2,"name":"DJ Intro Voice to Download"}]},{"@type":"WebSite","@id":"https:\/\/radiojingles24.com\/#website","url":"https:\/\/radiojingles24.com\/","name":"Radio Jingles 24: Radio Jingles | DJ Drops | Podcast Intros | Gesungene Jingles","description":"Radio Jingles, Sung Jingles, DJ Drops und Podcast Intros f\u00fcr kommerzielle, Community- und Internetradiosender. In Gro\u00dfbritannien ans\u00e4ssig. Preise ab \u00a3 5. Online bestellen.","publisher":{"@id":"https:\/\/radiojingles24.com\/#organization"},"potentialAction":[{"@type":"SearchAction","target":{"@type":"EntryPoint","urlTemplate":"https:\/\/radiojingles24.com\/?s={search_term_string}"},"query-input":{"@type":"PropertyValueSpecification","valueRequired":true,"valueName":"search_term_string"}}],"inLanguage":"de"},{"@type":"Organization","@id":"https:\/\/radiojingles24.com\/#organization","name":"Radio Jingles 24","url":"https:\/\/radiojingles24.com\/","logo":{"@type":"ImageObject","inLanguage":"de","@id":"https:\/\/radiojingles24.com\/#\/schema\/logo\/image\/","url":"https:\/\/radiojingles24.com\/wp-content\/uploads\/2019\/11\/RadioJingle1-1.jpg","contentUrl":"https:\/\/radiojingles24.com\/wp-content\/uploads\/2019\/11\/RadioJingle1-1.jpg","width":512,"height":158,"caption":"Radio Jingles 24"},"image":{"@id":"https:\/\/radiojingles24.com\/#\/schema\/logo\/image\/"},"sameAs":["https:\/\/www.facebook.com\/radiojingles24\/","https:\/\/x.com\/radiojingles24"]}]}},"jetpack_sharing_enabled":true,"_links":{"self":[{"href":"https:\/\/radiojingles24.com\/de\/wp-json\/wp\/v2\/pages\/88474","targetHints":{"allow":["GET"]}}],"collection":[{"href":"https:\/\/radiojingles24.com\/de\/wp-json\/wp\/v2\/pages"}],"about":[{"href":"https:\/\/radiojingles24.com\/de\/wp-json\/wp\/v2\/types\/page"}],"author":[{"embeddable":true,"href":"https:\/\/radiojingles24.com\/de\/wp-json\/wp\/v2\/users\/1"}],"replies":[{"embeddable":true,"href":"https:\/\/radiojingles24.com\/de\/wp-json\/wp\/v2\/comments?post=88474"}],"version-history":[{"count":1,"href":"https:\/\/radiojingles24.com\/de\/wp-json\/wp\/v2\/pages\/88474\/revisions"}],"predecessor-version":[{"id":88475,"href":"https:\/\/radiojingles24.com\/de\/wp-json\/wp\/v2\/pages\/88474\/revisions\/88475"}],"wp:attachment":[{"href":"https:\/\/radiojingles24.com\/de\/wp-json\/wp\/v2\/media?parent=88474"}],"curies":[{"name":"wp","href":"https:\/\/api.w.org\/{rel}","templated":true}]}}