{"id":88476,"date":"2021-02-10T16:42:33","date_gmt":"2021-02-10T16:42:33","guid":{"rendered":"https:\/\/radiojingles24.com\/?page_id=88476"},"modified":"2021-02-10T16:42:33","modified_gmt":"2021-02-10T16:42:33","slug":"require-dj-voice-overs","status":"publish","type":"page","link":"https:\/\/radiojingles24.com\/de\/require-dj-voice-overs\/","title":{"rendered":"Ben\u00f6tigen Sie DJ-Voice-Overs"},"content":{"rendered":"<div id=\"fws_69e53010f2713\"  data-midnight=\"dark\"  data-bg-mobile-hidden=\"\" class=\"wpb_row vc_row-fluid vc_row top-level standard_section\"  style=\"padding-top: 0px; padding-bottom: 0px; \"><div class=\"row-bg-wrap\" data-bg-animation=\"none\"><div class=\"inner-wrap\"><div class=\"row-bg\"  style=\"\"><\/div><\/div><div class=\"row-bg-overlay\" ><\/div><\/div><div class=\"col span_12 dark left\">\n\t<div  class=\"vc_col-sm-12 wpb_column column_container vc_column_container col no-extra-padding\"  data-t-w-inherits=\"default\" data-border-radius=\"none\" data-shadow=\"none\" data-border-animation=\"\" data-border-animation-delay=\"\" data-border-width=\"none\" data-border-style=\"solid\" data-border-color=\"\" data-bg-cover=\"\" data-padding-pos=\"all\" data-has-bg-color=\"false\" data-bg-color=\"\" data-bg-opacity=\"1\" data-hover-bg=\"\" data-hover-bg-opacity=\"1\" data-animation=\"\" data-delay=\"0\"><div class=\"column-bg-overlay\"><\/div>\n\t\t<div class=\"vc_column-inner\">\n\t\t\t<div class=\"wpb_wrapper\">\n\t\t\t\t\r\n\t<div class=\"wpb_text_column wpb_content_element\" >\r\n\t\t<div class=\"wpb_wrapper\">\r\n\t\t\t<p><span style=\"font-weight: 400;\">Ben\u00f6tigen Sie ein DJ-Voice-Over, um schnell und kosteng\u00fcnstig produziert zu werden? <\/span><a href=\"https:\/\/radiojingles24.com\/de\/\"><span style=\"font-weight: 400;\">Radio Jingles 24<\/span><\/a><span style=\"font-weight: 400;\"> hat dich gedeckt. Wir bieten eine breite Palette an schnellen, einfachen und professionellen DJ-Drops, Radio-Jingles, kommerzieller Produktion und gesungenen Jingles. Unsere L\u00f6sungen werden effektiv und effizient geliefert - normalerweise innerhalb von nur 24 Stunden - und eignen sich f\u00fcr alles, von Community- und kommerziellem Radio bis hin zu DJs und Internetradiosendern.\u00a0<\/span><\/p>\n<p><span style=\"font-weight: 400;\">Unser Expertenteam verf\u00fcgt \u00fcber mehr als 10 Jahre Erfahrung in der Audioproduktion. Sie k\u00f6nnen also sicher sein, dass das gelieferte Audio eine hervorragende Klangqualit\u00e4t aufweist. Wir erstellen Sounds mit unserem umfangreichen Katalog an SFX- und lizenzfreier Musik. Wenn Sie ein lokaler Radiosender, Podcaster, DJ oder einfach nur jemand sind, der einen Voiceover ben\u00f6tigt, der schnell und professionell produziert wird, begr\u00fc\u00dfen Sie uns noch heute.\u00a0<\/span><\/p>\n<p><b>Hintergrundinformationen zu Radio Jingles 24<\/b><\/p>\n<p><span style=\"font-weight: 400;\">Mit einem Jahrzehnt Erfahrung sind wir f\u00fchrend in der Audioproduktion bei Radio Jingles 24. Wir nutzen die besten Talente der Voice-Over-Branche und nutzen sie, um einen unschlagbaren Premium-Sound zu kreieren. Unser Team bietet eine Auswahl einzigartiger Stimmen von professionellen K\u00fcnstlern, sowohl M\u00e4nnern als auch Frauen, die Ihnen an einem Tag und sieben Tagen in der Woche zugestellt werden. Unabh\u00e4ngig von Ihren spezifischen Bed\u00fcrfnissen oder Anforderungen k\u00f6nnen wir eine L\u00f6sung finden, die diese erf\u00fcllt und Ihre Erwartungen \u00fcbertrifft. Wir haben in Abstimmung mit einer Reihe hochkar\u00e4tiger Kunden gearbeitet, darunter Cash Converters, Corby Radio, Spotlight und UKRD Group. Auf unserer Website finden Sie eine Reihe von Testimonials f\u00fcr unsere DJ-Voice-Overs von zufriedenen Kunden.<\/span><\/p>\n<p><b>Auf der Suche nach DJ Voice Overs?<\/b><\/p>\n<p><span style=\"font-weight: 400;\">Wenn Sie eine ben\u00f6tigen <\/span><a href=\"https:\/\/radiojingles24.com\/de\/produkt-kategorie\/dj-drops\/\"><span style=\"font-weight: 400;\">DJ Voice Over<\/span><\/a><span style=\"font-weight: 400;\">Radio Jingles 24 hat zwei M\u00f6glichkeiten; Unser unverzichtbares DJ-Paket kostet \u00a3 25 und unser Pro DJ Drop Pack \u00a3 55. Unser unverzichtbares Paket enth\u00e4lt 3 x DJ Drops mit Vocal FX sowie die trockenen Kopien davon. Sie erhalten au\u00dferdem 6 Audiodateien f\u00fcr den pers\u00f6nlichen Gebrauch. Wenn Sie unser Pro DJ Drop Pack kaufen m\u00f6chten, erhalten Sie 3 x 10 Sekunden DJ Drops mit Vocal FX und trockenen Kopien. und 2 x vollst\u00e4ndig produzierte DJ Drops mit einer L\u00e4nge von bis zu 10 Sekunden mit Musik, SFX und Vocal FX sowie den trockenen Kopien. Insgesamt stehen 10 Audiodateien zur Verf\u00fcgung.\u00a0<\/span><\/p>\n<p><span style=\"font-weight: 400;\">Sie k\u00f6nnen Dateiformate wie MP3, WAVE und AIFF ausw\u00e4hlen. Beide Pakete sind \u00e4u\u00dferst attraktive Optionen zu sehr vern\u00fcnftigen Preisen. Wir sind bestrebt, Ihr Audio innerhalb von maximal 24 Stunden zu produzieren und an Sie zu senden. Wenn Sie es noch fr\u00fcher brauchen, lassen Sie es uns wissen und wir werden sehen, was wir tun k\u00f6nnen.<\/span><\/p>\n<p><b>Ben\u00f6tigen Sie Hilfe bei einem zuk\u00fcnftigen Projekt?\u00a0<\/b><\/p>\n<p><span style=\"font-weight: 400;\">Nehmen Sie noch heute Kontakt mit uns auf, um professionelle DJ-Voice-Overs zu erhalten. Sie k\u00f6nnen uns anrufen <\/span><span style=\"font-weight: 400;\">+44 0113 5346686 (UK) oder +1 (212) 710-1350 (USA) und wir beantworten gerne Ihre Fragen zu unseren Dienstleistungen. Sie k\u00f6nnen uns auch eine E-Mail an senden <\/span><a href=\"mailto:info@radiojingles24.com\"><span style=\"font-weight: 400;\">info@radiojingles24.com<\/span><\/a> <span style=\"font-weight: 400;\">und wir werden uns in K\u00fcrze bei Ihnen melden. Alternativ k\u00f6nnen Sie uns auch eine Nachricht \u00fcber das Anfrageformular auf unserer Website senden. Wir freuen uns von Ihnen zu h\u00f6ren.<\/span><\/p>\n\r\n\t\t<\/div>\r\n\t<\/div>\r\n\n\t\t\t<\/div> \n\t\t<\/div>\n\t<\/div> \n<\/div><\/div>","protected":false},"excerpt":{"rendered":"Ben\u00f6tigen Sie eine DJ-Stimme, die schnell und kosteng\u00fcnstig produziert werden soll? Radio Jingles 24 ist f\u00fcr Sie da. Wir bieten ein vielf\u00e4ltiges Sortiment an schnellen, einfachen und...","protected":false},"author":1,"featured_media":0,"parent":0,"menu_order":0,"comment_status":"closed","ping_status":"closed","template":"","meta":{"_exactmetrics_skip_tracking":false,"_exactmetrics_sitenote_active":false,"_exactmetrics_sitenote_note":"","_exactmetrics_sitenote_category":0,"footnotes":""},"class_list":["post-88476","page","type-page","status-publish"],"yoast_head":"<!-- This site is optimized with the Yoast SEO plugin v26.8 - https:\/\/yoast.com\/product\/yoast-seo-wordpress\/ -->\n<title>Radio Jingles 24: Radio Jingles | DJ Drops | Podcast Intros | Sung Jingles<\/title>\n<meta name=\"description\" content=\"Radio Jingles, Sung Jingles, DJ Drops, and Podcast Intros for commercial, community and internet radio stations. UK Based. Prices from \u00a35. Order online.\" \/>\n<meta name=\"robots\" content=\"index, follow, max-snippet:-1, max-image-preview:large, max-video-preview:-1\" \/>\n<link rel=\"canonical\" href=\"https:\/\/radiojingles24.com\/de\/require-dj-voice-overs\/\" \/>\n<meta property=\"og:locale\" content=\"de_DE\" \/>\n<meta property=\"og:type\" content=\"article\" \/>\n<meta property=\"og:title\" content=\"Radio Jingles 24: Radio Jingles | DJ Drops | Podcast Intros | Sung Jingles\" \/>\n<meta property=\"og:description\" content=\"Radio Jingles, Sung Jingles, DJ Drops, and Podcast Intros for commercial, community and internet radio stations. UK Based. Prices from \u00a35. Order online.\" \/>\n<meta property=\"og:url\" content=\"https:\/\/radiojingles24.com\/de\/require-dj-voice-overs\/\" \/>\n<meta property=\"og:site_name\" content=\"Radio Jingles 24: Radio Jingles | DJ Drops | Podcast Intros | Sung Jingles\" \/>\n<meta property=\"article:publisher\" content=\"https:\/\/www.facebook.com\/radiojingles24\/\" \/>\n<meta name=\"twitter:card\" content=\"summary_large_image\" \/>\n<meta name=\"twitter:site\" content=\"@radiojingles24\" \/>\n<meta name=\"twitter:label1\" content=\"Gesch\u00e4tzte Lesezeit\" \/>\n\t<meta name=\"twitter:data1\" content=\"3\u00a0Minuten\" \/>\n<script type=\"application\/ld+json\" class=\"yoast-schema-graph\">{\"@context\":\"https:\/\/schema.org\",\"@graph\":[{\"@type\":\"WebPage\",\"@id\":\"https:\/\/radiojingles24.com\/require-dj-voice-overs\/\",\"url\":\"https:\/\/radiojingles24.com\/require-dj-voice-overs\/\",\"name\":\"Radio Jingles 24: Radio Jingles | DJ Drops | Podcast Intros | Sung Jingles\",\"isPartOf\":{\"@id\":\"https:\/\/radiojingles24.com\/#website\"},\"datePublished\":\"2021-02-10T16:42:33+00:00\",\"description\":\"Radio Jingles, Sung Jingles, DJ Drops, and Podcast Intros for commercial, community and internet radio stations. UK Based. Prices from \u00a35. Order online.\",\"breadcrumb\":{\"@id\":\"https:\/\/radiojingles24.com\/require-dj-voice-overs\/#breadcrumb\"},\"inLanguage\":\"de\",\"potentialAction\":[{\"@type\":\"ReadAction\",\"target\":[\"https:\/\/radiojingles24.com\/require-dj-voice-overs\/\"]}]},{\"@type\":\"BreadcrumbList\",\"@id\":\"https:\/\/radiojingles24.com\/require-dj-voice-overs\/#breadcrumb\",\"itemListElement\":[{\"@type\":\"ListItem\",\"position\":1,\"name\":\"Home\",\"item\":\"https:\/\/radiojingles24.com\/de\/\"},{\"@type\":\"ListItem\",\"position\":2,\"name\":\"Require DJ Voice Overs\"}]},{\"@type\":\"WebSite\",\"@id\":\"https:\/\/radiojingles24.com\/#website\",\"url\":\"https:\/\/radiojingles24.com\/\",\"name\":\"Radio Jingles 24: Radio Jingles | DJ Drops | Podcast Intros | Sung Jingles\",\"description\":\"Radio Jingles, Sung Jingles, DJ Drops, and Podcast Intros for commercial, community and internet radio stations. UK Based. Prices from \u00a35. Order online.\",\"publisher\":{\"@id\":\"https:\/\/radiojingles24.com\/#organization\"},\"potentialAction\":[{\"@type\":\"SearchAction\",\"target\":{\"@type\":\"EntryPoint\",\"urlTemplate\":\"https:\/\/radiojingles24.com\/?s={search_term_string}\"},\"query-input\":{\"@type\":\"PropertyValueSpecification\",\"valueRequired\":true,\"valueName\":\"search_term_string\"}}],\"inLanguage\":\"de\"},{\"@type\":\"Organization\",\"@id\":\"https:\/\/radiojingles24.com\/#organization\",\"name\":\"Radio Jingles 24\",\"url\":\"https:\/\/radiojingles24.com\/\",\"logo\":{\"@type\":\"ImageObject\",\"inLanguage\":\"de\",\"@id\":\"https:\/\/radiojingles24.com\/#\/schema\/logo\/image\/\",\"url\":\"https:\/\/radiojingles24.com\/wp-content\/uploads\/2019\/11\/RadioJingle1-1.jpg\",\"contentUrl\":\"https:\/\/radiojingles24.com\/wp-content\/uploads\/2019\/11\/RadioJingle1-1.jpg\",\"width\":512,\"height\":158,\"caption\":\"Radio Jingles 24\"},\"image\":{\"@id\":\"https:\/\/radiojingles24.com\/#\/schema\/logo\/image\/\"},\"sameAs\":[\"https:\/\/www.facebook.com\/radiojingles24\/\",\"https:\/\/x.com\/radiojingles24\"]}]}<\/script>\n<!-- \/ Yoast SEO plugin. -->","yoast_head_json":{"title":"Radio Jingles 24: Radio Jingles | DJ Drops | Podcast Intros | Gesungene Jingles","description":"Radio Jingles, Sung Jingles, DJ Drops und Podcast Intros f\u00fcr kommerzielle, Community- und Internetradiosender. In Gro\u00dfbritannien ans\u00e4ssig. Preise ab \u00a3 5. Online bestellen.","robots":{"index":"index","follow":"follow","max-snippet":"max-snippet:-1","max-image-preview":"max-image-preview:large","max-video-preview":"max-video-preview:-1"},"canonical":"https:\/\/radiojingles24.com\/de\/require-dj-voice-overs\/","og_locale":"de_DE","og_type":"article","og_title":"Radio Jingles 24: Radio Jingles | DJ Drops | Podcast Intros | Sung Jingles","og_description":"Radio Jingles, Sung Jingles, DJ Drops, and Podcast Intros for commercial, community and internet radio stations. UK Based. Prices from \u00a35. Order online.","og_url":"https:\/\/radiojingles24.com\/de\/require-dj-voice-overs\/","og_site_name":"Radio Jingles 24: Radio Jingles | DJ Drops | Podcast Intros | Sung Jingles","article_publisher":"https:\/\/www.facebook.com\/radiojingles24\/","twitter_card":"summary_large_image","twitter_site":"@radiojingles24","twitter_misc":{"Gesch\u00e4tzte Lesezeit":"3\u00a0Minuten"},"schema":{"@context":"https:\/\/schema.org","@graph":[{"@type":"WebPage","@id":"https:\/\/radiojingles24.com\/require-dj-voice-overs\/","url":"https:\/\/radiojingles24.com\/require-dj-voice-overs\/","name":"Radio Jingles 24: Radio Jingles | DJ Drops | Podcast Intros | Gesungene Jingles","isPartOf":{"@id":"https:\/\/radiojingles24.com\/#website"},"datePublished":"2021-02-10T16:42:33+00:00","description":"Radio Jingles, Sung Jingles, DJ Drops und Podcast Intros f\u00fcr kommerzielle, Community- und Internetradiosender. In Gro\u00dfbritannien ans\u00e4ssig. Preise ab \u00a3 5. Online bestellen.","breadcrumb":{"@id":"https:\/\/radiojingles24.com\/require-dj-voice-overs\/#breadcrumb"},"inLanguage":"de","potentialAction":[{"@type":"ReadAction","target":["https:\/\/radiojingles24.com\/require-dj-voice-overs\/"]}]},{"@type":"BreadcrumbList","@id":"https:\/\/radiojingles24.com\/require-dj-voice-overs\/#breadcrumb","itemListElement":[{"@type":"ListItem","position":1,"name":"Home","item":"https:\/\/radiojingles24.com\/de\/"},{"@type":"ListItem","position":2,"name":"Require DJ Voice Overs"}]},{"@type":"WebSite","@id":"https:\/\/radiojingles24.com\/#website","url":"https:\/\/radiojingles24.com\/","name":"Radio Jingles 24: Radio Jingles | DJ Drops | Podcast Intros | Gesungene Jingles","description":"Radio Jingles, Sung Jingles, DJ Drops und Podcast Intros f\u00fcr kommerzielle, Community- und Internetradiosender. In Gro\u00dfbritannien ans\u00e4ssig. Preise ab \u00a3 5. Online bestellen.","publisher":{"@id":"https:\/\/radiojingles24.com\/#organization"},"potentialAction":[{"@type":"SearchAction","target":{"@type":"EntryPoint","urlTemplate":"https:\/\/radiojingles24.com\/?s={search_term_string}"},"query-input":{"@type":"PropertyValueSpecification","valueRequired":true,"valueName":"search_term_string"}}],"inLanguage":"de"},{"@type":"Organization","@id":"https:\/\/radiojingles24.com\/#organization","name":"Radio Jingles 24","url":"https:\/\/radiojingles24.com\/","logo":{"@type":"ImageObject","inLanguage":"de","@id":"https:\/\/radiojingles24.com\/#\/schema\/logo\/image\/","url":"https:\/\/radiojingles24.com\/wp-content\/uploads\/2019\/11\/RadioJingle1-1.jpg","contentUrl":"https:\/\/radiojingles24.com\/wp-content\/uploads\/2019\/11\/RadioJingle1-1.jpg","width":512,"height":158,"caption":"Radio Jingles 24"},"image":{"@id":"https:\/\/radiojingles24.com\/#\/schema\/logo\/image\/"},"sameAs":["https:\/\/www.facebook.com\/radiojingles24\/","https:\/\/x.com\/radiojingles24"]}]}},"jetpack_sharing_enabled":true,"_links":{"self":[{"href":"https:\/\/radiojingles24.com\/de\/wp-json\/wp\/v2\/pages\/88476","targetHints":{"allow":["GET"]}}],"collection":[{"href":"https:\/\/radiojingles24.com\/de\/wp-json\/wp\/v2\/pages"}],"about":[{"href":"https:\/\/radiojingles24.com\/de\/wp-json\/wp\/v2\/types\/page"}],"author":[{"embeddable":true,"href":"https:\/\/radiojingles24.com\/de\/wp-json\/wp\/v2\/users\/1"}],"replies":[{"embeddable":true,"href":"https:\/\/radiojingles24.com\/de\/wp-json\/wp\/v2\/comments?post=88476"}],"version-history":[{"count":1,"href":"https:\/\/radiojingles24.com\/de\/wp-json\/wp\/v2\/pages\/88476\/revisions"}],"predecessor-version":[{"id":88477,"href":"https:\/\/radiojingles24.com\/de\/wp-json\/wp\/v2\/pages\/88476\/revisions\/88477"}],"wp:attachment":[{"href":"https:\/\/radiojingles24.com\/de\/wp-json\/wp\/v2\/media?parent=88476"}],"curies":[{"name":"wp","href":"https:\/\/api.w.org\/{rel}","templated":true}]}}