{"id":89348,"date":"2021-04-06T14:43:04","date_gmt":"2021-04-06T14:43:04","guid":{"rendered":"https:\/\/radiojingles24.com\/?page_id=89348"},"modified":"2021-04-06T14:43:04","modified_gmt":"2021-04-06T14:43:04","slug":"searching-for-a-jingle-maker-app","status":"publish","type":"page","link":"https:\/\/radiojingles24.com\/de\/searching-for-a-jingle-maker-app\/","title":{"rendered":"Auf der Suche nach einer Jingle Maker App?"},"content":{"rendered":"<div id=\"fws_69f1a519a1ebd\"  data-midnight=\"dark\"  data-bg-mobile-hidden=\"\" class=\"wpb_row vc_row-fluid vc_row top-level standard_section\"  style=\"padding-top: 0px; padding-bottom: 0px; \"><div class=\"row-bg-wrap\" data-bg-animation=\"none\"><div class=\"inner-wrap\"><div class=\"row-bg\"  style=\"\"><\/div><\/div><div class=\"row-bg-overlay\" ><\/div><\/div><div class=\"col span_12 dark left\">\n\t<div  class=\"vc_col-sm-12 wpb_column column_container vc_column_container col no-extra-padding\"  data-t-w-inherits=\"default\" data-border-radius=\"none\" data-shadow=\"none\" data-border-animation=\"\" data-border-animation-delay=\"\" data-border-width=\"none\" data-border-style=\"solid\" data-border-color=\"\" data-bg-cover=\"\" data-padding-pos=\"all\" data-has-bg-color=\"false\" data-bg-color=\"\" data-bg-opacity=\"1\" data-hover-bg=\"\" data-hover-bg-opacity=\"1\" data-animation=\"\" data-delay=\"0\"><div class=\"column-bg-overlay\"><\/div>\n\t\t<div class=\"vc_column-inner\">\n\t\t\t<div class=\"wpb_wrapper\">\n\t\t\t\t\r\n\t<div class=\"wpb_text_column wpb_content_element\" >\r\n\t\t<div class=\"wpb_wrapper\">\r\n\t\t\t<p><span style=\"font-weight: 400;\">M\u00f6chten Sie einen Jingle machen, um sich vom Markt abzuheben? M\u00f6chten Sie auf einfache und einfache Weise den idealen Jingle erhalten? Hier, um <\/span><a href=\"https:\/\/radiojingles24.com\/de\/\"><span style=\"font-weight: 400;\">Radio Jingle 24<\/span><\/a><span style=\"font-weight: 400;\">Wir haben eine praktische Jingle-Maker-App, mit der der gesamte Prozess unkompliziert und einfach zu verwalten ist. Sie haben alles, was Sie brauchen, um einen eing\u00e4ngigen, unvergesslichen Jingle in Ihrer Handfl\u00e4che zu machen. Wir arbeiten hart daran, Ihnen die bestm\u00f6gliche Darstellung Ihrer Marke zu bieten. Wir k\u00f6nnen Ihnen professionelle Voice-Overs oder gesungene Jingles in fast jedem Stil anbieten, vom klassischen alten Radio bis zu modernen S\u00e4ngern. Kontaktieren Sie uns noch heute und bringen Sie Ihre Marke mit der Jingle Maker-App von Radio Jingle 24 auf den Markt.\u00a0<\/span><\/p>\n<h2><b>Warum in einen Jingle investieren?<\/b><\/h2>\n<p><span style=\"font-weight: 400;\">Jingles sind a <\/span><a href=\"https:\/\/radiojingles24.com\/de\/about\/\"><span style=\"font-weight: 400;\">tolle Form der Werbung<\/span><\/a><span style=\"font-weight: 400;\"> und sie sind seit den 1950er Jahren in der Struktur des Marketings verankert. Trotz der sich st\u00e4ndig \u00e4ndernden Landschaft von Marketing und Werbung sind Jingles ein Grundnahrungsmittel geblieben und werden von Unternehmen fast jeder Gr\u00f6\u00dfe verwendet. Das Wichtigste, was Jingles so effektiv macht, ist, dass sie in Ihrem Kopf stecken bleiben. Selbst wenn sich ein Jingle etwas wiederholt, ist er dennoch einpr\u00e4gsam und manchmal kann ein irritierenderer Jingle effektiver sein, wenn sich mehr Menschen daran erinnern.\u00a0<\/span><\/p>\n<p><span style=\"font-weight: 400;\">Sie k\u00f6nnen wahrscheinlich sofort an erfolgreiche Jingles denken, die Sie geh\u00f6rt haben, und sich an die Firmen erinnern, die sie geschrieben haben. Von &quot;Wir kaufen jedes Auto&quot; bis zur &quot;Hastings Direct&quot; -Nummer k\u00f6nnen Jingles \u00fcber Jahre hinweg in Ihrem Kopf stecken bleiben. Und sobald Sie einen Jingle in unserer Jingle-Maker-App erstellt haben, wird er fast zu kostenloser Werbung, da er im Gehirn der Menschen steckt und Ihre Marke sofort erkennbar macht.<\/span><\/p>\n<p><b>Wie kann Radio Jingle 24 helfen?<\/b><\/p>\n<p><span style=\"font-weight: 400;\">Hier bei Radio Jingle 24 versuchen wir, die Dinge einfach zu halten. Wir wissen, dass das Schreiben eines Jingles eine \u00fcberw\u00e4ltigende Aufgabe sein kann, insbesondere wenn Sie einen Songwriter und Musiker einstellen m\u00fcssen, um den Jingle f\u00fcr Sie zu erstellen. Deshalb m\u00f6chten wir mit unserer Jingle-Maker-App alles aus dem Weg r\u00e4umen. Mit dieser App k\u00f6nnen Sie genau ausw\u00e4hlen, was Sie machen m\u00f6chten.\u00a0<\/span><\/p>\n<p><span style=\"font-weight: 400;\">Egal, ob es sich um eine Audiospur in voller L\u00e4nge, einen kurzen Jingle oder ein Voice-Over f\u00fcr Ihre n\u00e4chste Fernseh- oder Radiowerbung handelt, wir k\u00f6nnen dies erm\u00f6glichen. Laden Sie einfach Ihr Drehbuch hoch, w\u00e4hlen Sie Ihren Stil und Ihren Schauspieler und wir erledigen den Rest. Unsere Jingle Maker App ist einfach zu bedienen und Sie haben Ihren neuen Jingle innerhalb von 24 Stunden. Lehnen Sie sich mit Radio Jingle 24 in die Kraft des Jingles zur\u00fcck.<\/span><\/p>\n<p><b>M\u00f6chten Sie einen Jingle erstellen?<\/b><\/p>\n<p><span style=\"font-weight: 400;\">Wenn Sie daran interessiert sind, Ihren eigenen Jingle speziell f\u00fcr Sie zu erstellen, k\u00f6nnen Sie unsere Jingle Maker-App ausprobieren. Unser Team von exzellenten S\u00e4ngern und S\u00e4ngern wird in der Lage sein, genau den Stil und die L\u00e4nge des Jingles zu kreieren, auf den Sie gehofft haben. F\u00fcr kreative, unvergessliche Jingles w\u00e4hlen Sie Radio Jingle 24. Sie k\u00f6nnen uns unter 01135 346686 anrufen oder eine E-Mail an senden <\/span><a href=\"mailto:info@radiojingles24.com\"><span style=\"font-weight: 400;\">info@radiojingles24.com<\/span><\/a><span style=\"font-weight: 400;\">. Wir freuen uns sehr auf die Zusammenarbeit mit Ihnen.<\/span><\/p>\n\r\n\t\t<\/div>\r\n\t<\/div>\r\n\n\t\t\t<\/div> \n\t\t<\/div>\n\t<\/div> \n<\/div><\/div>","protected":false},"excerpt":{"rendered":"M\u00f6chten Sie einen Jingle erstellen, um sich auf dem Markt abzuheben? M\u00f6chten Sie einen einfachen und einfachen Weg, um den idealen Jingle zu erhalten? Hier bei Radio...","protected":false},"author":1,"featured_media":0,"parent":0,"menu_order":0,"comment_status":"closed","ping_status":"closed","template":"","meta":{"_exactmetrics_skip_tracking":false,"_exactmetrics_sitenote_active":false,"_exactmetrics_sitenote_note":"","_exactmetrics_sitenote_category":0,"footnotes":""},"class_list":["post-89348","page","type-page","status-publish"],"yoast_head":"<!-- This site is optimized with the Yoast SEO plugin v26.8 - https:\/\/yoast.com\/product\/yoast-seo-wordpress\/ -->\n<title>Radio Jingles 24: Radio Jingles | DJ Drops | Podcast Intros | Sung Jingles<\/title>\n<meta name=\"description\" content=\"Radio Jingles, Sung Jingles, DJ Drops, and Podcast Intros for commercial, community and internet radio stations. UK Based. Prices from \u00a35. Order online.\" \/>\n<meta name=\"robots\" content=\"index, follow, max-snippet:-1, max-image-preview:large, max-video-preview:-1\" \/>\n<link rel=\"canonical\" href=\"https:\/\/radiojingles24.com\/de\/searching-for-a-jingle-maker-app\/\" \/>\n<meta property=\"og:locale\" content=\"de_DE\" \/>\n<meta property=\"og:type\" content=\"article\" \/>\n<meta property=\"og:title\" content=\"Radio Jingles 24: Radio Jingles | DJ Drops | Podcast Intros | Sung Jingles\" \/>\n<meta property=\"og:description\" content=\"Radio Jingles, Sung Jingles, DJ Drops, and Podcast Intros for commercial, community and internet radio stations. UK Based. Prices from \u00a35. Order online.\" \/>\n<meta property=\"og:url\" content=\"https:\/\/radiojingles24.com\/de\/searching-for-a-jingle-maker-app\/\" \/>\n<meta property=\"og:site_name\" content=\"Radio Jingles 24: Radio Jingles | DJ Drops | Podcast Intros | Sung Jingles\" \/>\n<meta property=\"article:publisher\" content=\"https:\/\/www.facebook.com\/radiojingles24\/\" \/>\n<meta name=\"twitter:card\" content=\"summary_large_image\" \/>\n<meta name=\"twitter:site\" content=\"@radiojingles24\" \/>\n<meta name=\"twitter:label1\" content=\"Gesch\u00e4tzte Lesezeit\" \/>\n\t<meta name=\"twitter:data1\" content=\"3\u00a0Minuten\" \/>\n<script type=\"application\/ld+json\" class=\"yoast-schema-graph\">{\"@context\":\"https:\/\/schema.org\",\"@graph\":[{\"@type\":\"WebPage\",\"@id\":\"https:\/\/radiojingles24.com\/fr\/searching-for-a-jingle-maker-app\/\",\"url\":\"https:\/\/radiojingles24.com\/fr\/searching-for-a-jingle-maker-app\/\",\"name\":\"Radio Jingles 24: Radio Jingles | DJ Drops | Podcast Intros | Sung Jingles\",\"isPartOf\":{\"@id\":\"https:\/\/radiojingles24.com\/#website\"},\"datePublished\":\"2021-04-06T14:43:04+00:00\",\"description\":\"Radio Jingles, Sung Jingles, DJ Drops, and Podcast Intros for commercial, community and internet radio stations. UK Based. Prices from \u00a35. Order online.\",\"breadcrumb\":{\"@id\":\"https:\/\/radiojingles24.com\/fr\/searching-for-a-jingle-maker-app\/#breadcrumb\"},\"inLanguage\":\"de\",\"potentialAction\":[{\"@type\":\"ReadAction\",\"target\":[\"https:\/\/radiojingles24.com\/fr\/searching-for-a-jingle-maker-app\/\"]}]},{\"@type\":\"BreadcrumbList\",\"@id\":\"https:\/\/radiojingles24.com\/fr\/searching-for-a-jingle-maker-app\/#breadcrumb\",\"itemListElement\":[{\"@type\":\"ListItem\",\"position\":1,\"name\":\"Home\",\"item\":\"https:\/\/radiojingles24.com\/de\/\"},{\"@type\":\"ListItem\",\"position\":2,\"name\":\"Searching for a Jingle Maker App?\"}]},{\"@type\":\"WebSite\",\"@id\":\"https:\/\/radiojingles24.com\/#website\",\"url\":\"https:\/\/radiojingles24.com\/\",\"name\":\"Radio Jingles 24: Radio Jingles | DJ Drops | Podcast Intros | Sung Jingles\",\"description\":\"Radio Jingles, Sung Jingles, DJ Drops, and Podcast Intros for commercial, community and internet radio stations. UK Based. Prices from \u00a35. Order online.\",\"publisher\":{\"@id\":\"https:\/\/radiojingles24.com\/#organization\"},\"potentialAction\":[{\"@type\":\"SearchAction\",\"target\":{\"@type\":\"EntryPoint\",\"urlTemplate\":\"https:\/\/radiojingles24.com\/?s={search_term_string}\"},\"query-input\":{\"@type\":\"PropertyValueSpecification\",\"valueRequired\":true,\"valueName\":\"search_term_string\"}}],\"inLanguage\":\"de\"},{\"@type\":\"Organization\",\"@id\":\"https:\/\/radiojingles24.com\/#organization\",\"name\":\"Radio Jingles 24\",\"url\":\"https:\/\/radiojingles24.com\/\",\"logo\":{\"@type\":\"ImageObject\",\"inLanguage\":\"de\",\"@id\":\"https:\/\/radiojingles24.com\/#\/schema\/logo\/image\/\",\"url\":\"https:\/\/radiojingles24.com\/wp-content\/uploads\/2019\/11\/RadioJingle1-1.jpg\",\"contentUrl\":\"https:\/\/radiojingles24.com\/wp-content\/uploads\/2019\/11\/RadioJingle1-1.jpg\",\"width\":512,\"height\":158,\"caption\":\"Radio Jingles 24\"},\"image\":{\"@id\":\"https:\/\/radiojingles24.com\/#\/schema\/logo\/image\/\"},\"sameAs\":[\"https:\/\/www.facebook.com\/radiojingles24\/\",\"https:\/\/x.com\/radiojingles24\"]}]}<\/script>\n<!-- \/ Yoast SEO plugin. -->","yoast_head_json":{"title":"Radio Jingles 24: Radio Jingles | DJ Drops | Podcast Intros | Gesungene Jingles","description":"Radio Jingles, Sung Jingles, DJ Drops und Podcast Intros f\u00fcr kommerzielle, Community- und Internetradiosender. In Gro\u00dfbritannien ans\u00e4ssig. Preise ab \u00a3 5. Online bestellen.","robots":{"index":"index","follow":"follow","max-snippet":"max-snippet:-1","max-image-preview":"max-image-preview:large","max-video-preview":"max-video-preview:-1"},"canonical":"https:\/\/radiojingles24.com\/de\/searching-for-a-jingle-maker-app\/","og_locale":"de_DE","og_type":"article","og_title":"Radio Jingles 24: Radio Jingles | DJ Drops | Podcast Intros | Sung Jingles","og_description":"Radio Jingles, Sung Jingles, DJ Drops, and Podcast Intros for commercial, community and internet radio stations. UK Based. Prices from \u00a35. Order online.","og_url":"https:\/\/radiojingles24.com\/de\/searching-for-a-jingle-maker-app\/","og_site_name":"Radio Jingles 24: Radio Jingles | DJ Drops | Podcast Intros | Sung Jingles","article_publisher":"https:\/\/www.facebook.com\/radiojingles24\/","twitter_card":"summary_large_image","twitter_site":"@radiojingles24","twitter_misc":{"Gesch\u00e4tzte Lesezeit":"3\u00a0Minuten"},"schema":{"@context":"https:\/\/schema.org","@graph":[{"@type":"WebPage","@id":"https:\/\/radiojingles24.com\/fr\/searching-for-a-jingle-maker-app\/","url":"https:\/\/radiojingles24.com\/fr\/searching-for-a-jingle-maker-app\/","name":"Radio Jingles 24: Radio Jingles | DJ Drops | Podcast Intros | Gesungene Jingles","isPartOf":{"@id":"https:\/\/radiojingles24.com\/#website"},"datePublished":"2021-04-06T14:43:04+00:00","description":"Radio Jingles, Sung Jingles, DJ Drops und Podcast Intros f\u00fcr kommerzielle, Community- und Internetradiosender. In Gro\u00dfbritannien ans\u00e4ssig. Preise ab \u00a3 5. Online bestellen.","breadcrumb":{"@id":"https:\/\/radiojingles24.com\/fr\/searching-for-a-jingle-maker-app\/#breadcrumb"},"inLanguage":"de","potentialAction":[{"@type":"ReadAction","target":["https:\/\/radiojingles24.com\/fr\/searching-for-a-jingle-maker-app\/"]}]},{"@type":"BreadcrumbList","@id":"https:\/\/radiojingles24.com\/fr\/searching-for-a-jingle-maker-app\/#breadcrumb","itemListElement":[{"@type":"ListItem","position":1,"name":"Home","item":"https:\/\/radiojingles24.com\/de\/"},{"@type":"ListItem","position":2,"name":"Searching for a Jingle Maker App?"}]},{"@type":"WebSite","@id":"https:\/\/radiojingles24.com\/#website","url":"https:\/\/radiojingles24.com\/","name":"Radio Jingles 24: Radio Jingles | DJ Drops | Podcast Intros | Gesungene Jingles","description":"Radio Jingles, Sung Jingles, DJ Drops und Podcast Intros f\u00fcr kommerzielle, Community- und Internetradiosender. In Gro\u00dfbritannien ans\u00e4ssig. Preise ab \u00a3 5. Online bestellen.","publisher":{"@id":"https:\/\/radiojingles24.com\/#organization"},"potentialAction":[{"@type":"SearchAction","target":{"@type":"EntryPoint","urlTemplate":"https:\/\/radiojingles24.com\/?s={search_term_string}"},"query-input":{"@type":"PropertyValueSpecification","valueRequired":true,"valueName":"search_term_string"}}],"inLanguage":"de"},{"@type":"Organization","@id":"https:\/\/radiojingles24.com\/#organization","name":"Radio Jingles 24","url":"https:\/\/radiojingles24.com\/","logo":{"@type":"ImageObject","inLanguage":"de","@id":"https:\/\/radiojingles24.com\/#\/schema\/logo\/image\/","url":"https:\/\/radiojingles24.com\/wp-content\/uploads\/2019\/11\/RadioJingle1-1.jpg","contentUrl":"https:\/\/radiojingles24.com\/wp-content\/uploads\/2019\/11\/RadioJingle1-1.jpg","width":512,"height":158,"caption":"Radio Jingles 24"},"image":{"@id":"https:\/\/radiojingles24.com\/#\/schema\/logo\/image\/"},"sameAs":["https:\/\/www.facebook.com\/radiojingles24\/","https:\/\/x.com\/radiojingles24"]}]}},"jetpack_sharing_enabled":true,"_links":{"self":[{"href":"https:\/\/radiojingles24.com\/de\/wp-json\/wp\/v2\/pages\/89348","targetHints":{"allow":["GET"]}}],"collection":[{"href":"https:\/\/radiojingles24.com\/de\/wp-json\/wp\/v2\/pages"}],"about":[{"href":"https:\/\/radiojingles24.com\/de\/wp-json\/wp\/v2\/types\/page"}],"author":[{"embeddable":true,"href":"https:\/\/radiojingles24.com\/de\/wp-json\/wp\/v2\/users\/1"}],"replies":[{"embeddable":true,"href":"https:\/\/radiojingles24.com\/de\/wp-json\/wp\/v2\/comments?post=89348"}],"version-history":[{"count":1,"href":"https:\/\/radiojingles24.com\/de\/wp-json\/wp\/v2\/pages\/89348\/revisions"}],"predecessor-version":[{"id":89349,"href":"https:\/\/radiojingles24.com\/de\/wp-json\/wp\/v2\/pages\/89348\/revisions\/89349"}],"wp:attachment":[{"href":"https:\/\/radiojingles24.com\/de\/wp-json\/wp\/v2\/media?parent=89348"}],"curies":[{"name":"wp","href":"https:\/\/api.w.org\/{rel}","templated":true}]}}