{"id":89352,"date":"2021-04-06T14:48:00","date_gmt":"2021-04-06T14:48:00","guid":{"rendered":"https:\/\/radiojingles24.com\/?page_id=89352"},"modified":"2021-04-06T14:48:00","modified_gmt":"2021-04-06T14:48:00","slug":"would-you-like-to-produce-a-podcast-jingle","status":"publish","type":"page","link":"https:\/\/radiojingles24.com\/de\/would-you-like-to-produce-a-podcast-jingle\/","title":{"rendered":"M\u00f6chten Sie einen Podcast-Jingle produzieren?"},"content":{"rendered":"<div id=\"fws_69e2555c5a85c\"  data-midnight=\"dark\"  data-bg-mobile-hidden=\"\" class=\"wpb_row vc_row-fluid vc_row top-level standard_section\"  style=\"padding-top: 0px; padding-bottom: 0px; \"><div class=\"row-bg-wrap\" data-bg-animation=\"none\"><div class=\"inner-wrap\"><div class=\"row-bg\"  style=\"\"><\/div><\/div><div class=\"row-bg-overlay\" ><\/div><\/div><div class=\"col span_12 dark left\">\n\t<div  class=\"vc_col-sm-12 wpb_column column_container vc_column_container col no-extra-padding\"  data-t-w-inherits=\"default\" data-border-radius=\"none\" data-shadow=\"none\" data-border-animation=\"\" data-border-animation-delay=\"\" data-border-width=\"none\" data-border-style=\"solid\" data-border-color=\"\" data-bg-cover=\"\" data-padding-pos=\"all\" data-has-bg-color=\"false\" data-bg-color=\"\" data-bg-opacity=\"1\" data-hover-bg=\"\" data-hover-bg-opacity=\"1\" data-animation=\"\" data-delay=\"0\"><div class=\"column-bg-overlay\"><\/div>\n\t\t<div class=\"vc_column-inner\">\n\t\t\t<div class=\"wpb_wrapper\">\n\t\t\t\t\r\n\t<div class=\"wpb_text_column wpb_content_element\" >\r\n\t\t<div class=\"wpb_wrapper\">\r\n\t\t\t<p><span style=\"font-weight: 400;\">Haben Sie einen eigenen Podcast, f\u00fcr den Sie einen Podcast-Jingle erstellen m\u00f6chten? Sie sind an der richtigen Stelle. Willkommen zu <\/span><a href=\"https:\/\/radiojingles24.com\/de\/\"><span style=\"font-weight: 400;\">Radio Jingles 24<\/span><\/a><span style=\"font-weight: 400;\">bieten wir eine breite Palette von Audio- und Jingle-Diensten an. Dies beinhaltet die Produktion von professionellen Radio-Jingles, gesungenen Jingles, DJ-Drops und kommerzieller Produktion, um nur einige zu nennen.\u00a0<\/span><\/p>\n<p><span style=\"font-weight: 400;\">Unabh\u00e4ngig von Ihren Audioanforderungen k\u00f6nnen unsere spezialisierten Toningenieure Ihnen hochwertige Klangl\u00f6sungen in einer Reihe zug\u00e4nglicher Formate wie MP3, HQ WAVE und AIFF anbieten. Und wir liefern es so schnell wie m\u00f6glich - normalerweise erhalten Sie Ihre Jingles innerhalb von 24 Stunden. Kontaktieren Sie uns noch heute, um weitere Informationen zu erhalten.<\/span><\/p>\n<p><b>Wie k\u00f6nnen wir Ihnen helfen?<\/b><\/p>\n<p><span style=\"font-weight: 400;\">Wenn Sie eine Podcast-Show moderieren oder produzieren, bieten wir hier bei Radio Jingles 24 hervorragende Podcast-Jingles an, die gro\u00dfartig klingen und Ihre Zuh\u00f6rer besch\u00e4ftigen. Unsere <\/span><a href=\"https:\/\/radiojingles24.com\/de\/produkt\/intro-outro-podcast-pack\/\"><span style=\"font-weight: 400;\">Intro- und Outro-Podcast-Paket<\/span><\/a><span style=\"font-weight: 400;\"> bietet eine Reihe von Podcast-Jingles und Voice-Overs zur Auswahl, darunter K\u00fcnstler wie Paul, Jo, Laura, Mike und John. Wir haben eine Reihe professioneller m\u00e4nnlicher und weiblicher Sprecher, von denen jeder individuell und auf seine Weise unterschiedlich ist. Jedes Intro und Outro dauert jeweils 30 Sekunden und wird mit Musik, Vocal FX und SFX ge\u00e4u\u00dfert und produziert.\u00a0<\/span><\/p>\n<p><span style=\"font-weight: 400;\">Sie m\u00fcssen uns lediglich ein 30-Sekunden-Skript zur Verf\u00fcgung stellen und uns mitteilen, ob Sie spezielle Anforderungen haben. Wir k\u00f6nnen <\/span><a href=\"https:\/\/radiojingles24.com\/de\/produkt\/intro-outro-podcast-pack\/\"><span style=\"font-weight: 400;\">Produziere deinen Podcast-Jingle<\/span><\/a><span style=\"font-weight: 400;\"> In drei Dateiformaten: MP3, WAVE und AIFF erhalten Sie sowohl die endg\u00fcltigen als auch die trockenen Kopien, sodass insgesamt 4 Audiodateien zu Ihnen kommen. Wir garantieren, dass unsere Podcast-Jingles Ihre Podcast-Episoden mit erstklassigem Sound auf die n\u00e4chste Stufe heben, der Ihre Show von den anderen abhebt. Bei einem Preis von nur \u00a3 40 f\u00fcr die Produktion ist dies eine \u00e4u\u00dferst erschwingliche, herausragende Option, die Sie heute nutzen sollten.<\/span><\/p>\n<p><b>Warum Radio Jingles 24 w\u00e4hlen?<\/b><\/p>\n<p><span style=\"font-weight: 400;\">Wenn Sie einen Podcast-Jingle f\u00fcr Ihre Show produzieren lassen m\u00f6chten, liefern wir Ihnen diesen Ton innerhalb von maximal 24 Stunden. In der Regel senden wir Ihnen Ihr Audio innerhalb weniger Stunden. Wenn Sie dringend einen Jingle ben\u00f6tigen, k\u00f6nnen wir Ihnen einen noch schnelleren Service anbieten - wenn Sie uns anrufen: 0113 534 6686.\u00a0<\/span><\/p>\n<p><span style=\"font-weight: 400;\">Wenn Sie eine ma\u00dfgeschneiderte L\u00f6sung ben\u00f6tigen oder etwas weiter besprechen m\u00f6chten, k\u00f6nnen Sie uns jederzeit anrufen. Das Team hilft Ihnen gerne weiter und sorgt daf\u00fcr, dass Sie eine optimale L\u00f6sung erhalten. Wir sind bestrebt, qualitativ hochwertige Sounds zu produzieren, die die Popularit\u00e4t Ihres Podcasts steigern und die Leute zum Zuh\u00f6ren bringen. Wir sind bestrebt, mit erstklassigem Kundenservice und Support w\u00e4hrend Ihrer gesamten Zeit mit unserem Service noch einen Schritt weiter zu gehen und Ihre Erwartungen zu \u00fcbertreffen.\u00a0<\/span><\/p>\n<p><b>M\u00f6glichkeiten, uns zu erreichen\u00a0<\/b><\/p>\n<p><span style=\"font-weight: 400;\">Wenn Sie an unserem Podcast-Jingle-Service interessiert sind, k\u00f6nnen Sie sich noch heute an uns wenden. Sie k\u00f6nnen uns eine E-Mail an senden <\/span><a href=\"mailto:info@radiojingles24.com\"><span style=\"font-weight: 400;\">info@radiojingles24.com<\/span><\/a><span style=\"font-weight: 400;\"> und wir werden uns in K\u00fcrze bei Ihnen melden. Sie k\u00f6nnen uns auch anrufen unter: +44 (0) 113 5346686 (UK) oder +1 (212) 710-1350 (US). Was auch immer Ihre Anforderungen sind, z\u00f6gern Sie bitte nicht, uns zu kontaktieren und mit einem unserer Experten zu sprechen.\u00a0<\/span><\/p>\n\r\n\t\t<\/div>\r\n\t<\/div>\r\n\n\t\t\t<\/div> \n\t\t<\/div>\n\t<\/div> \n<\/div><\/div>","protected":false},"excerpt":{"rendered":"Haben Sie einen eigenen Podcast, f\u00fcr den Sie einen Podcast-Jingle erstellen m\u00f6chten? Sie sind an der richtigen Stelle. Willkommen bei Radio Jingles 24, wir bieten ein vielf\u00e4ltiges...","protected":false},"author":1,"featured_media":0,"parent":0,"menu_order":0,"comment_status":"closed","ping_status":"closed","template":"","meta":{"_exactmetrics_skip_tracking":false,"_exactmetrics_sitenote_active":false,"_exactmetrics_sitenote_note":"","_exactmetrics_sitenote_category":0,"footnotes":""},"class_list":["post-89352","page","type-page","status-publish"],"yoast_head":"<!-- This site is optimized with the Yoast SEO plugin v26.8 - https:\/\/yoast.com\/product\/yoast-seo-wordpress\/ -->\n<title>Radio Jingles 24: Radio Jingles | DJ Drops | Podcast Intros | Sung Jingles<\/title>\n<meta name=\"description\" content=\"Radio Jingles, Sung Jingles, DJ Drops, and Podcast Intros for commercial, community and internet radio stations. UK Based. Prices from \u00a35. Order online.\" \/>\n<meta name=\"robots\" content=\"index, follow, max-snippet:-1, max-image-preview:large, max-video-preview:-1\" \/>\n<link rel=\"canonical\" href=\"https:\/\/radiojingles24.com\/de\/would-you-like-to-produce-a-podcast-jingle\/\" \/>\n<meta property=\"og:locale\" content=\"de_DE\" \/>\n<meta property=\"og:type\" content=\"article\" \/>\n<meta property=\"og:title\" content=\"Radio Jingles 24: Radio Jingles | DJ Drops | Podcast Intros | Sung Jingles\" \/>\n<meta property=\"og:description\" content=\"Radio Jingles, Sung Jingles, DJ Drops, and Podcast Intros for commercial, community and internet radio stations. UK Based. Prices from \u00a35. Order online.\" \/>\n<meta property=\"og:url\" content=\"https:\/\/radiojingles24.com\/de\/would-you-like-to-produce-a-podcast-jingle\/\" \/>\n<meta property=\"og:site_name\" content=\"Radio Jingles 24: Radio Jingles | DJ Drops | Podcast Intros | Sung Jingles\" \/>\n<meta property=\"article:publisher\" content=\"https:\/\/www.facebook.com\/radiojingles24\/\" \/>\n<meta name=\"twitter:card\" content=\"summary_large_image\" \/>\n<meta name=\"twitter:site\" content=\"@radiojingles24\" \/>\n<meta name=\"twitter:label1\" content=\"Gesch\u00e4tzte Lesezeit\" \/>\n\t<meta name=\"twitter:data1\" content=\"3\u00a0Minuten\" \/>\n<script type=\"application\/ld+json\" class=\"yoast-schema-graph\">{\"@context\":\"https:\/\/schema.org\",\"@graph\":[{\"@type\":\"WebPage\",\"@id\":\"https:\/\/radiojingles24.com\/fr\/would-you-like-to-produce-a-podcast-jingle\/\",\"url\":\"https:\/\/radiojingles24.com\/fr\/would-you-like-to-produce-a-podcast-jingle\/\",\"name\":\"Radio Jingles 24: Radio Jingles | DJ Drops | Podcast Intros | Sung Jingles\",\"isPartOf\":{\"@id\":\"https:\/\/radiojingles24.com\/#website\"},\"datePublished\":\"2021-04-06T14:48:00+00:00\",\"description\":\"Radio Jingles, Sung Jingles, DJ Drops, and Podcast Intros for commercial, community and internet radio stations. UK Based. Prices from \u00a35. Order online.\",\"breadcrumb\":{\"@id\":\"https:\/\/radiojingles24.com\/fr\/would-you-like-to-produce-a-podcast-jingle\/#breadcrumb\"},\"inLanguage\":\"de\",\"potentialAction\":[{\"@type\":\"ReadAction\",\"target\":[\"https:\/\/radiojingles24.com\/fr\/would-you-like-to-produce-a-podcast-jingle\/\"]}]},{\"@type\":\"BreadcrumbList\",\"@id\":\"https:\/\/radiojingles24.com\/fr\/would-you-like-to-produce-a-podcast-jingle\/#breadcrumb\",\"itemListElement\":[{\"@type\":\"ListItem\",\"position\":1,\"name\":\"Home\",\"item\":\"https:\/\/radiojingles24.com\/de\/\"},{\"@type\":\"ListItem\",\"position\":2,\"name\":\"Would you Like To Produce a Podcast Jingle?\"}]},{\"@type\":\"WebSite\",\"@id\":\"https:\/\/radiojingles24.com\/#website\",\"url\":\"https:\/\/radiojingles24.com\/\",\"name\":\"Radio Jingles 24: Radio Jingles | DJ Drops | Podcast Intros | Sung Jingles\",\"description\":\"Radio Jingles, Sung Jingles, DJ Drops, and Podcast Intros for commercial, community and internet radio stations. UK Based. Prices from \u00a35. Order online.\",\"publisher\":{\"@id\":\"https:\/\/radiojingles24.com\/#organization\"},\"potentialAction\":[{\"@type\":\"SearchAction\",\"target\":{\"@type\":\"EntryPoint\",\"urlTemplate\":\"https:\/\/radiojingles24.com\/?s={search_term_string}\"},\"query-input\":{\"@type\":\"PropertyValueSpecification\",\"valueRequired\":true,\"valueName\":\"search_term_string\"}}],\"inLanguage\":\"de\"},{\"@type\":\"Organization\",\"@id\":\"https:\/\/radiojingles24.com\/#organization\",\"name\":\"Radio Jingles 24\",\"url\":\"https:\/\/radiojingles24.com\/\",\"logo\":{\"@type\":\"ImageObject\",\"inLanguage\":\"de\",\"@id\":\"https:\/\/radiojingles24.com\/#\/schema\/logo\/image\/\",\"url\":\"https:\/\/radiojingles24.com\/wp-content\/uploads\/2019\/11\/RadioJingle1-1.jpg\",\"contentUrl\":\"https:\/\/radiojingles24.com\/wp-content\/uploads\/2019\/11\/RadioJingle1-1.jpg\",\"width\":512,\"height\":158,\"caption\":\"Radio Jingles 24\"},\"image\":{\"@id\":\"https:\/\/radiojingles24.com\/#\/schema\/logo\/image\/\"},\"sameAs\":[\"https:\/\/www.facebook.com\/radiojingles24\/\",\"https:\/\/x.com\/radiojingles24\"]}]}<\/script>\n<!-- \/ Yoast SEO plugin. -->","yoast_head_json":{"title":"Radio Jingles 24: Radio Jingles | DJ Drops | Podcast Intros | Gesungene Jingles","description":"Radio Jingles, Sung Jingles, DJ Drops und Podcast Intros f\u00fcr kommerzielle, Community- und Internetradiosender. In Gro\u00dfbritannien ans\u00e4ssig. Preise ab \u00a3 5. Online bestellen.","robots":{"index":"index","follow":"follow","max-snippet":"max-snippet:-1","max-image-preview":"max-image-preview:large","max-video-preview":"max-video-preview:-1"},"canonical":"https:\/\/radiojingles24.com\/de\/would-you-like-to-produce-a-podcast-jingle\/","og_locale":"de_DE","og_type":"article","og_title":"Radio Jingles 24: Radio Jingles | DJ Drops | Podcast Intros | Sung Jingles","og_description":"Radio Jingles, Sung Jingles, DJ Drops, and Podcast Intros for commercial, community and internet radio stations. UK Based. Prices from \u00a35. Order online.","og_url":"https:\/\/radiojingles24.com\/de\/would-you-like-to-produce-a-podcast-jingle\/","og_site_name":"Radio Jingles 24: Radio Jingles | DJ Drops | Podcast Intros | Sung Jingles","article_publisher":"https:\/\/www.facebook.com\/radiojingles24\/","twitter_card":"summary_large_image","twitter_site":"@radiojingles24","twitter_misc":{"Gesch\u00e4tzte Lesezeit":"3\u00a0Minuten"},"schema":{"@context":"https:\/\/schema.org","@graph":[{"@type":"WebPage","@id":"https:\/\/radiojingles24.com\/fr\/would-you-like-to-produce-a-podcast-jingle\/","url":"https:\/\/radiojingles24.com\/fr\/would-you-like-to-produce-a-podcast-jingle\/","name":"Radio Jingles 24: Radio Jingles | DJ Drops | Podcast Intros | Gesungene Jingles","isPartOf":{"@id":"https:\/\/radiojingles24.com\/#website"},"datePublished":"2021-04-06T14:48:00+00:00","description":"Radio Jingles, Sung Jingles, DJ Drops und Podcast Intros f\u00fcr kommerzielle, Community- und Internetradiosender. In Gro\u00dfbritannien ans\u00e4ssig. Preise ab \u00a3 5. Online bestellen.","breadcrumb":{"@id":"https:\/\/radiojingles24.com\/fr\/would-you-like-to-produce-a-podcast-jingle\/#breadcrumb"},"inLanguage":"de","potentialAction":[{"@type":"ReadAction","target":["https:\/\/radiojingles24.com\/fr\/would-you-like-to-produce-a-podcast-jingle\/"]}]},{"@type":"BreadcrumbList","@id":"https:\/\/radiojingles24.com\/fr\/would-you-like-to-produce-a-podcast-jingle\/#breadcrumb","itemListElement":[{"@type":"ListItem","position":1,"name":"Home","item":"https:\/\/radiojingles24.com\/de\/"},{"@type":"ListItem","position":2,"name":"Would you Like To Produce a Podcast Jingle?"}]},{"@type":"WebSite","@id":"https:\/\/radiojingles24.com\/#website","url":"https:\/\/radiojingles24.com\/","name":"Radio Jingles 24: Radio Jingles | DJ Drops | Podcast Intros | Gesungene Jingles","description":"Radio Jingles, Sung Jingles, DJ Drops und Podcast Intros f\u00fcr kommerzielle, Community- und Internetradiosender. In Gro\u00dfbritannien ans\u00e4ssig. Preise ab \u00a3 5. Online bestellen.","publisher":{"@id":"https:\/\/radiojingles24.com\/#organization"},"potentialAction":[{"@type":"SearchAction","target":{"@type":"EntryPoint","urlTemplate":"https:\/\/radiojingles24.com\/?s={search_term_string}"},"query-input":{"@type":"PropertyValueSpecification","valueRequired":true,"valueName":"search_term_string"}}],"inLanguage":"de"},{"@type":"Organization","@id":"https:\/\/radiojingles24.com\/#organization","name":"Radio Jingles 24","url":"https:\/\/radiojingles24.com\/","logo":{"@type":"ImageObject","inLanguage":"de","@id":"https:\/\/radiojingles24.com\/#\/schema\/logo\/image\/","url":"https:\/\/radiojingles24.com\/wp-content\/uploads\/2019\/11\/RadioJingle1-1.jpg","contentUrl":"https:\/\/radiojingles24.com\/wp-content\/uploads\/2019\/11\/RadioJingle1-1.jpg","width":512,"height":158,"caption":"Radio Jingles 24"},"image":{"@id":"https:\/\/radiojingles24.com\/#\/schema\/logo\/image\/"},"sameAs":["https:\/\/www.facebook.com\/radiojingles24\/","https:\/\/x.com\/radiojingles24"]}]}},"jetpack_sharing_enabled":true,"_links":{"self":[{"href":"https:\/\/radiojingles24.com\/de\/wp-json\/wp\/v2\/pages\/89352","targetHints":{"allow":["GET"]}}],"collection":[{"href":"https:\/\/radiojingles24.com\/de\/wp-json\/wp\/v2\/pages"}],"about":[{"href":"https:\/\/radiojingles24.com\/de\/wp-json\/wp\/v2\/types\/page"}],"author":[{"embeddable":true,"href":"https:\/\/radiojingles24.com\/de\/wp-json\/wp\/v2\/users\/1"}],"replies":[{"embeddable":true,"href":"https:\/\/radiojingles24.com\/de\/wp-json\/wp\/v2\/comments?post=89352"}],"version-history":[{"count":1,"href":"https:\/\/radiojingles24.com\/de\/wp-json\/wp\/v2\/pages\/89352\/revisions"}],"predecessor-version":[{"id":89353,"href":"https:\/\/radiojingles24.com\/de\/wp-json\/wp\/v2\/pages\/89352\/revisions\/89353"}],"wp:attachment":[{"href":"https:\/\/radiojingles24.com\/de\/wp-json\/wp\/v2\/media?parent=89352"}],"curies":[{"name":"wp","href":"https:\/\/api.w.org\/{rel}","templated":true}]}}