{"id":89354,"date":"2021-04-06T14:50:45","date_gmt":"2021-04-06T14:50:45","guid":{"rendered":"https:\/\/radiojingles24.com\/?page_id=89354"},"modified":"2021-04-06T14:50:45","modified_gmt":"2021-04-06T14:50:45","slug":"trying-to-discover-how-to-make-a-podcast-jingle","status":"publish","type":"page","link":"https:\/\/radiojingles24.com\/de\/trying-to-discover-how-to-make-a-podcast-jingle\/","title":{"rendered":"Versuchen Sie herauszufinden, wie man einen Podcast-Jingle erstellt?"},"content":{"rendered":"<div id=\"fws_69d77af28f7df\"  data-midnight=\"dark\"  data-bg-mobile-hidden=\"\" class=\"wpb_row vc_row-fluid vc_row top-level standard_section\"  style=\"padding-top: 0px; padding-bottom: 0px; \"><div class=\"row-bg-wrap\" data-bg-animation=\"none\"><div class=\"inner-wrap\"><div class=\"row-bg\"  style=\"\"><\/div><\/div><div class=\"row-bg-overlay\" ><\/div><\/div><div class=\"col span_12 dark left\">\n\t<div  class=\"vc_col-sm-12 wpb_column column_container vc_column_container col no-extra-padding\"  data-t-w-inherits=\"default\" data-border-radius=\"none\" data-shadow=\"none\" data-border-animation=\"\" data-border-animation-delay=\"\" data-border-width=\"none\" data-border-style=\"solid\" data-border-color=\"\" data-bg-cover=\"\" data-padding-pos=\"all\" data-has-bg-color=\"false\" data-bg-color=\"\" data-bg-opacity=\"1\" data-hover-bg=\"\" data-hover-bg-opacity=\"1\" data-animation=\"\" data-delay=\"0\"><div class=\"column-bg-overlay\"><\/div>\n\t\t<div class=\"vc_column-inner\">\n\t\t\t<div class=\"wpb_wrapper\">\n\t\t\t\t\r\n\t<div class=\"wpb_text_column wpb_content_element\" >\r\n\t\t<div class=\"wpb_wrapper\">\r\n\t\t\t<p><span style=\"font-weight: 400;\">M\u00f6chten Sie wissen, wie man einen Podcast-Jingle macht? Suchen Sie hier nicht weiter <\/span><a href=\"https:\/\/radiojingles24.com\/de\/\"><span style=\"font-weight: 400;\">Radio Jingles 24<\/span><\/a><span style=\"font-weight: 400;\"> Wir helfen Ihnen gerne weiter. Wir bieten eine Reihe von Dienstleistungen f\u00fcr Kunden, die hochwertige Audio- und Jingles f\u00fcr Radiosender, DJs, Podcasts und mehr ben\u00f6tigen.\u00a0<\/span><\/p>\n<p><span style=\"font-weight: 400;\">Wir k\u00f6nnen alles produzieren, von DJ-Drops und professionellen Radio-Jingles bis hin zu klassischen Oldies-Jingles und gesungenen Jingles. Was auch immer Sie ben\u00f6tigen, das Team steht Ihnen jederzeit mit Unterst\u00fctzung und einer auf Ihre Bed\u00fcrfnisse zugeschnittenen L\u00f6sung zur Verf\u00fcgung.\u00a0<\/span><\/p>\n<p><b>M\u00f6chten Sie einen Podcast-Jingle erstellen?<\/b><\/p>\n<p><span style=\"font-weight: 400;\">Wenn Sie dringend eine Antwort auf die Frage ben\u00f6tigen, wie Sie einen Podcast-Jingle erstellen k\u00f6nnen, lassen Sie uns helfen. Hier bei Radio Jingles 24 vereinfachen wir den gesamten Prozess und machen es Ihnen einfach, Ihren pers\u00f6nlichen, einzigartigen Podcast-Jingle zu erstellen. Wir bieten unseren Kunden eine einzigartige <\/span><a href=\"https:\/\/radiojingles24.com\/de\/produkt\/intro-outro-podcast-pack\/\"><span style=\"font-weight: 400;\">Intro- und Outro-Podcast-Paket<\/span><\/a><span style=\"font-weight: 400;\">, das aus zwei 30 Sekunden langen Jingles besteht - eines f\u00fcr das Intro zu Ihrer Episode und eines f\u00fcr das Outro. Es gibt eine gro\u00dfe Auswahl an Sprachmoderatoren, aus denen Sie ausw\u00e4hlen k\u00f6nnen, darunter sowohl m\u00e4nnliche als auch weibliche K\u00fcnstler. Sie k\u00f6nnen den Text ausw\u00e4hlen, den unsere Sprecher vorlesen sollen, und uns spezielle Anweisungen geben, falls dies erforderlich sein sollte.\u00a0<\/span><\/p>\n<p><span style=\"font-weight: 400;\">Sie k\u00f6nnen Ihren Podcast-Jingle in einigen Dateiformaten erstellen, n\u00e4mlich MP3, WAVE und AIFF. Sie k\u00f6nnen frei w\u00e4hlen, welches f\u00fcr Sie am besten geeignet ist. Wenn es um Qualit\u00e4t geht, sind unsere Podcast-Jingles unschlagbar. Sie sind vollstimmig und werden mit hervorragender Qualit\u00e4t von SFX, Musik und Vocal FX produziert. Unser Audio klingt garantiert einzigartig und unterh\u00e4lt die H\u00f6rer Ihres Podcasts. Dar\u00fcber hinaus stellen wir die Trockenkopien sowie die produzierten Kopien in Ihrem endg\u00fcltigen Paket zur Verf\u00fcgung, sodass Sie fantastische 4 Audiodateien erhalten, die Sie in weniger als 24 Stunden verwenden k\u00f6nnen.<\/span><\/p>\n<p><b>Was k\u00f6nnen Sie von Radio Jingles 24 erwarten?<\/b><\/p>\n<p><span style=\"font-weight: 400;\">Nachdem wir Sie dar\u00fcber informiert haben, wie Sie einen Podcast-Jingle erstellen, sollten Sie erkl\u00e4ren, warum Sie sich f\u00fcr Radio Jingles 24 entscheiden sollten. Unsere Audiol\u00f6sungen sind wirklich preisg\u00fcnstig, und unser Spezialistenteam kann Ihren Sound f\u00fcr nur 40 GBP produzieren. Dies stellt ein au\u00dfergew\u00f6hnliches Preis-Leistungs-Verh\u00e4ltnis dar. Sie sparen also nicht nur Zeit beim Produzieren eines Jingles, sondern auch Geld.\u00a0<\/span><\/p>\n<p><span style=\"font-weight: 400;\">Dar\u00fcber hinaus k\u00f6nnen Sie unseren erstklassigen, erstklassigen Service nutzen, der die Kunden von Anfang bis Ende betreut. Unabh\u00e4ngig von Ihren Anforderungen, ob es sich um ma\u00dfgeschneiderte oder generische Anforderungen handelt, stehen Ihnen unsere Toningenieure zur Verf\u00fcgung, um Sie zu unterst\u00fctzen und eine optimale L\u00f6sung zu liefern.\u00a0<\/span><\/p>\n<p>&nbsp;<\/p>\n<p><b>Wie man uns kontaktiert<\/b><\/p>\n<p><span style=\"font-weight: 400;\">Wenn Sie sich gefragt haben, wie Sie einen Podcast-Jingle erstellen k\u00f6nnen, und weitere Informationen oder Zusicherungen zu unserem hervorragenden Serviceangebot ben\u00f6tigen, z\u00f6gern Sie bitte nicht, sich mit uns in Verbindung zu setzen. Rufen Sie uns unter +44 (0) 113 5346686 (UK) oder +1 (212) 710-1350 (US) an. Einer unserer Spezialisten wird sich gerne mit Ihnen \u00fcber alle M\u00f6glichkeiten unterhalten. Wenn Sie uns lieber eine E-Mail senden m\u00f6chten, schreiben Sie bitte an <\/span><a href=\"mailto:info@radiojingles24.com\"><span style=\"font-weight: 400;\">info@radiojingles24.com<\/span><\/a><span style=\"font-weight: 400;\"> und wir werden uns so schnell wie m\u00f6glich bei Ihnen melden.\u00a0<\/span><\/p>\n\r\n\t\t<\/div>\r\n\t<\/div>\r\n\n\t\t\t<\/div> \n\t\t<\/div>\n\t<\/div> \n<\/div><\/div>","protected":false},"excerpt":{"rendered":"M\u00f6chten Sie wissen, wie man einen Podcast-Jingle erstellt? Suchen Sie nicht weiter, hier bei Radio Jingles 24 helfen wir Ihnen gerne weiter. Wir bieten eine Reihe von Dienstleistungen ...","protected":false},"author":1,"featured_media":0,"parent":0,"menu_order":0,"comment_status":"closed","ping_status":"closed","template":"","meta":{"_exactmetrics_skip_tracking":false,"_exactmetrics_sitenote_active":false,"_exactmetrics_sitenote_note":"","_exactmetrics_sitenote_category":0,"footnotes":""},"class_list":["post-89354","page","type-page","status-publish"],"yoast_head":"<!-- This site is optimized with the Yoast SEO plugin v26.8 - https:\/\/yoast.com\/product\/yoast-seo-wordpress\/ -->\n<title>Radio Jingles 24: Radio Jingles | DJ Drops | Podcast Intros | Sung Jingles<\/title>\n<meta name=\"description\" content=\"Radio Jingles, Sung Jingles, DJ Drops, and Podcast Intros for commercial, community and internet radio stations. UK Based. Prices from \u00a35. Order online.\" \/>\n<meta name=\"robots\" content=\"index, follow, max-snippet:-1, max-image-preview:large, max-video-preview:-1\" \/>\n<link rel=\"canonical\" href=\"https:\/\/radiojingles24.com\/de\/trying-to-discover-how-to-make-a-podcast-jingle\/\" \/>\n<meta property=\"og:locale\" content=\"de_DE\" \/>\n<meta property=\"og:type\" content=\"article\" \/>\n<meta property=\"og:title\" content=\"Radio Jingles 24: Radio Jingles | DJ Drops | Podcast Intros | Sung Jingles\" \/>\n<meta property=\"og:description\" content=\"Radio Jingles, Sung Jingles, DJ Drops, and Podcast Intros for commercial, community and internet radio stations. UK Based. Prices from \u00a35. Order online.\" \/>\n<meta property=\"og:url\" content=\"https:\/\/radiojingles24.com\/de\/trying-to-discover-how-to-make-a-podcast-jingle\/\" \/>\n<meta property=\"og:site_name\" content=\"Radio Jingles 24: Radio Jingles | DJ Drops | Podcast Intros | Sung Jingles\" \/>\n<meta property=\"article:publisher\" content=\"https:\/\/www.facebook.com\/radiojingles24\/\" \/>\n<meta name=\"twitter:card\" content=\"summary_large_image\" \/>\n<meta name=\"twitter:site\" content=\"@radiojingles24\" \/>\n<meta name=\"twitter:label1\" content=\"Gesch\u00e4tzte Lesezeit\" \/>\n\t<meta name=\"twitter:data1\" content=\"3\u00a0Minuten\" \/>\n<script type=\"application\/ld+json\" class=\"yoast-schema-graph\">{\"@context\":\"https:\/\/schema.org\",\"@graph\":[{\"@type\":\"WebPage\",\"@id\":\"https:\/\/radiojingles24.com\/fr\/trying-to-discover-how-to-make-a-podcast-jingle\/\",\"url\":\"https:\/\/radiojingles24.com\/fr\/trying-to-discover-how-to-make-a-podcast-jingle\/\",\"name\":\"Radio Jingles 24: Radio Jingles | DJ Drops | Podcast Intros | Sung Jingles\",\"isPartOf\":{\"@id\":\"https:\/\/radiojingles24.com\/#website\"},\"datePublished\":\"2021-04-06T14:50:45+00:00\",\"description\":\"Radio Jingles, Sung Jingles, DJ Drops, and Podcast Intros for commercial, community and internet radio stations. UK Based. Prices from \u00a35. Order online.\",\"breadcrumb\":{\"@id\":\"https:\/\/radiojingles24.com\/fr\/trying-to-discover-how-to-make-a-podcast-jingle\/#breadcrumb\"},\"inLanguage\":\"de\",\"potentialAction\":[{\"@type\":\"ReadAction\",\"target\":[\"https:\/\/radiojingles24.com\/fr\/trying-to-discover-how-to-make-a-podcast-jingle\/\"]}]},{\"@type\":\"BreadcrumbList\",\"@id\":\"https:\/\/radiojingles24.com\/fr\/trying-to-discover-how-to-make-a-podcast-jingle\/#breadcrumb\",\"itemListElement\":[{\"@type\":\"ListItem\",\"position\":1,\"name\":\"Home\",\"item\":\"https:\/\/radiojingles24.com\/de\/\"},{\"@type\":\"ListItem\",\"position\":2,\"name\":\"Trying to Discover How to Make a Podcast Jingle?\"}]},{\"@type\":\"WebSite\",\"@id\":\"https:\/\/radiojingles24.com\/#website\",\"url\":\"https:\/\/radiojingles24.com\/\",\"name\":\"Radio Jingles 24: Radio Jingles | DJ Drops | Podcast Intros | Sung Jingles\",\"description\":\"Radio Jingles, Sung Jingles, DJ Drops, and Podcast Intros for commercial, community and internet radio stations. UK Based. Prices from \u00a35. Order online.\",\"publisher\":{\"@id\":\"https:\/\/radiojingles24.com\/#organization\"},\"potentialAction\":[{\"@type\":\"SearchAction\",\"target\":{\"@type\":\"EntryPoint\",\"urlTemplate\":\"https:\/\/radiojingles24.com\/?s={search_term_string}\"},\"query-input\":{\"@type\":\"PropertyValueSpecification\",\"valueRequired\":true,\"valueName\":\"search_term_string\"}}],\"inLanguage\":\"de\"},{\"@type\":\"Organization\",\"@id\":\"https:\/\/radiojingles24.com\/#organization\",\"name\":\"Radio Jingles 24\",\"url\":\"https:\/\/radiojingles24.com\/\",\"logo\":{\"@type\":\"ImageObject\",\"inLanguage\":\"de\",\"@id\":\"https:\/\/radiojingles24.com\/#\/schema\/logo\/image\/\",\"url\":\"https:\/\/radiojingles24.com\/wp-content\/uploads\/2019\/11\/RadioJingle1-1.jpg\",\"contentUrl\":\"https:\/\/radiojingles24.com\/wp-content\/uploads\/2019\/11\/RadioJingle1-1.jpg\",\"width\":512,\"height\":158,\"caption\":\"Radio Jingles 24\"},\"image\":{\"@id\":\"https:\/\/radiojingles24.com\/#\/schema\/logo\/image\/\"},\"sameAs\":[\"https:\/\/www.facebook.com\/radiojingles24\/\",\"https:\/\/x.com\/radiojingles24\"]}]}<\/script>\n<!-- \/ Yoast SEO plugin. -->","yoast_head_json":{"title":"Radio Jingles 24: Radio Jingles | DJ Drops | Podcast Intros | Gesungene Jingles","description":"Radio Jingles, Sung Jingles, DJ Drops und Podcast Intros f\u00fcr kommerzielle, Community- und Internetradiosender. In Gro\u00dfbritannien ans\u00e4ssig. Preise ab \u00a3 5. Online bestellen.","robots":{"index":"index","follow":"follow","max-snippet":"max-snippet:-1","max-image-preview":"max-image-preview:large","max-video-preview":"max-video-preview:-1"},"canonical":"https:\/\/radiojingles24.com\/de\/trying-to-discover-how-to-make-a-podcast-jingle\/","og_locale":"de_DE","og_type":"article","og_title":"Radio Jingles 24: Radio Jingles | DJ Drops | Podcast Intros | Sung Jingles","og_description":"Radio Jingles, Sung Jingles, DJ Drops, and Podcast Intros for commercial, community and internet radio stations. UK Based. Prices from \u00a35. Order online.","og_url":"https:\/\/radiojingles24.com\/de\/trying-to-discover-how-to-make-a-podcast-jingle\/","og_site_name":"Radio Jingles 24: Radio Jingles | DJ Drops | Podcast Intros | Sung Jingles","article_publisher":"https:\/\/www.facebook.com\/radiojingles24\/","twitter_card":"summary_large_image","twitter_site":"@radiojingles24","twitter_misc":{"Gesch\u00e4tzte Lesezeit":"3\u00a0Minuten"},"schema":{"@context":"https:\/\/schema.org","@graph":[{"@type":"WebPage","@id":"https:\/\/radiojingles24.com\/fr\/trying-to-discover-how-to-make-a-podcast-jingle\/","url":"https:\/\/radiojingles24.com\/fr\/trying-to-discover-how-to-make-a-podcast-jingle\/","name":"Radio Jingles 24: Radio Jingles | DJ Drops | Podcast Intros | Gesungene Jingles","isPartOf":{"@id":"https:\/\/radiojingles24.com\/#website"},"datePublished":"2021-04-06T14:50:45+00:00","description":"Radio Jingles, Sung Jingles, DJ Drops und Podcast Intros f\u00fcr kommerzielle, Community- und Internetradiosender. In Gro\u00dfbritannien ans\u00e4ssig. Preise ab \u00a3 5. Online bestellen.","breadcrumb":{"@id":"https:\/\/radiojingles24.com\/fr\/trying-to-discover-how-to-make-a-podcast-jingle\/#breadcrumb"},"inLanguage":"de","potentialAction":[{"@type":"ReadAction","target":["https:\/\/radiojingles24.com\/fr\/trying-to-discover-how-to-make-a-podcast-jingle\/"]}]},{"@type":"BreadcrumbList","@id":"https:\/\/radiojingles24.com\/fr\/trying-to-discover-how-to-make-a-podcast-jingle\/#breadcrumb","itemListElement":[{"@type":"ListItem","position":1,"name":"Home","item":"https:\/\/radiojingles24.com\/de\/"},{"@type":"ListItem","position":2,"name":"Trying to Discover How to Make a Podcast Jingle?"}]},{"@type":"WebSite","@id":"https:\/\/radiojingles24.com\/#website","url":"https:\/\/radiojingles24.com\/","name":"Radio Jingles 24: Radio Jingles | DJ Drops | Podcast Intros | Gesungene Jingles","description":"Radio Jingles, Sung Jingles, DJ Drops und Podcast Intros f\u00fcr kommerzielle, Community- und Internetradiosender. In Gro\u00dfbritannien ans\u00e4ssig. Preise ab \u00a3 5. Online bestellen.","publisher":{"@id":"https:\/\/radiojingles24.com\/#organization"},"potentialAction":[{"@type":"SearchAction","target":{"@type":"EntryPoint","urlTemplate":"https:\/\/radiojingles24.com\/?s={search_term_string}"},"query-input":{"@type":"PropertyValueSpecification","valueRequired":true,"valueName":"search_term_string"}}],"inLanguage":"de"},{"@type":"Organization","@id":"https:\/\/radiojingles24.com\/#organization","name":"Radio Jingles 24","url":"https:\/\/radiojingles24.com\/","logo":{"@type":"ImageObject","inLanguage":"de","@id":"https:\/\/radiojingles24.com\/#\/schema\/logo\/image\/","url":"https:\/\/radiojingles24.com\/wp-content\/uploads\/2019\/11\/RadioJingle1-1.jpg","contentUrl":"https:\/\/radiojingles24.com\/wp-content\/uploads\/2019\/11\/RadioJingle1-1.jpg","width":512,"height":158,"caption":"Radio Jingles 24"},"image":{"@id":"https:\/\/radiojingles24.com\/#\/schema\/logo\/image\/"},"sameAs":["https:\/\/www.facebook.com\/radiojingles24\/","https:\/\/x.com\/radiojingles24"]}]}},"jetpack_sharing_enabled":true,"_links":{"self":[{"href":"https:\/\/radiojingles24.com\/de\/wp-json\/wp\/v2\/pages\/89354","targetHints":{"allow":["GET"]}}],"collection":[{"href":"https:\/\/radiojingles24.com\/de\/wp-json\/wp\/v2\/pages"}],"about":[{"href":"https:\/\/radiojingles24.com\/de\/wp-json\/wp\/v2\/types\/page"}],"author":[{"embeddable":true,"href":"https:\/\/radiojingles24.com\/de\/wp-json\/wp\/v2\/users\/1"}],"replies":[{"embeddable":true,"href":"https:\/\/radiojingles24.com\/de\/wp-json\/wp\/v2\/comments?post=89354"}],"version-history":[{"count":1,"href":"https:\/\/radiojingles24.com\/de\/wp-json\/wp\/v2\/pages\/89354\/revisions"}],"predecessor-version":[{"id":89355,"href":"https:\/\/radiojingles24.com\/de\/wp-json\/wp\/v2\/pages\/89354\/revisions\/89355"}],"wp:attachment":[{"href":"https:\/\/radiojingles24.com\/de\/wp-json\/wp\/v2\/media?parent=89354"}],"curies":[{"name":"wp","href":"https:\/\/api.w.org\/{rel}","templated":true}]}}