{"id":89464,"date":"2021-04-14T10:47:50","date_gmt":"2021-04-14T10:47:50","guid":{"rendered":"https:\/\/radiojingles24.com\/?page_id=89464"},"modified":"2021-04-14T10:47:50","modified_gmt":"2021-04-14T10:47:50","slug":"want-to-hear-radio-voice-over-samples","status":"publish","type":"page","link":"https:\/\/radiojingles24.com\/de\/want-to-hear-radio-voice-over-samples\/","title":{"rendered":"M\u00f6chten Sie Radio Voice over Samples h\u00f6ren?"},"content":{"rendered":"<div id=\"fws_69f269ea1701b\"  data-midnight=\"dark\"  data-bg-mobile-hidden=\"\" class=\"wpb_row vc_row-fluid vc_row top-level standard_section\"  style=\"padding-top: 0px; padding-bottom: 0px; \"><div class=\"row-bg-wrap\" data-bg-animation=\"none\"><div class=\"inner-wrap\"><div class=\"row-bg\"  style=\"\"><\/div><\/div><div class=\"row-bg-overlay\" ><\/div><\/div><div class=\"col span_12 dark left\">\n\t<div  class=\"vc_col-sm-12 wpb_column column_container vc_column_container col no-extra-padding\"  data-t-w-inherits=\"default\" data-border-radius=\"none\" data-shadow=\"none\" data-border-animation=\"\" data-border-animation-delay=\"\" data-border-width=\"none\" data-border-style=\"solid\" data-border-color=\"\" data-bg-cover=\"\" data-padding-pos=\"all\" data-has-bg-color=\"false\" data-bg-color=\"\" data-bg-opacity=\"1\" data-hover-bg=\"\" data-hover-bg-opacity=\"1\" data-animation=\"\" data-delay=\"0\"><div class=\"column-bg-overlay\"><\/div>\n\t\t<div class=\"vc_column-inner\">\n\t\t\t<div class=\"wpb_wrapper\">\n\t\t\t\t\r\n\t<div class=\"wpb_text_column wpb_content_element\" >\r\n\t\t<div class=\"wpb_wrapper\">\r\n\t\t\t<p><span style=\"font-weight: 400;\">Suchen Sie nach Radio-Voice-Over-Samples? Dann sind Sie bei uns genau richtig. Willkommen zu <\/span><a href=\"https:\/\/radiojingles24.com\/de\/\"><span style=\"font-weight: 400;\">Radio Jingles 24<\/span><\/a><span style=\"font-weight: 400;\">. Wir sind ein unabh\u00e4ngiges Unternehmen, das erstklassige Radio-Jingles, DJ-Drops, kommerzielle Produktion und gesungene Jingles anbietet. Alle unsere Radio-Jingles werden schnell hergestellt, sind einfach zu bedienen und werden nach professionellem Standard aufgenommen. Wir k\u00f6nnen f\u00fcr alle unsere Kunden Radio-Voice-Over-Samples erstellen. Unsere L\u00f6sungen eignen sich f\u00fcr Community-, Werbe- und Internetradiosender sowie DJs.\u00a0<\/span><\/p>\n<h2>M\u00f6chten Sie Radio Voice over Samples h\u00f6ren?<\/h2>\n<p><span style=\"font-weight: 400;\">Wir haben mit einer Reihe namhafter Kunden zusammengearbeitet, darunter Tameside Radio, Corby Radio, Cash Converters und mehr. Unabh\u00e4ngig von Ihren Anforderungen oder Anforderungen an Radio-Voice-Over-Samples sind wir sicher, dass wir Audio-Profis haben, die eine L\u00f6sung liefern k\u00f6nnen, die Ihren Anforderungen entspricht. Wenn Sie sich wegen Radio-Voice-Over-Beispielen mit uns in Verbindung setzen m\u00f6chten, z\u00f6gern Sie bitte nicht, uns noch heute zu kontaktieren.\u00a0<\/span><\/p>\n<p><b>Wie kann Radio Jingles 24 Sie unterst\u00fctzen?<\/b><\/p>\n<p><span style=\"font-weight: 400;\">Wenn Sie zu Radio Jingles 24 kommen, dann gibt es eine gro\u00dfe Auswahl an <\/span><a href=\"https:\/\/radiojingles24.com\/de\/#voices\"><span style=\"font-weight: 400;\">Radio-Voice-Over-Beispiele<\/span><\/a><span style=\"font-weight: 400;\"> f\u00fcr Sie zur Auswahl. Es gibt eine Reihe von Optionen, einschlie\u00dflich der Frage, ob Sie es trocken oder vollst\u00e4ndig mit Musik und SFX produzieren m\u00f6chten. die L\u00e4nge des Audios; das Skript und mehr. Sobald Sie Ihr Voice-Over ausgew\u00e4hlt und Ihr Skript geschrieben haben, kann unser Team von Audio-Profis mit der Erstellung Ihres Radio-Voice-Over-Beispiels beginnen. Wir nehmen alle Voice-Overs in einem professionellen Studio auf, das eine bessere Klangqualit\u00e4t und Audio-Performance erm\u00f6glicht.\u00a0<\/span><\/p>\n<p><span style=\"font-weight: 400;\">Nach der Aufnahme bearbeiten, produzieren und beherrschen wir Ihren Jingle so, dass er den hohen Standards entspricht, die wir konsequent anstreben. In der Regel m\u00f6chten wir alle Radio-Voice-Over-Samples innerhalb eines Zeitraums von 24 Stunden liefern. In der Regel sind wir sogar noch schneller. Wir k\u00f6nnen ein Radio-Voice-Over-Beispiel in verschiedenen Dateiformaten senden, einschlie\u00dflich HQ Wave, MP3 oder AIFF. Alle Audiodaten, die wir produzieren, sind 100% lizenzgeb\u00fchrenfrei. Wir haben eine Reihe verschiedener Voice-Over- und S\u00e4nger-K\u00fcnstler, die alle \u00e4u\u00dferst gut in der Lage sind, hochwertige Radio-Voice-Overs zu produzieren.\u00a0<\/span><\/p>\n<p><span style=\"font-weight: 400;\">Sie k\u00f6nnen zwischen Frauen- und M\u00e4nnerstimmen w\u00e4hlen, sodass Sie flexibel entscheiden k\u00f6nnen, welcher Ton am besten zu Ihrem Sender und Publikum passt. Wir sind ein professionelles Team von Voice-Over-K\u00fcnstlern und haben uns den Ruf erarbeitet, einen erstklassigen Service zu bieten. Wir haben zahlreiche fantastische Testimonials und Bewertungen auf unserer Website. Wenn Sie wissen m\u00f6chten, was wir sonst noch zu bieten haben, besuchen Sie noch heute unsere Website.<\/span><\/p>\n<p><b>M\u00f6chten Sie mit uns Kontakt aufnehmen?<\/b><\/p>\n<p><span style=\"font-weight: 400;\">Wenn Sie uns bez\u00fcglich unserer Radio-Voice-Over-Samples kontaktieren m\u00f6chten, z\u00f6gern Sie bitte nicht, uns zu kontaktieren. Sie k\u00f6nnen uns entweder unter +44 (0) 113 5346686 (UK) oder +1 (212) 710-1350 (USA) anrufen, um mit einem Mitglied unseres Teams zu sprechen. Wenn Sie uns eine E-Mail senden m\u00f6chten, schreiben Sie uns bitte an <\/span><a href=\"mailto:info@radiojingles24.com\"><span style=\"font-weight: 400;\">info@radiojingles24.com<\/span><\/a><span style=\"font-weight: 400;\"> und wir werden so schnell wie m\u00f6glich antworten. Wir hoffen bald von dir zu h\u00f6ren.\u00a0<\/span><\/p>\n\r\n\t\t<\/div>\r\n\t<\/div>\r\n\n\t\t\t<\/div> \n\t\t<\/div>\n\t<\/div> \n<\/div><\/div>","protected":false},"excerpt":{"rendered":"Are you searching for radio voice over samples? Well then you've come to the right place. Welcome to Radio Jingles 24. We are an independent business providing first class radio...","protected":false},"author":1,"featured_media":0,"parent":0,"menu_order":0,"comment_status":"closed","ping_status":"closed","template":"","meta":{"_exactmetrics_skip_tracking":false,"_exactmetrics_sitenote_active":false,"_exactmetrics_sitenote_note":"","_exactmetrics_sitenote_category":0,"footnotes":""},"class_list":["post-89464","page","type-page","status-publish"],"yoast_head":"<!-- This site is optimized with the Yoast SEO plugin v26.8 - https:\/\/yoast.com\/product\/yoast-seo-wordpress\/ -->\n<title>Radio Jingles 24: Radio Jingles | DJ Drops | Podcast Intros | Sung Jingles<\/title>\n<meta name=\"description\" content=\"Radio Jingles, Sung Jingles, DJ Drops, and Podcast Intros for commercial, community and internet radio stations. UK Based. Prices from \u00a35. Order online.\" \/>\n<meta name=\"robots\" content=\"index, follow, max-snippet:-1, max-image-preview:large, max-video-preview:-1\" \/>\n<link rel=\"canonical\" href=\"https:\/\/radiojingles24.com\/de\/want-to-hear-radio-voice-over-samples\/\" \/>\n<meta property=\"og:locale\" content=\"de_DE\" \/>\n<meta property=\"og:type\" content=\"article\" \/>\n<meta property=\"og:title\" content=\"Radio Jingles 24: Radio Jingles | DJ Drops | Podcast Intros | Sung Jingles\" \/>\n<meta property=\"og:description\" content=\"Radio Jingles, Sung Jingles, DJ Drops, and Podcast Intros for commercial, community and internet radio stations. UK Based. Prices from \u00a35. Order online.\" \/>\n<meta property=\"og:url\" content=\"https:\/\/radiojingles24.com\/de\/want-to-hear-radio-voice-over-samples\/\" \/>\n<meta property=\"og:site_name\" content=\"Radio Jingles 24: Radio Jingles | DJ Drops | Podcast Intros | Sung Jingles\" \/>\n<meta property=\"article:publisher\" content=\"https:\/\/www.facebook.com\/radiojingles24\/\" \/>\n<meta name=\"twitter:card\" content=\"summary_large_image\" \/>\n<meta name=\"twitter:site\" content=\"@radiojingles24\" \/>\n<meta name=\"twitter:label1\" content=\"Gesch\u00e4tzte Lesezeit\" \/>\n\t<meta name=\"twitter:data1\" content=\"3\u00a0Minuten\" \/>\n<script type=\"application\/ld+json\" class=\"yoast-schema-graph\">{\"@context\":\"https:\/\/schema.org\",\"@graph\":[{\"@type\":\"WebPage\",\"@id\":\"https:\/\/radiojingles24.com\/es\/want-to-hear-radio-voice-over-samples\/\",\"url\":\"https:\/\/radiojingles24.com\/es\/want-to-hear-radio-voice-over-samples\/\",\"name\":\"Radio Jingles 24: Radio Jingles | DJ Drops | Podcast Intros | Sung Jingles\",\"isPartOf\":{\"@id\":\"https:\/\/radiojingles24.com\/#website\"},\"datePublished\":\"2021-04-14T10:47:50+00:00\",\"description\":\"Radio Jingles, Sung Jingles, DJ Drops, and Podcast Intros for commercial, community and internet radio stations. UK Based. Prices from \u00a35. Order online.\",\"breadcrumb\":{\"@id\":\"https:\/\/radiojingles24.com\/es\/want-to-hear-radio-voice-over-samples\/#breadcrumb\"},\"inLanguage\":\"de\",\"potentialAction\":[{\"@type\":\"ReadAction\",\"target\":[\"https:\/\/radiojingles24.com\/es\/want-to-hear-radio-voice-over-samples\/\"]}]},{\"@type\":\"BreadcrumbList\",\"@id\":\"https:\/\/radiojingles24.com\/es\/want-to-hear-radio-voice-over-samples\/#breadcrumb\",\"itemListElement\":[{\"@type\":\"ListItem\",\"position\":1,\"name\":\"Home\",\"item\":\"https:\/\/radiojingles24.com\/de\/\"},{\"@type\":\"ListItem\",\"position\":2,\"name\":\"Want to Hear Radio Voice over Samples?\"}]},{\"@type\":\"WebSite\",\"@id\":\"https:\/\/radiojingles24.com\/#website\",\"url\":\"https:\/\/radiojingles24.com\/\",\"name\":\"Radio Jingles 24: Radio Jingles | DJ Drops | Podcast Intros | Sung Jingles\",\"description\":\"Radio Jingles, Sung Jingles, DJ Drops, and Podcast Intros for commercial, community and internet radio stations. UK Based. Prices from \u00a35. Order online.\",\"publisher\":{\"@id\":\"https:\/\/radiojingles24.com\/#organization\"},\"potentialAction\":[{\"@type\":\"SearchAction\",\"target\":{\"@type\":\"EntryPoint\",\"urlTemplate\":\"https:\/\/radiojingles24.com\/?s={search_term_string}\"},\"query-input\":{\"@type\":\"PropertyValueSpecification\",\"valueRequired\":true,\"valueName\":\"search_term_string\"}}],\"inLanguage\":\"de\"},{\"@type\":\"Organization\",\"@id\":\"https:\/\/radiojingles24.com\/#organization\",\"name\":\"Radio Jingles 24\",\"url\":\"https:\/\/radiojingles24.com\/\",\"logo\":{\"@type\":\"ImageObject\",\"inLanguage\":\"de\",\"@id\":\"https:\/\/radiojingles24.com\/#\/schema\/logo\/image\/\",\"url\":\"https:\/\/radiojingles24.com\/wp-content\/uploads\/2019\/11\/RadioJingle1-1.jpg\",\"contentUrl\":\"https:\/\/radiojingles24.com\/wp-content\/uploads\/2019\/11\/RadioJingle1-1.jpg\",\"width\":512,\"height\":158,\"caption\":\"Radio Jingles 24\"},\"image\":{\"@id\":\"https:\/\/radiojingles24.com\/#\/schema\/logo\/image\/\"},\"sameAs\":[\"https:\/\/www.facebook.com\/radiojingles24\/\",\"https:\/\/x.com\/radiojingles24\"]}]}<\/script>\n<!-- \/ Yoast SEO plugin. -->","yoast_head_json":{"title":"Radio Jingles 24: Radio Jingles | DJ Drops | Podcast Intros | Gesungene Jingles","description":"Radio Jingles, Sung Jingles, DJ Drops und Podcast Intros f\u00fcr kommerzielle, Community- und Internetradiosender. In Gro\u00dfbritannien ans\u00e4ssig. Preise ab \u00a3 5. Online bestellen.","robots":{"index":"index","follow":"follow","max-snippet":"max-snippet:-1","max-image-preview":"max-image-preview:large","max-video-preview":"max-video-preview:-1"},"canonical":"https:\/\/radiojingles24.com\/de\/want-to-hear-radio-voice-over-samples\/","og_locale":"de_DE","og_type":"article","og_title":"Radio Jingles 24: Radio Jingles | DJ Drops | Podcast Intros | Sung Jingles","og_description":"Radio Jingles, Sung Jingles, DJ Drops, and Podcast Intros for commercial, community and internet radio stations. UK Based. Prices from \u00a35. Order online.","og_url":"https:\/\/radiojingles24.com\/de\/want-to-hear-radio-voice-over-samples\/","og_site_name":"Radio Jingles 24: Radio Jingles | DJ Drops | Podcast Intros | Sung Jingles","article_publisher":"https:\/\/www.facebook.com\/radiojingles24\/","twitter_card":"summary_large_image","twitter_site":"@radiojingles24","twitter_misc":{"Gesch\u00e4tzte Lesezeit":"3\u00a0Minuten"},"schema":{"@context":"https:\/\/schema.org","@graph":[{"@type":"WebPage","@id":"https:\/\/radiojingles24.com\/es\/want-to-hear-radio-voice-over-samples\/","url":"https:\/\/radiojingles24.com\/es\/want-to-hear-radio-voice-over-samples\/","name":"Radio Jingles 24: Radio Jingles | DJ Drops | Podcast Intros | Gesungene Jingles","isPartOf":{"@id":"https:\/\/radiojingles24.com\/#website"},"datePublished":"2021-04-14T10:47:50+00:00","description":"Radio Jingles, Sung Jingles, DJ Drops und Podcast Intros f\u00fcr kommerzielle, Community- und Internetradiosender. In Gro\u00dfbritannien ans\u00e4ssig. Preise ab \u00a3 5. Online bestellen.","breadcrumb":{"@id":"https:\/\/radiojingles24.com\/es\/want-to-hear-radio-voice-over-samples\/#breadcrumb"},"inLanguage":"de","potentialAction":[{"@type":"ReadAction","target":["https:\/\/radiojingles24.com\/es\/want-to-hear-radio-voice-over-samples\/"]}]},{"@type":"BreadcrumbList","@id":"https:\/\/radiojingles24.com\/es\/want-to-hear-radio-voice-over-samples\/#breadcrumb","itemListElement":[{"@type":"ListItem","position":1,"name":"Home","item":"https:\/\/radiojingles24.com\/de\/"},{"@type":"ListItem","position":2,"name":"Want to Hear Radio Voice over Samples?"}]},{"@type":"WebSite","@id":"https:\/\/radiojingles24.com\/#website","url":"https:\/\/radiojingles24.com\/","name":"Radio Jingles 24: Radio Jingles | DJ Drops | Podcast Intros | Gesungene Jingles","description":"Radio Jingles, Sung Jingles, DJ Drops und Podcast Intros f\u00fcr kommerzielle, Community- und Internetradiosender. In Gro\u00dfbritannien ans\u00e4ssig. Preise ab \u00a3 5. Online bestellen.","publisher":{"@id":"https:\/\/radiojingles24.com\/#organization"},"potentialAction":[{"@type":"SearchAction","target":{"@type":"EntryPoint","urlTemplate":"https:\/\/radiojingles24.com\/?s={search_term_string}"},"query-input":{"@type":"PropertyValueSpecification","valueRequired":true,"valueName":"search_term_string"}}],"inLanguage":"de"},{"@type":"Organization","@id":"https:\/\/radiojingles24.com\/#organization","name":"Radio Jingles 24","url":"https:\/\/radiojingles24.com\/","logo":{"@type":"ImageObject","inLanguage":"de","@id":"https:\/\/radiojingles24.com\/#\/schema\/logo\/image\/","url":"https:\/\/radiojingles24.com\/wp-content\/uploads\/2019\/11\/RadioJingle1-1.jpg","contentUrl":"https:\/\/radiojingles24.com\/wp-content\/uploads\/2019\/11\/RadioJingle1-1.jpg","width":512,"height":158,"caption":"Radio Jingles 24"},"image":{"@id":"https:\/\/radiojingles24.com\/#\/schema\/logo\/image\/"},"sameAs":["https:\/\/www.facebook.com\/radiojingles24\/","https:\/\/x.com\/radiojingles24"]}]}},"jetpack_sharing_enabled":true,"_links":{"self":[{"href":"https:\/\/radiojingles24.com\/de\/wp-json\/wp\/v2\/pages\/89464","targetHints":{"allow":["GET"]}}],"collection":[{"href":"https:\/\/radiojingles24.com\/de\/wp-json\/wp\/v2\/pages"}],"about":[{"href":"https:\/\/radiojingles24.com\/de\/wp-json\/wp\/v2\/types\/page"}],"author":[{"embeddable":true,"href":"https:\/\/radiojingles24.com\/de\/wp-json\/wp\/v2\/users\/1"}],"replies":[{"embeddable":true,"href":"https:\/\/radiojingles24.com\/de\/wp-json\/wp\/v2\/comments?post=89464"}],"version-history":[{"count":1,"href":"https:\/\/radiojingles24.com\/de\/wp-json\/wp\/v2\/pages\/89464\/revisions"}],"predecessor-version":[{"id":89465,"href":"https:\/\/radiojingles24.com\/de\/wp-json\/wp\/v2\/pages\/89464\/revisions\/89465"}],"wp:attachment":[{"href":"https:\/\/radiojingles24.com\/de\/wp-json\/wp\/v2\/media?parent=89464"}],"curies":[{"name":"wp","href":"https:\/\/api.w.org\/{rel}","templated":true}]}}