{"id":90767,"date":"2021-07-27T11:56:55","date_gmt":"2021-07-27T11:56:55","guid":{"rendered":"https:\/\/radiojingles24.com\/?page_id=90767"},"modified":"2021-07-27T11:56:55","modified_gmt":"2021-07-27T11:56:55","slug":"want-to-create-podcast-jingle-music","status":"publish","type":"page","link":"https:\/\/radiojingles24.com\/de\/want-to-create-podcast-jingle-music\/","title":{"rendered":"M\u00f6chten Sie Podcast-Jingle-Musik erstellen?"},"content":{"rendered":"<div id=\"fws_69df08366e287\"  data-midnight=\"dark\"  data-bg-mobile-hidden=\"\" class=\"wpb_row vc_row-fluid vc_row top-level standard_section\"  style=\"padding-top: 0px; padding-bottom: 0px; \"><div class=\"row-bg-wrap\" data-bg-animation=\"none\"><div class=\"inner-wrap\"><div class=\"row-bg\"  style=\"\"><\/div><\/div><div class=\"row-bg-overlay\" ><\/div><\/div><div class=\"col span_12 dark left\">\n\t<div  class=\"vc_col-sm-12 wpb_column column_container vc_column_container col no-extra-padding\"  data-t-w-inherits=\"default\" data-border-radius=\"none\" data-shadow=\"none\" data-border-animation=\"\" data-border-animation-delay=\"\" data-border-width=\"none\" data-border-style=\"solid\" data-border-color=\"\" data-bg-cover=\"\" data-padding-pos=\"all\" data-has-bg-color=\"false\" data-bg-color=\"\" data-bg-opacity=\"1\" data-hover-bg=\"\" data-hover-bg-opacity=\"1\" data-animation=\"\" data-delay=\"0\"><div class=\"column-bg-overlay\"><\/div>\n\t\t<div class=\"vc_column-inner\">\n\t\t\t<div class=\"wpb_wrapper\">\n\t\t\t\t\r\n\t<div class=\"wpb_text_column wpb_content_element\" >\r\n\t\t<div class=\"wpb_wrapper\">\r\n\t\t\t<p><span style=\"font-weight: 400;\">Veranstalten Sie eine w\u00f6chentliche Podcast-Show? H\u00e4tten Sie Interesse an Ihrer eigenen Podcast-Jingle-Musik? Dann sind Sie bei uns genau richtig. Willkommen zu <\/span><a href=\"https:\/\/radiojingles24.com\/de\/\"><span style=\"font-weight: 400;\">Radio Jingles 24<\/span><\/a><span style=\"font-weight: 400;\">. Wir produzieren erstklassigen Sound f\u00fcr Ihren Podcast. Unser Team ist darauf spezialisiert, schnelle, einfache und professionelle Podcast-Jingles, Radio-Jingles, gesungene Jingles, DJ-Drops und kommerzielle Produktionen zu produzieren.\u00a0<\/span><\/p>\n<p><span style=\"font-weight: 400;\">Unser Service ist schnell und effizient \u2013 unser Ziel ist es, dass alle unsere Podcast-Jingle-Musik innerhalb von 24 Stunden geliefert werden. Wir haben im Laufe der Jahre mit einer Vielzahl von Kunden zusammengearbeitet, von Podcasts und Radiosendungen bis hin zu DJs und Sendern, sodass Ihre Podcast-Jingle-Musik in \u00e4u\u00dferst sicheren H\u00e4nden ist. Wenn Sie einen Podcast-Jingle produzieren lassen m\u00f6chten, kontaktieren Sie uns noch heute, um mehr zu erfahren.\u00a0<\/span><\/p>\n<h2>Podcast-Jingle-Musik<\/h2>\n<p><span style=\"font-weight: 400;\">Hier bei Radio Jingles 24 k\u00f6nnen wir Ihnen professionelle Qualit\u00e4t bieten <\/span><a href=\"https:\/\/radiojingles24.com\/de\/produkt\/intro-outro-podcast-pack\/\"><span style=\"font-weight: 400;\">Podcast-Jingle-Musik<\/span><\/a><span style=\"font-weight: 400;\"> die Ihren Bed\u00fcrfnissen und Anforderungen entspricht. Wir bieten ein Intro- und Outro-Podcast-Paket an, das ein 30-Sekunden-Intro und ein 30-Sekunden-Outro f\u00fcr Ihre Podcast-Show oder Episode enth\u00e4lt. Im Rahmen dieses Pakets wird der Jingle von einem professionellen, erfahrenen Synchronsprecher Ihrer Wahl gesprochen. Dar\u00fcber hinaus werden sowohl das Intro als auch das Outro vertont und komplett mit SFX, Musik und Vocal FX produziert.\u00a0<\/span><\/p>\n<p>&nbsp;<\/p>\n<p><span style=\"font-weight: 400;\">Wir sorgen daf\u00fcr, dass Sie einen eing\u00e4ngigen, hochwertigen Jingle erhalten, der sich von der Masse abhebt und die Zuh\u00f6rer in Ihren Podcast zieht. Wenn Sie sich f\u00fcr dieses Podcast-Jingle-Musikpaket entscheiden, erhalten Sie insgesamt 4 Audiodateien, da wir auch die Trockenkopien des Intros und Outros beilegen. Normalerweise versprechen wir, alle Audiodaten innerhalb eines maximalen Zeitrahmens von 24 Stunden zu liefern, und normalerweise senden wir die Audiodaten innerhalb weniger Stunden.\u00a0<\/span><\/p>\n<p>&nbsp;<\/p>\n<p><span style=\"font-weight: 400;\">Wenn Sie Ihre Podcast-Jingle-Musik noch schneller pers\u00f6nlich erhalten m\u00f6chten, dann teilen Sie uns dies bitte unter der Rufnummer 0113 534 6686 mit, wir k\u00fcmmern uns darum. Was auch immer Sie \u00fcber Ihre Podcast-Jingle-Musik diskutieren m\u00f6chten, kontaktieren Sie uns, um die verschiedenen M\u00f6glichkeiten mit unserem Team zu erkunden.\u00a0<\/span><\/p>\n<p>&nbsp;<\/p>\n<p><b>Haben Sie ein Podcast-Projekt im Sinn?<\/b><\/p>\n<p>&nbsp;<\/p>\n<p><span style=\"font-weight: 400;\">Wenn Sie einen neuen Podcast aufnehmen und Ihre eigene, pers\u00f6nliche Podcast-Jingle-Musik erhalten m\u00f6chten, dann setzen Sie sich noch heute mit Radio Jingles 24 in Verbindung, um mehr zu erfahren. Bitte z\u00f6gern Sie nicht free <\/span><a href=\"https:\/\/radiojingles24.com\/de\/contact-us\/\"><span style=\"font-weight: 400;\">Hinterlassen Sie uns Ihre Kontaktdaten<\/span><\/a><span style=\"font-weight: 400;\"> und eine Nachricht \u00fcber das Online-Formular, das auf der Kontaktseite unserer Website angezeigt wird, und eines unserer freundlichen Teammitglieder wird sich mit Ihnen in Verbindung setzen.\u00a0<\/span><\/p>\n<p><span style=\"font-weight: 400;\">Wenn Sie uns stattdessen lieber eine E-Mail senden m\u00f6chten, schreiben Sie uns bitte an: <\/span><a href=\"mailto:info@radiojingles24.com\"><span style=\"font-weight: 400;\">info@radiojingles24.com<\/span><\/a><span style=\"font-weight: 400;\"> und wir werden uns so schnell wie m\u00f6glich mit einer Antwort bei Ihnen melden. Alternativ k\u00f6nnen Sie uns auch gerne anrufen unter +44 0113 5346686 in Gro\u00dfbritannien oder +1 (212) 710-1350 aus den USA. Wir stehen Ihnen f\u00fcr alle Fragen zur Verf\u00fcgung und geben Ihnen alle n\u00f6tigen Informationen. Wir freuen uns, bald von Ihnen zu h\u00f6ren.\u00a0<\/span><\/p>\n\r\n\t\t<\/div>\r\n\t<\/div>\r\n\n\t\t\t<\/div> \n\t\t<\/div>\n\t<\/div> \n<\/div><\/div>","protected":false},"excerpt":{"rendered":"Veranstalten Sie eine w\u00f6chentliche Podcast-Show? H\u00e4tten Sie Interesse an Ihrer ganz eigenen Podcast-Jingle-Musik? Dann sind Sie bei uns genau richtig. Willkommen bei Radio...","protected":false},"author":1,"featured_media":0,"parent":0,"menu_order":0,"comment_status":"closed","ping_status":"closed","template":"","meta":{"_exactmetrics_skip_tracking":false,"_exactmetrics_sitenote_active":false,"_exactmetrics_sitenote_note":"","_exactmetrics_sitenote_category":0,"footnotes":""},"class_list":["post-90767","page","type-page","status-publish"],"yoast_head":"<!-- This site is optimized with the Yoast SEO plugin v26.8 - https:\/\/yoast.com\/product\/yoast-seo-wordpress\/ -->\n<title>Radio Jingles 24: Radio Jingles | DJ Drops | Podcast Intros | Sung Jingles<\/title>\n<meta name=\"description\" content=\"Radio Jingles, Sung Jingles, DJ Drops, and Podcast Intros for commercial, community and internet radio stations. UK Based. Prices from \u00a35. Order online.\" \/>\n<meta name=\"robots\" content=\"index, follow, max-snippet:-1, max-image-preview:large, max-video-preview:-1\" \/>\n<link rel=\"canonical\" href=\"https:\/\/radiojingles24.com\/de\/want-to-create-podcast-jingle-music\/\" \/>\n<meta property=\"og:locale\" content=\"de_DE\" \/>\n<meta property=\"og:type\" content=\"article\" \/>\n<meta property=\"og:title\" content=\"Radio Jingles 24: Radio Jingles | DJ Drops | Podcast Intros | Sung Jingles\" \/>\n<meta property=\"og:description\" content=\"Radio Jingles, Sung Jingles, DJ Drops, and Podcast Intros for commercial, community and internet radio stations. UK Based. Prices from \u00a35. Order online.\" \/>\n<meta property=\"og:url\" content=\"https:\/\/radiojingles24.com\/de\/want-to-create-podcast-jingle-music\/\" \/>\n<meta property=\"og:site_name\" content=\"Radio Jingles 24: Radio Jingles | DJ Drops | Podcast Intros | Sung Jingles\" \/>\n<meta property=\"article:publisher\" content=\"https:\/\/www.facebook.com\/radiojingles24\/\" \/>\n<meta name=\"twitter:card\" content=\"summary_large_image\" \/>\n<meta name=\"twitter:site\" content=\"@radiojingles24\" \/>\n<meta name=\"twitter:label1\" content=\"Gesch\u00e4tzte Lesezeit\" \/>\n\t<meta name=\"twitter:data1\" content=\"3\u00a0Minuten\" \/>\n<script type=\"application\/ld+json\" class=\"yoast-schema-graph\">{\"@context\":\"https:\/\/schema.org\",\"@graph\":[{\"@type\":\"WebPage\",\"@id\":\"https:\/\/radiojingles24.com\/want-to-create-podcast-jingle-music\/\",\"url\":\"https:\/\/radiojingles24.com\/want-to-create-podcast-jingle-music\/\",\"name\":\"Radio Jingles 24: Radio Jingles | DJ Drops | Podcast Intros | Sung Jingles\",\"isPartOf\":{\"@id\":\"https:\/\/radiojingles24.com\/#website\"},\"datePublished\":\"2021-07-27T11:56:55+00:00\",\"description\":\"Radio Jingles, Sung Jingles, DJ Drops, and Podcast Intros for commercial, community and internet radio stations. UK Based. Prices from \u00a35. Order online.\",\"breadcrumb\":{\"@id\":\"https:\/\/radiojingles24.com\/want-to-create-podcast-jingle-music\/#breadcrumb\"},\"inLanguage\":\"de\",\"potentialAction\":[{\"@type\":\"ReadAction\",\"target\":[\"https:\/\/radiojingles24.com\/want-to-create-podcast-jingle-music\/\"]}]},{\"@type\":\"BreadcrumbList\",\"@id\":\"https:\/\/radiojingles24.com\/want-to-create-podcast-jingle-music\/#breadcrumb\",\"itemListElement\":[{\"@type\":\"ListItem\",\"position\":1,\"name\":\"Home\",\"item\":\"https:\/\/radiojingles24.com\/de\/\"},{\"@type\":\"ListItem\",\"position\":2,\"name\":\"Want to Create Podcast Jingle Music?\"}]},{\"@type\":\"WebSite\",\"@id\":\"https:\/\/radiojingles24.com\/#website\",\"url\":\"https:\/\/radiojingles24.com\/\",\"name\":\"Radio Jingles 24: Radio Jingles | DJ Drops | Podcast Intros | Sung Jingles\",\"description\":\"Radio Jingles, Sung Jingles, DJ Drops, and Podcast Intros for commercial, community and internet radio stations. UK Based. Prices from \u00a35. Order online.\",\"publisher\":{\"@id\":\"https:\/\/radiojingles24.com\/#organization\"},\"potentialAction\":[{\"@type\":\"SearchAction\",\"target\":{\"@type\":\"EntryPoint\",\"urlTemplate\":\"https:\/\/radiojingles24.com\/?s={search_term_string}\"},\"query-input\":{\"@type\":\"PropertyValueSpecification\",\"valueRequired\":true,\"valueName\":\"search_term_string\"}}],\"inLanguage\":\"de\"},{\"@type\":\"Organization\",\"@id\":\"https:\/\/radiojingles24.com\/#organization\",\"name\":\"Radio Jingles 24\",\"url\":\"https:\/\/radiojingles24.com\/\",\"logo\":{\"@type\":\"ImageObject\",\"inLanguage\":\"de\",\"@id\":\"https:\/\/radiojingles24.com\/#\/schema\/logo\/image\/\",\"url\":\"https:\/\/radiojingles24.com\/wp-content\/uploads\/2019\/11\/RadioJingle1-1.jpg\",\"contentUrl\":\"https:\/\/radiojingles24.com\/wp-content\/uploads\/2019\/11\/RadioJingle1-1.jpg\",\"width\":512,\"height\":158,\"caption\":\"Radio Jingles 24\"},\"image\":{\"@id\":\"https:\/\/radiojingles24.com\/#\/schema\/logo\/image\/\"},\"sameAs\":[\"https:\/\/www.facebook.com\/radiojingles24\/\",\"https:\/\/x.com\/radiojingles24\"]}]}<\/script>\n<!-- \/ Yoast SEO plugin. -->","yoast_head_json":{"title":"Radio Jingles 24: Radio Jingles | DJ Drops | Podcast Intros | Gesungene Jingles","description":"Radio Jingles, Sung Jingles, DJ Drops und Podcast Intros f\u00fcr kommerzielle, Community- und Internetradiosender. In Gro\u00dfbritannien ans\u00e4ssig. Preise ab \u00a3 5. Online bestellen.","robots":{"index":"index","follow":"follow","max-snippet":"max-snippet:-1","max-image-preview":"max-image-preview:large","max-video-preview":"max-video-preview:-1"},"canonical":"https:\/\/radiojingles24.com\/de\/want-to-create-podcast-jingle-music\/","og_locale":"de_DE","og_type":"article","og_title":"Radio Jingles 24: Radio Jingles | DJ Drops | Podcast Intros | Sung Jingles","og_description":"Radio Jingles, Sung Jingles, DJ Drops, and Podcast Intros for commercial, community and internet radio stations. UK Based. Prices from \u00a35. Order online.","og_url":"https:\/\/radiojingles24.com\/de\/want-to-create-podcast-jingle-music\/","og_site_name":"Radio Jingles 24: Radio Jingles | DJ Drops | Podcast Intros | Sung Jingles","article_publisher":"https:\/\/www.facebook.com\/radiojingles24\/","twitter_card":"summary_large_image","twitter_site":"@radiojingles24","twitter_misc":{"Gesch\u00e4tzte Lesezeit":"3\u00a0Minuten"},"schema":{"@context":"https:\/\/schema.org","@graph":[{"@type":"WebPage","@id":"https:\/\/radiojingles24.com\/want-to-create-podcast-jingle-music\/","url":"https:\/\/radiojingles24.com\/want-to-create-podcast-jingle-music\/","name":"Radio Jingles 24: Radio Jingles | DJ Drops | Podcast Intros | Gesungene Jingles","isPartOf":{"@id":"https:\/\/radiojingles24.com\/#website"},"datePublished":"2021-07-27T11:56:55+00:00","description":"Radio Jingles, Sung Jingles, DJ Drops und Podcast Intros f\u00fcr kommerzielle, Community- und Internetradiosender. In Gro\u00dfbritannien ans\u00e4ssig. Preise ab \u00a3 5. Online bestellen.","breadcrumb":{"@id":"https:\/\/radiojingles24.com\/want-to-create-podcast-jingle-music\/#breadcrumb"},"inLanguage":"de","potentialAction":[{"@type":"ReadAction","target":["https:\/\/radiojingles24.com\/want-to-create-podcast-jingle-music\/"]}]},{"@type":"BreadcrumbList","@id":"https:\/\/radiojingles24.com\/want-to-create-podcast-jingle-music\/#breadcrumb","itemListElement":[{"@type":"ListItem","position":1,"name":"Home","item":"https:\/\/radiojingles24.com\/de\/"},{"@type":"ListItem","position":2,"name":"Want to Create Podcast Jingle Music?"}]},{"@type":"WebSite","@id":"https:\/\/radiojingles24.com\/#website","url":"https:\/\/radiojingles24.com\/","name":"Radio Jingles 24: Radio Jingles | DJ Drops | Podcast Intros | Gesungene Jingles","description":"Radio Jingles, Sung Jingles, DJ Drops und Podcast Intros f\u00fcr kommerzielle, Community- und Internetradiosender. In Gro\u00dfbritannien ans\u00e4ssig. Preise ab \u00a3 5. Online bestellen.","publisher":{"@id":"https:\/\/radiojingles24.com\/#organization"},"potentialAction":[{"@type":"SearchAction","target":{"@type":"EntryPoint","urlTemplate":"https:\/\/radiojingles24.com\/?s={search_term_string}"},"query-input":{"@type":"PropertyValueSpecification","valueRequired":true,"valueName":"search_term_string"}}],"inLanguage":"de"},{"@type":"Organization","@id":"https:\/\/radiojingles24.com\/#organization","name":"Radio Jingles 24","url":"https:\/\/radiojingles24.com\/","logo":{"@type":"ImageObject","inLanguage":"de","@id":"https:\/\/radiojingles24.com\/#\/schema\/logo\/image\/","url":"https:\/\/radiojingles24.com\/wp-content\/uploads\/2019\/11\/RadioJingle1-1.jpg","contentUrl":"https:\/\/radiojingles24.com\/wp-content\/uploads\/2019\/11\/RadioJingle1-1.jpg","width":512,"height":158,"caption":"Radio Jingles 24"},"image":{"@id":"https:\/\/radiojingles24.com\/#\/schema\/logo\/image\/"},"sameAs":["https:\/\/www.facebook.com\/radiojingles24\/","https:\/\/x.com\/radiojingles24"]}]}},"jetpack_sharing_enabled":true,"_links":{"self":[{"href":"https:\/\/radiojingles24.com\/de\/wp-json\/wp\/v2\/pages\/90767","targetHints":{"allow":["GET"]}}],"collection":[{"href":"https:\/\/radiojingles24.com\/de\/wp-json\/wp\/v2\/pages"}],"about":[{"href":"https:\/\/radiojingles24.com\/de\/wp-json\/wp\/v2\/types\/page"}],"author":[{"embeddable":true,"href":"https:\/\/radiojingles24.com\/de\/wp-json\/wp\/v2\/users\/1"}],"replies":[{"embeddable":true,"href":"https:\/\/radiojingles24.com\/de\/wp-json\/wp\/v2\/comments?post=90767"}],"version-history":[{"count":1,"href":"https:\/\/radiojingles24.com\/de\/wp-json\/wp\/v2\/pages\/90767\/revisions"}],"predecessor-version":[{"id":90769,"href":"https:\/\/radiojingles24.com\/de\/wp-json\/wp\/v2\/pages\/90767\/revisions\/90769"}],"wp:attachment":[{"href":"https:\/\/radiojingles24.com\/de\/wp-json\/wp\/v2\/media?parent=90767"}],"curies":[{"name":"wp","href":"https:\/\/api.w.org\/{rel}","templated":true}]}}