{"id":90768,"date":"2021-07-27T11:57:56","date_gmt":"2021-07-27T11:57:56","guid":{"rendered":"https:\/\/radiojingles24.com\/?page_id=90768"},"modified":"2021-07-27T11:57:56","modified_gmt":"2021-07-27T11:57:56","slug":"would-you-like-to-create-a-jingle-for-your-business","status":"publish","type":"page","link":"https:\/\/radiojingles24.com\/de\/would-you-like-to-create-a-jingle-for-your-business\/","title":{"rendered":"M\u00f6chten Sie einen Jingle f\u00fcr Ihr Unternehmen erstellen?"},"content":{"rendered":"<div id=\"fws_69f2d3734ec6a\"  data-midnight=\"dark\"  data-bg-mobile-hidden=\"\" class=\"wpb_row vc_row-fluid vc_row top-level standard_section\"  style=\"padding-top: 0px; padding-bottom: 0px; \"><div class=\"row-bg-wrap\" data-bg-animation=\"none\"><div class=\"inner-wrap\"><div class=\"row-bg\"  style=\"\"><\/div><\/div><div class=\"row-bg-overlay\" ><\/div><\/div><div class=\"col span_12 dark left\">\n\t<div  class=\"vc_col-sm-12 wpb_column column_container vc_column_container col no-extra-padding\"  data-t-w-inherits=\"default\" data-border-radius=\"none\" data-shadow=\"none\" data-border-animation=\"\" data-border-animation-delay=\"\" data-border-width=\"none\" data-border-style=\"solid\" data-border-color=\"\" data-bg-cover=\"\" data-padding-pos=\"all\" data-has-bg-color=\"false\" data-bg-color=\"\" data-bg-opacity=\"1\" data-hover-bg=\"\" data-hover-bg-opacity=\"1\" data-animation=\"\" data-delay=\"0\"><div class=\"column-bg-overlay\"><\/div>\n\t\t<div class=\"vc_column-inner\">\n\t\t\t<div class=\"wpb_wrapper\">\n\t\t\t\t\r\n\t<div class=\"wpb_text_column wpb_content_element\" >\r\n\t\t<div class=\"wpb_wrapper\">\r\n\t\t\t<p><span style=\"font-weight: 400;\">Suchen Sie ein erstklassiges Unternehmen, das einen Jingle f\u00fcr Ihr Unternehmen erstellen kann? Wenn dies der Fall ist, dann <\/span><a href=\"https:\/\/radiojingles24.com\/de\/\"><span style=\"font-weight: 400;\">Radio Jingles 24<\/span><\/a><span style=\"font-weight: 400;\"> ist das Unternehmen, das Sie suchen. Wir sind Spezialisten in der Produktion hochwertiger, professioneller Radio- und Podcast-Jingles, DJ-Drops, kommerzieller Produktionen und gesungener Jingles. Unsere Jingles sind ideal f\u00fcr alle Arten von Kunden, von kommerziellen Unternehmen und Organisationen bis hin zu Community- und Internet-basierten Radiosendern oder DJs.\u00a0<\/span><\/p>\n<p><span style=\"font-weight: 400;\">Im Laufe unserer langj\u00e4hrigen T\u00e4tigkeit in der Branche haben wir mit einer Vielzahl von Kunden zusammengearbeitet, darunter Corby Radio, Cash Converters, Canalside Radio, UKRD Group und mehr. Wir versprechen ein hohes Ma\u00df an Service, das individuell auf die Bed\u00fcrfnisse und Anforderungen Ihres Unternehmens zugeschnitten ist. Wir bem\u00fchen uns, Ihnen einen Jingle zu liefern, der 100% Ihren Spezifikationen entspricht und Sie vollkommen zufrieden stellt. Wenn Sie einen Jingle f\u00fcr Ihr Unternehmen erstellen m\u00f6chten, kontaktieren Sie uns noch heute.\u00a0<\/span><\/p>\n<h2><b>Erstellen Sie einen Jingle f\u00fcr Ihr Unternehmen<\/b><\/h2>\n<p><span style=\"font-weight: 400;\">Wenn du gerne m\u00f6chtest <\/span><a href=\"https:\/\/radiojingles24.com\/de\/\"><span style=\"font-weight: 400;\">Erstellen Sie einen Jingle f\u00fcr Ihr Unternehmen<\/span><\/a><span style=\"font-weight: 400;\">, dann ist der Vorgang unglaublich einfach. Sie m\u00fcssen nur die gew\u00fcnschten Optionen ausw\u00e4hlen. Wir m\u00fcssen wissen, ob der Jingle trocken oder vollst\u00e4ndig mit Musik\/SFX produziert werden soll, wie lang der Ton sein soll, welche Voice-Over Sie m\u00f6chten und wie Ihr Skript aussieht.\u00a0<\/span><\/p>\n<p><span style=\"font-weight: 400;\">Wenn wir das alles wissen, nehmen wir Ihren Jingle in unserem professionellen Studio auf und bearbeiten, produzieren und mastern Ihren Jingle so, dass er alle Ihre pers\u00f6nlichen Anforderungen erf\u00fcllt. Normalerweise liefern wir Jingles innerhalb von 24 Stunden, manchmal sogar noch schneller. Es stehen eine Reihe von Formaten von HQ WAVE und MP3 bis AIFF zur Verf\u00fcgung, und es liegt an Ihnen zu entscheiden, welches Sie bevorzugen. Alle unsere Jingles sind 100% lizenzfrei.\u00a0<\/span><\/p>\n<p><span style=\"font-weight: 400;\">Es gibt viele Gr\u00fcnde, warum es eine ausgezeichnete Entscheidung ist, einen Jingle f\u00fcr Ihr Unternehmen zu erstellen. Jingles sind eine brillante M\u00f6glichkeit, die Markenbekanntheit zu steigern und eine Botschaft zu schaffen, die im Ged\u00e4chtnis des H\u00f6rers bleibt. Dar\u00fcber hinaus ziehen Jingles neue Kunden an, denn ein einpr\u00e4gsamer und cleverer Jingle schafft eine neue Bindung zum H\u00f6rer und bindet ihn emotional an Ihr Unternehmen. Jingles sind eine einfache M\u00f6glichkeit, Ihren Kundenstamm zu vergr\u00f6\u00dfern, also kontaktieren Sie uns noch heute, um Ihre eigenen Jingles zu erstellen.<\/span><\/p>\n<p><b>Sie m\u00f6chten eine Anfrage stellen?<\/b><\/p>\n<p><span style=\"font-weight: 400;\">Wenn Sie herausfinden m\u00f6chten, wie Radio Jingles 24 einen Jingle f\u00fcr Ihr Unternehmen erstellen kann, dann kontaktieren Sie uns noch heute. Wir beantworten gerne Ihre Fragen, informieren Sie ausf\u00fchrlich \u00fcber unsere Jingle-Services und besprechen die M\u00f6glichkeiten, die Ihnen zur Verf\u00fcgung stehen. Schreiben Sie uns gerne eine Nachricht und Ihre Kontaktdaten \u00fcber das <\/span><a href=\"https:\/\/radiojingles24.com\/de\/contact-us\/\"><span style=\"font-weight: 400;\">Online-Formular<\/span><\/a><span style=\"font-weight: 400;\"> auf der Kontaktseite unserer Website, und wir werden Ihnen so schnell wie m\u00f6glich antworten.\u00a0<\/span><\/p>\n<p><span style=\"font-weight: 400;\">Wenn Sie eine telefonische Beratung mit einem unserer Mitarbeiter w\u00fcnschen, k\u00f6nnen Sie uns gerne unter +44 0113 5346686 anrufen, wenn Sie in den USA ans\u00e4ssig sind oder +1 (212) 710-1350 aus den USA. Um uns eine E-Mail zu senden, schreiben Sie uns bitte an <\/span><a href=\"mailto:info@radiojingles24.com\"><span style=\"font-weight: 400;\">info@radiojingles24.com<\/span><\/a><span style=\"font-weight: 400;\"> und wir werden uns in K\u00fcrze bei Ihnen melden. Wir freuen uns, Ihnen bald zu Diensten zu sein.<\/span><\/p>\n\r\n\t\t<\/div>\r\n\t<\/div>\r\n\n\t\t\t<\/div> \n\t\t<\/div>\n\t<\/div> \n<\/div><\/div>","protected":false},"excerpt":{"rendered":"Suchen Sie nach einem erstklassigen Unternehmen, das einen Jingle f\u00fcr Ihr Unternehmen erstellen kann? Wenn dies der Fall ist, dann ist Radio Jingles 24 das Unternehmen, das Sie suchen...","protected":false},"author":1,"featured_media":0,"parent":0,"menu_order":0,"comment_status":"closed","ping_status":"closed","template":"","meta":{"_exactmetrics_skip_tracking":false,"_exactmetrics_sitenote_active":false,"_exactmetrics_sitenote_note":"","_exactmetrics_sitenote_category":0,"footnotes":""},"class_list":["post-90768","page","type-page","status-publish"],"yoast_head":"<!-- This site is optimized with the Yoast SEO plugin v26.8 - https:\/\/yoast.com\/product\/yoast-seo-wordpress\/ -->\n<title>Radio Jingles 24: Radio Jingles | DJ Drops | Podcast Intros | Sung Jingles<\/title>\n<meta name=\"description\" content=\"Radio Jingles, Sung Jingles, DJ Drops, and Podcast Intros for commercial, community and internet radio stations. UK Based. Prices from \u00a35. Order online.\" \/>\n<meta name=\"robots\" content=\"index, follow, max-snippet:-1, max-image-preview:large, max-video-preview:-1\" \/>\n<link rel=\"canonical\" href=\"https:\/\/radiojingles24.com\/de\/would-you-like-to-create-a-jingle-for-your-business\/\" \/>\n<meta property=\"og:locale\" content=\"de_DE\" \/>\n<meta property=\"og:type\" content=\"article\" \/>\n<meta property=\"og:title\" content=\"Radio Jingles 24: Radio Jingles | DJ Drops | Podcast Intros | Sung Jingles\" \/>\n<meta property=\"og:description\" content=\"Radio Jingles, Sung Jingles, DJ Drops, and Podcast Intros for commercial, community and internet radio stations. UK Based. Prices from \u00a35. Order online.\" \/>\n<meta property=\"og:url\" content=\"https:\/\/radiojingles24.com\/de\/would-you-like-to-create-a-jingle-for-your-business\/\" \/>\n<meta property=\"og:site_name\" content=\"Radio Jingles 24: Radio Jingles | DJ Drops | Podcast Intros | Sung Jingles\" \/>\n<meta property=\"article:publisher\" content=\"https:\/\/www.facebook.com\/radiojingles24\/\" \/>\n<meta name=\"twitter:card\" content=\"summary_large_image\" \/>\n<meta name=\"twitter:site\" content=\"@radiojingles24\" \/>\n<meta name=\"twitter:label1\" content=\"Gesch\u00e4tzte Lesezeit\" \/>\n\t<meta name=\"twitter:data1\" content=\"3\u00a0Minuten\" \/>\n<script type=\"application\/ld+json\" class=\"yoast-schema-graph\">{\"@context\":\"https:\/\/schema.org\",\"@graph\":[{\"@type\":\"WebPage\",\"@id\":\"https:\/\/radiojingles24.com\/fr\/would-you-like-to-create-a-jingle-for-your-business\/\",\"url\":\"https:\/\/radiojingles24.com\/fr\/would-you-like-to-create-a-jingle-for-your-business\/\",\"name\":\"Radio Jingles 24: Radio Jingles | DJ Drops | Podcast Intros | Sung Jingles\",\"isPartOf\":{\"@id\":\"https:\/\/radiojingles24.com\/#website\"},\"datePublished\":\"2021-07-27T11:57:56+00:00\",\"description\":\"Radio Jingles, Sung Jingles, DJ Drops, and Podcast Intros for commercial, community and internet radio stations. UK Based. Prices from \u00a35. Order online.\",\"breadcrumb\":{\"@id\":\"https:\/\/radiojingles24.com\/fr\/would-you-like-to-create-a-jingle-for-your-business\/#breadcrumb\"},\"inLanguage\":\"de\",\"potentialAction\":[{\"@type\":\"ReadAction\",\"target\":[\"https:\/\/radiojingles24.com\/fr\/would-you-like-to-create-a-jingle-for-your-business\/\"]}]},{\"@type\":\"BreadcrumbList\",\"@id\":\"https:\/\/radiojingles24.com\/fr\/would-you-like-to-create-a-jingle-for-your-business\/#breadcrumb\",\"itemListElement\":[{\"@type\":\"ListItem\",\"position\":1,\"name\":\"Home\",\"item\":\"https:\/\/radiojingles24.com\/de\/\"},{\"@type\":\"ListItem\",\"position\":2,\"name\":\"Would you Like to Create a Jingle for your Business?\"}]},{\"@type\":\"WebSite\",\"@id\":\"https:\/\/radiojingles24.com\/#website\",\"url\":\"https:\/\/radiojingles24.com\/\",\"name\":\"Radio Jingles 24: Radio Jingles | DJ Drops | Podcast Intros | Sung Jingles\",\"description\":\"Radio Jingles, Sung Jingles, DJ Drops, and Podcast Intros for commercial, community and internet radio stations. UK Based. Prices from \u00a35. Order online.\",\"publisher\":{\"@id\":\"https:\/\/radiojingles24.com\/#organization\"},\"potentialAction\":[{\"@type\":\"SearchAction\",\"target\":{\"@type\":\"EntryPoint\",\"urlTemplate\":\"https:\/\/radiojingles24.com\/?s={search_term_string}\"},\"query-input\":{\"@type\":\"PropertyValueSpecification\",\"valueRequired\":true,\"valueName\":\"search_term_string\"}}],\"inLanguage\":\"de\"},{\"@type\":\"Organization\",\"@id\":\"https:\/\/radiojingles24.com\/#organization\",\"name\":\"Radio Jingles 24\",\"url\":\"https:\/\/radiojingles24.com\/\",\"logo\":{\"@type\":\"ImageObject\",\"inLanguage\":\"de\",\"@id\":\"https:\/\/radiojingles24.com\/#\/schema\/logo\/image\/\",\"url\":\"https:\/\/radiojingles24.com\/wp-content\/uploads\/2019\/11\/RadioJingle1-1.jpg\",\"contentUrl\":\"https:\/\/radiojingles24.com\/wp-content\/uploads\/2019\/11\/RadioJingle1-1.jpg\",\"width\":512,\"height\":158,\"caption\":\"Radio Jingles 24\"},\"image\":{\"@id\":\"https:\/\/radiojingles24.com\/#\/schema\/logo\/image\/\"},\"sameAs\":[\"https:\/\/www.facebook.com\/radiojingles24\/\",\"https:\/\/x.com\/radiojingles24\"]}]}<\/script>\n<!-- \/ Yoast SEO plugin. -->","yoast_head_json":{"title":"Radio Jingles 24: Radio Jingles | DJ Drops | Podcast Intros | Gesungene Jingles","description":"Radio Jingles, Sung Jingles, DJ Drops und Podcast Intros f\u00fcr kommerzielle, Community- und Internetradiosender. In Gro\u00dfbritannien ans\u00e4ssig. Preise ab \u00a3 5. Online bestellen.","robots":{"index":"index","follow":"follow","max-snippet":"max-snippet:-1","max-image-preview":"max-image-preview:large","max-video-preview":"max-video-preview:-1"},"canonical":"https:\/\/radiojingles24.com\/de\/would-you-like-to-create-a-jingle-for-your-business\/","og_locale":"de_DE","og_type":"article","og_title":"Radio Jingles 24: Radio Jingles | DJ Drops | Podcast Intros | Sung Jingles","og_description":"Radio Jingles, Sung Jingles, DJ Drops, and Podcast Intros for commercial, community and internet radio stations. UK Based. Prices from \u00a35. Order online.","og_url":"https:\/\/radiojingles24.com\/de\/would-you-like-to-create-a-jingle-for-your-business\/","og_site_name":"Radio Jingles 24: Radio Jingles | DJ Drops | Podcast Intros | Sung Jingles","article_publisher":"https:\/\/www.facebook.com\/radiojingles24\/","twitter_card":"summary_large_image","twitter_site":"@radiojingles24","twitter_misc":{"Gesch\u00e4tzte Lesezeit":"3\u00a0Minuten"},"schema":{"@context":"https:\/\/schema.org","@graph":[{"@type":"WebPage","@id":"https:\/\/radiojingles24.com\/fr\/would-you-like-to-create-a-jingle-for-your-business\/","url":"https:\/\/radiojingles24.com\/fr\/would-you-like-to-create-a-jingle-for-your-business\/","name":"Radio Jingles 24: Radio Jingles | DJ Drops | Podcast Intros | Gesungene Jingles","isPartOf":{"@id":"https:\/\/radiojingles24.com\/#website"},"datePublished":"2021-07-27T11:57:56+00:00","description":"Radio Jingles, Sung Jingles, DJ Drops und Podcast Intros f\u00fcr kommerzielle, Community- und Internetradiosender. In Gro\u00dfbritannien ans\u00e4ssig. Preise ab \u00a3 5. Online bestellen.","breadcrumb":{"@id":"https:\/\/radiojingles24.com\/fr\/would-you-like-to-create-a-jingle-for-your-business\/#breadcrumb"},"inLanguage":"de","potentialAction":[{"@type":"ReadAction","target":["https:\/\/radiojingles24.com\/fr\/would-you-like-to-create-a-jingle-for-your-business\/"]}]},{"@type":"BreadcrumbList","@id":"https:\/\/radiojingles24.com\/fr\/would-you-like-to-create-a-jingle-for-your-business\/#breadcrumb","itemListElement":[{"@type":"ListItem","position":1,"name":"Home","item":"https:\/\/radiojingles24.com\/de\/"},{"@type":"ListItem","position":2,"name":"Would you Like to Create a Jingle for your Business?"}]},{"@type":"WebSite","@id":"https:\/\/radiojingles24.com\/#website","url":"https:\/\/radiojingles24.com\/","name":"Radio Jingles 24: Radio Jingles | DJ Drops | Podcast Intros | Gesungene Jingles","description":"Radio Jingles, Sung Jingles, DJ Drops und Podcast Intros f\u00fcr kommerzielle, Community- und Internetradiosender. In Gro\u00dfbritannien ans\u00e4ssig. Preise ab \u00a3 5. Online bestellen.","publisher":{"@id":"https:\/\/radiojingles24.com\/#organization"},"potentialAction":[{"@type":"SearchAction","target":{"@type":"EntryPoint","urlTemplate":"https:\/\/radiojingles24.com\/?s={search_term_string}"},"query-input":{"@type":"PropertyValueSpecification","valueRequired":true,"valueName":"search_term_string"}}],"inLanguage":"de"},{"@type":"Organization","@id":"https:\/\/radiojingles24.com\/#organization","name":"Radio Jingles 24","url":"https:\/\/radiojingles24.com\/","logo":{"@type":"ImageObject","inLanguage":"de","@id":"https:\/\/radiojingles24.com\/#\/schema\/logo\/image\/","url":"https:\/\/radiojingles24.com\/wp-content\/uploads\/2019\/11\/RadioJingle1-1.jpg","contentUrl":"https:\/\/radiojingles24.com\/wp-content\/uploads\/2019\/11\/RadioJingle1-1.jpg","width":512,"height":158,"caption":"Radio Jingles 24"},"image":{"@id":"https:\/\/radiojingles24.com\/#\/schema\/logo\/image\/"},"sameAs":["https:\/\/www.facebook.com\/radiojingles24\/","https:\/\/x.com\/radiojingles24"]}]}},"jetpack_sharing_enabled":true,"_links":{"self":[{"href":"https:\/\/radiojingles24.com\/de\/wp-json\/wp\/v2\/pages\/90768","targetHints":{"allow":["GET"]}}],"collection":[{"href":"https:\/\/radiojingles24.com\/de\/wp-json\/wp\/v2\/pages"}],"about":[{"href":"https:\/\/radiojingles24.com\/de\/wp-json\/wp\/v2\/types\/page"}],"author":[{"embeddable":true,"href":"https:\/\/radiojingles24.com\/de\/wp-json\/wp\/v2\/users\/1"}],"replies":[{"embeddable":true,"href":"https:\/\/radiojingles24.com\/de\/wp-json\/wp\/v2\/comments?post=90768"}],"version-history":[{"count":1,"href":"https:\/\/radiojingles24.com\/de\/wp-json\/wp\/v2\/pages\/90768\/revisions"}],"predecessor-version":[{"id":90770,"href":"https:\/\/radiojingles24.com\/de\/wp-json\/wp\/v2\/pages\/90768\/revisions\/90770"}],"wp:attachment":[{"href":"https:\/\/radiojingles24.com\/de\/wp-json\/wp\/v2\/media?parent=90768"}],"curies":[{"name":"wp","href":"https:\/\/api.w.org\/{rel}","templated":true}]}}