{"id":90908,"date":"2021-08-06T15:09:12","date_gmt":"2021-08-06T15:09:12","guid":{"rendered":"https:\/\/radiojingles24.com\/?page_id=90908"},"modified":"2021-08-06T15:09:12","modified_gmt":"2021-08-06T15:09:12","slug":"require-dj-voiceovers-for-your-show","status":"publish","type":"page","link":"https:\/\/radiojingles24.com\/de\/require-dj-voiceovers-for-your-show\/","title":{"rendered":"Ben\u00f6tigen Sie DJ-Voiceovers f\u00fcr Ihre Show?"},"content":{"rendered":"<div id=\"fws_69d2e5fb81950\"  data-midnight=\"dark\"  data-bg-mobile-hidden=\"\" class=\"wpb_row vc_row-fluid vc_row top-level standard_section\"  style=\"padding-top: 0px; padding-bottom: 0px; \"><div class=\"row-bg-wrap\" data-bg-animation=\"none\"><div class=\"inner-wrap\"><div class=\"row-bg\"  style=\"\"><\/div><\/div><div class=\"row-bg-overlay\" ><\/div><\/div><div class=\"col span_12 dark left\">\n\t<div  class=\"vc_col-sm-12 wpb_column column_container vc_column_container col no-extra-padding\"  data-t-w-inherits=\"default\" data-border-radius=\"none\" data-shadow=\"none\" data-border-animation=\"\" data-border-animation-delay=\"\" data-border-width=\"none\" data-border-style=\"solid\" data-border-color=\"\" data-bg-cover=\"\" data-padding-pos=\"all\" data-has-bg-color=\"false\" data-bg-color=\"\" data-bg-opacity=\"1\" data-hover-bg=\"\" data-hover-bg-opacity=\"1\" data-animation=\"\" data-delay=\"0\"><div class=\"column-bg-overlay\"><\/div>\n\t\t<div class=\"vc_column-inner\">\n\t\t\t<div class=\"wpb_wrapper\">\n\t\t\t\t\r\n\t<div class=\"wpb_text_column wpb_content_element\" >\r\n\t\t<div class=\"wpb_wrapper\">\r\n\t\t\t<p><span style=\"font-weight: 400;\">Sie m\u00f6chten professionelle DJ Voiceovers f\u00fcr Ihren Radiosender oder Ihre Show bestellen? Dann sind Sie bei uns genau richtig, willkommen bei <\/span><a href=\"https:\/\/radiojingles24.com\/de\/\"><span style=\"font-weight: 400;\">Radio Jingles 24<\/span><\/a><span style=\"font-weight: 400;\">. Wir k\u00f6nnen hochwertige DJ-Voiceovers, Radio-Jingles, gesungene Jingles und mehr produzieren \u2013 und das alles innerhalb von 24 Stunden. Unsere erfahrenen, talentierten Synchronsprecher nehmen Ihren Ton nach den h\u00f6chsten Standards auf und liefern fachm\u00e4nnischen Sound zu unschlagbaren Preisen. Zu den Kunden, mit denen wir zusammengearbeitet haben, geh\u00f6ren Global, Radio X, Cash Converters, UKRD Group und mehr.\u00a0<\/span><\/p>\n<p><span style=\"font-weight: 400;\">Unabh\u00e4ngig von Ihren DJ-Voiceover-Anforderungen \u2013 ob Sie Ihr Audio trocken oder vollst\u00e4ndig mit Musik\/SFX produzieren m\u00f6chten \u2013 Radio Jingles 24 kann ein herausragendes Audiost\u00fcck produzieren, das Ihren Anforderungen entspricht. Unsere Aufnahme, Bearbeitung und Produktion Ihres Audios ist von Anfang bis Ende umfassend und stellt sicher, dass Ihr DJ-Voiceover professionell klingt. Also, wenn Sie suchen nach <\/span><a href=\"https:\/\/radiojingles24.com\/de\/produkt-kategorie\/dj-drops\/\"><span style=\"font-weight: 400;\">DJ-Kommentare<\/span><\/a><span style=\"font-weight: 400;\">, warum nicht noch heute mit Radio Jingles 24 in Kontakt treten?<\/span><\/p>\n<h2><b>Personalisierte Pakete f\u00fcr DJ Voiceovers<\/b><\/h2>\n<p><span style=\"font-weight: 400;\">Hier bei Radio Jingles 24 bieten wir unseren Kunden eine Reihe von DJ-Audiopaketen an. Unser &#039;Essential DJ Pack&#039; bietet 3 DJ-Drops mit Vocal-FX, inklusive der Trockenkopien. Dadurch erhalten Sie 6 Audiodateien, die Sie in Ihren DJ-Sets, Radiosendungen und Podcasts verwenden k\u00f6nnen. Mit einer Auswahl an m\u00e4nnlichen und weiblichen Synchronsprechern k\u00f6nnen Sie 3 einzigartige DJ-Voiceover erstellen \u2013 jeder mit einem anderen Skript.\u00a0<\/span><\/p>\n<p><span style=\"font-weight: 400;\">Wenn Sie spezielle Anweisungen haben, k\u00f6nnen unsere K\u00fcnstler diese ber\u00fccksichtigen und Ihr Audio genau so aufnehmen, wie Sie es m\u00f6chten. Wir produzieren DJ Voiceovers in drei Dateiformaten; MP3, WAVE und AIFF, damit Ihr Sound auf mehreren Plattformen verwendet werden kann. All dies wird zum unschlagbaren Preis von nur 25 \u20ac angeboten. Unser Ziel ist es, Ihr DJ-Voiceover-Audio innerhalb von maximal 24 Stunden zu liefern. Normalerweise wird das Audio innerhalb weniger Stunden geliefert.<\/span><\/p>\n<h2><b>Warum Radio Jingles 24 verwenden?<\/b><\/h2>\n<p><span style=\"font-weight: 400;\">Unsere DJ-Voiceovers werden meisterhaft aufgenommen und von erfahrenen Synchronsprechern mit jahrelanger Erfahrung in der Bereitstellung von hochwertigem Audio produziert. Alle von uns gelieferten Audiodaten sind 100% geb\u00fchrenfrei und sofort einsatzbereit. Mit benutzerdefinierten Skripten k\u00f6nnen Kunden DJ-Voiceovers nach ihren W\u00fcnschen erstellen.\u00a0<\/span><\/p>\n<p><span style=\"font-weight: 400;\">Neben DJ Voiceovers k\u00f6nnen wir auch Radio-Jingles, Podcast-Jingles und Werbespots produzieren. Was auch immer Ihre Audioanforderungen sind, unsere K\u00fcnstler k\u00f6nnen Ihnen einen hervorragenden Service bieten. Glauben Sie uns nicht? Werfen Sie einen Blick auf unsere au\u00dfergew\u00f6hnlichen 5-Sterne-Bewertungen auf der Website von Radio Jingles 24.\u00a0<\/span><\/p>\n<h2><b>Erstellen Sie noch heute Ihr professionelles DJ-Voiceover<\/b><\/h2>\n<p><span style=\"font-weight: 400;\">Radio Jingles 24 bietet seinen Kunden konkurrenzlose DJ-Voiceovers in einer Vielzahl von Audioformaten, darunter HQ WAVE, MP3 oder AIFF. Um noch heute mit der Produktion Ihres DJ-Voice-Overs zu beginnen, kontaktieren Sie uns \u00fcber das Kontaktformular, das auf der Kontaktseite unserer Website angezeigt wird. Bitte hinterlassen Sie Ihren Namen, Ihre Telefonnummer und eine Nachricht, und unser Team wird Ihnen so schnell wie m\u00f6glich antworten.\u00a0<\/span><\/p>\n<p><span style=\"font-weight: 400;\">Sie k\u00f6nnen uns auch eine E-Mail senden an <\/span><a href=\"mailto:info@radiojingles24.com\"><span style=\"font-weight: 400;\">info@radiojingles24.com<\/span><\/a><span style=\"font-weight: 400;\">. Alternativ k\u00f6nnen Sie uns auch gerne unter +44 0113 5346686 aus Gro\u00dfbritannien oder +1 (212) 710-1350 aus den USA anrufen. Wir freuen uns, bald von Ihnen zu h\u00f6ren.<\/span><\/p>\n\r\n\t\t<\/div>\r\n\t<\/div>\r\n\n\t\t\t<\/div> \n\t\t<\/div>\n\t<\/div> \n<\/div><\/div>","protected":false},"excerpt":{"rendered":"M\u00f6chten Sie professionelle DJ-Voiceovers f\u00fcr Ihren Radiosender oder Ihre Show bestellen? Dann sind Sie bei Radio Jingles 24 genau richtig. Wir produzieren hochwertige...","protected":false},"author":1,"featured_media":0,"parent":0,"menu_order":0,"comment_status":"closed","ping_status":"closed","template":"","meta":{"_exactmetrics_skip_tracking":false,"_exactmetrics_sitenote_active":false,"_exactmetrics_sitenote_note":"","_exactmetrics_sitenote_category":0,"footnotes":""},"class_list":["post-90908","page","type-page","status-publish"],"yoast_head":"<!-- This site is optimized with the Yoast SEO plugin v26.8 - https:\/\/yoast.com\/product\/yoast-seo-wordpress\/ -->\n<title>Radio Jingles 24: Radio Jingles | DJ Drops | Podcast Intros | Sung Jingles<\/title>\n<meta name=\"description\" content=\"Radio Jingles, Sung Jingles, DJ Drops, and Podcast Intros for commercial, community and internet radio stations. UK Based. Prices from \u00a35. Order online.\" \/>\n<meta name=\"robots\" content=\"index, follow, max-snippet:-1, max-image-preview:large, max-video-preview:-1\" \/>\n<link rel=\"canonical\" href=\"https:\/\/radiojingles24.com\/de\/require-dj-voiceovers-for-your-show\/\" \/>\n<meta property=\"og:locale\" content=\"de_DE\" \/>\n<meta property=\"og:type\" content=\"article\" \/>\n<meta property=\"og:title\" content=\"Radio Jingles 24: Radio Jingles | DJ Drops | Podcast Intros | Sung Jingles\" \/>\n<meta property=\"og:description\" content=\"Radio Jingles, Sung Jingles, DJ Drops, and Podcast Intros for commercial, community and internet radio stations. UK Based. Prices from \u00a35. Order online.\" \/>\n<meta property=\"og:url\" content=\"https:\/\/radiojingles24.com\/de\/require-dj-voiceovers-for-your-show\/\" \/>\n<meta property=\"og:site_name\" content=\"Radio Jingles 24: Radio Jingles | DJ Drops | Podcast Intros | Sung Jingles\" \/>\n<meta property=\"article:publisher\" content=\"https:\/\/www.facebook.com\/radiojingles24\/\" \/>\n<meta name=\"twitter:card\" content=\"summary_large_image\" \/>\n<meta name=\"twitter:site\" content=\"@radiojingles24\" \/>\n<meta name=\"twitter:label1\" content=\"Gesch\u00e4tzte Lesezeit\" \/>\n\t<meta name=\"twitter:data1\" content=\"3\u00a0Minuten\" \/>\n<script type=\"application\/ld+json\" class=\"yoast-schema-graph\">{\"@context\":\"https:\/\/schema.org\",\"@graph\":[{\"@type\":\"WebPage\",\"@id\":\"https:\/\/radiojingles24.com\/it\/require-dj-voiceovers-for-your-show\/\",\"url\":\"https:\/\/radiojingles24.com\/it\/require-dj-voiceovers-for-your-show\/\",\"name\":\"Radio Jingles 24: Radio Jingles | DJ Drops | Podcast Intros | Sung Jingles\",\"isPartOf\":{\"@id\":\"https:\/\/radiojingles24.com\/#website\"},\"datePublished\":\"2021-08-06T15:09:12+00:00\",\"description\":\"Radio Jingles, Sung Jingles, DJ Drops, and Podcast Intros for commercial, community and internet radio stations. UK Based. Prices from \u00a35. Order online.\",\"breadcrumb\":{\"@id\":\"https:\/\/radiojingles24.com\/it\/require-dj-voiceovers-for-your-show\/#breadcrumb\"},\"inLanguage\":\"de\",\"potentialAction\":[{\"@type\":\"ReadAction\",\"target\":[\"https:\/\/radiojingles24.com\/it\/require-dj-voiceovers-for-your-show\/\"]}]},{\"@type\":\"BreadcrumbList\",\"@id\":\"https:\/\/radiojingles24.com\/it\/require-dj-voiceovers-for-your-show\/#breadcrumb\",\"itemListElement\":[{\"@type\":\"ListItem\",\"position\":1,\"name\":\"Home\",\"item\":\"https:\/\/radiojingles24.com\/de\/\"},{\"@type\":\"ListItem\",\"position\":2,\"name\":\"Require DJ Voiceovers for your Show?\"}]},{\"@type\":\"WebSite\",\"@id\":\"https:\/\/radiojingles24.com\/#website\",\"url\":\"https:\/\/radiojingles24.com\/\",\"name\":\"Radio Jingles 24: Radio Jingles | DJ Drops | Podcast Intros | Sung Jingles\",\"description\":\"Radio Jingles, Sung Jingles, DJ Drops, and Podcast Intros for commercial, community and internet radio stations. UK Based. Prices from \u00a35. Order online.\",\"publisher\":{\"@id\":\"https:\/\/radiojingles24.com\/#organization\"},\"potentialAction\":[{\"@type\":\"SearchAction\",\"target\":{\"@type\":\"EntryPoint\",\"urlTemplate\":\"https:\/\/radiojingles24.com\/?s={search_term_string}\"},\"query-input\":{\"@type\":\"PropertyValueSpecification\",\"valueRequired\":true,\"valueName\":\"search_term_string\"}}],\"inLanguage\":\"de\"},{\"@type\":\"Organization\",\"@id\":\"https:\/\/radiojingles24.com\/#organization\",\"name\":\"Radio Jingles 24\",\"url\":\"https:\/\/radiojingles24.com\/\",\"logo\":{\"@type\":\"ImageObject\",\"inLanguage\":\"de\",\"@id\":\"https:\/\/radiojingles24.com\/#\/schema\/logo\/image\/\",\"url\":\"https:\/\/radiojingles24.com\/wp-content\/uploads\/2019\/11\/RadioJingle1-1.jpg\",\"contentUrl\":\"https:\/\/radiojingles24.com\/wp-content\/uploads\/2019\/11\/RadioJingle1-1.jpg\",\"width\":512,\"height\":158,\"caption\":\"Radio Jingles 24\"},\"image\":{\"@id\":\"https:\/\/radiojingles24.com\/#\/schema\/logo\/image\/\"},\"sameAs\":[\"https:\/\/www.facebook.com\/radiojingles24\/\",\"https:\/\/x.com\/radiojingles24\"]}]}<\/script>\n<!-- \/ Yoast SEO plugin. -->","yoast_head_json":{"title":"Radio Jingles 24: Radio Jingles | DJ Drops | Podcast Intros | Gesungene Jingles","description":"Radio Jingles, Sung Jingles, DJ Drops und Podcast Intros f\u00fcr kommerzielle, Community- und Internetradiosender. In Gro\u00dfbritannien ans\u00e4ssig. Preise ab \u00a3 5. Online bestellen.","robots":{"index":"index","follow":"follow","max-snippet":"max-snippet:-1","max-image-preview":"max-image-preview:large","max-video-preview":"max-video-preview:-1"},"canonical":"https:\/\/radiojingles24.com\/de\/require-dj-voiceovers-for-your-show\/","og_locale":"de_DE","og_type":"article","og_title":"Radio Jingles 24: Radio Jingles | DJ Drops | Podcast Intros | Sung Jingles","og_description":"Radio Jingles, Sung Jingles, DJ Drops, and Podcast Intros for commercial, community and internet radio stations. UK Based. Prices from \u00a35. Order online.","og_url":"https:\/\/radiojingles24.com\/de\/require-dj-voiceovers-for-your-show\/","og_site_name":"Radio Jingles 24: Radio Jingles | DJ Drops | Podcast Intros | Sung Jingles","article_publisher":"https:\/\/www.facebook.com\/radiojingles24\/","twitter_card":"summary_large_image","twitter_site":"@radiojingles24","twitter_misc":{"Gesch\u00e4tzte Lesezeit":"3\u00a0Minuten"},"schema":{"@context":"https:\/\/schema.org","@graph":[{"@type":"WebPage","@id":"https:\/\/radiojingles24.com\/it\/require-dj-voiceovers-for-your-show\/","url":"https:\/\/radiojingles24.com\/it\/require-dj-voiceovers-for-your-show\/","name":"Radio Jingles 24: Radio Jingles | DJ Drops | Podcast Intros | Gesungene Jingles","isPartOf":{"@id":"https:\/\/radiojingles24.com\/#website"},"datePublished":"2021-08-06T15:09:12+00:00","description":"Radio Jingles, Sung Jingles, DJ Drops und Podcast Intros f\u00fcr kommerzielle, Community- und Internetradiosender. In Gro\u00dfbritannien ans\u00e4ssig. Preise ab \u00a3 5. Online bestellen.","breadcrumb":{"@id":"https:\/\/radiojingles24.com\/it\/require-dj-voiceovers-for-your-show\/#breadcrumb"},"inLanguage":"de","potentialAction":[{"@type":"ReadAction","target":["https:\/\/radiojingles24.com\/it\/require-dj-voiceovers-for-your-show\/"]}]},{"@type":"BreadcrumbList","@id":"https:\/\/radiojingles24.com\/it\/require-dj-voiceovers-for-your-show\/#breadcrumb","itemListElement":[{"@type":"ListItem","position":1,"name":"Home","item":"https:\/\/radiojingles24.com\/de\/"},{"@type":"ListItem","position":2,"name":"Require DJ Voiceovers for your Show?"}]},{"@type":"WebSite","@id":"https:\/\/radiojingles24.com\/#website","url":"https:\/\/radiojingles24.com\/","name":"Radio Jingles 24: Radio Jingles | DJ Drops | Podcast Intros | Gesungene Jingles","description":"Radio Jingles, Sung Jingles, DJ Drops und Podcast Intros f\u00fcr kommerzielle, Community- und Internetradiosender. In Gro\u00dfbritannien ans\u00e4ssig. Preise ab \u00a3 5. Online bestellen.","publisher":{"@id":"https:\/\/radiojingles24.com\/#organization"},"potentialAction":[{"@type":"SearchAction","target":{"@type":"EntryPoint","urlTemplate":"https:\/\/radiojingles24.com\/?s={search_term_string}"},"query-input":{"@type":"PropertyValueSpecification","valueRequired":true,"valueName":"search_term_string"}}],"inLanguage":"de"},{"@type":"Organization","@id":"https:\/\/radiojingles24.com\/#organization","name":"Radio Jingles 24","url":"https:\/\/radiojingles24.com\/","logo":{"@type":"ImageObject","inLanguage":"de","@id":"https:\/\/radiojingles24.com\/#\/schema\/logo\/image\/","url":"https:\/\/radiojingles24.com\/wp-content\/uploads\/2019\/11\/RadioJingle1-1.jpg","contentUrl":"https:\/\/radiojingles24.com\/wp-content\/uploads\/2019\/11\/RadioJingle1-1.jpg","width":512,"height":158,"caption":"Radio Jingles 24"},"image":{"@id":"https:\/\/radiojingles24.com\/#\/schema\/logo\/image\/"},"sameAs":["https:\/\/www.facebook.com\/radiojingles24\/","https:\/\/x.com\/radiojingles24"]}]}},"jetpack_sharing_enabled":true,"_links":{"self":[{"href":"https:\/\/radiojingles24.com\/de\/wp-json\/wp\/v2\/pages\/90908","targetHints":{"allow":["GET"]}}],"collection":[{"href":"https:\/\/radiojingles24.com\/de\/wp-json\/wp\/v2\/pages"}],"about":[{"href":"https:\/\/radiojingles24.com\/de\/wp-json\/wp\/v2\/types\/page"}],"author":[{"embeddable":true,"href":"https:\/\/radiojingles24.com\/de\/wp-json\/wp\/v2\/users\/1"}],"replies":[{"embeddable":true,"href":"https:\/\/radiojingles24.com\/de\/wp-json\/wp\/v2\/comments?post=90908"}],"version-history":[{"count":1,"href":"https:\/\/radiojingles24.com\/de\/wp-json\/wp\/v2\/pages\/90908\/revisions"}],"predecessor-version":[{"id":90910,"href":"https:\/\/radiojingles24.com\/de\/wp-json\/wp\/v2\/pages\/90908\/revisions\/90910"}],"wp:attachment":[{"href":"https:\/\/radiojingles24.com\/de\/wp-json\/wp\/v2\/media?parent=90908"}],"curies":[{"name":"wp","href":"https:\/\/api.w.org\/{rel}","templated":true}]}}