{"id":91492,"date":"2021-10-14T16:05:33","date_gmt":"2021-10-14T16:05:33","guid":{"rendered":"https:\/\/radiojingles24.com\/?page_id=91492"},"modified":"2021-10-14T16:05:33","modified_gmt":"2021-10-14T16:05:33","slug":"trying-to-find-a-professional-jingle-maker-software","status":"publish","type":"page","link":"https:\/\/radiojingles24.com\/de\/trying-to-find-a-professional-jingle-maker-software\/","title":{"rendered":"Trying to Find a Professional Jingle Maker Software?"},"content":{"rendered":"<div id=\"fws_69ed570d3d77f\"  data-midnight=\"dark\"  data-bg-mobile-hidden=\"\" class=\"wpb_row vc_row-fluid vc_row top-level standard_section\"  style=\"padding-top: 0px; padding-bottom: 0px; \"><div class=\"row-bg-wrap\" data-bg-animation=\"none\"><div class=\"inner-wrap\"><div class=\"row-bg\"  style=\"\"><\/div><\/div><div class=\"row-bg-overlay\" ><\/div><\/div><div class=\"col span_12 dark left\">\n\t<div  class=\"vc_col-sm-12 wpb_column column_container vc_column_container col no-extra-padding\"  data-t-w-inherits=\"default\" data-border-radius=\"none\" data-shadow=\"none\" data-border-animation=\"\" data-border-animation-delay=\"\" data-border-width=\"none\" data-border-style=\"solid\" data-border-color=\"\" data-bg-cover=\"\" data-padding-pos=\"all\" data-has-bg-color=\"false\" data-bg-color=\"\" data-bg-opacity=\"1\" data-hover-bg=\"\" data-hover-bg-opacity=\"1\" data-animation=\"\" data-delay=\"0\"><div class=\"column-bg-overlay\"><\/div>\n\t\t<div class=\"vc_column-inner\">\n\t\t\t<div class=\"wpb_wrapper\">\n\t\t\t\t\r\n\t<div class=\"wpb_text_column wpb_content_element\" >\r\n\t\t<div class=\"wpb_wrapper\">\r\n\t\t\t<p><span style=\"font-weight: 400;\">Hosten Sie eine Radiosendung oder einen Podcast und brauchen Sie einen eing\u00e4ngigen Jingle? Suchen Sie nach Jingle Maker-Software? Dann <\/span><a href=\"https:\/\/radiojingles24.com\/de\/\"><span style=\"font-weight: 400;\">Radio Jingles 24<\/span><\/a><span style=\"font-weight: 400;\"> hat genau das was du suchst. Wir produzieren professionelle Radio-Jingles, DJ-Drops, gesungene Jingles und kommerzielle Produktionen. Unsere Audiospezialisten liefern Ihnen innerhalb von 24 Stunden einen erstklassigen Jingle \u2013 wir versprechen eine schnelle Reaktion auf Ihre Anfrage.\u00a0<\/span><\/p>\n<p><span style=\"font-weight: 400;\">Wir produzieren Audio f\u00fcr eine Vielzahl von Kunden, darunter Community-, kommerzielle und Internet-Radiosender sowie DJs und Podcast-Hosts. Es gibt eine Vielzahl von Optionen zur Auswahl, darunter Musik, SFX und Sprecher. Unsere Jingle Maker-Software erstellt ein einzigartiges Audiost\u00fcck, das fantastisch klingt und die Aufmerksamkeit aller Ihrer Zuh\u00f6rer auf sich zieht. Um noch heute einen Jingle zu erstellen, kontaktieren Sie bitte unser Team \u00fcber die folgenden Methoden.\u00a0<\/span><\/p>\n<h2><b>Was k\u00f6nnen Sie von Radio Jingles 24 erwarten?<\/b><\/h2>\n<p><span style=\"font-weight: 400;\">Sollten Sie einen Jingle f\u00fcr Ihre Show oder Ihren Sender ben\u00f6tigen, dann ist unser <\/span><a href=\"https:\/\/radiojingles24.com\/de\/#voices\"><span style=\"font-weight: 400;\">moderne Jingle Maker Software<\/span><\/a><span style=\"font-weight: 400;\"> ist die perfekte M\u00f6glichkeit. Mit unserer Software k\u00f6nnen Sie ein ma\u00dfgeschneidertes Audiost\u00fcck erstellen, das alle Ihre Anforderungen erf\u00fcllt. Sie k\u00f6nnen einen bestimmten K\u00fcnstler ausw\u00e4hlen, Ihr eigenes Skript schreiben und die L\u00e4nge Ihres Audios w\u00e4hlen \u2013 ganz nach Ihren Bed\u00fcrfnissen. Unser gesamtes Audio wird in unserem hochmodernen Studio fachm\u00e4nnisch aufgenommen und produziert. Dies garantiert eine Audioqualit\u00e4t, die allen anderen Diensten \u00fcberlegen ist.\u00a0<\/span><\/p>\n<p><span style=\"font-weight: 400;\">Wir produzieren Ihre Jingles in verschiedenen Formaten wie HQ WAVE, MP3 oder AIFF. Dies gibt Ihnen die Flexibilit\u00e4t, das ideale Dateiformat f\u00fcr Ihr Projekt, Ihren Sender oder Ihre Show zu w\u00e4hlen. Der Turnaround f\u00fcr unsere Jingle Maker-Software ist schnell; Wir bem\u00fchen uns, Ihnen Ihr Audio innerhalb von weniger als 24 Stunden zu senden, und in der Regel sind wir viel schneller. Dar\u00fcber hinaus ist das gesamte Audio 100% geb\u00fchrenfrei.\u00a0<\/span><\/p>\n<p><span style=\"font-weight: 400;\">Dar\u00fcber hinaus k\u00f6nnen unsere professionellen Qualit\u00e4tsjingles sowohl trocken als auch vollst\u00e4ndig mit SFX oder Musik produziert werden. Wir senden Ihnen die gew\u00fcnschten Kopien zu, sodass Sie mehrere M\u00f6glichkeiten haben, Ihren Jingle zu verwenden. Erstklassiger Kundenservice und Erfahrung sind eine Garantie, wenn Sie zu Radio Jingles 24 kommen; wir sind schnell, effizient und kosteng\u00fcnstig. Um mehr \u00fcber unsere Jingle Maker-Software zu erfahren, kontaktieren Sie noch heute unsere Audio-Experten.<\/span><\/p>\n<p><b>Kontaktieren Sie uns, um noch heute einen hochwertigen Jingle zu erstellen<\/b><\/p>\n<p><span style=\"font-weight: 400;\">Radio Jingles 24 kann einen erstklassigen Jingle produzieren, der gro\u00dfartig klingt. Um eine Anfrage zu unserer Jingle Maker-Software zu stellen, kontaktieren Sie uns bitte, indem Sie das Online-Formular auf der Kontaktseite unserer Website ausf\u00fcllen. Wir werden Ihre Nachricht so schnell wie m\u00f6glich beantworten. Alternativ schreiben Sie uns gerne an: <\/span><a href=\"mailto:info@radiojingles24.com\"><span style=\"font-weight: 400;\">info@radiojingles24.com<\/span><\/a><span style=\"font-weight: 400;\">.<\/span><\/p>\n<p><span style=\"font-weight: 400;\">Wenn Sie lieber mit einem unserer Teammitglieder sprechen m\u00f6chten, rufen Sie uns jetzt unter +44 0113 5346686 (UK) oder +1 (212) 710-1350 (USA) an. Unsere sachkundigen Mitarbeiter stehen Ihnen bei allen Fragen zur Verf\u00fcgung und geben Ihnen weitere Informationen zu unserer Jingle Maker-Software. Besuchen Sie in der Zwischenzeit die Website von Radio Jingles 24, um mehr \u00fcber unser Angebot an Audiol\u00f6sungen zu erfahren.<\/span><\/p>\n\r\n\t\t<\/div>\r\n\t<\/div>\r\n\n\t\t\t<\/div> \n\t\t<\/div>\n\t<\/div> \n<\/div><\/div>","protected":false},"excerpt":{"rendered":"Hosting a radio show or podcast, and need a catchy sounding jingle? Searching for jingle maker software? Then Radio Jingles 24 has exactly what you are looking for. We produce...","protected":false},"author":1,"featured_media":0,"parent":0,"menu_order":0,"comment_status":"closed","ping_status":"closed","template":"","meta":{"_exactmetrics_skip_tracking":false,"_exactmetrics_sitenote_active":false,"_exactmetrics_sitenote_note":"","_exactmetrics_sitenote_category":0,"footnotes":""},"class_list":["post-91492","page","type-page","status-publish"],"yoast_head":"<!-- This site is optimized with the Yoast SEO plugin v26.8 - https:\/\/yoast.com\/product\/yoast-seo-wordpress\/ -->\n<title>Radio Jingles 24: Radio Jingles | DJ Drops | Podcast Intros | Sung Jingles<\/title>\n<meta name=\"description\" content=\"Radio Jingles, Sung Jingles, DJ Drops, and Podcast Intros for commercial, community and internet radio stations. UK Based. Prices from \u00a35. Order online.\" \/>\n<meta name=\"robots\" content=\"index, follow, max-snippet:-1, max-image-preview:large, max-video-preview:-1\" \/>\n<link rel=\"canonical\" href=\"https:\/\/radiojingles24.com\/de\/trying-to-find-a-professional-jingle-maker-software\/\" \/>\n<meta property=\"og:locale\" content=\"de_DE\" \/>\n<meta property=\"og:type\" content=\"article\" \/>\n<meta property=\"og:title\" content=\"Radio Jingles 24: Radio Jingles | DJ Drops | Podcast Intros | Sung Jingles\" \/>\n<meta property=\"og:description\" content=\"Radio Jingles, Sung Jingles, DJ Drops, and Podcast Intros for commercial, community and internet radio stations. UK Based. Prices from \u00a35. Order online.\" \/>\n<meta property=\"og:url\" content=\"https:\/\/radiojingles24.com\/de\/trying-to-find-a-professional-jingle-maker-software\/\" \/>\n<meta property=\"og:site_name\" content=\"Radio Jingles 24: Radio Jingles | DJ Drops | Podcast Intros | Sung Jingles\" \/>\n<meta property=\"article:publisher\" content=\"https:\/\/www.facebook.com\/radiojingles24\/\" \/>\n<meta name=\"twitter:card\" content=\"summary_large_image\" \/>\n<meta name=\"twitter:site\" content=\"@radiojingles24\" \/>\n<meta name=\"twitter:label1\" content=\"Gesch\u00e4tzte Lesezeit\" \/>\n\t<meta name=\"twitter:data1\" content=\"3\u00a0Minuten\" \/>\n<script type=\"application\/ld+json\" class=\"yoast-schema-graph\">{\"@context\":\"https:\/\/schema.org\",\"@graph\":[{\"@type\":\"WebPage\",\"@id\":\"https:\/\/radiojingles24.com\/trying-to-find-a-professional-jingle-maker-software\/\",\"url\":\"https:\/\/radiojingles24.com\/trying-to-find-a-professional-jingle-maker-software\/\",\"name\":\"Radio Jingles 24: Radio Jingles | DJ Drops | Podcast Intros | Sung Jingles\",\"isPartOf\":{\"@id\":\"https:\/\/radiojingles24.com\/#website\"},\"datePublished\":\"2021-10-14T16:05:33+00:00\",\"description\":\"Radio Jingles, Sung Jingles, DJ Drops, and Podcast Intros for commercial, community and internet radio stations. UK Based. Prices from \u00a35. Order online.\",\"breadcrumb\":{\"@id\":\"https:\/\/radiojingles24.com\/trying-to-find-a-professional-jingle-maker-software\/#breadcrumb\"},\"inLanguage\":\"de\",\"potentialAction\":[{\"@type\":\"ReadAction\",\"target\":[\"https:\/\/radiojingles24.com\/trying-to-find-a-professional-jingle-maker-software\/\"]}]},{\"@type\":\"BreadcrumbList\",\"@id\":\"https:\/\/radiojingles24.com\/trying-to-find-a-professional-jingle-maker-software\/#breadcrumb\",\"itemListElement\":[{\"@type\":\"ListItem\",\"position\":1,\"name\":\"Home\",\"item\":\"https:\/\/radiojingles24.com\/de\/\"},{\"@type\":\"ListItem\",\"position\":2,\"name\":\"Trying to Find a Professional Jingle Maker Software?\"}]},{\"@type\":\"WebSite\",\"@id\":\"https:\/\/radiojingles24.com\/#website\",\"url\":\"https:\/\/radiojingles24.com\/\",\"name\":\"Radio Jingles 24: Radio Jingles | DJ Drops | Podcast Intros | Sung Jingles\",\"description\":\"Radio Jingles, Sung Jingles, DJ Drops, and Podcast Intros for commercial, community and internet radio stations. UK Based. Prices from \u00a35. Order online.\",\"publisher\":{\"@id\":\"https:\/\/radiojingles24.com\/#organization\"},\"potentialAction\":[{\"@type\":\"SearchAction\",\"target\":{\"@type\":\"EntryPoint\",\"urlTemplate\":\"https:\/\/radiojingles24.com\/?s={search_term_string}\"},\"query-input\":{\"@type\":\"PropertyValueSpecification\",\"valueRequired\":true,\"valueName\":\"search_term_string\"}}],\"inLanguage\":\"de\"},{\"@type\":\"Organization\",\"@id\":\"https:\/\/radiojingles24.com\/#organization\",\"name\":\"Radio Jingles 24\",\"url\":\"https:\/\/radiojingles24.com\/\",\"logo\":{\"@type\":\"ImageObject\",\"inLanguage\":\"de\",\"@id\":\"https:\/\/radiojingles24.com\/#\/schema\/logo\/image\/\",\"url\":\"https:\/\/radiojingles24.com\/wp-content\/uploads\/2019\/11\/RadioJingle1-1.jpg\",\"contentUrl\":\"https:\/\/radiojingles24.com\/wp-content\/uploads\/2019\/11\/RadioJingle1-1.jpg\",\"width\":512,\"height\":158,\"caption\":\"Radio Jingles 24\"},\"image\":{\"@id\":\"https:\/\/radiojingles24.com\/#\/schema\/logo\/image\/\"},\"sameAs\":[\"https:\/\/www.facebook.com\/radiojingles24\/\",\"https:\/\/x.com\/radiojingles24\"]}]}<\/script>\n<!-- \/ Yoast SEO plugin. -->","yoast_head_json":{"title":"Radio Jingles 24: Radio Jingles | DJ Drops | Podcast Intros | Gesungene Jingles","description":"Radio Jingles, Sung Jingles, DJ Drops und Podcast Intros f\u00fcr kommerzielle, Community- und Internetradiosender. In Gro\u00dfbritannien ans\u00e4ssig. Preise ab \u00a3 5. Online bestellen.","robots":{"index":"index","follow":"follow","max-snippet":"max-snippet:-1","max-image-preview":"max-image-preview:large","max-video-preview":"max-video-preview:-1"},"canonical":"https:\/\/radiojingles24.com\/de\/trying-to-find-a-professional-jingle-maker-software\/","og_locale":"de_DE","og_type":"article","og_title":"Radio Jingles 24: Radio Jingles | DJ Drops | Podcast Intros | Sung Jingles","og_description":"Radio Jingles, Sung Jingles, DJ Drops, and Podcast Intros for commercial, community and internet radio stations. UK Based. Prices from \u00a35. Order online.","og_url":"https:\/\/radiojingles24.com\/de\/trying-to-find-a-professional-jingle-maker-software\/","og_site_name":"Radio Jingles 24: Radio Jingles | DJ Drops | Podcast Intros | Sung Jingles","article_publisher":"https:\/\/www.facebook.com\/radiojingles24\/","twitter_card":"summary_large_image","twitter_site":"@radiojingles24","twitter_misc":{"Gesch\u00e4tzte Lesezeit":"3\u00a0Minuten"},"schema":{"@context":"https:\/\/schema.org","@graph":[{"@type":"WebPage","@id":"https:\/\/radiojingles24.com\/trying-to-find-a-professional-jingle-maker-software\/","url":"https:\/\/radiojingles24.com\/trying-to-find-a-professional-jingle-maker-software\/","name":"Radio Jingles 24: Radio Jingles | DJ Drops | Podcast Intros | Gesungene Jingles","isPartOf":{"@id":"https:\/\/radiojingles24.com\/#website"},"datePublished":"2021-10-14T16:05:33+00:00","description":"Radio Jingles, Sung Jingles, DJ Drops und Podcast Intros f\u00fcr kommerzielle, Community- und Internetradiosender. In Gro\u00dfbritannien ans\u00e4ssig. Preise ab \u00a3 5. Online bestellen.","breadcrumb":{"@id":"https:\/\/radiojingles24.com\/trying-to-find-a-professional-jingle-maker-software\/#breadcrumb"},"inLanguage":"de","potentialAction":[{"@type":"ReadAction","target":["https:\/\/radiojingles24.com\/trying-to-find-a-professional-jingle-maker-software\/"]}]},{"@type":"BreadcrumbList","@id":"https:\/\/radiojingles24.com\/trying-to-find-a-professional-jingle-maker-software\/#breadcrumb","itemListElement":[{"@type":"ListItem","position":1,"name":"Home","item":"https:\/\/radiojingles24.com\/de\/"},{"@type":"ListItem","position":2,"name":"Trying to Find a Professional Jingle Maker Software?"}]},{"@type":"WebSite","@id":"https:\/\/radiojingles24.com\/#website","url":"https:\/\/radiojingles24.com\/","name":"Radio Jingles 24: Radio Jingles | DJ Drops | Podcast Intros | Gesungene Jingles","description":"Radio Jingles, Sung Jingles, DJ Drops und Podcast Intros f\u00fcr kommerzielle, Community- und Internetradiosender. In Gro\u00dfbritannien ans\u00e4ssig. Preise ab \u00a3 5. Online bestellen.","publisher":{"@id":"https:\/\/radiojingles24.com\/#organization"},"potentialAction":[{"@type":"SearchAction","target":{"@type":"EntryPoint","urlTemplate":"https:\/\/radiojingles24.com\/?s={search_term_string}"},"query-input":{"@type":"PropertyValueSpecification","valueRequired":true,"valueName":"search_term_string"}}],"inLanguage":"de"},{"@type":"Organization","@id":"https:\/\/radiojingles24.com\/#organization","name":"Radio Jingles 24","url":"https:\/\/radiojingles24.com\/","logo":{"@type":"ImageObject","inLanguage":"de","@id":"https:\/\/radiojingles24.com\/#\/schema\/logo\/image\/","url":"https:\/\/radiojingles24.com\/wp-content\/uploads\/2019\/11\/RadioJingle1-1.jpg","contentUrl":"https:\/\/radiojingles24.com\/wp-content\/uploads\/2019\/11\/RadioJingle1-1.jpg","width":512,"height":158,"caption":"Radio Jingles 24"},"image":{"@id":"https:\/\/radiojingles24.com\/#\/schema\/logo\/image\/"},"sameAs":["https:\/\/www.facebook.com\/radiojingles24\/","https:\/\/x.com\/radiojingles24"]}]}},"jetpack_sharing_enabled":true,"_links":{"self":[{"href":"https:\/\/radiojingles24.com\/de\/wp-json\/wp\/v2\/pages\/91492","targetHints":{"allow":["GET"]}}],"collection":[{"href":"https:\/\/radiojingles24.com\/de\/wp-json\/wp\/v2\/pages"}],"about":[{"href":"https:\/\/radiojingles24.com\/de\/wp-json\/wp\/v2\/types\/page"}],"author":[{"embeddable":true,"href":"https:\/\/radiojingles24.com\/de\/wp-json\/wp\/v2\/users\/1"}],"replies":[{"embeddable":true,"href":"https:\/\/radiojingles24.com\/de\/wp-json\/wp\/v2\/comments?post=91492"}],"version-history":[{"count":1,"href":"https:\/\/radiojingles24.com\/de\/wp-json\/wp\/v2\/pages\/91492\/revisions"}],"predecessor-version":[{"id":91494,"href":"https:\/\/radiojingles24.com\/de\/wp-json\/wp\/v2\/pages\/91492\/revisions\/91494"}],"wp:attachment":[{"href":"https:\/\/radiojingles24.com\/de\/wp-json\/wp\/v2\/media?parent=91492"}],"curies":[{"name":"wp","href":"https:\/\/api.w.org\/{rel}","templated":true}]}}