{"id":91713,"date":"2021-11-04T16:05:40","date_gmt":"2021-11-04T16:05:40","guid":{"rendered":"https:\/\/radiojingles24.com\/?page_id=91713"},"modified":"2021-11-04T16:05:40","modified_gmt":"2021-11-04T16:05:40","slug":"trying-to-find-professional-dj-jingle-maker-software","status":"publish","type":"page","link":"https:\/\/radiojingles24.com\/de\/trying-to-find-professional-dj-jingle-maker-software\/","title":{"rendered":"Versuchen Sie, professionelle DJ-Jingle-Maker-Software zu finden?"},"content":{"rendered":"<div id=\"fws_69e3caf23d348\"  data-midnight=\"dark\"  data-bg-mobile-hidden=\"\" class=\"wpb_row vc_row-fluid vc_row top-level standard_section\"  style=\"padding-top: 0px; padding-bottom: 0px; \"><div class=\"row-bg-wrap\" data-bg-animation=\"none\"><div class=\"inner-wrap\"><div class=\"row-bg\"  style=\"\"><\/div><\/div><div class=\"row-bg-overlay\" ><\/div><\/div><div class=\"col span_12 dark left\">\n\t<div  class=\"vc_col-sm-12 wpb_column column_container vc_column_container col no-extra-padding\"  data-t-w-inherits=\"default\" data-border-radius=\"none\" data-shadow=\"none\" data-border-animation=\"\" data-border-animation-delay=\"\" data-border-width=\"none\" data-border-style=\"solid\" data-border-color=\"\" data-bg-cover=\"\" data-padding-pos=\"all\" data-has-bg-color=\"false\" data-bg-color=\"\" data-bg-opacity=\"1\" data-hover-bg=\"\" data-hover-bg-opacity=\"1\" data-animation=\"\" data-delay=\"0\"><div class=\"column-bg-overlay\"><\/div>\n\t\t<div class=\"vc_column-inner\">\n\t\t\t<div class=\"wpb_wrapper\">\n\t\t\t\t\r\n\t<div class=\"wpb_text_column wpb_content_element\" >\r\n\t\t<div class=\"wpb_wrapper\">\r\n\t\t\t<p><span style=\"font-weight: 400;\">Suchen Sie eine professionelle DJ-Jingle-Maker-Software? Dann sind Sie bei uns genau richtig. Willkommen zu <\/span><a href=\"https:\/\/radiojingles24.com\/de\/\"><span style=\"font-weight: 400;\">Radio Jingles 24<\/span><\/a><span style=\"font-weight: 400;\">, k\u00f6nnen wir einen hochwertigen DJ-Jingle f\u00fcr Ihre Radiosendung, Ihren Podcast oder Ihr DJ-Set erstellen. Unser Team ist darauf spezialisiert, schnelles, einfaches und erstklassiges Audio zu produzieren, einschlie\u00dflich Radio-Dschungel, DJ-Drops, kommerzieller Produktion und gesungener Jingles.\u00a0<\/span><\/p>\n<p><span style=\"font-weight: 400;\">Egal, ob Sie eine w\u00f6chentliche Radiosendung im Community-Radio moderieren oder die Melodien als DJ in einem lokalen Club ausw\u00e4hlen, Radio Jingles 24 bietet Ihnen unvergleichliche Audioaufnahmen von f\u00fchrenden Synchronsprechern. Wir haben mit einer Reihe hochkar\u00e4tiger Kunden zusammengearbeitet, darunter Global, Radio X, Cash Converters und mehr.\u00a0<\/span><\/p>\n<p>&nbsp;<\/p>\n<p><span style=\"font-weight: 400;\">Unabh\u00e4ngig von Ihren individuellen DJ-Audiobed\u00fcrfnissen oder -anforderungen k\u00f6nnen wir Ihnen \u00fcberragenden Sound liefern, der die Zuh\u00f6rer anzieht und das Publikum dazu bringt, zu Ihrer Show zur\u00fcckzukehren. Besuchen Sie unsere Website, um noch heute mehr \u00fcber unsere DJ-Jingle-Maker-Software zu erfahren.\u00a0<\/span><\/p>\n<p>&nbsp;<\/p>\n<p><b>Gro\u00dfe Auswahl an DJ-Audiooptionen<\/b><\/p>\n<p>&nbsp;<\/p>\n<p><span style=\"font-weight: 400;\">Hier bei Radio Jingles 24 erstellen wir konkurrenzloses Audio mit unseren eigenen <\/span><a href=\"https:\/\/radiojingles24.com\/de\/produkt\/essential-dj-pack\/\"><span style=\"font-weight: 400;\">DJ-Jingle-Maker-Software<\/span><\/a><span style=\"font-weight: 400;\">. Wenn Sie DJ bei einem lokalen Sender oder Club sind, k\u00f6nnen wir einen Jingle kreieren und produzieren, der hervorragend klingt und Ihre Show auf die n\u00e4chste Stufe hebt. Unser unverzichtbares DJ-Paket enth\u00e4lt auch 3x DJ-Drops mit Gesangseffekten. Auch davon senden wir Ihnen die Trockenexemplare zu \u2013 in Summe erhalten Sie also 6 Audiodateien.\u00a0<\/span><\/p>\n<p>&nbsp;<\/p>\n<p><span style=\"font-weight: 400;\">Mit Preisen ab 25,00 \u00a3 bietet unsere DJ-Jingle-Maker-Software ein au\u00dfergew\u00f6hnliches Preis-Leistungs-Verh\u00e4ltnis. Es stehen eine Reihe von Synchronsprechern zur Verf\u00fcgung, darunter sowohl m\u00e4nnliche als auch weibliche Optionen. Wir k\u00f6nnen einen DJ-Jingle nach Ihren W\u00fcnschen aufnehmen. Sie k\u00f6nnen beispielsweise Ihr eigenes Skript f\u00fcr unseren Sprecher ausw\u00e4hlen und uns spezielle Anweisungen geben.\u00a0<\/span><\/p>\n<p>&nbsp;<\/p>\n<p><span style=\"font-weight: 400;\">Unsere DJ-Jingle-Maker-Software bietet Audio in einer Reihe verschiedener Dateiformate. Dazu geh\u00f6ren MP3, WAVE und AIFF. Unser Ziel ist es, alle DJ-Jingle-Audios innerhalb von maximal 24 Stunden zu liefern. Normalerweise sind wir in der Lage, Ihr Audio innerhalb weniger Stunden zu liefern und wenn Sie es noch schneller ben\u00f6tigen, ist das f\u00fcr unser Team kein Problem. Rufen Sie uns noch heute an, um unsere DJ-Jingle-Pakete genauer zu besprechen.\u00a0<\/span><\/p>\n<p>&nbsp;<\/p>\n<p><b>Besprechen Sie Ihre Audioanforderungen mit unseren Experten<\/b><\/p>\n<p>&nbsp;<\/p>\n<p><span style=\"font-weight: 400;\">Wenn Sie nach DJ Jingle Maker Software gesucht haben und mehr \u00fcber Radio Jingles 24 erfahren m\u00f6chten, dann nehmen Sie bitte Kontakt mit uns auf. Senden Sie uns eine Nachricht \u00fcber das Online-Formular auf der Kontaktseite unserer Website, und wir werden uns mit Ihnen in Verbindung setzen, um Ihre Projektanforderungen genauer zu besprechen. Sie k\u00f6nnen uns auch eine E-Mail senden an <\/span><a href=\"mailto:info@radiojingles24.com\"><span style=\"font-weight: 400;\">info@radiojingles24.com<\/span><\/a><span style=\"font-weight: 400;\">.<\/span><\/p>\n<p><span style=\"font-weight: 400;\">Wenn Sie uns lieber anrufen m\u00f6chten, rufen Sie uns unter +44 0113 5346686 (UK) oder +1 (212) 710-1350 (USA) an. Wir beantworten all Ihre Fragen, geben Ihnen weitere Informationen zu unseren DJ-Jingle-L\u00f6sungen und besprechen Ihr Projekt. Besuchen Sie die Website von Radio Jingles 24, um mehr \u00fcber alle unsere Dienste zu erfahren.<\/span><\/p>\n\r\n\t\t<\/div>\r\n\t<\/div>\r\n\n\t\t\t<\/div> \n\t\t<\/div>\n\t<\/div> \n<\/div><\/div>","protected":false},"excerpt":{"rendered":"Suchen Sie nach professioneller DJ-Jingle-Maker-Software? Dann sind Sie bei uns genau richtig. Willkommen bei Radio Jingles 24, wir k\u00f6nnen einen hochwertigen DJ-Jingle f\u00fcr...","protected":false},"author":1,"featured_media":0,"parent":0,"menu_order":0,"comment_status":"closed","ping_status":"closed","template":"","meta":{"_exactmetrics_skip_tracking":false,"_exactmetrics_sitenote_active":false,"_exactmetrics_sitenote_note":"","_exactmetrics_sitenote_category":0,"footnotes":""},"class_list":["post-91713","page","type-page","status-publish"],"yoast_head":"<!-- This site is optimized with the Yoast SEO plugin v26.8 - https:\/\/yoast.com\/product\/yoast-seo-wordpress\/ -->\n<title>Radio Jingles 24: Radio Jingles | DJ Drops | Podcast Intros | Sung Jingles<\/title>\n<meta name=\"description\" content=\"Radio Jingles, Sung Jingles, DJ Drops, and Podcast Intros for commercial, community and internet radio stations. UK Based. Prices from \u00a35. Order online.\" \/>\n<meta name=\"robots\" content=\"index, follow, max-snippet:-1, max-image-preview:large, max-video-preview:-1\" \/>\n<link rel=\"canonical\" href=\"https:\/\/radiojingles24.com\/de\/trying-to-find-professional-dj-jingle-maker-software\/\" \/>\n<meta property=\"og:locale\" content=\"de_DE\" \/>\n<meta property=\"og:type\" content=\"article\" \/>\n<meta property=\"og:title\" content=\"Radio Jingles 24: Radio Jingles | DJ Drops | Podcast Intros | Sung Jingles\" \/>\n<meta property=\"og:description\" content=\"Radio Jingles, Sung Jingles, DJ Drops, and Podcast Intros for commercial, community and internet radio stations. UK Based. Prices from \u00a35. Order online.\" \/>\n<meta property=\"og:url\" content=\"https:\/\/radiojingles24.com\/de\/trying-to-find-professional-dj-jingle-maker-software\/\" \/>\n<meta property=\"og:site_name\" content=\"Radio Jingles 24: Radio Jingles | DJ Drops | Podcast Intros | Sung Jingles\" \/>\n<meta property=\"article:publisher\" content=\"https:\/\/www.facebook.com\/radiojingles24\/\" \/>\n<meta name=\"twitter:card\" content=\"summary_large_image\" \/>\n<meta name=\"twitter:site\" content=\"@radiojingles24\" \/>\n<meta name=\"twitter:label1\" content=\"Gesch\u00e4tzte Lesezeit\" \/>\n\t<meta name=\"twitter:data1\" content=\"3\u00a0Minuten\" \/>\n<script type=\"application\/ld+json\" class=\"yoast-schema-graph\">{\"@context\":\"https:\/\/schema.org\",\"@graph\":[{\"@type\":\"WebPage\",\"@id\":\"https:\/\/radiojingles24.com\/es\/trying-to-find-professional-dj-jingle-maker-software\/\",\"url\":\"https:\/\/radiojingles24.com\/es\/trying-to-find-professional-dj-jingle-maker-software\/\",\"name\":\"Radio Jingles 24: Radio Jingles | DJ Drops | Podcast Intros | Sung Jingles\",\"isPartOf\":{\"@id\":\"https:\/\/radiojingles24.com\/#website\"},\"datePublished\":\"2021-11-04T16:05:40+00:00\",\"description\":\"Radio Jingles, Sung Jingles, DJ Drops, and Podcast Intros for commercial, community and internet radio stations. UK Based. Prices from \u00a35. Order online.\",\"breadcrumb\":{\"@id\":\"https:\/\/radiojingles24.com\/es\/trying-to-find-professional-dj-jingle-maker-software\/#breadcrumb\"},\"inLanguage\":\"de\",\"potentialAction\":[{\"@type\":\"ReadAction\",\"target\":[\"https:\/\/radiojingles24.com\/es\/trying-to-find-professional-dj-jingle-maker-software\/\"]}]},{\"@type\":\"BreadcrumbList\",\"@id\":\"https:\/\/radiojingles24.com\/es\/trying-to-find-professional-dj-jingle-maker-software\/#breadcrumb\",\"itemListElement\":[{\"@type\":\"ListItem\",\"position\":1,\"name\":\"Home\",\"item\":\"https:\/\/radiojingles24.com\/de\/\"},{\"@type\":\"ListItem\",\"position\":2,\"name\":\"Trying to Find Professional DJ Jingle Maker Software?\"}]},{\"@type\":\"WebSite\",\"@id\":\"https:\/\/radiojingles24.com\/#website\",\"url\":\"https:\/\/radiojingles24.com\/\",\"name\":\"Radio Jingles 24: Radio Jingles | DJ Drops | Podcast Intros | Sung Jingles\",\"description\":\"Radio Jingles, Sung Jingles, DJ Drops, and Podcast Intros for commercial, community and internet radio stations. UK Based. Prices from \u00a35. Order online.\",\"publisher\":{\"@id\":\"https:\/\/radiojingles24.com\/#organization\"},\"potentialAction\":[{\"@type\":\"SearchAction\",\"target\":{\"@type\":\"EntryPoint\",\"urlTemplate\":\"https:\/\/radiojingles24.com\/?s={search_term_string}\"},\"query-input\":{\"@type\":\"PropertyValueSpecification\",\"valueRequired\":true,\"valueName\":\"search_term_string\"}}],\"inLanguage\":\"de\"},{\"@type\":\"Organization\",\"@id\":\"https:\/\/radiojingles24.com\/#organization\",\"name\":\"Radio Jingles 24\",\"url\":\"https:\/\/radiojingles24.com\/\",\"logo\":{\"@type\":\"ImageObject\",\"inLanguage\":\"de\",\"@id\":\"https:\/\/radiojingles24.com\/#\/schema\/logo\/image\/\",\"url\":\"https:\/\/radiojingles24.com\/wp-content\/uploads\/2019\/11\/RadioJingle1-1.jpg\",\"contentUrl\":\"https:\/\/radiojingles24.com\/wp-content\/uploads\/2019\/11\/RadioJingle1-1.jpg\",\"width\":512,\"height\":158,\"caption\":\"Radio Jingles 24\"},\"image\":{\"@id\":\"https:\/\/radiojingles24.com\/#\/schema\/logo\/image\/\"},\"sameAs\":[\"https:\/\/www.facebook.com\/radiojingles24\/\",\"https:\/\/x.com\/radiojingles24\"]}]}<\/script>\n<!-- \/ Yoast SEO plugin. -->","yoast_head_json":{"title":"Radio Jingles 24: Radio Jingles | DJ Drops | Podcast Intros | Gesungene Jingles","description":"Radio Jingles, Sung Jingles, DJ Drops und Podcast Intros f\u00fcr kommerzielle, Community- und Internetradiosender. In Gro\u00dfbritannien ans\u00e4ssig. Preise ab \u00a3 5. Online bestellen.","robots":{"index":"index","follow":"follow","max-snippet":"max-snippet:-1","max-image-preview":"max-image-preview:large","max-video-preview":"max-video-preview:-1"},"canonical":"https:\/\/radiojingles24.com\/de\/trying-to-find-professional-dj-jingle-maker-software\/","og_locale":"de_DE","og_type":"article","og_title":"Radio Jingles 24: Radio Jingles | DJ Drops | Podcast Intros | Sung Jingles","og_description":"Radio Jingles, Sung Jingles, DJ Drops, and Podcast Intros for commercial, community and internet radio stations. UK Based. Prices from \u00a35. Order online.","og_url":"https:\/\/radiojingles24.com\/de\/trying-to-find-professional-dj-jingle-maker-software\/","og_site_name":"Radio Jingles 24: Radio Jingles | DJ Drops | Podcast Intros | Sung Jingles","article_publisher":"https:\/\/www.facebook.com\/radiojingles24\/","twitter_card":"summary_large_image","twitter_site":"@radiojingles24","twitter_misc":{"Gesch\u00e4tzte Lesezeit":"3\u00a0Minuten"},"schema":{"@context":"https:\/\/schema.org","@graph":[{"@type":"WebPage","@id":"https:\/\/radiojingles24.com\/es\/trying-to-find-professional-dj-jingle-maker-software\/","url":"https:\/\/radiojingles24.com\/es\/trying-to-find-professional-dj-jingle-maker-software\/","name":"Radio Jingles 24: Radio Jingles | DJ Drops | Podcast Intros | Gesungene Jingles","isPartOf":{"@id":"https:\/\/radiojingles24.com\/#website"},"datePublished":"2021-11-04T16:05:40+00:00","description":"Radio Jingles, Sung Jingles, DJ Drops und Podcast Intros f\u00fcr kommerzielle, Community- und Internetradiosender. In Gro\u00dfbritannien ans\u00e4ssig. Preise ab \u00a3 5. Online bestellen.","breadcrumb":{"@id":"https:\/\/radiojingles24.com\/es\/trying-to-find-professional-dj-jingle-maker-software\/#breadcrumb"},"inLanguage":"de","potentialAction":[{"@type":"ReadAction","target":["https:\/\/radiojingles24.com\/es\/trying-to-find-professional-dj-jingle-maker-software\/"]}]},{"@type":"BreadcrumbList","@id":"https:\/\/radiojingles24.com\/es\/trying-to-find-professional-dj-jingle-maker-software\/#breadcrumb","itemListElement":[{"@type":"ListItem","position":1,"name":"Home","item":"https:\/\/radiojingles24.com\/de\/"},{"@type":"ListItem","position":2,"name":"Trying to Find Professional DJ Jingle Maker Software?"}]},{"@type":"WebSite","@id":"https:\/\/radiojingles24.com\/#website","url":"https:\/\/radiojingles24.com\/","name":"Radio Jingles 24: Radio Jingles | DJ Drops | Podcast Intros | Gesungene Jingles","description":"Radio Jingles, Sung Jingles, DJ Drops und Podcast Intros f\u00fcr kommerzielle, Community- und Internetradiosender. In Gro\u00dfbritannien ans\u00e4ssig. Preise ab \u00a3 5. Online bestellen.","publisher":{"@id":"https:\/\/radiojingles24.com\/#organization"},"potentialAction":[{"@type":"SearchAction","target":{"@type":"EntryPoint","urlTemplate":"https:\/\/radiojingles24.com\/?s={search_term_string}"},"query-input":{"@type":"PropertyValueSpecification","valueRequired":true,"valueName":"search_term_string"}}],"inLanguage":"de"},{"@type":"Organization","@id":"https:\/\/radiojingles24.com\/#organization","name":"Radio Jingles 24","url":"https:\/\/radiojingles24.com\/","logo":{"@type":"ImageObject","inLanguage":"de","@id":"https:\/\/radiojingles24.com\/#\/schema\/logo\/image\/","url":"https:\/\/radiojingles24.com\/wp-content\/uploads\/2019\/11\/RadioJingle1-1.jpg","contentUrl":"https:\/\/radiojingles24.com\/wp-content\/uploads\/2019\/11\/RadioJingle1-1.jpg","width":512,"height":158,"caption":"Radio Jingles 24"},"image":{"@id":"https:\/\/radiojingles24.com\/#\/schema\/logo\/image\/"},"sameAs":["https:\/\/www.facebook.com\/radiojingles24\/","https:\/\/x.com\/radiojingles24"]}]}},"jetpack_sharing_enabled":true,"_links":{"self":[{"href":"https:\/\/radiojingles24.com\/de\/wp-json\/wp\/v2\/pages\/91713","targetHints":{"allow":["GET"]}}],"collection":[{"href":"https:\/\/radiojingles24.com\/de\/wp-json\/wp\/v2\/pages"}],"about":[{"href":"https:\/\/radiojingles24.com\/de\/wp-json\/wp\/v2\/types\/page"}],"author":[{"embeddable":true,"href":"https:\/\/radiojingles24.com\/de\/wp-json\/wp\/v2\/users\/1"}],"replies":[{"embeddable":true,"href":"https:\/\/radiojingles24.com\/de\/wp-json\/wp\/v2\/comments?post=91713"}],"version-history":[{"count":1,"href":"https:\/\/radiojingles24.com\/de\/wp-json\/wp\/v2\/pages\/91713\/revisions"}],"predecessor-version":[{"id":91715,"href":"https:\/\/radiojingles24.com\/de\/wp-json\/wp\/v2\/pages\/91713\/revisions\/91715"}],"wp:attachment":[{"href":"https:\/\/radiojingles24.com\/de\/wp-json\/wp\/v2\/media?parent=91713"}],"curies":[{"name":"wp","href":"https:\/\/api.w.org\/{rel}","templated":true}]}}