{"id":92382,"date":"2022-01-19T11:20:32","date_gmt":"2022-01-19T11:20:32","guid":{"rendered":"https:\/\/radiojingles24.com\/?page_id=92382"},"modified":"2022-01-19T11:20:32","modified_gmt":"2022-01-19T11:20:32","slug":"are-you-looking-to-buy-jingles","status":"publish","type":"page","link":"https:\/\/radiojingles24.com\/de\/are-you-looking-to-buy-jingles\/","title":{"rendered":"M\u00f6chten Sie Jingles kaufen?"},"content":{"rendered":"<div id=\"fws_69d56a7a6b5f4\"  data-midnight=\"dark\"  data-bg-mobile-hidden=\"\" class=\"wpb_row vc_row-fluid vc_row top-level standard_section\"  style=\"padding-top: 0px; padding-bottom: 0px; \"><div class=\"row-bg-wrap\" data-bg-animation=\"none\"><div class=\"inner-wrap\"><div class=\"row-bg\"  style=\"\"><\/div><\/div><div class=\"row-bg-overlay\" ><\/div><\/div><div class=\"col span_12 dark left\">\n\t<div  class=\"vc_col-sm-12 wpb_column column_container vc_column_container col no-extra-padding\"  data-t-w-inherits=\"default\" data-border-radius=\"none\" data-shadow=\"none\" data-border-animation=\"\" data-border-animation-delay=\"\" data-border-width=\"none\" data-border-style=\"solid\" data-border-color=\"\" data-bg-cover=\"\" data-padding-pos=\"all\" data-has-bg-color=\"false\" data-bg-color=\"\" data-bg-opacity=\"1\" data-hover-bg=\"\" data-hover-bg-opacity=\"1\" data-animation=\"\" data-delay=\"0\"><div class=\"column-bg-overlay\"><\/div>\n\t\t<div class=\"vc_column-inner\">\n\t\t\t<div class=\"wpb_wrapper\">\n\t\t\t\t\r\n\t<div class=\"wpb_text_column wpb_content_element\" >\r\n\t\t<div class=\"wpb_wrapper\">\r\n\t\t\t<p><span style=\"font-weight: 400;\">Sie haben k\u00fcrzlich Ihren eigenen Radiosender gegr\u00fcndet oder brauchen neue Inhalte und m\u00f6chten Jingles kaufen? Dann sind Sie bei uns genau richtig. Willkommen zu <\/span><a href=\"https:\/\/radiojingles24.com\/de\/\"><span style=\"font-weight: 400;\">Radio Jingles 24<\/span><\/a><span style=\"font-weight: 400;\">, wir sind ein Bildproduktionsunternehmen mit Sitz in Gro\u00dfbritannien und \u00fcber 10 Jahren Erfahrung in der Branche.\u00a0<\/span><\/p>\n<p>&nbsp;<\/p>\n<p><span style=\"font-weight: 400;\">Diese langj\u00e4hrige Erfahrung hat es uns erm\u00f6glicht, unsere Produkte weiterzuentwickeln und neu zu konzipieren, sodass wir am Ende etwas gefunden haben, das f\u00fcr alle Anforderungen geeignet ist und auch mit den sich st\u00e4ndig \u00e4ndernden Trends Schritt halten kann. Als Unternehmen bieten wir Jingles f\u00fcr alle m\u00f6glichen kreativen Aspekte in der Branche an, von Radio-DJ-Jingles, Podcast-Jingles und kommerziellen Produktions-Jingles, um nur einige zu nennen.\u00a0<\/span><\/p>\n<p>&nbsp;<\/p>\n<p><b>Blick auf unsere Dienstleistungen\u00a0<\/b><\/p>\n<p>&nbsp;<\/p>\n<p><span style=\"font-weight: 400;\">Wenn Sie Jingles kaufen m\u00f6chten, ist es entscheidend, dass Sie genau wissen, wonach Sie suchen, f\u00fcr die Kategorie, in der Sie erstellen m\u00f6chten. Beispielsweise bieten wir eine Reihe von Sounds und Jingles an, die Sie f\u00fcr Podcasts, Radios und andere kaufen k\u00f6nnen DJs, da ist garantiert eine Option f\u00fcr Sie dabei.<\/span><\/p>\n<p><span style=\"font-weight: 400;\"><br \/>\n<\/span><span style=\"font-weight: 400;\">Wenn Sie Jingles f\u00fcr Ihren Podcast kaufen m\u00f6chten, den Sie gerade erstellt haben oder der vielleicht gerade mit der Ausstrahlung begonnen hat, dann ist unser <\/span><a href=\"https:\/\/radiojingles24.com\/de\/produkt\/podcastpackvol1\/\"><span style=\"font-weight: 400;\">Podcast-Paket Vol.1<\/span><\/a><span style=\"font-weight: 400;\"> wird die ideale Option f\u00fcr Sie sein. In diesem Paket haben Sie die M\u00f6glichkeit, aus einer Vielzahl unserer beliebten Stimmen auszuw\u00e4hlen. Dies ist gro\u00dfartig f\u00fcr diejenigen, die gerade erst anfangen und Ideen f\u00fcr zuk\u00fcnftige Inhalte ben\u00f6tigen, oder die Hilfe ben\u00f6tigen, wenn sie nachsehen, was sie posten und wie sie ihren Podcast von ihren \u00fcblichen Inhalten \u00e4ndern k\u00f6nnen.\u00a0<\/span><\/p>\n<p>&nbsp;<\/p>\n<p><span style=\"font-weight: 400;\">Diese speziellen Jingles, die Sie kaufen k\u00f6nnen, sind \u00e4u\u00dferst n\u00fctzliche Phrasen, sie reichen von \u201eWillkommen zur\u00fcck\u201c bis hin zu \u201eDer besondere Gast dieser Woche ist\u201c. . Als n\u00e4chstes haben wir unser Intro- und Outro-Podcast-Paket, das beim Kauf der Jingles auch mit einer Vielzahl zur Auswahl geliefert wird.\u00a0<\/span><\/p>\n<p>&nbsp;<\/p>\n<p><span style=\"font-weight: 400;\">In diesem Paket w\u00e4hlen Sie aus einer Reihe von vorab aufgezeichneten Voice-Overs, die Ihnen die M\u00f6glichkeit geben, sich eine Reihe von T\u00f6nen anzuh\u00f6ren und zu sehen, welcher f\u00fcr Sie am besten geeignet ist. Sobald diese Entscheidung getroffen ist, k\u00f6nnen Sie Ihr eigenes Skript erstellen, das auf Ihre Inhalte und Ihr Publikum zugeschnitten ist \u2013 und es ganz zu Ihrem eigenen machen.<\/span><\/p>\n<p>&nbsp;<\/p>\n<p><b>M\u00f6chten Sie mehr Informationen?<\/b><\/p>\n<p>&nbsp;<\/p>\n<p><span style=\"font-weight: 400;\">Hier bei Radio Jingles 24 glauben wir an die Kundenzufriedenheit und sind stets bestrebt, Ihre Erwartungen zu \u00fcbertreffen. Wir werden alle hergestellten Jingles innerhalb von 24 Stunden produzieren. Wir glauben, dass der Kauf von Jingles ein aufregender Prozess und der Beginn eines neuen kreativen Outlets sein sollte, und nicht der Prozess, bei dem Sie warten m\u00fcssen, bis etwas beginnt.<\/span><\/p>\n<p><span style=\"font-weight: 400;\">Wenn Sie weitere Informationen zum Kauf von Jingles w\u00fcnschen, besuchen Sie bitte unsere Website unter <\/span><a href=\"http:\/\/radiojingles24.com\/de\/\"><span style=\"font-weight: 400;\">radiojingles24.com<\/span><\/a><span style=\"font-weight: 400;\"> oder rufen Sie noch heute ein Mitglied unseres Teams unter +44 (0) 113 5346686 f\u00fcr das Vereinigte K\u00f6nigreich oder +1 (212) 710-1350 f\u00fcr die USA an.<\/span><\/p>\n\r\n\t\t<\/div>\r\n\t<\/div>\r\n\n\t\t\t<\/div> \n\t\t<\/div>\n\t<\/div> \n<\/div><\/div>","protected":false},"excerpt":{"rendered":"Sie haben k\u00fcrzlich Ihren eigenen Radiosender gegr\u00fcndet oder brauchen neue Inhalte und m\u00f6chten Jingles kaufen? Dann sind Sie bei uns genau richtig...","protected":false},"author":1,"featured_media":0,"parent":0,"menu_order":0,"comment_status":"closed","ping_status":"closed","template":"","meta":{"_exactmetrics_skip_tracking":false,"_exactmetrics_sitenote_active":false,"_exactmetrics_sitenote_note":"","_exactmetrics_sitenote_category":0,"footnotes":""},"class_list":["post-92382","page","type-page","status-publish"],"yoast_head":"<!-- This site is optimized with the Yoast SEO plugin v26.8 - https:\/\/yoast.com\/product\/yoast-seo-wordpress\/ -->\n<title>Radio Jingles 24: Radio Jingles | DJ Drops | Podcast Intros | Sung Jingles<\/title>\n<meta name=\"description\" content=\"Radio Jingles, Sung Jingles, DJ Drops, and Podcast Intros for commercial, community and internet radio stations. UK Based. Prices from \u00a35. Order online.\" \/>\n<meta name=\"robots\" content=\"index, follow, max-snippet:-1, max-image-preview:large, max-video-preview:-1\" \/>\n<link rel=\"canonical\" href=\"https:\/\/radiojingles24.com\/de\/are-you-looking-to-buy-jingles\/\" \/>\n<meta property=\"og:locale\" content=\"de_DE\" \/>\n<meta property=\"og:type\" content=\"article\" \/>\n<meta property=\"og:title\" content=\"Radio Jingles 24: Radio Jingles | DJ Drops | Podcast Intros | Sung Jingles\" \/>\n<meta property=\"og:description\" content=\"Radio Jingles, Sung Jingles, DJ Drops, and Podcast Intros for commercial, community and internet radio stations. UK Based. Prices from \u00a35. Order online.\" \/>\n<meta property=\"og:url\" content=\"https:\/\/radiojingles24.com\/de\/are-you-looking-to-buy-jingles\/\" \/>\n<meta property=\"og:site_name\" content=\"Radio Jingles 24: Radio Jingles | DJ Drops | Podcast Intros | Sung Jingles\" \/>\n<meta property=\"article:publisher\" content=\"https:\/\/www.facebook.com\/radiojingles24\/\" \/>\n<meta name=\"twitter:card\" content=\"summary_large_image\" \/>\n<meta name=\"twitter:site\" content=\"@radiojingles24\" \/>\n<meta name=\"twitter:label1\" content=\"Gesch\u00e4tzte Lesezeit\" \/>\n\t<meta name=\"twitter:data1\" content=\"3\u00a0Minuten\" \/>\n<script type=\"application\/ld+json\" class=\"yoast-schema-graph\">{\"@context\":\"https:\/\/schema.org\",\"@graph\":[{\"@type\":\"WebPage\",\"@id\":\"https:\/\/radiojingles24.com\/are-you-looking-to-buy-jingles\/\",\"url\":\"https:\/\/radiojingles24.com\/are-you-looking-to-buy-jingles\/\",\"name\":\"Radio Jingles 24: Radio Jingles | DJ Drops | Podcast Intros | Sung Jingles\",\"isPartOf\":{\"@id\":\"https:\/\/radiojingles24.com\/#website\"},\"datePublished\":\"2022-01-19T11:20:32+00:00\",\"description\":\"Radio Jingles, Sung Jingles, DJ Drops, and Podcast Intros for commercial, community and internet radio stations. UK Based. Prices from \u00a35. Order online.\",\"breadcrumb\":{\"@id\":\"https:\/\/radiojingles24.com\/are-you-looking-to-buy-jingles\/#breadcrumb\"},\"inLanguage\":\"de\",\"potentialAction\":[{\"@type\":\"ReadAction\",\"target\":[\"https:\/\/radiojingles24.com\/are-you-looking-to-buy-jingles\/\"]}]},{\"@type\":\"BreadcrumbList\",\"@id\":\"https:\/\/radiojingles24.com\/are-you-looking-to-buy-jingles\/#breadcrumb\",\"itemListElement\":[{\"@type\":\"ListItem\",\"position\":1,\"name\":\"Home\",\"item\":\"https:\/\/radiojingles24.com\/de\/\"},{\"@type\":\"ListItem\",\"position\":2,\"name\":\"Are you Looking to Buy Jingles?\"}]},{\"@type\":\"WebSite\",\"@id\":\"https:\/\/radiojingles24.com\/#website\",\"url\":\"https:\/\/radiojingles24.com\/\",\"name\":\"Radio Jingles 24: Radio Jingles | DJ Drops | Podcast Intros | Sung Jingles\",\"description\":\"Radio Jingles, Sung Jingles, DJ Drops, and Podcast Intros for commercial, community and internet radio stations. UK Based. Prices from \u00a35. Order online.\",\"publisher\":{\"@id\":\"https:\/\/radiojingles24.com\/#organization\"},\"potentialAction\":[{\"@type\":\"SearchAction\",\"target\":{\"@type\":\"EntryPoint\",\"urlTemplate\":\"https:\/\/radiojingles24.com\/?s={search_term_string}\"},\"query-input\":{\"@type\":\"PropertyValueSpecification\",\"valueRequired\":true,\"valueName\":\"search_term_string\"}}],\"inLanguage\":\"de\"},{\"@type\":\"Organization\",\"@id\":\"https:\/\/radiojingles24.com\/#organization\",\"name\":\"Radio Jingles 24\",\"url\":\"https:\/\/radiojingles24.com\/\",\"logo\":{\"@type\":\"ImageObject\",\"inLanguage\":\"de\",\"@id\":\"https:\/\/radiojingles24.com\/#\/schema\/logo\/image\/\",\"url\":\"https:\/\/radiojingles24.com\/wp-content\/uploads\/2019\/11\/RadioJingle1-1.jpg\",\"contentUrl\":\"https:\/\/radiojingles24.com\/wp-content\/uploads\/2019\/11\/RadioJingle1-1.jpg\",\"width\":512,\"height\":158,\"caption\":\"Radio Jingles 24\"},\"image\":{\"@id\":\"https:\/\/radiojingles24.com\/#\/schema\/logo\/image\/\"},\"sameAs\":[\"https:\/\/www.facebook.com\/radiojingles24\/\",\"https:\/\/x.com\/radiojingles24\"]}]}<\/script>\n<!-- \/ Yoast SEO plugin. -->","yoast_head_json":{"title":"Radio Jingles 24: Radio Jingles | DJ Drops | Podcast Intros | Gesungene Jingles","description":"Radio Jingles, Sung Jingles, DJ Drops und Podcast Intros f\u00fcr kommerzielle, Community- und Internetradiosender. In Gro\u00dfbritannien ans\u00e4ssig. Preise ab \u00a3 5. Online bestellen.","robots":{"index":"index","follow":"follow","max-snippet":"max-snippet:-1","max-image-preview":"max-image-preview:large","max-video-preview":"max-video-preview:-1"},"canonical":"https:\/\/radiojingles24.com\/de\/are-you-looking-to-buy-jingles\/","og_locale":"de_DE","og_type":"article","og_title":"Radio Jingles 24: Radio Jingles | DJ Drops | Podcast Intros | Sung Jingles","og_description":"Radio Jingles, Sung Jingles, DJ Drops, and Podcast Intros for commercial, community and internet radio stations. UK Based. Prices from \u00a35. Order online.","og_url":"https:\/\/radiojingles24.com\/de\/are-you-looking-to-buy-jingles\/","og_site_name":"Radio Jingles 24: Radio Jingles | DJ Drops | Podcast Intros | Sung Jingles","article_publisher":"https:\/\/www.facebook.com\/radiojingles24\/","twitter_card":"summary_large_image","twitter_site":"@radiojingles24","twitter_misc":{"Gesch\u00e4tzte Lesezeit":"3\u00a0Minuten"},"schema":{"@context":"https:\/\/schema.org","@graph":[{"@type":"WebPage","@id":"https:\/\/radiojingles24.com\/are-you-looking-to-buy-jingles\/","url":"https:\/\/radiojingles24.com\/are-you-looking-to-buy-jingles\/","name":"Radio Jingles 24: Radio Jingles | DJ Drops | Podcast Intros | Gesungene Jingles","isPartOf":{"@id":"https:\/\/radiojingles24.com\/#website"},"datePublished":"2022-01-19T11:20:32+00:00","description":"Radio Jingles, Sung Jingles, DJ Drops und Podcast Intros f\u00fcr kommerzielle, Community- und Internetradiosender. In Gro\u00dfbritannien ans\u00e4ssig. Preise ab \u00a3 5. Online bestellen.","breadcrumb":{"@id":"https:\/\/radiojingles24.com\/are-you-looking-to-buy-jingles\/#breadcrumb"},"inLanguage":"de","potentialAction":[{"@type":"ReadAction","target":["https:\/\/radiojingles24.com\/are-you-looking-to-buy-jingles\/"]}]},{"@type":"BreadcrumbList","@id":"https:\/\/radiojingles24.com\/are-you-looking-to-buy-jingles\/#breadcrumb","itemListElement":[{"@type":"ListItem","position":1,"name":"Home","item":"https:\/\/radiojingles24.com\/de\/"},{"@type":"ListItem","position":2,"name":"Are you Looking to Buy Jingles?"}]},{"@type":"WebSite","@id":"https:\/\/radiojingles24.com\/#website","url":"https:\/\/radiojingles24.com\/","name":"Radio Jingles 24: Radio Jingles | DJ Drops | Podcast Intros | Gesungene Jingles","description":"Radio Jingles, Sung Jingles, DJ Drops und Podcast Intros f\u00fcr kommerzielle, Community- und Internetradiosender. In Gro\u00dfbritannien ans\u00e4ssig. Preise ab \u00a3 5. Online bestellen.","publisher":{"@id":"https:\/\/radiojingles24.com\/#organization"},"potentialAction":[{"@type":"SearchAction","target":{"@type":"EntryPoint","urlTemplate":"https:\/\/radiojingles24.com\/?s={search_term_string}"},"query-input":{"@type":"PropertyValueSpecification","valueRequired":true,"valueName":"search_term_string"}}],"inLanguage":"de"},{"@type":"Organization","@id":"https:\/\/radiojingles24.com\/#organization","name":"Radio Jingles 24","url":"https:\/\/radiojingles24.com\/","logo":{"@type":"ImageObject","inLanguage":"de","@id":"https:\/\/radiojingles24.com\/#\/schema\/logo\/image\/","url":"https:\/\/radiojingles24.com\/wp-content\/uploads\/2019\/11\/RadioJingle1-1.jpg","contentUrl":"https:\/\/radiojingles24.com\/wp-content\/uploads\/2019\/11\/RadioJingle1-1.jpg","width":512,"height":158,"caption":"Radio Jingles 24"},"image":{"@id":"https:\/\/radiojingles24.com\/#\/schema\/logo\/image\/"},"sameAs":["https:\/\/www.facebook.com\/radiojingles24\/","https:\/\/x.com\/radiojingles24"]}]}},"jetpack_sharing_enabled":true,"_links":{"self":[{"href":"https:\/\/radiojingles24.com\/de\/wp-json\/wp\/v2\/pages\/92382","targetHints":{"allow":["GET"]}}],"collection":[{"href":"https:\/\/radiojingles24.com\/de\/wp-json\/wp\/v2\/pages"}],"about":[{"href":"https:\/\/radiojingles24.com\/de\/wp-json\/wp\/v2\/types\/page"}],"author":[{"embeddable":true,"href":"https:\/\/radiojingles24.com\/de\/wp-json\/wp\/v2\/users\/1"}],"replies":[{"embeddable":true,"href":"https:\/\/radiojingles24.com\/de\/wp-json\/wp\/v2\/comments?post=92382"}],"version-history":[{"count":1,"href":"https:\/\/radiojingles24.com\/de\/wp-json\/wp\/v2\/pages\/92382\/revisions"}],"predecessor-version":[{"id":92385,"href":"https:\/\/radiojingles24.com\/de\/wp-json\/wp\/v2\/pages\/92382\/revisions\/92385"}],"wp:attachment":[{"href":"https:\/\/radiojingles24.com\/de\/wp-json\/wp\/v2\/media?parent=92382"}],"curies":[{"name":"wp","href":"https:\/\/api.w.org\/{rel}","templated":true}]}}