{"id":92503,"date":"2022-02-01T13:46:46","date_gmt":"2022-02-01T13:46:46","guid":{"rendered":"https:\/\/radiojingles24.com\/?page_id=92503"},"modified":"2022-02-01T13:46:46","modified_gmt":"2022-02-01T13:46:46","slug":"are-you-looking-for-voice-over-agents-in-london","status":"publish","type":"page","link":"https:\/\/radiojingles24.com\/de\/are-you-looking-for-voice-over-agents-in-london\/","title":{"rendered":"Suchen Sie nach Sprechern in London?"},"content":{"rendered":"<div id=\"fws_69d6268b53b5f\"  data-midnight=\"dark\"  data-bg-mobile-hidden=\"\" class=\"wpb_row vc_row-fluid vc_row top-level standard_section\"  style=\"padding-top: 0px; padding-bottom: 0px; \"><div class=\"row-bg-wrap\" data-bg-animation=\"none\"><div class=\"inner-wrap\"><div class=\"row-bg\"  style=\"\"><\/div><\/div><div class=\"row-bg-overlay\" ><\/div><\/div><div class=\"col span_12 dark left\">\n\t<div  class=\"vc_col-sm-12 wpb_column column_container vc_column_container col no-extra-padding\"  data-t-w-inherits=\"default\" data-border-radius=\"none\" data-shadow=\"none\" data-border-animation=\"\" data-border-animation-delay=\"\" data-border-width=\"none\" data-border-style=\"solid\" data-border-color=\"\" data-bg-cover=\"\" data-padding-pos=\"all\" data-has-bg-color=\"false\" data-bg-color=\"\" data-bg-opacity=\"1\" data-hover-bg=\"\" data-hover-bg-opacity=\"1\" data-animation=\"\" data-delay=\"0\"><div class=\"column-bg-overlay\"><\/div>\n\t\t<div class=\"vc_column-inner\">\n\t\t\t<div class=\"wpb_wrapper\">\n\t\t\t\t\r\n\t<div class=\"wpb_text_column wpb_content_element\" >\r\n\t\t<div class=\"wpb_wrapper\">\r\n\t\t\t<p><span style=\"font-weight: 400;\">M\u00f6chten Sie sich von der Masse abheben, wenn es darum geht, Ihre Marke zu bewerben? Vielleicht brauchen Sie eine neue Stimme f\u00fcr Ihren Radiosender? Hier, um <\/span><a href=\"https:\/\/radiojingles24.com\/de\/\"><span style=\"font-weight: 400;\">Radio Jingles 24<\/span><\/a><span style=\"font-weight: 400;\"> Seit \u00fcber 10 Jahren verf\u00fcgen wir \u00fcber die Erfahrung und das Wissen, die beim Erstellen und Produzieren von Jingles f\u00fcr Radiosender-Imaging, gesungene Radio-Jingles, Werbespots und Anzeigen, Podcast-Audio und DJ-Drops erforderlich sind. Unsere Dienstleistungen richten sich an alle, die ein schnelles und einzigartiges professionelles Voice-Over ben\u00f6tigen, sei es f\u00fcr kommerzielle, Community- und Internetradiosender, Radio-DJs oder sogar Podcaster.\u00a0<\/span><\/p>\n<h2><b>Warum Radio Jingles 24 als Sprecher in London w\u00e4hlen?<\/b><\/h2>\n<p><span style=\"font-weight: 400;\">Im Gegensatz zu unseren Mitbewerbern produzieren wir erschwingliche, ma\u00dfgeschneiderte Jingles und Voice-Overs, die innerhalb von 24 Stunden fertig gestellt und an Sie geliefert werden; perfekt f\u00fcr die Last-Minute-Anfragen. Unser riesiger Katalog an lizenzfreier Musik und Effekten klingt garantiert gro\u00dfartig und hebt Sie von den anderen Werbetreibenden in Ihrer Branche ab. Bei Radio Jingles 24 k\u00f6nnen Sie eine Auswahl der besten Talente anbieten, aus denen Sie dann ausw\u00e4hlen k\u00f6nnen, welche <\/span><a href=\"https:\/\/radiojingles24.com\/de\/#voices\"><span style=\"font-weight: 400;\">unsere Sprecher<\/span><\/a><span style=\"font-weight: 400;\"> Ihrer Meinung nach am besten zu Ihrem Projekt passt.\u00a0<\/span><\/p>\n<p><span style=\"font-weight: 400;\">Wir folgen einem unkomplizierten Prozess, der nur wenig Input von Ihnen erfordert; damit wir nicht zu viel Zeit an Ihrem Tag in Anspruch nehmen. Sie haben die M\u00f6glichkeit, bestimmte Details \u00fcber den gew\u00fcnschten Jingle- oder Voice-Over-Stil auszuw\u00e4hlen. In dieser Phase k\u00f6nnen Sie auch ein Skript einsenden; sei es f\u00fcr eine 10-Sekunden-Aufnahme mit 20 bis 25 W\u00f6rtern, bis hin zu einer vollen Minute mit 120 bis 150 W\u00f6rtern, wir sind in der Lage, Ihre W\u00fcnsche zu erf\u00fcllen.\u00a0<\/span><\/p>\n<p><span style=\"font-weight: 400;\">Wir werden dann Ihre Stimme hier in unserem Studio mit dem von Ihnen ausgew\u00e4hlten Sprecher oder S\u00e4nger und dem von Ihnen bereitgestellten Skript aufnehmen, gefolgt von einem Schnitt, der Ihren Spezifikationen entspricht, und der endg\u00fcltigen vollst\u00e4ndigen Produktion, um Ihren Jingle zu mastern.<\/span><\/p>\n<p><span style=\"font-weight: 400;\">Schlie\u00dflich liefern wir Ihr fertiges Produkt entweder als HQ WAVE-, MP3- oder AIFF-Datei, 100% lizenzfrei, alles innerhalb von 24 Stunden nach Ihrer ersten Beratung! Was kann man sich mehr von einem Voice-over-Agenten in London w\u00fcnschen? Einfach, oder? Wir sind stolz auf unseren schnellen und einfachen Prozess und haben durch unsere Erfahrung festgestellt, dass unsere Kunden immer voll und ganz mit unserer Handarbeit zufrieden sind; Wir sind uns also sicher, dass Sie lieben werden, was wir f\u00fcr Sie auf Lager haben.<\/span><\/p>\n<p><b>Bereit anzufangen?<\/b><\/p>\n<p><span style=\"font-weight: 400;\">Gef\u00e4llt Ihnen der Klang unseres Angebots hier bei Radio Jingles 24 oder haben Sie vielleicht eine Herausforderung f\u00fcr uns, die vielleicht nicht auf unserer Website aufgef\u00fchrt ist? Wir w\u00fcrden gerne davon h\u00f6ren. Sie k\u00f6nnen <\/span><a href=\"https:\/\/radiojingles24.com\/de\/contact-us\/\"><span style=\"font-weight: 400;\">kontaktiere uns heute<\/span><\/a><span style=\"font-weight: 400;\"> \u00fcber unser Nachrichtenformular auf unserer Website, um weitere Informationen zu unseren bestehenden oder ma\u00dfgeschneiderten Dienstleistungen zu erhalten.\u00a0<\/span><\/p>\n<p><span style=\"font-weight: 400;\">Wir hei\u00dfen Sie auch herzlich willkommen, uns unter +44 (0) 113 5346686 anzurufen, wenn Sie aus dem Vereinigten K\u00f6nigreich anrufen, oder +1 (212) 710-1350 zu w\u00e4hlen, wenn Sie aus den Vereinigten Staaten mit uns verbunden sind. Alternativ k\u00f6nnen Sie uns auch eine E-Mail an senden <\/span><a href=\"mailto:info@radiojingles24.com\"><span style=\"font-weight: 400;\">info@radiojingles24.com<\/span><\/a><span style=\"font-weight: 400;\"> wo ein Mitglied unseres Teams Ihre Fragen oder Fragen zu unserem Unternehmen und den Ihnen zur Verf\u00fcgung stehenden Dienstleistungen beantworten kann.\u00a0<\/span><\/p>\n\r\n\t\t<\/div>\r\n\t<\/div>\r\n\n\t\t\t<\/div> \n\t\t<\/div>\n\t<\/div> \n<\/div><\/div>","protected":false},"excerpt":{"rendered":"M\u00f6chten Sie sich von der Masse abheben, wenn es darum geht, Ihre Marke zu bewerben? Vielleicht brauchen Sie eine neue Stimme f\u00fcr Ihren Radiosender? Hier bei Radio Jingles...","protected":false},"author":1,"featured_media":0,"parent":0,"menu_order":0,"comment_status":"closed","ping_status":"closed","template":"","meta":{"_exactmetrics_skip_tracking":false,"_exactmetrics_sitenote_active":false,"_exactmetrics_sitenote_note":"","_exactmetrics_sitenote_category":0,"footnotes":""},"class_list":["post-92503","page","type-page","status-publish"],"yoast_head":"<!-- This site is optimized with the Yoast SEO plugin v26.8 - https:\/\/yoast.com\/product\/yoast-seo-wordpress\/ -->\n<title>Radio Jingles 24: Radio Jingles | DJ Drops | Podcast Intros | Sung Jingles<\/title>\n<meta name=\"description\" content=\"Radio Jingles, Sung Jingles, DJ Drops, and Podcast Intros for commercial, community and internet radio stations. UK Based. Prices from \u00a35. Order online.\" \/>\n<meta name=\"robots\" content=\"index, follow, max-snippet:-1, max-image-preview:large, max-video-preview:-1\" \/>\n<link rel=\"canonical\" href=\"https:\/\/radiojingles24.com\/de\/are-you-looking-for-voice-over-agents-in-london\/\" \/>\n<meta property=\"og:locale\" content=\"de_DE\" \/>\n<meta property=\"og:type\" content=\"article\" \/>\n<meta property=\"og:title\" content=\"Radio Jingles 24: Radio Jingles | DJ Drops | Podcast Intros | Sung Jingles\" \/>\n<meta property=\"og:description\" content=\"Radio Jingles, Sung Jingles, DJ Drops, and Podcast Intros for commercial, community and internet radio stations. UK Based. Prices from \u00a35. Order online.\" \/>\n<meta property=\"og:url\" content=\"https:\/\/radiojingles24.com\/de\/are-you-looking-for-voice-over-agents-in-london\/\" \/>\n<meta property=\"og:site_name\" content=\"Radio Jingles 24: Radio Jingles | DJ Drops | Podcast Intros | Sung Jingles\" \/>\n<meta property=\"article:publisher\" content=\"https:\/\/www.facebook.com\/radiojingles24\/\" \/>\n<meta name=\"twitter:card\" content=\"summary_large_image\" \/>\n<meta name=\"twitter:site\" content=\"@radiojingles24\" \/>\n<meta name=\"twitter:label1\" content=\"Gesch\u00e4tzte Lesezeit\" \/>\n\t<meta name=\"twitter:data1\" content=\"3\u00a0Minuten\" \/>\n<script type=\"application\/ld+json\" class=\"yoast-schema-graph\">{\"@context\":\"https:\/\/schema.org\",\"@graph\":[{\"@type\":\"WebPage\",\"@id\":\"https:\/\/radiojingles24.com\/de\/are-you-looking-for-voice-over-agents-in-london\/\",\"url\":\"https:\/\/radiojingles24.com\/de\/are-you-looking-for-voice-over-agents-in-london\/\",\"name\":\"Radio Jingles 24: Radio Jingles | DJ Drops | Podcast Intros | Sung Jingles\",\"isPartOf\":{\"@id\":\"https:\/\/radiojingles24.com\/#website\"},\"datePublished\":\"2022-02-01T13:46:46+00:00\",\"description\":\"Radio Jingles, Sung Jingles, DJ Drops, and Podcast Intros for commercial, community and internet radio stations. UK Based. Prices from \u00a35. Order online.\",\"breadcrumb\":{\"@id\":\"https:\/\/radiojingles24.com\/de\/are-you-looking-for-voice-over-agents-in-london\/#breadcrumb\"},\"inLanguage\":\"de\",\"potentialAction\":[{\"@type\":\"ReadAction\",\"target\":[\"https:\/\/radiojingles24.com\/de\/are-you-looking-for-voice-over-agents-in-london\/\"]}]},{\"@type\":\"BreadcrumbList\",\"@id\":\"https:\/\/radiojingles24.com\/de\/are-you-looking-for-voice-over-agents-in-london\/#breadcrumb\",\"itemListElement\":[{\"@type\":\"ListItem\",\"position\":1,\"name\":\"Home\",\"item\":\"https:\/\/radiojingles24.com\/de\/\"},{\"@type\":\"ListItem\",\"position\":2,\"name\":\"Are you Looking for Voice Over Agents in London?\"}]},{\"@type\":\"WebSite\",\"@id\":\"https:\/\/radiojingles24.com\/#website\",\"url\":\"https:\/\/radiojingles24.com\/\",\"name\":\"Radio Jingles 24: Radio Jingles | DJ Drops | Podcast Intros | Sung Jingles\",\"description\":\"Radio Jingles, Sung Jingles, DJ Drops, and Podcast Intros for commercial, community and internet radio stations. UK Based. Prices from \u00a35. Order online.\",\"publisher\":{\"@id\":\"https:\/\/radiojingles24.com\/#organization\"},\"potentialAction\":[{\"@type\":\"SearchAction\",\"target\":{\"@type\":\"EntryPoint\",\"urlTemplate\":\"https:\/\/radiojingles24.com\/?s={search_term_string}\"},\"query-input\":{\"@type\":\"PropertyValueSpecification\",\"valueRequired\":true,\"valueName\":\"search_term_string\"}}],\"inLanguage\":\"de\"},{\"@type\":\"Organization\",\"@id\":\"https:\/\/radiojingles24.com\/#organization\",\"name\":\"Radio Jingles 24\",\"url\":\"https:\/\/radiojingles24.com\/\",\"logo\":{\"@type\":\"ImageObject\",\"inLanguage\":\"de\",\"@id\":\"https:\/\/radiojingles24.com\/#\/schema\/logo\/image\/\",\"url\":\"https:\/\/radiojingles24.com\/wp-content\/uploads\/2019\/11\/RadioJingle1-1.jpg\",\"contentUrl\":\"https:\/\/radiojingles24.com\/wp-content\/uploads\/2019\/11\/RadioJingle1-1.jpg\",\"width\":512,\"height\":158,\"caption\":\"Radio Jingles 24\"},\"image\":{\"@id\":\"https:\/\/radiojingles24.com\/#\/schema\/logo\/image\/\"},\"sameAs\":[\"https:\/\/www.facebook.com\/radiojingles24\/\",\"https:\/\/x.com\/radiojingles24\"]}]}<\/script>\n<!-- \/ Yoast SEO plugin. -->","yoast_head_json":{"title":"Radio Jingles 24: Radio Jingles | DJ Drops | Podcast Intros | Gesungene Jingles","description":"Radio Jingles, Sung Jingles, DJ Drops und Podcast Intros f\u00fcr kommerzielle, Community- und Internetradiosender. In Gro\u00dfbritannien ans\u00e4ssig. Preise ab \u00a3 5. Online bestellen.","robots":{"index":"index","follow":"follow","max-snippet":"max-snippet:-1","max-image-preview":"max-image-preview:large","max-video-preview":"max-video-preview:-1"},"canonical":"https:\/\/radiojingles24.com\/de\/are-you-looking-for-voice-over-agents-in-london\/","og_locale":"de_DE","og_type":"article","og_title":"Radio Jingles 24: Radio Jingles | DJ Drops | Podcast Intros | Sung Jingles","og_description":"Radio Jingles, Sung Jingles, DJ Drops, and Podcast Intros for commercial, community and internet radio stations. UK Based. Prices from \u00a35. Order online.","og_url":"https:\/\/radiojingles24.com\/de\/are-you-looking-for-voice-over-agents-in-london\/","og_site_name":"Radio Jingles 24: Radio Jingles | DJ Drops | Podcast Intros | Sung Jingles","article_publisher":"https:\/\/www.facebook.com\/radiojingles24\/","twitter_card":"summary_large_image","twitter_site":"@radiojingles24","twitter_misc":{"Gesch\u00e4tzte Lesezeit":"3\u00a0Minuten"},"schema":{"@context":"https:\/\/schema.org","@graph":[{"@type":"WebPage","@id":"https:\/\/radiojingles24.com\/de\/are-you-looking-for-voice-over-agents-in-london\/","url":"https:\/\/radiojingles24.com\/de\/are-you-looking-for-voice-over-agents-in-london\/","name":"Radio Jingles 24: Radio Jingles | DJ Drops | Podcast Intros | Gesungene Jingles","isPartOf":{"@id":"https:\/\/radiojingles24.com\/#website"},"datePublished":"2022-02-01T13:46:46+00:00","description":"Radio Jingles, Sung Jingles, DJ Drops und Podcast Intros f\u00fcr kommerzielle, Community- und Internetradiosender. In Gro\u00dfbritannien ans\u00e4ssig. Preise ab \u00a3 5. Online bestellen.","breadcrumb":{"@id":"https:\/\/radiojingles24.com\/de\/are-you-looking-for-voice-over-agents-in-london\/#breadcrumb"},"inLanguage":"de","potentialAction":[{"@type":"ReadAction","target":["https:\/\/radiojingles24.com\/de\/are-you-looking-for-voice-over-agents-in-london\/"]}]},{"@type":"BreadcrumbList","@id":"https:\/\/radiojingles24.com\/de\/are-you-looking-for-voice-over-agents-in-london\/#breadcrumb","itemListElement":[{"@type":"ListItem","position":1,"name":"Home","item":"https:\/\/radiojingles24.com\/de\/"},{"@type":"ListItem","position":2,"name":"Are you Looking for Voice Over Agents in London?"}]},{"@type":"WebSite","@id":"https:\/\/radiojingles24.com\/#website","url":"https:\/\/radiojingles24.com\/","name":"Radio Jingles 24: Radio Jingles | DJ Drops | Podcast Intros | Gesungene Jingles","description":"Radio Jingles, Sung Jingles, DJ Drops und Podcast Intros f\u00fcr kommerzielle, Community- und Internetradiosender. In Gro\u00dfbritannien ans\u00e4ssig. Preise ab \u00a3 5. Online bestellen.","publisher":{"@id":"https:\/\/radiojingles24.com\/#organization"},"potentialAction":[{"@type":"SearchAction","target":{"@type":"EntryPoint","urlTemplate":"https:\/\/radiojingles24.com\/?s={search_term_string}"},"query-input":{"@type":"PropertyValueSpecification","valueRequired":true,"valueName":"search_term_string"}}],"inLanguage":"de"},{"@type":"Organization","@id":"https:\/\/radiojingles24.com\/#organization","name":"Radio Jingles 24","url":"https:\/\/radiojingles24.com\/","logo":{"@type":"ImageObject","inLanguage":"de","@id":"https:\/\/radiojingles24.com\/#\/schema\/logo\/image\/","url":"https:\/\/radiojingles24.com\/wp-content\/uploads\/2019\/11\/RadioJingle1-1.jpg","contentUrl":"https:\/\/radiojingles24.com\/wp-content\/uploads\/2019\/11\/RadioJingle1-1.jpg","width":512,"height":158,"caption":"Radio Jingles 24"},"image":{"@id":"https:\/\/radiojingles24.com\/#\/schema\/logo\/image\/"},"sameAs":["https:\/\/www.facebook.com\/radiojingles24\/","https:\/\/x.com\/radiojingles24"]}]}},"jetpack_sharing_enabled":true,"_links":{"self":[{"href":"https:\/\/radiojingles24.com\/de\/wp-json\/wp\/v2\/pages\/92503","targetHints":{"allow":["GET"]}}],"collection":[{"href":"https:\/\/radiojingles24.com\/de\/wp-json\/wp\/v2\/pages"}],"about":[{"href":"https:\/\/radiojingles24.com\/de\/wp-json\/wp\/v2\/types\/page"}],"author":[{"embeddable":true,"href":"https:\/\/radiojingles24.com\/de\/wp-json\/wp\/v2\/users\/1"}],"replies":[{"embeddable":true,"href":"https:\/\/radiojingles24.com\/de\/wp-json\/wp\/v2\/comments?post=92503"}],"version-history":[{"count":1,"href":"https:\/\/radiojingles24.com\/de\/wp-json\/wp\/v2\/pages\/92503\/revisions"}],"predecessor-version":[{"id":92507,"href":"https:\/\/radiojingles24.com\/de\/wp-json\/wp\/v2\/pages\/92503\/revisions\/92507"}],"wp:attachment":[{"href":"https:\/\/radiojingles24.com\/de\/wp-json\/wp\/v2\/media?parent=92503"}],"curies":[{"name":"wp","href":"https:\/\/api.w.org\/{rel}","templated":true}]}}