{"id":93747,"date":"2022-03-21T11:58:23","date_gmt":"2022-03-21T11:58:23","guid":{"rendered":"https:\/\/radiojingles24.com\/?page_id=93747"},"modified":"2022-06-03T12:00:02","modified_gmt":"2022-06-03T12:00:02","slug":"jingle-for-a-podcast","status":"publish","type":"page","link":"https:\/\/radiojingles24.com\/de\/jingle-for-a-podcast\/","title":{"rendered":"M\u00f6chten Sie wissen, wie man einen Jingle f\u00fcr einen Podcast erstellt?"},"content":{"rendered":"<div id=\"fws_69d69b72475ab\"  data-midnight=\"dark\"  data-bg-mobile-hidden=\"\" class=\"wpb_row vc_row-fluid vc_row top-level standard_section\"  style=\"padding-top: 0px; padding-bottom: 0px; \"><div class=\"row-bg-wrap\" data-bg-animation=\"none\"><div class=\"inner-wrap\"><div class=\"row-bg\"  style=\"\"><\/div><\/div><div class=\"row-bg-overlay\" ><\/div><\/div><div class=\"col span_12 dark left\">\n\t<div  class=\"vc_col-sm-12 wpb_column column_container vc_column_container col no-extra-padding\"  data-t-w-inherits=\"default\" data-border-radius=\"none\" data-shadow=\"none\" data-border-animation=\"\" data-border-animation-delay=\"\" data-border-width=\"none\" data-border-style=\"solid\" data-border-color=\"\" data-bg-cover=\"\" data-padding-pos=\"all\" data-has-bg-color=\"false\" data-bg-color=\"\" data-bg-opacity=\"1\" data-hover-bg=\"\" data-hover-bg-opacity=\"1\" data-animation=\"\" data-delay=\"0\"><div class=\"column-bg-overlay\"><\/div>\n\t\t<div class=\"vc_column-inner\">\n\t\t\t<div class=\"wpb_wrapper\">\n\t\t\t\t\r\n\t<div class=\"wpb_text_column wpb_content_element\" >\r\n\t\t<div class=\"wpb_wrapper\">\r\n\t\t\t<p><span style=\"font-weight: 400;\">Starten Sie einen neuen Podcast? Vielleicht m\u00f6chten Sie Ihr bestehendes Podcast-Intro aktualisieren, indem Sie einen professionellen Standard-Jingle hinzuf\u00fcgen? Nun, hier bei <\/span><a href=\"https:\/\/radiojingles24.com\/de\/\"><span style=\"font-weight: 400;\">Radio Jingles 24<\/span><\/a><span style=\"font-weight: 400;\"> wir haben Sie mit unserem einfachen, aber effektiven, ma\u00dfgeschneiderten Jingle Maker abgedeckt; und die Erstellung dauert nur bis zu 24 Stunden. In den letzten 10 Jahren hat unser Expertenteam \u00fcberall nach der besten, einfach zu bedienenden L\u00f6sung f\u00fcr Einzelkunden und Unternehmen gesucht, die wissen m\u00f6chten, wie man einen Jingle f\u00fcr einen Podcast erstellt, und wir k\u00f6nnen mit Sicherheit sagen, dass wir es endlich gefunden haben fand es. Erstellen Sie noch heute in nur 5 Minuten Ihren eigenen Jinling mit <\/span><strong><a href=\"https:\/\/radiojingles24.com\/de\/produkt\/spoken-audio\/\">unser Jingle-Generator<\/a><\/strong><span style=\"font-weight: 400;\"> auf unserer Website.<\/span><\/p>\n<p>&nbsp;<\/p>\n<p><b>Machen Sie Ihren Podcast unvergesslich<\/b><\/p>\n<p>&nbsp;<\/p>\n<p><span style=\"font-weight: 400;\">Sie m\u00f6chten also wissen, wie Sie einen Jingle f\u00fcr einen Podcast erstellen? Beginnen wir mit dem ersten Schritt. Suchen Sie einen gesprochenen oder gesungenen Jingle? Gl\u00fccklicherweise haben wir eine gro\u00dfe Auswahl an Stimmen; von beiden <\/span><a href=\"https:\/\/radiojingles24.com\/de\/#voices\"><span style=\"font-weight: 400;\"><strong>Sprecher und S\u00e4nger<\/strong><\/span><\/a><span style=\"font-weight: 400;\">, dass wir sicher genau das Richtige f\u00fcr Ihren Podcast sind. Abh\u00e4ngig von Ihrer gew\u00e4hlten Stimme k\u00f6nnen Sie damit rechnen, zwischen 5 und 20 \u00a3 zu zahlen; dies wird steigen, wenn Sie sich durch den Generierungsprozess bewegen.\u00a0<\/span><\/p>\n<p>&nbsp;<\/p>\n<p><span style=\"font-weight: 400;\">Sobald Sie mit Ihrer Stimme zufrieden sind, werden Sie nach einem Skript gefragt, das ist genau das, was Sie gerne sein m\u00f6chten <\/span><a href=\"https:\/\/radiojingles24.com\/de\/produkt\/spoken-audio\/\"><span style=\"font-weight: 400;\"><strong>gesprochen<\/strong><\/span><\/a><span style=\"font-weight: 400;\"> oder <\/span><strong><a href=\"https:\/\/radiojingles24.com\/de\/produkt\/sung-audio\/\">gesungen<\/a><\/strong><span style=\"font-weight: 400;\"> w\u00e4hrend des Jingle; Auch hier h\u00e4ngt der Preis von der Anzahl der W\u00f6rter ab, die Sie verwenden m\u00f6chten, und wir passen den zus\u00e4tzlichen Preis entsprechend an. In dieser Phase haben Sie auch die M\u00f6glichkeit, uns zus\u00e4tzliche Details mitzuteilen, dies k\u00f6nnen Tipps zur Wortaussprache oder die Betonung bestimmter W\u00f6rter sein.\u00a0<\/span><\/p>\n<p>&nbsp;<\/p>\n<p><span style=\"font-weight: 400;\">Danach k\u00f6nnen Sie die Produktion hinzuf\u00fcgen. Sehen Sie, wie Ihr Jingle zusammenkommt? An diesem Punkt k\u00f6nnen Sie f\u00fcr einen Preis von nur 4,50 \u00a3 beliebige Musik, Gesangseffekte oder Soundeffekte hinzuf\u00fcgen, um Ihr Audio zu formen. Teilen Sie uns abschlie\u00dfend mit, in welchem Format Sie Ihren vollst\u00e4ndigen Jingle erhalten m\u00f6chten; sei es als MP3, WAVE oder AIFF, den Rest \u00fcberlassen Sie uns. Einfach. Sie sind sich nicht sicher, ob Sie bereit sind, mit diesem Prozess fortzufahren? Warum nicht mal vorbeischauen <\/span><strong><a href=\"https:\/\/radiojingles24.com\/de\/produkt-kategorie\/podcast-intro\/\">unsere Podcast-Pakete<\/a><\/strong><span style=\"font-weight: 400;\"> f\u00fcr mehr Inspiration.<\/span><\/p>\n<p>&nbsp;<\/p>\n<p><b>Erstellen Sie Ihren Podcast-Jingle in 4 einfachen Schritten<\/b><\/p>\n<p>&nbsp;<\/p>\n<p><span style=\"font-weight: 400;\">Die Jingle-Erstellung war noch nie so einfach wie mit Radio Jingles 24, also warum verpassen, wenn Sie herausfinden k\u00f6nnen, wie Sie in wenigen Minuten einen Jingle f\u00fcr einen Podcast erstellen k\u00f6nnen. Wenn Sie auf unserer Website auf unsere Option zum Erstellen Ihres eigenen Jingle klicken, werden Sie sofort zu unserer Auswahl an Sprechern und S\u00e4ngern weitergeleitet. Bl\u00e4ttern Sie einfach durch die Stimmen und w\u00e4hlen Sie eine aus, die am besten zu Ihnen und Ihrem Podcast passt. Sobald Sie Ihre Stimme haben, fahren Sie mit den besprochenen Schritten fort und beobachten Sie, wie Ihr Jingle zum Leben erwacht.\u00a0<\/span><\/p>\n<p>&nbsp;<\/p>\n<p><span style=\"font-weight: 400;\">Stolpern Sie unterwegs auf ein Problem oder m\u00f6chten Sie einfach mit unserem Team sprechen, bevor Sie mit Ihrer Jingle-Generierung fortfahren, das k\u00f6nnen Sie <\/span><strong><a href=\"https:\/\/radiojingles24.com\/de\/contact-us\/\">in Verbindung treten<\/a><\/strong><span style=\"font-weight: 400;\"> Kontaktieren Sie uns telefonisch unter +44 (0) 113 5346686 oder senden Sie uns eine E-Mail an <\/span><a href=\"mailto:info@radiojingles24.com\"><span style=\"font-weight: 400;\">info@radiojingles24.com<\/span><\/a><span style=\"font-weight: 400;\"> und wir beantworten gerne Ihre Fragen oder W\u00fcnsche.<\/span><\/p>\n\r\n\t\t<\/div>\r\n\t<\/div>\r\n\n\t\t\t<\/div> \n\t\t<\/div>\n\t<\/div> \n<\/div><\/div>","protected":false},"excerpt":{"rendered":"Starten Sie einen neuen Podcast? Vielleicht m\u00f6chten Sie Ihr bestehendes Podcast-Intro aktualisieren, indem Sie einen professionellen Standard-Jingle hinzuf\u00fcgen? Nun, hier bei Radio Jingles 24 haben wir Sie...","protected":false},"author":1,"featured_media":0,"parent":0,"menu_order":0,"comment_status":"closed","ping_status":"closed","template":"","meta":{"_exactmetrics_skip_tracking":false,"_exactmetrics_sitenote_active":false,"_exactmetrics_sitenote_note":"","_exactmetrics_sitenote_category":0,"footnotes":""},"class_list":["post-93747","page","type-page","status-publish"],"yoast_head":"<!-- This site is optimized with the Yoast SEO plugin v26.8 - https:\/\/yoast.com\/product\/yoast-seo-wordpress\/ -->\n<title>Radio Jingles 24: Radio Jingles | DJ Drops | Podcast Intros | Sung Jingles<\/title>\n<meta name=\"description\" content=\"Radio Jingles, Sung Jingles, DJ Drops, and Podcast Intros for commercial, community and internet radio stations. UK Based. Prices from \u00a35. Order online.\" \/>\n<meta name=\"robots\" content=\"index, follow, max-snippet:-1, max-image-preview:large, max-video-preview:-1\" \/>\n<link rel=\"canonical\" href=\"https:\/\/radiojingles24.com\/de\/jingle-for-a-podcast\/\" \/>\n<meta property=\"og:locale\" content=\"de_DE\" \/>\n<meta property=\"og:type\" content=\"article\" \/>\n<meta property=\"og:title\" content=\"Radio Jingles 24: Radio Jingles | DJ Drops | Podcast Intros | Sung Jingles\" \/>\n<meta property=\"og:description\" content=\"Radio Jingles, Sung Jingles, DJ Drops, and Podcast Intros for commercial, community and internet radio stations. UK Based. Prices from \u00a35. Order online.\" \/>\n<meta property=\"og:url\" content=\"https:\/\/radiojingles24.com\/de\/jingle-for-a-podcast\/\" \/>\n<meta property=\"og:site_name\" content=\"Radio Jingles 24: Radio Jingles | DJ Drops | Podcast Intros | Sung Jingles\" \/>\n<meta property=\"article:publisher\" content=\"https:\/\/www.facebook.com\/radiojingles24\/\" \/>\n<meta property=\"article:modified_time\" content=\"2022-06-03T12:00:02+00:00\" \/>\n<meta name=\"twitter:card\" content=\"summary_large_image\" \/>\n<meta name=\"twitter:site\" content=\"@radiojingles24\" \/>\n<meta name=\"twitter:label1\" content=\"Gesch\u00e4tzte Lesezeit\" \/>\n\t<meta name=\"twitter:data1\" content=\"3\u00a0Minuten\" \/>\n<script type=\"application\/ld+json\" class=\"yoast-schema-graph\">{\"@context\":\"https:\/\/schema.org\",\"@graph\":[{\"@type\":\"WebPage\",\"@id\":\"https:\/\/radiojingles24.com\/it\/jingle-for-a-podcast\/\",\"url\":\"https:\/\/radiojingles24.com\/it\/jingle-for-a-podcast\/\",\"name\":\"Radio Jingles 24: Radio Jingles | DJ Drops | Podcast Intros | Sung Jingles\",\"isPartOf\":{\"@id\":\"https:\/\/radiojingles24.com\/#website\"},\"datePublished\":\"2022-03-21T11:58:23+00:00\",\"dateModified\":\"2022-06-03T12:00:02+00:00\",\"description\":\"Radio Jingles, Sung Jingles, DJ Drops, and Podcast Intros for commercial, community and internet radio stations. UK Based. Prices from \u00a35. Order online.\",\"breadcrumb\":{\"@id\":\"https:\/\/radiojingles24.com\/it\/jingle-for-a-podcast\/#breadcrumb\"},\"inLanguage\":\"de\",\"potentialAction\":[{\"@type\":\"ReadAction\",\"target\":[\"https:\/\/radiojingles24.com\/it\/jingle-for-a-podcast\/\"]}]},{\"@type\":\"BreadcrumbList\",\"@id\":\"https:\/\/radiojingles24.com\/it\/jingle-for-a-podcast\/#breadcrumb\",\"itemListElement\":[{\"@type\":\"ListItem\",\"position\":1,\"name\":\"Home\",\"item\":\"https:\/\/radiojingles24.com\/de\/\"},{\"@type\":\"ListItem\",\"position\":2,\"name\":\"Want to Know How To Create A Jingle For a Podcast?\"}]},{\"@type\":\"WebSite\",\"@id\":\"https:\/\/radiojingles24.com\/#website\",\"url\":\"https:\/\/radiojingles24.com\/\",\"name\":\"Radio Jingles 24: Radio Jingles | DJ Drops | Podcast Intros | Sung Jingles\",\"description\":\"Radio Jingles, Sung Jingles, DJ Drops, and Podcast Intros for commercial, community and internet radio stations. UK Based. Prices from \u00a35. Order online.\",\"publisher\":{\"@id\":\"https:\/\/radiojingles24.com\/#organization\"},\"potentialAction\":[{\"@type\":\"SearchAction\",\"target\":{\"@type\":\"EntryPoint\",\"urlTemplate\":\"https:\/\/radiojingles24.com\/?s={search_term_string}\"},\"query-input\":{\"@type\":\"PropertyValueSpecification\",\"valueRequired\":true,\"valueName\":\"search_term_string\"}}],\"inLanguage\":\"de\"},{\"@type\":\"Organization\",\"@id\":\"https:\/\/radiojingles24.com\/#organization\",\"name\":\"Radio Jingles 24\",\"url\":\"https:\/\/radiojingles24.com\/\",\"logo\":{\"@type\":\"ImageObject\",\"inLanguage\":\"de\",\"@id\":\"https:\/\/radiojingles24.com\/#\/schema\/logo\/image\/\",\"url\":\"https:\/\/radiojingles24.com\/wp-content\/uploads\/2019\/11\/RadioJingle1-1.jpg\",\"contentUrl\":\"https:\/\/radiojingles24.com\/wp-content\/uploads\/2019\/11\/RadioJingle1-1.jpg\",\"width\":512,\"height\":158,\"caption\":\"Radio Jingles 24\"},\"image\":{\"@id\":\"https:\/\/radiojingles24.com\/#\/schema\/logo\/image\/\"},\"sameAs\":[\"https:\/\/www.facebook.com\/radiojingles24\/\",\"https:\/\/x.com\/radiojingles24\"]}]}<\/script>\n<!-- \/ Yoast SEO plugin. -->","yoast_head_json":{"title":"Radio Jingles 24: Radio Jingles | DJ Drops | Podcast Intros | Gesungene Jingles","description":"Radio Jingles, Sung Jingles, DJ Drops und Podcast Intros f\u00fcr kommerzielle, Community- und Internetradiosender. In Gro\u00dfbritannien ans\u00e4ssig. Preise ab \u00a3 5. Online bestellen.","robots":{"index":"index","follow":"follow","max-snippet":"max-snippet:-1","max-image-preview":"max-image-preview:large","max-video-preview":"max-video-preview:-1"},"canonical":"https:\/\/radiojingles24.com\/de\/jingle-for-a-podcast\/","og_locale":"de_DE","og_type":"article","og_title":"Radio Jingles 24: Radio Jingles | DJ Drops | Podcast Intros | Sung Jingles","og_description":"Radio Jingles, Sung Jingles, DJ Drops, and Podcast Intros for commercial, community and internet radio stations. UK Based. Prices from \u00a35. Order online.","og_url":"https:\/\/radiojingles24.com\/de\/jingle-for-a-podcast\/","og_site_name":"Radio Jingles 24: Radio Jingles | DJ Drops | Podcast Intros | Sung Jingles","article_publisher":"https:\/\/www.facebook.com\/radiojingles24\/","article_modified_time":"2022-06-03T12:00:02+00:00","twitter_card":"summary_large_image","twitter_site":"@radiojingles24","twitter_misc":{"Gesch\u00e4tzte Lesezeit":"3\u00a0Minuten"},"schema":{"@context":"https:\/\/schema.org","@graph":[{"@type":"WebPage","@id":"https:\/\/radiojingles24.com\/it\/jingle-for-a-podcast\/","url":"https:\/\/radiojingles24.com\/it\/jingle-for-a-podcast\/","name":"Radio Jingles 24: Radio Jingles | DJ Drops | Podcast Intros | Gesungene Jingles","isPartOf":{"@id":"https:\/\/radiojingles24.com\/#website"},"datePublished":"2022-03-21T11:58:23+00:00","dateModified":"2022-06-03T12:00:02+00:00","description":"Radio Jingles, Sung Jingles, DJ Drops und Podcast Intros f\u00fcr kommerzielle, Community- und Internetradiosender. In Gro\u00dfbritannien ans\u00e4ssig. Preise ab \u00a3 5. Online bestellen.","breadcrumb":{"@id":"https:\/\/radiojingles24.com\/it\/jingle-for-a-podcast\/#breadcrumb"},"inLanguage":"de","potentialAction":[{"@type":"ReadAction","target":["https:\/\/radiojingles24.com\/it\/jingle-for-a-podcast\/"]}]},{"@type":"BreadcrumbList","@id":"https:\/\/radiojingles24.com\/it\/jingle-for-a-podcast\/#breadcrumb","itemListElement":[{"@type":"ListItem","position":1,"name":"Home","item":"https:\/\/radiojingles24.com\/de\/"},{"@type":"ListItem","position":2,"name":"Want to Know How To Create A Jingle For a Podcast?"}]},{"@type":"WebSite","@id":"https:\/\/radiojingles24.com\/#website","url":"https:\/\/radiojingles24.com\/","name":"Radio Jingles 24: Radio Jingles | DJ Drops | Podcast Intros | Gesungene Jingles","description":"Radio Jingles, Sung Jingles, DJ Drops und Podcast Intros f\u00fcr kommerzielle, Community- und Internetradiosender. In Gro\u00dfbritannien ans\u00e4ssig. Preise ab \u00a3 5. Online bestellen.","publisher":{"@id":"https:\/\/radiojingles24.com\/#organization"},"potentialAction":[{"@type":"SearchAction","target":{"@type":"EntryPoint","urlTemplate":"https:\/\/radiojingles24.com\/?s={search_term_string}"},"query-input":{"@type":"PropertyValueSpecification","valueRequired":true,"valueName":"search_term_string"}}],"inLanguage":"de"},{"@type":"Organization","@id":"https:\/\/radiojingles24.com\/#organization","name":"Radio Jingles 24","url":"https:\/\/radiojingles24.com\/","logo":{"@type":"ImageObject","inLanguage":"de","@id":"https:\/\/radiojingles24.com\/#\/schema\/logo\/image\/","url":"https:\/\/radiojingles24.com\/wp-content\/uploads\/2019\/11\/RadioJingle1-1.jpg","contentUrl":"https:\/\/radiojingles24.com\/wp-content\/uploads\/2019\/11\/RadioJingle1-1.jpg","width":512,"height":158,"caption":"Radio Jingles 24"},"image":{"@id":"https:\/\/radiojingles24.com\/#\/schema\/logo\/image\/"},"sameAs":["https:\/\/www.facebook.com\/radiojingles24\/","https:\/\/x.com\/radiojingles24"]}]}},"jetpack_sharing_enabled":true,"_links":{"self":[{"href":"https:\/\/radiojingles24.com\/de\/wp-json\/wp\/v2\/pages\/93747","targetHints":{"allow":["GET"]}}],"collection":[{"href":"https:\/\/radiojingles24.com\/de\/wp-json\/wp\/v2\/pages"}],"about":[{"href":"https:\/\/radiojingles24.com\/de\/wp-json\/wp\/v2\/types\/page"}],"author":[{"embeddable":true,"href":"https:\/\/radiojingles24.com\/de\/wp-json\/wp\/v2\/users\/1"}],"replies":[{"embeddable":true,"href":"https:\/\/radiojingles24.com\/de\/wp-json\/wp\/v2\/comments?post=93747"}],"version-history":[{"count":1,"href":"https:\/\/radiojingles24.com\/de\/wp-json\/wp\/v2\/pages\/93747\/revisions"}],"predecessor-version":[{"id":93748,"href":"https:\/\/radiojingles24.com\/de\/wp-json\/wp\/v2\/pages\/93747\/revisions\/93748"}],"wp:attachment":[{"href":"https:\/\/radiojingles24.com\/de\/wp-json\/wp\/v2\/media?parent=93747"}],"curies":[{"name":"wp","href":"https:\/\/api.w.org\/{rel}","templated":true}]}}