{"id":93885,"date":"2022-06-10T07:57:41","date_gmt":"2022-06-10T07:57:41","guid":{"rendered":"https:\/\/radiojingles24.com\/?page_id=93885"},"modified":"2022-06-17T07:58:39","modified_gmt":"2022-06-17T07:58:39","slug":"free-jingle-for-your-podcast","status":"publish","type":"page","link":"https:\/\/radiojingles24.com\/de\/free-jingle-for-your-podcast\/","title":{"rendered":"In Search of a Royalty Free Jingle for your Podcast?"},"content":{"rendered":"<div id=\"fws_69d6a5e55a077\"  data-midnight=\"dark\"  data-bg-mobile-hidden=\"\" class=\"wpb_row vc_row-fluid vc_row top-level standard_section\"  style=\"padding-top: 0px; padding-bottom: 0px; \"><div class=\"row-bg-wrap\" data-bg-animation=\"none\"><div class=\"inner-wrap\"><div class=\"row-bg\"  style=\"\"><\/div><\/div><div class=\"row-bg-overlay\" ><\/div><\/div><div class=\"col span_12 dark left\">\n\t<div  class=\"vc_col-sm-12 wpb_column column_container vc_column_container col no-extra-padding\"  data-t-w-inherits=\"default\" data-border-radius=\"none\" data-shadow=\"none\" data-border-animation=\"\" data-border-animation-delay=\"\" data-border-width=\"none\" data-border-style=\"solid\" data-border-color=\"\" data-bg-cover=\"\" data-padding-pos=\"all\" data-has-bg-color=\"false\" data-bg-color=\"\" data-bg-opacity=\"1\" data-hover-bg=\"\" data-hover-bg-opacity=\"1\" data-animation=\"\" data-delay=\"0\"><div class=\"column-bg-overlay\"><\/div>\n\t\t<div class=\"vc_column-inner\">\n\t\t\t<div class=\"wpb_wrapper\">\n\t\t\t\t\r\n\t<div class=\"wpb_text_column wpb_content_element\" >\r\n\t\t<div class=\"wpb_wrapper\">\r\n\t\t\t<p><span style=\"font-weight: 400;\">Wenn Sie einen Podcast haben und daran interessiert sind, einen Jingle zu erstellen, suchen Sie m\u00f6glicherweise nach einem Unternehmen, das einen lizenzfreien Jingle erstellen kann. Suchen Sie nicht weiter als <\/span><a href=\"https:\/\/radiojingles24.com\/de\/\"><span style=\"font-weight: 400;\">Radio Jingles 24<\/span><\/a><span style=\"font-weight: 400;\">, unsere gesamte Produktion ist lizenzfrei und wir k\u00f6nnen Ihnen in weniger als 24 Stunden einen Jingle erstellen, den Sie f\u00fcr Ihren Podcast verwenden k\u00f6nnen. Wir produzieren kosteng\u00fcnstige Jingles f\u00fcr Kunden und haben \u00fcber 10 Jahre Erfahrung in der Audioproduktion, sodass Sie sich darauf verlassen k\u00f6nnen, dass wir einen effektiven und qualitativ hochwertigen Jingle f\u00fcr Ihren Podcast erstellen.\u00a0<\/span><\/p>\n<p>&nbsp;<\/p>\n<p><span style=\"font-weight: 400;\">Wir sind eine im Vereinigten K\u00f6nigreich ans\u00e4ssige Imaging-Produktionsfirma und spezialisiert auf Podcast-Jingles, gesungene Radio-Jingles, Werbespots, Radiosender-Imaging und DJ-Drops sowie umfassende kommerzielle Produktionsdienste. Wir setzen nur die besten Talente bei Radio Jingles 24 ein, damit Ihr Podcast-Jingle am besten klingt. Wir arbeiten 7 Tage die Woche und liefern Ihnen Ihren Jingle zur Verwendung in weniger als 24 Stunden v\u00f6llig geb\u00fchrenfrei.<\/span><\/p>\n<p>&nbsp;<\/p>\n<p><a href=\"https:\/\/radiojingles24.com\/de\/\"><span style=\"font-weight: 400;\">Besuche unsere Webseite<\/span><\/a><span style=\"font-weight: 400;\"> um mehr \u00fcber unsere Podcast-Jingle-Dienste zu erfahren.\u00a0<\/span><\/p>\n<p>&nbsp;<\/p>\n<p><b>Was bedeutet lizenzfrei?<\/b><\/p>\n<p>&nbsp;<\/p>\n<p><span style=\"font-weight: 400;\">Geb\u00fchrenfrei ist ein Begriff, der verwendet wird, um einen Inhalt zu beschreiben; Musik, ein Foto oder Video, f\u00fcr die Sie keine Tantiemen oder Lizenzgeb\u00fchren f\u00fcr jede Verwendung zahlen m\u00fcssen. Tantiemen sind eine Methode f\u00fcr Urheber, Geld mit ihrem Verm\u00f6gen zu verdienen, sodass sie eine Zahlung erhalten, wenn Sie ihre Musik oder Fotos verwenden. Wenn Sie lizenzfreie Musik verwenden, m\u00fcssen Sie den Urheber nicht jedes Mal bezahlen, wenn Sie seine Inhalte verwenden. Normalerweise m\u00fcssen Sie eine einmalige Geb\u00fchr zahlen, um auf die lizenzfreien Inhalte zugreifen zu k\u00f6nnen, und k\u00f6nnen sie dann so oft verwenden, wie Sie m\u00f6chten, ohne einen Cent zu zahlen.<\/span><\/p>\n<p>&nbsp;<\/p>\n<p><b>Gemafreie Musik bei Radio Jingles 24<\/b><\/p>\n<p>&nbsp;<\/p>\n<p><span style=\"font-weight: 400;\">Bei Radio Jingles 24 ist unsere gesamte Produktion, die wir verwenden, lizenzfrei. Das bedeutet, dass Sie Ihren Jingle verwenden k\u00f6nnen, wo und wie Sie m\u00f6chten, indem Sie ihn in Ihren Podcasts, YouTube-Videos, Anzeigen und mehr verwenden. Wenn Sie Ihren Jingle bei uns kaufen, besitzen Sie ihn vollst\u00e4ndig und die Rechte an allen Audiodateien in Ihrem Jingle. Wir haben einen riesigen Katalog an geb\u00fchrenfreier Musik und SFX f\u00fcr Ihre Jingle-Kreation, sodass Sie sich keine Sorgen mehr um Lizenzgeb\u00fchren machen m\u00fcssen.<\/span><\/p>\n<p>&nbsp;<\/p>\n<p><b>Erstellen Sie Ihren Podcast-Jingle mit Radio Jingles 24<\/b><\/p>\n<p>&nbsp;<\/p>\n<p><span style=\"font-weight: 400;\">Radio Jingles 24 kann Ihren Traum-Podcast-Jingle vollst\u00e4ndig produzieren und bei Bedarf in unserem professionellen Studio ein Voice-Over f\u00fcr Sie aufnehmen. Wir haben eine Reihe von<\/span> <a href=\"https:\/\/radiojingles24.com\/de\/#voices\"><span style=\"font-weight: 400;\">Sprecher und S\u00e4nger<\/span><\/a> <span style=\"font-weight: 400;\">zur Auswahl, in einer Vielzahl von T\u00f6nen und Stilen, die zu Ihrem Podcast passen. Sie k\u00f6nnen Ihr Voiceover ausw\u00e4hlen, um Ihr Skript zu sprechen oder zu singen, und wir werden Ihren Jingle vollst\u00e4ndig f\u00fcr Sie bearbeiten und produzieren! Sie k\u00f6nnen die L\u00e4nge von Audio, Sprache und SFX ausw\u00e4hlen und Ihren Jinling vollst\u00e4ndig an Ihren Podcast anpassen. Dann liefern wir Ihnen Ihren Jingle innerhalb von 24 Stunden; Normalerweise wird Ihnen Ihr Jingle fr\u00fcher als HQ WAVE-, MP3- oder AIFF-Datei zugesandt, 100% geb\u00fchrenfrei.\u00a0<\/span><\/p>\n<p>&nbsp;<\/p>\n<p><b>Haben Sie ein Projekt im Sinn?<\/b><\/p>\n<p><span style=\"font-weight: 400;\">Wenn Sie ein Projekt im Sinn haben und m\u00f6chten, dass wir den perfekten lizenzfreien Jingle f\u00fcr Ihren Podcast erstellen, dann <\/span><a href=\"https:\/\/radiojingles24.com\/de\/contact-us\/\"><span style=\"font-weight: 400;\">kontaktiere uns<\/span><\/a><span style=\"font-weight: 400;\"> heute. Sie k\u00f6nnen unsere ausf\u00fcllen <\/span><a href=\"https:\/\/radiojingles24.com\/de\/contact-us\/\"><span style=\"font-weight: 400;\">Online-Anfrageformular<\/span><\/a><span style=\"font-weight: 400;\"> und ein Mitglied unseres Teams wird sich in K\u00fcrze mit Ihnen in Verbindung setzen, um Ihren Podcast-Jingle zu besprechen. Wenn Sie Fragen haben und uns direkt kontaktieren m\u00f6chten, k\u00f6nnen Sie uns unter + 44 0113 534 6686 anrufen oder uns eine E-Mail senden an <\/span><a href=\"mailto:info@radiojingles24.com\"><span style=\"font-weight: 400;\">info@radiojingles24.com<\/span><\/a><span style=\"font-weight: 400;\"> um mit einem Mitglied unseres Teams zu sprechen.<\/span><\/p>\n\r\n\t\t<\/div>\r\n\t<\/div>\r\n\n\t\t\t<\/div> \n\t\t<\/div>\n\t<\/div> \n<\/div><\/div>","protected":false},"excerpt":{"rendered":"If you have a podcast and are interested in creating a jingle, you may be looking for a business that can create a jingle that is royalty-free. Look no further...","protected":false},"author":1,"featured_media":0,"parent":0,"menu_order":0,"comment_status":"closed","ping_status":"closed","template":"","meta":{"_exactmetrics_skip_tracking":false,"_exactmetrics_sitenote_active":false,"_exactmetrics_sitenote_note":"","_exactmetrics_sitenote_category":0,"footnotes":""},"class_list":["post-93885","page","type-page","status-publish"],"yoast_head":"<!-- This site is optimized with the Yoast SEO plugin v26.8 - https:\/\/yoast.com\/product\/yoast-seo-wordpress\/ -->\n<title>Radio Jingles 24: Radio Jingles | DJ Drops | Podcast Intros | Sung Jingles<\/title>\n<meta name=\"description\" content=\"Radio Jingles, Sung Jingles, DJ Drops, and Podcast Intros for commercial, community and internet radio stations. UK Based. Prices from \u00a35. Order online.\" \/>\n<meta name=\"robots\" content=\"index, follow, max-snippet:-1, max-image-preview:large, max-video-preview:-1\" \/>\n<link rel=\"canonical\" href=\"https:\/\/radiojingles24.com\/de\/free-jingle-for-your-podcast\/\" \/>\n<meta property=\"og:locale\" content=\"de_DE\" \/>\n<meta property=\"og:type\" content=\"article\" \/>\n<meta property=\"og:title\" content=\"Radio Jingles 24: Radio Jingles | DJ Drops | Podcast Intros | Sung Jingles\" \/>\n<meta property=\"og:description\" content=\"Radio Jingles, Sung Jingles, DJ Drops, and Podcast Intros for commercial, community and internet radio stations. UK Based. Prices from \u00a35. Order online.\" \/>\n<meta property=\"og:url\" content=\"https:\/\/radiojingles24.com\/de\/free-jingle-for-your-podcast\/\" \/>\n<meta property=\"og:site_name\" content=\"Radio Jingles 24: Radio Jingles | DJ Drops | Podcast Intros | Sung Jingles\" \/>\n<meta property=\"article:publisher\" content=\"https:\/\/www.facebook.com\/radiojingles24\/\" \/>\n<meta property=\"article:modified_time\" content=\"2022-06-17T07:58:39+00:00\" \/>\n<meta name=\"twitter:card\" content=\"summary_large_image\" \/>\n<meta name=\"twitter:site\" content=\"@radiojingles24\" \/>\n<meta name=\"twitter:label1\" content=\"Gesch\u00e4tzte Lesezeit\" \/>\n\t<meta name=\"twitter:data1\" content=\"3\u00a0Minuten\" \/>\n<script type=\"application\/ld+json\" class=\"yoast-schema-graph\">{\"@context\":\"https:\/\/schema.org\",\"@graph\":[{\"@type\":\"WebPage\",\"@id\":\"https:\/\/radiojingles24.com\/fr\/free-jingle-for-your-podcast\/\",\"url\":\"https:\/\/radiojingles24.com\/fr\/free-jingle-for-your-podcast\/\",\"name\":\"Radio Jingles 24: Radio Jingles | DJ Drops | Podcast Intros | Sung Jingles\",\"isPartOf\":{\"@id\":\"https:\/\/radiojingles24.com\/#website\"},\"datePublished\":\"2022-06-10T07:57:41+00:00\",\"dateModified\":\"2022-06-17T07:58:39+00:00\",\"description\":\"Radio Jingles, Sung Jingles, DJ Drops, and Podcast Intros for commercial, community and internet radio stations. UK Based. Prices from \u00a35. Order online.\",\"breadcrumb\":{\"@id\":\"https:\/\/radiojingles24.com\/fr\/free-jingle-for-your-podcast\/#breadcrumb\"},\"inLanguage\":\"de\",\"potentialAction\":[{\"@type\":\"ReadAction\",\"target\":[\"https:\/\/radiojingles24.com\/fr\/free-jingle-for-your-podcast\/\"]}]},{\"@type\":\"BreadcrumbList\",\"@id\":\"https:\/\/radiojingles24.com\/fr\/free-jingle-for-your-podcast\/#breadcrumb\",\"itemListElement\":[{\"@type\":\"ListItem\",\"position\":1,\"name\":\"Home\",\"item\":\"https:\/\/radiojingles24.com\/de\/\"},{\"@type\":\"ListItem\",\"position\":2,\"name\":\"In Search of a Royalty Free Jingle for your Podcast?\"}]},{\"@type\":\"WebSite\",\"@id\":\"https:\/\/radiojingles24.com\/#website\",\"url\":\"https:\/\/radiojingles24.com\/\",\"name\":\"Radio Jingles 24: Radio Jingles | DJ Drops | Podcast Intros | Sung Jingles\",\"description\":\"Radio Jingles, Sung Jingles, DJ Drops, and Podcast Intros for commercial, community and internet radio stations. UK Based. Prices from \u00a35. Order online.\",\"publisher\":{\"@id\":\"https:\/\/radiojingles24.com\/#organization\"},\"potentialAction\":[{\"@type\":\"SearchAction\",\"target\":{\"@type\":\"EntryPoint\",\"urlTemplate\":\"https:\/\/radiojingles24.com\/?s={search_term_string}\"},\"query-input\":{\"@type\":\"PropertyValueSpecification\",\"valueRequired\":true,\"valueName\":\"search_term_string\"}}],\"inLanguage\":\"de\"},{\"@type\":\"Organization\",\"@id\":\"https:\/\/radiojingles24.com\/#organization\",\"name\":\"Radio Jingles 24\",\"url\":\"https:\/\/radiojingles24.com\/\",\"logo\":{\"@type\":\"ImageObject\",\"inLanguage\":\"de\",\"@id\":\"https:\/\/radiojingles24.com\/#\/schema\/logo\/image\/\",\"url\":\"https:\/\/radiojingles24.com\/wp-content\/uploads\/2019\/11\/RadioJingle1-1.jpg\",\"contentUrl\":\"https:\/\/radiojingles24.com\/wp-content\/uploads\/2019\/11\/RadioJingle1-1.jpg\",\"width\":512,\"height\":158,\"caption\":\"Radio Jingles 24\"},\"image\":{\"@id\":\"https:\/\/radiojingles24.com\/#\/schema\/logo\/image\/\"},\"sameAs\":[\"https:\/\/www.facebook.com\/radiojingles24\/\",\"https:\/\/x.com\/radiojingles24\"]}]}<\/script>\n<!-- \/ Yoast SEO plugin. -->","yoast_head_json":{"title":"Radio Jingles 24: Radio Jingles | DJ Drops | Podcast Intros | Gesungene Jingles","description":"Radio Jingles, Sung Jingles, DJ Drops und Podcast Intros f\u00fcr kommerzielle, Community- und Internetradiosender. In Gro\u00dfbritannien ans\u00e4ssig. Preise ab \u00a3 5. Online bestellen.","robots":{"index":"index","follow":"follow","max-snippet":"max-snippet:-1","max-image-preview":"max-image-preview:large","max-video-preview":"max-video-preview:-1"},"canonical":"https:\/\/radiojingles24.com\/de\/free-jingle-for-your-podcast\/","og_locale":"de_DE","og_type":"article","og_title":"Radio Jingles 24: Radio Jingles | DJ Drops | Podcast Intros | Sung Jingles","og_description":"Radio Jingles, Sung Jingles, DJ Drops, and Podcast Intros for commercial, community and internet radio stations. UK Based. Prices from \u00a35. Order online.","og_url":"https:\/\/radiojingles24.com\/de\/free-jingle-for-your-podcast\/","og_site_name":"Radio Jingles 24: Radio Jingles | DJ Drops | Podcast Intros | Sung Jingles","article_publisher":"https:\/\/www.facebook.com\/radiojingles24\/","article_modified_time":"2022-06-17T07:58:39+00:00","twitter_card":"summary_large_image","twitter_site":"@radiojingles24","twitter_misc":{"Gesch\u00e4tzte Lesezeit":"3\u00a0Minuten"},"schema":{"@context":"https:\/\/schema.org","@graph":[{"@type":"WebPage","@id":"https:\/\/radiojingles24.com\/fr\/free-jingle-for-your-podcast\/","url":"https:\/\/radiojingles24.com\/fr\/free-jingle-for-your-podcast\/","name":"Radio Jingles 24: Radio Jingles | DJ Drops | Podcast Intros | Gesungene Jingles","isPartOf":{"@id":"https:\/\/radiojingles24.com\/#website"},"datePublished":"2022-06-10T07:57:41+00:00","dateModified":"2022-06-17T07:58:39+00:00","description":"Radio Jingles, Sung Jingles, DJ Drops und Podcast Intros f\u00fcr kommerzielle, Community- und Internetradiosender. In Gro\u00dfbritannien ans\u00e4ssig. Preise ab \u00a3 5. Online bestellen.","breadcrumb":{"@id":"https:\/\/radiojingles24.com\/fr\/free-jingle-for-your-podcast\/#breadcrumb"},"inLanguage":"de","potentialAction":[{"@type":"ReadAction","target":["https:\/\/radiojingles24.com\/fr\/free-jingle-for-your-podcast\/"]}]},{"@type":"BreadcrumbList","@id":"https:\/\/radiojingles24.com\/fr\/free-jingle-for-your-podcast\/#breadcrumb","itemListElement":[{"@type":"ListItem","position":1,"name":"Home","item":"https:\/\/radiojingles24.com\/de\/"},{"@type":"ListItem","position":2,"name":"In Search of a Royalty Free Jingle for your Podcast?"}]},{"@type":"WebSite","@id":"https:\/\/radiojingles24.com\/#website","url":"https:\/\/radiojingles24.com\/","name":"Radio Jingles 24: Radio Jingles | DJ Drops | Podcast Intros | Gesungene Jingles","description":"Radio Jingles, Sung Jingles, DJ Drops und Podcast Intros f\u00fcr kommerzielle, Community- und Internetradiosender. In Gro\u00dfbritannien ans\u00e4ssig. Preise ab \u00a3 5. Online bestellen.","publisher":{"@id":"https:\/\/radiojingles24.com\/#organization"},"potentialAction":[{"@type":"SearchAction","target":{"@type":"EntryPoint","urlTemplate":"https:\/\/radiojingles24.com\/?s={search_term_string}"},"query-input":{"@type":"PropertyValueSpecification","valueRequired":true,"valueName":"search_term_string"}}],"inLanguage":"de"},{"@type":"Organization","@id":"https:\/\/radiojingles24.com\/#organization","name":"Radio Jingles 24","url":"https:\/\/radiojingles24.com\/","logo":{"@type":"ImageObject","inLanguage":"de","@id":"https:\/\/radiojingles24.com\/#\/schema\/logo\/image\/","url":"https:\/\/radiojingles24.com\/wp-content\/uploads\/2019\/11\/RadioJingle1-1.jpg","contentUrl":"https:\/\/radiojingles24.com\/wp-content\/uploads\/2019\/11\/RadioJingle1-1.jpg","width":512,"height":158,"caption":"Radio Jingles 24"},"image":{"@id":"https:\/\/radiojingles24.com\/#\/schema\/logo\/image\/"},"sameAs":["https:\/\/www.facebook.com\/radiojingles24\/","https:\/\/x.com\/radiojingles24"]}]}},"jetpack_sharing_enabled":true,"_links":{"self":[{"href":"https:\/\/radiojingles24.com\/de\/wp-json\/wp\/v2\/pages\/93885","targetHints":{"allow":["GET"]}}],"collection":[{"href":"https:\/\/radiojingles24.com\/de\/wp-json\/wp\/v2\/pages"}],"about":[{"href":"https:\/\/radiojingles24.com\/de\/wp-json\/wp\/v2\/types\/page"}],"author":[{"embeddable":true,"href":"https:\/\/radiojingles24.com\/de\/wp-json\/wp\/v2\/users\/1"}],"replies":[{"embeddable":true,"href":"https:\/\/radiojingles24.com\/de\/wp-json\/wp\/v2\/comments?post=93885"}],"version-history":[{"count":1,"href":"https:\/\/radiojingles24.com\/de\/wp-json\/wp\/v2\/pages\/93885\/revisions"}],"predecessor-version":[{"id":93886,"href":"https:\/\/radiojingles24.com\/de\/wp-json\/wp\/v2\/pages\/93885\/revisions\/93886"}],"wp:attachment":[{"href":"https:\/\/radiojingles24.com\/de\/wp-json\/wp\/v2\/media?parent=93885"}],"curies":[{"name":"wp","href":"https:\/\/api.w.org\/{rel}","templated":true}]}}