{"id":93887,"date":"2022-06-10T07:59:09","date_gmt":"2022-06-10T07:59:09","guid":{"rendered":"https:\/\/radiojingles24.com\/?page_id=93887"},"modified":"2022-06-17T08:00:22","modified_gmt":"2022-06-17T08:00:22","slug":"professional-voice-over-artist","status":"publish","type":"page","link":"https:\/\/radiojingles24.com\/de\/professional-voice-over-artist\/","title":{"rendered":"Ihr Radiosender sucht einen professionellen Sprecher?"},"content":{"rendered":"<div id=\"fws_6a024d99c8246\"  data-midnight=\"dark\"  data-bg-mobile-hidden=\"\" class=\"wpb_row vc_row-fluid vc_row top-level standard_section\"  style=\"padding-top: 0px; padding-bottom: 0px; \"><div class=\"row-bg-wrap\" data-bg-animation=\"none\"><div class=\"inner-wrap\"><div class=\"row-bg\"  style=\"\"><\/div><\/div><div class=\"row-bg-overlay\" ><\/div><\/div><div class=\"col span_12 dark left\">\n\t<div  class=\"vc_col-sm-12 wpb_column column_container vc_column_container col no-extra-padding\"  data-t-w-inherits=\"default\" data-border-radius=\"none\" data-shadow=\"none\" data-border-animation=\"\" data-border-animation-delay=\"\" data-border-width=\"none\" data-border-style=\"solid\" data-border-color=\"\" data-bg-cover=\"\" data-padding-pos=\"all\" data-has-bg-color=\"false\" data-bg-color=\"\" data-bg-opacity=\"1\" data-hover-bg=\"\" data-hover-bg-opacity=\"1\" data-animation=\"\" data-delay=\"0\"><div class=\"column-bg-overlay\"><\/div>\n\t\t<div class=\"vc_column-inner\">\n\t\t\t<div class=\"wpb_wrapper\">\n\t\t\t\t\r\n\t<div class=\"wpb_text_column wpb_content_element\" >\r\n\t\t<div class=\"wpb_wrapper\">\r\n\t\t\t<p><span style=\"font-weight: 400;\">Wenn Sie verzweifelt nach einem professionellen Sprecher suchen, den Sie f\u00fcr Ihren Radiosender-Jingle einstellen k\u00f6nnen, dann <\/span><a href=\"https:\/\/radiojingles24.com\/de\/\"><span style=\"font-weight: 400;\">Radio Jingles 24<\/span><\/a><span style=\"font-weight: 400;\"> wird genau das haben, was Sie suchen. Wir haben eine breite Palette von erstaunlichen <\/span><a href=\"https:\/\/radiojingles24.com\/de\/#voices\"><span style=\"font-weight: 400;\">Sprecher<\/span><\/a><span style=\"font-weight: 400;\"> die Ihren Jingle entweder sprechen oder singen kann; wir k\u00f6nnen es auch f\u00fcr Sie produzieren. Bei Radio Jingles 24 erstellen wir schnelle, einfache und professionelle Radio-Jingles, die Ihnen innerhalb von 24 Stunden zugestellt werden k\u00f6nnen; Unsere Jingles sind ideal f\u00fcr Community-, kommerzielle und Internetradiosender.\u00a0<\/span><\/p>\n<p>&nbsp;<\/p>\n<p><span style=\"font-weight: 400;\">Wir verwenden nur die besten Sprecher f\u00fcr unsere Jingles, und mit \u00fcber 10 Jahren Erfahrung k\u00f6nnen Sie sich darauf verlassen, dass wir einen Radio-Jingle f\u00fcr Sie erstellen, der Ihren Sender und Ihre Marke perfekt repr\u00e4sentiert. Wir k\u00f6nnen alle Anfragen erf\u00fcllen, wenn Sie etwas m\u00f6chten, das Sie auf unserer Website nicht ganz sehen k\u00f6nnen, dann kontaktieren Sie uns f\u00fcr ein individuelles Angebot. Alle unsere Jingles werden fachm\u00e4nnisch geliefert, mit unglaublich schnellem Service und erstklassiger Qualit\u00e4t.\u00a0<\/span><\/p>\n<p>&nbsp;<\/p>\n<p><span style=\"font-weight: 400;\">Wenn Sie m\u00f6chten, dass Radio Jingles 24 den perfekten Jingle f\u00fcr Ihren Radiosender aufnimmt, produziert und erstellt \u2013 <\/span><a href=\"https:\/\/radiojingles24.com\/de\/contact-us\/\"><span style=\"font-weight: 400;\">kontaktiere uns<\/span><\/a><span style=\"font-weight: 400;\"> f\u00fcr weitere Informationen heute.\u00a0<\/span><\/p>\n<p>&nbsp;<\/p>\n<p><b>So w\u00e4hlen Sie den Radiosprecher f\u00fcr Ihren Sender aus<\/b><\/p>\n<p>&nbsp;<\/p>\n<p><span style=\"font-weight: 400;\">Es kann schwierig sein, die richtige Stimme f\u00fcr den Jingle Ihres Radiosenders auszuw\u00e4hlen, und es ist eine wichtige Entscheidung, da Ihr Radiosender durch die von Ihnen gew\u00e4hlte Stimme repr\u00e4sentiert wird. Sie m\u00fcssen sorgf\u00e4ltig \u00fcberlegen, ob es die richtige Stimme f\u00fcr Ihren Jingle oder Ihre Marke ist \u2013 Sie m\u00f6chten jemanden, der zu Ihrer Identit\u00e4t passt und den richtigen Stil und Tonfall hat, der zu Ihrem Sender passt.\u00a0<\/span><\/p>\n<p>&nbsp;<\/p>\n<p><span style=\"font-weight: 400;\">Welches Geschlecht wird Ihrer Meinung nach Ihren Sender besser repr\u00e4sentieren und am besten klingen, wenn Sie das Skript oder die Texte lesen oder singen, die Sie geschrieben haben? Sie k\u00f6nnen sich Beispiele ihrer fr\u00fcheren Arbeiten anh\u00f6ren und sehen, was Ihrer Meinung nach am besten passt und welchen Ton und Stil des Sprechers Sie bevorzugen. Einige Synchronsprecher haben eher einen gespr\u00e4chigen, informativen Gespr\u00e4chston, w\u00e4hrend andere viel \u00fcberzeugender und professioneller klingen.\u00a0<\/span><\/p>\n<p>&nbsp;<\/p>\n<p><span style=\"font-weight: 400;\">H\u00f6ren Sie sich gerne die Optionen an und \u00fcberlegen Sie, was am besten zu Ihrer Station passt. Ber\u00fccksichtigen Sie auch Ihre Zielgruppe und welche Art von Stimme sie h\u00f6ren m\u00f6chte und erkennbar ist, wenn sie Ihren Sender einschalten.<\/span><\/p>\n<p>&nbsp;<\/p>\n<p><b>Unsere Sprecher<\/b><\/p>\n<p>&nbsp;<\/p>\n<p><span style=\"font-weight: 400;\">Wir haben eine gro\u00dfe Auswahl an Sprechern bei Radio Jingles 24, um all Ihren Radio-Jingle-Bed\u00fcrfnissen gerecht zu werden. Wir haben sowohl gesprochene als auch gesungene Sprecher, je nachdem, ob Sie jemanden suchen, der ein Drehbuch liest oder singt. Wir haben einen riesigen Katalog an geb\u00fchrenfreier Musik und SFX zur Verf\u00fcgung, die Sie mit Ihren Sprechern begleiten k\u00f6nnen, sodass Sie sicher sein k\u00f6nnen, dass Ihr fertiges Audio fantastisch klingen wird. Unsere K\u00fcnstler haben Jingles f\u00fcr BBC Radio 1 &amp; 2, Sky Radio, Virgin und The Beat 92.5 aufgenommen und f\u00fcr einige der gr\u00f6\u00dften Jingle-Unternehmen der Welt gesungen.\u00a0<\/span><\/p>\n<p>&nbsp;<\/p>\n<p><span style=\"font-weight: 400;\">Sie k\u00f6nnen eine ernste, reife, \u00fcberzeugende Stimme f\u00fcr Ihren Radio-Jingle oder eine gespr\u00e4chige, gespr\u00e4chige, fr\u00f6hliche Stimme w\u00e4hlen. Oder wenn Sie einen S\u00e4nger suchen, wir haben sanfte, sanfte, entspannende Stimmen sowie optimistische und gef\u00fchlvolle Mohnstimmen. Sie k\u00f6nnen sich Demos unserer Sprecher und S\u00e4nger anh\u00f6ren<\/span> <span style=\"font-weight: 400;\">auf unserer Website. Sobald Sie die Stimme f\u00fcr Sie ausgew\u00e4hlt haben, werden wir Ihr Voice-Over in unserem Studio aufnehmen und Ihren Jingle dann f\u00fcr Sie bearbeiten, vollst\u00e4ndig produzieren und mastern.\u00a0<\/span><\/p>\n<p>&nbsp;<\/p>\n<p><b>Sind Sie bereit, Ihren Radio-Jingle aufzunehmen?<\/b><\/p>\n<p>&nbsp;<\/p>\n<p><span style=\"font-weight: 400;\">Wenn Sie mehr \u00fcber unsere Radiosprecher erfahren m\u00f6chten und mit der Erstellung Ihres Radiojingles beginnen m\u00f6chten, dann <\/span><a href=\"https:\/\/radiojingles24.com\/de\/contact-us\/\"><span style=\"font-weight: 400;\">kontaktiere uns heute<\/span><\/a><span style=\"font-weight: 400;\">. Wir werden uns kurz nach Erhalt Ihrer Anfrage mit Ihnen in Verbindung setzen, um mit der Arbeit an Ihrem Jingle zu beginnen, und werden eng mit Ihnen zusammenarbeiten, um sicherzustellen, dass er Ihre Erwartungen erf\u00fcllt und \u00fcbertrifft. Sie k\u00f6nnen unsere ausf\u00fcllen <\/span><a href=\"https:\/\/radiojingles24.com\/de\/contact-us\/\"><span style=\"font-weight: 400;\">Online-Anfrageformular<\/span><\/a><span style=\"font-weight: 400;\">, oder wenn Sie uns lieber direkt kontaktieren m\u00f6chten, k\u00f6nnen Sie uns unter +44 0113 534 6686 anrufen oder uns eine E-Mail senden an <\/span><a href=\"mailto:info@radiojingles24.com\"><span style=\"font-weight: 400;\">info@radiojingles24.com<\/span><\/a><span style=\"font-weight: 400;\">.\u00a0<\/span><\/p>\n\r\n\t\t<\/div>\r\n\t<\/div>\r\n\n\t\t\t<\/div> \n\t\t<\/div>\n\t<\/div> \n<\/div><\/div>","protected":false},"excerpt":{"rendered":"Wenn Sie verzweifelt nach einem professionellen Sprecher suchen, den Sie f\u00fcr Ihren Radiosender-Jingle engagieren k\u00f6nnen, dann hat Radio Jingles 24 genau das, wonach Sie suchen. Wir...","protected":false},"author":1,"featured_media":0,"parent":0,"menu_order":0,"comment_status":"closed","ping_status":"closed","template":"","meta":{"_exactmetrics_skip_tracking":false,"_exactmetrics_sitenote_active":false,"_exactmetrics_sitenote_note":"","_exactmetrics_sitenote_category":0,"footnotes":""},"class_list":["post-93887","page","type-page","status-publish"],"yoast_head":"<!-- This site is optimized with the Yoast SEO plugin v26.8 - https:\/\/yoast.com\/product\/yoast-seo-wordpress\/ -->\n<title>Radio Jingles 24: Radio Jingles | DJ Drops | Podcast Intros | Sung Jingles<\/title>\n<meta name=\"description\" content=\"Radio Jingles, Sung Jingles, DJ Drops, and Podcast Intros for commercial, community and internet radio stations. UK Based. Prices from \u00a35. Order online.\" \/>\n<meta name=\"robots\" content=\"index, follow, max-snippet:-1, max-image-preview:large, max-video-preview:-1\" \/>\n<link rel=\"canonical\" href=\"https:\/\/radiojingles24.com\/de\/professional-voice-over-artist\/\" \/>\n<meta property=\"og:locale\" content=\"de_DE\" \/>\n<meta property=\"og:type\" content=\"article\" \/>\n<meta property=\"og:title\" content=\"Radio Jingles 24: Radio Jingles | DJ Drops | Podcast Intros | Sung Jingles\" \/>\n<meta property=\"og:description\" content=\"Radio Jingles, Sung Jingles, DJ Drops, and Podcast Intros for commercial, community and internet radio stations. UK Based. Prices from \u00a35. Order online.\" \/>\n<meta property=\"og:url\" content=\"https:\/\/radiojingles24.com\/de\/professional-voice-over-artist\/\" \/>\n<meta property=\"og:site_name\" content=\"Radio Jingles 24: Radio Jingles | DJ Drops | Podcast Intros | Sung Jingles\" \/>\n<meta property=\"article:publisher\" content=\"https:\/\/www.facebook.com\/radiojingles24\/\" \/>\n<meta property=\"article:modified_time\" content=\"2022-06-17T08:00:22+00:00\" \/>\n<meta name=\"twitter:card\" content=\"summary_large_image\" \/>\n<meta name=\"twitter:site\" content=\"@radiojingles24\" \/>\n<meta name=\"twitter:label1\" content=\"Gesch\u00e4tzte Lesezeit\" \/>\n\t<meta name=\"twitter:data1\" content=\"4\u00a0Minuten\" \/>\n<script type=\"application\/ld+json\" class=\"yoast-schema-graph\">{\"@context\":\"https:\/\/schema.org\",\"@graph\":[{\"@type\":\"WebPage\",\"@id\":\"https:\/\/radiojingles24.com\/it\/professional-voice-over-artist\/\",\"url\":\"https:\/\/radiojingles24.com\/it\/professional-voice-over-artist\/\",\"name\":\"Radio Jingles 24: Radio Jingles | DJ Drops | Podcast Intros | Sung Jingles\",\"isPartOf\":{\"@id\":\"https:\/\/radiojingles24.com\/#website\"},\"datePublished\":\"2022-06-10T07:59:09+00:00\",\"dateModified\":\"2022-06-17T08:00:22+00:00\",\"description\":\"Radio Jingles, Sung Jingles, DJ Drops, and Podcast Intros for commercial, community and internet radio stations. UK Based. Prices from \u00a35. Order online.\",\"breadcrumb\":{\"@id\":\"https:\/\/radiojingles24.com\/it\/professional-voice-over-artist\/#breadcrumb\"},\"inLanguage\":\"de\",\"potentialAction\":[{\"@type\":\"ReadAction\",\"target\":[\"https:\/\/radiojingles24.com\/it\/professional-voice-over-artist\/\"]}]},{\"@type\":\"BreadcrumbList\",\"@id\":\"https:\/\/radiojingles24.com\/it\/professional-voice-over-artist\/#breadcrumb\",\"itemListElement\":[{\"@type\":\"ListItem\",\"position\":1,\"name\":\"Home\",\"item\":\"https:\/\/radiojingles24.com\/de\/\"},{\"@type\":\"ListItem\",\"position\":2,\"name\":\"Is your Radio Station Looking for a Professional Voice Over Artist?\"}]},{\"@type\":\"WebSite\",\"@id\":\"https:\/\/radiojingles24.com\/#website\",\"url\":\"https:\/\/radiojingles24.com\/\",\"name\":\"Radio Jingles 24: Radio Jingles | DJ Drops | Podcast Intros | Sung Jingles\",\"description\":\"Radio Jingles, Sung Jingles, DJ Drops, and Podcast Intros for commercial, community and internet radio stations. UK Based. Prices from \u00a35. Order online.\",\"publisher\":{\"@id\":\"https:\/\/radiojingles24.com\/#organization\"},\"potentialAction\":[{\"@type\":\"SearchAction\",\"target\":{\"@type\":\"EntryPoint\",\"urlTemplate\":\"https:\/\/radiojingles24.com\/?s={search_term_string}\"},\"query-input\":{\"@type\":\"PropertyValueSpecification\",\"valueRequired\":true,\"valueName\":\"search_term_string\"}}],\"inLanguage\":\"de\"},{\"@type\":\"Organization\",\"@id\":\"https:\/\/radiojingles24.com\/#organization\",\"name\":\"Radio Jingles 24\",\"url\":\"https:\/\/radiojingles24.com\/\",\"logo\":{\"@type\":\"ImageObject\",\"inLanguage\":\"de\",\"@id\":\"https:\/\/radiojingles24.com\/#\/schema\/logo\/image\/\",\"url\":\"https:\/\/radiojingles24.com\/wp-content\/uploads\/2019\/11\/RadioJingle1-1.jpg\",\"contentUrl\":\"https:\/\/radiojingles24.com\/wp-content\/uploads\/2019\/11\/RadioJingle1-1.jpg\",\"width\":512,\"height\":158,\"caption\":\"Radio Jingles 24\"},\"image\":{\"@id\":\"https:\/\/radiojingles24.com\/#\/schema\/logo\/image\/\"},\"sameAs\":[\"https:\/\/www.facebook.com\/radiojingles24\/\",\"https:\/\/x.com\/radiojingles24\"]}]}<\/script>\n<!-- \/ Yoast SEO plugin. -->","yoast_head_json":{"title":"Radio Jingles 24: Radio Jingles | DJ Drops | Podcast Intros | Gesungene Jingles","description":"Radio Jingles, Sung Jingles, DJ Drops und Podcast Intros f\u00fcr kommerzielle, Community- und Internetradiosender. In Gro\u00dfbritannien ans\u00e4ssig. Preise ab \u00a3 5. Online bestellen.","robots":{"index":"index","follow":"follow","max-snippet":"max-snippet:-1","max-image-preview":"max-image-preview:large","max-video-preview":"max-video-preview:-1"},"canonical":"https:\/\/radiojingles24.com\/de\/professional-voice-over-artist\/","og_locale":"de_DE","og_type":"article","og_title":"Radio Jingles 24: Radio Jingles | DJ Drops | Podcast Intros | Sung Jingles","og_description":"Radio Jingles, Sung Jingles, DJ Drops, and Podcast Intros for commercial, community and internet radio stations. UK Based. Prices from \u00a35. Order online.","og_url":"https:\/\/radiojingles24.com\/de\/professional-voice-over-artist\/","og_site_name":"Radio Jingles 24: Radio Jingles | DJ Drops | Podcast Intros | Sung Jingles","article_publisher":"https:\/\/www.facebook.com\/radiojingles24\/","article_modified_time":"2022-06-17T08:00:22+00:00","twitter_card":"summary_large_image","twitter_site":"@radiojingles24","twitter_misc":{"Gesch\u00e4tzte Lesezeit":"4\u00a0Minuten"},"schema":{"@context":"https:\/\/schema.org","@graph":[{"@type":"WebPage","@id":"https:\/\/radiojingles24.com\/it\/professional-voice-over-artist\/","url":"https:\/\/radiojingles24.com\/it\/professional-voice-over-artist\/","name":"Radio Jingles 24: Radio Jingles | DJ Drops | Podcast Intros | Gesungene Jingles","isPartOf":{"@id":"https:\/\/radiojingles24.com\/#website"},"datePublished":"2022-06-10T07:59:09+00:00","dateModified":"2022-06-17T08:00:22+00:00","description":"Radio Jingles, Sung Jingles, DJ Drops und Podcast Intros f\u00fcr kommerzielle, Community- und Internetradiosender. In Gro\u00dfbritannien ans\u00e4ssig. Preise ab \u00a3 5. Online bestellen.","breadcrumb":{"@id":"https:\/\/radiojingles24.com\/it\/professional-voice-over-artist\/#breadcrumb"},"inLanguage":"de","potentialAction":[{"@type":"ReadAction","target":["https:\/\/radiojingles24.com\/it\/professional-voice-over-artist\/"]}]},{"@type":"BreadcrumbList","@id":"https:\/\/radiojingles24.com\/it\/professional-voice-over-artist\/#breadcrumb","itemListElement":[{"@type":"ListItem","position":1,"name":"Home","item":"https:\/\/radiojingles24.com\/de\/"},{"@type":"ListItem","position":2,"name":"Is your Radio Station Looking for a Professional Voice Over Artist?"}]},{"@type":"WebSite","@id":"https:\/\/radiojingles24.com\/#website","url":"https:\/\/radiojingles24.com\/","name":"Radio Jingles 24: Radio Jingles | DJ Drops | Podcast Intros | Gesungene Jingles","description":"Radio Jingles, Sung Jingles, DJ Drops und Podcast Intros f\u00fcr kommerzielle, Community- und Internetradiosender. In Gro\u00dfbritannien ans\u00e4ssig. Preise ab \u00a3 5. Online bestellen.","publisher":{"@id":"https:\/\/radiojingles24.com\/#organization"},"potentialAction":[{"@type":"SearchAction","target":{"@type":"EntryPoint","urlTemplate":"https:\/\/radiojingles24.com\/?s={search_term_string}"},"query-input":{"@type":"PropertyValueSpecification","valueRequired":true,"valueName":"search_term_string"}}],"inLanguage":"de"},{"@type":"Organization","@id":"https:\/\/radiojingles24.com\/#organization","name":"Radio Jingles 24","url":"https:\/\/radiojingles24.com\/","logo":{"@type":"ImageObject","inLanguage":"de","@id":"https:\/\/radiojingles24.com\/#\/schema\/logo\/image\/","url":"https:\/\/radiojingles24.com\/wp-content\/uploads\/2019\/11\/RadioJingle1-1.jpg","contentUrl":"https:\/\/radiojingles24.com\/wp-content\/uploads\/2019\/11\/RadioJingle1-1.jpg","width":512,"height":158,"caption":"Radio Jingles 24"},"image":{"@id":"https:\/\/radiojingles24.com\/#\/schema\/logo\/image\/"},"sameAs":["https:\/\/www.facebook.com\/radiojingles24\/","https:\/\/x.com\/radiojingles24"]}]}},"jetpack_sharing_enabled":true,"_links":{"self":[{"href":"https:\/\/radiojingles24.com\/de\/wp-json\/wp\/v2\/pages\/93887","targetHints":{"allow":["GET"]}}],"collection":[{"href":"https:\/\/radiojingles24.com\/de\/wp-json\/wp\/v2\/pages"}],"about":[{"href":"https:\/\/radiojingles24.com\/de\/wp-json\/wp\/v2\/types\/page"}],"author":[{"embeddable":true,"href":"https:\/\/radiojingles24.com\/de\/wp-json\/wp\/v2\/users\/1"}],"replies":[{"embeddable":true,"href":"https:\/\/radiojingles24.com\/de\/wp-json\/wp\/v2\/comments?post=93887"}],"version-history":[{"count":1,"href":"https:\/\/radiojingles24.com\/de\/wp-json\/wp\/v2\/pages\/93887\/revisions"}],"predecessor-version":[{"id":93888,"href":"https:\/\/radiojingles24.com\/de\/wp-json\/wp\/v2\/pages\/93887\/revisions\/93888"}],"wp:attachment":[{"href":"https:\/\/radiojingles24.com\/de\/wp-json\/wp\/v2\/media?parent=93887"}],"curies":[{"name":"wp","href":"https:\/\/api.w.org\/{rel}","templated":true}]}}