{"id":93890,"date":"2022-06-10T08:02:23","date_gmt":"2022-06-10T08:02:23","guid":{"rendered":"https:\/\/radiojingles24.com\/?page_id=93890"},"modified":"2022-06-17T08:03:32","modified_gmt":"2022-06-17T08:03:32","slug":"professional-voice-over-jingle","status":"publish","type":"page","link":"https:\/\/radiojingles24.com\/de\/professional-voice-over-jingle\/","title":{"rendered":"Ben\u00f6tigen Sie Hilfe beim Erstellen eines professionellen Voice-Over-Jingles?"},"content":{"rendered":"<div id=\"fws_69d6a0810930b\"  data-midnight=\"dark\"  data-bg-mobile-hidden=\"\" class=\"wpb_row vc_row-fluid vc_row top-level standard_section\"  style=\"padding-top: 0px; padding-bottom: 0px; \"><div class=\"row-bg-wrap\" data-bg-animation=\"none\"><div class=\"inner-wrap\"><div class=\"row-bg\"  style=\"\"><\/div><\/div><div class=\"row-bg-overlay\" ><\/div><\/div><div class=\"col span_12 dark left\">\n\t<div  class=\"vc_col-sm-12 wpb_column column_container vc_column_container col no-extra-padding\"  data-t-w-inherits=\"default\" data-border-radius=\"none\" data-shadow=\"none\" data-border-animation=\"\" data-border-animation-delay=\"\" data-border-width=\"none\" data-border-style=\"solid\" data-border-color=\"\" data-bg-cover=\"\" data-padding-pos=\"all\" data-has-bg-color=\"false\" data-bg-color=\"\" data-bg-opacity=\"1\" data-hover-bg=\"\" data-hover-bg-opacity=\"1\" data-animation=\"\" data-delay=\"0\"><div class=\"column-bg-overlay\"><\/div>\n\t\t<div class=\"vc_column-inner\">\n\t\t\t<div class=\"wpb_wrapper\">\n\t\t\t\t\r\n\t<div class=\"wpb_text_column wpb_content_element\" >\r\n\t\t<div class=\"wpb_wrapper\">\r\n\t\t\t<p><span style=\"font-weight: 400;\">Ben\u00f6tigen Sie einen kosteng\u00fcnstigen, hochwertigen Voice-over-Jingle f\u00fcr Ihren Radiosender, YouTube-Kanal, Werbespot oder Podcast? Jingles sind unerl\u00e4sslich, um Ihrer Marke eine Stimme zu verleihen und dabei zu helfen, eine Identit\u00e4t zu schaffen. Hier, um <\/span><a href=\"https:\/\/radiojingles24.com\/de\/\"><span style=\"font-weight: 400;\">Radio Jingles 24<\/span><\/a><span style=\"font-weight: 400;\"> Wir k\u00f6nnen Ihnen helfen, den perfekten Jingle zu erstellen. Wir wissen, wie wichtig es ist, einen Voice-over-Jingle zu haben, der Ihre Zuh\u00f6rer anspricht und ihnen das Gef\u00fchl gibt, mit Ihnen und Ihrer Show verbunden zu sein, weshalb wir einen riesigen Katalog an lizenzfreier Musik, SFX und Voiceovers haben, um das zu erstellen perfekte Jingle f\u00fcr Sie.\u00a0<\/span><\/p>\n<p>&nbsp;<\/p>\n<p><span style=\"font-weight: 400;\">Radio Jingles 24 ist eine im Vereinigten K\u00f6nigreich ans\u00e4ssige Imaging-Produktionsfirma mit \u00fcber 10 Jahren Erfahrung in der Erstellung gro\u00dfartiger Audiodateien und Jingles f\u00fcr eine Vielzahl von Audioanwendungen. Sie k\u00f6nnen das perfekte Voice-Over f\u00fcr Ihren Jingle ausw\u00e4hlen \u2013 sowie die L\u00e4nge Ihres Jingle, die Musik, Effekte, das Skript und mehr anpassen. Wir bieten unseren Kunden eine extrem schnelle Bearbeitungszeit, wobei Ihr Jingle in weniger als 24 Stunden in einem f\u00fcr Sie passenden Audioformat bei Ihnen ist. Wir sind stolz auf unseren fantastischen Kundenservice und die Qualit\u00e4t und Sorgfalt, die in jeden einzelnen Jingle gesteckt werden, den wir erstellen.<\/span><\/p>\n<p>&nbsp;<\/p>\n<p><span style=\"font-weight: 400;\">Sind Sie bereit, dass wir Ihren Voiceover-Jingle erstellen? <\/span><a href=\"https:\/\/radiojingles24.com\/de\/contact-us\/\"><span style=\"font-weight: 400;\">Kontaktiere uns<\/span><\/a><span style=\"font-weight: 400;\"> heute.<\/span><\/p>\n<p>&nbsp;<\/p>\n<p><b>Willkommen bei RadioJingles24<\/b><\/p>\n<p>&nbsp;<\/p>\n<p><span style=\"font-weight: 400;\">Hier bei Radio Jingles 24 bieten wir Kunden schnelle, einfache und professionelle Jingles f\u00fcr eine Vielzahl von Anforderungen \u2013 ob f\u00fcr Ihren Podcast, Ihre Werbung, Ihren Radiosender oder Ihren YouTube-Kanal. Jeder, der einen erstellten Jingle braucht, wir k\u00f6nnen helfen. Wir haben einen riesigen Katalog an lizenzfreier Musik &amp; SFX; Wir haben sicher etwas f\u00fcr Ihre Bed\u00fcrfnisse.\u00a0<\/span><\/p>\n<p>&nbsp;<\/p>\n<p><span style=\"font-weight: 400;\">Mit \u00fcber 10 Jahren Erfahrung in der Audioproduktion k\u00f6nnen Sie sicher sein, dass Ihr fertiges Audio fantastisch klingen wird. Unser Team wird seine Magie einsetzen, um einen benutzerdefinierten, ma\u00dfgeschneiderten Jingle zu erstellen, der auf Sie und Ihre Bed\u00fcrfnisse zugeschnitten ist, und den perfekten Voice-Over-Jingle erstellen, der spezifisch f\u00fcr Sie und Ihre Marke ist.<\/span><\/p>\n<p>&nbsp;<\/p>\n<p><b>Unsere Stimmen<\/b><\/p>\n<p>&nbsp;<\/p>\n<p><span style=\"font-weight: 400;\">Sie k\u00f6nnen zuh\u00f6ren <\/span><a href=\"https:\/\/radiojingles24.com\/de\/#voices\"><span style=\"font-weight: 400;\">Demos unserer Sprecher und S\u00e4nger<\/span><\/a><span style=\"font-weight: 400;\"> auf unserer Website, um nur einige der Voiceover-Optionen zu h\u00f6ren, die wir f\u00fcr unsere Jingles zur Verf\u00fcgung haben. W\u00e4hlen Sie aus unserem Angebot an Voiceovers, um die perfekte Stimme f\u00fcr Ihren Jingle zu finden \u2013 egal, ob Sie nach einem autoritativen, verlockenden oder kom\u00f6diantischen Ton suchen, wir haben eine Stimme f\u00fcr Sie. Wir haben eine Reihe von Voiceovers mit weiblichen und m\u00e4nnlichen Stimmen zur Verf\u00fcgung, also egal welche Art von Stimme Sie suchen, Sie k\u00f6nnen sie bei Radio Jingles 24 finden.<\/span><\/p>\n<p>&nbsp;<\/p>\n<p><b>Sind Sie bereit, Ihren Voiceover-Jingle zu erstellen?<\/b><\/p>\n<p><span style=\"font-weight: 400;\">Sie k\u00f6nnen unser Team noch heute kontaktieren, indem Sie unser ausf\u00fcllen <\/span><a href=\"https:\/\/radiojingles24.com\/de\/contact-us\/\"><span style=\"font-weight: 400;\">Online-Formular<\/span><\/a><span style=\"font-weight: 400;\"> und ein Mitglied unseres Teams wird sich mit Ihnen in Verbindung setzen. Unser Team hilft Ihnen gerne weiter und beantwortet Ihre Fragen zu unseren Jingle-Services. Alternativ k\u00f6nnen Sie uns unter + 44 0113 534 6686 (UK) oder + 1 (212) 710 \u2013 1350 (US) anrufen oder unserem Team direkt eine E-Mail senden an <\/span><a href=\"mailto:info@radiojingles24.com\"><span style=\"font-weight: 400;\">info@radiojingles24.com<\/span><\/a><span style=\"font-weight: 400;\">. Wenn Sie mehr \u00fcber uns und unsere Dienstleistungen hier bei Radio Jingles 24 erfahren m\u00f6chten, k\u00f6nnen Sie mehr auf unserer Website lesen. Wir freuen uns von Ihnen zu h\u00f6ren.<\/span><\/p>\n\r\n\t\t<\/div>\r\n\t<\/div>\r\n\n\t\t\t<\/div> \n\t\t<\/div>\n\t<\/div> \n<\/div><\/div>","protected":false},"excerpt":{"rendered":"Ben\u00f6tigen Sie einen kosteng\u00fcnstigen, hochwertigen Voice-over-Jingle f\u00fcr Ihren Radiosender, YouTube-Kanal, Werbespot oder Podcast? Jingles sind unerl\u00e4sslich, um Ihrer Marke eine Stimme zu verleihen und dabei zu helfen ...","protected":false},"author":1,"featured_media":0,"parent":0,"menu_order":0,"comment_status":"closed","ping_status":"closed","template":"","meta":{"_exactmetrics_skip_tracking":false,"_exactmetrics_sitenote_active":false,"_exactmetrics_sitenote_note":"","_exactmetrics_sitenote_category":0,"footnotes":""},"class_list":["post-93890","page","type-page","status-publish"],"yoast_head":"<!-- This site is optimized with the Yoast SEO plugin v26.8 - https:\/\/yoast.com\/product\/yoast-seo-wordpress\/ -->\n<title>Radio Jingles 24: Radio Jingles | DJ Drops | Podcast Intros | Sung Jingles<\/title>\n<meta name=\"description\" content=\"Radio Jingles, Sung Jingles, DJ Drops, and Podcast Intros for commercial, community and internet radio stations. UK Based. Prices from \u00a35. Order online.\" \/>\n<meta name=\"robots\" content=\"index, follow, max-snippet:-1, max-image-preview:large, max-video-preview:-1\" \/>\n<link rel=\"canonical\" href=\"https:\/\/radiojingles24.com\/de\/professional-voice-over-jingle\/\" \/>\n<meta property=\"og:locale\" content=\"de_DE\" \/>\n<meta property=\"og:type\" content=\"article\" \/>\n<meta property=\"og:title\" content=\"Radio Jingles 24: Radio Jingles | DJ Drops | Podcast Intros | Sung Jingles\" \/>\n<meta property=\"og:description\" content=\"Radio Jingles, Sung Jingles, DJ Drops, and Podcast Intros for commercial, community and internet radio stations. UK Based. Prices from \u00a35. Order online.\" \/>\n<meta property=\"og:url\" content=\"https:\/\/radiojingles24.com\/de\/professional-voice-over-jingle\/\" \/>\n<meta property=\"og:site_name\" content=\"Radio Jingles 24: Radio Jingles | DJ Drops | Podcast Intros | Sung Jingles\" \/>\n<meta property=\"article:publisher\" content=\"https:\/\/www.facebook.com\/radiojingles24\/\" \/>\n<meta property=\"article:modified_time\" content=\"2022-06-17T08:03:32+00:00\" \/>\n<meta name=\"twitter:card\" content=\"summary_large_image\" \/>\n<meta name=\"twitter:site\" content=\"@radiojingles24\" \/>\n<meta name=\"twitter:label1\" content=\"Gesch\u00e4tzte Lesezeit\" \/>\n\t<meta name=\"twitter:data1\" content=\"3\u00a0Minuten\" \/>\n<script type=\"application\/ld+json\" class=\"yoast-schema-graph\">{\"@context\":\"https:\/\/schema.org\",\"@graph\":[{\"@type\":\"WebPage\",\"@id\":\"https:\/\/radiojingles24.com\/professional-voice-over-jingle\/\",\"url\":\"https:\/\/radiojingles24.com\/professional-voice-over-jingle\/\",\"name\":\"Radio Jingles 24: Radio Jingles | DJ Drops | Podcast Intros | Sung Jingles\",\"isPartOf\":{\"@id\":\"https:\/\/radiojingles24.com\/#website\"},\"datePublished\":\"2022-06-10T08:02:23+00:00\",\"dateModified\":\"2022-06-17T08:03:32+00:00\",\"description\":\"Radio Jingles, Sung Jingles, DJ Drops, and Podcast Intros for commercial, community and internet radio stations. UK Based. Prices from \u00a35. Order online.\",\"breadcrumb\":{\"@id\":\"https:\/\/radiojingles24.com\/professional-voice-over-jingle\/#breadcrumb\"},\"inLanguage\":\"de\",\"potentialAction\":[{\"@type\":\"ReadAction\",\"target\":[\"https:\/\/radiojingles24.com\/professional-voice-over-jingle\/\"]}]},{\"@type\":\"BreadcrumbList\",\"@id\":\"https:\/\/radiojingles24.com\/professional-voice-over-jingle\/#breadcrumb\",\"itemListElement\":[{\"@type\":\"ListItem\",\"position\":1,\"name\":\"Home\",\"item\":\"https:\/\/radiojingles24.com\/de\/\"},{\"@type\":\"ListItem\",\"position\":2,\"name\":\"Need Help Creating a Professional Voice Over Jingle?\"}]},{\"@type\":\"WebSite\",\"@id\":\"https:\/\/radiojingles24.com\/#website\",\"url\":\"https:\/\/radiojingles24.com\/\",\"name\":\"Radio Jingles 24: Radio Jingles | DJ Drops | Podcast Intros | Sung Jingles\",\"description\":\"Radio Jingles, Sung Jingles, DJ Drops, and Podcast Intros for commercial, community and internet radio stations. UK Based. Prices from \u00a35. Order online.\",\"publisher\":{\"@id\":\"https:\/\/radiojingles24.com\/#organization\"},\"potentialAction\":[{\"@type\":\"SearchAction\",\"target\":{\"@type\":\"EntryPoint\",\"urlTemplate\":\"https:\/\/radiojingles24.com\/?s={search_term_string}\"},\"query-input\":{\"@type\":\"PropertyValueSpecification\",\"valueRequired\":true,\"valueName\":\"search_term_string\"}}],\"inLanguage\":\"de\"},{\"@type\":\"Organization\",\"@id\":\"https:\/\/radiojingles24.com\/#organization\",\"name\":\"Radio Jingles 24\",\"url\":\"https:\/\/radiojingles24.com\/\",\"logo\":{\"@type\":\"ImageObject\",\"inLanguage\":\"de\",\"@id\":\"https:\/\/radiojingles24.com\/#\/schema\/logo\/image\/\",\"url\":\"https:\/\/radiojingles24.com\/wp-content\/uploads\/2019\/11\/RadioJingle1-1.jpg\",\"contentUrl\":\"https:\/\/radiojingles24.com\/wp-content\/uploads\/2019\/11\/RadioJingle1-1.jpg\",\"width\":512,\"height\":158,\"caption\":\"Radio Jingles 24\"},\"image\":{\"@id\":\"https:\/\/radiojingles24.com\/#\/schema\/logo\/image\/\"},\"sameAs\":[\"https:\/\/www.facebook.com\/radiojingles24\/\",\"https:\/\/x.com\/radiojingles24\"]}]}<\/script>\n<!-- \/ Yoast SEO plugin. -->","yoast_head_json":{"title":"Radio Jingles 24: Radio Jingles | DJ Drops | Podcast Intros | Gesungene Jingles","description":"Radio Jingles, Sung Jingles, DJ Drops und Podcast Intros f\u00fcr kommerzielle, Community- und Internetradiosender. In Gro\u00dfbritannien ans\u00e4ssig. Preise ab \u00a3 5. Online bestellen.","robots":{"index":"index","follow":"follow","max-snippet":"max-snippet:-1","max-image-preview":"max-image-preview:large","max-video-preview":"max-video-preview:-1"},"canonical":"https:\/\/radiojingles24.com\/de\/professional-voice-over-jingle\/","og_locale":"de_DE","og_type":"article","og_title":"Radio Jingles 24: Radio Jingles | DJ Drops | Podcast Intros | Sung Jingles","og_description":"Radio Jingles, Sung Jingles, DJ Drops, and Podcast Intros for commercial, community and internet radio stations. UK Based. Prices from \u00a35. Order online.","og_url":"https:\/\/radiojingles24.com\/de\/professional-voice-over-jingle\/","og_site_name":"Radio Jingles 24: Radio Jingles | DJ Drops | Podcast Intros | Sung Jingles","article_publisher":"https:\/\/www.facebook.com\/radiojingles24\/","article_modified_time":"2022-06-17T08:03:32+00:00","twitter_card":"summary_large_image","twitter_site":"@radiojingles24","twitter_misc":{"Gesch\u00e4tzte Lesezeit":"3\u00a0Minuten"},"schema":{"@context":"https:\/\/schema.org","@graph":[{"@type":"WebPage","@id":"https:\/\/radiojingles24.com\/professional-voice-over-jingle\/","url":"https:\/\/radiojingles24.com\/professional-voice-over-jingle\/","name":"Radio Jingles 24: Radio Jingles | DJ Drops | Podcast Intros | Gesungene Jingles","isPartOf":{"@id":"https:\/\/radiojingles24.com\/#website"},"datePublished":"2022-06-10T08:02:23+00:00","dateModified":"2022-06-17T08:03:32+00:00","description":"Radio Jingles, Sung Jingles, DJ Drops und Podcast Intros f\u00fcr kommerzielle, Community- und Internetradiosender. In Gro\u00dfbritannien ans\u00e4ssig. Preise ab \u00a3 5. Online bestellen.","breadcrumb":{"@id":"https:\/\/radiojingles24.com\/professional-voice-over-jingle\/#breadcrumb"},"inLanguage":"de","potentialAction":[{"@type":"ReadAction","target":["https:\/\/radiojingles24.com\/professional-voice-over-jingle\/"]}]},{"@type":"BreadcrumbList","@id":"https:\/\/radiojingles24.com\/professional-voice-over-jingle\/#breadcrumb","itemListElement":[{"@type":"ListItem","position":1,"name":"Home","item":"https:\/\/radiojingles24.com\/de\/"},{"@type":"ListItem","position":2,"name":"Need Help Creating a Professional Voice Over Jingle?"}]},{"@type":"WebSite","@id":"https:\/\/radiojingles24.com\/#website","url":"https:\/\/radiojingles24.com\/","name":"Radio Jingles 24: Radio Jingles | DJ Drops | Podcast Intros | Gesungene Jingles","description":"Radio Jingles, Sung Jingles, DJ Drops und Podcast Intros f\u00fcr kommerzielle, Community- und Internetradiosender. In Gro\u00dfbritannien ans\u00e4ssig. Preise ab \u00a3 5. Online bestellen.","publisher":{"@id":"https:\/\/radiojingles24.com\/#organization"},"potentialAction":[{"@type":"SearchAction","target":{"@type":"EntryPoint","urlTemplate":"https:\/\/radiojingles24.com\/?s={search_term_string}"},"query-input":{"@type":"PropertyValueSpecification","valueRequired":true,"valueName":"search_term_string"}}],"inLanguage":"de"},{"@type":"Organization","@id":"https:\/\/radiojingles24.com\/#organization","name":"Radio Jingles 24","url":"https:\/\/radiojingles24.com\/","logo":{"@type":"ImageObject","inLanguage":"de","@id":"https:\/\/radiojingles24.com\/#\/schema\/logo\/image\/","url":"https:\/\/radiojingles24.com\/wp-content\/uploads\/2019\/11\/RadioJingle1-1.jpg","contentUrl":"https:\/\/radiojingles24.com\/wp-content\/uploads\/2019\/11\/RadioJingle1-1.jpg","width":512,"height":158,"caption":"Radio Jingles 24"},"image":{"@id":"https:\/\/radiojingles24.com\/#\/schema\/logo\/image\/"},"sameAs":["https:\/\/www.facebook.com\/radiojingles24\/","https:\/\/x.com\/radiojingles24"]}]}},"jetpack_sharing_enabled":true,"_links":{"self":[{"href":"https:\/\/radiojingles24.com\/de\/wp-json\/wp\/v2\/pages\/93890","targetHints":{"allow":["GET"]}}],"collection":[{"href":"https:\/\/radiojingles24.com\/de\/wp-json\/wp\/v2\/pages"}],"about":[{"href":"https:\/\/radiojingles24.com\/de\/wp-json\/wp\/v2\/types\/page"}],"author":[{"embeddable":true,"href":"https:\/\/radiojingles24.com\/de\/wp-json\/wp\/v2\/users\/1"}],"replies":[{"embeddable":true,"href":"https:\/\/radiojingles24.com\/de\/wp-json\/wp\/v2\/comments?post=93890"}],"version-history":[{"count":1,"href":"https:\/\/radiojingles24.com\/de\/wp-json\/wp\/v2\/pages\/93890\/revisions"}],"predecessor-version":[{"id":93891,"href":"https:\/\/radiojingles24.com\/de\/wp-json\/wp\/v2\/pages\/93890\/revisions\/93891"}],"wp:attachment":[{"href":"https:\/\/radiojingles24.com\/de\/wp-json\/wp\/v2\/media?parent=93890"}],"curies":[{"name":"wp","href":"https:\/\/api.w.org\/{rel}","templated":true}]}}