{"id":93892,"date":"2022-06-10T08:03:57","date_gmt":"2022-06-10T08:03:57","guid":{"rendered":"https:\/\/radiojingles24.com\/?page_id=93892"},"modified":"2022-06-17T08:04:48","modified_gmt":"2022-06-17T08:04:48","slug":"perfect-jingle-for-your-podcast","status":"publish","type":"page","link":"https:\/\/radiojingles24.com\/de\/perfect-jingle-for-your-podcast\/","title":{"rendered":"M\u00f6chten Sie den perfekten Jingle f\u00fcr Ihren Podcast erstellen?"},"content":{"rendered":"<div id=\"fws_69e03da63f824\"  data-midnight=\"dark\"  data-bg-mobile-hidden=\"\" class=\"wpb_row vc_row-fluid vc_row top-level standard_section\"  style=\"padding-top: 0px; padding-bottom: 0px; \"><div class=\"row-bg-wrap\" data-bg-animation=\"none\"><div class=\"inner-wrap\"><div class=\"row-bg\"  style=\"\"><\/div><\/div><div class=\"row-bg-overlay\" ><\/div><\/div><div class=\"col span_12 dark left\">\n\t<div  class=\"vc_col-sm-12 wpb_column column_container vc_column_container col no-extra-padding\"  data-t-w-inherits=\"default\" data-border-radius=\"none\" data-shadow=\"none\" data-border-animation=\"\" data-border-animation-delay=\"\" data-border-width=\"none\" data-border-style=\"solid\" data-border-color=\"\" data-bg-cover=\"\" data-padding-pos=\"all\" data-has-bg-color=\"false\" data-bg-color=\"\" data-bg-opacity=\"1\" data-hover-bg=\"\" data-hover-bg-opacity=\"1\" data-animation=\"\" data-delay=\"0\"><div class=\"column-bg-overlay\"><\/div>\n\t\t<div class=\"vc_column-inner\">\n\t\t\t<div class=\"wpb_wrapper\">\n\t\t\t\t\r\n\t<div class=\"wpb_text_column wpb_content_element\" >\r\n\t\t<div class=\"wpb_wrapper\">\r\n\t\t\t<p><span style=\"font-weight: 400;\">M\u00f6chten Sie den perfekten Jingle f\u00fcr Ihren Podcast erstellen, der das Audioerlebnis f\u00fcr Ihre Zuh\u00f6rer verbessert und Ihnen eine wirklich einzigartige Stimme verleiht, die sie braucht? Willkommen zu <\/span><a href=\"https:\/\/radiojingles24.com\/de\/\"><span style=\"font-weight: 400;\">Radio Jingles 24<\/span><\/a><span style=\"font-weight: 400;\">, eine im Vereinigten K\u00f6nigreich ans\u00e4ssige Imaging-Produktionsfirma mit \u00fcber 10 Jahren Erfahrung in der Erstellung gro\u00dfartiger Audiodateien und Jingles f\u00fcr eine Reihe von Audioanwendungen.<\/span><\/p>\n<p>&nbsp;<\/p>\n<p><span style=\"font-weight: 400;\">Wir erstellen Podcast-Jingles, gesungene Radio-Jingles, kommerzielle Jingles, DJ-Drops und Bilder von Radiosendern und bieten umfangreiche kommerzielle Produktionsdienste an. Sie k\u00f6nnen sich f\u00fcr Voiceover, Skript, Audiol\u00e4nge, Musik, Effekte und vieles mehr entscheiden, um es einzigartig und auf Sie zugeschnitten zu machen. Unser Team erstellt Ihren benutzerdefinierten Podcast-Jingle und l\u00e4sst ihn innerhalb von 24 Stunden, 7 Tage die Woche an Sie liefern \u2013 was unseren Service schnell und effizient macht.<\/span><\/p>\n<p>&nbsp;<\/p>\n<p><span style=\"font-weight: 400;\">Sind Sie bereit, dass wir Ihren Podcast-Jingle erstellen? <\/span><a href=\"https:\/\/radiojingles24.com\/de\/contact-us\/\"><span style=\"font-weight: 400;\">Kontaktiere uns<\/span><\/a><span style=\"font-weight: 400;\"> heute.<\/span><\/p>\n<p>&nbsp;<\/p>\n<p><b>Warum ist ein Podcast-Jingle wichtig?<\/b><\/p>\n<p>&nbsp;<\/p>\n<p><span style=\"font-weight: 400;\">Du denkst vielleicht, brauche ich wirklich einen Jingle f\u00fcr meinen Podcast? Die Antwort ist ja. Wenn Sie konsistente Musik in Ihrem Podcast haben, wird dies dazu beitragen, Ihre Zuh\u00f6rer vertraut zu machen und ihnen das Gef\u00fchl zu geben, Ihnen und Ihrer Sendung verbundener zu sein. Wir alle erinnern uns an die Themenmelodien und Jingles von Shows, YouTube-Kan\u00e4len und Radiosendern, die wir h\u00f6ren \u2013 und deshalb ist es f\u00fcr einen Podcast genauso wichtig.\u00a0<\/span><\/p>\n<p>&nbsp;<\/p>\n<p><span style=\"font-weight: 400;\">Ein Jingle ist besonders wichtig f\u00fcr einen Podcast, da es kein Video oder Bildmaterial gibt, sondern nur den Ton. Sie m\u00fcssen also sicherstellen, dass Sie auffallen und Ihren Zuh\u00f6rern in Erinnerung bleiben. Sie m\u00fcssen Ihren Podcast als eigene Marke etablieren und Ihren Zuh\u00f6rern etwas geben, an das sie sich erinnern k\u00f6nnen. Jingles werden manchmal auch als das \u201evisuelle Logo\u201c des Sounds bezeichnet und bieten Ihren Zuh\u00f6rern ein umfassendes Audioerlebnis.<\/span><\/p>\n<p>&nbsp;<\/p>\n<p><b>Wie es funktioniert<\/b><\/p>\n<p>&nbsp;<\/p>\n<ul>\n<li aria-level=\"1\"><b>W\u00e4hlen Sie Ihre Optionen<\/b><\/li>\n<\/ul>\n<p>&nbsp;<\/p>\n<p><span style=\"font-weight: 400;\">Zuerst erz\u00e4hlst du uns ein wenig dar\u00fcber, was du von deinem Jingle erwartest, und gibst uns die Informationen \u00fcber deinen Podcast, die wir brauchen, um dein Meisterwerk zu erstellen. Schreiben Sie Ihr Skript, w\u00e4hlen Sie Ihr Voiceover oder senden Sie uns Ihr eigenes, w\u00e4hlen Sie die Audiol\u00e4nge, w\u00e4hlen Sie Ihre Musik und entscheiden Sie, ob Sie Ihren Jingle trocken oder vollst\u00e4ndig mit Musik oder SFX produziert haben m\u00f6chten.\u00a0<\/span><\/p>\n<p>&nbsp;<\/p>\n<ul>\n<li aria-level=\"1\"><b>Wir nehmen auf<\/b><\/li>\n<\/ul>\n<p>&nbsp;<\/p>\n<p><span style=\"font-weight: 400;\">Dann wird unser Team zaubern. Wir werden Ihren Podcast-Jingle vollst\u00e4ndig produzieren, bearbeiten und mastern.<\/span><\/p>\n<p>&nbsp;<\/p>\n<ul>\n<li aria-level=\"1\"><b>Wir liefern<\/b><\/li>\n<\/ul>\n<p>&nbsp;<\/p>\n<p><span style=\"font-weight: 400;\">Wir liefern alle unsere Jingles innerhalb von 24 Stunden. Ihr Jingle kann Ihnen als HQ WAVE-, MP3- oder AIFF-Datei zugesandt werden, 100% lizenzfrei.<\/span><\/p>\n<p>&nbsp;<\/p>\n<p><b>Entdecken Sie unsere Podcast-Jingle-Optionen<\/b><\/p>\n<p>&nbsp;<\/p>\n<p><span style=\"font-weight: 400;\">Hier bei Radio Jingles 24 bieten wir unseren Kunden schnelle, einfache und professionelle Jingles f\u00fcr eine Vielzahl von Anforderungen \u2013 ob f\u00fcr Ihren Podcast, Ihre Werbung, Ihren Radiosender oder Ihren YouTube-Kanal. Wir haben einen riesigen Katalog an lizenzfreier Musik und SFX, also haben wir sicher etwas, das Ihnen gefallen wird. Wir haben \u00fcber 10 Jahre Erfahrung in der Audioproduktion, sodass Sie sicher sein k\u00f6nnen, dass das fertige Audio fantastisch klingen wird.<\/span><\/p>\n<p><span style=\"font-weight: 400;\">Sie k\u00f6nnen unser Team noch heute kontaktieren, indem Sie unser ausf\u00fcllen <\/span><a href=\"https:\/\/radiojingles24.com\/de\/contact-us\/\"><span style=\"font-weight: 400;\">Online-Formular<\/span><\/a><span style=\"font-weight: 400;\"> und ein Mitglied unseres Teams wird sich mit Ihnen in Verbindung setzen. Unser Team hilft Ihnen gerne weiter und beantwortet alle Ihre Fragen zu unseren Jingle-Erstellungsdiensten. Alternativ k\u00f6nnen Sie uns unter + 44 0113 534 6686 (UK) oder + 1 (212) 710 \u2013 1350 (US) anrufen oder unserem Team direkt eine E-Mail senden an <\/span><a href=\"mailto:info@radiojingles24.com\"><span style=\"font-weight: 400;\">info@radiojingles24.com<\/span><\/a><span style=\"font-weight: 400;\">.<\/span><\/p>\n\r\n\t\t<\/div>\r\n\t<\/div>\r\n\n\t\t\t<\/div> \n\t\t<\/div>\n\t<\/div> \n<\/div><\/div>","protected":false},"excerpt":{"rendered":"M\u00f6chten Sie den perfekten Jingle f\u00fcr Ihren Podcast erstellen, der das Audioerlebnis f\u00fcr Ihre Zuh\u00f6rer verbessert und Ihnen eine wirklich einzigartige Stimme verleiht, die sie braucht? Herzlich willkommen...","protected":false},"author":1,"featured_media":0,"parent":0,"menu_order":0,"comment_status":"closed","ping_status":"closed","template":"","meta":{"_exactmetrics_skip_tracking":false,"_exactmetrics_sitenote_active":false,"_exactmetrics_sitenote_note":"","_exactmetrics_sitenote_category":0,"footnotes":""},"class_list":["post-93892","page","type-page","status-publish"],"yoast_head":"<!-- This site is optimized with the Yoast SEO plugin v26.8 - https:\/\/yoast.com\/product\/yoast-seo-wordpress\/ -->\n<title>Radio Jingles 24: Radio Jingles | DJ Drops | Podcast Intros | Sung Jingles<\/title>\n<meta name=\"description\" content=\"Radio Jingles, Sung Jingles, DJ Drops, and Podcast Intros for commercial, community and internet radio stations. UK Based. Prices from \u00a35. Order online.\" \/>\n<meta name=\"robots\" content=\"index, follow, max-snippet:-1, max-image-preview:large, max-video-preview:-1\" \/>\n<link rel=\"canonical\" href=\"https:\/\/radiojingles24.com\/de\/perfect-jingle-for-your-podcast\/\" \/>\n<meta property=\"og:locale\" content=\"de_DE\" \/>\n<meta property=\"og:type\" content=\"article\" \/>\n<meta property=\"og:title\" content=\"Radio Jingles 24: Radio Jingles | DJ Drops | Podcast Intros | Sung Jingles\" \/>\n<meta property=\"og:description\" content=\"Radio Jingles, Sung Jingles, DJ Drops, and Podcast Intros for commercial, community and internet radio stations. UK Based. Prices from \u00a35. Order online.\" \/>\n<meta property=\"og:url\" content=\"https:\/\/radiojingles24.com\/de\/perfect-jingle-for-your-podcast\/\" \/>\n<meta property=\"og:site_name\" content=\"Radio Jingles 24: Radio Jingles | DJ Drops | Podcast Intros | Sung Jingles\" \/>\n<meta property=\"article:publisher\" content=\"https:\/\/www.facebook.com\/radiojingles24\/\" \/>\n<meta property=\"article:modified_time\" content=\"2022-06-17T08:04:48+00:00\" \/>\n<meta name=\"twitter:card\" content=\"summary_large_image\" \/>\n<meta name=\"twitter:site\" content=\"@radiojingles24\" \/>\n<meta name=\"twitter:label1\" content=\"Gesch\u00e4tzte Lesezeit\" \/>\n\t<meta name=\"twitter:data1\" content=\"3\u00a0Minuten\" \/>\n<script type=\"application\/ld+json\" class=\"yoast-schema-graph\">{\"@context\":\"https:\/\/schema.org\",\"@graph\":[{\"@type\":\"WebPage\",\"@id\":\"https:\/\/radiojingles24.com\/perfect-jingle-for-your-podcast\/\",\"url\":\"https:\/\/radiojingles24.com\/perfect-jingle-for-your-podcast\/\",\"name\":\"Radio Jingles 24: Radio Jingles | DJ Drops | Podcast Intros | Sung Jingles\",\"isPartOf\":{\"@id\":\"https:\/\/radiojingles24.com\/#website\"},\"datePublished\":\"2022-06-10T08:03:57+00:00\",\"dateModified\":\"2022-06-17T08:04:48+00:00\",\"description\":\"Radio Jingles, Sung Jingles, DJ Drops, and Podcast Intros for commercial, community and internet radio stations. UK Based. Prices from \u00a35. Order online.\",\"breadcrumb\":{\"@id\":\"https:\/\/radiojingles24.com\/perfect-jingle-for-your-podcast\/#breadcrumb\"},\"inLanguage\":\"de\",\"potentialAction\":[{\"@type\":\"ReadAction\",\"target\":[\"https:\/\/radiojingles24.com\/perfect-jingle-for-your-podcast\/\"]}]},{\"@type\":\"BreadcrumbList\",\"@id\":\"https:\/\/radiojingles24.com\/perfect-jingle-for-your-podcast\/#breadcrumb\",\"itemListElement\":[{\"@type\":\"ListItem\",\"position\":1,\"name\":\"Home\",\"item\":\"https:\/\/radiojingles24.com\/de\/\"},{\"@type\":\"ListItem\",\"position\":2,\"name\":\"Want to Create the Perfect Jingle for your Podcast?\"}]},{\"@type\":\"WebSite\",\"@id\":\"https:\/\/radiojingles24.com\/#website\",\"url\":\"https:\/\/radiojingles24.com\/\",\"name\":\"Radio Jingles 24: Radio Jingles | DJ Drops | Podcast Intros | Sung Jingles\",\"description\":\"Radio Jingles, Sung Jingles, DJ Drops, and Podcast Intros for commercial, community and internet radio stations. UK Based. Prices from \u00a35. Order online.\",\"publisher\":{\"@id\":\"https:\/\/radiojingles24.com\/#organization\"},\"potentialAction\":[{\"@type\":\"SearchAction\",\"target\":{\"@type\":\"EntryPoint\",\"urlTemplate\":\"https:\/\/radiojingles24.com\/?s={search_term_string}\"},\"query-input\":{\"@type\":\"PropertyValueSpecification\",\"valueRequired\":true,\"valueName\":\"search_term_string\"}}],\"inLanguage\":\"de\"},{\"@type\":\"Organization\",\"@id\":\"https:\/\/radiojingles24.com\/#organization\",\"name\":\"Radio Jingles 24\",\"url\":\"https:\/\/radiojingles24.com\/\",\"logo\":{\"@type\":\"ImageObject\",\"inLanguage\":\"de\",\"@id\":\"https:\/\/radiojingles24.com\/#\/schema\/logo\/image\/\",\"url\":\"https:\/\/radiojingles24.com\/wp-content\/uploads\/2019\/11\/RadioJingle1-1.jpg\",\"contentUrl\":\"https:\/\/radiojingles24.com\/wp-content\/uploads\/2019\/11\/RadioJingle1-1.jpg\",\"width\":512,\"height\":158,\"caption\":\"Radio Jingles 24\"},\"image\":{\"@id\":\"https:\/\/radiojingles24.com\/#\/schema\/logo\/image\/\"},\"sameAs\":[\"https:\/\/www.facebook.com\/radiojingles24\/\",\"https:\/\/x.com\/radiojingles24\"]}]}<\/script>\n<!-- \/ Yoast SEO plugin. -->","yoast_head_json":{"title":"Radio Jingles 24: Radio Jingles | DJ Drops | Podcast Intros | Gesungene Jingles","description":"Radio Jingles, Sung Jingles, DJ Drops und Podcast Intros f\u00fcr kommerzielle, Community- und Internetradiosender. In Gro\u00dfbritannien ans\u00e4ssig. Preise ab \u00a3 5. Online bestellen.","robots":{"index":"index","follow":"follow","max-snippet":"max-snippet:-1","max-image-preview":"max-image-preview:large","max-video-preview":"max-video-preview:-1"},"canonical":"https:\/\/radiojingles24.com\/de\/perfect-jingle-for-your-podcast\/","og_locale":"de_DE","og_type":"article","og_title":"Radio Jingles 24: Radio Jingles | DJ Drops | Podcast Intros | Sung Jingles","og_description":"Radio Jingles, Sung Jingles, DJ Drops, and Podcast Intros for commercial, community and internet radio stations. UK Based. Prices from \u00a35. Order online.","og_url":"https:\/\/radiojingles24.com\/de\/perfect-jingle-for-your-podcast\/","og_site_name":"Radio Jingles 24: Radio Jingles | DJ Drops | Podcast Intros | Sung Jingles","article_publisher":"https:\/\/www.facebook.com\/radiojingles24\/","article_modified_time":"2022-06-17T08:04:48+00:00","twitter_card":"summary_large_image","twitter_site":"@radiojingles24","twitter_misc":{"Gesch\u00e4tzte Lesezeit":"3\u00a0Minuten"},"schema":{"@context":"https:\/\/schema.org","@graph":[{"@type":"WebPage","@id":"https:\/\/radiojingles24.com\/perfect-jingle-for-your-podcast\/","url":"https:\/\/radiojingles24.com\/perfect-jingle-for-your-podcast\/","name":"Radio Jingles 24: Radio Jingles | DJ Drops | Podcast Intros | Gesungene Jingles","isPartOf":{"@id":"https:\/\/radiojingles24.com\/#website"},"datePublished":"2022-06-10T08:03:57+00:00","dateModified":"2022-06-17T08:04:48+00:00","description":"Radio Jingles, Sung Jingles, DJ Drops und Podcast Intros f\u00fcr kommerzielle, Community- und Internetradiosender. In Gro\u00dfbritannien ans\u00e4ssig. Preise ab \u00a3 5. Online bestellen.","breadcrumb":{"@id":"https:\/\/radiojingles24.com\/perfect-jingle-for-your-podcast\/#breadcrumb"},"inLanguage":"de","potentialAction":[{"@type":"ReadAction","target":["https:\/\/radiojingles24.com\/perfect-jingle-for-your-podcast\/"]}]},{"@type":"BreadcrumbList","@id":"https:\/\/radiojingles24.com\/perfect-jingle-for-your-podcast\/#breadcrumb","itemListElement":[{"@type":"ListItem","position":1,"name":"Home","item":"https:\/\/radiojingles24.com\/de\/"},{"@type":"ListItem","position":2,"name":"Want to Create the Perfect Jingle for your Podcast?"}]},{"@type":"WebSite","@id":"https:\/\/radiojingles24.com\/#website","url":"https:\/\/radiojingles24.com\/","name":"Radio Jingles 24: Radio Jingles | DJ Drops | Podcast Intros | Gesungene Jingles","description":"Radio Jingles, Sung Jingles, DJ Drops und Podcast Intros f\u00fcr kommerzielle, Community- und Internetradiosender. In Gro\u00dfbritannien ans\u00e4ssig. Preise ab \u00a3 5. Online bestellen.","publisher":{"@id":"https:\/\/radiojingles24.com\/#organization"},"potentialAction":[{"@type":"SearchAction","target":{"@type":"EntryPoint","urlTemplate":"https:\/\/radiojingles24.com\/?s={search_term_string}"},"query-input":{"@type":"PropertyValueSpecification","valueRequired":true,"valueName":"search_term_string"}}],"inLanguage":"de"},{"@type":"Organization","@id":"https:\/\/radiojingles24.com\/#organization","name":"Radio Jingles 24","url":"https:\/\/radiojingles24.com\/","logo":{"@type":"ImageObject","inLanguage":"de","@id":"https:\/\/radiojingles24.com\/#\/schema\/logo\/image\/","url":"https:\/\/radiojingles24.com\/wp-content\/uploads\/2019\/11\/RadioJingle1-1.jpg","contentUrl":"https:\/\/radiojingles24.com\/wp-content\/uploads\/2019\/11\/RadioJingle1-1.jpg","width":512,"height":158,"caption":"Radio Jingles 24"},"image":{"@id":"https:\/\/radiojingles24.com\/#\/schema\/logo\/image\/"},"sameAs":["https:\/\/www.facebook.com\/radiojingles24\/","https:\/\/x.com\/radiojingles24"]}]}},"jetpack_sharing_enabled":true,"_links":{"self":[{"href":"https:\/\/radiojingles24.com\/de\/wp-json\/wp\/v2\/pages\/93892","targetHints":{"allow":["GET"]}}],"collection":[{"href":"https:\/\/radiojingles24.com\/de\/wp-json\/wp\/v2\/pages"}],"about":[{"href":"https:\/\/radiojingles24.com\/de\/wp-json\/wp\/v2\/types\/page"}],"author":[{"embeddable":true,"href":"https:\/\/radiojingles24.com\/de\/wp-json\/wp\/v2\/users\/1"}],"replies":[{"embeddable":true,"href":"https:\/\/radiojingles24.com\/de\/wp-json\/wp\/v2\/comments?post=93892"}],"version-history":[{"count":1,"href":"https:\/\/radiojingles24.com\/de\/wp-json\/wp\/v2\/pages\/93892\/revisions"}],"predecessor-version":[{"id":93893,"href":"https:\/\/radiojingles24.com\/de\/wp-json\/wp\/v2\/pages\/93892\/revisions\/93893"}],"wp:attachment":[{"href":"https:\/\/radiojingles24.com\/de\/wp-json\/wp\/v2\/media?parent=93892"}],"curies":[{"name":"wp","href":"https:\/\/api.w.org\/{rel}","templated":true}]}}