{"id":93895,"date":"2022-06-16T08:07:26","date_gmt":"2022-06-16T08:07:26","guid":{"rendered":"https:\/\/radiojingles24.com\/?page_id=93895"},"modified":"2022-06-17T08:08:39","modified_gmt":"2022-06-17T08:08:39","slug":"radio-jingle-for-your-radio-station","status":"publish","type":"page","link":"https:\/\/radiojingles24.com\/de\/radio-jingle-for-your-radio-station\/","title":{"rendered":"Die Vorteile eines einpr\u00e4gsamen Radio-Jingles f\u00fcr Ihren Radiosender"},"content":{"rendered":"<div id=\"fws_69e48c3fd5b9c\"  data-midnight=\"dark\"  data-bg-mobile-hidden=\"\" class=\"wpb_row vc_row-fluid vc_row top-level standard_section\"  style=\"padding-top: 0px; padding-bottom: 0px; \"><div class=\"row-bg-wrap\" data-bg-animation=\"none\"><div class=\"inner-wrap\"><div class=\"row-bg\"  style=\"\"><\/div><\/div><div class=\"row-bg-overlay\" ><\/div><\/div><div class=\"col span_12 dark left\">\n\t<div  class=\"vc_col-sm-12 wpb_column column_container vc_column_container col no-extra-padding\"  data-t-w-inherits=\"default\" data-border-radius=\"none\" data-shadow=\"none\" data-border-animation=\"\" data-border-animation-delay=\"\" data-border-width=\"none\" data-border-style=\"solid\" data-border-color=\"\" data-bg-cover=\"\" data-padding-pos=\"all\" data-has-bg-color=\"false\" data-bg-color=\"\" data-bg-opacity=\"1\" data-hover-bg=\"\" data-hover-bg-opacity=\"1\" data-animation=\"\" data-delay=\"0\"><div class=\"column-bg-overlay\"><\/div>\n\t\t<div class=\"vc_column-inner\">\n\t\t\t<div class=\"wpb_wrapper\">\n\t\t\t\t\r\n\t<div class=\"wpb_text_column wpb_content_element\" >\r\n\t\t<div class=\"wpb_wrapper\">\r\n\t\t\t<p><span style=\"font-weight: 400;\">Suchen Sie nach M\u00f6glichkeiten, Ihren Radiosender einpr\u00e4gsamer zu machen? Ben\u00f6tigen Sie einen benutzerfreundlichen, budgetfreundlichen Jingle-Maker, der Ihrem Radiosender zum Durchstarten verhilft? Egal, ob Sie dabei sind, Ihren neuen Radiosender zu gr\u00fcnden und einen Weg suchen, um von den Zuh\u00f6rern erkannt zu werden, oder ob Sie vielleicht sogar daran interessiert sind, Ihren bestehenden Sender umzubenennen und mit einem eing\u00e4ngigen Radiojingle ein breiteres Publikum ansprechen m\u00f6chten <\/span><a href=\"https:\/\/radiojingles24.com\/de\/\"><span style=\"font-weight: 400;\">Radio Jingles 24<\/span><\/a><span style=\"font-weight: 400;\"> verf\u00fcgt \u00fcber ein schnelles, einfach zu bedienendes Tool zur Jingle-Erstellung in professioneller Qualit\u00e4t, mit dem jedes einzelne erforderliche Detail in nur wenigen einfachen Schritten erfasst werden kann.<\/span><\/p>\n<p>&nbsp;<\/p>\n<p><span style=\"font-weight: 400;\">Mit \u00fcber 10 Jahren Erfahrung in der Branche haben wir viel Erfahrung damit, zu verstehen, wonach unsere Kunden wirklich suchen. Vor diesem Hintergrund haben wir eine Jingle-Maker-Software entwickelt, die eine Vielzahl unterschiedlicher Funktionen bietet <\/span><a href=\"https:\/\/radiojingles24.com\/de\/produkt\/spoken-audio\/\"><span style=\"font-weight: 400;\">gesprochen<\/span><\/a><span style=\"font-weight: 400;\"> und <\/span><a href=\"https:\/\/radiojingles24.com\/de\/produkt\/sung-audio\/\"><span style=\"font-weight: 400;\">gesungen<\/span><\/a><span style=\"font-weight: 400;\"> Jingle-Vorlagen, \u00fcber 10 professionelle K\u00fcnstler-Voice-Overs, <\/span><a href=\"https:\/\/radiojingles24.com\/de\/#voices\"><span style=\"font-weight: 400;\">eine gro\u00dfe Auswahl an Sound- und Musikeffekten<\/span><\/a><span style=\"font-weight: 400;\">, eine Auswahl an Download-Methoden, w\u00e4hrend Sie gleichzeitig kontrollieren k\u00f6nnen, wie viel Sie in jedem Schritt des Prozesses ausgeben.<\/span><\/p>\n<p>&nbsp;<\/p>\n<p><b>Das Erstellen eines einpr\u00e4gsamen Radio-Jingles war noch nie so einfach<\/b><\/p>\n<p>&nbsp;<\/p>\n<p><span style=\"font-weight: 400;\">Hier bei Radio Jingle 24 haben wir es uns zur Aufgabe gemacht, eine hochwertige, einfach zu bedienende Jingle-Maker-Software zu entwickeln und dabei unsere Kunden im Auge zu behalten. Im Gegensatz zu einigen unserer Konkurrenten verstehen wir, dass jeder unserer Kunden anders ist, und dies bedeutet oft, dass auch sein Kompetenzniveau in Bezug auf Technologie unterschiedlich ist, und das ist in Ordnung, weil wir dies bei der Festlegung des Endprodukts unseres ber\u00fccksichtigt haben Jingle-Maker-Software.<\/span><\/p>\n<p>&nbsp;<\/p>\n<p><span style=\"font-weight: 400;\">Nun, anstatt Sie durch die Schritte zu f\u00fchren, wie Sie Ihren eing\u00e4ngigen Radio-Jingle erstellen; Da unsere Website dies bereits f\u00fcr Sie erledigt, w\u00fcrden wir gerne mit Ihnen \u00fcber die Vorteile sprechen, die ein eing\u00e4ngiger Radio-Jingle f\u00fcr Ihren Sender hat. Ein einpr\u00e4gsamer Radio-Jingle hilft dabei, das Branding f\u00fcr Ihren Sender aufzubauen und ihn von anderen deutlich erkennbar zu machen, denn nichts verst\u00e4rkt die Pr\u00e4senz Ihres Senders so sehr wie eine konsistente, hochwertige Botschaft.\u00a0<\/span><\/p>\n<p>&nbsp;<\/p>\n<p><span style=\"font-weight: 400;\">Nicht nur das, es hat sich auch als kosteng\u00fcnstige Art der Werbung erwiesen und Ihre Zuh\u00f6rer angezogen, besonders wenn Sie ein gro\u00dfartiges Wort haben, das leicht zu merken ist und nie alt wird. Wir alle haben diesen einen Ohrwurm; sei es f\u00fcr eine Werbung, einen Radiosender oder einen Podcast, das kann nervig sein, da es nach dem ersten H\u00f6ren stundenlang in unseren K\u00f6pfen bleibt, aber es funktioniert richtig? Sie erinnern sich daran und erkennen es gegen\u00fcber allen anderen Sendungen. Das ist die Kraft eines eing\u00e4ngigen Radiojingles.<\/span><\/p>\n<p>&nbsp;<\/p>\n<p><b>Wir sind hier um zu helfen<\/b><\/p>\n<p>&nbsp;<\/p>\n<p><span style=\"font-weight: 400;\">Wenn Sie nach einer benutzerfreundlichen, schnellen Jingle-Erstellungsl\u00f6sung suchen, die in nur wenigen einfachen Schritten erstellt werden kann, ohne auf die professionelle Qualit\u00e4t zu verzichten, dann sind Sie bei Radio Jingles 24 genau richtig. Auf unserer Website erfahren Sie mehr \u00fcber unsere Qualit\u00e4ts-Jingle-Maker-Software und dar\u00fcber, wie wir Sie bei der Erstellung unterst\u00fctzen k\u00f6nnen. Wenn Sie jedoch direkt mit uns sprechen m\u00f6chten, k\u00f6nnen Sie dies tun, indem Sie uns unter +44 (0) 113 anrufen 5346686, wo ein Mitglied unseres Teams gerne Ihre Fragen beantwortet und Sie durch die Schritte zur Fertigstellung Ihres eigenen eing\u00e4ngigen Radio-Jingles f\u00fchrt.<\/span><\/p>\n<p><span style=\"font-weight: 400;\">Wenn Sie m\u00f6chten <\/span><a href=\"https:\/\/radiojingles24.com\/de\/contact-us\/\"><span style=\"font-weight: 400;\">kontaktiere uns<\/span><\/a><span style=\"font-weight: 400;\"> per E-Mail, dann senden Sie Ihre Anfragen bitte an unsere Adresse <\/span><a href=\"mailto:info@radiojingles24.com\"><span style=\"font-weight: 400;\">info@radiojingles24.com<\/span><\/a><span style=\"font-weight: 400;\"> oder durch das Ausf\u00fcllen der <\/span><a href=\"https:\/\/radiojingles24.com\/de\/contact-us\/\"><span style=\"font-weight: 400;\">Online-Kontaktformular<\/span><\/a><span style=\"font-weight: 400;\"> die auf unserer Website zu finden sind, und einer unserer Experten wird sich so schnell wie m\u00f6glich mit Ihnen in Verbindung setzen, um Ihre Anfrage weiter zu besprechen und Ihnen die zus\u00e4tzlichen Informationen zu geben, die Sie ben\u00f6tigen, um Ihren eing\u00e4ngigen Radio-Jingle mit Radio Jingles 24 zu erstellen.<\/span><\/p>\n\r\n\t\t<\/div>\r\n\t<\/div>\r\n\n\t\t\t<\/div> \n\t\t<\/div>\n\t<\/div> \n<\/div><\/div>","protected":false},"excerpt":{"rendered":"Suchen Sie nach M\u00f6glichkeiten, Ihren Radiosender einpr\u00e4gsamer zu machen? Ben\u00f6tigen Sie einen benutzerfreundlichen, budgetfreundlichen Jingle-Maker, der Ihrem Radiosender zum Abheben verhilft?...","protected":false},"author":1,"featured_media":0,"parent":0,"menu_order":0,"comment_status":"closed","ping_status":"closed","template":"","meta":{"_exactmetrics_skip_tracking":false,"_exactmetrics_sitenote_active":false,"_exactmetrics_sitenote_note":"","_exactmetrics_sitenote_category":0,"footnotes":""},"class_list":["post-93895","page","type-page","status-publish"],"yoast_head":"<!-- This site is optimized with the Yoast SEO plugin v26.8 - https:\/\/yoast.com\/product\/yoast-seo-wordpress\/ -->\n<title>Radio Jingles 24: Radio Jingles | DJ Drops | Podcast Intros | Sung Jingles<\/title>\n<meta name=\"description\" content=\"Radio Jingles, Sung Jingles, DJ Drops, and Podcast Intros for commercial, community and internet radio stations. UK Based. Prices from \u00a35. Order online.\" \/>\n<meta name=\"robots\" content=\"index, follow, max-snippet:-1, max-image-preview:large, max-video-preview:-1\" \/>\n<link rel=\"canonical\" href=\"https:\/\/radiojingles24.com\/de\/radio-jingle-for-your-radio-station\/\" \/>\n<meta property=\"og:locale\" content=\"de_DE\" \/>\n<meta property=\"og:type\" content=\"article\" \/>\n<meta property=\"og:title\" content=\"Radio Jingles 24: Radio Jingles | DJ Drops | Podcast Intros | Sung Jingles\" \/>\n<meta property=\"og:description\" content=\"Radio Jingles, Sung Jingles, DJ Drops, and Podcast Intros for commercial, community and internet radio stations. UK Based. Prices from \u00a35. Order online.\" \/>\n<meta property=\"og:url\" content=\"https:\/\/radiojingles24.com\/de\/radio-jingle-for-your-radio-station\/\" \/>\n<meta property=\"og:site_name\" content=\"Radio Jingles 24: Radio Jingles | DJ Drops | Podcast Intros | Sung Jingles\" \/>\n<meta property=\"article:publisher\" content=\"https:\/\/www.facebook.com\/radiojingles24\/\" \/>\n<meta property=\"article:modified_time\" content=\"2022-06-17T08:08:39+00:00\" \/>\n<meta name=\"twitter:card\" content=\"summary_large_image\" \/>\n<meta name=\"twitter:site\" content=\"@radiojingles24\" \/>\n<meta name=\"twitter:label1\" content=\"Gesch\u00e4tzte Lesezeit\" \/>\n\t<meta name=\"twitter:data1\" content=\"4\u00a0Minuten\" \/>\n<script type=\"application\/ld+json\" class=\"yoast-schema-graph\">{\"@context\":\"https:\/\/schema.org\",\"@graph\":[{\"@type\":\"WebPage\",\"@id\":\"https:\/\/radiojingles24.com\/fr\/radio-jingle-for-your-radio-station\/\",\"url\":\"https:\/\/radiojingles24.com\/fr\/radio-jingle-for-your-radio-station\/\",\"name\":\"Radio Jingles 24: Radio Jingles | DJ Drops | Podcast Intros | Sung Jingles\",\"isPartOf\":{\"@id\":\"https:\/\/radiojingles24.com\/#website\"},\"datePublished\":\"2022-06-16T08:07:26+00:00\",\"dateModified\":\"2022-06-17T08:08:39+00:00\",\"description\":\"Radio Jingles, Sung Jingles, DJ Drops, and Podcast Intros for commercial, community and internet radio stations. UK Based. Prices from \u00a35. Order online.\",\"breadcrumb\":{\"@id\":\"https:\/\/radiojingles24.com\/fr\/radio-jingle-for-your-radio-station\/#breadcrumb\"},\"inLanguage\":\"de\",\"potentialAction\":[{\"@type\":\"ReadAction\",\"target\":[\"https:\/\/radiojingles24.com\/fr\/radio-jingle-for-your-radio-station\/\"]}]},{\"@type\":\"BreadcrumbList\",\"@id\":\"https:\/\/radiojingles24.com\/fr\/radio-jingle-for-your-radio-station\/#breadcrumb\",\"itemListElement\":[{\"@type\":\"ListItem\",\"position\":1,\"name\":\"Home\",\"item\":\"https:\/\/radiojingles24.com\/de\/\"},{\"@type\":\"ListItem\",\"position\":2,\"name\":\"The Benefits of Having a Catchy Radio Jingle for your Radio Station\"}]},{\"@type\":\"WebSite\",\"@id\":\"https:\/\/radiojingles24.com\/#website\",\"url\":\"https:\/\/radiojingles24.com\/\",\"name\":\"Radio Jingles 24: Radio Jingles | DJ Drops | Podcast Intros | Sung Jingles\",\"description\":\"Radio Jingles, Sung Jingles, DJ Drops, and Podcast Intros for commercial, community and internet radio stations. UK Based. Prices from \u00a35. Order online.\",\"publisher\":{\"@id\":\"https:\/\/radiojingles24.com\/#organization\"},\"potentialAction\":[{\"@type\":\"SearchAction\",\"target\":{\"@type\":\"EntryPoint\",\"urlTemplate\":\"https:\/\/radiojingles24.com\/?s={search_term_string}\"},\"query-input\":{\"@type\":\"PropertyValueSpecification\",\"valueRequired\":true,\"valueName\":\"search_term_string\"}}],\"inLanguage\":\"de\"},{\"@type\":\"Organization\",\"@id\":\"https:\/\/radiojingles24.com\/#organization\",\"name\":\"Radio Jingles 24\",\"url\":\"https:\/\/radiojingles24.com\/\",\"logo\":{\"@type\":\"ImageObject\",\"inLanguage\":\"de\",\"@id\":\"https:\/\/radiojingles24.com\/#\/schema\/logo\/image\/\",\"url\":\"https:\/\/radiojingles24.com\/wp-content\/uploads\/2019\/11\/RadioJingle1-1.jpg\",\"contentUrl\":\"https:\/\/radiojingles24.com\/wp-content\/uploads\/2019\/11\/RadioJingle1-1.jpg\",\"width\":512,\"height\":158,\"caption\":\"Radio Jingles 24\"},\"image\":{\"@id\":\"https:\/\/radiojingles24.com\/#\/schema\/logo\/image\/\"},\"sameAs\":[\"https:\/\/www.facebook.com\/radiojingles24\/\",\"https:\/\/x.com\/radiojingles24\"]}]}<\/script>\n<!-- \/ Yoast SEO plugin. -->","yoast_head_json":{"title":"Radio Jingles 24: Radio Jingles | DJ Drops | Podcast Intros | Gesungene Jingles","description":"Radio Jingles, Sung Jingles, DJ Drops und Podcast Intros f\u00fcr kommerzielle, Community- und Internetradiosender. In Gro\u00dfbritannien ans\u00e4ssig. Preise ab \u00a3 5. Online bestellen.","robots":{"index":"index","follow":"follow","max-snippet":"max-snippet:-1","max-image-preview":"max-image-preview:large","max-video-preview":"max-video-preview:-1"},"canonical":"https:\/\/radiojingles24.com\/de\/radio-jingle-for-your-radio-station\/","og_locale":"de_DE","og_type":"article","og_title":"Radio Jingles 24: Radio Jingles | DJ Drops | Podcast Intros | Sung Jingles","og_description":"Radio Jingles, Sung Jingles, DJ Drops, and Podcast Intros for commercial, community and internet radio stations. UK Based. Prices from \u00a35. Order online.","og_url":"https:\/\/radiojingles24.com\/de\/radio-jingle-for-your-radio-station\/","og_site_name":"Radio Jingles 24: Radio Jingles | DJ Drops | Podcast Intros | Sung Jingles","article_publisher":"https:\/\/www.facebook.com\/radiojingles24\/","article_modified_time":"2022-06-17T08:08:39+00:00","twitter_card":"summary_large_image","twitter_site":"@radiojingles24","twitter_misc":{"Gesch\u00e4tzte Lesezeit":"4\u00a0Minuten"},"schema":{"@context":"https:\/\/schema.org","@graph":[{"@type":"WebPage","@id":"https:\/\/radiojingles24.com\/fr\/radio-jingle-for-your-radio-station\/","url":"https:\/\/radiojingles24.com\/fr\/radio-jingle-for-your-radio-station\/","name":"Radio Jingles 24: Radio Jingles | DJ Drops | Podcast Intros | Gesungene Jingles","isPartOf":{"@id":"https:\/\/radiojingles24.com\/#website"},"datePublished":"2022-06-16T08:07:26+00:00","dateModified":"2022-06-17T08:08:39+00:00","description":"Radio Jingles, Sung Jingles, DJ Drops und Podcast Intros f\u00fcr kommerzielle, Community- und Internetradiosender. In Gro\u00dfbritannien ans\u00e4ssig. Preise ab \u00a3 5. Online bestellen.","breadcrumb":{"@id":"https:\/\/radiojingles24.com\/fr\/radio-jingle-for-your-radio-station\/#breadcrumb"},"inLanguage":"de","potentialAction":[{"@type":"ReadAction","target":["https:\/\/radiojingles24.com\/fr\/radio-jingle-for-your-radio-station\/"]}]},{"@type":"BreadcrumbList","@id":"https:\/\/radiojingles24.com\/fr\/radio-jingle-for-your-radio-station\/#breadcrumb","itemListElement":[{"@type":"ListItem","position":1,"name":"Home","item":"https:\/\/radiojingles24.com\/de\/"},{"@type":"ListItem","position":2,"name":"The Benefits of Having a Catchy Radio Jingle for your Radio Station"}]},{"@type":"WebSite","@id":"https:\/\/radiojingles24.com\/#website","url":"https:\/\/radiojingles24.com\/","name":"Radio Jingles 24: Radio Jingles | DJ Drops | Podcast Intros | Gesungene Jingles","description":"Radio Jingles, Sung Jingles, DJ Drops und Podcast Intros f\u00fcr kommerzielle, Community- und Internetradiosender. In Gro\u00dfbritannien ans\u00e4ssig. Preise ab \u00a3 5. Online bestellen.","publisher":{"@id":"https:\/\/radiojingles24.com\/#organization"},"potentialAction":[{"@type":"SearchAction","target":{"@type":"EntryPoint","urlTemplate":"https:\/\/radiojingles24.com\/?s={search_term_string}"},"query-input":{"@type":"PropertyValueSpecification","valueRequired":true,"valueName":"search_term_string"}}],"inLanguage":"de"},{"@type":"Organization","@id":"https:\/\/radiojingles24.com\/#organization","name":"Radio Jingles 24","url":"https:\/\/radiojingles24.com\/","logo":{"@type":"ImageObject","inLanguage":"de","@id":"https:\/\/radiojingles24.com\/#\/schema\/logo\/image\/","url":"https:\/\/radiojingles24.com\/wp-content\/uploads\/2019\/11\/RadioJingle1-1.jpg","contentUrl":"https:\/\/radiojingles24.com\/wp-content\/uploads\/2019\/11\/RadioJingle1-1.jpg","width":512,"height":158,"caption":"Radio Jingles 24"},"image":{"@id":"https:\/\/radiojingles24.com\/#\/schema\/logo\/image\/"},"sameAs":["https:\/\/www.facebook.com\/radiojingles24\/","https:\/\/x.com\/radiojingles24"]}]}},"jetpack_sharing_enabled":true,"_links":{"self":[{"href":"https:\/\/radiojingles24.com\/de\/wp-json\/wp\/v2\/pages\/93895","targetHints":{"allow":["GET"]}}],"collection":[{"href":"https:\/\/radiojingles24.com\/de\/wp-json\/wp\/v2\/pages"}],"about":[{"href":"https:\/\/radiojingles24.com\/de\/wp-json\/wp\/v2\/types\/page"}],"author":[{"embeddable":true,"href":"https:\/\/radiojingles24.com\/de\/wp-json\/wp\/v2\/users\/1"}],"replies":[{"embeddable":true,"href":"https:\/\/radiojingles24.com\/de\/wp-json\/wp\/v2\/comments?post=93895"}],"version-history":[{"count":1,"href":"https:\/\/radiojingles24.com\/de\/wp-json\/wp\/v2\/pages\/93895\/revisions"}],"predecessor-version":[{"id":93896,"href":"https:\/\/radiojingles24.com\/de\/wp-json\/wp\/v2\/pages\/93895\/revisions\/93896"}],"wp:attachment":[{"href":"https:\/\/radiojingles24.com\/de\/wp-json\/wp\/v2\/media?parent=93895"}],"curies":[{"name":"wp","href":"https:\/\/api.w.org\/{rel}","templated":true}]}}