{"id":13816,"date":"2020-01-31T18:52:44","date_gmt":"2020-01-31T18:52:44","guid":{"rendered":"https:\/\/radiojingles24.com\/product\/short-sleeve-unisex-t-shirt\/"},"modified":"2024-07-20T14:16:37","modified_gmt":"2024-07-20T14:16:37","slug":"short-sleeve-unisex-t-shirt","status":"publish","type":"product","link":"https:\/\/radiojingles24.com\/de\/produkt\/short-sleeve-unisex-t-shirt\/","title":{"rendered":"Kurzarm Unisex T-Shirt"},"content":{"rendered":"<p>Sie haben jetzt das Haupt-T-Shirt Ihrer Garderobe gefunden und unterst\u00fctzen Radio Jingles 24 beim Kauf offizieller Waren!<\/p>\n<p>Es besteht aus einer dickeren, schwereren Baumwolle, ist aber trotzdem weich und bequem. Und die doppelten N\u00e4hte am Ausschnitt und an den \u00c4rmeln verleihen dem, was sicher ein Favorit ist, mehr Haltbarkeit!  <\/p>\n<p>\u2022 Ringgesponnene Baumwolle 100%<br \/>\n\u2022 Sportgrau ist 90% ringgesponnene Baumwolle, 10% Polyester<br \/>\n\u2022 Dunkles Heidekraut besteht aus 65% Polyester und 35% Baumwolle<br \/>\n\u2022 153 g \/ m\u00b2 (4,5 oz \/ y\u00b2)<br \/>\n\u2022 Sanforisiert<br \/>\n\u2022 Schulter-Schulter-Taping<br \/>\n\u2022 Viertel gedreht, um ein Knicken in der Mitte zu vermeiden<\/p>","protected":false},"excerpt":{"rendered":"<p>Du hast jetzt das Grund-T-Shirt in deiner Garderobe gefunden und unterst\u00fctzt Radio Jingles 24, indem du einige offizielle Merchandising-Artikel kaufst! Es ist aus einem dickeren,\u2026<\/p>","protected":false},"featured_media":13867,"comment_status":"open","ping_status":"closed","template":"","meta":{"_exactmetrics_skip_tracking":false,"_exactmetrics_sitenote_active":false,"_exactmetrics_sitenote_note":"","_exactmetrics_sitenote_category":0},"product_brand":[],"product_cat":[547],"product_tag":[],"class_list":{"0":"post-13816","1":"product","2":"type-product","3":"status-publish","4":"has-post-thumbnail","6":"product_cat-merch","7":"tm-no-options","9":"first","10":"instock","11":"taxable","12":"shipping-taxable","13":"purchasable","14":"product-type-variable","15":"has-default-attributes"},"yoast_head":"<!-- This site is optimized with the Yoast SEO plugin v26.8 - https:\/\/yoast.com\/product\/yoast-seo-wordpress\/ -->\n<title>Short-Sleeve Unisex T-Shirt - Radio Jingles 24: Radio Jingles | DJ Drops | Podcast Intros | Sung Jingles<\/title>\n<meta name=\"robots\" content=\"index, follow, max-snippet:-1, max-image-preview:large, max-video-preview:-1\" \/>\n<link rel=\"canonical\" href=\"https:\/\/radiojingles24.com\/de\/produkt\/short-sleeve-unisex-t-shirt\/\" \/>\n<meta property=\"og:locale\" content=\"de_DE\" \/>\n<meta property=\"og:type\" content=\"article\" \/>\n<meta property=\"og:title\" content=\"Short-Sleeve Unisex T-Shirt - Radio Jingles 24: Radio Jingles | DJ Drops | Podcast Intros | Sung Jingles\" \/>\n<meta property=\"og:description\" content=\"You&#8217;ve now found the staple t-shirt of your wardrobe, and you&#8217;re supporting Radio Jingles 24 buy buying some official merchandise! It&#8217;s made of a thicker,...\" \/>\n<meta property=\"og:url\" content=\"https:\/\/radiojingles24.com\/de\/produkt\/short-sleeve-unisex-t-shirt\/\" \/>\n<meta property=\"og:site_name\" content=\"Radio Jingles 24: Radio Jingles | DJ Drops | Podcast Intros | Sung Jingles\" \/>\n<meta property=\"article:publisher\" content=\"https:\/\/www.facebook.com\/radiojingles24\/\" \/>\n<meta property=\"article:modified_time\" content=\"2024-07-20T14:16:37+00:00\" \/>\n<meta property=\"og:image\" content=\"https:\/\/radiojingles24.com\/wp-content\/uploads\/2020\/01\/mockup-10cd9597.jpg\" \/>\n\t<meta property=\"og:image:width\" content=\"1000\" \/>\n\t<meta property=\"og:image:height\" content=\"1000\" \/>\n\t<meta property=\"og:image:type\" content=\"image\/jpeg\" \/>\n<meta name=\"twitter:card\" content=\"summary_large_image\" \/>\n<meta name=\"twitter:site\" content=\"@radiojingles24\" \/>\n<script type=\"application\/ld+json\" class=\"yoast-schema-graph\">{\"@context\":\"https:\/\/schema.org\",\"@graph\":[{\"@type\":\"WebPage\",\"@id\":\"https:\/\/radiojingles24.com\/product\/short-sleeve-unisex-t-shirt\/\",\"url\":\"https:\/\/radiojingles24.com\/product\/short-sleeve-unisex-t-shirt\/\",\"name\":\"Short-Sleeve Unisex T-Shirt - Radio Jingles 24: Radio Jingles | DJ Drops | Podcast Intros | Sung Jingles\",\"isPartOf\":{\"@id\":\"https:\/\/radiojingles24.com\/#website\"},\"primaryImageOfPage\":{\"@id\":\"https:\/\/radiojingles24.com\/product\/short-sleeve-unisex-t-shirt\/#primaryimage\"},\"image\":{\"@id\":\"https:\/\/radiojingles24.com\/product\/short-sleeve-unisex-t-shirt\/#primaryimage\"},\"thumbnailUrl\":\"https:\/\/radiojingles24.com\/wp-content\/uploads\/2020\/01\/mockup-10cd9597.jpg\",\"datePublished\":\"2020-01-31T18:52:44+00:00\",\"dateModified\":\"2024-07-20T14:16:37+00:00\",\"breadcrumb\":{\"@id\":\"https:\/\/radiojingles24.com\/product\/short-sleeve-unisex-t-shirt\/#breadcrumb\"},\"inLanguage\":\"de\",\"potentialAction\":[{\"@type\":\"ReadAction\",\"target\":[\"https:\/\/radiojingles24.com\/product\/short-sleeve-unisex-t-shirt\/\"]}]},{\"@type\":\"ImageObject\",\"inLanguage\":\"de\",\"@id\":\"https:\/\/radiojingles24.com\/product\/short-sleeve-unisex-t-shirt\/#primaryimage\",\"url\":\"https:\/\/radiojingles24.com\/wp-content\/uploads\/2020\/01\/mockup-10cd9597.jpg\",\"contentUrl\":\"https:\/\/radiojingles24.com\/wp-content\/uploads\/2020\/01\/mockup-10cd9597.jpg\",\"width\":1000,\"height\":1000},{\"@type\":\"BreadcrumbList\",\"@id\":\"https:\/\/radiojingles24.com\/product\/short-sleeve-unisex-t-shirt\/#breadcrumb\",\"itemListElement\":[{\"@type\":\"ListItem\",\"position\":1,\"name\":\"Home\",\"item\":\"https:\/\/radiojingles24.com\/de\/\"},{\"@type\":\"ListItem\",\"position\":2,\"name\":\"Produits\",\"item\":\"https:\/\/radiojingles24.com\/fr\/shop\/\"},{\"@type\":\"ListItem\",\"position\":3,\"name\":\"Short-Sleeve Unisex T-Shirt\"}]},{\"@type\":\"WebSite\",\"@id\":\"https:\/\/radiojingles24.com\/#website\",\"url\":\"https:\/\/radiojingles24.com\/\",\"name\":\"Radio Jingles 24: Radio Jingles | DJ Drops | Podcast Intros | Sung Jingles\",\"description\":\"Radio Jingles, Sung Jingles, DJ Drops, and Podcast Intros for commercial, community and internet radio stations. UK Based. Prices from \u00a35. Order online.\",\"publisher\":{\"@id\":\"https:\/\/radiojingles24.com\/#organization\"},\"potentialAction\":[{\"@type\":\"SearchAction\",\"target\":{\"@type\":\"EntryPoint\",\"urlTemplate\":\"https:\/\/radiojingles24.com\/?s={search_term_string}\"},\"query-input\":{\"@type\":\"PropertyValueSpecification\",\"valueRequired\":true,\"valueName\":\"search_term_string\"}}],\"inLanguage\":\"de\"},{\"@type\":\"Organization\",\"@id\":\"https:\/\/radiojingles24.com\/#organization\",\"name\":\"Radio Jingles 24\",\"url\":\"https:\/\/radiojingles24.com\/\",\"logo\":{\"@type\":\"ImageObject\",\"inLanguage\":\"de\",\"@id\":\"https:\/\/radiojingles24.com\/#\/schema\/logo\/image\/\",\"url\":\"https:\/\/radiojingles24.com\/wp-content\/uploads\/2019\/11\/RadioJingle1-1.jpg\",\"contentUrl\":\"https:\/\/radiojingles24.com\/wp-content\/uploads\/2019\/11\/RadioJingle1-1.jpg\",\"width\":512,\"height\":158,\"caption\":\"Radio Jingles 24\"},\"image\":{\"@id\":\"https:\/\/radiojingles24.com\/#\/schema\/logo\/image\/\"},\"sameAs\":[\"https:\/\/www.facebook.com\/radiojingles24\/\",\"https:\/\/x.com\/radiojingles24\"]}]}<\/script>\n<!-- \/ Yoast SEO plugin. -->","yoast_head_json":{"title":"Kurzarm Unisex T-Shirt - Radio Jingles 24: Radio Jingles | DJ Drops | Podcast Intros | Gesungene Jingles","robots":{"index":"index","follow":"follow","max-snippet":"max-snippet:-1","max-image-preview":"max-image-preview:large","max-video-preview":"max-video-preview:-1"},"canonical":"https:\/\/radiojingles24.com\/de\/produkt\/short-sleeve-unisex-t-shirt\/","og_locale":"de_DE","og_type":"article","og_title":"Short-Sleeve Unisex T-Shirt - Radio Jingles 24: Radio Jingles | DJ Drops | Podcast Intros | Sung Jingles","og_description":"You&#8217;ve now found the staple t-shirt of your wardrobe, and you&#8217;re supporting Radio Jingles 24 buy buying some official merchandise! It&#8217;s made of a thicker,...","og_url":"https:\/\/radiojingles24.com\/de\/produkt\/short-sleeve-unisex-t-shirt\/","og_site_name":"Radio Jingles 24: Radio Jingles | DJ Drops | Podcast Intros | Sung Jingles","article_publisher":"https:\/\/www.facebook.com\/radiojingles24\/","article_modified_time":"2024-07-20T14:16:37+00:00","og_image":[{"width":1000,"height":1000,"url":"https:\/\/radiojingles24.com\/wp-content\/uploads\/2020\/01\/mockup-10cd9597.jpg","type":"image\/jpeg"}],"twitter_card":"summary_large_image","twitter_site":"@radiojingles24","schema":{"@context":"https:\/\/schema.org","@graph":[{"@type":"WebPage","@id":"https:\/\/radiojingles24.com\/product\/short-sleeve-unisex-t-shirt\/","url":"https:\/\/radiojingles24.com\/product\/short-sleeve-unisex-t-shirt\/","name":"Kurzarm Unisex T-Shirt - Radio Jingles 24: Radio Jingles | DJ Drops | Podcast Intros | Gesungene Jingles","isPartOf":{"@id":"https:\/\/radiojingles24.com\/#website"},"primaryImageOfPage":{"@id":"https:\/\/radiojingles24.com\/product\/short-sleeve-unisex-t-shirt\/#primaryimage"},"image":{"@id":"https:\/\/radiojingles24.com\/product\/short-sleeve-unisex-t-shirt\/#primaryimage"},"thumbnailUrl":"https:\/\/radiojingles24.com\/wp-content\/uploads\/2020\/01\/mockup-10cd9597.jpg","datePublished":"2020-01-31T18:52:44+00:00","dateModified":"2024-07-20T14:16:37+00:00","breadcrumb":{"@id":"https:\/\/radiojingles24.com\/product\/short-sleeve-unisex-t-shirt\/#breadcrumb"},"inLanguage":"de","potentialAction":[{"@type":"ReadAction","target":["https:\/\/radiojingles24.com\/product\/short-sleeve-unisex-t-shirt\/"]}]},{"@type":"ImageObject","inLanguage":"de","@id":"https:\/\/radiojingles24.com\/product\/short-sleeve-unisex-t-shirt\/#primaryimage","url":"https:\/\/radiojingles24.com\/wp-content\/uploads\/2020\/01\/mockup-10cd9597.jpg","contentUrl":"https:\/\/radiojingles24.com\/wp-content\/uploads\/2020\/01\/mockup-10cd9597.jpg","width":1000,"height":1000},{"@type":"BreadcrumbList","@id":"https:\/\/radiojingles24.com\/product\/short-sleeve-unisex-t-shirt\/#breadcrumb","itemListElement":[{"@type":"ListItem","position":1,"name":"Home","item":"https:\/\/radiojingles24.com\/de\/"},{"@type":"ListItem","position":2,"name":"Produits","item":"https:\/\/radiojingles24.com\/fr\/shop\/"},{"@type":"ListItem","position":3,"name":"Short-Sleeve Unisex T-Shirt"}]},{"@type":"WebSite","@id":"https:\/\/radiojingles24.com\/#website","url":"https:\/\/radiojingles24.com\/","name":"Radio Jingles 24: Radio Jingles | DJ Drops | Podcast Intros | Gesungene Jingles","description":"Radio Jingles, Sung Jingles, DJ Drops und Podcast Intros f\u00fcr kommerzielle, Community- und Internetradiosender. In Gro\u00dfbritannien ans\u00e4ssig. Preise ab \u00a3 5. Online bestellen.","publisher":{"@id":"https:\/\/radiojingles24.com\/#organization"},"potentialAction":[{"@type":"SearchAction","target":{"@type":"EntryPoint","urlTemplate":"https:\/\/radiojingles24.com\/?s={search_term_string}"},"query-input":{"@type":"PropertyValueSpecification","valueRequired":true,"valueName":"search_term_string"}}],"inLanguage":"de"},{"@type":"Organization","@id":"https:\/\/radiojingles24.com\/#organization","name":"Radio Jingles 24","url":"https:\/\/radiojingles24.com\/","logo":{"@type":"ImageObject","inLanguage":"de","@id":"https:\/\/radiojingles24.com\/#\/schema\/logo\/image\/","url":"https:\/\/radiojingles24.com\/wp-content\/uploads\/2019\/11\/RadioJingle1-1.jpg","contentUrl":"https:\/\/radiojingles24.com\/wp-content\/uploads\/2019\/11\/RadioJingle1-1.jpg","width":512,"height":158,"caption":"Radio Jingles 24"},"image":{"@id":"https:\/\/radiojingles24.com\/#\/schema\/logo\/image\/"},"sameAs":["https:\/\/www.facebook.com\/radiojingles24\/","https:\/\/x.com\/radiojingles24"]}]}},"jetpack_sharing_enabled":true,"_links":{"self":[{"href":"https:\/\/radiojingles24.com\/de\/wp-json\/wp\/v2\/product\/13816","targetHints":{"allow":["GET"]}}],"collection":[{"href":"https:\/\/radiojingles24.com\/de\/wp-json\/wp\/v2\/product"}],"about":[{"href":"https:\/\/radiojingles24.com\/de\/wp-json\/wp\/v2\/types\/product"}],"replies":[{"embeddable":true,"href":"https:\/\/radiojingles24.com\/de\/wp-json\/wp\/v2\/comments?post=13816"}],"wp:featuredmedia":[{"embeddable":true,"href":"https:\/\/radiojingles24.com\/de\/wp-json\/wp\/v2\/media\/13867"}],"wp:attachment":[{"href":"https:\/\/radiojingles24.com\/de\/wp-json\/wp\/v2\/media?parent=13816"}],"wp:term":[{"taxonomy":"product_brand","embeddable":true,"href":"https:\/\/radiojingles24.com\/de\/wp-json\/wp\/v2\/product_brand?post=13816"},{"taxonomy":"product_cat","embeddable":true,"href":"https:\/\/radiojingles24.com\/de\/wp-json\/wp\/v2\/product_cat?post=13816"},{"taxonomy":"product_tag","embeddable":true,"href":"https:\/\/radiojingles24.com\/de\/wp-json\/wp\/v2\/product_tag?post=13816"}],"curies":[{"name":"wp","href":"https:\/\/api.w.org\/{rel}","templated":true}]}}