{"id":13850,"date":"2020-01-31T19:02:07","date_gmt":"2020-01-31T19:02:07","guid":{"rendered":"https:\/\/radiojingles24.com\/product\/radio-jingles-24-sticker\/"},"modified":"2022-01-20T23:51:23","modified_gmt":"2022-01-20T23:51:23","slug":"radio-jingles-24-sticker","status":"publish","type":"product","link":"https:\/\/radiojingles24.com\/de\/produkt\/radio-jingles-24-sticker\/","title":{"rendered":"Radio Jingles 24 Aufkleber"},"content":{"rendered":"<p>Diese Aufkleber sind auf haltbarem Vinyl mit hoher Deckkraft gedruckt, wodurch sie sich perfekt f\u00fcr den regelm\u00e4\u00dfigen Gebrauch sowie zum Abdecken anderer Aufkleber oder Farben eignen. Das hochwertige Vinyl sorgt daf\u00fcr, dass beim Anbringen der Aufkleber keine Blasen entstehen.<\/p>\n<p>\u2022 Film mit hoher Deckkraft, der nicht durchsichtig ist<br \/>\n\u2022 Schnelle und einfache blasenfreie Anwendung<br \/>\n\u2022 Robustes Vinyl, perfekt f\u00fcr den Innenbereich<br \/>\n\u2022 95\u00b5 Dichte<\/p>\n<p>Vergessen Sie nicht, die Oberfl\u00e4che zu reinigen, bevor Sie den Aufkleber anbringen.<\/p>","protected":false},"excerpt":{"rendered":"<p>Diese Aufkleber sind auf strapazierf\u00e4higem, selbstklebendem Vinyl mit hoher Deckkraft gedruckt, wodurch sie sich perfekt f\u00fcr den regelm\u00e4\u00dfigen Gebrauch sowie zum Abdecken anderer Aufkleber oder\u2026<\/p>","protected":false},"featured_media":13855,"comment_status":"open","ping_status":"closed","template":"","meta":{"_exactmetrics_skip_tracking":false,"_exactmetrics_sitenote_active":false,"_exactmetrics_sitenote_note":"","_exactmetrics_sitenote_category":0},"product_brand":[],"product_cat":[547],"product_tag":[],"class_list":{"0":"post-13850","1":"product","2":"type-product","3":"status-publish","4":"has-post-thumbnail","6":"product_cat-merch","7":"tm-no-options","9":"first","10":"instock","11":"taxable","12":"shipping-taxable","13":"purchasable","14":"product-type-variable","15":"has-default-attributes"},"yoast_head":"<!-- This site is optimized with the Yoast SEO plugin v26.8 - https:\/\/yoast.com\/product\/yoast-seo-wordpress\/ -->\n<title>Radio Jingles 24 Sticker - Radio Jingles 24: Radio Jingles | DJ Drops | Podcast Intros | Sung Jingles<\/title>\n<meta name=\"robots\" content=\"index, follow, max-snippet:-1, max-image-preview:large, max-video-preview:-1\" \/>\n<link rel=\"canonical\" href=\"https:\/\/radiojingles24.com\/de\/prodotto\/radio-jingles-24-sticker\/\" \/>\n<meta property=\"og:locale\" content=\"de_DE\" \/>\n<meta property=\"og:type\" content=\"article\" \/>\n<meta property=\"og:title\" content=\"Radio Jingles 24 Sticker - Radio Jingles 24: Radio Jingles | DJ Drops | Podcast Intros | Sung Jingles\" \/>\n<meta property=\"og:description\" content=\"These stickers are printed on durable, high opacity adhesive vinyl which makes them perfect for regular use, as well as for covering other stickers or...\" \/>\n<meta property=\"og:url\" content=\"https:\/\/radiojingles24.com\/de\/prodotto\/radio-jingles-24-sticker\/\" \/>\n<meta property=\"og:site_name\" content=\"Radio Jingles 24: Radio Jingles | DJ Drops | Podcast Intros | Sung Jingles\" \/>\n<meta property=\"article:publisher\" content=\"https:\/\/www.facebook.com\/radiojingles24\/\" \/>\n<meta property=\"article:modified_time\" content=\"2022-01-20T23:51:23+00:00\" \/>\n<meta property=\"og:image\" content=\"https:\/\/radiojingles24.com\/wp-content\/uploads\/2020\/01\/mockup-bea7cf39.jpg\" \/>\n\t<meta property=\"og:image:width\" content=\"1000\" \/>\n\t<meta property=\"og:image:height\" content=\"1000\" \/>\n\t<meta property=\"og:image:type\" content=\"image\/jpeg\" \/>\n<meta name=\"twitter:card\" content=\"summary_large_image\" \/>\n<meta name=\"twitter:site\" content=\"@radiojingles24\" \/>\n<script type=\"application\/ld+json\" class=\"yoast-schema-graph\">{\"@context\":\"https:\/\/schema.org\",\"@graph\":[{\"@type\":\"WebPage\",\"@id\":\"https:\/\/radiojingles24.com\/it\/prodotto\/radio-jingles-24-sticker\/\",\"url\":\"https:\/\/radiojingles24.com\/it\/prodotto\/radio-jingles-24-sticker\/\",\"name\":\"Radio Jingles 24 Sticker - Radio Jingles 24: Radio Jingles | DJ Drops | Podcast Intros | Sung Jingles\",\"isPartOf\":{\"@id\":\"https:\/\/radiojingles24.com\/#website\"},\"primaryImageOfPage\":{\"@id\":\"https:\/\/radiojingles24.com\/it\/prodotto\/radio-jingles-24-sticker\/#primaryimage\"},\"image\":{\"@id\":\"https:\/\/radiojingles24.com\/it\/prodotto\/radio-jingles-24-sticker\/#primaryimage\"},\"thumbnailUrl\":\"https:\/\/radiojingles24.com\/wp-content\/uploads\/2020\/01\/mockup-bea7cf39.jpg\",\"datePublished\":\"2020-01-31T19:02:07+00:00\",\"dateModified\":\"2022-01-20T23:51:23+00:00\",\"breadcrumb\":{\"@id\":\"https:\/\/radiojingles24.com\/it\/prodotto\/radio-jingles-24-sticker\/#breadcrumb\"},\"inLanguage\":\"de\",\"potentialAction\":[{\"@type\":\"ReadAction\",\"target\":[\"https:\/\/radiojingles24.com\/it\/prodotto\/radio-jingles-24-sticker\/\"]}]},{\"@type\":\"ImageObject\",\"inLanguage\":\"de\",\"@id\":\"https:\/\/radiojingles24.com\/it\/prodotto\/radio-jingles-24-sticker\/#primaryimage\",\"url\":\"https:\/\/radiojingles24.com\/wp-content\/uploads\/2020\/01\/mockup-bea7cf39.jpg\",\"contentUrl\":\"https:\/\/radiojingles24.com\/wp-content\/uploads\/2020\/01\/mockup-bea7cf39.jpg\",\"width\":1000,\"height\":1000},{\"@type\":\"BreadcrumbList\",\"@id\":\"https:\/\/radiojingles24.com\/it\/prodotto\/radio-jingles-24-sticker\/#breadcrumb\",\"itemListElement\":[{\"@type\":\"ListItem\",\"position\":1,\"name\":\"Home\",\"item\":\"https:\/\/radiojingles24.com\/de\/\"},{\"@type\":\"ListItem\",\"position\":2,\"name\":\"Produits\",\"item\":\"https:\/\/radiojingles24.com\/fr\/shop\/\"},{\"@type\":\"ListItem\",\"position\":3,\"name\":\"Radio Jingles 24 Sticker\"}]},{\"@type\":\"WebSite\",\"@id\":\"https:\/\/radiojingles24.com\/#website\",\"url\":\"https:\/\/radiojingles24.com\/\",\"name\":\"Radio Jingles 24: Radio Jingles | DJ Drops | Podcast Intros | Sung Jingles\",\"description\":\"Radio Jingles, Sung Jingles, DJ Drops, and Podcast Intros for commercial, community and internet radio stations. UK Based. Prices from \u00a35. Order online.\",\"publisher\":{\"@id\":\"https:\/\/radiojingles24.com\/#organization\"},\"potentialAction\":[{\"@type\":\"SearchAction\",\"target\":{\"@type\":\"EntryPoint\",\"urlTemplate\":\"https:\/\/radiojingles24.com\/?s={search_term_string}\"},\"query-input\":{\"@type\":\"PropertyValueSpecification\",\"valueRequired\":true,\"valueName\":\"search_term_string\"}}],\"inLanguage\":\"de\"},{\"@type\":\"Organization\",\"@id\":\"https:\/\/radiojingles24.com\/#organization\",\"name\":\"Radio Jingles 24\",\"url\":\"https:\/\/radiojingles24.com\/\",\"logo\":{\"@type\":\"ImageObject\",\"inLanguage\":\"de\",\"@id\":\"https:\/\/radiojingles24.com\/#\/schema\/logo\/image\/\",\"url\":\"https:\/\/radiojingles24.com\/wp-content\/uploads\/2019\/11\/RadioJingle1-1.jpg\",\"contentUrl\":\"https:\/\/radiojingles24.com\/wp-content\/uploads\/2019\/11\/RadioJingle1-1.jpg\",\"width\":512,\"height\":158,\"caption\":\"Radio Jingles 24\"},\"image\":{\"@id\":\"https:\/\/radiojingles24.com\/#\/schema\/logo\/image\/\"},\"sameAs\":[\"https:\/\/www.facebook.com\/radiojingles24\/\",\"https:\/\/x.com\/radiojingles24\"]}]}<\/script>\n<!-- \/ Yoast SEO plugin. -->","yoast_head_json":{"title":"Radio Jingles 24 Aufkleber - Radio Jingles 24: Radio Jingles | DJ Drops | Podcast Intros | Gesungene Jingles","robots":{"index":"index","follow":"follow","max-snippet":"max-snippet:-1","max-image-preview":"max-image-preview:large","max-video-preview":"max-video-preview:-1"},"canonical":"https:\/\/radiojingles24.com\/de\/prodotto\/radio-jingles-24-sticker\/","og_locale":"de_DE","og_type":"article","og_title":"Radio Jingles 24 Sticker - Radio Jingles 24: Radio Jingles | DJ Drops | Podcast Intros | Sung Jingles","og_description":"These stickers are printed on durable, high opacity adhesive vinyl which makes them perfect for regular use, as well as for covering other stickers or...","og_url":"https:\/\/radiojingles24.com\/de\/prodotto\/radio-jingles-24-sticker\/","og_site_name":"Radio Jingles 24: Radio Jingles | DJ Drops | Podcast Intros | Sung Jingles","article_publisher":"https:\/\/www.facebook.com\/radiojingles24\/","article_modified_time":"2022-01-20T23:51:23+00:00","og_image":[{"width":1000,"height":1000,"url":"https:\/\/radiojingles24.com\/wp-content\/uploads\/2020\/01\/mockup-bea7cf39.jpg","type":"image\/jpeg"}],"twitter_card":"summary_large_image","twitter_site":"@radiojingles24","schema":{"@context":"https:\/\/schema.org","@graph":[{"@type":"WebPage","@id":"https:\/\/radiojingles24.com\/it\/prodotto\/radio-jingles-24-sticker\/","url":"https:\/\/radiojingles24.com\/it\/prodotto\/radio-jingles-24-sticker\/","name":"Radio Jingles 24 Aufkleber - Radio Jingles 24: Radio Jingles | DJ Drops | Podcast Intros | Gesungene Jingles","isPartOf":{"@id":"https:\/\/radiojingles24.com\/#website"},"primaryImageOfPage":{"@id":"https:\/\/radiojingles24.com\/it\/prodotto\/radio-jingles-24-sticker\/#primaryimage"},"image":{"@id":"https:\/\/radiojingles24.com\/it\/prodotto\/radio-jingles-24-sticker\/#primaryimage"},"thumbnailUrl":"https:\/\/radiojingles24.com\/wp-content\/uploads\/2020\/01\/mockup-bea7cf39.jpg","datePublished":"2020-01-31T19:02:07+00:00","dateModified":"2022-01-20T23:51:23+00:00","breadcrumb":{"@id":"https:\/\/radiojingles24.com\/it\/prodotto\/radio-jingles-24-sticker\/#breadcrumb"},"inLanguage":"de","potentialAction":[{"@type":"ReadAction","target":["https:\/\/radiojingles24.com\/it\/prodotto\/radio-jingles-24-sticker\/"]}]},{"@type":"ImageObject","inLanguage":"de","@id":"https:\/\/radiojingles24.com\/it\/prodotto\/radio-jingles-24-sticker\/#primaryimage","url":"https:\/\/radiojingles24.com\/wp-content\/uploads\/2020\/01\/mockup-bea7cf39.jpg","contentUrl":"https:\/\/radiojingles24.com\/wp-content\/uploads\/2020\/01\/mockup-bea7cf39.jpg","width":1000,"height":1000},{"@type":"BreadcrumbList","@id":"https:\/\/radiojingles24.com\/it\/prodotto\/radio-jingles-24-sticker\/#breadcrumb","itemListElement":[{"@type":"ListItem","position":1,"name":"Home","item":"https:\/\/radiojingles24.com\/de\/"},{"@type":"ListItem","position":2,"name":"Produits","item":"https:\/\/radiojingles24.com\/fr\/shop\/"},{"@type":"ListItem","position":3,"name":"Radio Jingles 24 Sticker"}]},{"@type":"WebSite","@id":"https:\/\/radiojingles24.com\/#website","url":"https:\/\/radiojingles24.com\/","name":"Radio Jingles 24: Radio Jingles | DJ Drops | Podcast Intros | Gesungene Jingles","description":"Radio Jingles, Sung Jingles, DJ Drops und Podcast Intros f\u00fcr kommerzielle, Community- und Internetradiosender. In Gro\u00dfbritannien ans\u00e4ssig. Preise ab \u00a3 5. Online bestellen.","publisher":{"@id":"https:\/\/radiojingles24.com\/#organization"},"potentialAction":[{"@type":"SearchAction","target":{"@type":"EntryPoint","urlTemplate":"https:\/\/radiojingles24.com\/?s={search_term_string}"},"query-input":{"@type":"PropertyValueSpecification","valueRequired":true,"valueName":"search_term_string"}}],"inLanguage":"de"},{"@type":"Organization","@id":"https:\/\/radiojingles24.com\/#organization","name":"Radio Jingles 24","url":"https:\/\/radiojingles24.com\/","logo":{"@type":"ImageObject","inLanguage":"de","@id":"https:\/\/radiojingles24.com\/#\/schema\/logo\/image\/","url":"https:\/\/radiojingles24.com\/wp-content\/uploads\/2019\/11\/RadioJingle1-1.jpg","contentUrl":"https:\/\/radiojingles24.com\/wp-content\/uploads\/2019\/11\/RadioJingle1-1.jpg","width":512,"height":158,"caption":"Radio Jingles 24"},"image":{"@id":"https:\/\/radiojingles24.com\/#\/schema\/logo\/image\/"},"sameAs":["https:\/\/www.facebook.com\/radiojingles24\/","https:\/\/x.com\/radiojingles24"]}]}},"jetpack_sharing_enabled":true,"_links":{"self":[{"href":"https:\/\/radiojingles24.com\/de\/wp-json\/wp\/v2\/product\/13850","targetHints":{"allow":["GET"]}}],"collection":[{"href":"https:\/\/radiojingles24.com\/de\/wp-json\/wp\/v2\/product"}],"about":[{"href":"https:\/\/radiojingles24.com\/de\/wp-json\/wp\/v2\/types\/product"}],"replies":[{"embeddable":true,"href":"https:\/\/radiojingles24.com\/de\/wp-json\/wp\/v2\/comments?post=13850"}],"wp:featuredmedia":[{"embeddable":true,"href":"https:\/\/radiojingles24.com\/de\/wp-json\/wp\/v2\/media\/13855"}],"wp:attachment":[{"href":"https:\/\/radiojingles24.com\/de\/wp-json\/wp\/v2\/media?parent=13850"}],"wp:term":[{"taxonomy":"product_brand","embeddable":true,"href":"https:\/\/radiojingles24.com\/de\/wp-json\/wp\/v2\/product_brand?post=13850"},{"taxonomy":"product_cat","embeddable":true,"href":"https:\/\/radiojingles24.com\/de\/wp-json\/wp\/v2\/product_cat?post=13850"},{"taxonomy":"product_tag","embeddable":true,"href":"https:\/\/radiojingles24.com\/de\/wp-json\/wp\/v2\/product_tag?post=13850"}],"curies":[{"name":"wp","href":"https:\/\/api.w.org\/{rel}","templated":true}]}}