{"id":5866,"date":"2019-11-08T08:13:12","date_gmt":"2019-11-08T08:13:12","guid":{"rendered":"https:\/\/radiojingles24.com\/product\/gold-radio-station-package\/"},"modified":"2022-11-20T13:01:02","modified_gmt":"2022-11-20T13:01:02","slug":"gold-radio-station-package","status":"publish","type":"product","link":"https:\/\/radiojingles24.com\/de\/produkt\/gold-radio-station-package\/","title":{"rendered":"Gold Radiosender-Paket"},"content":{"rendered":"<p>Heben Sie Ihren Sender mit einem unserer benutzerdefinierten Gold-Radiosender-Pakete hervor.<\/p>\n<p>Sie erhalten x16 vollst\u00e4ndig produzierte 10-Sekunden-Liner mit SFX, Musik und Vocal-FX. Sie erhalten auch trockene Kopien davon.<br \/>\nSie erhalten auch stimmhafte und produzierte x3-Radiosender-Elementbetten (wir empfehlen ein Top-of-the-Hour-, Reise- und Wetterbett).<br \/>\nSie erhalten au\u00dferdem x5 30-Sekunden-Promo-Jingles, die ebenfalls vollst\u00e4ndig mit trockenen Kopien hergestellt wurden<\/p>\n<p>Das sind insgesamt 24 vollst\u00e4ndig produzierte Jingles plus Trockenkopien! 48 Audio-St\u00fccke.<\/p>\n<p>Bitte stellen Sie beim Auschecken sicher, dass Ihre E-Mail-Adresse korrekt eingegeben wurde, da wir hier Ihr Audio liefern.<\/p>\n<p>Alle g\u00e4ngigen Kredit- \/ Debitkarten werden \u00fcber PayPal akzeptiert, und auch die \u00dcberweisung wird akzeptiert.<\/p>\n<p><strong>ERINNERN SIE SICH - ALLES AUDIO WIRD INNERHALB VON 24 STUNDEN GELIEFERT, ABER normalerweise IN EINIGEN STUNDEN.<br \/>\n<\/strong><em>BRAUCHEN SIE IHR AUDIO SUPER SCHNELL? KEIN PROBLEM - LASSEN SIE MICH UNTER 0113 534 6686 WISSEN<\/em><\/p>\n<p>&nbsp;<\/p>\n<p>Wenn Sie etwas \u00fcber Ihr Audio oder etwas Ma\u00dfgeschneidertes besprechen m\u00f6chten, wenden Sie sich bitte per E-Mail an info@radiojingles24.com oder rufen Sie uns an\u00a0<em>0113 534 6686<\/em><\/p>","protected":false},"excerpt":{"rendered":"<p>Heben Sie Ihren Sender mit einem unserer benutzerdefinierten Gold-Radiosenderpakete hervor. Sie erhalten x16 vollst\u00e4ndig produzierte 10-Sekunden-Liner mit SFX,\u2026<\/p>","protected":false},"featured_media":6035,"comment_status":"closed","ping_status":"closed","template":"","meta":{"_exactmetrics_skip_tracking":false,"_exactmetrics_sitenote_active":false,"_exactmetrics_sitenote_note":"","_exactmetrics_sitenote_category":0},"product_brand":[],"product_cat":[481],"product_tag":[124,125],"class_list":{"0":"post-5866","1":"product","2":"type-product","3":"status-publish","4":"has-post-thumbnail","6":"product_cat-radio","7":"product_tag-jingles","8":"product_tag-production","9":"tm-has-options","11":"first","12":"instock","13":"virtual","14":"taxable","15":"purchasable","16":"product-type-simple"},"yoast_head":"<!-- This site is optimized with the Yoast SEO plugin v26.8 - https:\/\/yoast.com\/product\/yoast-seo-wordpress\/ -->\n<title>Gold Radio Station Package - Radio Jingles 24: Radio Jingles | DJ Drops | Podcast Intros | Sung Jingles<\/title>\n<meta name=\"robots\" content=\"index, follow, max-snippet:-1, max-image-preview:large, max-video-preview:-1\" \/>\n<link rel=\"canonical\" href=\"https:\/\/radiojingles24.com\/de\/produkt\/gold-radio-station-package\/\" \/>\n<meta property=\"og:locale\" content=\"de_DE\" \/>\n<meta property=\"og:type\" content=\"article\" \/>\n<meta property=\"og:title\" content=\"Gold Radio Station Package - Radio Jingles 24: Radio Jingles | DJ Drops | Podcast Intros | Sung Jingles\" \/>\n<meta property=\"og:description\" content=\"Make your station stand out with one of our custom Gold Radio Station Package. You will receive x16 fully produced 10 second liners, with SFX,...\" \/>\n<meta property=\"og:url\" content=\"https:\/\/radiojingles24.com\/de\/produkt\/gold-radio-station-package\/\" \/>\n<meta property=\"og:site_name\" content=\"Radio Jingles 24: Radio Jingles | DJ Drops | Podcast Intros | Sung Jingles\" \/>\n<meta property=\"article:publisher\" content=\"https:\/\/www.facebook.com\/radiojingles24\/\" \/>\n<meta property=\"article:modified_time\" content=\"2022-11-20T13:01:02+00:00\" \/>\n<meta property=\"og:image\" content=\"https:\/\/radiojingles24.com\/wp-content\/uploads\/2019\/11\/1Asset-1.png\" \/>\n\t<meta property=\"og:image:width\" content=\"512\" \/>\n\t<meta property=\"og:image:height\" content=\"420\" \/>\n\t<meta property=\"og:image:type\" content=\"image\/png\" \/>\n<meta name=\"twitter:card\" content=\"summary_large_image\" \/>\n<meta name=\"twitter:site\" content=\"@radiojingles24\" \/>\n<meta name=\"twitter:label1\" content=\"Gesch\u00e4tzte Lesezeit\" \/>\n\t<meta name=\"twitter:data1\" content=\"1\u00a0Minute\" \/>\n<script type=\"application\/ld+json\" class=\"yoast-schema-graph\">{\"@context\":\"https:\/\/schema.org\",\"@graph\":[{\"@type\":\"WebPage\",\"@id\":\"https:\/\/radiojingles24.com\/product\/gold-radio-station-package\/\",\"url\":\"https:\/\/radiojingles24.com\/product\/gold-radio-station-package\/\",\"name\":\"Gold Radio Station Package - Radio Jingles 24: Radio Jingles | DJ Drops | Podcast Intros | Sung Jingles\",\"isPartOf\":{\"@id\":\"https:\/\/radiojingles24.com\/#website\"},\"primaryImageOfPage\":{\"@id\":\"https:\/\/radiojingles24.com\/product\/gold-radio-station-package\/#primaryimage\"},\"image\":{\"@id\":\"https:\/\/radiojingles24.com\/product\/gold-radio-station-package\/#primaryimage\"},\"thumbnailUrl\":\"https:\/\/radiojingles24.com\/wp-content\/uploads\/2019\/11\/1Asset-1.png\",\"datePublished\":\"2019-11-08T08:13:12+00:00\",\"dateModified\":\"2022-11-20T13:01:02+00:00\",\"breadcrumb\":{\"@id\":\"https:\/\/radiojingles24.com\/product\/gold-radio-station-package\/#breadcrumb\"},\"inLanguage\":\"de\",\"potentialAction\":[{\"@type\":\"ReadAction\",\"target\":[\"https:\/\/radiojingles24.com\/product\/gold-radio-station-package\/\"]}]},{\"@type\":\"ImageObject\",\"inLanguage\":\"de\",\"@id\":\"https:\/\/radiojingles24.com\/product\/gold-radio-station-package\/#primaryimage\",\"url\":\"https:\/\/radiojingles24.com\/wp-content\/uploads\/2019\/11\/1Asset-1.png\",\"contentUrl\":\"https:\/\/radiojingles24.com\/wp-content\/uploads\/2019\/11\/1Asset-1.png\",\"width\":512,\"height\":420},{\"@type\":\"BreadcrumbList\",\"@id\":\"https:\/\/radiojingles24.com\/product\/gold-radio-station-package\/#breadcrumb\",\"itemListElement\":[{\"@type\":\"ListItem\",\"position\":1,\"name\":\"Home\",\"item\":\"https:\/\/radiojingles24.com\/de\/\"},{\"@type\":\"ListItem\",\"position\":2,\"name\":\"Produits\",\"item\":\"https:\/\/radiojingles24.com\/fr\/shop\/\"},{\"@type\":\"ListItem\",\"position\":3,\"name\":\"Gold Radio Station Package\"}]},{\"@type\":\"WebSite\",\"@id\":\"https:\/\/radiojingles24.com\/#website\",\"url\":\"https:\/\/radiojingles24.com\/\",\"name\":\"Radio Jingles 24: Radio Jingles | DJ Drops | Podcast Intros | Sung Jingles\",\"description\":\"Radio Jingles, Sung Jingles, DJ Drops, and Podcast Intros for commercial, community and internet radio stations. UK Based. Prices from \u00a35. Order online.\",\"publisher\":{\"@id\":\"https:\/\/radiojingles24.com\/#organization\"},\"potentialAction\":[{\"@type\":\"SearchAction\",\"target\":{\"@type\":\"EntryPoint\",\"urlTemplate\":\"https:\/\/radiojingles24.com\/?s={search_term_string}\"},\"query-input\":{\"@type\":\"PropertyValueSpecification\",\"valueRequired\":true,\"valueName\":\"search_term_string\"}}],\"inLanguage\":\"de\"},{\"@type\":\"Organization\",\"@id\":\"https:\/\/radiojingles24.com\/#organization\",\"name\":\"Radio Jingles 24\",\"url\":\"https:\/\/radiojingles24.com\/\",\"logo\":{\"@type\":\"ImageObject\",\"inLanguage\":\"de\",\"@id\":\"https:\/\/radiojingles24.com\/#\/schema\/logo\/image\/\",\"url\":\"https:\/\/radiojingles24.com\/wp-content\/uploads\/2019\/11\/RadioJingle1-1.jpg\",\"contentUrl\":\"https:\/\/radiojingles24.com\/wp-content\/uploads\/2019\/11\/RadioJingle1-1.jpg\",\"width\":512,\"height\":158,\"caption\":\"Radio Jingles 24\"},\"image\":{\"@id\":\"https:\/\/radiojingles24.com\/#\/schema\/logo\/image\/\"},\"sameAs\":[\"https:\/\/www.facebook.com\/radiojingles24\/\",\"https:\/\/x.com\/radiojingles24\"]}]}<\/script>\n<!-- \/ Yoast SEO plugin. -->","yoast_head_json":{"title":"Gold Radiosender-Paket - Radio Jingles 24: Radio Jingles | DJ Drops | Podcast Intros | Gesungene Jingles","robots":{"index":"index","follow":"follow","max-snippet":"max-snippet:-1","max-image-preview":"max-image-preview:large","max-video-preview":"max-video-preview:-1"},"canonical":"https:\/\/radiojingles24.com\/de\/produkt\/gold-radio-station-package\/","og_locale":"de_DE","og_type":"article","og_title":"Gold Radio Station Package - Radio Jingles 24: Radio Jingles | DJ Drops | Podcast Intros | Sung Jingles","og_description":"Make your station stand out with one of our custom Gold Radio Station Package. You will receive x16 fully produced 10 second liners, with SFX,...","og_url":"https:\/\/radiojingles24.com\/de\/produkt\/gold-radio-station-package\/","og_site_name":"Radio Jingles 24: Radio Jingles | DJ Drops | Podcast Intros | Sung Jingles","article_publisher":"https:\/\/www.facebook.com\/radiojingles24\/","article_modified_time":"2022-11-20T13:01:02+00:00","og_image":[{"width":512,"height":420,"url":"https:\/\/radiojingles24.com\/wp-content\/uploads\/2019\/11\/1Asset-1.png","type":"image\/png"}],"twitter_card":"summary_large_image","twitter_site":"@radiojingles24","twitter_misc":{"Gesch\u00e4tzte Lesezeit":"1\u00a0Minute"},"schema":{"@context":"https:\/\/schema.org","@graph":[{"@type":"WebPage","@id":"https:\/\/radiojingles24.com\/product\/gold-radio-station-package\/","url":"https:\/\/radiojingles24.com\/product\/gold-radio-station-package\/","name":"Gold Radiosender-Paket - Radio Jingles 24: Radio Jingles | DJ Drops | Podcast Intros | Gesungene Jingles","isPartOf":{"@id":"https:\/\/radiojingles24.com\/#website"},"primaryImageOfPage":{"@id":"https:\/\/radiojingles24.com\/product\/gold-radio-station-package\/#primaryimage"},"image":{"@id":"https:\/\/radiojingles24.com\/product\/gold-radio-station-package\/#primaryimage"},"thumbnailUrl":"https:\/\/radiojingles24.com\/wp-content\/uploads\/2019\/11\/1Asset-1.png","datePublished":"2019-11-08T08:13:12+00:00","dateModified":"2022-11-20T13:01:02+00:00","breadcrumb":{"@id":"https:\/\/radiojingles24.com\/product\/gold-radio-station-package\/#breadcrumb"},"inLanguage":"de","potentialAction":[{"@type":"ReadAction","target":["https:\/\/radiojingles24.com\/product\/gold-radio-station-package\/"]}]},{"@type":"ImageObject","inLanguage":"de","@id":"https:\/\/radiojingles24.com\/product\/gold-radio-station-package\/#primaryimage","url":"https:\/\/radiojingles24.com\/wp-content\/uploads\/2019\/11\/1Asset-1.png","contentUrl":"https:\/\/radiojingles24.com\/wp-content\/uploads\/2019\/11\/1Asset-1.png","width":512,"height":420},{"@type":"BreadcrumbList","@id":"https:\/\/radiojingles24.com\/product\/gold-radio-station-package\/#breadcrumb","itemListElement":[{"@type":"ListItem","position":1,"name":"Home","item":"https:\/\/radiojingles24.com\/de\/"},{"@type":"ListItem","position":2,"name":"Produits","item":"https:\/\/radiojingles24.com\/fr\/shop\/"},{"@type":"ListItem","position":3,"name":"Gold Radio Station Package"}]},{"@type":"WebSite","@id":"https:\/\/radiojingles24.com\/#website","url":"https:\/\/radiojingles24.com\/","name":"Radio Jingles 24: Radio Jingles | DJ Drops | Podcast Intros | Gesungene Jingles","description":"Radio Jingles, Sung Jingles, DJ Drops und Podcast Intros f\u00fcr kommerzielle, Community- und Internetradiosender. In Gro\u00dfbritannien ans\u00e4ssig. Preise ab \u00a3 5. Online bestellen.","publisher":{"@id":"https:\/\/radiojingles24.com\/#organization"},"potentialAction":[{"@type":"SearchAction","target":{"@type":"EntryPoint","urlTemplate":"https:\/\/radiojingles24.com\/?s={search_term_string}"},"query-input":{"@type":"PropertyValueSpecification","valueRequired":true,"valueName":"search_term_string"}}],"inLanguage":"de"},{"@type":"Organization","@id":"https:\/\/radiojingles24.com\/#organization","name":"Radio Jingles 24","url":"https:\/\/radiojingles24.com\/","logo":{"@type":"ImageObject","inLanguage":"de","@id":"https:\/\/radiojingles24.com\/#\/schema\/logo\/image\/","url":"https:\/\/radiojingles24.com\/wp-content\/uploads\/2019\/11\/RadioJingle1-1.jpg","contentUrl":"https:\/\/radiojingles24.com\/wp-content\/uploads\/2019\/11\/RadioJingle1-1.jpg","width":512,"height":158,"caption":"Radio Jingles 24"},"image":{"@id":"https:\/\/radiojingles24.com\/#\/schema\/logo\/image\/"},"sameAs":["https:\/\/www.facebook.com\/radiojingles24\/","https:\/\/x.com\/radiojingles24"]}]}},"jetpack_sharing_enabled":true,"_links":{"self":[{"href":"https:\/\/radiojingles24.com\/de\/wp-json\/wp\/v2\/product\/5866","targetHints":{"allow":["GET"]}}],"collection":[{"href":"https:\/\/radiojingles24.com\/de\/wp-json\/wp\/v2\/product"}],"about":[{"href":"https:\/\/radiojingles24.com\/de\/wp-json\/wp\/v2\/types\/product"}],"replies":[{"embeddable":true,"href":"https:\/\/radiojingles24.com\/de\/wp-json\/wp\/v2\/comments?post=5866"}],"wp:featuredmedia":[{"embeddable":true,"href":"https:\/\/radiojingles24.com\/de\/wp-json\/wp\/v2\/media\/6035"}],"wp:attachment":[{"href":"https:\/\/radiojingles24.com\/de\/wp-json\/wp\/v2\/media?parent=5866"}],"wp:term":[{"taxonomy":"product_brand","embeddable":true,"href":"https:\/\/radiojingles24.com\/de\/wp-json\/wp\/v2\/product_brand?post=5866"},{"taxonomy":"product_cat","embeddable":true,"href":"https:\/\/radiojingles24.com\/de\/wp-json\/wp\/v2\/product_cat?post=5866"},{"taxonomy":"product_tag","embeddable":true,"href":"https:\/\/radiojingles24.com\/de\/wp-json\/wp\/v2\/product_tag?post=5866"}],"curies":[{"name":"wp","href":"https:\/\/api.w.org\/{rel}","templated":true}]}}