{"id":94169,"date":"2022-07-17T15:11:21","date_gmt":"2022-07-17T15:11:21","guid":{"rendered":"https:\/\/radiojingles24.com\/?post_type=product&#038;p=94169"},"modified":"2025-05-01T09:13:49","modified_gmt":"2025-05-01T09:13:49","slug":"special-offer-5-dry-liners-15","status":"publish","type":"product","link":"https:\/\/radiojingles24.com\/de\/produkt\/special-offer-5-dry-liners-15\/","title":{"rendered":"Special Offer &#8211; 5 Dry Liners \u00a320!"},"content":{"rendered":"","protected":false},"excerpt":{"rendered":"","protected":false},"featured_media":6038,"comment_status":"closed","ping_status":"closed","template":"","meta":{"_exactmetrics_skip_tracking":false,"_exactmetrics_sitenote_active":false,"_exactmetrics_sitenote_note":"","_exactmetrics_sitenote_category":0},"product_brand":[],"product_cat":[87,481,557],"product_tag":[],"class_list":{"0":"post-94169","1":"product","2":"type-product","3":"status-publish","4":"has-post-thumbnail","6":"product_cat-packages","7":"product_cat-radio","8":"product_cat-sale","9":"tm-has-options","11":"first","12":"instock","13":"sale","14":"taxable","15":"shipping-taxable","16":"purchasable","17":"product-type-simple"},"yoast_head":"<!-- This site is optimized with the Yoast SEO plugin v26.8 - https:\/\/yoast.com\/product\/yoast-seo-wordpress\/ -->\n<title>Special Offer - 5 Dry Liners \u00a320! - Radio Jingles 24: Radio Jingles | DJ Drops | Podcast Intros | Sung Jingles<\/title>\n<meta name=\"robots\" content=\"index, follow, max-snippet:-1, max-image-preview:large, max-video-preview:-1\" \/>\n<link rel=\"canonical\" href=\"https:\/\/radiojingles24.com\/de\/produkt\/special-offer-5-dry-liners-15\/\" \/>\n<meta property=\"og:locale\" content=\"de_DE\" \/>\n<meta property=\"og:type\" content=\"article\" \/>\n<meta property=\"og:title\" content=\"Special Offer - 5 Dry Liners \u00a320! - Radio Jingles 24: Radio Jingles | DJ Drops | Podcast Intros | Sung Jingles\" \/>\n<meta property=\"og:url\" content=\"https:\/\/radiojingles24.com\/de\/produkt\/special-offer-5-dry-liners-15\/\" \/>\n<meta property=\"og:site_name\" content=\"Radio Jingles 24: Radio Jingles | DJ Drops | Podcast Intros | Sung Jingles\" \/>\n<meta property=\"article:publisher\" content=\"https:\/\/www.facebook.com\/radiojingles24\/\" \/>\n<meta property=\"article:modified_time\" content=\"2025-05-01T09:13:49+00:00\" \/>\n<meta property=\"og:image\" content=\"https:\/\/radiojingles24.com\/wp-content\/uploads\/2019\/11\/3Asset-1.png\" \/>\n\t<meta property=\"og:image:width\" content=\"480\" \/>\n\t<meta property=\"og:image:height\" content=\"478\" \/>\n\t<meta property=\"og:image:type\" content=\"image\/png\" \/>\n<meta name=\"twitter:card\" content=\"summary_large_image\" \/>\n<meta name=\"twitter:site\" content=\"@radiojingles24\" \/>\n<script type=\"application\/ld+json\" class=\"yoast-schema-graph\">{\"@context\":\"https:\/\/schema.org\",\"@graph\":[{\"@type\":\"WebPage\",\"@id\":\"https:\/\/radiojingles24.com\/product\/special-offer-5-dry-liners-15\/\",\"url\":\"https:\/\/radiojingles24.com\/product\/special-offer-5-dry-liners-15\/\",\"name\":\"Special Offer - 5 Dry Liners \u00a320! - Radio Jingles 24: Radio Jingles | DJ Drops | Podcast Intros | Sung Jingles\",\"isPartOf\":{\"@id\":\"https:\/\/radiojingles24.com\/#website\"},\"primaryImageOfPage\":{\"@id\":\"https:\/\/radiojingles24.com\/product\/special-offer-5-dry-liners-15\/#primaryimage\"},\"image\":{\"@id\":\"https:\/\/radiojingles24.com\/product\/special-offer-5-dry-liners-15\/#primaryimage\"},\"thumbnailUrl\":\"https:\/\/radiojingles24.com\/wp-content\/uploads\/2019\/11\/3Asset-1.png\",\"datePublished\":\"2022-07-17T15:11:21+00:00\",\"dateModified\":\"2025-05-01T09:13:49+00:00\",\"breadcrumb\":{\"@id\":\"https:\/\/radiojingles24.com\/product\/special-offer-5-dry-liners-15\/#breadcrumb\"},\"inLanguage\":\"de\",\"potentialAction\":[{\"@type\":\"ReadAction\",\"target\":[\"https:\/\/radiojingles24.com\/product\/special-offer-5-dry-liners-15\/\"]}]},{\"@type\":\"ImageObject\",\"inLanguage\":\"de\",\"@id\":\"https:\/\/radiojingles24.com\/product\/special-offer-5-dry-liners-15\/#primaryimage\",\"url\":\"https:\/\/radiojingles24.com\/wp-content\/uploads\/2019\/11\/3Asset-1.png\",\"contentUrl\":\"https:\/\/radiojingles24.com\/wp-content\/uploads\/2019\/11\/3Asset-1.png\",\"width\":480,\"height\":478},{\"@type\":\"BreadcrumbList\",\"@id\":\"https:\/\/radiojingles24.com\/product\/special-offer-5-dry-liners-15\/#breadcrumb\",\"itemListElement\":[{\"@type\":\"ListItem\",\"position\":1,\"name\":\"Home\",\"item\":\"https:\/\/radiojingles24.com\/de\/\"},{\"@type\":\"ListItem\",\"position\":2,\"name\":\"Produits\",\"item\":\"https:\/\/radiojingles24.com\/fr\/shop\/\"},{\"@type\":\"ListItem\",\"position\":3,\"name\":\"Special Offer &#8211; 5 Dry Liners \u00a320!\"}]},{\"@type\":\"WebSite\",\"@id\":\"https:\/\/radiojingles24.com\/#website\",\"url\":\"https:\/\/radiojingles24.com\/\",\"name\":\"Radio Jingles 24: Radio Jingles | DJ Drops | Podcast Intros | Sung Jingles\",\"description\":\"Radio Jingles, Sung Jingles, DJ Drops, and Podcast Intros for commercial, community and internet radio stations. UK Based. Prices from \u00a35. Order online.\",\"publisher\":{\"@id\":\"https:\/\/radiojingles24.com\/#organization\"},\"potentialAction\":[{\"@type\":\"SearchAction\",\"target\":{\"@type\":\"EntryPoint\",\"urlTemplate\":\"https:\/\/radiojingles24.com\/?s={search_term_string}\"},\"query-input\":{\"@type\":\"PropertyValueSpecification\",\"valueRequired\":true,\"valueName\":\"search_term_string\"}}],\"inLanguage\":\"de\"},{\"@type\":\"Organization\",\"@id\":\"https:\/\/radiojingles24.com\/#organization\",\"name\":\"Radio Jingles 24\",\"url\":\"https:\/\/radiojingles24.com\/\",\"logo\":{\"@type\":\"ImageObject\",\"inLanguage\":\"de\",\"@id\":\"https:\/\/radiojingles24.com\/#\/schema\/logo\/image\/\",\"url\":\"https:\/\/radiojingles24.com\/wp-content\/uploads\/2019\/11\/RadioJingle1-1.jpg\",\"contentUrl\":\"https:\/\/radiojingles24.com\/wp-content\/uploads\/2019\/11\/RadioJingle1-1.jpg\",\"width\":512,\"height\":158,\"caption\":\"Radio Jingles 24\"},\"image\":{\"@id\":\"https:\/\/radiojingles24.com\/#\/schema\/logo\/image\/\"},\"sameAs\":[\"https:\/\/www.facebook.com\/radiojingles24\/\",\"https:\/\/x.com\/radiojingles24\"]}]}<\/script>\n<!-- \/ Yoast SEO plugin. -->","yoast_head_json":{"title":"Special Offer - 5 Dry Liners \u00a320! - Radio Jingles 24: Radio Jingles | DJ Drops | Podcast Intros | Sung Jingles","robots":{"index":"index","follow":"follow","max-snippet":"max-snippet:-1","max-image-preview":"max-image-preview:large","max-video-preview":"max-video-preview:-1"},"canonical":"https:\/\/radiojingles24.com\/de\/produkt\/special-offer-5-dry-liners-15\/","og_locale":"de_DE","og_type":"article","og_title":"Special Offer - 5 Dry Liners \u00a320! - Radio Jingles 24: Radio Jingles | DJ Drops | Podcast Intros | Sung Jingles","og_url":"https:\/\/radiojingles24.com\/de\/produkt\/special-offer-5-dry-liners-15\/","og_site_name":"Radio Jingles 24: Radio Jingles | DJ Drops | Podcast Intros | Sung Jingles","article_publisher":"https:\/\/www.facebook.com\/radiojingles24\/","article_modified_time":"2025-05-01T09:13:49+00:00","og_image":[{"width":480,"height":478,"url":"https:\/\/radiojingles24.com\/wp-content\/uploads\/2019\/11\/3Asset-1.png","type":"image\/png"}],"twitter_card":"summary_large_image","twitter_site":"@radiojingles24","schema":{"@context":"https:\/\/schema.org","@graph":[{"@type":"WebPage","@id":"https:\/\/radiojingles24.com\/product\/special-offer-5-dry-liners-15\/","url":"https:\/\/radiojingles24.com\/product\/special-offer-5-dry-liners-15\/","name":"Special Offer - 5 Dry Liners \u00a320! - Radio Jingles 24: Radio Jingles | DJ Drops | Podcast Intros | Sung Jingles","isPartOf":{"@id":"https:\/\/radiojingles24.com\/#website"},"primaryImageOfPage":{"@id":"https:\/\/radiojingles24.com\/product\/special-offer-5-dry-liners-15\/#primaryimage"},"image":{"@id":"https:\/\/radiojingles24.com\/product\/special-offer-5-dry-liners-15\/#primaryimage"},"thumbnailUrl":"https:\/\/radiojingles24.com\/wp-content\/uploads\/2019\/11\/3Asset-1.png","datePublished":"2022-07-17T15:11:21+00:00","dateModified":"2025-05-01T09:13:49+00:00","breadcrumb":{"@id":"https:\/\/radiojingles24.com\/product\/special-offer-5-dry-liners-15\/#breadcrumb"},"inLanguage":"de","potentialAction":[{"@type":"ReadAction","target":["https:\/\/radiojingles24.com\/product\/special-offer-5-dry-liners-15\/"]}]},{"@type":"ImageObject","inLanguage":"de","@id":"https:\/\/radiojingles24.com\/product\/special-offer-5-dry-liners-15\/#primaryimage","url":"https:\/\/radiojingles24.com\/wp-content\/uploads\/2019\/11\/3Asset-1.png","contentUrl":"https:\/\/radiojingles24.com\/wp-content\/uploads\/2019\/11\/3Asset-1.png","width":480,"height":478},{"@type":"BreadcrumbList","@id":"https:\/\/radiojingles24.com\/product\/special-offer-5-dry-liners-15\/#breadcrumb","itemListElement":[{"@type":"ListItem","position":1,"name":"Home","item":"https:\/\/radiojingles24.com\/de\/"},{"@type":"ListItem","position":2,"name":"Produits","item":"https:\/\/radiojingles24.com\/fr\/shop\/"},{"@type":"ListItem","position":3,"name":"Special Offer &#8211; 5 Dry Liners \u00a320!"}]},{"@type":"WebSite","@id":"https:\/\/radiojingles24.com\/#website","url":"https:\/\/radiojingles24.com\/","name":"Radio Jingles 24: Radio Jingles | DJ Drops | Podcast Intros | Gesungene Jingles","description":"Radio Jingles, Sung Jingles, DJ Drops und Podcast Intros f\u00fcr kommerzielle, Community- und Internetradiosender. In Gro\u00dfbritannien ans\u00e4ssig. Preise ab \u00a3 5. Online bestellen.","publisher":{"@id":"https:\/\/radiojingles24.com\/#organization"},"potentialAction":[{"@type":"SearchAction","target":{"@type":"EntryPoint","urlTemplate":"https:\/\/radiojingles24.com\/?s={search_term_string}"},"query-input":{"@type":"PropertyValueSpecification","valueRequired":true,"valueName":"search_term_string"}}],"inLanguage":"de"},{"@type":"Organization","@id":"https:\/\/radiojingles24.com\/#organization","name":"Radio Jingles 24","url":"https:\/\/radiojingles24.com\/","logo":{"@type":"ImageObject","inLanguage":"de","@id":"https:\/\/radiojingles24.com\/#\/schema\/logo\/image\/","url":"https:\/\/radiojingles24.com\/wp-content\/uploads\/2019\/11\/RadioJingle1-1.jpg","contentUrl":"https:\/\/radiojingles24.com\/wp-content\/uploads\/2019\/11\/RadioJingle1-1.jpg","width":512,"height":158,"caption":"Radio Jingles 24"},"image":{"@id":"https:\/\/radiojingles24.com\/#\/schema\/logo\/image\/"},"sameAs":["https:\/\/www.facebook.com\/radiojingles24\/","https:\/\/x.com\/radiojingles24"]}]}},"jetpack_sharing_enabled":true,"_links":{"self":[{"href":"https:\/\/radiojingles24.com\/de\/wp-json\/wp\/v2\/product\/94169","targetHints":{"allow":["GET"]}}],"collection":[{"href":"https:\/\/radiojingles24.com\/de\/wp-json\/wp\/v2\/product"}],"about":[{"href":"https:\/\/radiojingles24.com\/de\/wp-json\/wp\/v2\/types\/product"}],"replies":[{"embeddable":true,"href":"https:\/\/radiojingles24.com\/de\/wp-json\/wp\/v2\/comments?post=94169"}],"wp:featuredmedia":[{"embeddable":true,"href":"https:\/\/radiojingles24.com\/de\/wp-json\/wp\/v2\/media\/6038"}],"wp:attachment":[{"href":"https:\/\/radiojingles24.com\/de\/wp-json\/wp\/v2\/media?parent=94169"}],"wp:term":[{"taxonomy":"product_brand","embeddable":true,"href":"https:\/\/radiojingles24.com\/de\/wp-json\/wp\/v2\/product_brand?post=94169"},{"taxonomy":"product_cat","embeddable":true,"href":"https:\/\/radiojingles24.com\/de\/wp-json\/wp\/v2\/product_cat?post=94169"},{"taxonomy":"product_tag","embeddable":true,"href":"https:\/\/radiojingles24.com\/de\/wp-json\/wp\/v2\/product_tag?post=94169"}],"curies":[{"name":"wp","href":"https:\/\/api.w.org\/{rel}","templated":true}]}}