{"id":12780,"date":"2020-01-20T15:21:13","date_gmt":"2020-01-20T15:21:13","guid":{"rendered":"https:\/\/radiojingles24.com\/?page_id=12780"},"modified":"2020-01-20T15:21:13","modified_gmt":"2020-01-20T15:21:13","slug":"privacy","status":"publish","type":"page","link":"https:\/\/radiojingles24.com\/es\/privacy\/","title":{"rendered":"Intimidad"},"content":{"rendered":"<p>Bienvenido a nuestra pol\u00edtica de privacidad<br \/>\n- Su privacidad es de vital importancia para nosotros.<br \/>\nRadio Jingles 24 Limited se encuentra en:<\/p>\n<p>Radio Jingles 24 Limited<br \/>\n6 c\u00e9sped Pennwell<br \/>\nWest Yorkshire, Reino Unido<br \/>\n01135346686<br \/>\nLa pol\u00edtica de Radio Jingles 24 Limited es respetar su privacidad con respecto a cualquier informaci\u00f3n que podamos recopilar mientras operamos nuestro sitio web. Esta Pol\u00edtica de privacidad se aplica a https:\/\/radiojingles24.com (en adelante, &quot;nosotros&quot;, &quot;nosotros&quot; o &quot;https:\/\/radiojingles24.com&quot;). Respetamos su privacidad y nos comprometemos a proteger la informaci\u00f3n de identificaci\u00f3n personal que nos pueda proporcionar a trav\u00e9s del sitio web. Hemos adoptado esta pol\u00edtica de privacidad (&quot;Pol\u00edtica de privacidad&quot;) para explicar qu\u00e9 informaci\u00f3n se puede recopilar en nuestro sitio web, c\u00f3mo usamos esta informaci\u00f3n y bajo qu\u00e9 circunstancias podemos divulgar la informaci\u00f3n a terceros. Esta Pol\u00edtica de privacidad se aplica solo a la informaci\u00f3n que recopilamos a trav\u00e9s del sitio web y no se aplica a nuestra recopilaci\u00f3n de informaci\u00f3n de otras fuentes.<br \/>\nEsta Pol\u00edtica de privacidad, junto con los T\u00e9rminos y condiciones publicados en nuestro sitio web, establecen las reglas y pol\u00edticas generales que rigen su uso de nuestro sitio web. Dependiendo de sus actividades al visitar nuestro sitio web, es posible que deba aceptar t\u00e9rminos y condiciones adicionales.<\/p>\n<p>- Visitantes del sitio web<br \/>\nComo la mayor\u00eda de los operadores de sitios web, Radio Jingles 24 Limited recopila informaci\u00f3n de identificaci\u00f3n no personal del tipo que los navegadores y servidores web suelen poner a disposici\u00f3n, como el tipo de navegador, la preferencia de idioma, el sitio de referencia y la fecha y hora de cada solicitud de visitante. El prop\u00f3sito de Radio Jingles 24 Limited al recopilar informaci\u00f3n de identificaci\u00f3n no personal es comprender mejor c\u00f3mo los visitantes de Radio Jingles 24 Limited usan su sitio web. De vez en cuando, Radio Jingles 24 Limited puede divulgar informaci\u00f3n de identificaci\u00f3n no personal en conjunto, por ejemplo, mediante la publicaci\u00f3n de un informe sobre las tendencias en el uso de su sitio web.<br \/>\nRadio Jingles 24 Limited tambi\u00e9n recopila informaci\u00f3n de identificaci\u00f3n personal, como direcciones de Protocolo de Internet (IP) para los usuarios que han iniciado sesi\u00f3n y para los usuarios que dejan comentarios en las publicaciones del blog https:\/\/radiojingles24.com. Radio Jingles 24 Limited solo divulga las direcciones IP de usuarios y comentaristas registrados en las mismas circunstancias en las que usa y divulga informaci\u00f3n de identificaci\u00f3n personal como se describe a continuaci\u00f3n.<\/p>\n<p>- Recopilaci\u00f3n de informaci\u00f3n de identificaci\u00f3n personal<br \/>\nCiertos visitantes de los sitios web de Radio Jingles 24 Limited eligen interactuar con Radio Jingles 24 Limited de formas que requieren que Radio Jingles 24 Limited recopile informaci\u00f3n de identificaci\u00f3n personal. La cantidad y el tipo de informaci\u00f3n que recopila Radio Jingles 24 Limited depende de la naturaleza de la interacci\u00f3n. Por ejemplo, pedimos a los visitantes que se registran en un blog en https:\/\/radiojingles24.com que proporcionen un nombre de usuario y una direcci\u00f3n de correo electr\u00f3nico.<\/p>\n<p>- seguridad<br \/>\nLa seguridad de su informaci\u00f3n personal es importante para nosotros, pero recuerde que ning\u00fan m\u00e9todo de transmisi\u00f3n a trav\u00e9s de Internet o m\u00e9todo de almacenamiento electr\u00f3nico es 100% seguro. Si bien nos esforzamos por utilizar medios comercialmente aceptables para proteger su informaci\u00f3n personal, no podemos garantizar su seguridad absoluta.<\/p>\n<p>- anuncios<br \/>\nLos anuncios que aparecen en nuestro sitio web pueden ser entregados a los usuarios por socios publicitarios, quienes pueden establecer cookies. Estas cookies permiten que el servidor de anuncios reconozca su computadora cada vez que le env\u00edan un anuncio en l\u00ednea para recopilar informaci\u00f3n sobre usted u otras personas que usan su computadora. Esta informaci\u00f3n permite que las redes publicitarias, entre otras cosas, publiquen anuncios dirigidos que creen que ser\u00e1n de mayor inter\u00e9s para usted. Esta Pol\u00edtica de privacidad cubre el uso de cookies por Radio Jingles 24 Limited y no cubre el uso de cookies por parte de ning\u00fan anunciante.<\/p>\n<p>- Enlaces a sitios externos<br \/>\nNuestro Servicio puede contener enlaces a sitios externos que no son operados por nosotros. Si hace clic en el enlace de un tercero, se le dirigir\u00e1 al sitio de ese tercero. Le recomendamos encarecidamente que revise la Pol\u00edtica de privacidad y los t\u00e9rminos y condiciones de cada sitio que visite.<br \/>\nNo tenemos control ni asumimos ninguna responsabilidad por el contenido, las pol\u00edticas de privacidad o las pr\u00e1cticas de sitios, productos o servicios de terceros.<\/p>","protected":false},"excerpt":{"rendered":"<p>Bienvenido a nuestra Pol\u00edtica de privacidad: su privacidad es de vital importancia para nosotros. Radio Jingles 24 Limited se encuentra en: Radio Jingles 24 Limited 6\u2026<\/p>","protected":false},"author":1,"featured_media":0,"parent":0,"menu_order":0,"comment_status":"closed","ping_status":"closed","template":"","meta":{"_exactmetrics_skip_tracking":false,"_exactmetrics_sitenote_active":false,"_exactmetrics_sitenote_note":"","_exactmetrics_sitenote_category":0,"footnotes":""},"class_list":["post-12780","page","type-page","status-publish"],"yoast_head":"<!-- This site is optimized with the Yoast SEO plugin v26.8 - https:\/\/yoast.com\/product\/yoast-seo-wordpress\/ -->\n<title>Radio Jingles 24: Radio Jingles | DJ Drops | Podcast Intros | Sung Jingles<\/title>\n<meta name=\"description\" content=\"Radio Jingles, Sung Jingles, DJ Drops, and Podcast Intros for commercial, community and internet radio stations. UK Based. Prices from \u00a35. Order online.\" \/>\n<meta name=\"robots\" content=\"index, follow, max-snippet:-1, max-image-preview:large, max-video-preview:-1\" \/>\n<link rel=\"canonical\" href=\"https:\/\/radiojingles24.com\/es\/privacy\/\" \/>\n<meta property=\"og:locale\" content=\"es_ES\" \/>\n<meta property=\"og:type\" content=\"article\" \/>\n<meta property=\"og:title\" content=\"Radio Jingles 24: Radio Jingles | DJ Drops | Podcast Intros | Sung Jingles\" \/>\n<meta property=\"og:description\" content=\"Radio Jingles, Sung Jingles, DJ Drops, and Podcast Intros for commercial, community and internet radio stations. UK Based. Prices from \u00a35. Order online.\" \/>\n<meta property=\"og:url\" content=\"https:\/\/radiojingles24.com\/es\/privacy\/\" \/>\n<meta property=\"og:site_name\" content=\"Radio Jingles 24: Radio Jingles | DJ Drops | Podcast Intros | Sung Jingles\" \/>\n<meta property=\"article:publisher\" content=\"https:\/\/www.facebook.com\/radiojingles24\/\" \/>\n<meta name=\"twitter:card\" content=\"summary_large_image\" \/>\n<meta name=\"twitter:site\" content=\"@radiojingles24\" \/>\n<meta name=\"twitter:label1\" content=\"Tiempo de lectura\" \/>\n\t<meta name=\"twitter:data1\" content=\"3 minutos\" \/>\n<script type=\"application\/ld+json\" class=\"yoast-schema-graph\">{\"@context\":\"https:\/\/schema.org\",\"@graph\":[{\"@type\":\"WebPage\",\"@id\":\"https:\/\/radiojingles24.com\/privacy\/\",\"url\":\"https:\/\/radiojingles24.com\/privacy\/\",\"name\":\"Radio Jingles 24: Radio Jingles | DJ Drops | Podcast Intros | Sung Jingles\",\"isPartOf\":{\"@id\":\"https:\/\/radiojingles24.com\/#website\"},\"datePublished\":\"2020-01-20T15:21:13+00:00\",\"description\":\"Radio Jingles, Sung Jingles, DJ Drops, and Podcast Intros for commercial, community and internet radio stations. UK Based. Prices from \u00a35. Order online.\",\"breadcrumb\":{\"@id\":\"https:\/\/radiojingles24.com\/privacy\/#breadcrumb\"},\"inLanguage\":\"es\",\"potentialAction\":[{\"@type\":\"ReadAction\",\"target\":[\"https:\/\/radiojingles24.com\/privacy\/\"]}]},{\"@type\":\"BreadcrumbList\",\"@id\":\"https:\/\/radiojingles24.com\/privacy\/#breadcrumb\",\"itemListElement\":[{\"@type\":\"ListItem\",\"position\":1,\"name\":\"Home\",\"item\":\"https:\/\/radiojingles24.com\/de\/\"},{\"@type\":\"ListItem\",\"position\":2,\"name\":\"Privacy\"}]},{\"@type\":\"WebSite\",\"@id\":\"https:\/\/radiojingles24.com\/#website\",\"url\":\"https:\/\/radiojingles24.com\/\",\"name\":\"Radio Jingles 24: Radio Jingles | DJ Drops | Podcast Intros | Sung Jingles\",\"description\":\"Radio Jingles, Sung Jingles, DJ Drops, and Podcast Intros for commercial, community and internet radio stations. UK Based. Prices from \u00a35. Order online.\",\"publisher\":{\"@id\":\"https:\/\/radiojingles24.com\/#organization\"},\"potentialAction\":[{\"@type\":\"SearchAction\",\"target\":{\"@type\":\"EntryPoint\",\"urlTemplate\":\"https:\/\/radiojingles24.com\/?s={search_term_string}\"},\"query-input\":{\"@type\":\"PropertyValueSpecification\",\"valueRequired\":true,\"valueName\":\"search_term_string\"}}],\"inLanguage\":\"es\"},{\"@type\":\"Organization\",\"@id\":\"https:\/\/radiojingles24.com\/#organization\",\"name\":\"Radio Jingles 24\",\"url\":\"https:\/\/radiojingles24.com\/\",\"logo\":{\"@type\":\"ImageObject\",\"inLanguage\":\"es\",\"@id\":\"https:\/\/radiojingles24.com\/#\/schema\/logo\/image\/\",\"url\":\"https:\/\/radiojingles24.com\/wp-content\/uploads\/2019\/11\/RadioJingle1-1.jpg\",\"contentUrl\":\"https:\/\/radiojingles24.com\/wp-content\/uploads\/2019\/11\/RadioJingle1-1.jpg\",\"width\":512,\"height\":158,\"caption\":\"Radio Jingles 24\"},\"image\":{\"@id\":\"https:\/\/radiojingles24.com\/#\/schema\/logo\/image\/\"},\"sameAs\":[\"https:\/\/www.facebook.com\/radiojingles24\/\",\"https:\/\/x.com\/radiojingles24\"]}]}<\/script>\n<!-- \/ Yoast SEO plugin. -->","yoast_head_json":{"title":"Radio Jingles 24: Radio Jingles | DJ Drops | Intros de podcasts | Jingles cantados","description":"Radio Jingles, Sung Jingles, DJ Drops e Intros de podcasts para estaciones de radio comerciales, comunitarias y de Internet. Basado en el Reino Unido. Precios desde \u00a3 5. Comprar online.","robots":{"index":"index","follow":"follow","max-snippet":"max-snippet:-1","max-image-preview":"max-image-preview:large","max-video-preview":"max-video-preview:-1"},"canonical":"https:\/\/radiojingles24.com\/es\/privacy\/","og_locale":"es_ES","og_type":"article","og_title":"Radio Jingles 24: Radio Jingles | DJ Drops | Podcast Intros | Sung Jingles","og_description":"Radio Jingles, Sung Jingles, DJ Drops, and Podcast Intros for commercial, community and internet radio stations. UK Based. Prices from \u00a35. Order online.","og_url":"https:\/\/radiojingles24.com\/es\/privacy\/","og_site_name":"Radio Jingles 24: Radio Jingles | DJ Drops | Podcast Intros | Sung Jingles","article_publisher":"https:\/\/www.facebook.com\/radiojingles24\/","twitter_card":"summary_large_image","twitter_site":"@radiojingles24","twitter_misc":{"Tiempo de lectura":"3 minutos"},"schema":{"@context":"https:\/\/schema.org","@graph":[{"@type":"WebPage","@id":"https:\/\/radiojingles24.com\/privacy\/","url":"https:\/\/radiojingles24.com\/privacy\/","name":"Radio Jingles 24: Radio Jingles | DJ Drops | Intros de podcasts | Jingles cantados","isPartOf":{"@id":"https:\/\/radiojingles24.com\/#website"},"datePublished":"2020-01-20T15:21:13+00:00","description":"Radio Jingles, Sung Jingles, DJ Drops e Intros de podcasts para estaciones de radio comerciales, comunitarias y de Internet. Basado en el Reino Unido. Precios desde \u00a3 5. Comprar online.","breadcrumb":{"@id":"https:\/\/radiojingles24.com\/privacy\/#breadcrumb"},"inLanguage":"es","potentialAction":[{"@type":"ReadAction","target":["https:\/\/radiojingles24.com\/privacy\/"]}]},{"@type":"BreadcrumbList","@id":"https:\/\/radiojingles24.com\/privacy\/#breadcrumb","itemListElement":[{"@type":"ListItem","position":1,"name":"Home","item":"https:\/\/radiojingles24.com\/de\/"},{"@type":"ListItem","position":2,"name":"Privacy"}]},{"@type":"WebSite","@id":"https:\/\/radiojingles24.com\/#website","url":"https:\/\/radiojingles24.com\/","name":"Radio Jingles 24: Radio Jingles | DJ Drops | Intros de podcasts | Jingles cantados","description":"Radio Jingles, Sung Jingles, DJ Drops e Intros de podcasts para estaciones de radio comerciales, comunitarias y de Internet. Basado en el Reino Unido. Precios desde \u00a3 5. Comprar online.","publisher":{"@id":"https:\/\/radiojingles24.com\/#organization"},"potentialAction":[{"@type":"SearchAction","target":{"@type":"EntryPoint","urlTemplate":"https:\/\/radiojingles24.com\/?s={search_term_string}"},"query-input":{"@type":"PropertyValueSpecification","valueRequired":true,"valueName":"search_term_string"}}],"inLanguage":"es"},{"@type":"Organization","@id":"https:\/\/radiojingles24.com\/#organization","name":"Radio Jingles 24","url":"https:\/\/radiojingles24.com\/","logo":{"@type":"ImageObject","inLanguage":"es","@id":"https:\/\/radiojingles24.com\/#\/schema\/logo\/image\/","url":"https:\/\/radiojingles24.com\/wp-content\/uploads\/2019\/11\/RadioJingle1-1.jpg","contentUrl":"https:\/\/radiojingles24.com\/wp-content\/uploads\/2019\/11\/RadioJingle1-1.jpg","width":512,"height":158,"caption":"Radio Jingles 24"},"image":{"@id":"https:\/\/radiojingles24.com\/#\/schema\/logo\/image\/"},"sameAs":["https:\/\/www.facebook.com\/radiojingles24\/","https:\/\/x.com\/radiojingles24"]}]}},"jetpack_sharing_enabled":true,"_links":{"self":[{"href":"https:\/\/radiojingles24.com\/es\/wp-json\/wp\/v2\/pages\/12780","targetHints":{"allow":["GET"]}}],"collection":[{"href":"https:\/\/radiojingles24.com\/es\/wp-json\/wp\/v2\/pages"}],"about":[{"href":"https:\/\/radiojingles24.com\/es\/wp-json\/wp\/v2\/types\/page"}],"author":[{"embeddable":true,"href":"https:\/\/radiojingles24.com\/es\/wp-json\/wp\/v2\/users\/1"}],"replies":[{"embeddable":true,"href":"https:\/\/radiojingles24.com\/es\/wp-json\/wp\/v2\/comments?post=12780"}],"version-history":[{"count":1,"href":"https:\/\/radiojingles24.com\/es\/wp-json\/wp\/v2\/pages\/12780\/revisions"}],"predecessor-version":[{"id":12781,"href":"https:\/\/radiojingles24.com\/es\/wp-json\/wp\/v2\/pages\/12780\/revisions\/12781"}],"wp:attachment":[{"href":"https:\/\/radiojingles24.com\/es\/wp-json\/wp\/v2\/media?parent=12780"}],"curies":[{"name":"wp","href":"https:\/\/api.w.org\/{rel}","templated":true}]}}