{"id":28621,"date":"2020-07-03T11:00:40","date_gmt":"2020-07-03T11:00:40","guid":{"rendered":"https:\/\/radiojingles24.com\/?page_id=28621"},"modified":"2020-07-20T08:55:35","modified_gmt":"2020-07-20T08:55:35","slug":"how-to-create-a-jingle","status":"publish","type":"page","link":"https:\/\/radiojingles24.com\/es\/how-to-create-a-jingle\/","title":{"rendered":"C\u00f3mo crear un jingle"},"content":{"rendered":"<h1>C\u00f3mo crear un jingle<\/h1>\n<p><span style=\"font-weight: 400;\">\u00bfHa estado buscando una forma de cerrar sesi\u00f3n en su programa de radio, pero no ha podido encontrar la salida perfecta? Le complacer\u00e1 saber que su b\u00fasqueda ha llegado a su fin. Al trabajar con Radio Jingles 24, tiene una empresa que estar\u00e1 m\u00e1s que feliz de ayudar. Nuestro talentoso equipo de profesionales es competente en varias \u00e1reas diferentes, por lo que somos m\u00e1s que capaces de satisfacer las necesidades de nuestros clientes. Para aquellos de ustedes que deseen aprender un poco m\u00e1s, no dude en comunicarse con uno de nuestros representantes: nuestro sitio web <\/span><a href=\"https:\/\/radiojingles24.com\/es\/contact-us\/\"><span style=\"font-weight: 400;\">pagina de contacto<\/span><\/a><span style=\"font-weight: 400;\"> contiene toda la informaci\u00f3n relevante y podemos responder cualquier pregunta que pueda tener. <\/span><span style=\"font-weight: 400;\"><br \/>\n<\/span><span style=\"font-weight: 400;\"><br \/>\n<\/span><b>\u00bfQu\u00e9 es un tintineo?<\/b><span style=\"font-weight: 400;\"><br \/>\n<\/span><span style=\"font-weight: 400;\"><br \/>\n<\/span><span style=\"font-weight: 400;\">Para cualquiera que no lo supiera anteriormente, un jingle es una herramienta moderna dentro del marketing, que se utiliza para publicitar un servicio o producto en particular. Por lo general, incorporan el eslogan de una empresa en el jingle, ya que esto tambi\u00e9n permite mejorar el reconocimiento general de la marca. Muchas empresas optan por incorporar organizaciones de terceros para crear estos jingles, debido al hecho de que ellas mismas no saben c\u00f3mo crear un jingle. Si esta es la situaci\u00f3n en la que se encuentra, no busque m\u00e1s, Radio Jingles 24 para obtener ayuda.<\/span><span style=\"font-weight: 400;\"><br \/>\n<\/span><span style=\"font-weight: 400;\"><br \/>\n<\/span><b>Que servicios proporcionamos?<\/b><span style=\"font-weight: 400;\"><br \/>\n<\/span><span style=\"font-weight: 400;\"><br \/>\n<\/span><span style=\"font-weight: 400;\">Entendemos que debido a la naturaleza de nicho de nuestros servicios, es probable que haya innumerables clientes que se acerquen a nosotros sin ning\u00fan conocimiento previo de c\u00f3mo crear un jingle. Cuando acude a nosotros con respecto a los jingles, se le presentan dos opciones: puede usar uno de nuestros locutores para crear un cl\u00e1sico. <\/span><a href=\"https:\/\/radiojingles24.com\/es\/producto\/spoken-audio\/\"><span style=\"font-weight: 400;\">tintineo de palabra hablada<\/span><\/a><span style=\"font-weight: 400;\">, o puede optar por una versi\u00f3n m\u00e1s moderna con un jingle que contiene <\/span><a href=\"https:\/\/radiojingles24.com\/es\/producto\/sung-audio\/\"><span style=\"font-weight: 400;\">cantando<\/span><\/a><span style=\"font-weight: 400;\">. Con cada opci\u00f3n, se le dar\u00e1 la oportunidad de elegir un vocalista; hay varias muestras de cada uno de los miembros de nuestro equipo, por lo que puede tomar una decisi\u00f3n informada. A partir de ah\u00ed, podr\u00e1 elegir el estilo de jingle que le gustar\u00eda crear.\u00a0<\/span><\/p>\n<p><span style=\"font-weight: 400;\"><br \/>\n<\/span><b>\u00bfPor qu\u00e9 deber\u00eda trabajar con Radio Jingles 24?<\/b><span style=\"font-weight: 400;\"><br \/>\n<\/span><span style=\"font-weight: 400;\"><br \/>\n<\/span><span style=\"font-weight: 400;\">Cuando vienes a Radio Jingles 24, tienes la oportunidad de trabajar con una empresa que ha tenido el privilegio de trabajar en varios proyectos a lo largo de los a\u00f1os. Un equipo que en su mayor parte ha trabajado en la radio comercial durante d\u00e9cadas, y lo conoce al rev\u00e9s. \u00a1Un equipo que sabe qu\u00e9 funciona y qu\u00e9 no cuando se trata de im\u00e1genes! Estas experiencias nos han permitido perfeccionar nuestras habilidades en el campo y somos considerados expertos en el arte de saber c\u00f3mo crear un jingle. Tenemos una excelente reputaci\u00f3n por nuestro soporte al cliente y confiabilidad, que nos enorgullecemos de mantener con cada cliente con el que trabajamos.\u00a0<\/span><\/p>\n<p><span style=\"font-weight: 400;\">Si desea hablar con un miembro de nuestro equipo sobre la creaci\u00f3n de un jingle, estaremos encantados de ayudarle. No dude en enviar un correo electr\u00f3nico a <\/span><a href=\"mailto:info@radiojingles24.com\"><span style=\"font-weight: 400;\">info@radiojingles24.com<\/span><\/a><span style=\"font-weight: 400;\">, o puede completar el formulario de contacto en nuestro <\/span><a href=\"https:\/\/radiojingles24.com\/es\/contact-us\/\"><span style=\"font-weight: 400;\">sitio web<\/span><\/a><span style=\"font-weight: 400;\">. Incluya toda su informaci\u00f3n relevante y alguien se comunicar\u00e1 con usted, respondiendo cualquier pregunta que pueda tener. <\/span><span style=\"font-weight: 400;\"><br \/>\n<\/span><\/p>","protected":false},"excerpt":{"rendered":"<p>C\u00f3mo crear un jingle \u00bfHa estado buscando una forma de cerrar sesi\u00f3n en su programa de radio, pero no ha podido...<\/p>","protected":false},"author":1,"featured_media":0,"parent":0,"menu_order":0,"comment_status":"closed","ping_status":"closed","template":"","meta":{"_exactmetrics_skip_tracking":false,"_exactmetrics_sitenote_active":false,"_exactmetrics_sitenote_note":"","_exactmetrics_sitenote_category":0,"footnotes":""},"class_list":["post-28621","page","type-page","status-publish"],"yoast_head":"<!-- This site is optimized with the Yoast SEO plugin v26.8 - https:\/\/yoast.com\/product\/yoast-seo-wordpress\/ -->\n<title>Radio Jingles 24: Radio Jingles | DJ Drops | Podcast Intros | Sung Jingles<\/title>\n<meta name=\"description\" content=\"Radio Jingles, Sung Jingles, DJ Drops, and Podcast Intros for commercial, community and internet radio stations. UK Based. Prices from \u00a35. Order online.\" \/>\n<meta name=\"robots\" content=\"index, follow, max-snippet:-1, max-image-preview:large, max-video-preview:-1\" \/>\n<link rel=\"canonical\" href=\"https:\/\/radiojingles24.com\/es\/how-to-create-a-jingle\/\" \/>\n<meta property=\"og:locale\" content=\"es_ES\" \/>\n<meta property=\"og:type\" content=\"article\" \/>\n<meta property=\"og:title\" content=\"Radio Jingles 24: Radio Jingles | DJ Drops | Podcast Intros | Sung Jingles\" \/>\n<meta property=\"og:description\" content=\"Radio Jingles, Sung Jingles, DJ Drops, and Podcast Intros for commercial, community and internet radio stations. UK Based. Prices from \u00a35. Order online.\" \/>\n<meta property=\"og:url\" content=\"https:\/\/radiojingles24.com\/es\/how-to-create-a-jingle\/\" \/>\n<meta property=\"og:site_name\" content=\"Radio Jingles 24: Radio Jingles | DJ Drops | Podcast Intros | Sung Jingles\" \/>\n<meta property=\"article:publisher\" content=\"https:\/\/www.facebook.com\/radiojingles24\/\" \/>\n<meta property=\"article:modified_time\" content=\"2020-07-20T08:55:35+00:00\" \/>\n<meta name=\"twitter:card\" content=\"summary_large_image\" \/>\n<meta name=\"twitter:site\" content=\"@radiojingles24\" \/>\n<meta name=\"twitter:label1\" content=\"Tiempo de lectura\" \/>\n\t<meta name=\"twitter:data1\" content=\"3 minutos\" \/>\n<script type=\"application\/ld+json\" class=\"yoast-schema-graph\">{\"@context\":\"https:\/\/schema.org\",\"@graph\":[{\"@type\":\"WebPage\",\"@id\":\"https:\/\/radiojingles24.com\/how-to-create-a-jingle\/\",\"url\":\"https:\/\/radiojingles24.com\/how-to-create-a-jingle\/\",\"name\":\"Radio Jingles 24: Radio Jingles | DJ Drops | Podcast Intros | Sung Jingles\",\"isPartOf\":{\"@id\":\"https:\/\/radiojingles24.com\/#website\"},\"datePublished\":\"2020-07-03T11:00:40+00:00\",\"dateModified\":\"2020-07-20T08:55:35+00:00\",\"description\":\"Radio Jingles, Sung Jingles, DJ Drops, and Podcast Intros for commercial, community and internet radio stations. UK Based. Prices from \u00a35. Order online.\",\"breadcrumb\":{\"@id\":\"https:\/\/radiojingles24.com\/how-to-create-a-jingle\/#breadcrumb\"},\"inLanguage\":\"es\",\"potentialAction\":[{\"@type\":\"ReadAction\",\"target\":[\"https:\/\/radiojingles24.com\/how-to-create-a-jingle\/\"]}]},{\"@type\":\"BreadcrumbList\",\"@id\":\"https:\/\/radiojingles24.com\/how-to-create-a-jingle\/#breadcrumb\",\"itemListElement\":[{\"@type\":\"ListItem\",\"position\":1,\"name\":\"Home\",\"item\":\"https:\/\/radiojingles24.com\/de\/\"},{\"@type\":\"ListItem\",\"position\":2,\"name\":\"How to Create a Jingle\"}]},{\"@type\":\"WebSite\",\"@id\":\"https:\/\/radiojingles24.com\/#website\",\"url\":\"https:\/\/radiojingles24.com\/\",\"name\":\"Radio Jingles 24: Radio Jingles | DJ Drops | Podcast Intros | Sung Jingles\",\"description\":\"Radio Jingles, Sung Jingles, DJ Drops, and Podcast Intros for commercial, community and internet radio stations. UK Based. Prices from \u00a35. Order online.\",\"publisher\":{\"@id\":\"https:\/\/radiojingles24.com\/#organization\"},\"potentialAction\":[{\"@type\":\"SearchAction\",\"target\":{\"@type\":\"EntryPoint\",\"urlTemplate\":\"https:\/\/radiojingles24.com\/?s={search_term_string}\"},\"query-input\":{\"@type\":\"PropertyValueSpecification\",\"valueRequired\":true,\"valueName\":\"search_term_string\"}}],\"inLanguage\":\"es\"},{\"@type\":\"Organization\",\"@id\":\"https:\/\/radiojingles24.com\/#organization\",\"name\":\"Radio Jingles 24\",\"url\":\"https:\/\/radiojingles24.com\/\",\"logo\":{\"@type\":\"ImageObject\",\"inLanguage\":\"es\",\"@id\":\"https:\/\/radiojingles24.com\/#\/schema\/logo\/image\/\",\"url\":\"https:\/\/radiojingles24.com\/wp-content\/uploads\/2019\/11\/RadioJingle1-1.jpg\",\"contentUrl\":\"https:\/\/radiojingles24.com\/wp-content\/uploads\/2019\/11\/RadioJingle1-1.jpg\",\"width\":512,\"height\":158,\"caption\":\"Radio Jingles 24\"},\"image\":{\"@id\":\"https:\/\/radiojingles24.com\/#\/schema\/logo\/image\/\"},\"sameAs\":[\"https:\/\/www.facebook.com\/radiojingles24\/\",\"https:\/\/x.com\/radiojingles24\"]}]}<\/script>\n<!-- \/ Yoast SEO plugin. -->","yoast_head_json":{"title":"Radio Jingles 24: Radio Jingles | DJ Drops | Intros de podcasts | Jingles cantados","description":"Radio Jingles, Sung Jingles, DJ Drops e Intros de podcasts para estaciones de radio comerciales, comunitarias y de Internet. Basado en el Reino Unido. Precios desde \u00a3 5. Comprar online.","robots":{"index":"index","follow":"follow","max-snippet":"max-snippet:-1","max-image-preview":"max-image-preview:large","max-video-preview":"max-video-preview:-1"},"canonical":"https:\/\/radiojingles24.com\/es\/how-to-create-a-jingle\/","og_locale":"es_ES","og_type":"article","og_title":"Radio Jingles 24: Radio Jingles | DJ Drops | Podcast Intros | Sung Jingles","og_description":"Radio Jingles, Sung Jingles, DJ Drops, and Podcast Intros for commercial, community and internet radio stations. UK Based. Prices from \u00a35. Order online.","og_url":"https:\/\/radiojingles24.com\/es\/how-to-create-a-jingle\/","og_site_name":"Radio Jingles 24: Radio Jingles | DJ Drops | Podcast Intros | Sung Jingles","article_publisher":"https:\/\/www.facebook.com\/radiojingles24\/","article_modified_time":"2020-07-20T08:55:35+00:00","twitter_card":"summary_large_image","twitter_site":"@radiojingles24","twitter_misc":{"Tiempo de lectura":"3 minutos"},"schema":{"@context":"https:\/\/schema.org","@graph":[{"@type":"WebPage","@id":"https:\/\/radiojingles24.com\/how-to-create-a-jingle\/","url":"https:\/\/radiojingles24.com\/how-to-create-a-jingle\/","name":"Radio Jingles 24: Radio Jingles | DJ Drops | Intros de podcasts | Jingles cantados","isPartOf":{"@id":"https:\/\/radiojingles24.com\/#website"},"datePublished":"2020-07-03T11:00:40+00:00","dateModified":"2020-07-20T08:55:35+00:00","description":"Radio Jingles, Sung Jingles, DJ Drops e Intros de podcasts para estaciones de radio comerciales, comunitarias y de Internet. Basado en el Reino Unido. Precios desde \u00a3 5. Comprar online.","breadcrumb":{"@id":"https:\/\/radiojingles24.com\/how-to-create-a-jingle\/#breadcrumb"},"inLanguage":"es","potentialAction":[{"@type":"ReadAction","target":["https:\/\/radiojingles24.com\/how-to-create-a-jingle\/"]}]},{"@type":"BreadcrumbList","@id":"https:\/\/radiojingles24.com\/how-to-create-a-jingle\/#breadcrumb","itemListElement":[{"@type":"ListItem","position":1,"name":"Home","item":"https:\/\/radiojingles24.com\/de\/"},{"@type":"ListItem","position":2,"name":"How to Create a Jingle"}]},{"@type":"WebSite","@id":"https:\/\/radiojingles24.com\/#website","url":"https:\/\/radiojingles24.com\/","name":"Radio Jingles 24: Radio Jingles | DJ Drops | Intros de podcasts | Jingles cantados","description":"Radio Jingles, Sung Jingles, DJ Drops e Intros de podcasts para estaciones de radio comerciales, comunitarias y de Internet. Basado en el Reino Unido. Precios desde \u00a3 5. Comprar online.","publisher":{"@id":"https:\/\/radiojingles24.com\/#organization"},"potentialAction":[{"@type":"SearchAction","target":{"@type":"EntryPoint","urlTemplate":"https:\/\/radiojingles24.com\/?s={search_term_string}"},"query-input":{"@type":"PropertyValueSpecification","valueRequired":true,"valueName":"search_term_string"}}],"inLanguage":"es"},{"@type":"Organization","@id":"https:\/\/radiojingles24.com\/#organization","name":"Radio Jingles 24","url":"https:\/\/radiojingles24.com\/","logo":{"@type":"ImageObject","inLanguage":"es","@id":"https:\/\/radiojingles24.com\/#\/schema\/logo\/image\/","url":"https:\/\/radiojingles24.com\/wp-content\/uploads\/2019\/11\/RadioJingle1-1.jpg","contentUrl":"https:\/\/radiojingles24.com\/wp-content\/uploads\/2019\/11\/RadioJingle1-1.jpg","width":512,"height":158,"caption":"Radio Jingles 24"},"image":{"@id":"https:\/\/radiojingles24.com\/#\/schema\/logo\/image\/"},"sameAs":["https:\/\/www.facebook.com\/radiojingles24\/","https:\/\/x.com\/radiojingles24"]}]}},"jetpack_sharing_enabled":true,"_links":{"self":[{"href":"https:\/\/radiojingles24.com\/es\/wp-json\/wp\/v2\/pages\/28621","targetHints":{"allow":["GET"]}}],"collection":[{"href":"https:\/\/radiojingles24.com\/es\/wp-json\/wp\/v2\/pages"}],"about":[{"href":"https:\/\/radiojingles24.com\/es\/wp-json\/wp\/v2\/types\/page"}],"author":[{"embeddable":true,"href":"https:\/\/radiojingles24.com\/es\/wp-json\/wp\/v2\/users\/1"}],"replies":[{"embeddable":true,"href":"https:\/\/radiojingles24.com\/es\/wp-json\/wp\/v2\/comments?post=28621"}],"version-history":[{"count":2,"href":"https:\/\/radiojingles24.com\/es\/wp-json\/wp\/v2\/pages\/28621\/revisions"}],"predecessor-version":[{"id":28898,"href":"https:\/\/radiojingles24.com\/es\/wp-json\/wp\/v2\/pages\/28621\/revisions\/28898"}],"wp:attachment":[{"href":"https:\/\/radiojingles24.com\/es\/wp-json\/wp\/v2\/media?parent=28621"}],"curies":[{"name":"wp","href":"https:\/\/api.w.org\/{rel}","templated":true}]}}