{"id":28623,"date":"2020-07-03T11:04:32","date_gmt":"2020-07-03T11:04:32","guid":{"rendered":"https:\/\/radiojingles24.com\/?page_id=28623"},"modified":"2020-07-20T08:55:27","modified_gmt":"2020-07-20T08:55:27","slug":"online-jingle-maker","status":"publish","type":"page","link":"https:\/\/radiojingles24.com\/es\/online-jingle-maker\/","title":{"rendered":"Jingle Maker en l\u00ednea"},"content":{"rendered":"<h1>Jingle Maker en l\u00ednea<\/h1>\n<p><span style=\"font-weight: 400;\">\u00bfHa estado buscando un creador de jingle en l\u00ednea? Bienvenido a Radio Jingles 24. Somos una empresa dedicada que tiene m\u00e1s de diez a\u00f1os de experiencia de calidad en la creaci\u00f3n de piezas de audio hipnotizantes. Ser\u00e1 dif\u00edcil encontrar una empresa que pueda igualar nuestros servicios premium. Si desea obtener m\u00e1s informaci\u00f3n sobre c\u00f3mo podemos ayudarlo, utilice la informaci\u00f3n de nuestro sitio web. <\/span><a href=\"https:\/\/radiojingles24.com\/es\/contact-us\/\"><span style=\"font-weight: 400;\">pagina de contacto<\/span><\/a><span style=\"font-weight: 400;\"> para comunicarse con un miembro de nuestro equipo. Estaremos encantados de responder cualquier pregunta que pueda tener. <\/span><span style=\"font-weight: 400;\"><br \/>\n<\/span><span style=\"font-weight: 400;\"><br \/>\n<\/span><b>\u00bfPor qu\u00e9 deber\u00eda comprar un jingle?\u00a0<\/b><\/p>\n<p><span style=\"font-weight: 400;\">Aunque no lo reconozca, la verdad del asunto es esta: dentro del mundo de la publicidad, es dif\u00edcil pensar en una mejor manera de comercializar un producto o servicio que mediante el uso de un jingle pegadizo. Independientemente de si se reproduce en la radio o en la televisi\u00f3n, podr\u00e1 disfrutar inmediatamente de las recompensas si logra crear una melod\u00eda verdaderamente contagiosa. Recordar un producto es m\u00e1s f\u00e1cil cuando se asocia con una melod\u00eda pegadiza y una letra sencilla y memorable.\u00a0<\/span><\/p>\n<p><span style=\"font-weight: 400;\">Al combinar elementos de m\u00fasica, voces en off y efectos de sonido, puede lograr un producto terminado que no solo mejora la reputaci\u00f3n de su marca, sino que tambi\u00e9n mejora en gran medida su reconocimiento en todo el pa\u00eds. Si ha estado buscando un creador de cascabeles en l\u00ednea, \u00bfpor qu\u00e9 no permite que Radio Jingles 24 le ayude?\u00a0<\/span><\/p>\n<p><b>Que le podemos ofrecer?<\/b><span style=\"font-weight: 400;\"><br \/>\n<\/span><span style=\"font-weight: 400;\"><br \/>\n<\/span><span style=\"font-weight: 400;\">Para nosotros, no importa si desea aprovechar uno de nuestros <\/span><a href=\"https:\/\/radiojingles24.com\/es\/categoria-producto\/dj-drops\/\"><span style=\"font-weight: 400;\">Paquetes de DJ<\/span><\/a><span style=\"font-weight: 400;\">, o est\u00e1 buscando una manera memorable de concluir su <\/span><a href=\"https:\/\/radiojingles24.com\/es\/categoria-producto\/podcast-intro\/\"><span style=\"font-weight: 400;\">p\u00f3dcast<\/span><\/a><span style=\"font-weight: 400;\">. Nuestra misi\u00f3n siempre ha sido crear contenido cautivador que atraiga a tu audiencia. Podemos ayudarlo a crear su propio jingle personalizado y recibirlo dentro de las 24 horas, los 7 d\u00edas de la semana.\u00a0<\/span><\/p>\n<p><span style=\"font-weight: 400;\">Despu\u00e9s de escuchar un tintineo varias veces como parte de una campa\u00f1a de marketing, los consumidores a menudo crean su propia repetici\u00f3n, tarareando la melod\u00eda o cantando las palabras en su cabeza. Los jingles tambi\u00e9n suelen tener una melod\u00eda musical, lo que significa que el oyente sacar\u00e1 m\u00e1s provecho de ella cuando escuche la melod\u00eda pegadiza. Un buen jingle es \u00fanico, divertido y, lo m\u00e1s importante, memorable, que es cuando podremos ayudar.<\/span><\/p>\n<p><b>\u00bfTe gustar\u00eda contactar con Radio Jingles 24?\u00a0<\/b><\/p>\n<p><span style=\"font-weight: 400;\">Como organizaci\u00f3n, tenemos una reputaci\u00f3n excepcional por nuestro servicio al cliente y confiabilidad. Podemos ayudar a cualquiera que necesite expresar algo de manera r\u00e1pida y profesional, ya que entendemos completamente lo importante que es la marca de un producto para destacar entre la multitud y realmente tener un impacto. Nada refuerza su imagen como un mensaje coherente y de calidad, as\u00ed que \u00bfpor qu\u00e9 no ponerse en contacto con un miembro de nuestro equipo?\u00a0<\/span><\/p>\n<p><span style=\"font-weight: 400;\">Para obtener m\u00e1s informaci\u00f3n sobre nuestro creador de jingle en l\u00ednea y otros servicios que podemos ofrecer, no dude en ponerse en contacto con Radio Jingles 24. No dude en enviar un correo electr\u00f3nico a <\/span><a href=\"mailto:info@radiojingles24.com\"><span style=\"font-weight: 400;\">info@radiojingles24.com<\/span><\/a><span style=\"font-weight: 400;\"> o puede rellenar el formulario de contacto en nuestro <\/span><a href=\"https:\/\/radiojingles24.com\/es\/contact-us\/\"><span style=\"font-weight: 400;\">sitio web<\/span><\/a><span style=\"font-weight: 400;\">, y nos comunicaremos con usted lo antes posible.\u00a0<\/span><\/p>","protected":false},"excerpt":{"rendered":"<p>Creador de jingles en l\u00ednea \u00bfHa estado buscando un creador de jingles en l\u00ednea? Bienvenidos a Radio Jingles 24. Somos un negocio dedicado que tiene m\u00e1s...<\/p>","protected":false},"author":1,"featured_media":0,"parent":0,"menu_order":0,"comment_status":"closed","ping_status":"closed","template":"","meta":{"_exactmetrics_skip_tracking":false,"_exactmetrics_sitenote_active":false,"_exactmetrics_sitenote_note":"","_exactmetrics_sitenote_category":0,"footnotes":""},"class_list":["post-28623","page","type-page","status-publish"],"yoast_head":"<!-- This site is optimized with the Yoast SEO plugin v26.8 - https:\/\/yoast.com\/product\/yoast-seo-wordpress\/ -->\n<title>Radio Jingles 24: Radio Jingles | DJ Drops | Podcast Intros | Sung Jingles<\/title>\n<meta name=\"description\" content=\"Radio Jingles, Sung Jingles, DJ Drops, and Podcast Intros for commercial, community and internet radio stations. UK Based. Prices from \u00a35. Order online.\" \/>\n<meta name=\"robots\" content=\"index, follow, max-snippet:-1, max-image-preview:large, max-video-preview:-1\" \/>\n<link rel=\"canonical\" href=\"https:\/\/radiojingles24.com\/es\/online-jingle-maker\/\" \/>\n<meta property=\"og:locale\" content=\"es_ES\" \/>\n<meta property=\"og:type\" content=\"article\" \/>\n<meta property=\"og:title\" content=\"Radio Jingles 24: Radio Jingles | DJ Drops | Podcast Intros | Sung Jingles\" \/>\n<meta property=\"og:description\" content=\"Radio Jingles, Sung Jingles, DJ Drops, and Podcast Intros for commercial, community and internet radio stations. UK Based. Prices from \u00a35. Order online.\" \/>\n<meta property=\"og:url\" content=\"https:\/\/radiojingles24.com\/es\/online-jingle-maker\/\" \/>\n<meta property=\"og:site_name\" content=\"Radio Jingles 24: Radio Jingles | DJ Drops | Podcast Intros | Sung Jingles\" \/>\n<meta property=\"article:publisher\" content=\"https:\/\/www.facebook.com\/radiojingles24\/\" \/>\n<meta property=\"article:modified_time\" content=\"2020-07-20T08:55:27+00:00\" \/>\n<meta name=\"twitter:card\" content=\"summary_large_image\" \/>\n<meta name=\"twitter:site\" content=\"@radiojingles24\" \/>\n<meta name=\"twitter:label1\" content=\"Tiempo de lectura\" \/>\n\t<meta name=\"twitter:data1\" content=\"3 minutos\" \/>\n<script type=\"application\/ld+json\" class=\"yoast-schema-graph\">{\"@context\":\"https:\/\/schema.org\",\"@graph\":[{\"@type\":\"WebPage\",\"@id\":\"https:\/\/radiojingles24.com\/online-jingle-maker\/\",\"url\":\"https:\/\/radiojingles24.com\/online-jingle-maker\/\",\"name\":\"Radio Jingles 24: Radio Jingles | DJ Drops | Podcast Intros | Sung Jingles\",\"isPartOf\":{\"@id\":\"https:\/\/radiojingles24.com\/#website\"},\"datePublished\":\"2020-07-03T11:04:32+00:00\",\"dateModified\":\"2020-07-20T08:55:27+00:00\",\"description\":\"Radio Jingles, Sung Jingles, DJ Drops, and Podcast Intros for commercial, community and internet radio stations. UK Based. Prices from \u00a35. Order online.\",\"breadcrumb\":{\"@id\":\"https:\/\/radiojingles24.com\/online-jingle-maker\/#breadcrumb\"},\"inLanguage\":\"es\",\"potentialAction\":[{\"@type\":\"ReadAction\",\"target\":[\"https:\/\/radiojingles24.com\/online-jingle-maker\/\"]}]},{\"@type\":\"BreadcrumbList\",\"@id\":\"https:\/\/radiojingles24.com\/online-jingle-maker\/#breadcrumb\",\"itemListElement\":[{\"@type\":\"ListItem\",\"position\":1,\"name\":\"Home\",\"item\":\"https:\/\/radiojingles24.com\/de\/\"},{\"@type\":\"ListItem\",\"position\":2,\"name\":\"Online Jingle Maker\"}]},{\"@type\":\"WebSite\",\"@id\":\"https:\/\/radiojingles24.com\/#website\",\"url\":\"https:\/\/radiojingles24.com\/\",\"name\":\"Radio Jingles 24: Radio Jingles | DJ Drops | Podcast Intros | Sung Jingles\",\"description\":\"Radio Jingles, Sung Jingles, DJ Drops, and Podcast Intros for commercial, community and internet radio stations. UK Based. Prices from \u00a35. Order online.\",\"publisher\":{\"@id\":\"https:\/\/radiojingles24.com\/#organization\"},\"potentialAction\":[{\"@type\":\"SearchAction\",\"target\":{\"@type\":\"EntryPoint\",\"urlTemplate\":\"https:\/\/radiojingles24.com\/?s={search_term_string}\"},\"query-input\":{\"@type\":\"PropertyValueSpecification\",\"valueRequired\":true,\"valueName\":\"search_term_string\"}}],\"inLanguage\":\"es\"},{\"@type\":\"Organization\",\"@id\":\"https:\/\/radiojingles24.com\/#organization\",\"name\":\"Radio Jingles 24\",\"url\":\"https:\/\/radiojingles24.com\/\",\"logo\":{\"@type\":\"ImageObject\",\"inLanguage\":\"es\",\"@id\":\"https:\/\/radiojingles24.com\/#\/schema\/logo\/image\/\",\"url\":\"https:\/\/radiojingles24.com\/wp-content\/uploads\/2019\/11\/RadioJingle1-1.jpg\",\"contentUrl\":\"https:\/\/radiojingles24.com\/wp-content\/uploads\/2019\/11\/RadioJingle1-1.jpg\",\"width\":512,\"height\":158,\"caption\":\"Radio Jingles 24\"},\"image\":{\"@id\":\"https:\/\/radiojingles24.com\/#\/schema\/logo\/image\/\"},\"sameAs\":[\"https:\/\/www.facebook.com\/radiojingles24\/\",\"https:\/\/x.com\/radiojingles24\"]}]}<\/script>\n<!-- \/ Yoast SEO plugin. -->","yoast_head_json":{"title":"Radio Jingles 24: Radio Jingles | DJ Drops | Intros de podcasts | Jingles cantados","description":"Radio Jingles, Sung Jingles, DJ Drops e Intros de podcasts para estaciones de radio comerciales, comunitarias y de Internet. Basado en el Reino Unido. Precios desde \u00a3 5. Comprar online.","robots":{"index":"index","follow":"follow","max-snippet":"max-snippet:-1","max-image-preview":"max-image-preview:large","max-video-preview":"max-video-preview:-1"},"canonical":"https:\/\/radiojingles24.com\/es\/online-jingle-maker\/","og_locale":"es_ES","og_type":"article","og_title":"Radio Jingles 24: Radio Jingles | DJ Drops | Podcast Intros | Sung Jingles","og_description":"Radio Jingles, Sung Jingles, DJ Drops, and Podcast Intros for commercial, community and internet radio stations. UK Based. Prices from \u00a35. Order online.","og_url":"https:\/\/radiojingles24.com\/es\/online-jingle-maker\/","og_site_name":"Radio Jingles 24: Radio Jingles | DJ Drops | Podcast Intros | Sung Jingles","article_publisher":"https:\/\/www.facebook.com\/radiojingles24\/","article_modified_time":"2020-07-20T08:55:27+00:00","twitter_card":"summary_large_image","twitter_site":"@radiojingles24","twitter_misc":{"Tiempo de lectura":"3 minutos"},"schema":{"@context":"https:\/\/schema.org","@graph":[{"@type":"WebPage","@id":"https:\/\/radiojingles24.com\/online-jingle-maker\/","url":"https:\/\/radiojingles24.com\/online-jingle-maker\/","name":"Radio Jingles 24: Radio Jingles | DJ Drops | Intros de podcasts | Jingles cantados","isPartOf":{"@id":"https:\/\/radiojingles24.com\/#website"},"datePublished":"2020-07-03T11:04:32+00:00","dateModified":"2020-07-20T08:55:27+00:00","description":"Radio Jingles, Sung Jingles, DJ Drops e Intros de podcasts para estaciones de radio comerciales, comunitarias y de Internet. Basado en el Reino Unido. Precios desde \u00a3 5. Comprar online.","breadcrumb":{"@id":"https:\/\/radiojingles24.com\/online-jingle-maker\/#breadcrumb"},"inLanguage":"es","potentialAction":[{"@type":"ReadAction","target":["https:\/\/radiojingles24.com\/online-jingle-maker\/"]}]},{"@type":"BreadcrumbList","@id":"https:\/\/radiojingles24.com\/online-jingle-maker\/#breadcrumb","itemListElement":[{"@type":"ListItem","position":1,"name":"Home","item":"https:\/\/radiojingles24.com\/de\/"},{"@type":"ListItem","position":2,"name":"Online Jingle Maker"}]},{"@type":"WebSite","@id":"https:\/\/radiojingles24.com\/#website","url":"https:\/\/radiojingles24.com\/","name":"Radio Jingles 24: Radio Jingles | DJ Drops | Intros de podcasts | Jingles cantados","description":"Radio Jingles, Sung Jingles, DJ Drops e Intros de podcasts para estaciones de radio comerciales, comunitarias y de Internet. Basado en el Reino Unido. Precios desde \u00a3 5. Comprar online.","publisher":{"@id":"https:\/\/radiojingles24.com\/#organization"},"potentialAction":[{"@type":"SearchAction","target":{"@type":"EntryPoint","urlTemplate":"https:\/\/radiojingles24.com\/?s={search_term_string}"},"query-input":{"@type":"PropertyValueSpecification","valueRequired":true,"valueName":"search_term_string"}}],"inLanguage":"es"},{"@type":"Organization","@id":"https:\/\/radiojingles24.com\/#organization","name":"Radio Jingles 24","url":"https:\/\/radiojingles24.com\/","logo":{"@type":"ImageObject","inLanguage":"es","@id":"https:\/\/radiojingles24.com\/#\/schema\/logo\/image\/","url":"https:\/\/radiojingles24.com\/wp-content\/uploads\/2019\/11\/RadioJingle1-1.jpg","contentUrl":"https:\/\/radiojingles24.com\/wp-content\/uploads\/2019\/11\/RadioJingle1-1.jpg","width":512,"height":158,"caption":"Radio Jingles 24"},"image":{"@id":"https:\/\/radiojingles24.com\/#\/schema\/logo\/image\/"},"sameAs":["https:\/\/www.facebook.com\/radiojingles24\/","https:\/\/x.com\/radiojingles24"]}]}},"jetpack_sharing_enabled":true,"_links":{"self":[{"href":"https:\/\/radiojingles24.com\/es\/wp-json\/wp\/v2\/pages\/28623","targetHints":{"allow":["GET"]}}],"collection":[{"href":"https:\/\/radiojingles24.com\/es\/wp-json\/wp\/v2\/pages"}],"about":[{"href":"https:\/\/radiojingles24.com\/es\/wp-json\/wp\/v2\/types\/page"}],"author":[{"embeddable":true,"href":"https:\/\/radiojingles24.com\/es\/wp-json\/wp\/v2\/users\/1"}],"replies":[{"embeddable":true,"href":"https:\/\/radiojingles24.com\/es\/wp-json\/wp\/v2\/comments?post=28623"}],"version-history":[{"count":3,"href":"https:\/\/radiojingles24.com\/es\/wp-json\/wp\/v2\/pages\/28623\/revisions"}],"predecessor-version":[{"id":28897,"href":"https:\/\/radiojingles24.com\/es\/wp-json\/wp\/v2\/pages\/28623\/revisions\/28897"}],"wp:attachment":[{"href":"https:\/\/radiojingles24.com\/es\/wp-json\/wp\/v2\/media?parent=28623"}],"curies":[{"name":"wp","href":"https:\/\/api.w.org\/{rel}","templated":true}]}}