{"id":29928,"date":"2020-09-29T15:00:58","date_gmt":"2020-09-29T15:00:58","guid":{"rendered":"https:\/\/radiojingles24.com\/?page_id=29928"},"modified":"2020-09-29T15:00:58","modified_gmt":"2020-09-29T15:00:58","slug":"professional-catchy-jingle-maker","status":"publish","type":"page","link":"https:\/\/radiojingles24.com\/es\/professional-catchy-jingle-maker\/","title":{"rendered":"Creador de jingles profesional y pegadizo"},"content":{"rendered":"<p><span style=\"font-weight: 400;\">\u00bfEst\u00e1 interesado en utilizar un creador de cascabeles profesional y pegadizo? Bienvenido a <\/span><a href=\"https:\/\/radiojingles24.com\/es\/\"><span style=\"font-weight: 400;\">Radio Jingles 24<\/span><\/a><span style=\"font-weight: 400;\">. Ya sea que desee jingles cantados o hablados, ofrecemos servicios especializados que seguramente superar\u00e1n sus expectativas. Tenemos una amplia selecci\u00f3n de servicios para elegir en los que puedes trabajar con nosotros para crear un jingle emocionante y memorable que tu p\u00fablico disfrutar\u00e1. Con nuestra ayuda, recibir\u00e1 audios de m\u00e1xima calidad y perfectamente personalizados seg\u00fan sus necesidades. \u00bfPor qu\u00e9 no nos contacta hoy para ver c\u00f3mo podemos ayudarle?<\/span><\/p>\n<h1><b>Jingle Maker profesional y pegadizo<\/b><\/h1>\n<p><span style=\"font-weight: 400;\">Aqu\u00ed en Radio Jingles 24, entendemos que cada cliente tiene diferentes solicitudes, por lo que siempre hacemos un esfuerzo adicional para ofrecer audios \u00fanicos que pueden ayudarlo a destacarse del resto. Somos una empresa especializada que ofrece a los clientes de todo el Reino Unido y los EE. UU. Melod\u00edas divertidas y emocionantes que pueden utilizarse para presentar su <\/span><a href=\"https:\/\/radiojingles24.com\/es\/categoria-producto\/free-radio-jingles\/\"><span style=\"font-weight: 400;\">programa de radio<\/span><\/a><span style=\"font-weight: 400;\">, <\/span><a href=\"https:\/\/radiojingles24.com\/es\/categoria-producto\/podcast-intro\/\"><span style=\"font-weight: 400;\">p\u00f3dcast<\/span><\/a><span style=\"font-weight: 400;\"> o <\/span><a href=\"https:\/\/radiojingles24.com\/es\/categoria-producto\/commercial-production\/\"><span style=\"font-weight: 400;\">comercial<\/span><\/a><span style=\"font-weight: 400;\">. Los jingles son esencialmente otra forma de marketing que se utiliza de diversas formas para atraer y retener clientes. Pueden ser a capella o incluir m\u00fasica con canciones que contengan uno o varios ganchos que te permitan promocionar tu marca, tu programa, etc. Aqu\u00ed es donde entra nuestro pegadizo jingle maker. Es una herramienta extremadamente vers\u00e1til y r\u00e1pida que crea audios impecables. que luego se le env\u00edan en solo 24 horas.<\/span><\/p>\n<p>&nbsp;<\/p>\n<p><span style=\"font-weight: 400;\">Como proveedor l\u00edder de jingles distintivos, utilizamos un creador de jingles pegadizo experto junto con la ayuda de muchos talentos <\/span><a href=\"https:\/\/radiojingles24.com\/es\/#voices\"><span style=\"font-weight: 400;\">actores de doblaje<\/span><\/a><span style=\"font-weight: 400;\"> que podr\u00e1 escuchar y elegir. Esto le dar\u00e1 la oportunidad de elegir la voz m\u00e1s adecuada que refleje su marca o campa\u00f1a. Recomendamos encarecidamente nuestro <\/span><a href=\"https:\/\/radiojingles24.com\/es\/producto\/sung-jingle-packages\/\"><span style=\"font-weight: 400;\">Paquetes de audio cantado<\/span><\/a><span style=\"font-weight: 400;\">. Esta es una creaci\u00f3n de jingle rentable que se puede adaptar para adaptarse al sonido de su estaci\u00f3n de radio, ya sea AC \/ Hot AC, CHR o Oldies.\u00a0<\/span><\/p>\n<p>&nbsp;<\/p>\n<p><span style=\"font-weight: 400;\">Los jingles ser\u00e1n cantados por nuestros h\u00e1biles actores, incluido su nombre, marca y eslogan, que podr\u00e1 utilizar durante muchos a\u00f1os. Todo lo que necesita hacer es enviarnos su gui\u00f3n a trav\u00e9s de nuestro formulario en l\u00ednea, incluir instrucciones espec\u00edficas para nuestro equipo y luego podemos comenzar a usar el pegadizo creador de jingle. El audio se puede enviar en cualquier formato que elija, como MP3, WAVE o AIFF, seg\u00fan sus preferencias. Incluso podemos incluir cualquier audio acapella, d\u00e1ndole m\u00faltiples jingles para elegir y permiti\u00e9ndole obtener el mejor valor por su dinero.\u00a0<\/span><\/p>\n<p>&nbsp;<\/p>\n<h2><b>\u00bfC\u00f3mo transmitir\u00e1 un jingle su mensaje?<\/b><\/h2>\n<p>&nbsp;<\/p>\n<p><span style=\"font-weight: 400;\">No solo complementar\u00e1n sus programas, sino que nuestro pegadizo creador de jingle se asegurar\u00e1 de que su audio sea f\u00e1cil de recordar, lo que le permitir\u00e1 atraer al p\u00fablico y, en \u00faltima instancia, que se quede atascado en sus cabezas. Los jingles son esenciales para todas las empresas y organizaciones, ya que pueden ayudar a reforzar su imagen y brindarle una presencia respetable entre sus oyentes. Los Jingles han demostrado resistir la prueba del tiempo, ayudando a las grandes marcas a lo largo de los a\u00f1os, por lo que creemos que vale la pena realizar esta inversi\u00f3n para respaldar su negocio.<\/span><\/p>\n<p><span style=\"font-weight: 400;\">Para obtener m\u00e1s informaci\u00f3n sobre nuestro pegadizo creador de jingle, no dude en <\/span><a href=\"https:\/\/radiojingles24.com\/es\/contact-us\/\"><span style=\"font-weight: 400;\">Cont\u00e1ctenos<\/span><\/a><span style=\"font-weight: 400;\"> hoy y estaremos encantados de discutir sus especificaciones particulares. Para cualquier consulta, no dude en llamarnos a nuestro n\u00famero del Reino Unido, +44 (0) 113534 6686 o nuestro n\u00famero de EE. UU., +1 (212) 710-1350 y nuestro equipo de servicio al cliente se pondr\u00e1 en contacto en breve para ayudarlo. . Alternativamente, puede enviarnos un correo electr\u00f3nico usando <\/span><a href=\"mailto:info@radiojingles24.com\"><span style=\"font-weight: 400;\">info@radiojingles24.com<\/span><\/a><span style=\"font-weight: 400;\"> y podemos proporcionarle cualquier informaci\u00f3n adicional que necesite.<\/span><\/p>","protected":false},"excerpt":{"rendered":"<p>\u00bfEst\u00e1 interesado en utilizar un creador de jingles profesional y pegadizo? Bienvenido a Radio Jingles 24. Ya sea que desee jingles hablados o cantados, ofrecemos...<\/p>","protected":false},"author":1,"featured_media":0,"parent":0,"menu_order":0,"comment_status":"closed","ping_status":"closed","template":"","meta":{"_exactmetrics_skip_tracking":false,"_exactmetrics_sitenote_active":false,"_exactmetrics_sitenote_note":"","_exactmetrics_sitenote_category":0,"footnotes":""},"class_list":["post-29928","page","type-page","status-publish"],"yoast_head":"<!-- This site is optimized with the Yoast SEO plugin v26.8 - https:\/\/yoast.com\/product\/yoast-seo-wordpress\/ -->\n<title>Radio Jingles 24: Radio Jingles | DJ Drops | Podcast Intros | Sung Jingles<\/title>\n<meta name=\"description\" content=\"Radio Jingles, Sung Jingles, DJ Drops, and Podcast Intros for commercial, community and internet radio stations. UK Based. Prices from \u00a35. Order online.\" \/>\n<meta name=\"robots\" content=\"index, follow, max-snippet:-1, max-image-preview:large, max-video-preview:-1\" \/>\n<link rel=\"canonical\" href=\"https:\/\/radiojingles24.com\/es\/professional-catchy-jingle-maker\/\" \/>\n<meta property=\"og:locale\" content=\"es_ES\" \/>\n<meta property=\"og:type\" content=\"article\" \/>\n<meta property=\"og:title\" content=\"Radio Jingles 24: Radio Jingles | DJ Drops | Podcast Intros | Sung Jingles\" \/>\n<meta property=\"og:description\" content=\"Radio Jingles, Sung Jingles, DJ Drops, and Podcast Intros for commercial, community and internet radio stations. UK Based. Prices from \u00a35. Order online.\" \/>\n<meta property=\"og:url\" content=\"https:\/\/radiojingles24.com\/es\/professional-catchy-jingle-maker\/\" \/>\n<meta property=\"og:site_name\" content=\"Radio Jingles 24: Radio Jingles | DJ Drops | Podcast Intros | Sung Jingles\" \/>\n<meta property=\"article:publisher\" content=\"https:\/\/www.facebook.com\/radiojingles24\/\" \/>\n<meta name=\"twitter:card\" content=\"summary_large_image\" \/>\n<meta name=\"twitter:site\" content=\"@radiojingles24\" \/>\n<meta name=\"twitter:label1\" content=\"Tiempo de lectura\" \/>\n\t<meta name=\"twitter:data1\" content=\"3 minutos\" \/>\n<script type=\"application\/ld+json\" class=\"yoast-schema-graph\">{\"@context\":\"https:\/\/schema.org\",\"@graph\":[{\"@type\":\"WebPage\",\"@id\":\"https:\/\/radiojingles24.com\/de\/professional-catchy-jingle-maker\/\",\"url\":\"https:\/\/radiojingles24.com\/de\/professional-catchy-jingle-maker\/\",\"name\":\"Radio Jingles 24: Radio Jingles | DJ Drops | Podcast Intros | Sung Jingles\",\"isPartOf\":{\"@id\":\"https:\/\/radiojingles24.com\/#website\"},\"datePublished\":\"2020-09-29T15:00:58+00:00\",\"description\":\"Radio Jingles, Sung Jingles, DJ Drops, and Podcast Intros for commercial, community and internet radio stations. UK Based. Prices from \u00a35. Order online.\",\"breadcrumb\":{\"@id\":\"https:\/\/radiojingles24.com\/de\/professional-catchy-jingle-maker\/#breadcrumb\"},\"inLanguage\":\"es\",\"potentialAction\":[{\"@type\":\"ReadAction\",\"target\":[\"https:\/\/radiojingles24.com\/de\/professional-catchy-jingle-maker\/\"]}]},{\"@type\":\"BreadcrumbList\",\"@id\":\"https:\/\/radiojingles24.com\/de\/professional-catchy-jingle-maker\/#breadcrumb\",\"itemListElement\":[{\"@type\":\"ListItem\",\"position\":1,\"name\":\"Home\",\"item\":\"https:\/\/radiojingles24.com\/de\/\"},{\"@type\":\"ListItem\",\"position\":2,\"name\":\"Professional &#038; Catchy Jingle Maker\"}]},{\"@type\":\"WebSite\",\"@id\":\"https:\/\/radiojingles24.com\/#website\",\"url\":\"https:\/\/radiojingles24.com\/\",\"name\":\"Radio Jingles 24: Radio Jingles | DJ Drops | Podcast Intros | Sung Jingles\",\"description\":\"Radio Jingles, Sung Jingles, DJ Drops, and Podcast Intros for commercial, community and internet radio stations. UK Based. Prices from \u00a35. Order online.\",\"publisher\":{\"@id\":\"https:\/\/radiojingles24.com\/#organization\"},\"potentialAction\":[{\"@type\":\"SearchAction\",\"target\":{\"@type\":\"EntryPoint\",\"urlTemplate\":\"https:\/\/radiojingles24.com\/?s={search_term_string}\"},\"query-input\":{\"@type\":\"PropertyValueSpecification\",\"valueRequired\":true,\"valueName\":\"search_term_string\"}}],\"inLanguage\":\"es\"},{\"@type\":\"Organization\",\"@id\":\"https:\/\/radiojingles24.com\/#organization\",\"name\":\"Radio Jingles 24\",\"url\":\"https:\/\/radiojingles24.com\/\",\"logo\":{\"@type\":\"ImageObject\",\"inLanguage\":\"es\",\"@id\":\"https:\/\/radiojingles24.com\/#\/schema\/logo\/image\/\",\"url\":\"https:\/\/radiojingles24.com\/wp-content\/uploads\/2019\/11\/RadioJingle1-1.jpg\",\"contentUrl\":\"https:\/\/radiojingles24.com\/wp-content\/uploads\/2019\/11\/RadioJingle1-1.jpg\",\"width\":512,\"height\":158,\"caption\":\"Radio Jingles 24\"},\"image\":{\"@id\":\"https:\/\/radiojingles24.com\/#\/schema\/logo\/image\/\"},\"sameAs\":[\"https:\/\/www.facebook.com\/radiojingles24\/\",\"https:\/\/x.com\/radiojingles24\"]}]}<\/script>\n<!-- \/ Yoast SEO plugin. -->","yoast_head_json":{"title":"Radio Jingles 24: Radio Jingles | DJ Drops | Intros de podcasts | Jingles cantados","description":"Radio Jingles, Sung Jingles, DJ Drops e Intros de podcasts para estaciones de radio comerciales, comunitarias y de Internet. Basado en el Reino Unido. Precios desde \u00a3 5. Comprar online.","robots":{"index":"index","follow":"follow","max-snippet":"max-snippet:-1","max-image-preview":"max-image-preview:large","max-video-preview":"max-video-preview:-1"},"canonical":"https:\/\/radiojingles24.com\/es\/professional-catchy-jingle-maker\/","og_locale":"es_ES","og_type":"article","og_title":"Radio Jingles 24: Radio Jingles | DJ Drops | Podcast Intros | Sung Jingles","og_description":"Radio Jingles, Sung Jingles, DJ Drops, and Podcast Intros for commercial, community and internet radio stations. UK Based. Prices from \u00a35. Order online.","og_url":"https:\/\/radiojingles24.com\/es\/professional-catchy-jingle-maker\/","og_site_name":"Radio Jingles 24: Radio Jingles | DJ Drops | Podcast Intros | Sung Jingles","article_publisher":"https:\/\/www.facebook.com\/radiojingles24\/","twitter_card":"summary_large_image","twitter_site":"@radiojingles24","twitter_misc":{"Tiempo de lectura":"3 minutos"},"schema":{"@context":"https:\/\/schema.org","@graph":[{"@type":"WebPage","@id":"https:\/\/radiojingles24.com\/de\/professional-catchy-jingle-maker\/","url":"https:\/\/radiojingles24.com\/de\/professional-catchy-jingle-maker\/","name":"Radio Jingles 24: Radio Jingles | DJ Drops | Intros de podcasts | Jingles cantados","isPartOf":{"@id":"https:\/\/radiojingles24.com\/#website"},"datePublished":"2020-09-29T15:00:58+00:00","description":"Radio Jingles, Sung Jingles, DJ Drops e Intros de podcasts para estaciones de radio comerciales, comunitarias y de Internet. Basado en el Reino Unido. Precios desde \u00a3 5. Comprar online.","breadcrumb":{"@id":"https:\/\/radiojingles24.com\/de\/professional-catchy-jingle-maker\/#breadcrumb"},"inLanguage":"es","potentialAction":[{"@type":"ReadAction","target":["https:\/\/radiojingles24.com\/de\/professional-catchy-jingle-maker\/"]}]},{"@type":"BreadcrumbList","@id":"https:\/\/radiojingles24.com\/de\/professional-catchy-jingle-maker\/#breadcrumb","itemListElement":[{"@type":"ListItem","position":1,"name":"Home","item":"https:\/\/radiojingles24.com\/de\/"},{"@type":"ListItem","position":2,"name":"Professional &#038; Catchy Jingle Maker"}]},{"@type":"WebSite","@id":"https:\/\/radiojingles24.com\/#website","url":"https:\/\/radiojingles24.com\/","name":"Radio Jingles 24: Radio Jingles | DJ Drops | Intros de podcasts | Jingles cantados","description":"Radio Jingles, Sung Jingles, DJ Drops e Intros de podcasts para estaciones de radio comerciales, comunitarias y de Internet. Basado en el Reino Unido. Precios desde \u00a3 5. Comprar online.","publisher":{"@id":"https:\/\/radiojingles24.com\/#organization"},"potentialAction":[{"@type":"SearchAction","target":{"@type":"EntryPoint","urlTemplate":"https:\/\/radiojingles24.com\/?s={search_term_string}"},"query-input":{"@type":"PropertyValueSpecification","valueRequired":true,"valueName":"search_term_string"}}],"inLanguage":"es"},{"@type":"Organization","@id":"https:\/\/radiojingles24.com\/#organization","name":"Radio Jingles 24","url":"https:\/\/radiojingles24.com\/","logo":{"@type":"ImageObject","inLanguage":"es","@id":"https:\/\/radiojingles24.com\/#\/schema\/logo\/image\/","url":"https:\/\/radiojingles24.com\/wp-content\/uploads\/2019\/11\/RadioJingle1-1.jpg","contentUrl":"https:\/\/radiojingles24.com\/wp-content\/uploads\/2019\/11\/RadioJingle1-1.jpg","width":512,"height":158,"caption":"Radio Jingles 24"},"image":{"@id":"https:\/\/radiojingles24.com\/#\/schema\/logo\/image\/"},"sameAs":["https:\/\/www.facebook.com\/radiojingles24\/","https:\/\/x.com\/radiojingles24"]}]}},"jetpack_sharing_enabled":true,"_links":{"self":[{"href":"https:\/\/radiojingles24.com\/es\/wp-json\/wp\/v2\/pages\/29928","targetHints":{"allow":["GET"]}}],"collection":[{"href":"https:\/\/radiojingles24.com\/es\/wp-json\/wp\/v2\/pages"}],"about":[{"href":"https:\/\/radiojingles24.com\/es\/wp-json\/wp\/v2\/types\/page"}],"author":[{"embeddable":true,"href":"https:\/\/radiojingles24.com\/es\/wp-json\/wp\/v2\/users\/1"}],"replies":[{"embeddable":true,"href":"https:\/\/radiojingles24.com\/es\/wp-json\/wp\/v2\/comments?post=29928"}],"version-history":[{"count":1,"href":"https:\/\/radiojingles24.com\/es\/wp-json\/wp\/v2\/pages\/29928\/revisions"}],"predecessor-version":[{"id":29930,"href":"https:\/\/radiojingles24.com\/es\/wp-json\/wp\/v2\/pages\/29928\/revisions\/29930"}],"wp:attachment":[{"href":"https:\/\/radiojingles24.com\/es\/wp-json\/wp\/v2\/media?parent=29928"}],"curies":[{"name":"wp","href":"https:\/\/api.w.org\/{rel}","templated":true}]}}