{"id":29931,"date":"2020-09-29T15:03:04","date_gmt":"2020-09-29T15:03:04","guid":{"rendered":"https:\/\/radiojingles24.com\/?page_id=29931"},"modified":"2020-09-29T15:03:04","modified_gmt":"2020-09-29T15:03:04","slug":"professional-dj-voice-overs","status":"publish","type":"page","link":"https:\/\/radiojingles24.com\/es\/professional-dj-voice-overs\/","title":{"rendered":"Locutores profesionales de DJ"},"content":{"rendered":"<p><span style=\"font-weight: 400;\">\u00bfEst\u00e1s tratando de encontrar locutores profesionales de DJ? Bienvenido a <\/span><a href=\"https:\/\/radiojingles24.com\/es\/\"><span style=\"font-weight: 400;\">Radio Jingles 24<\/span><\/a><span style=\"font-weight: 400;\">, somos una empresa especializada que puede proporcionar ca\u00eddas de DJ excepcionales que son totalmente \u00fanicas. Podemos manejar todos los aspectos de la voz en off, desde la edici\u00f3n hasta la producci\u00f3n completa, que luego se le pueden enviar dentro de las 24 horas, lo que le permite recibir servicios r\u00e1pidos a su conveniencia. Con m\u00e1s de 10 a\u00f1os de experiencia en la industria, sabemos lo importante que es su audio, por lo que puede confiar en que est\u00e1 en buenas manos. \u00bfPor qu\u00e9 no contactarnos hoy y ver c\u00f3mo podemos ayudarlo?<\/span><\/p>\n<h1>Locutores profesionales de DJ<\/h1>\n<p><span style=\"font-weight: 400;\">Aqu\u00ed en Radio Jingles 24, ofrecemos <\/span><a href=\"https:\/\/radiojingles24.com\/es\/categoria-producto\/dj-drops\/\"><span style=\"font-weight: 400;\">Locutores de DJ<\/span><\/a><span style=\"font-weight: 400;\"> para clientes de Reino Unido y EE. UU. Ofrecemos dos paquetes diferentes, los cuales pueden ayudarlo a lograr una voz en off \u00fanica que est\u00e1 garantizada para mantener a su audiencia comprometida. Su audio se grabar\u00e1 en nuestro Pro Studio utilizando un actor de voz de su elecci\u00f3n. Todos nuestros actores de voz han estado en esta industria durante muchos a\u00f1os, convirti\u00e9ndose en profesionales l\u00edderes en el oficio y pueden agregar un toque peculiar a su set. Esta es una gran oportunidad para que ampl\u00ede su alcance creativo a un precio asequible y respalde el crecimiento de su carrera.<\/span><\/p>\n<p><span style=\"font-weight: 400;\">Hay dos paquetes para elegir en lo que respecta a locuciones de DJ. Esto incluye el <\/span><a href=\"https:\/\/radiojingles24.com\/es\/producto\/essential-dj-pack\/\"><span style=\"font-weight: 400;\">Paquete de DJ esencial<\/span><\/a><span style=\"font-weight: 400;\"> donde puedes recibir 3 gotas con efectos vocales y tambi\u00e9n podemos enviarte copias en seco, d\u00e1ndote 6 archivos de audio en total. Alternativamente, tenemos el <\/span><a href=\"https:\/\/radiojingles24.com\/es\/producto\/pro-dj-drop-pack\/\"><span style=\"font-weight: 400;\">Pro DJ Drop Pack<\/span><\/a><span style=\"font-weight: 400;\">. Con este servicio en particular, puede recibir dos lanzamientos de DJ totalmente producidos y hasta 10 segundos con m\u00fasica, SFX y FX vocal. Tambi\u00e9n recibir\u00e1 las copias en seco, lo que le permitir\u00e1 obtener 10 archivos de audio diferentes.<\/span><\/p>\n<p><span style=\"font-weight: 400;\">Para ambos paquetes, tendr\u00e1 la oportunidad de escuchar a cada uno de nuestros actores de voz para decidir qu\u00e9 voz se adapta a su conjunto. A partir de aqu\u00ed, deber\u00e1 proporcionarnos un gui\u00f3n final junto con las especificaciones que tenga para nosotros. Una vez que esto se haya establecido, podemos comenzar con sus locuciones de DJ.<\/span><\/p>\n<h2><b>\u00bfPor qu\u00e9 elegir Radio Jingles 24?<\/b><\/h2>\n<p><span style=\"font-weight: 400;\">Como proveedor l\u00edder de descargas de DJ de calidad, garantizamos que sus locuciones de DJ ser\u00e1n masterizadas y completadas con los m\u00e1s altos est\u00e1ndares posibles. No solo exceder\u00e1n sus expectativas, sino que tambi\u00e9n pueden ayudar a mantener a sus audiencias comprometidas a lo largo de su presentaci\u00f3n. A su vez, esto puede aumentar su base de fans y, en \u00faltima instancia, ampliar sus horizontes. Debido al hecho de que los servicios son r\u00e1pidos y tienen un precio competitivo, creemos que le ayudar\u00e1 a introducir las voces en off en su equipo r\u00e1pidamente, sin demoras innecesarias. Al crear un set de DJ de calidad y una voz en off divertida, potencialmente puede obtener oportunidades laborales emocionantes, por lo que puede estar seguro de saber que est\u00e1 haciendo la inversi\u00f3n correcta con nosotros.<\/span><\/p>\n<p><span style=\"font-weight: 400;\">Para obtener m\u00e1s informaci\u00f3n sobre nuestros servicios de locuci\u00f3n de DJ, no dude en <\/span><a href=\"https:\/\/radiojingles24.com\/es\/contact-us\/\"><span style=\"font-weight: 400;\">Cont\u00e1ctenos<\/span><\/a><span style=\"font-weight: 400;\"> hoy y estaremos encantados de discutir sus especificaciones particulares. Para cualquier consulta, no dude en llamarnos a nuestro n\u00famero del Reino Unido, +44 (0) 113534 6686 o nuestro n\u00famero de EE. UU., +1 (212) 710-1350 y nuestro equipo de servicio al cliente se pondr\u00e1 en contacto en breve para ayudarlo. . Alternativamente, puede enviarnos un correo electr\u00f3nico usando <\/span><a href=\"mailto:info@radiojingles24.com\"><span style=\"font-weight: 400;\">info@radiojingles24.com<\/span><\/a><span style=\"font-weight: 400;\"> y podemos proporcionarle cualquier informaci\u00f3n adicional que necesite.\u00a0<\/span><\/p>","protected":false},"excerpt":{"rendered":"<p>\u00bfEst\u00e1s tratando de encontrar locutores profesionales de DJ? Bienvenidos a Radio Jingles 24, somos una empresa especializada que puede brindar excepcionales lanzamientos de DJ...<\/p>","protected":false},"author":1,"featured_media":0,"parent":0,"menu_order":0,"comment_status":"closed","ping_status":"closed","template":"","meta":{"_exactmetrics_skip_tracking":false,"_exactmetrics_sitenote_active":false,"_exactmetrics_sitenote_note":"","_exactmetrics_sitenote_category":0,"footnotes":""},"class_list":["post-29931","page","type-page","status-publish"],"yoast_head":"<!-- This site is optimized with the Yoast SEO plugin v26.8 - https:\/\/yoast.com\/product\/yoast-seo-wordpress\/ -->\n<title>Radio Jingles 24: Radio Jingles | DJ Drops | Podcast Intros | Sung Jingles<\/title>\n<meta name=\"description\" content=\"Radio Jingles, Sung Jingles, DJ Drops, and Podcast Intros for commercial, community and internet radio stations. UK Based. Prices from \u00a35. Order online.\" \/>\n<meta name=\"robots\" content=\"index, follow, max-snippet:-1, max-image-preview:large, max-video-preview:-1\" \/>\n<link rel=\"canonical\" href=\"https:\/\/radiojingles24.com\/es\/professional-dj-voice-overs\/\" \/>\n<meta property=\"og:locale\" content=\"es_ES\" \/>\n<meta property=\"og:type\" content=\"article\" \/>\n<meta property=\"og:title\" content=\"Radio Jingles 24: Radio Jingles | DJ Drops | Podcast Intros | Sung Jingles\" \/>\n<meta property=\"og:description\" content=\"Radio Jingles, Sung Jingles, DJ Drops, and Podcast Intros for commercial, community and internet radio stations. UK Based. Prices from \u00a35. Order online.\" \/>\n<meta property=\"og:url\" content=\"https:\/\/radiojingles24.com\/es\/professional-dj-voice-overs\/\" \/>\n<meta property=\"og:site_name\" content=\"Radio Jingles 24: Radio Jingles | DJ Drops | Podcast Intros | Sung Jingles\" \/>\n<meta property=\"article:publisher\" content=\"https:\/\/www.facebook.com\/radiojingles24\/\" \/>\n<meta name=\"twitter:card\" content=\"summary_large_image\" \/>\n<meta name=\"twitter:site\" content=\"@radiojingles24\" \/>\n<meta name=\"twitter:label1\" content=\"Tiempo de lectura\" \/>\n\t<meta name=\"twitter:data1\" content=\"3 minutos\" \/>\n<script type=\"application\/ld+json\" class=\"yoast-schema-graph\">{\"@context\":\"https:\/\/schema.org\",\"@graph\":[{\"@type\":\"WebPage\",\"@id\":\"https:\/\/radiojingles24.com\/es\/professional-dj-voice-overs\/\",\"url\":\"https:\/\/radiojingles24.com\/es\/professional-dj-voice-overs\/\",\"name\":\"Radio Jingles 24: Radio Jingles | DJ Drops | Podcast Intros | Sung Jingles\",\"isPartOf\":{\"@id\":\"https:\/\/radiojingles24.com\/#website\"},\"datePublished\":\"2020-09-29T15:03:04+00:00\",\"description\":\"Radio Jingles, Sung Jingles, DJ Drops, and Podcast Intros for commercial, community and internet radio stations. UK Based. Prices from \u00a35. Order online.\",\"breadcrumb\":{\"@id\":\"https:\/\/radiojingles24.com\/es\/professional-dj-voice-overs\/#breadcrumb\"},\"inLanguage\":\"es\",\"potentialAction\":[{\"@type\":\"ReadAction\",\"target\":[\"https:\/\/radiojingles24.com\/es\/professional-dj-voice-overs\/\"]}]},{\"@type\":\"BreadcrumbList\",\"@id\":\"https:\/\/radiojingles24.com\/es\/professional-dj-voice-overs\/#breadcrumb\",\"itemListElement\":[{\"@type\":\"ListItem\",\"position\":1,\"name\":\"Home\",\"item\":\"https:\/\/radiojingles24.com\/de\/\"},{\"@type\":\"ListItem\",\"position\":2,\"name\":\"Professional DJ Voice Overs\"}]},{\"@type\":\"WebSite\",\"@id\":\"https:\/\/radiojingles24.com\/#website\",\"url\":\"https:\/\/radiojingles24.com\/\",\"name\":\"Radio Jingles 24: Radio Jingles | DJ Drops | Podcast Intros | Sung Jingles\",\"description\":\"Radio Jingles, Sung Jingles, DJ Drops, and Podcast Intros for commercial, community and internet radio stations. UK Based. Prices from \u00a35. Order online.\",\"publisher\":{\"@id\":\"https:\/\/radiojingles24.com\/#organization\"},\"potentialAction\":[{\"@type\":\"SearchAction\",\"target\":{\"@type\":\"EntryPoint\",\"urlTemplate\":\"https:\/\/radiojingles24.com\/?s={search_term_string}\"},\"query-input\":{\"@type\":\"PropertyValueSpecification\",\"valueRequired\":true,\"valueName\":\"search_term_string\"}}],\"inLanguage\":\"es\"},{\"@type\":\"Organization\",\"@id\":\"https:\/\/radiojingles24.com\/#organization\",\"name\":\"Radio Jingles 24\",\"url\":\"https:\/\/radiojingles24.com\/\",\"logo\":{\"@type\":\"ImageObject\",\"inLanguage\":\"es\",\"@id\":\"https:\/\/radiojingles24.com\/#\/schema\/logo\/image\/\",\"url\":\"https:\/\/radiojingles24.com\/wp-content\/uploads\/2019\/11\/RadioJingle1-1.jpg\",\"contentUrl\":\"https:\/\/radiojingles24.com\/wp-content\/uploads\/2019\/11\/RadioJingle1-1.jpg\",\"width\":512,\"height\":158,\"caption\":\"Radio Jingles 24\"},\"image\":{\"@id\":\"https:\/\/radiojingles24.com\/#\/schema\/logo\/image\/\"},\"sameAs\":[\"https:\/\/www.facebook.com\/radiojingles24\/\",\"https:\/\/x.com\/radiojingles24\"]}]}<\/script>\n<!-- \/ Yoast SEO plugin. -->","yoast_head_json":{"title":"Radio Jingles 24: Radio Jingles | DJ Drops | Intros de podcasts | Jingles cantados","description":"Radio Jingles, Sung Jingles, DJ Drops e Intros de podcasts para estaciones de radio comerciales, comunitarias y de Internet. Basado en el Reino Unido. Precios desde \u00a3 5. Comprar online.","robots":{"index":"index","follow":"follow","max-snippet":"max-snippet:-1","max-image-preview":"max-image-preview:large","max-video-preview":"max-video-preview:-1"},"canonical":"https:\/\/radiojingles24.com\/es\/professional-dj-voice-overs\/","og_locale":"es_ES","og_type":"article","og_title":"Radio Jingles 24: Radio Jingles | DJ Drops | Podcast Intros | Sung Jingles","og_description":"Radio Jingles, Sung Jingles, DJ Drops, and Podcast Intros for commercial, community and internet radio stations. UK Based. Prices from \u00a35. Order online.","og_url":"https:\/\/radiojingles24.com\/es\/professional-dj-voice-overs\/","og_site_name":"Radio Jingles 24: Radio Jingles | DJ Drops | Podcast Intros | Sung Jingles","article_publisher":"https:\/\/www.facebook.com\/radiojingles24\/","twitter_card":"summary_large_image","twitter_site":"@radiojingles24","twitter_misc":{"Tiempo de lectura":"3 minutos"},"schema":{"@context":"https:\/\/schema.org","@graph":[{"@type":"WebPage","@id":"https:\/\/radiojingles24.com\/es\/professional-dj-voice-overs\/","url":"https:\/\/radiojingles24.com\/es\/professional-dj-voice-overs\/","name":"Radio Jingles 24: Radio Jingles | DJ Drops | Intros de podcasts | Jingles cantados","isPartOf":{"@id":"https:\/\/radiojingles24.com\/#website"},"datePublished":"2020-09-29T15:03:04+00:00","description":"Radio Jingles, Sung Jingles, DJ Drops e Intros de podcasts para estaciones de radio comerciales, comunitarias y de Internet. Basado en el Reino Unido. Precios desde \u00a3 5. Comprar online.","breadcrumb":{"@id":"https:\/\/radiojingles24.com\/es\/professional-dj-voice-overs\/#breadcrumb"},"inLanguage":"es","potentialAction":[{"@type":"ReadAction","target":["https:\/\/radiojingles24.com\/es\/professional-dj-voice-overs\/"]}]},{"@type":"BreadcrumbList","@id":"https:\/\/radiojingles24.com\/es\/professional-dj-voice-overs\/#breadcrumb","itemListElement":[{"@type":"ListItem","position":1,"name":"Home","item":"https:\/\/radiojingles24.com\/de\/"},{"@type":"ListItem","position":2,"name":"Professional DJ Voice Overs"}]},{"@type":"WebSite","@id":"https:\/\/radiojingles24.com\/#website","url":"https:\/\/radiojingles24.com\/","name":"Radio Jingles 24: Radio Jingles | DJ Drops | Intros de podcasts | Jingles cantados","description":"Radio Jingles, Sung Jingles, DJ Drops e Intros de podcasts para estaciones de radio comerciales, comunitarias y de Internet. Basado en el Reino Unido. Precios desde \u00a3 5. Comprar online.","publisher":{"@id":"https:\/\/radiojingles24.com\/#organization"},"potentialAction":[{"@type":"SearchAction","target":{"@type":"EntryPoint","urlTemplate":"https:\/\/radiojingles24.com\/?s={search_term_string}"},"query-input":{"@type":"PropertyValueSpecification","valueRequired":true,"valueName":"search_term_string"}}],"inLanguage":"es"},{"@type":"Organization","@id":"https:\/\/radiojingles24.com\/#organization","name":"Radio Jingles 24","url":"https:\/\/radiojingles24.com\/","logo":{"@type":"ImageObject","inLanguage":"es","@id":"https:\/\/radiojingles24.com\/#\/schema\/logo\/image\/","url":"https:\/\/radiojingles24.com\/wp-content\/uploads\/2019\/11\/RadioJingle1-1.jpg","contentUrl":"https:\/\/radiojingles24.com\/wp-content\/uploads\/2019\/11\/RadioJingle1-1.jpg","width":512,"height":158,"caption":"Radio Jingles 24"},"image":{"@id":"https:\/\/radiojingles24.com\/#\/schema\/logo\/image\/"},"sameAs":["https:\/\/www.facebook.com\/radiojingles24\/","https:\/\/x.com\/radiojingles24"]}]}},"jetpack_sharing_enabled":true,"_links":{"self":[{"href":"https:\/\/radiojingles24.com\/es\/wp-json\/wp\/v2\/pages\/29931","targetHints":{"allow":["GET"]}}],"collection":[{"href":"https:\/\/radiojingles24.com\/es\/wp-json\/wp\/v2\/pages"}],"about":[{"href":"https:\/\/radiojingles24.com\/es\/wp-json\/wp\/v2\/types\/page"}],"author":[{"embeddable":true,"href":"https:\/\/radiojingles24.com\/es\/wp-json\/wp\/v2\/users\/1"}],"replies":[{"embeddable":true,"href":"https:\/\/radiojingles24.com\/es\/wp-json\/wp\/v2\/comments?post=29931"}],"version-history":[{"count":1,"href":"https:\/\/radiojingles24.com\/es\/wp-json\/wp\/v2\/pages\/29931\/revisions"}],"predecessor-version":[{"id":29932,"href":"https:\/\/radiojingles24.com\/es\/wp-json\/wp\/v2\/pages\/29931\/revisions\/29932"}],"wp:attachment":[{"href":"https:\/\/radiojingles24.com\/es\/wp-json\/wp\/v2\/media?parent=29931"}],"curies":[{"name":"wp","href":"https:\/\/api.w.org\/{rel}","templated":true}]}}