{"id":29933,"date":"2020-09-29T15:09:16","date_gmt":"2020-09-29T15:09:16","guid":{"rendered":"https:\/\/radiojingles24.com\/?page_id=29933"},"modified":"2020-09-29T15:09:16","modified_gmt":"2020-09-29T15:09:16","slug":"interested-in-learning-how-to-make-a-podcast-jingle","status":"publish","type":"page","link":"https:\/\/radiojingles24.com\/es\/interested-in-learning-how-to-make-a-podcast-jingle\/","title":{"rendered":"\u00bfInteresado en aprender a hacer un jingle de podcast?"},"content":{"rendered":"<p><span style=\"font-weight: 400;\">\u00bfLe interesar\u00eda aprender a hacer un jingle de podcast? Entonces has venido al lugar correcto. Bienvenido a <\/span><a href=\"https:\/\/radiojingles24.com\/es\/\"><span style=\"font-weight: 400;\">Radio Jingles 24<\/span><\/a><span style=\"font-weight: 400;\">, nos especializamos en brindar a nuestros clientes servicios r\u00e1pidos, f\u00e1ciles y profesionales para que puedan lograr divertidos y atractivos jingles de radio, jingles de podcast y m\u00e1s. Podemos trabajar con una amplia variedad de clientes, ofreciendo apoyo personalizado de principio a fin, incluida la asistencia de producci\u00f3n y locutores profesionales que siempre har\u00e1n un esfuerzo adicional para ofrecer la perfecci\u00f3n durante cada proceso.\u00a0<\/span><\/p>\n<p>&nbsp;<\/p>\n<p><b>\u00bfPor qu\u00e9 necesitas un jingle de podcast?<\/b><\/p>\n<p>&nbsp;<\/p>\n<p><span style=\"font-weight: 400;\">Cuando se trata de aprender a hacer un <\/span><a href=\"https:\/\/radiojingles24.com\/es\/producto\/intro-outro-podcast-pack\/\"><span style=\"font-weight: 400;\">jingle de podcast<\/span><\/a><span style=\"font-weight: 400;\">, es importante comprender por qu\u00e9 son necesarios estos jingles. Si est\u00e1 buscando mantener a sus audiencias comprometidas, podemos ayudar trabajando estrechamente con usted para crear una pieza memorable que sea pegadiza y, lo m\u00e1s importante, que se adapte a su marca. Ayudar\u00e1 a agregar anticipaci\u00f3n y cohesi\u00f3n para abrir y cerrar el podcast de la mejor manera. Es por eso que podemos ofrecer un soporte r\u00e1pido pero efectivo que es ideal para comunidades, clientes comerciales e incluso estaciones de radio por Internet. Nuestros servicios son confiables y rentables, lo que le permite obtener el mejor valor por su dinero con jingles impecables que su p\u00fablico est\u00e1 garantizado para disfrutar.\u00a0<\/span><\/p>\n<p>&nbsp;<\/p>\n<p><b>\u00bfC\u00f3mo funcionan nuestros servicios?<\/b><\/p>\n<p>&nbsp;<\/p>\n<p><span style=\"font-weight: 400;\">Si elige usar Radio Jingles 24, puede estar seguro de que no solo recibir\u00e1 un jingle excepcional, sino que tambi\u00e9n aprender\u00e1 a hacer un jingle de podcast usted mismo. Todo lo que le pedimos es que visite nuestro sitio web donde puede ingresar el gui\u00f3n de introducci\u00f3n de 30 segundos y la voz en off para el gui\u00f3n uno, as\u00ed como un gui\u00f3n de salida 2 y la voz en off. Estas voces en off se pueden grabar en nuestro Pro Studio si est\u00e1 interesado en utilizar nuestro <\/span><a href=\"https:\/\/radiojingles24.com\/es\/#voices\"><span style=\"font-weight: 400;\">actores de doblaje profesionales<\/span><\/a><span style=\"font-weight: 400;\">, que luego editaremos, produciremos por completo y dominaremos para obtener un jingle de podcast claro y conciso. La pieza terminada se le puede enviar dentro de las 24 horas en opciones en HQ WAVE, MP3 o AIFF, dependiendo de sus especificaciones particulares.\u00a0<\/span><\/p>\n<p>&nbsp;<\/p>\n<p><b>\u00bfPor qu\u00e9 trabajar con Radio Jingles 24?<\/b><\/p>\n<p>&nbsp;<\/p>\n<p><span style=\"font-weight: 400;\">Como proveedor l\u00edder de jingles personalizados, entendemos que cada cliente es diferente, por lo que nos esforzamos por ofrecer melod\u00edas \u00fanicas y distintivas que representen y complementen a su organizaci\u00f3n a la perfecci\u00f3n. Sabemos c\u00f3mo hacer que un jingle de podcast resuene con audiencias con muchos a\u00f1os de experiencia en el campo, utilizando m\u00e9todos modernos y las \u00faltimas tendencias para apuntar a la demograf\u00eda e involucrar a las audiencias que est\u00e1 buscando. Los podcasts se est\u00e1n volviendo cada vez m\u00e1s populares a lo largo de los a\u00f1os y queremos asegurarnos de que el suyo se destaque del resto, para que pueda estar seguro de que est\u00e1 haciendo la inversi\u00f3n correcta con nosotros.\u00a0<\/span><\/p>\n<p>&nbsp;<\/p>\n<p><b>C\u00f3mo ponerse en contacto<\/b><\/p>\n<p>&nbsp;<\/p>\n<p><span style=\"font-weight: 400;\">Entonces, si est\u00e1 interesado en aprender c\u00f3mo hacer un jingle de podcast, no dude en contactarnos hoy y estaremos m\u00e1s que felices de ayudarlo con un servicio personalizado que funcione para su marca. Para cualquier consulta, no dude en llamarnos al +44 (0) 113534 6686 y nuestro equipo de atenci\u00f3n al cliente se pondr\u00e1 en contacto en breve para responder a sus preguntas. Alternativamente, puede enviarnos un correo electr\u00f3nico usando <\/span><a href=\"mailto:info@radiojingles24.com\"><span style=\"font-weight: 400;\">info@radiojingles24.com<\/span><\/a><span style=\"font-weight: 400;\"> y podemos proporcionarle cualquier informaci\u00f3n adicional que necesite.<\/span><\/p>","protected":false},"excerpt":{"rendered":"<p>\u00bfTe interesar\u00eda aprender a hacer un jingle de podcast? Entonces has venido al lugar correcto. Bienvenidos a Radio Jingles 24,\u2026<\/p>","protected":false},"author":1,"featured_media":0,"parent":0,"menu_order":0,"comment_status":"closed","ping_status":"closed","template":"","meta":{"_exactmetrics_skip_tracking":false,"_exactmetrics_sitenote_active":false,"_exactmetrics_sitenote_note":"","_exactmetrics_sitenote_category":0,"footnotes":""},"class_list":["post-29933","page","type-page","status-publish"],"yoast_head":"<!-- This site is optimized with the Yoast SEO plugin v26.8 - https:\/\/yoast.com\/product\/yoast-seo-wordpress\/ -->\n<title>Radio Jingles 24: Radio Jingles | DJ Drops | Podcast Intros | Sung Jingles<\/title>\n<meta name=\"description\" content=\"Radio Jingles, Sung Jingles, DJ Drops, and Podcast Intros for commercial, community and internet radio stations. UK Based. Prices from \u00a35. Order online.\" \/>\n<meta name=\"robots\" content=\"index, follow, max-snippet:-1, max-image-preview:large, max-video-preview:-1\" \/>\n<link rel=\"canonical\" href=\"https:\/\/radiojingles24.com\/es\/interested-in-learning-how-to-make-a-podcast-jingle\/\" \/>\n<meta property=\"og:locale\" content=\"es_ES\" \/>\n<meta property=\"og:type\" content=\"article\" \/>\n<meta property=\"og:title\" content=\"Radio Jingles 24: Radio Jingles | DJ Drops | Podcast Intros | Sung Jingles\" \/>\n<meta property=\"og:description\" content=\"Radio Jingles, Sung Jingles, DJ Drops, and Podcast Intros for commercial, community and internet radio stations. UK Based. Prices from \u00a35. Order online.\" \/>\n<meta property=\"og:url\" content=\"https:\/\/radiojingles24.com\/es\/interested-in-learning-how-to-make-a-podcast-jingle\/\" \/>\n<meta property=\"og:site_name\" content=\"Radio Jingles 24: Radio Jingles | DJ Drops | Podcast Intros | Sung Jingles\" \/>\n<meta property=\"article:publisher\" content=\"https:\/\/www.facebook.com\/radiojingles24\/\" \/>\n<meta name=\"twitter:card\" content=\"summary_large_image\" \/>\n<meta name=\"twitter:site\" content=\"@radiojingles24\" \/>\n<meta name=\"twitter:label1\" content=\"Tiempo de lectura\" \/>\n\t<meta name=\"twitter:data1\" content=\"3 minutos\" \/>\n<script type=\"application\/ld+json\" class=\"yoast-schema-graph\">{\"@context\":\"https:\/\/schema.org\",\"@graph\":[{\"@type\":\"WebPage\",\"@id\":\"https:\/\/radiojingles24.com\/fr\/interested-in-learning-how-to-make-a-podcast-jingle\/\",\"url\":\"https:\/\/radiojingles24.com\/fr\/interested-in-learning-how-to-make-a-podcast-jingle\/\",\"name\":\"Radio Jingles 24: Radio Jingles | DJ Drops | Podcast Intros | Sung Jingles\",\"isPartOf\":{\"@id\":\"https:\/\/radiojingles24.com\/#website\"},\"datePublished\":\"2020-09-29T15:09:16+00:00\",\"description\":\"Radio Jingles, Sung Jingles, DJ Drops, and Podcast Intros for commercial, community and internet radio stations. UK Based. Prices from \u00a35. Order online.\",\"breadcrumb\":{\"@id\":\"https:\/\/radiojingles24.com\/fr\/interested-in-learning-how-to-make-a-podcast-jingle\/#breadcrumb\"},\"inLanguage\":\"es\",\"potentialAction\":[{\"@type\":\"ReadAction\",\"target\":[\"https:\/\/radiojingles24.com\/fr\/interested-in-learning-how-to-make-a-podcast-jingle\/\"]}]},{\"@type\":\"BreadcrumbList\",\"@id\":\"https:\/\/radiojingles24.com\/fr\/interested-in-learning-how-to-make-a-podcast-jingle\/#breadcrumb\",\"itemListElement\":[{\"@type\":\"ListItem\",\"position\":1,\"name\":\"Home\",\"item\":\"https:\/\/radiojingles24.com\/de\/\"},{\"@type\":\"ListItem\",\"position\":2,\"name\":\"Interested in Learning How to Make a Podcast Jingle?\"}]},{\"@type\":\"WebSite\",\"@id\":\"https:\/\/radiojingles24.com\/#website\",\"url\":\"https:\/\/radiojingles24.com\/\",\"name\":\"Radio Jingles 24: Radio Jingles | DJ Drops | Podcast Intros | Sung Jingles\",\"description\":\"Radio Jingles, Sung Jingles, DJ Drops, and Podcast Intros for commercial, community and internet radio stations. UK Based. Prices from \u00a35. Order online.\",\"publisher\":{\"@id\":\"https:\/\/radiojingles24.com\/#organization\"},\"potentialAction\":[{\"@type\":\"SearchAction\",\"target\":{\"@type\":\"EntryPoint\",\"urlTemplate\":\"https:\/\/radiojingles24.com\/?s={search_term_string}\"},\"query-input\":{\"@type\":\"PropertyValueSpecification\",\"valueRequired\":true,\"valueName\":\"search_term_string\"}}],\"inLanguage\":\"es\"},{\"@type\":\"Organization\",\"@id\":\"https:\/\/radiojingles24.com\/#organization\",\"name\":\"Radio Jingles 24\",\"url\":\"https:\/\/radiojingles24.com\/\",\"logo\":{\"@type\":\"ImageObject\",\"inLanguage\":\"es\",\"@id\":\"https:\/\/radiojingles24.com\/#\/schema\/logo\/image\/\",\"url\":\"https:\/\/radiojingles24.com\/wp-content\/uploads\/2019\/11\/RadioJingle1-1.jpg\",\"contentUrl\":\"https:\/\/radiojingles24.com\/wp-content\/uploads\/2019\/11\/RadioJingle1-1.jpg\",\"width\":512,\"height\":158,\"caption\":\"Radio Jingles 24\"},\"image\":{\"@id\":\"https:\/\/radiojingles24.com\/#\/schema\/logo\/image\/\"},\"sameAs\":[\"https:\/\/www.facebook.com\/radiojingles24\/\",\"https:\/\/x.com\/radiojingles24\"]}]}<\/script>\n<!-- \/ Yoast SEO plugin. -->","yoast_head_json":{"title":"Radio Jingles 24: Radio Jingles | DJ Drops | Intros de podcasts | Jingles cantados","description":"Radio Jingles, Sung Jingles, DJ Drops e Intros de podcasts para estaciones de radio comerciales, comunitarias y de Internet. Basado en el Reino Unido. Precios desde \u00a3 5. Comprar online.","robots":{"index":"index","follow":"follow","max-snippet":"max-snippet:-1","max-image-preview":"max-image-preview:large","max-video-preview":"max-video-preview:-1"},"canonical":"https:\/\/radiojingles24.com\/es\/interested-in-learning-how-to-make-a-podcast-jingle\/","og_locale":"es_ES","og_type":"article","og_title":"Radio Jingles 24: Radio Jingles | DJ Drops | Podcast Intros | Sung Jingles","og_description":"Radio Jingles, Sung Jingles, DJ Drops, and Podcast Intros for commercial, community and internet radio stations. UK Based. Prices from \u00a35. Order online.","og_url":"https:\/\/radiojingles24.com\/es\/interested-in-learning-how-to-make-a-podcast-jingle\/","og_site_name":"Radio Jingles 24: Radio Jingles | DJ Drops | Podcast Intros | Sung Jingles","article_publisher":"https:\/\/www.facebook.com\/radiojingles24\/","twitter_card":"summary_large_image","twitter_site":"@radiojingles24","twitter_misc":{"Tiempo de lectura":"3 minutos"},"schema":{"@context":"https:\/\/schema.org","@graph":[{"@type":"WebPage","@id":"https:\/\/radiojingles24.com\/fr\/interested-in-learning-how-to-make-a-podcast-jingle\/","url":"https:\/\/radiojingles24.com\/fr\/interested-in-learning-how-to-make-a-podcast-jingle\/","name":"Radio Jingles 24: Radio Jingles | DJ Drops | Intros de podcasts | Jingles cantados","isPartOf":{"@id":"https:\/\/radiojingles24.com\/#website"},"datePublished":"2020-09-29T15:09:16+00:00","description":"Radio Jingles, Sung Jingles, DJ Drops e Intros de podcasts para estaciones de radio comerciales, comunitarias y de Internet. Basado en el Reino Unido. Precios desde \u00a3 5. Comprar online.","breadcrumb":{"@id":"https:\/\/radiojingles24.com\/fr\/interested-in-learning-how-to-make-a-podcast-jingle\/#breadcrumb"},"inLanguage":"es","potentialAction":[{"@type":"ReadAction","target":["https:\/\/radiojingles24.com\/fr\/interested-in-learning-how-to-make-a-podcast-jingle\/"]}]},{"@type":"BreadcrumbList","@id":"https:\/\/radiojingles24.com\/fr\/interested-in-learning-how-to-make-a-podcast-jingle\/#breadcrumb","itemListElement":[{"@type":"ListItem","position":1,"name":"Home","item":"https:\/\/radiojingles24.com\/de\/"},{"@type":"ListItem","position":2,"name":"Interested in Learning How to Make a Podcast Jingle?"}]},{"@type":"WebSite","@id":"https:\/\/radiojingles24.com\/#website","url":"https:\/\/radiojingles24.com\/","name":"Radio Jingles 24: Radio Jingles | DJ Drops | Intros de podcasts | Jingles cantados","description":"Radio Jingles, Sung Jingles, DJ Drops e Intros de podcasts para estaciones de radio comerciales, comunitarias y de Internet. Basado en el Reino Unido. Precios desde \u00a3 5. Comprar online.","publisher":{"@id":"https:\/\/radiojingles24.com\/#organization"},"potentialAction":[{"@type":"SearchAction","target":{"@type":"EntryPoint","urlTemplate":"https:\/\/radiojingles24.com\/?s={search_term_string}"},"query-input":{"@type":"PropertyValueSpecification","valueRequired":true,"valueName":"search_term_string"}}],"inLanguage":"es"},{"@type":"Organization","@id":"https:\/\/radiojingles24.com\/#organization","name":"Radio Jingles 24","url":"https:\/\/radiojingles24.com\/","logo":{"@type":"ImageObject","inLanguage":"es","@id":"https:\/\/radiojingles24.com\/#\/schema\/logo\/image\/","url":"https:\/\/radiojingles24.com\/wp-content\/uploads\/2019\/11\/RadioJingle1-1.jpg","contentUrl":"https:\/\/radiojingles24.com\/wp-content\/uploads\/2019\/11\/RadioJingle1-1.jpg","width":512,"height":158,"caption":"Radio Jingles 24"},"image":{"@id":"https:\/\/radiojingles24.com\/#\/schema\/logo\/image\/"},"sameAs":["https:\/\/www.facebook.com\/radiojingles24\/","https:\/\/x.com\/radiojingles24"]}]}},"jetpack_sharing_enabled":true,"_links":{"self":[{"href":"https:\/\/radiojingles24.com\/es\/wp-json\/wp\/v2\/pages\/29933","targetHints":{"allow":["GET"]}}],"collection":[{"href":"https:\/\/radiojingles24.com\/es\/wp-json\/wp\/v2\/pages"}],"about":[{"href":"https:\/\/radiojingles24.com\/es\/wp-json\/wp\/v2\/types\/page"}],"author":[{"embeddable":true,"href":"https:\/\/radiojingles24.com\/es\/wp-json\/wp\/v2\/users\/1"}],"replies":[{"embeddable":true,"href":"https:\/\/radiojingles24.com\/es\/wp-json\/wp\/v2\/comments?post=29933"}],"version-history":[{"count":1,"href":"https:\/\/radiojingles24.com\/es\/wp-json\/wp\/v2\/pages\/29933\/revisions"}],"predecessor-version":[{"id":29936,"href":"https:\/\/radiojingles24.com\/es\/wp-json\/wp\/v2\/pages\/29933\/revisions\/29936"}],"wp:attachment":[{"href":"https:\/\/radiojingles24.com\/es\/wp-json\/wp\/v2\/media?parent=29933"}],"curies":[{"name":"wp","href":"https:\/\/api.w.org\/{rel}","templated":true}]}}