{"id":35645,"date":"2020-10-12T13:49:32","date_gmt":"2020-10-12T13:49:32","guid":{"rendered":"https:\/\/radiojingles24.com\/?page_id=35645"},"modified":"2020-10-12T13:49:32","modified_gmt":"2020-10-12T13:49:32","slug":"need-unique-voice-over-jingles","status":"publish","type":"page","link":"https:\/\/radiojingles24.com\/es\/need-unique-voice-over-jingles\/","title":{"rendered":"Necesita Jingles \u00fanicos de voz en off"},"content":{"rendered":"<p><span style=\"font-weight: 400;\">\u00bfNecesita voces \u00fanicas en jingles? Luego <\/span><a href=\"https:\/\/radiojingles24.com\/es\/\"><span style=\"font-weight: 400;\">Radio Jingles 24<\/span><\/a><span style=\"font-weight: 400;\"> aqu\u00ed para ayudar. Creamos y enviamos audio de calidad para cada cliente con el que trabajamos. Ya sea que sea DJ, presentador de radio, productor comercial o creador de podcasts, podemos adaptar nuestros servicios a sus especificaciones utilizando equipos de grabaci\u00f3n de vanguardia junto con la ayuda de actores de voz profesionales. Podemos apoyar a clientes tanto del Reino Unido como de los EE. UU., Permiti\u00e9ndoles recibir voces en off distintivas que representan perfectamente su marca, para que pueda estar seguro de que se encuentra en el lugar correcto.\u00a0<\/span><\/p>\n<h2>Voz \u00fanica sobre Jingles<\/h2>\n<p><span style=\"font-weight: 400;\">Aqu\u00ed en Radio Jingles 24, somos extremadamente apasionados, brindando solo los mejores audios para <\/span><a href=\"https:\/\/radiojingles24.com\/es\/#cat-cks\"><span style=\"font-weight: 400;\">voz sobre jingles<\/span><\/a><span style=\"font-weight: 400;\">. Nuestro equipo puede producir y dominar completamente sus voces en off dentro de nuestro Pro Studio, que luego se le puede enviar en solo 24 horas. Estos se pueden usar para presentar su estaci\u00f3n de radio, comenzar su set y, en general, entusiasmar a sus oyentes con los pr\u00f3ximos programas. Los audios pueden venir secos o totalmente producidos con formatos Music Acapella o SFX, ya sean largos o cortos seg\u00fan sus requerimientos. Todo lo que tienes que hacer es elegir tu actor de doblaje de nuestra <\/span><a href=\"https:\/\/radiojingles24.com\/es\/#voices\"><span style=\"font-weight: 400;\">variedad de demostraciones<\/span><\/a><span style=\"font-weight: 400;\">, luego env\u00edenos su gui\u00f3n junto con las instrucciones espec\u00edficas que desea que sigamos. Desde aqu\u00ed, podemos comenzar a crear sus audios.<\/span><\/p>\n<p><span style=\"font-weight: 400;\">A lo largo de los a\u00f1os, cientos de organizaciones han utilizado jingles de voz en off. Desde anuncios y podcasts hasta programas de radio y sesiones de DJ, podemos proporcionar audios que promocionan su marca a la perfecci\u00f3n, lo que les permite a los consumidores seguir interesados y comprometidos con lo que est\u00e1 tratando de promover. No solo pueden elevar su negocio, sino que pueden narrar su historia de una manera atractiva. Si desea recibir <\/span><a href=\"https:\/\/radiojingles24.com\/es\/producto\/spoken-audio\/\"><span style=\"font-weight: 400;\">hablado<\/span><\/a><span style=\"font-weight: 400;\">, o <\/span><a href=\"https:\/\/radiojingles24.com\/es\/producto\/sung-audio\/\"><span style=\"font-weight: 400;\">voces en off cantadas<\/span><\/a><span style=\"font-weight: 400;\">, podemos entregar sus audios en una variedad de archivos, incluidos MP3, AIFF o HQ WAVE. Nuestros servicios son 100% libres de regal\u00edas y se producen con una calidad excepcional disponible para su uso en los pr\u00f3ximos a\u00f1os.<\/span><\/p>\n<h2><b>\u00bfPor qu\u00e9 elegir Radio Jingles 24?<\/b><\/h2>\n<p><span style=\"font-weight: 400;\">Como proveedor l\u00edder de audios \u00fanicos, podemos ofrecer servicios profesionales que son totalmente \u00fanicos. Siguiendo tus instrucciones, podemos crear voces en off con diferentes expresiones, acentos y voces que te ayuden a diferenciarte del resto. Podemos grabar, producir, editar y dominar sus audios de principio a fin, ayud\u00e1ndole a crear una impresi\u00f3n duradera en sus oyentes. Con nuestras emocionantes, divertidas y atractivas voces en off, garantizamos que se superar\u00e1n sus expectativas, al tiempo que retendremos a sus consumidores en todo momento.\u00a0<\/span><\/p>\n<p><span style=\"font-weight: 400;\">Entonces, si necesita voz en off, no dude en <\/span><a href=\"https:\/\/radiojingles24.com\/es\/contact-us\/\"><span style=\"font-weight: 400;\">Cont\u00e1ctenos<\/span><\/a><span style=\"font-weight: 400;\"> hoy y estaremos encantados de ofrecerle audios profesionales y personalizados que sabemos que le encantar\u00e1n. Para cualquier consulta, no dude en llamarnos a nuestro n\u00famero de EE. UU., +1 (212) 710-1350 o utilice nuestro n\u00famero de Reino Unido, +44 (0) 113 5346686 y nuestro equipo de atenci\u00f3n al cliente se pondr\u00e1 en contacto para responder sus preguntas. . Alternativamente, puede enviarnos un correo electr\u00f3nico usando <\/span><a href=\"mailto:info@radiojingles24.com\"><span style=\"font-weight: 400;\">info@radiojingles24.com<\/span><\/a><span style=\"font-weight: 400;\"> y podemos proporcionarle cualquier informaci\u00f3n adicional que necesite.\u00a0<\/span><\/p>","protected":false},"excerpt":{"rendered":"<p>\u00bfNecesita voces \u00fanicas en jingles? Entonces Radio Jingles 24 aqu\u00ed para ayudar. Creamos y enviamos audio de calidad para cada cliente con el que trabajamos ...<\/p>","protected":false},"author":1,"featured_media":0,"parent":0,"menu_order":0,"comment_status":"closed","ping_status":"closed","template":"","meta":{"_exactmetrics_skip_tracking":false,"_exactmetrics_sitenote_active":false,"_exactmetrics_sitenote_note":"","_exactmetrics_sitenote_category":0,"footnotes":""},"class_list":["post-35645","page","type-page","status-publish"],"yoast_head":"<!-- This site is optimized with the Yoast SEO plugin v26.8 - https:\/\/yoast.com\/product\/yoast-seo-wordpress\/ -->\n<title>Radio Jingles 24: Radio Jingles | DJ Drops | Podcast Intros | Sung Jingles<\/title>\n<meta name=\"description\" content=\"Radio Jingles, Sung Jingles, DJ Drops, and Podcast Intros for commercial, community and internet radio stations. UK Based. Prices from \u00a35. Order online.\" \/>\n<meta name=\"robots\" content=\"index, follow, max-snippet:-1, max-image-preview:large, max-video-preview:-1\" \/>\n<link rel=\"canonical\" href=\"https:\/\/radiojingles24.com\/es\/need-unique-voice-over-jingles\/\" \/>\n<meta property=\"og:locale\" content=\"es_ES\" \/>\n<meta property=\"og:type\" content=\"article\" \/>\n<meta property=\"og:title\" content=\"Radio Jingles 24: Radio Jingles | DJ Drops | Podcast Intros | Sung Jingles\" \/>\n<meta property=\"og:description\" content=\"Radio Jingles, Sung Jingles, DJ Drops, and Podcast Intros for commercial, community and internet radio stations. UK Based. Prices from \u00a35. Order online.\" \/>\n<meta property=\"og:url\" content=\"https:\/\/radiojingles24.com\/es\/need-unique-voice-over-jingles\/\" \/>\n<meta property=\"og:site_name\" content=\"Radio Jingles 24: Radio Jingles | DJ Drops | Podcast Intros | Sung Jingles\" \/>\n<meta property=\"article:publisher\" content=\"https:\/\/www.facebook.com\/radiojingles24\/\" \/>\n<meta name=\"twitter:card\" content=\"summary_large_image\" \/>\n<meta name=\"twitter:site\" content=\"@radiojingles24\" \/>\n<meta name=\"twitter:label1\" content=\"Tiempo de lectura\" \/>\n\t<meta name=\"twitter:data1\" content=\"3 minutos\" \/>\n<script type=\"application\/ld+json\" class=\"yoast-schema-graph\">{\"@context\":\"https:\/\/schema.org\",\"@graph\":[{\"@type\":\"WebPage\",\"@id\":\"https:\/\/radiojingles24.com\/need-unique-voice-over-jingles\/\",\"url\":\"https:\/\/radiojingles24.com\/need-unique-voice-over-jingles\/\",\"name\":\"Radio Jingles 24: Radio Jingles | DJ Drops | Podcast Intros | Sung Jingles\",\"isPartOf\":{\"@id\":\"https:\/\/radiojingles24.com\/#website\"},\"datePublished\":\"2020-10-12T13:49:32+00:00\",\"description\":\"Radio Jingles, Sung Jingles, DJ Drops, and Podcast Intros for commercial, community and internet radio stations. UK Based. Prices from \u00a35. Order online.\",\"breadcrumb\":{\"@id\":\"https:\/\/radiojingles24.com\/need-unique-voice-over-jingles\/#breadcrumb\"},\"inLanguage\":\"es\",\"potentialAction\":[{\"@type\":\"ReadAction\",\"target\":[\"https:\/\/radiojingles24.com\/need-unique-voice-over-jingles\/\"]}]},{\"@type\":\"BreadcrumbList\",\"@id\":\"https:\/\/radiojingles24.com\/need-unique-voice-over-jingles\/#breadcrumb\",\"itemListElement\":[{\"@type\":\"ListItem\",\"position\":1,\"name\":\"Home\",\"item\":\"https:\/\/radiojingles24.com\/de\/\"},{\"@type\":\"ListItem\",\"position\":2,\"name\":\"Need Unique Voice over Jingles\"}]},{\"@type\":\"WebSite\",\"@id\":\"https:\/\/radiojingles24.com\/#website\",\"url\":\"https:\/\/radiojingles24.com\/\",\"name\":\"Radio Jingles 24: Radio Jingles | DJ Drops | Podcast Intros | Sung Jingles\",\"description\":\"Radio Jingles, Sung Jingles, DJ Drops, and Podcast Intros for commercial, community and internet radio stations. UK Based. Prices from \u00a35. Order online.\",\"publisher\":{\"@id\":\"https:\/\/radiojingles24.com\/#organization\"},\"potentialAction\":[{\"@type\":\"SearchAction\",\"target\":{\"@type\":\"EntryPoint\",\"urlTemplate\":\"https:\/\/radiojingles24.com\/?s={search_term_string}\"},\"query-input\":{\"@type\":\"PropertyValueSpecification\",\"valueRequired\":true,\"valueName\":\"search_term_string\"}}],\"inLanguage\":\"es\"},{\"@type\":\"Organization\",\"@id\":\"https:\/\/radiojingles24.com\/#organization\",\"name\":\"Radio Jingles 24\",\"url\":\"https:\/\/radiojingles24.com\/\",\"logo\":{\"@type\":\"ImageObject\",\"inLanguage\":\"es\",\"@id\":\"https:\/\/radiojingles24.com\/#\/schema\/logo\/image\/\",\"url\":\"https:\/\/radiojingles24.com\/wp-content\/uploads\/2019\/11\/RadioJingle1-1.jpg\",\"contentUrl\":\"https:\/\/radiojingles24.com\/wp-content\/uploads\/2019\/11\/RadioJingle1-1.jpg\",\"width\":512,\"height\":158,\"caption\":\"Radio Jingles 24\"},\"image\":{\"@id\":\"https:\/\/radiojingles24.com\/#\/schema\/logo\/image\/\"},\"sameAs\":[\"https:\/\/www.facebook.com\/radiojingles24\/\",\"https:\/\/x.com\/radiojingles24\"]}]}<\/script>\n<!-- \/ Yoast SEO plugin. -->","yoast_head_json":{"title":"Radio Jingles 24: Radio Jingles | DJ Drops | Intros de podcasts | Jingles cantados","description":"Radio Jingles, Sung Jingles, DJ Drops e Intros de podcasts para estaciones de radio comerciales, comunitarias y de Internet. Basado en el Reino Unido. Precios desde \u00a3 5. Comprar online.","robots":{"index":"index","follow":"follow","max-snippet":"max-snippet:-1","max-image-preview":"max-image-preview:large","max-video-preview":"max-video-preview:-1"},"canonical":"https:\/\/radiojingles24.com\/es\/need-unique-voice-over-jingles\/","og_locale":"es_ES","og_type":"article","og_title":"Radio Jingles 24: Radio Jingles | DJ Drops | Podcast Intros | Sung Jingles","og_description":"Radio Jingles, Sung Jingles, DJ Drops, and Podcast Intros for commercial, community and internet radio stations. UK Based. Prices from \u00a35. Order online.","og_url":"https:\/\/radiojingles24.com\/es\/need-unique-voice-over-jingles\/","og_site_name":"Radio Jingles 24: Radio Jingles | DJ Drops | Podcast Intros | Sung Jingles","article_publisher":"https:\/\/www.facebook.com\/radiojingles24\/","twitter_card":"summary_large_image","twitter_site":"@radiojingles24","twitter_misc":{"Tiempo de lectura":"3 minutos"},"schema":{"@context":"https:\/\/schema.org","@graph":[{"@type":"WebPage","@id":"https:\/\/radiojingles24.com\/need-unique-voice-over-jingles\/","url":"https:\/\/radiojingles24.com\/need-unique-voice-over-jingles\/","name":"Radio Jingles 24: Radio Jingles | DJ Drops | Intros de podcasts | Jingles cantados","isPartOf":{"@id":"https:\/\/radiojingles24.com\/#website"},"datePublished":"2020-10-12T13:49:32+00:00","description":"Radio Jingles, Sung Jingles, DJ Drops e Intros de podcasts para estaciones de radio comerciales, comunitarias y de Internet. Basado en el Reino Unido. Precios desde \u00a3 5. Comprar online.","breadcrumb":{"@id":"https:\/\/radiojingles24.com\/need-unique-voice-over-jingles\/#breadcrumb"},"inLanguage":"es","potentialAction":[{"@type":"ReadAction","target":["https:\/\/radiojingles24.com\/need-unique-voice-over-jingles\/"]}]},{"@type":"BreadcrumbList","@id":"https:\/\/radiojingles24.com\/need-unique-voice-over-jingles\/#breadcrumb","itemListElement":[{"@type":"ListItem","position":1,"name":"Home","item":"https:\/\/radiojingles24.com\/de\/"},{"@type":"ListItem","position":2,"name":"Need Unique Voice over Jingles"}]},{"@type":"WebSite","@id":"https:\/\/radiojingles24.com\/#website","url":"https:\/\/radiojingles24.com\/","name":"Radio Jingles 24: Radio Jingles | DJ Drops | Intros de podcasts | Jingles cantados","description":"Radio Jingles, Sung Jingles, DJ Drops e Intros de podcasts para estaciones de radio comerciales, comunitarias y de Internet. Basado en el Reino Unido. Precios desde \u00a3 5. Comprar online.","publisher":{"@id":"https:\/\/radiojingles24.com\/#organization"},"potentialAction":[{"@type":"SearchAction","target":{"@type":"EntryPoint","urlTemplate":"https:\/\/radiojingles24.com\/?s={search_term_string}"},"query-input":{"@type":"PropertyValueSpecification","valueRequired":true,"valueName":"search_term_string"}}],"inLanguage":"es"},{"@type":"Organization","@id":"https:\/\/radiojingles24.com\/#organization","name":"Radio Jingles 24","url":"https:\/\/radiojingles24.com\/","logo":{"@type":"ImageObject","inLanguage":"es","@id":"https:\/\/radiojingles24.com\/#\/schema\/logo\/image\/","url":"https:\/\/radiojingles24.com\/wp-content\/uploads\/2019\/11\/RadioJingle1-1.jpg","contentUrl":"https:\/\/radiojingles24.com\/wp-content\/uploads\/2019\/11\/RadioJingle1-1.jpg","width":512,"height":158,"caption":"Radio Jingles 24"},"image":{"@id":"https:\/\/radiojingles24.com\/#\/schema\/logo\/image\/"},"sameAs":["https:\/\/www.facebook.com\/radiojingles24\/","https:\/\/x.com\/radiojingles24"]}]}},"jetpack_sharing_enabled":true,"_links":{"self":[{"href":"https:\/\/radiojingles24.com\/es\/wp-json\/wp\/v2\/pages\/35645","targetHints":{"allow":["GET"]}}],"collection":[{"href":"https:\/\/radiojingles24.com\/es\/wp-json\/wp\/v2\/pages"}],"about":[{"href":"https:\/\/radiojingles24.com\/es\/wp-json\/wp\/v2\/types\/page"}],"author":[{"embeddable":true,"href":"https:\/\/radiojingles24.com\/es\/wp-json\/wp\/v2\/users\/1"}],"replies":[{"embeddable":true,"href":"https:\/\/radiojingles24.com\/es\/wp-json\/wp\/v2\/comments?post=35645"}],"version-history":[{"count":1,"href":"https:\/\/radiojingles24.com\/es\/wp-json\/wp\/v2\/pages\/35645\/revisions"}],"predecessor-version":[{"id":35647,"href":"https:\/\/radiojingles24.com\/es\/wp-json\/wp\/v2\/pages\/35645\/revisions\/35647"}],"wp:attachment":[{"href":"https:\/\/radiojingles24.com\/es\/wp-json\/wp\/v2\/media?parent=35645"}],"curies":[{"name":"wp","href":"https:\/\/api.w.org\/{rel}","templated":true}]}}