{"id":35652,"date":"2020-10-12T13:51:16","date_gmt":"2020-10-12T13:51:16","guid":{"rendered":"https:\/\/radiojingles24.com\/?page_id=35652"},"modified":"2020-10-12T14:00:13","modified_gmt":"2020-10-12T14:00:13","slug":"personal-radio-station-jingles","status":"publish","type":"page","link":"https:\/\/radiojingles24.com\/es\/personal-radio-station-jingles\/","title":{"rendered":"\u00bfEst\u00e1 buscando jingles de estaciones de radio personales?"},"content":{"rendered":"<p><span style=\"font-weight: 400;\">\u00bfTratando de encontrar jingles de estaciones de radio personales? Luego <\/span><a href=\"https:\/\/radiojingles24.com\/es\/\"><span style=\"font-weight: 400;\">Radio Jingles 24<\/span><\/a><span style=\"font-weight: 400;\"> est\u00e1n disponibles para satisfacer sus necesidades. Somos una empresa que se especializa en crear jingles tanto hablados como cantados para clientes en solo 24 horas. Con tecnolog\u00eda de punta y la ayuda de actores de voz profesionales, podemos ayudarlo a crear jingles \u00fanicos y divertidos que se adaptan exactamente a sus especificaciones y audiencias. Para agregar un toque personal adicional al servicio, incluso puede elegir qu\u00e9 voz en off desea para su proyecto. \u00bfPor qu\u00e9 no visita nuestra gama de voces en nuestro sitio web y comienza a crear su propio jingle?<\/span><\/p>\n<h2>Jingles de estaciones de radio personales<\/h2>\n<p><span style=\"font-weight: 400;\">Aqu\u00ed en Radio Jingles 24, entregamos im\u00e1genes de estaciones de radio r\u00e1pidas y f\u00e1ciles, canciones de radio cantadas, comerciales, audio de podcast y descargas de DJ. Esto le brinda la gama perfecta de opciones para los jingles de las estaciones de radio, ya que podemos crear <\/span><a href=\"https:\/\/radiojingles24.com\/es\/producto\/sung-audio\/\"><span style=\"font-weight: 400;\">canciones<\/span><\/a><span style=\"font-weight: 400;\"> o <\/span><a href=\"https:\/\/radiojingles24.com\/es\/producto\/spoken-audio\/\"><span style=\"font-weight: 400;\">hablado<\/span><\/a><span style=\"font-weight: 400;\"> frases que seguramente se quedar\u00e1n grabadas en la mente de su audiencia. Nuestros locutores est\u00e1n altamente capacitados y experimentados en el campo, ofreciendo audios de calidad. Estas voces y m\u00fasica ser\u00e1n grabadas en nuestro Pro Studio, editadas, totalmente producidas y masterizadas con los m\u00e1s altos est\u00e1ndares. Desde aqu\u00ed, pueden enviarse como un archivo HQ WAVE, MP3 o AIFF, todos los cuales se le proporcionan 100% libres de regal\u00edas, lo que le brinda el mejor valor por su dinero.<\/span><\/p>\n<p><span style=\"font-weight: 400;\">Desde que nos establecimos, hemos apoyado a una variedad de clientes de muchos g\u00e9neros diferentes. Ya sea que tenga una estaci\u00f3n de rock, cl\u00e1sica o m\u00e1s, podemos satisfacer sus necesidades de manera brillante, ofreciendo servicios de audio dedicados y eficientes. Al hacerlo, puede recibir audios claros y n\u00edtidos que brindan una excelente introducci\u00f3n a su programa. Sabemos lo importante que es diferenciarse de la competencia, por eso trabajaremos con usted para producir solo los jingles de estaciones de radio m\u00e1s exclusivos. Todo lo que tienes que hacer es elegir tu actor de voz y puedes escuchar sus demostraciones en l\u00ednea. Desde aqu\u00ed, puede enviarnos su script junto con las instrucciones espec\u00edficas que desee que sigamos y luego podemos ejecutar sus solicitudes sin problemas.\u00a0<\/span><\/p>\n<h2><b>\u00bfPor qu\u00e9 necesitas un Jingle de radio?<\/b><\/h2>\n<p><span style=\"font-weight: 400;\">En todo el mundo, los jingles son utilizados por muchas organizaciones y marcas diferentes. Interesan a una amplia gama de oyentes, incluidos ni\u00f1os y adultos. Con la ayuda de nuestros expertos, puede recibir jingles de estaciones de radio que son f\u00e1ciles de recordar, pero que promueven su programa de una manera excepcional. Sus audios pueden ser secos o producidos completamente con Music SFX, largos o cortos, dependiendo de sus especificaciones particulares. Incluso podemos enviarle formatos acapella si es necesario, para que pueda estar seguro de obtener todo lo que necesita y m\u00e1s para crear una presencia memorable entre sus oyentes.\u00a0\u00a0<\/span><\/p>\n<p><span style=\"font-weight: 400;\">Para descubrir m\u00e1s acerca de c\u00f3mo recibir un tintineo de una estaci\u00f3n de radio profesional, no dude en <\/span><a href=\"https:\/\/radiojingles24.com\/es\/contact-us\/\"><span style=\"font-weight: 400;\">Cont\u00e1ctenos<\/span><\/a><span style=\"font-weight: 400;\"> hoy y estaremos encantados de ofrecerle audios profesionales y personalizados que sabemos que le encantar\u00e1n. Para cualquier consulta, no dude en llamarnos a nuestro n\u00famero de EE. UU., +1 (212) 710-1350 o utilice nuestro n\u00famero de Reino Unido, +44 (0) 113 5346686 y nuestro equipo de atenci\u00f3n al cliente se pondr\u00e1 en contacto para responder sus preguntas. . Alternativamente, puede enviarnos un correo electr\u00f3nico usando <\/span><a href=\"mailto:info@radiojingles24.com\"><span style=\"font-weight: 400;\">info@radiojingles24.com<\/span><\/a><span style=\"font-weight: 400;\"> y podemos proporcionarle cualquier informaci\u00f3n adicional que necesite.\u00a0<\/span><\/p>","protected":false},"excerpt":{"rendered":"<p>\u00bfEst\u00e1s tratando de encontrar jingles de estaciones de radio personales? Entonces Radio Jingles 24 est\u00e1 disponible para satisfacer sus necesidades. Somos una empresa especializada en\u2026<\/p>","protected":false},"author":1,"featured_media":0,"parent":0,"menu_order":0,"comment_status":"closed","ping_status":"closed","template":"","meta":{"_exactmetrics_skip_tracking":false,"_exactmetrics_sitenote_active":false,"_exactmetrics_sitenote_note":"","_exactmetrics_sitenote_category":0,"footnotes":""},"class_list":["post-35652","page","type-page","status-publish"],"yoast_head":"<!-- This site is optimized with the Yoast SEO plugin v26.8 - https:\/\/yoast.com\/product\/yoast-seo-wordpress\/ -->\n<title>Radio Jingles 24: Radio Jingles | DJ Drops | Podcast Intros | Sung Jingles<\/title>\n<meta name=\"description\" content=\"Radio Jingles, Sung Jingles, DJ Drops, and Podcast Intros for commercial, community and internet radio stations. UK Based. Prices from \u00a35. Order online.\" \/>\n<meta name=\"robots\" content=\"index, follow, max-snippet:-1, max-image-preview:large, max-video-preview:-1\" \/>\n<link rel=\"canonical\" href=\"https:\/\/radiojingles24.com\/es\/personal-radio-station-jingles\/\" \/>\n<meta property=\"og:locale\" content=\"es_ES\" \/>\n<meta property=\"og:type\" content=\"article\" \/>\n<meta property=\"og:title\" content=\"Radio Jingles 24: Radio Jingles | DJ Drops | Podcast Intros | Sung Jingles\" \/>\n<meta property=\"og:description\" content=\"Radio Jingles, Sung Jingles, DJ Drops, and Podcast Intros for commercial, community and internet radio stations. UK Based. Prices from \u00a35. Order online.\" \/>\n<meta property=\"og:url\" content=\"https:\/\/radiojingles24.com\/es\/personal-radio-station-jingles\/\" \/>\n<meta property=\"og:site_name\" content=\"Radio Jingles 24: Radio Jingles | DJ Drops | Podcast Intros | Sung Jingles\" \/>\n<meta property=\"article:publisher\" content=\"https:\/\/www.facebook.com\/radiojingles24\/\" \/>\n<meta property=\"article:modified_time\" content=\"2020-10-12T14:00:13+00:00\" \/>\n<meta name=\"twitter:card\" content=\"summary_large_image\" \/>\n<meta name=\"twitter:site\" content=\"@radiojingles24\" \/>\n<meta name=\"twitter:label1\" content=\"Tiempo de lectura\" \/>\n\t<meta name=\"twitter:data1\" content=\"3 minutos\" \/>\n<script type=\"application\/ld+json\" class=\"yoast-schema-graph\">{\"@context\":\"https:\/\/schema.org\",\"@graph\":[{\"@type\":\"WebPage\",\"@id\":\"https:\/\/radiojingles24.com\/fr\/personal-radio-station-jingles\/\",\"url\":\"https:\/\/radiojingles24.com\/fr\/personal-radio-station-jingles\/\",\"name\":\"Radio Jingles 24: Radio Jingles | DJ Drops | Podcast Intros | Sung Jingles\",\"isPartOf\":{\"@id\":\"https:\/\/radiojingles24.com\/#website\"},\"datePublished\":\"2020-10-12T13:51:16+00:00\",\"dateModified\":\"2020-10-12T14:00:13+00:00\",\"description\":\"Radio Jingles, Sung Jingles, DJ Drops, and Podcast Intros for commercial, community and internet radio stations. UK Based. Prices from \u00a35. Order online.\",\"breadcrumb\":{\"@id\":\"https:\/\/radiojingles24.com\/fr\/personal-radio-station-jingles\/#breadcrumb\"},\"inLanguage\":\"es\",\"potentialAction\":[{\"@type\":\"ReadAction\",\"target\":[\"https:\/\/radiojingles24.com\/fr\/personal-radio-station-jingles\/\"]}]},{\"@type\":\"BreadcrumbList\",\"@id\":\"https:\/\/radiojingles24.com\/fr\/personal-radio-station-jingles\/#breadcrumb\",\"itemListElement\":[{\"@type\":\"ListItem\",\"position\":1,\"name\":\"Home\",\"item\":\"https:\/\/radiojingles24.com\/de\/\"},{\"@type\":\"ListItem\",\"position\":2,\"name\":\"Searching for Personal Radio Station Jingles?\"}]},{\"@type\":\"WebSite\",\"@id\":\"https:\/\/radiojingles24.com\/#website\",\"url\":\"https:\/\/radiojingles24.com\/\",\"name\":\"Radio Jingles 24: Radio Jingles | DJ Drops | Podcast Intros | Sung Jingles\",\"description\":\"Radio Jingles, Sung Jingles, DJ Drops, and Podcast Intros for commercial, community and internet radio stations. UK Based. Prices from \u00a35. Order online.\",\"publisher\":{\"@id\":\"https:\/\/radiojingles24.com\/#organization\"},\"potentialAction\":[{\"@type\":\"SearchAction\",\"target\":{\"@type\":\"EntryPoint\",\"urlTemplate\":\"https:\/\/radiojingles24.com\/?s={search_term_string}\"},\"query-input\":{\"@type\":\"PropertyValueSpecification\",\"valueRequired\":true,\"valueName\":\"search_term_string\"}}],\"inLanguage\":\"es\"},{\"@type\":\"Organization\",\"@id\":\"https:\/\/radiojingles24.com\/#organization\",\"name\":\"Radio Jingles 24\",\"url\":\"https:\/\/radiojingles24.com\/\",\"logo\":{\"@type\":\"ImageObject\",\"inLanguage\":\"es\",\"@id\":\"https:\/\/radiojingles24.com\/#\/schema\/logo\/image\/\",\"url\":\"https:\/\/radiojingles24.com\/wp-content\/uploads\/2019\/11\/RadioJingle1-1.jpg\",\"contentUrl\":\"https:\/\/radiojingles24.com\/wp-content\/uploads\/2019\/11\/RadioJingle1-1.jpg\",\"width\":512,\"height\":158,\"caption\":\"Radio Jingles 24\"},\"image\":{\"@id\":\"https:\/\/radiojingles24.com\/#\/schema\/logo\/image\/\"},\"sameAs\":[\"https:\/\/www.facebook.com\/radiojingles24\/\",\"https:\/\/x.com\/radiojingles24\"]}]}<\/script>\n<!-- \/ Yoast SEO plugin. -->","yoast_head_json":{"title":"Radio Jingles 24: Radio Jingles | DJ Drops | Intros de podcasts | Jingles cantados","description":"Radio Jingles, Sung Jingles, DJ Drops e Intros de podcasts para estaciones de radio comerciales, comunitarias y de Internet. Basado en el Reino Unido. Precios desde \u00a3 5. Comprar online.","robots":{"index":"index","follow":"follow","max-snippet":"max-snippet:-1","max-image-preview":"max-image-preview:large","max-video-preview":"max-video-preview:-1"},"canonical":"https:\/\/radiojingles24.com\/es\/personal-radio-station-jingles\/","og_locale":"es_ES","og_type":"article","og_title":"Radio Jingles 24: Radio Jingles | DJ Drops | Podcast Intros | Sung Jingles","og_description":"Radio Jingles, Sung Jingles, DJ Drops, and Podcast Intros for commercial, community and internet radio stations. UK Based. Prices from \u00a35. Order online.","og_url":"https:\/\/radiojingles24.com\/es\/personal-radio-station-jingles\/","og_site_name":"Radio Jingles 24: Radio Jingles | DJ Drops | Podcast Intros | Sung Jingles","article_publisher":"https:\/\/www.facebook.com\/radiojingles24\/","article_modified_time":"2020-10-12T14:00:13+00:00","twitter_card":"summary_large_image","twitter_site":"@radiojingles24","twitter_misc":{"Tiempo de lectura":"3 minutos"},"schema":{"@context":"https:\/\/schema.org","@graph":[{"@type":"WebPage","@id":"https:\/\/radiojingles24.com\/fr\/personal-radio-station-jingles\/","url":"https:\/\/radiojingles24.com\/fr\/personal-radio-station-jingles\/","name":"Radio Jingles 24: Radio Jingles | DJ Drops | Intros de podcasts | Jingles cantados","isPartOf":{"@id":"https:\/\/radiojingles24.com\/#website"},"datePublished":"2020-10-12T13:51:16+00:00","dateModified":"2020-10-12T14:00:13+00:00","description":"Radio Jingles, Sung Jingles, DJ Drops e Intros de podcasts para estaciones de radio comerciales, comunitarias y de Internet. Basado en el Reino Unido. Precios desde \u00a3 5. Comprar online.","breadcrumb":{"@id":"https:\/\/radiojingles24.com\/fr\/personal-radio-station-jingles\/#breadcrumb"},"inLanguage":"es","potentialAction":[{"@type":"ReadAction","target":["https:\/\/radiojingles24.com\/fr\/personal-radio-station-jingles\/"]}]},{"@type":"BreadcrumbList","@id":"https:\/\/radiojingles24.com\/fr\/personal-radio-station-jingles\/#breadcrumb","itemListElement":[{"@type":"ListItem","position":1,"name":"Home","item":"https:\/\/radiojingles24.com\/de\/"},{"@type":"ListItem","position":2,"name":"Searching for Personal Radio Station Jingles?"}]},{"@type":"WebSite","@id":"https:\/\/radiojingles24.com\/#website","url":"https:\/\/radiojingles24.com\/","name":"Radio Jingles 24: Radio Jingles | DJ Drops | Intros de podcasts | Jingles cantados","description":"Radio Jingles, Sung Jingles, DJ Drops e Intros de podcasts para estaciones de radio comerciales, comunitarias y de Internet. Basado en el Reino Unido. Precios desde \u00a3 5. Comprar online.","publisher":{"@id":"https:\/\/radiojingles24.com\/#organization"},"potentialAction":[{"@type":"SearchAction","target":{"@type":"EntryPoint","urlTemplate":"https:\/\/radiojingles24.com\/?s={search_term_string}"},"query-input":{"@type":"PropertyValueSpecification","valueRequired":true,"valueName":"search_term_string"}}],"inLanguage":"es"},{"@type":"Organization","@id":"https:\/\/radiojingles24.com\/#organization","name":"Radio Jingles 24","url":"https:\/\/radiojingles24.com\/","logo":{"@type":"ImageObject","inLanguage":"es","@id":"https:\/\/radiojingles24.com\/#\/schema\/logo\/image\/","url":"https:\/\/radiojingles24.com\/wp-content\/uploads\/2019\/11\/RadioJingle1-1.jpg","contentUrl":"https:\/\/radiojingles24.com\/wp-content\/uploads\/2019\/11\/RadioJingle1-1.jpg","width":512,"height":158,"caption":"Radio Jingles 24"},"image":{"@id":"https:\/\/radiojingles24.com\/#\/schema\/logo\/image\/"},"sameAs":["https:\/\/www.facebook.com\/radiojingles24\/","https:\/\/x.com\/radiojingles24"]}]}},"jetpack_sharing_enabled":true,"_links":{"self":[{"href":"https:\/\/radiojingles24.com\/es\/wp-json\/wp\/v2\/pages\/35652","targetHints":{"allow":["GET"]}}],"collection":[{"href":"https:\/\/radiojingles24.com\/es\/wp-json\/wp\/v2\/pages"}],"about":[{"href":"https:\/\/radiojingles24.com\/es\/wp-json\/wp\/v2\/types\/page"}],"author":[{"embeddable":true,"href":"https:\/\/radiojingles24.com\/es\/wp-json\/wp\/v2\/users\/1"}],"replies":[{"embeddable":true,"href":"https:\/\/radiojingles24.com\/es\/wp-json\/wp\/v2\/comments?post=35652"}],"version-history":[{"count":1,"href":"https:\/\/radiojingles24.com\/es\/wp-json\/wp\/v2\/pages\/35652\/revisions"}],"predecessor-version":[{"id":35656,"href":"https:\/\/radiojingles24.com\/es\/wp-json\/wp\/v2\/pages\/35652\/revisions\/35656"}],"wp:attachment":[{"href":"https:\/\/radiojingles24.com\/es\/wp-json\/wp\/v2\/media?parent=35652"}],"curies":[{"name":"wp","href":"https:\/\/api.w.org\/{rel}","templated":true}]}}