{"id":80245,"date":"2020-12-08T15:21:18","date_gmt":"2020-12-08T15:21:18","guid":{"rendered":"https:\/\/radiojingles24.com\/?page_id=80245"},"modified":"2020-12-08T15:21:18","modified_gmt":"2020-12-08T15:21:18","slug":"trying-to-find-a-jingle-song-maker","status":"publish","type":"page","link":"https:\/\/radiojingles24.com\/es\/trying-to-find-a-jingle-song-maker\/","title":{"rendered":"\u00bfTratando de encontrar un creador de canciones de jingles?"},"content":{"rendered":"<p><span style=\"font-weight: 400;\">\u00bfEst\u00e1s buscando un creador de canciones de jingle? Entonces has venido al lugar correcto. Bienvenido a <\/span><a href=\"https:\/\/radiojingles24.com\/es\/\"><span style=\"font-weight: 400;\">Radio Jingles 24<\/span><\/a><span style=\"font-weight: 400;\">, somos una empresa independiente que apoya a clientes tanto del Reino Unido como de EE. UU. en la creaci\u00f3n de jingles \u00fanicos. Ya sea que tenga un <\/span><a href=\"https:\/\/radiojingles24.com\/es\/categoria-producto\/free-radio-jingles\/\"><span style=\"font-weight: 400;\">radio<\/span><\/a><span style=\"font-weight: 400;\"> estaci\u00f3n, <\/span><a href=\"https:\/\/radiojingles24.com\/es\/categoria-producto\/podcast-intro\/\"><span style=\"font-weight: 400;\">p\u00f3dcast<\/span><\/a><span style=\"font-weight: 400;\"> o <\/span><a href=\"https:\/\/radiojingles24.com\/es\/categoria-producto\/commercial-production\/\"><span style=\"font-weight: 400;\">anuncio publicitario<\/span><\/a><span style=\"font-weight: 400;\">, nuestro equipo de especialistas puede utilizar soluciones de audio modernas y producir sus jingles seg\u00fan las especificaciones. Esta es una excelente manera de involucrar a sus oyentes desde el principio, presentando su programa de una manera entretenida y trabajaremos r\u00e1pido para entregar sus jingles en solo 24 horas. No dude en contactarnos en los m\u00e9todos a continuaci\u00f3n para obtener m\u00e1s informaci\u00f3n.<\/span><\/p>\n<h2>Creador de canciones Jingle<\/h2>\n<p><span style=\"font-weight: 400;\">Aqu\u00ed en Radio Jingles 24, ofrecemos soporte profesional y personalizado para cada cliente con el que trabajamos. Con acceso a equipos de grabaci\u00f3n de \u00faltima generaci\u00f3n y la ayuda de talentosos <\/span><a href=\"https:\/\/radiojingles24.com\/es\/#voices\"><span style=\"font-weight: 400;\">actores de voz<\/span><\/a><span style=\"font-weight: 400;\">, podr\u00e1 recibir audios claros y n\u00edtidos adaptados exactamente a sus especificaciones. Nuestro experto <\/span><a href=\"https:\/\/radiojingles24.com\/es\/producto\/sung-audio\/\"><span style=\"font-weight: 400;\">creador de canciones de jingle<\/span><\/a><span style=\"font-weight: 400;\"> te permitir\u00e1 tener un control total sobre tus audios, eligiendo entre m\u00fasica de SFX seca o totalmente producida, as\u00ed como la duraci\u00f3n inicial de la canci\u00f3n. Tambi\u00e9n se le pedir\u00e1 que elabore un gui\u00f3n para que lo usen los actores de voz, lo que har\u00e1 que el jingle sea m\u00e1s \u00fanico y distintivo para su marca.\u00a0<\/span><\/p>\n<p><span style=\"font-weight: 400;\">Con toda esta informaci\u00f3n, podemos utilizar m\u00fasica libre de derechos para grabar la canci\u00f3n en nuestro estudio profesional. Nuestros creadores de canciones de jingle le enviar\u00e1n muestras donde podr\u00e1 realizar los cambios o ajustes necesarios sin costo adicional. Desde aqu\u00ed, podemos editar, producir y dominar completamente el audio a su satisfacci\u00f3n, brind\u00e1ndole una canci\u00f3n que lo ayuda a destacarse entre la multitud.\u00a0<\/span><\/p>\n<p><span style=\"font-weight: 400;\">Los jingles son esenciales para una variedad de plataformas, ya sea para presentar el programa o anunciar diferentes segmentos, incluidos invitados, actualizaciones del clima o boletines de viajes. Esta es una oportunidad para que usted pueda interesar a su p\u00fablico y darles una canci\u00f3n que realmente se les pega en la cabeza, haci\u00e9ndoles querer volver a su programa una y otra vez. Estamos disponibles para apoyar sus necesidades con creadores de canciones de jingle que tienen m\u00e1s de diez a\u00f1os de experiencia en el campo. Nuestros t\u00e9cnicos de audio ofrecen tarifas asequibles, pero nunca comprometen la calidad, ofreciendo resultados excepcionales que est\u00e1n garantizados para impresionar. Una vez comprados, sus jingles son de uso gratuito para todas sus necesidades comerciales o personales durante el futuro previsible. Por lo tanto, al trabajar con nosotros, puede estar seguro de que est\u00e1 obteniendo un gran retorno de su inversi\u00f3n.<\/span><\/p>\n<h2><b>\u00bfPor qu\u00e9 no ponerse en contacto?<\/b><\/h2>\n<p><span style=\"font-weight: 400;\">Entonces, si est\u00e1 interesado en trabajar con nuestros expertos creadores de canciones de jingle, no dude en llamarnos a nuestro n\u00famero de Reino Unido, +44 (0) 113 5346686 o use nuestro n\u00famero de EE. UU., +1 (212)710-1350 y nuestros expertos pueden felizmente concertar una breve consulta lo antes posible. Para cualquier consulta, no dude en <\/span><a href=\"https:\/\/radiojingles24.com\/es\/contact-us\/\"><span style=\"font-weight: 400;\">Cont\u00e1ctenos<\/span><\/a><span style=\"font-weight: 400;\"> a trav\u00e9s de nuestro formulario en l\u00ednea y nuestros representantes de servicio al cliente se pondr\u00e1n en contacto en breve para responder a sus preguntas. Alternativamente, puede enviarnos un correo electr\u00f3nico directamente usando <\/span><a href=\"mailto:info@radiojingles24.com\"><span style=\"font-weight: 400;\">info@radiojingles24.com<\/span><\/a><span style=\"font-weight: 400;\"> y podemos proporcionarle cualquier informaci\u00f3n adicional que necesite.<\/span><\/p>","protected":false},"excerpt":{"rendered":"<p>\u00bfEst\u00e1s buscando un creador de jingles? Entonces has venido al lugar correcto. Bienvenidos a Radio Jingles 24, somos una organizaci\u00f3n independiente\u2026<\/p>","protected":false},"author":1,"featured_media":0,"parent":0,"menu_order":0,"comment_status":"closed","ping_status":"closed","template":"","meta":{"_exactmetrics_skip_tracking":false,"_exactmetrics_sitenote_active":false,"_exactmetrics_sitenote_note":"","_exactmetrics_sitenote_category":0,"footnotes":""},"class_list":["post-80245","page","type-page","status-publish"],"yoast_head":"<!-- This site is optimized with the Yoast SEO plugin v26.8 - https:\/\/yoast.com\/product\/yoast-seo-wordpress\/ -->\n<title>Radio Jingles 24: Radio Jingles | DJ Drops | Podcast Intros | Sung Jingles<\/title>\n<meta name=\"description\" content=\"Radio Jingles, Sung Jingles, DJ Drops, and Podcast Intros for commercial, community and internet radio stations. UK Based. Prices from \u00a35. Order online.\" \/>\n<meta name=\"robots\" content=\"index, follow, max-snippet:-1, max-image-preview:large, max-video-preview:-1\" \/>\n<link rel=\"canonical\" href=\"https:\/\/radiojingles24.com\/es\/trying-to-find-a-jingle-song-maker\/\" \/>\n<meta property=\"og:locale\" content=\"es_ES\" \/>\n<meta property=\"og:type\" content=\"article\" \/>\n<meta property=\"og:title\" content=\"Radio Jingles 24: Radio Jingles | DJ Drops | Podcast Intros | Sung Jingles\" \/>\n<meta property=\"og:description\" content=\"Radio Jingles, Sung Jingles, DJ Drops, and Podcast Intros for commercial, community and internet radio stations. UK Based. Prices from \u00a35. Order online.\" \/>\n<meta property=\"og:url\" content=\"https:\/\/radiojingles24.com\/es\/trying-to-find-a-jingle-song-maker\/\" \/>\n<meta property=\"og:site_name\" content=\"Radio Jingles 24: Radio Jingles | DJ Drops | Podcast Intros | Sung Jingles\" \/>\n<meta property=\"article:publisher\" content=\"https:\/\/www.facebook.com\/radiojingles24\/\" \/>\n<meta name=\"twitter:card\" content=\"summary_large_image\" \/>\n<meta name=\"twitter:site\" content=\"@radiojingles24\" \/>\n<meta name=\"twitter:label1\" content=\"Tiempo de lectura\" \/>\n\t<meta name=\"twitter:data1\" content=\"3 minutos\" \/>\n<script type=\"application\/ld+json\" class=\"yoast-schema-graph\">{\"@context\":\"https:\/\/schema.org\",\"@graph\":[{\"@type\":\"WebPage\",\"@id\":\"https:\/\/radiojingles24.com\/trying-to-find-a-jingle-song-maker\/\",\"url\":\"https:\/\/radiojingles24.com\/trying-to-find-a-jingle-song-maker\/\",\"name\":\"Radio Jingles 24: Radio Jingles | DJ Drops | Podcast Intros | Sung Jingles\",\"isPartOf\":{\"@id\":\"https:\/\/radiojingles24.com\/#website\"},\"datePublished\":\"2020-12-08T15:21:18+00:00\",\"description\":\"Radio Jingles, Sung Jingles, DJ Drops, and Podcast Intros for commercial, community and internet radio stations. UK Based. Prices from \u00a35. Order online.\",\"breadcrumb\":{\"@id\":\"https:\/\/radiojingles24.com\/trying-to-find-a-jingle-song-maker\/#breadcrumb\"},\"inLanguage\":\"es\",\"potentialAction\":[{\"@type\":\"ReadAction\",\"target\":[\"https:\/\/radiojingles24.com\/trying-to-find-a-jingle-song-maker\/\"]}]},{\"@type\":\"BreadcrumbList\",\"@id\":\"https:\/\/radiojingles24.com\/trying-to-find-a-jingle-song-maker\/#breadcrumb\",\"itemListElement\":[{\"@type\":\"ListItem\",\"position\":1,\"name\":\"Home\",\"item\":\"https:\/\/radiojingles24.com\/de\/\"},{\"@type\":\"ListItem\",\"position\":2,\"name\":\"Trying to Find a Jingle Song Maker?\"}]},{\"@type\":\"WebSite\",\"@id\":\"https:\/\/radiojingles24.com\/#website\",\"url\":\"https:\/\/radiojingles24.com\/\",\"name\":\"Radio Jingles 24: Radio Jingles | DJ Drops | Podcast Intros | Sung Jingles\",\"description\":\"Radio Jingles, Sung Jingles, DJ Drops, and Podcast Intros for commercial, community and internet radio stations. UK Based. Prices from \u00a35. Order online.\",\"publisher\":{\"@id\":\"https:\/\/radiojingles24.com\/#organization\"},\"potentialAction\":[{\"@type\":\"SearchAction\",\"target\":{\"@type\":\"EntryPoint\",\"urlTemplate\":\"https:\/\/radiojingles24.com\/?s={search_term_string}\"},\"query-input\":{\"@type\":\"PropertyValueSpecification\",\"valueRequired\":true,\"valueName\":\"search_term_string\"}}],\"inLanguage\":\"es\"},{\"@type\":\"Organization\",\"@id\":\"https:\/\/radiojingles24.com\/#organization\",\"name\":\"Radio Jingles 24\",\"url\":\"https:\/\/radiojingles24.com\/\",\"logo\":{\"@type\":\"ImageObject\",\"inLanguage\":\"es\",\"@id\":\"https:\/\/radiojingles24.com\/#\/schema\/logo\/image\/\",\"url\":\"https:\/\/radiojingles24.com\/wp-content\/uploads\/2019\/11\/RadioJingle1-1.jpg\",\"contentUrl\":\"https:\/\/radiojingles24.com\/wp-content\/uploads\/2019\/11\/RadioJingle1-1.jpg\",\"width\":512,\"height\":158,\"caption\":\"Radio Jingles 24\"},\"image\":{\"@id\":\"https:\/\/radiojingles24.com\/#\/schema\/logo\/image\/\"},\"sameAs\":[\"https:\/\/www.facebook.com\/radiojingles24\/\",\"https:\/\/x.com\/radiojingles24\"]}]}<\/script>\n<!-- \/ Yoast SEO plugin. -->","yoast_head_json":{"title":"Radio Jingles 24: Radio Jingles | DJ Drops | Intros de podcasts | Jingles cantados","description":"Radio Jingles, Sung Jingles, DJ Drops e Intros de podcasts para estaciones de radio comerciales, comunitarias y de Internet. Basado en el Reino Unido. Precios desde \u00a3 5. Comprar online.","robots":{"index":"index","follow":"follow","max-snippet":"max-snippet:-1","max-image-preview":"max-image-preview:large","max-video-preview":"max-video-preview:-1"},"canonical":"https:\/\/radiojingles24.com\/es\/trying-to-find-a-jingle-song-maker\/","og_locale":"es_ES","og_type":"article","og_title":"Radio Jingles 24: Radio Jingles | DJ Drops | Podcast Intros | Sung Jingles","og_description":"Radio Jingles, Sung Jingles, DJ Drops, and Podcast Intros for commercial, community and internet radio stations. UK Based. Prices from \u00a35. Order online.","og_url":"https:\/\/radiojingles24.com\/es\/trying-to-find-a-jingle-song-maker\/","og_site_name":"Radio Jingles 24: Radio Jingles | DJ Drops | Podcast Intros | Sung Jingles","article_publisher":"https:\/\/www.facebook.com\/radiojingles24\/","twitter_card":"summary_large_image","twitter_site":"@radiojingles24","twitter_misc":{"Tiempo de lectura":"3 minutos"},"schema":{"@context":"https:\/\/schema.org","@graph":[{"@type":"WebPage","@id":"https:\/\/radiojingles24.com\/trying-to-find-a-jingle-song-maker\/","url":"https:\/\/radiojingles24.com\/trying-to-find-a-jingle-song-maker\/","name":"Radio Jingles 24: Radio Jingles | DJ Drops | Intros de podcasts | Jingles cantados","isPartOf":{"@id":"https:\/\/radiojingles24.com\/#website"},"datePublished":"2020-12-08T15:21:18+00:00","description":"Radio Jingles, Sung Jingles, DJ Drops e Intros de podcasts para estaciones de radio comerciales, comunitarias y de Internet. Basado en el Reino Unido. Precios desde \u00a3 5. Comprar online.","breadcrumb":{"@id":"https:\/\/radiojingles24.com\/trying-to-find-a-jingle-song-maker\/#breadcrumb"},"inLanguage":"es","potentialAction":[{"@type":"ReadAction","target":["https:\/\/radiojingles24.com\/trying-to-find-a-jingle-song-maker\/"]}]},{"@type":"BreadcrumbList","@id":"https:\/\/radiojingles24.com\/trying-to-find-a-jingle-song-maker\/#breadcrumb","itemListElement":[{"@type":"ListItem","position":1,"name":"Home","item":"https:\/\/radiojingles24.com\/de\/"},{"@type":"ListItem","position":2,"name":"Trying to Find a Jingle Song Maker?"}]},{"@type":"WebSite","@id":"https:\/\/radiojingles24.com\/#website","url":"https:\/\/radiojingles24.com\/","name":"Radio Jingles 24: Radio Jingles | DJ Drops | Intros de podcasts | Jingles cantados","description":"Radio Jingles, Sung Jingles, DJ Drops e Intros de podcasts para estaciones de radio comerciales, comunitarias y de Internet. Basado en el Reino Unido. Precios desde \u00a3 5. Comprar online.","publisher":{"@id":"https:\/\/radiojingles24.com\/#organization"},"potentialAction":[{"@type":"SearchAction","target":{"@type":"EntryPoint","urlTemplate":"https:\/\/radiojingles24.com\/?s={search_term_string}"},"query-input":{"@type":"PropertyValueSpecification","valueRequired":true,"valueName":"search_term_string"}}],"inLanguage":"es"},{"@type":"Organization","@id":"https:\/\/radiojingles24.com\/#organization","name":"Radio Jingles 24","url":"https:\/\/radiojingles24.com\/","logo":{"@type":"ImageObject","inLanguage":"es","@id":"https:\/\/radiojingles24.com\/#\/schema\/logo\/image\/","url":"https:\/\/radiojingles24.com\/wp-content\/uploads\/2019\/11\/RadioJingle1-1.jpg","contentUrl":"https:\/\/radiojingles24.com\/wp-content\/uploads\/2019\/11\/RadioJingle1-1.jpg","width":512,"height":158,"caption":"Radio Jingles 24"},"image":{"@id":"https:\/\/radiojingles24.com\/#\/schema\/logo\/image\/"},"sameAs":["https:\/\/www.facebook.com\/radiojingles24\/","https:\/\/x.com\/radiojingles24"]}]}},"jetpack_sharing_enabled":true,"_links":{"self":[{"href":"https:\/\/radiojingles24.com\/es\/wp-json\/wp\/v2\/pages\/80245","targetHints":{"allow":["GET"]}}],"collection":[{"href":"https:\/\/radiojingles24.com\/es\/wp-json\/wp\/v2\/pages"}],"about":[{"href":"https:\/\/radiojingles24.com\/es\/wp-json\/wp\/v2\/types\/page"}],"author":[{"embeddable":true,"href":"https:\/\/radiojingles24.com\/es\/wp-json\/wp\/v2\/users\/1"}],"replies":[{"embeddable":true,"href":"https:\/\/radiojingles24.com\/es\/wp-json\/wp\/v2\/comments?post=80245"}],"version-history":[{"count":1,"href":"https:\/\/radiojingles24.com\/es\/wp-json\/wp\/v2\/pages\/80245\/revisions"}],"predecessor-version":[{"id":80247,"href":"https:\/\/radiojingles24.com\/es\/wp-json\/wp\/v2\/pages\/80245\/revisions\/80247"}],"wp:attachment":[{"href":"https:\/\/radiojingles24.com\/es\/wp-json\/wp\/v2\/media?parent=80245"}],"curies":[{"name":"wp","href":"https:\/\/api.w.org\/{rel}","templated":true}]}}