{"id":80248,"date":"2020-12-08T15:24:03","date_gmt":"2020-12-08T15:24:03","guid":{"rendered":"https:\/\/radiojingles24.com\/?page_id=80248"},"modified":"2020-12-08T15:24:03","modified_gmt":"2020-12-08T15:24:03","slug":"interested-in-sourcing-unique-radio-jingles","status":"publish","type":"page","link":"https:\/\/radiojingles24.com\/es\/interested-in-sourcing-unique-radio-jingles\/","title":{"rendered":"Interested in Sourcing Unique Radio Jingles?"},"content":{"rendered":"<p><span style=\"font-weight: 400;\">\u00bfTratando de obtener jingles de radio \u00fanicos? Entonces te alegrar\u00e1 saber que <\/span><a href=\"https:\/\/radiojingles24.com\/es\/\"><span style=\"font-weight: 400;\">Radio Jingles 24<\/span><\/a><span style=\"font-weight: 400;\"> est\u00e1 aqu\u00ed para ayudar. Estamos disponibles para ayudar a los clientes del Reino Unido y EE. UU. A recibir audios de radio de calidad. Estos jingles en particular son nuestra especialidad, ya que producimos audios profesionales y personalizados que se adaptan adecuadamente a su estaci\u00f3n. Somos creadores vers\u00e1tiles que utilizamos equipos de grabaci\u00f3n de vanguardia y la ayuda de actores de voz expertos para producir jingles claros y n\u00edtidos que pueden impresionar a sus oyentes. Nuestros servicios est\u00e1n a su disposici\u00f3n y podemos trabajar juntos para crear un sonido distintivo, como ning\u00fan otro.<\/span><\/p>\n<h2>Jingles de radio \u00fanicos<\/h2>\n<p><span style=\"font-weight: 400;\">Aqu\u00ed en Radio Jingles 24, creemos que es fundamental tener pegadizas <\/span><a href=\"https:\/\/radiojingles24.com\/es\/categoria-producto\/free-radio-jingles\/\"><span style=\"font-weight: 400;\">jingles de radio<\/span><\/a><span style=\"font-weight: 400;\">, ya sean <\/span><a href=\"https:\/\/radiojingles24.com\/es\/producto\/spoken-audio\/\"><span style=\"font-weight: 400;\">hablado<\/span><\/a><span style=\"font-weight: 400;\"> o <\/span><a href=\"https:\/\/radiojingles24.com\/es\/producto\/sung-audio\/\"><span style=\"font-weight: 400;\">cantado<\/span><\/a><span style=\"font-weight: 400;\">. Esto se debe a que pueden establecer la marca para que su p\u00fablico presente el programa y permanezca en sus cabezas durante todo el d\u00eda. Se utiliza un jingle para representar su marca, pero tambi\u00e9n debe atraer a los oyentes para que quieran escuchar lo que tiene que decir. Es por eso que ofrecemos asistencia diversa para acomodar AC \/ Hot AC, CHR y Oldies. Los jingles son excelentes para usar en toda su estaci\u00f3n de radio, ya sea para presentar el programa en su conjunto, presentar invitados especiales, actualizaciones del clima o boletines de viajes. Las posibilidades son infinitas.<\/span><\/p>\n<p><span style=\"font-weight: 400;\">Como empresa l\u00edder en la industria, nos enorgullecemos de la velocidad y la calidad de nuestro trabajo. Nuestros clientes mantendr\u00e1n el control total de sus audios, eligiendo la duraci\u00f3n del jingle, ya sea seco o totalmente producido y si lo desean con m\u00fasica o SFX. Una vez que se decide esto, se selecciona al actor de voz y se le proporciona un gui\u00f3n basado en sus solicitudes. Desde aqu\u00ed, podemos grabar sus jingles de radio dentro de nuestro Pro Studio, editados, producidos y completamente masterizados. Esto se completa en un plazo de 24 horas, lo que le ayuda a utilizar su nuevo audio lo antes posible; sin embargo, estaremos encantados de realizar los cambios necesarios para satisfacer su satisfacci\u00f3n.<\/span><\/p>\n<h2><b>\u00bfPor qu\u00e9 elegirnos?<\/b><\/h2>\n<p><span style=\"font-weight: 400;\">Durante muchos a\u00f1os, nuestro objetivo es ayudar a las radios comerciales, comunitarias y de Internet a recibir audios profesionales y divertidos con los que el p\u00fablico se ha conectado. Con una gran experiencia en el campo, podemos asegurarnos de que su producto terminado sobresalga en sustancia y calidad, ayud\u00e1ndole a destacarse entre la multitud. No importa cu\u00e1n grandes o peque\u00f1as sean sus solicitudes, nuestros t\u00e9cnicos siempre har\u00e1n un esfuerzo adicional para adaptar sus melod\u00edas de radio de acuerdo con sus especificaciones exactas. Al hacerlo, puede utilizar un audio atractivo que su audiencia disfrutar\u00e1 en el futuro previsible y, por lo tanto, le brindar\u00e1 el mejor retorno de su inversi\u00f3n.\u00a0<\/span><\/p>\n<p>&nbsp;<\/p>\n<p><span style=\"font-weight: 400;\">Entonces, si est\u00e1 buscando canciones de radio \u00fanicas, no dude en llamarnos a nuestro n\u00famero de Reino Unido, +44 (0) 113 5346686 o use nuestro n\u00famero de EE. UU., +1 (212)710-1350 y nuestros expertos pueden organizar con gusto un resumen consulta lo antes posible. Para cualquier consulta, no dude en <\/span><a href=\"https:\/\/radiojingles24.com\/es\/contact-us\/\"><span style=\"font-weight: 400;\">Cont\u00e1ctenos<\/span><\/a><span style=\"font-weight: 400;\"> a trav\u00e9s de nuestro formulario en l\u00ednea y nuestros representantes de servicio al cliente se pondr\u00e1n en contacto en breve para responder a sus preguntas. Alternativamente, puede enviarnos un correo electr\u00f3nico directamente usando <\/span><a href=\"mailto:info@radiojingles24.com\"><span style=\"font-weight: 400;\">info@radiojingles24.com<\/span><\/a><span style=\"font-weight: 400;\"> y podemos proporcionarle cualquier informaci\u00f3n adicional que necesite.<\/span><\/p>\n<p>&nbsp;<\/p>","protected":false},"excerpt":{"rendered":"<p>Trying to source unique radio jingles? Then you will be pleased to know that Radio Jingles 24 is here to help. We are on hand&#8230;<\/p>","protected":false},"author":1,"featured_media":0,"parent":0,"menu_order":0,"comment_status":"closed","ping_status":"closed","template":"","meta":{"_exactmetrics_skip_tracking":false,"_exactmetrics_sitenote_active":false,"_exactmetrics_sitenote_note":"","_exactmetrics_sitenote_category":0,"footnotes":""},"class_list":["post-80248","page","type-page","status-publish"],"yoast_head":"<!-- This site is optimized with the Yoast SEO plugin v26.8 - https:\/\/yoast.com\/product\/yoast-seo-wordpress\/ -->\n<title>Radio Jingles 24: Radio Jingles | DJ Drops | Podcast Intros | Sung Jingles<\/title>\n<meta name=\"description\" content=\"Radio Jingles, Sung Jingles, DJ Drops, and Podcast Intros for commercial, community and internet radio stations. UK Based. Prices from \u00a35. Order online.\" \/>\n<meta name=\"robots\" content=\"index, follow, max-snippet:-1, max-image-preview:large, max-video-preview:-1\" \/>\n<link rel=\"canonical\" href=\"https:\/\/radiojingles24.com\/es\/interested-in-sourcing-unique-radio-jingles\/\" \/>\n<meta property=\"og:locale\" content=\"es_ES\" \/>\n<meta property=\"og:type\" content=\"article\" \/>\n<meta property=\"og:title\" content=\"Radio Jingles 24: Radio Jingles | DJ Drops | Podcast Intros | Sung Jingles\" \/>\n<meta property=\"og:description\" content=\"Radio Jingles, Sung Jingles, DJ Drops, and Podcast Intros for commercial, community and internet radio stations. UK Based. Prices from \u00a35. Order online.\" \/>\n<meta property=\"og:url\" content=\"https:\/\/radiojingles24.com\/es\/interested-in-sourcing-unique-radio-jingles\/\" \/>\n<meta property=\"og:site_name\" content=\"Radio Jingles 24: Radio Jingles | DJ Drops | Podcast Intros | Sung Jingles\" \/>\n<meta property=\"article:publisher\" content=\"https:\/\/www.facebook.com\/radiojingles24\/\" \/>\n<meta name=\"twitter:card\" content=\"summary_large_image\" \/>\n<meta name=\"twitter:site\" content=\"@radiojingles24\" \/>\n<meta name=\"twitter:label1\" content=\"Tiempo de lectura\" \/>\n\t<meta name=\"twitter:data1\" content=\"3 minutos\" \/>\n<script type=\"application\/ld+json\" class=\"yoast-schema-graph\">{\"@context\":\"https:\/\/schema.org\",\"@graph\":[{\"@type\":\"WebPage\",\"@id\":\"https:\/\/radiojingles24.com\/it\/interested-in-sourcing-unique-radio-jingles\/\",\"url\":\"https:\/\/radiojingles24.com\/it\/interested-in-sourcing-unique-radio-jingles\/\",\"name\":\"Radio Jingles 24: Radio Jingles | DJ Drops | Podcast Intros | Sung Jingles\",\"isPartOf\":{\"@id\":\"https:\/\/radiojingles24.com\/#website\"},\"datePublished\":\"2020-12-08T15:24:03+00:00\",\"description\":\"Radio Jingles, Sung Jingles, DJ Drops, and Podcast Intros for commercial, community and internet radio stations. UK Based. Prices from \u00a35. Order online.\",\"breadcrumb\":{\"@id\":\"https:\/\/radiojingles24.com\/it\/interested-in-sourcing-unique-radio-jingles\/#breadcrumb\"},\"inLanguage\":\"es\",\"potentialAction\":[{\"@type\":\"ReadAction\",\"target\":[\"https:\/\/radiojingles24.com\/it\/interested-in-sourcing-unique-radio-jingles\/\"]}]},{\"@type\":\"BreadcrumbList\",\"@id\":\"https:\/\/radiojingles24.com\/it\/interested-in-sourcing-unique-radio-jingles\/#breadcrumb\",\"itemListElement\":[{\"@type\":\"ListItem\",\"position\":1,\"name\":\"Home\",\"item\":\"https:\/\/radiojingles24.com\/de\/\"},{\"@type\":\"ListItem\",\"position\":2,\"name\":\"Interested in Sourcing Unique Radio Jingles?\"}]},{\"@type\":\"WebSite\",\"@id\":\"https:\/\/radiojingles24.com\/#website\",\"url\":\"https:\/\/radiojingles24.com\/\",\"name\":\"Radio Jingles 24: Radio Jingles | DJ Drops | Podcast Intros | Sung Jingles\",\"description\":\"Radio Jingles, Sung Jingles, DJ Drops, and Podcast Intros for commercial, community and internet radio stations. UK Based. Prices from \u00a35. Order online.\",\"publisher\":{\"@id\":\"https:\/\/radiojingles24.com\/#organization\"},\"potentialAction\":[{\"@type\":\"SearchAction\",\"target\":{\"@type\":\"EntryPoint\",\"urlTemplate\":\"https:\/\/radiojingles24.com\/?s={search_term_string}\"},\"query-input\":{\"@type\":\"PropertyValueSpecification\",\"valueRequired\":true,\"valueName\":\"search_term_string\"}}],\"inLanguage\":\"es\"},{\"@type\":\"Organization\",\"@id\":\"https:\/\/radiojingles24.com\/#organization\",\"name\":\"Radio Jingles 24\",\"url\":\"https:\/\/radiojingles24.com\/\",\"logo\":{\"@type\":\"ImageObject\",\"inLanguage\":\"es\",\"@id\":\"https:\/\/radiojingles24.com\/#\/schema\/logo\/image\/\",\"url\":\"https:\/\/radiojingles24.com\/wp-content\/uploads\/2019\/11\/RadioJingle1-1.jpg\",\"contentUrl\":\"https:\/\/radiojingles24.com\/wp-content\/uploads\/2019\/11\/RadioJingle1-1.jpg\",\"width\":512,\"height\":158,\"caption\":\"Radio Jingles 24\"},\"image\":{\"@id\":\"https:\/\/radiojingles24.com\/#\/schema\/logo\/image\/\"},\"sameAs\":[\"https:\/\/www.facebook.com\/radiojingles24\/\",\"https:\/\/x.com\/radiojingles24\"]}]}<\/script>\n<!-- \/ Yoast SEO plugin. -->","yoast_head_json":{"title":"Radio Jingles 24: Radio Jingles | DJ Drops | Intros de podcasts | Jingles cantados","description":"Radio Jingles, Sung Jingles, DJ Drops e Intros de podcasts para estaciones de radio comerciales, comunitarias y de Internet. Basado en el Reino Unido. Precios desde \u00a3 5. Comprar online.","robots":{"index":"index","follow":"follow","max-snippet":"max-snippet:-1","max-image-preview":"max-image-preview:large","max-video-preview":"max-video-preview:-1"},"canonical":"https:\/\/radiojingles24.com\/es\/interested-in-sourcing-unique-radio-jingles\/","og_locale":"es_ES","og_type":"article","og_title":"Radio Jingles 24: Radio Jingles | DJ Drops | Podcast Intros | Sung Jingles","og_description":"Radio Jingles, Sung Jingles, DJ Drops, and Podcast Intros for commercial, community and internet radio stations. UK Based. Prices from \u00a35. Order online.","og_url":"https:\/\/radiojingles24.com\/es\/interested-in-sourcing-unique-radio-jingles\/","og_site_name":"Radio Jingles 24: Radio Jingles | DJ Drops | Podcast Intros | Sung Jingles","article_publisher":"https:\/\/www.facebook.com\/radiojingles24\/","twitter_card":"summary_large_image","twitter_site":"@radiojingles24","twitter_misc":{"Tiempo de lectura":"3 minutos"},"schema":{"@context":"https:\/\/schema.org","@graph":[{"@type":"WebPage","@id":"https:\/\/radiojingles24.com\/it\/interested-in-sourcing-unique-radio-jingles\/","url":"https:\/\/radiojingles24.com\/it\/interested-in-sourcing-unique-radio-jingles\/","name":"Radio Jingles 24: Radio Jingles | DJ Drops | Intros de podcasts | Jingles cantados","isPartOf":{"@id":"https:\/\/radiojingles24.com\/#website"},"datePublished":"2020-12-08T15:24:03+00:00","description":"Radio Jingles, Sung Jingles, DJ Drops e Intros de podcasts para estaciones de radio comerciales, comunitarias y de Internet. Basado en el Reino Unido. Precios desde \u00a3 5. Comprar online.","breadcrumb":{"@id":"https:\/\/radiojingles24.com\/it\/interested-in-sourcing-unique-radio-jingles\/#breadcrumb"},"inLanguage":"es","potentialAction":[{"@type":"ReadAction","target":["https:\/\/radiojingles24.com\/it\/interested-in-sourcing-unique-radio-jingles\/"]}]},{"@type":"BreadcrumbList","@id":"https:\/\/radiojingles24.com\/it\/interested-in-sourcing-unique-radio-jingles\/#breadcrumb","itemListElement":[{"@type":"ListItem","position":1,"name":"Home","item":"https:\/\/radiojingles24.com\/de\/"},{"@type":"ListItem","position":2,"name":"Interested in Sourcing Unique Radio Jingles?"}]},{"@type":"WebSite","@id":"https:\/\/radiojingles24.com\/#website","url":"https:\/\/radiojingles24.com\/","name":"Radio Jingles 24: Radio Jingles | DJ Drops | Intros de podcasts | Jingles cantados","description":"Radio Jingles, Sung Jingles, DJ Drops e Intros de podcasts para estaciones de radio comerciales, comunitarias y de Internet. Basado en el Reino Unido. Precios desde \u00a3 5. Comprar online.","publisher":{"@id":"https:\/\/radiojingles24.com\/#organization"},"potentialAction":[{"@type":"SearchAction","target":{"@type":"EntryPoint","urlTemplate":"https:\/\/radiojingles24.com\/?s={search_term_string}"},"query-input":{"@type":"PropertyValueSpecification","valueRequired":true,"valueName":"search_term_string"}}],"inLanguage":"es"},{"@type":"Organization","@id":"https:\/\/radiojingles24.com\/#organization","name":"Radio Jingles 24","url":"https:\/\/radiojingles24.com\/","logo":{"@type":"ImageObject","inLanguage":"es","@id":"https:\/\/radiojingles24.com\/#\/schema\/logo\/image\/","url":"https:\/\/radiojingles24.com\/wp-content\/uploads\/2019\/11\/RadioJingle1-1.jpg","contentUrl":"https:\/\/radiojingles24.com\/wp-content\/uploads\/2019\/11\/RadioJingle1-1.jpg","width":512,"height":158,"caption":"Radio Jingles 24"},"image":{"@id":"https:\/\/radiojingles24.com\/#\/schema\/logo\/image\/"},"sameAs":["https:\/\/www.facebook.com\/radiojingles24\/","https:\/\/x.com\/radiojingles24"]}]}},"jetpack_sharing_enabled":true,"_links":{"self":[{"href":"https:\/\/radiojingles24.com\/es\/wp-json\/wp\/v2\/pages\/80248","targetHints":{"allow":["GET"]}}],"collection":[{"href":"https:\/\/radiojingles24.com\/es\/wp-json\/wp\/v2\/pages"}],"about":[{"href":"https:\/\/radiojingles24.com\/es\/wp-json\/wp\/v2\/types\/page"}],"author":[{"embeddable":true,"href":"https:\/\/radiojingles24.com\/es\/wp-json\/wp\/v2\/users\/1"}],"replies":[{"embeddable":true,"href":"https:\/\/radiojingles24.com\/es\/wp-json\/wp\/v2\/comments?post=80248"}],"version-history":[{"count":1,"href":"https:\/\/radiojingles24.com\/es\/wp-json\/wp\/v2\/pages\/80248\/revisions"}],"predecessor-version":[{"id":80250,"href":"https:\/\/radiojingles24.com\/es\/wp-json\/wp\/v2\/pages\/80248\/revisions\/80250"}],"wp:attachment":[{"href":"https:\/\/radiojingles24.com\/es\/wp-json\/wp\/v2\/media?parent=80248"}],"curies":[{"name":"wp","href":"https:\/\/api.w.org\/{rel}","templated":true}]}}