{"id":88331,"date":"2021-02-02T14:42:21","date_gmt":"2021-02-02T14:42:21","guid":{"rendered":"https:\/\/radiojingles24.com\/?page_id=88331"},"modified":"2021-02-02T14:42:21","modified_gmt":"2021-02-02T14:42:21","slug":"do-you-require-dj-voice-overs","status":"publish","type":"page","link":"https:\/\/radiojingles24.com\/es\/do-you-require-dj-voice-overs\/","title":{"rendered":"\u00bfRequiere DJ Voice Overs?"},"content":{"rendered":"<div id=\"fws_69d4737849d69\"  data-midnight=\"dark\"  data-bg-mobile-hidden=\"\" class=\"wpb_row vc_row-fluid vc_row top-level standard_section\"  style=\"padding-top: 0px; padding-bottom: 0px; \"><div class=\"row-bg-wrap\" data-bg-animation=\"none\"><div class=\"inner-wrap\"><div class=\"row-bg\"  style=\"\"><\/div><\/div><div class=\"row-bg-overlay\" ><\/div><\/div><div class=\"col span_12 dark left\">\n\t<div  class=\"vc_col-sm-12 wpb_column column_container vc_column_container col no-extra-padding\"  data-t-w-inherits=\"default\" data-border-radius=\"none\" data-shadow=\"none\" data-border-animation=\"\" data-border-animation-delay=\"\" data-border-width=\"none\" data-border-style=\"solid\" data-border-color=\"\" data-bg-cover=\"\" data-padding-pos=\"all\" data-has-bg-color=\"false\" data-bg-color=\"\" data-bg-opacity=\"1\" data-hover-bg=\"\" data-hover-bg-opacity=\"1\" data-animation=\"\" data-delay=\"0\"><div class=\"column-bg-overlay\"><\/div>\n\t\t<div class=\"vc_column-inner\">\n\t\t\t<div class=\"wpb_wrapper\">\n\t\t\t\t\r\n\t<div class=\"wpb_text_column wpb_content_element\" >\r\n\t\t<div class=\"wpb_wrapper\">\r\n\t\t\t<h1><b>\u00bfRequiere DJ Voice Overs?<\/b><\/h1>\n<p><span style=\"font-weight: 400;\">\u00bfNecesita que una locuci\u00f3n de DJ se produzca r\u00e1pidamente y a un precio asequible? <\/span><a href=\"https:\/\/radiojingles24.com\/es\/\"><span style=\"font-weight: 400;\">Radio Jingles 24<\/span><\/a><span style=\"font-weight: 400;\"> te tiene cubierto. Ofrecemos una amplia gama de lanzamientos r\u00e1pidos, simples y profesionales para DJ, jingles de radio, producci\u00f3n comercial y jingles cantados. Nuestras soluciones se entregan de manera efectiva y eficiente, generalmente en solo 24 horas, y son adecuadas para todo, desde radios comunitarias y comerciales hasta DJ y estaciones de radio por Internet.\u00a0<\/span><\/p>\n<p><span style=\"font-weight: 400;\">Nuestro equipo de expertos tiene m\u00e1s de 10 a\u00f1os de experiencia en producci\u00f3n de audio, por lo que puede estar seguro de que el audio entregado tendr\u00e1 una excelente calidad de sonido. Creamos sonidos utilizando nuestro amplio cat\u00e1logo de SFX y m\u00fasica libre de regal\u00edas. Si eres una emisora de radio local, podcaster, DJ o simplemente alguien que necesita una voz en off producida de forma r\u00e1pida y profesional, dinos hola hoy.\u00a0<\/span><\/p>\n<h2><b>Algunos antecedentes sobre radio Jingles 24<\/b><\/h2>\n<p><span style=\"font-weight: 400;\">Con una d\u00e9cada de experiencia a nuestras espaldas, somos l\u00edderes en producci\u00f3n de audio en Radio Jingles 24. Utilizamos el mejor talento disponible en la industria de la voz en off y lo aprovechamos para crear un sonido de primera calidad que es inmejorable. Nuestro equipo ofrece una selecci\u00f3n de voces \u00fanicas de artistas profesionales, tanto hombres como mujeres, entregadas en 1 d\u00eda, 7 d\u00edas a la semana. Sean cuales sean sus necesidades o requisitos espec\u00edficos, podemos encontrar una soluci\u00f3n que los satisfaga y supere sus expectativas. Hemos trabajado en coordinaci\u00f3n con una serie de clientes de alto perfil, incluidos Cash Converters, Corby Radio, Spotlight y UKRD Group. Hay una serie de testimonios de nuestros locutores de DJ de clientes satisfechos en nuestro sitio web.<\/span><\/p>\n<p><b>\u00bfBuscas Voice Over de DJ?<\/b><\/p>\n<p><span style=\"font-weight: 400;\">Si necesita un <\/span><a href=\"https:\/\/radiojingles24.com\/es\/categoria-producto\/dj-drops\/\"><span style=\"font-weight: 400;\">DJ locutor<\/span><\/a><span style=\"font-weight: 400;\">Radio Jingles 24 tiene dos opciones; nuestro paquete de DJ esencial a un precio de \u00a3 25 y nuestro Pro DJ Drop Pack por \u00a3 55. Nuestro paquete esencial incluye 3 DJ Drops con Vocal FX, adem\u00e1s de copias en seco de estos tambi\u00e9n. Tambi\u00e9n recibir\u00e1 6 archivos de audio para uso personal. Si desea comprar nuestro Pro DJ Drop Pack, recibir\u00e1 3 DJ Drops de 10 segundos con Vocal FX y copias en seco; y 2 DJ Drops completamente producidos de hasta 10 segundos de duraci\u00f3n con M\u00fasica, SFX y Vocal FX, as\u00ed como las copias secas. En total, esto proporciona 10 archivos de audio para usar.\u00a0<\/span><\/p>\n<p><span style=\"font-weight: 400;\">Puede elegir formatos de archivo, incluidos MP3, WAVE y AIFF. Ambos paquetes son opciones extremadamente atractivas a precios muy razonables. Nuestro objetivo es producir y enviarle su audio en un plazo m\u00e1ximo de 24 horas. Si lo necesita incluso antes, av\u00edsenos y veremos qu\u00e9 podemos hacer.<\/span><\/p>\n<p><b>\u00bfNecesita ayuda con un proyecto futuro?\u00a0<\/b><\/p>\n<p><span style=\"font-weight: 400;\">P\u00f3ngase en contacto con nosotros hoy mismo para obtener locutores profesionales de DJ. Puedes llamarnos al <\/span><span style=\"font-weight: 400;\">+44 0113 5346686 (Reino Unido) o +1 (212) 710-1350 (EE. UU.) Y estaremos encantados de responder cualquier pregunta que pueda tener sobre nuestros servicios. Tambi\u00e9n puede enviarnos un correo electr\u00f3nico a <\/span><a href=\"mailto:info@radiojingles24.com\"><span style=\"font-weight: 400;\">info@radiojingles24.com<\/span><\/a> <span style=\"font-weight: 400;\">y te responderemos a la brevedad. Alternativamente, no dude en enviarnos un mensaje a trav\u00e9s del formulario de consulta en nuestro sitio web. Esperamos con inter\u00e9s escuchar de usted.<\/span><\/p>\n\r\n\t\t<\/div>\r\n\t<\/div>\r\n\n\t\t\t<\/div> \n\t\t<\/div>\n\t<\/div> \n<\/div><\/div>","protected":false},"excerpt":{"rendered":"\u00bfNecesita voces en off de DJ? \u00bfNecesita una voz en off de DJ que se produzca r\u00e1pidamente y a un precio asequible? Radio Jingles 24 lo tiene cubierto. Ofrecemos un...","protected":false},"author":1,"featured_media":0,"parent":0,"menu_order":0,"comment_status":"closed","ping_status":"closed","template":"","meta":{"_exactmetrics_skip_tracking":false,"_exactmetrics_sitenote_active":false,"_exactmetrics_sitenote_note":"","_exactmetrics_sitenote_category":0,"footnotes":""},"class_list":["post-88331","page","type-page","status-publish"],"yoast_head":"<!-- This site is optimized with the Yoast SEO plugin v26.8 - https:\/\/yoast.com\/product\/yoast-seo-wordpress\/ -->\n<title>Radio Jingles 24: Radio Jingles | DJ Drops | Podcast Intros | Sung Jingles<\/title>\n<meta name=\"description\" content=\"Radio Jingles, Sung Jingles, DJ Drops, and Podcast Intros for commercial, community and internet radio stations. UK Based. Prices from \u00a35. Order online.\" \/>\n<meta name=\"robots\" content=\"index, follow, max-snippet:-1, max-image-preview:large, max-video-preview:-1\" \/>\n<link rel=\"canonical\" href=\"https:\/\/radiojingles24.com\/es\/do-you-require-dj-voice-overs\/\" \/>\n<meta property=\"og:locale\" content=\"es_ES\" \/>\n<meta property=\"og:type\" content=\"article\" \/>\n<meta property=\"og:title\" content=\"Radio Jingles 24: Radio Jingles | DJ Drops | Podcast Intros | Sung Jingles\" \/>\n<meta property=\"og:description\" content=\"Radio Jingles, Sung Jingles, DJ Drops, and Podcast Intros for commercial, community and internet radio stations. UK Based. Prices from \u00a35. Order online.\" \/>\n<meta property=\"og:url\" content=\"https:\/\/radiojingles24.com\/es\/do-you-require-dj-voice-overs\/\" \/>\n<meta property=\"og:site_name\" content=\"Radio Jingles 24: Radio Jingles | DJ Drops | Podcast Intros | Sung Jingles\" \/>\n<meta property=\"article:publisher\" content=\"https:\/\/www.facebook.com\/radiojingles24\/\" \/>\n<meta name=\"twitter:card\" content=\"summary_large_image\" \/>\n<meta name=\"twitter:site\" content=\"@radiojingles24\" \/>\n<meta name=\"twitter:label1\" content=\"Tiempo de lectura\" \/>\n\t<meta name=\"twitter:data1\" content=\"3 minutos\" \/>\n<script type=\"application\/ld+json\" class=\"yoast-schema-graph\">{\"@context\":\"https:\/\/schema.org\",\"@graph\":[{\"@type\":\"WebPage\",\"@id\":\"https:\/\/radiojingles24.com\/fr\/do-you-require-dj-voice-overs\/\",\"url\":\"https:\/\/radiojingles24.com\/fr\/do-you-require-dj-voice-overs\/\",\"name\":\"Radio Jingles 24: Radio Jingles | DJ Drops | Podcast Intros | Sung Jingles\",\"isPartOf\":{\"@id\":\"https:\/\/radiojingles24.com\/#website\"},\"datePublished\":\"2021-02-02T14:42:21+00:00\",\"description\":\"Radio Jingles, Sung Jingles, DJ Drops, and Podcast Intros for commercial, community and internet radio stations. UK Based. Prices from \u00a35. Order online.\",\"breadcrumb\":{\"@id\":\"https:\/\/radiojingles24.com\/fr\/do-you-require-dj-voice-overs\/#breadcrumb\"},\"inLanguage\":\"es\",\"potentialAction\":[{\"@type\":\"ReadAction\",\"target\":[\"https:\/\/radiojingles24.com\/fr\/do-you-require-dj-voice-overs\/\"]}]},{\"@type\":\"BreadcrumbList\",\"@id\":\"https:\/\/radiojingles24.com\/fr\/do-you-require-dj-voice-overs\/#breadcrumb\",\"itemListElement\":[{\"@type\":\"ListItem\",\"position\":1,\"name\":\"Home\",\"item\":\"https:\/\/radiojingles24.com\/de\/\"},{\"@type\":\"ListItem\",\"position\":2,\"name\":\"Do you Require DJ Voice Overs\"}]},{\"@type\":\"WebSite\",\"@id\":\"https:\/\/radiojingles24.com\/#website\",\"url\":\"https:\/\/radiojingles24.com\/\",\"name\":\"Radio Jingles 24: Radio Jingles | DJ Drops | Podcast Intros | Sung Jingles\",\"description\":\"Radio Jingles, Sung Jingles, DJ Drops, and Podcast Intros for commercial, community and internet radio stations. UK Based. Prices from \u00a35. Order online.\",\"publisher\":{\"@id\":\"https:\/\/radiojingles24.com\/#organization\"},\"potentialAction\":[{\"@type\":\"SearchAction\",\"target\":{\"@type\":\"EntryPoint\",\"urlTemplate\":\"https:\/\/radiojingles24.com\/?s={search_term_string}\"},\"query-input\":{\"@type\":\"PropertyValueSpecification\",\"valueRequired\":true,\"valueName\":\"search_term_string\"}}],\"inLanguage\":\"es\"},{\"@type\":\"Organization\",\"@id\":\"https:\/\/radiojingles24.com\/#organization\",\"name\":\"Radio Jingles 24\",\"url\":\"https:\/\/radiojingles24.com\/\",\"logo\":{\"@type\":\"ImageObject\",\"inLanguage\":\"es\",\"@id\":\"https:\/\/radiojingles24.com\/#\/schema\/logo\/image\/\",\"url\":\"https:\/\/radiojingles24.com\/wp-content\/uploads\/2019\/11\/RadioJingle1-1.jpg\",\"contentUrl\":\"https:\/\/radiojingles24.com\/wp-content\/uploads\/2019\/11\/RadioJingle1-1.jpg\",\"width\":512,\"height\":158,\"caption\":\"Radio Jingles 24\"},\"image\":{\"@id\":\"https:\/\/radiojingles24.com\/#\/schema\/logo\/image\/\"},\"sameAs\":[\"https:\/\/www.facebook.com\/radiojingles24\/\",\"https:\/\/x.com\/radiojingles24\"]}]}<\/script>\n<!-- \/ Yoast SEO plugin. -->","yoast_head_json":{"title":"Radio Jingles 24: Radio Jingles | DJ Drops | Intros de podcasts | Jingles cantados","description":"Radio Jingles, Sung Jingles, DJ Drops e Intros de podcasts para estaciones de radio comerciales, comunitarias y de Internet. Basado en el Reino Unido. Precios desde \u00a3 5. Comprar online.","robots":{"index":"index","follow":"follow","max-snippet":"max-snippet:-1","max-image-preview":"max-image-preview:large","max-video-preview":"max-video-preview:-1"},"canonical":"https:\/\/radiojingles24.com\/es\/do-you-require-dj-voice-overs\/","og_locale":"es_ES","og_type":"article","og_title":"Radio Jingles 24: Radio Jingles | DJ Drops | Podcast Intros | Sung Jingles","og_description":"Radio Jingles, Sung Jingles, DJ Drops, and Podcast Intros for commercial, community and internet radio stations. UK Based. Prices from \u00a35. Order online.","og_url":"https:\/\/radiojingles24.com\/es\/do-you-require-dj-voice-overs\/","og_site_name":"Radio Jingles 24: Radio Jingles | DJ Drops | Podcast Intros | Sung Jingles","article_publisher":"https:\/\/www.facebook.com\/radiojingles24\/","twitter_card":"summary_large_image","twitter_site":"@radiojingles24","twitter_misc":{"Tiempo de lectura":"3 minutos"},"schema":{"@context":"https:\/\/schema.org","@graph":[{"@type":"WebPage","@id":"https:\/\/radiojingles24.com\/fr\/do-you-require-dj-voice-overs\/","url":"https:\/\/radiojingles24.com\/fr\/do-you-require-dj-voice-overs\/","name":"Radio Jingles 24: Radio Jingles | DJ Drops | Intros de podcasts | Jingles cantados","isPartOf":{"@id":"https:\/\/radiojingles24.com\/#website"},"datePublished":"2021-02-02T14:42:21+00:00","description":"Radio Jingles, Sung Jingles, DJ Drops e Intros de podcasts para estaciones de radio comerciales, comunitarias y de Internet. Basado en el Reino Unido. Precios desde \u00a3 5. Comprar online.","breadcrumb":{"@id":"https:\/\/radiojingles24.com\/fr\/do-you-require-dj-voice-overs\/#breadcrumb"},"inLanguage":"es","potentialAction":[{"@type":"ReadAction","target":["https:\/\/radiojingles24.com\/fr\/do-you-require-dj-voice-overs\/"]}]},{"@type":"BreadcrumbList","@id":"https:\/\/radiojingles24.com\/fr\/do-you-require-dj-voice-overs\/#breadcrumb","itemListElement":[{"@type":"ListItem","position":1,"name":"Home","item":"https:\/\/radiojingles24.com\/de\/"},{"@type":"ListItem","position":2,"name":"Do you Require DJ Voice Overs"}]},{"@type":"WebSite","@id":"https:\/\/radiojingles24.com\/#website","url":"https:\/\/radiojingles24.com\/","name":"Radio Jingles 24: Radio Jingles | DJ Drops | Intros de podcasts | Jingles cantados","description":"Radio Jingles, Sung Jingles, DJ Drops e Intros de podcasts para estaciones de radio comerciales, comunitarias y de Internet. Basado en el Reino Unido. Precios desde \u00a3 5. Comprar online.","publisher":{"@id":"https:\/\/radiojingles24.com\/#organization"},"potentialAction":[{"@type":"SearchAction","target":{"@type":"EntryPoint","urlTemplate":"https:\/\/radiojingles24.com\/?s={search_term_string}"},"query-input":{"@type":"PropertyValueSpecification","valueRequired":true,"valueName":"search_term_string"}}],"inLanguage":"es"},{"@type":"Organization","@id":"https:\/\/radiojingles24.com\/#organization","name":"Radio Jingles 24","url":"https:\/\/radiojingles24.com\/","logo":{"@type":"ImageObject","inLanguage":"es","@id":"https:\/\/radiojingles24.com\/#\/schema\/logo\/image\/","url":"https:\/\/radiojingles24.com\/wp-content\/uploads\/2019\/11\/RadioJingle1-1.jpg","contentUrl":"https:\/\/radiojingles24.com\/wp-content\/uploads\/2019\/11\/RadioJingle1-1.jpg","width":512,"height":158,"caption":"Radio Jingles 24"},"image":{"@id":"https:\/\/radiojingles24.com\/#\/schema\/logo\/image\/"},"sameAs":["https:\/\/www.facebook.com\/radiojingles24\/","https:\/\/x.com\/radiojingles24"]}]}},"jetpack_sharing_enabled":true,"_links":{"self":[{"href":"https:\/\/radiojingles24.com\/es\/wp-json\/wp\/v2\/pages\/88331","targetHints":{"allow":["GET"]}}],"collection":[{"href":"https:\/\/radiojingles24.com\/es\/wp-json\/wp\/v2\/pages"}],"about":[{"href":"https:\/\/radiojingles24.com\/es\/wp-json\/wp\/v2\/types\/page"}],"author":[{"embeddable":true,"href":"https:\/\/radiojingles24.com\/es\/wp-json\/wp\/v2\/users\/1"}],"replies":[{"embeddable":true,"href":"https:\/\/radiojingles24.com\/es\/wp-json\/wp\/v2\/comments?post=88331"}],"version-history":[{"count":1,"href":"https:\/\/radiojingles24.com\/es\/wp-json\/wp\/v2\/pages\/88331\/revisions"}],"predecessor-version":[{"id":88332,"href":"https:\/\/radiojingles24.com\/es\/wp-json\/wp\/v2\/pages\/88331\/revisions\/88332"}],"wp:attachment":[{"href":"https:\/\/radiojingles24.com\/es\/wp-json\/wp\/v2\/media?parent=88331"}],"curies":[{"name":"wp","href":"https:\/\/api.w.org\/{rel}","templated":true}]}}