{"id":88474,"date":"2021-02-10T16:41:42","date_gmt":"2021-02-10T16:41:42","guid":{"rendered":"https:\/\/radiojingles24.com\/?page_id=88474"},"modified":"2021-02-10T16:41:42","modified_gmt":"2021-02-10T16:41:42","slug":"dj-intro-voice-to-download-2","status":"publish","type":"page","link":"https:\/\/radiojingles24.com\/es\/dj-intro-voice-to-download-2\/","title":{"rendered":"DJ Intro Voice para descargar"},"content":{"rendered":"<div id=\"fws_69e05badb0a72\"  data-midnight=\"dark\"  data-bg-mobile-hidden=\"\" class=\"wpb_row vc_row-fluid vc_row top-level standard_section\"  style=\"padding-top: 0px; padding-bottom: 0px; \"><div class=\"row-bg-wrap\" data-bg-animation=\"none\"><div class=\"inner-wrap\"><div class=\"row-bg\"  style=\"\"><\/div><\/div><div class=\"row-bg-overlay\" ><\/div><\/div><div class=\"col span_12 dark left\">\n\t<div  class=\"vc_col-sm-12 wpb_column column_container vc_column_container col no-extra-padding\"  data-t-w-inherits=\"default\" data-border-radius=\"none\" data-shadow=\"none\" data-border-animation=\"\" data-border-animation-delay=\"\" data-border-width=\"none\" data-border-style=\"solid\" data-border-color=\"\" data-bg-cover=\"\" data-padding-pos=\"all\" data-has-bg-color=\"false\" data-bg-color=\"\" data-bg-opacity=\"1\" data-hover-bg=\"\" data-hover-bg-opacity=\"1\" data-animation=\"\" data-delay=\"0\"><div class=\"column-bg-overlay\"><\/div>\n\t\t<div class=\"vc_column-inner\">\n\t\t\t<div class=\"wpb_wrapper\">\n\t\t\t\t\r\n\t<div class=\"wpb_text_column wpb_content_element\" >\r\n\t\t<div class=\"wpb_wrapper\">\r\n\t\t\t<p><span style=\"font-weight: 400;\">\u00bfLe gustar\u00eda descargar una voz de introducci\u00f3n de DJ producida r\u00e1pidamente y a un precio asequible? \u00bfEs usted una estaci\u00f3n de radio comercial o comunitaria que necesita un sonido profesional de alta calidad? Si respondi\u00f3 afirmativamente a cualquiera de estas preguntas, entonces ha venido a las personas adecuadas. Bienvenido a <\/span><a href=\"https:\/\/radiojingles24.com\/es\/\"><span style=\"font-weight: 400;\">Radio Jingles 24<\/span><\/a><span style=\"font-weight: 400;\">, somos especialistas en producci\u00f3n de audio y ofrecemos una amplia gama de soluciones de audio para clientes de todo el Reino Unido.\u00a0<\/span><\/p>\n<p><span style=\"font-weight: 400;\">Nuestro equipo de expertos crea de todo, desde im\u00e1genes de estaciones de radio y jingles de radio cantados hasta comerciales, audio de podcast y lanzamientos de DJ. Con m\u00e1s de 10 a\u00f1os de experiencia en la industria, somos proveedores de audio de primera clase con los que puede contar para todas sus necesidades de sonido. P\u00f3ngase en contacto con nosotros para aprovechar nuestro extenso cat\u00e1logo de m\u00fasica libre de derechos y SFX.\u00a0<\/span><\/p>\n<p>&nbsp;<\/p>\n<h2>DJ Intro Voice para descargar<\/h2>\n<p>&nbsp;<\/p>\n<p><span style=\"font-weight: 400;\">Somos un l\u00edder <\/span><a href=\"https:\/\/radiojingles24.com\/es\/about\/\"><span style=\"font-weight: 400;\">compa\u00f1\u00eda de producci\u00f3n de audio<\/span><\/a><span style=\"font-weight: 400;\"> con sede en Leeds. Nuestro equipo tiene una larga trayectoria trabajando en la industria del audio con clientes que incluyen podcasters, DJ y estaciones de radio. Hemos trabajado en conjunto con clientes reconocidos como Corby Radio, Cash Converters y UKRD Group. Contamos con 10 a\u00f1os de experiencia trabajando con los mejores talentos de la industria de locuci\u00f3n y audio. Ofrecemos sonido de primera clase de artistas profesionales de renombre que ofrecen resultados consistentes.\u00a0<\/span><\/p>\n<p>&nbsp;<\/p>\n<p><span style=\"font-weight: 400;\">Nuestro audio se produce en una variedad de formatos de archivo, incluidos HQ MP3, WAVE y AIFF. Esto le brinda la flexibilidad de elegir el formato adecuado para su proyecto. Es nuestra garant\u00eda que su audio le ser\u00e1 entregado dentro de un m\u00e1ximo de 24 horas, a m\u00e1s tardar. \u00a1Somos los m\u00e1s r\u00e1pidos del sector! Si necesita desesperadamente su audio incluso antes, h\u00e1ganoslo saber y veremos qu\u00e9 podemos hacer por usted. Para descargar una voz de introducci\u00f3n de DJ, elija Radio Jingles 24.<\/span><\/p>\n<p>&nbsp;<\/p>\n<p><b>\u00bfInteresado en descargar una voz de introducci\u00f3n de DJ?<\/b><\/p>\n<p>&nbsp;<\/p>\n<p><span style=\"font-weight: 400;\">Si est\u00e1 buscando un sonido aut\u00e9ntico y profesional <\/span><a href=\"https:\/\/radiojingles24.com\/es\/categoria-producto\/dj-drops\/\"><span style=\"font-weight: 400;\">DJ intro Voice para descargar<\/span><\/a><span style=\"font-weight: 400;\">, podemos ofrecerte dos fant\u00e1sticas opciones. Nuestros paquetes constan del Essential DJ Pack y el Pro DJ Drop Pack. En la colecci\u00f3n Essential DJ, recibir\u00e1s 3 DJ Drops con Vocal FX, as\u00ed como copias en seco individuales de estos archivos. En total, esta opci\u00f3n proporciona 6 archivos de audio por una tarifa competitiva de \u00a3 25, un valor incre\u00edble.\u00a0<\/span><\/p>\n<p>&nbsp;<\/p>\n<p><span style=\"font-weight: 400;\">Si desea optar por algo m\u00e1s grande, el Pro DJ Drop PAck es perfecto. Contiene 3 DJ Drops de 10 segundos con Vocal FX m\u00e1s las copias secas; 2 x DJ Drops totalmente producidos cada uno de hasta 10 segundos de duraci\u00f3n con opciones de M\u00fasica, SFX y Vocal FX, y las copias secas. Todo esto por solo \u00a3 55. Estas dos opciones le permiten ahorrar dinero a largo plazo permiti\u00e9ndole comprar m\u00faltiples DJ Drops en una soluci\u00f3n simple. No solo le ahorramos dinero, sino que le proporcionamos una calidad de sonido, un rendimiento y una voz en off de primera clase.\u00a0<\/span><\/p>\n<p>&nbsp;<\/p>\n<p><b>\u00bfNecesita audio para su pr\u00f3ximo proyecto?\u00a0<\/b><\/p>\n<p>&nbsp;<\/p>\n<p><span style=\"font-weight: 400;\">Si necesita una voz de introducci\u00f3n de DJ para descargar, Radio Jingles 24 tiene la soluci\u00f3n. Con una gran experiencia a nuestras espaldas, podemos ofrecer audio profesional y personalizado. Para hablar con uno de nuestro equipo sobre las opciones, puede llamarnos al <\/span><span style=\"font-weight: 400;\">+44 0113 5346686 (Reino Unido) o +1 (212) 710-1350 (EE. UU.). Alternativamente, no dude en enviarnos un correo electr\u00f3nico a <\/span><a href=\"mailto:info@radiojingles24.com\"><span style=\"font-weight: 400;\">info@radiojingles24.com<\/span><\/a><span style=\"font-weight: 400;\"> y te responderemos lo antes posible. T\u00fa tambi\u00e9n puedes <\/span><a href=\"https:\/\/radiojingles24.com\/es\/contact-us\/\"><span style=\"font-weight: 400;\">env\u00edanos un mensaje<\/span><\/a><span style=\"font-weight: 400;\"> a trav\u00e9s del formulario de contacto de nuestro sitio web. Esperamos saber de usted pronto.\u00a0<\/span><\/p>\n\r\n\t\t<\/div>\r\n\t<\/div>\r\n\n\t\t\t<\/div> \n\t\t<\/div>\n\t<\/div> \n<\/div><\/div>","protected":false},"excerpt":{"rendered":"\u00bfTe gustar\u00eda descargar una voz de introducci\u00f3n de DJ producida r\u00e1pidamente y a un precio asequible? \u00bfEres una estaci\u00f3n de radio comercial o comunitaria que necesita un sonido profesional de alta calidad? Si usted...","protected":false},"author":1,"featured_media":0,"parent":0,"menu_order":0,"comment_status":"closed","ping_status":"closed","template":"","meta":{"_exactmetrics_skip_tracking":false,"_exactmetrics_sitenote_active":false,"_exactmetrics_sitenote_note":"","_exactmetrics_sitenote_category":0,"footnotes":""},"class_list":["post-88474","page","type-page","status-publish"],"yoast_head":"<!-- This site is optimized with the Yoast SEO plugin v26.8 - https:\/\/yoast.com\/product\/yoast-seo-wordpress\/ -->\n<title>Radio Jingles 24: Radio Jingles | DJ Drops | Podcast Intros | Sung Jingles<\/title>\n<meta name=\"description\" content=\"Radio Jingles, Sung Jingles, DJ Drops, and Podcast Intros for commercial, community and internet radio stations. UK Based. Prices from \u00a35. Order online.\" \/>\n<meta name=\"robots\" content=\"index, follow, max-snippet:-1, max-image-preview:large, max-video-preview:-1\" \/>\n<link rel=\"canonical\" href=\"https:\/\/radiojingles24.com\/es\/dj-intro-voice-to-download-2\/\" \/>\n<meta property=\"og:locale\" content=\"es_ES\" \/>\n<meta property=\"og:type\" content=\"article\" \/>\n<meta property=\"og:title\" content=\"Radio Jingles 24: Radio Jingles | DJ Drops | Podcast Intros | Sung Jingles\" \/>\n<meta property=\"og:description\" content=\"Radio Jingles, Sung Jingles, DJ Drops, and Podcast Intros for commercial, community and internet radio stations. UK Based. Prices from \u00a35. Order online.\" \/>\n<meta property=\"og:url\" content=\"https:\/\/radiojingles24.com\/es\/dj-intro-voice-to-download-2\/\" \/>\n<meta property=\"og:site_name\" content=\"Radio Jingles 24: Radio Jingles | DJ Drops | Podcast Intros | Sung Jingles\" \/>\n<meta property=\"article:publisher\" content=\"https:\/\/www.facebook.com\/radiojingles24\/\" \/>\n<meta name=\"twitter:card\" content=\"summary_large_image\" \/>\n<meta name=\"twitter:site\" content=\"@radiojingles24\" \/>\n<meta name=\"twitter:label1\" content=\"Tiempo de lectura\" \/>\n\t<meta name=\"twitter:data1\" content=\"3 minutos\" \/>\n<script type=\"application\/ld+json\" class=\"yoast-schema-graph\">{\"@context\":\"https:\/\/schema.org\",\"@graph\":[{\"@type\":\"WebPage\",\"@id\":\"https:\/\/radiojingles24.com\/dj-intro-voice-to-download-2\/\",\"url\":\"https:\/\/radiojingles24.com\/dj-intro-voice-to-download-2\/\",\"name\":\"Radio Jingles 24: Radio Jingles | DJ Drops | Podcast Intros | Sung Jingles\",\"isPartOf\":{\"@id\":\"https:\/\/radiojingles24.com\/#website\"},\"datePublished\":\"2021-02-10T16:41:42+00:00\",\"description\":\"Radio Jingles, Sung Jingles, DJ Drops, and Podcast Intros for commercial, community and internet radio stations. UK Based. Prices from \u00a35. Order online.\",\"breadcrumb\":{\"@id\":\"https:\/\/radiojingles24.com\/dj-intro-voice-to-download-2\/#breadcrumb\"},\"inLanguage\":\"es\",\"potentialAction\":[{\"@type\":\"ReadAction\",\"target\":[\"https:\/\/radiojingles24.com\/dj-intro-voice-to-download-2\/\"]}]},{\"@type\":\"BreadcrumbList\",\"@id\":\"https:\/\/radiojingles24.com\/dj-intro-voice-to-download-2\/#breadcrumb\",\"itemListElement\":[{\"@type\":\"ListItem\",\"position\":1,\"name\":\"Home\",\"item\":\"https:\/\/radiojingles24.com\/de\/\"},{\"@type\":\"ListItem\",\"position\":2,\"name\":\"DJ Intro Voice to Download\"}]},{\"@type\":\"WebSite\",\"@id\":\"https:\/\/radiojingles24.com\/#website\",\"url\":\"https:\/\/radiojingles24.com\/\",\"name\":\"Radio Jingles 24: Radio Jingles | DJ Drops | Podcast Intros | Sung Jingles\",\"description\":\"Radio Jingles, Sung Jingles, DJ Drops, and Podcast Intros for commercial, community and internet radio stations. UK Based. Prices from \u00a35. Order online.\",\"publisher\":{\"@id\":\"https:\/\/radiojingles24.com\/#organization\"},\"potentialAction\":[{\"@type\":\"SearchAction\",\"target\":{\"@type\":\"EntryPoint\",\"urlTemplate\":\"https:\/\/radiojingles24.com\/?s={search_term_string}\"},\"query-input\":{\"@type\":\"PropertyValueSpecification\",\"valueRequired\":true,\"valueName\":\"search_term_string\"}}],\"inLanguage\":\"es\"},{\"@type\":\"Organization\",\"@id\":\"https:\/\/radiojingles24.com\/#organization\",\"name\":\"Radio Jingles 24\",\"url\":\"https:\/\/radiojingles24.com\/\",\"logo\":{\"@type\":\"ImageObject\",\"inLanguage\":\"es\",\"@id\":\"https:\/\/radiojingles24.com\/#\/schema\/logo\/image\/\",\"url\":\"https:\/\/radiojingles24.com\/wp-content\/uploads\/2019\/11\/RadioJingle1-1.jpg\",\"contentUrl\":\"https:\/\/radiojingles24.com\/wp-content\/uploads\/2019\/11\/RadioJingle1-1.jpg\",\"width\":512,\"height\":158,\"caption\":\"Radio Jingles 24\"},\"image\":{\"@id\":\"https:\/\/radiojingles24.com\/#\/schema\/logo\/image\/\"},\"sameAs\":[\"https:\/\/www.facebook.com\/radiojingles24\/\",\"https:\/\/x.com\/radiojingles24\"]}]}<\/script>\n<!-- \/ Yoast SEO plugin. -->","yoast_head_json":{"title":"Radio Jingles 24: Radio Jingles | DJ Drops | Intros de podcasts | Jingles cantados","description":"Radio Jingles, Sung Jingles, DJ Drops e Intros de podcasts para estaciones de radio comerciales, comunitarias y de Internet. Basado en el Reino Unido. Precios desde \u00a3 5. Comprar online.","robots":{"index":"index","follow":"follow","max-snippet":"max-snippet:-1","max-image-preview":"max-image-preview:large","max-video-preview":"max-video-preview:-1"},"canonical":"https:\/\/radiojingles24.com\/es\/dj-intro-voice-to-download-2\/","og_locale":"es_ES","og_type":"article","og_title":"Radio Jingles 24: Radio Jingles | DJ Drops | Podcast Intros | Sung Jingles","og_description":"Radio Jingles, Sung Jingles, DJ Drops, and Podcast Intros for commercial, community and internet radio stations. UK Based. Prices from \u00a35. Order online.","og_url":"https:\/\/radiojingles24.com\/es\/dj-intro-voice-to-download-2\/","og_site_name":"Radio Jingles 24: Radio Jingles | DJ Drops | Podcast Intros | Sung Jingles","article_publisher":"https:\/\/www.facebook.com\/radiojingles24\/","twitter_card":"summary_large_image","twitter_site":"@radiojingles24","twitter_misc":{"Tiempo de lectura":"3 minutos"},"schema":{"@context":"https:\/\/schema.org","@graph":[{"@type":"WebPage","@id":"https:\/\/radiojingles24.com\/dj-intro-voice-to-download-2\/","url":"https:\/\/radiojingles24.com\/dj-intro-voice-to-download-2\/","name":"Radio Jingles 24: Radio Jingles | DJ Drops | Intros de podcasts | Jingles cantados","isPartOf":{"@id":"https:\/\/radiojingles24.com\/#website"},"datePublished":"2021-02-10T16:41:42+00:00","description":"Radio Jingles, Sung Jingles, DJ Drops e Intros de podcasts para estaciones de radio comerciales, comunitarias y de Internet. Basado en el Reino Unido. Precios desde \u00a3 5. Comprar online.","breadcrumb":{"@id":"https:\/\/radiojingles24.com\/dj-intro-voice-to-download-2\/#breadcrumb"},"inLanguage":"es","potentialAction":[{"@type":"ReadAction","target":["https:\/\/radiojingles24.com\/dj-intro-voice-to-download-2\/"]}]},{"@type":"BreadcrumbList","@id":"https:\/\/radiojingles24.com\/dj-intro-voice-to-download-2\/#breadcrumb","itemListElement":[{"@type":"ListItem","position":1,"name":"Home","item":"https:\/\/radiojingles24.com\/de\/"},{"@type":"ListItem","position":2,"name":"DJ Intro Voice to Download"}]},{"@type":"WebSite","@id":"https:\/\/radiojingles24.com\/#website","url":"https:\/\/radiojingles24.com\/","name":"Radio Jingles 24: Radio Jingles | DJ Drops | Intros de podcasts | Jingles cantados","description":"Radio Jingles, Sung Jingles, DJ Drops e Intros de podcasts para estaciones de radio comerciales, comunitarias y de Internet. Basado en el Reino Unido. Precios desde \u00a3 5. Comprar online.","publisher":{"@id":"https:\/\/radiojingles24.com\/#organization"},"potentialAction":[{"@type":"SearchAction","target":{"@type":"EntryPoint","urlTemplate":"https:\/\/radiojingles24.com\/?s={search_term_string}"},"query-input":{"@type":"PropertyValueSpecification","valueRequired":true,"valueName":"search_term_string"}}],"inLanguage":"es"},{"@type":"Organization","@id":"https:\/\/radiojingles24.com\/#organization","name":"Radio Jingles 24","url":"https:\/\/radiojingles24.com\/","logo":{"@type":"ImageObject","inLanguage":"es","@id":"https:\/\/radiojingles24.com\/#\/schema\/logo\/image\/","url":"https:\/\/radiojingles24.com\/wp-content\/uploads\/2019\/11\/RadioJingle1-1.jpg","contentUrl":"https:\/\/radiojingles24.com\/wp-content\/uploads\/2019\/11\/RadioJingle1-1.jpg","width":512,"height":158,"caption":"Radio Jingles 24"},"image":{"@id":"https:\/\/radiojingles24.com\/#\/schema\/logo\/image\/"},"sameAs":["https:\/\/www.facebook.com\/radiojingles24\/","https:\/\/x.com\/radiojingles24"]}]}},"jetpack_sharing_enabled":true,"_links":{"self":[{"href":"https:\/\/radiojingles24.com\/es\/wp-json\/wp\/v2\/pages\/88474","targetHints":{"allow":["GET"]}}],"collection":[{"href":"https:\/\/radiojingles24.com\/es\/wp-json\/wp\/v2\/pages"}],"about":[{"href":"https:\/\/radiojingles24.com\/es\/wp-json\/wp\/v2\/types\/page"}],"author":[{"embeddable":true,"href":"https:\/\/radiojingles24.com\/es\/wp-json\/wp\/v2\/users\/1"}],"replies":[{"embeddable":true,"href":"https:\/\/radiojingles24.com\/es\/wp-json\/wp\/v2\/comments?post=88474"}],"version-history":[{"count":1,"href":"https:\/\/radiojingles24.com\/es\/wp-json\/wp\/v2\/pages\/88474\/revisions"}],"predecessor-version":[{"id":88475,"href":"https:\/\/radiojingles24.com\/es\/wp-json\/wp\/v2\/pages\/88474\/revisions\/88475"}],"wp:attachment":[{"href":"https:\/\/radiojingles24.com\/es\/wp-json\/wp\/v2\/media?parent=88474"}],"curies":[{"name":"wp","href":"https:\/\/api.w.org\/{rel}","templated":true}]}}