{"id":89348,"date":"2021-04-06T14:43:04","date_gmt":"2021-04-06T14:43:04","guid":{"rendered":"https:\/\/radiojingles24.com\/?page_id=89348"},"modified":"2021-04-06T14:43:04","modified_gmt":"2021-04-06T14:43:04","slug":"searching-for-a-jingle-maker-app","status":"publish","type":"page","link":"https:\/\/radiojingles24.com\/es\/searching-for-a-jingle-maker-app\/","title":{"rendered":"\u00bfEst\u00e1 buscando una aplicaci\u00f3n Jingle Maker?"},"content":{"rendered":"<div id=\"fws_69f195a28f2cb\"  data-midnight=\"dark\"  data-bg-mobile-hidden=\"\" class=\"wpb_row vc_row-fluid vc_row top-level standard_section\"  style=\"padding-top: 0px; padding-bottom: 0px; \"><div class=\"row-bg-wrap\" data-bg-animation=\"none\"><div class=\"inner-wrap\"><div class=\"row-bg\"  style=\"\"><\/div><\/div><div class=\"row-bg-overlay\" ><\/div><\/div><div class=\"col span_12 dark left\">\n\t<div  class=\"vc_col-sm-12 wpb_column column_container vc_column_container col no-extra-padding\"  data-t-w-inherits=\"default\" data-border-radius=\"none\" data-shadow=\"none\" data-border-animation=\"\" data-border-animation-delay=\"\" data-border-width=\"none\" data-border-style=\"solid\" data-border-color=\"\" data-bg-cover=\"\" data-padding-pos=\"all\" data-has-bg-color=\"false\" data-bg-color=\"\" data-bg-opacity=\"1\" data-hover-bg=\"\" data-hover-bg-opacity=\"1\" data-animation=\"\" data-delay=\"0\"><div class=\"column-bg-overlay\"><\/div>\n\t\t<div class=\"vc_column-inner\">\n\t\t\t<div class=\"wpb_wrapper\">\n\t\t\t\t\r\n\t<div class=\"wpb_text_column wpb_content_element\" >\r\n\t\t<div class=\"wpb_wrapper\">\r\n\t\t\t<p><span style=\"font-weight: 400;\">\u00bfEst\u00e1 buscando hacer un jingle para ayudar a destacarse en el mercado? \u00bfQuieres una forma sencilla y f\u00e1cil de conseguir el jingle ideal? Aqu\u00ed en <\/span><a href=\"https:\/\/radiojingles24.com\/es\/\"><span style=\"font-weight: 400;\">Radio Jingle 24<\/span><\/a><span style=\"font-weight: 400;\">, tenemos una pr\u00e1ctica aplicaci\u00f3n de creaci\u00f3n de jingle que har\u00e1 que todo el proceso sea sencillo y f\u00e1cil de administrar. Tendr\u00e1s todo lo que necesitas para crear un jingle pegadizo y memorable en la palma de tu mano. Trabajamos duro para ofrecerle la mejor representaci\u00f3n posible de su marca. Podemos ofrecerle voces en off profesionales o jingles cantados en casi cualquier estilo, desde la radio antigua cl\u00e1sica hasta los cantantes modernos. \u00bfPor qu\u00e9 no contactarnos hoy y dar a conocer su marca con la aplicaci\u00f3n Jingle Maker de Radio Jingle 24?\u00a0<\/span><\/p>\n<h2><b>\u00bfPor qu\u00e9 invertir en un Jingle?<\/b><\/h2>\n<p><span style=\"font-weight: 400;\">Jingles son un <\/span><a href=\"https:\/\/radiojingles24.com\/es\/about\/\"><span style=\"font-weight: 400;\">gran forma de publicidad<\/span><\/a><span style=\"font-weight: 400;\"> y han estado arraigados en el tejido del marketing desde la d\u00e9cada de 1950. A pesar del panorama siempre cambiante del marketing y la publicidad, los jingles siguen siendo un elemento b\u00e1sico y son utilizados por empresas de casi cualquier tama\u00f1o. La clave que hace que los jingles sean tan efectivos es que se quedan atascados en tu cabeza. Incluso si un tintineo es algo repetitivo, sigue siendo memorable y, a veces, un tintineo m\u00e1s irritante puede ser m\u00e1s efectivo a medida que m\u00e1s personas lo recuerdan.\u00a0<\/span><\/p>\n<p><span style=\"font-weight: 400;\">Probablemente pueda pensar inmediatamente en jingles exitosos que haya escuchado y recordar las compa\u00f1\u00edas que los escribieron. Desde &#039;Compramos cualquier autom\u00f3vil&#039; hasta el n\u00famero de &#039;Hastings Direct&#039;, los jingles pueden quedarse en su cabeza durante muchos a\u00f1os. Y una vez que haya creado un jingle en nuestra aplicaci\u00f3n Jingle Maker, casi se convierte en publicidad gratuita, ya que se queda en el cerebro de las personas y hace que su marca sea reconocible al instante.<\/span><\/p>\n<p><b>\u00bfC\u00f3mo puede ayudar Radio Jingle 24?<\/b><\/p>\n<p><span style=\"font-weight: 400;\">Aqu\u00ed en Radio Jingle 24, intentamos mantener las cosas simples. Sabemos que escribir un jingle puede parecer una tarea abrumadora de emprender, especialmente si tiene que contratar a un compositor y m\u00fasicos para crear el jingle para usted. Por eso, estamos dedicados a eliminar las molestias de todo con nuestra aplicaci\u00f3n Jingle Maker. Con esta aplicaci\u00f3n, podr\u00e1 elegir exactamente qu\u00e9 es lo que desea hacer.\u00a0<\/span><\/p>\n<p><span style=\"font-weight: 400;\">Ya sea que se trate de una pista de audio de larga duraci\u00f3n, un tintineo corto o una voz en off para su pr\u00f3ximo anuncio de radio o televisi\u00f3n, podemos hacerlo realidad. Solo sube tu gui\u00f3n, elige tu estilo y tu actor y nosotros haremos el resto. Nuestra aplicaci\u00f3n para hacer jingle es f\u00e1cil de usar y tendr\u00e1s tu nuevo jingle en 24 horas. Ap\u00f3yate en el poder del jingle, con Radio Jingle 24.<\/span><\/p>\n<p><b>\u00bfInteresado en crear un jingle?<\/b><\/p>\n<p><span style=\"font-weight: 400;\">Si est\u00e1 interesado en crear su propio jingle personalizado solo para usted, no dude en probar nuestra aplicaci\u00f3n para crear jingle. Nuestro equipo de excelentes vocalistas y cantantes podr\u00e1 crear exactamente el estilo y la duraci\u00f3n del jingle que estabas esperando. Para jingles creativos y memorables, elija Radio Jingle 24. Puede llamarnos al 01135 346686 o enviarnos un correo electr\u00f3nico a <\/span><a href=\"mailto:info@radiojingles24.com\"><span style=\"font-weight: 400;\">info@radiojingles24.com<\/span><\/a><span style=\"font-weight: 400;\">. Estamos ansiosos por trabajar con usted.<\/span><\/p>\n\r\n\t\t<\/div>\r\n\t<\/div>\r\n\n\t\t\t<\/div> \n\t\t<\/div>\n\t<\/div> \n<\/div><\/div>","protected":false},"excerpt":{"rendered":"\u00bfEst\u00e1 buscando hacer un jingle para ayudar a destacarse en el mercado? \u00bfQuieres una forma sencilla y f\u00e1cil de conseguir el jingle ideal? Aqu\u00ed en Radio...","protected":false},"author":1,"featured_media":0,"parent":0,"menu_order":0,"comment_status":"closed","ping_status":"closed","template":"","meta":{"_exactmetrics_skip_tracking":false,"_exactmetrics_sitenote_active":false,"_exactmetrics_sitenote_note":"","_exactmetrics_sitenote_category":0,"footnotes":""},"class_list":["post-89348","page","type-page","status-publish"],"yoast_head":"<!-- This site is optimized with the Yoast SEO plugin v26.8 - https:\/\/yoast.com\/product\/yoast-seo-wordpress\/ -->\n<title>Radio Jingles 24: Radio Jingles | DJ Drops | Podcast Intros | Sung Jingles<\/title>\n<meta name=\"description\" content=\"Radio Jingles, Sung Jingles, DJ Drops, and Podcast Intros for commercial, community and internet radio stations. UK Based. Prices from \u00a35. Order online.\" \/>\n<meta name=\"robots\" content=\"index, follow, max-snippet:-1, max-image-preview:large, max-video-preview:-1\" \/>\n<link rel=\"canonical\" href=\"https:\/\/radiojingles24.com\/es\/searching-for-a-jingle-maker-app\/\" \/>\n<meta property=\"og:locale\" content=\"es_ES\" \/>\n<meta property=\"og:type\" content=\"article\" \/>\n<meta property=\"og:title\" content=\"Radio Jingles 24: Radio Jingles | DJ Drops | Podcast Intros | Sung Jingles\" \/>\n<meta property=\"og:description\" content=\"Radio Jingles, Sung Jingles, DJ Drops, and Podcast Intros for commercial, community and internet radio stations. UK Based. Prices from \u00a35. Order online.\" \/>\n<meta property=\"og:url\" content=\"https:\/\/radiojingles24.com\/es\/searching-for-a-jingle-maker-app\/\" \/>\n<meta property=\"og:site_name\" content=\"Radio Jingles 24: Radio Jingles | DJ Drops | Podcast Intros | Sung Jingles\" \/>\n<meta property=\"article:publisher\" content=\"https:\/\/www.facebook.com\/radiojingles24\/\" \/>\n<meta name=\"twitter:card\" content=\"summary_large_image\" \/>\n<meta name=\"twitter:site\" content=\"@radiojingles24\" \/>\n<meta name=\"twitter:label1\" content=\"Tiempo de lectura\" \/>\n\t<meta name=\"twitter:data1\" content=\"3 minutos\" \/>\n<script type=\"application\/ld+json\" class=\"yoast-schema-graph\">{\"@context\":\"https:\/\/schema.org\",\"@graph\":[{\"@type\":\"WebPage\",\"@id\":\"https:\/\/radiojingles24.com\/fr\/searching-for-a-jingle-maker-app\/\",\"url\":\"https:\/\/radiojingles24.com\/fr\/searching-for-a-jingle-maker-app\/\",\"name\":\"Radio Jingles 24: Radio Jingles | DJ Drops | Podcast Intros | Sung Jingles\",\"isPartOf\":{\"@id\":\"https:\/\/radiojingles24.com\/#website\"},\"datePublished\":\"2021-04-06T14:43:04+00:00\",\"description\":\"Radio Jingles, Sung Jingles, DJ Drops, and Podcast Intros for commercial, community and internet radio stations. UK Based. Prices from \u00a35. Order online.\",\"breadcrumb\":{\"@id\":\"https:\/\/radiojingles24.com\/fr\/searching-for-a-jingle-maker-app\/#breadcrumb\"},\"inLanguage\":\"es\",\"potentialAction\":[{\"@type\":\"ReadAction\",\"target\":[\"https:\/\/radiojingles24.com\/fr\/searching-for-a-jingle-maker-app\/\"]}]},{\"@type\":\"BreadcrumbList\",\"@id\":\"https:\/\/radiojingles24.com\/fr\/searching-for-a-jingle-maker-app\/#breadcrumb\",\"itemListElement\":[{\"@type\":\"ListItem\",\"position\":1,\"name\":\"Home\",\"item\":\"https:\/\/radiojingles24.com\/de\/\"},{\"@type\":\"ListItem\",\"position\":2,\"name\":\"Searching for a Jingle Maker App?\"}]},{\"@type\":\"WebSite\",\"@id\":\"https:\/\/radiojingles24.com\/#website\",\"url\":\"https:\/\/radiojingles24.com\/\",\"name\":\"Radio Jingles 24: Radio Jingles | DJ Drops | Podcast Intros | Sung Jingles\",\"description\":\"Radio Jingles, Sung Jingles, DJ Drops, and Podcast Intros for commercial, community and internet radio stations. UK Based. Prices from \u00a35. Order online.\",\"publisher\":{\"@id\":\"https:\/\/radiojingles24.com\/#organization\"},\"potentialAction\":[{\"@type\":\"SearchAction\",\"target\":{\"@type\":\"EntryPoint\",\"urlTemplate\":\"https:\/\/radiojingles24.com\/?s={search_term_string}\"},\"query-input\":{\"@type\":\"PropertyValueSpecification\",\"valueRequired\":true,\"valueName\":\"search_term_string\"}}],\"inLanguage\":\"es\"},{\"@type\":\"Organization\",\"@id\":\"https:\/\/radiojingles24.com\/#organization\",\"name\":\"Radio Jingles 24\",\"url\":\"https:\/\/radiojingles24.com\/\",\"logo\":{\"@type\":\"ImageObject\",\"inLanguage\":\"es\",\"@id\":\"https:\/\/radiojingles24.com\/#\/schema\/logo\/image\/\",\"url\":\"https:\/\/radiojingles24.com\/wp-content\/uploads\/2019\/11\/RadioJingle1-1.jpg\",\"contentUrl\":\"https:\/\/radiojingles24.com\/wp-content\/uploads\/2019\/11\/RadioJingle1-1.jpg\",\"width\":512,\"height\":158,\"caption\":\"Radio Jingles 24\"},\"image\":{\"@id\":\"https:\/\/radiojingles24.com\/#\/schema\/logo\/image\/\"},\"sameAs\":[\"https:\/\/www.facebook.com\/radiojingles24\/\",\"https:\/\/x.com\/radiojingles24\"]}]}<\/script>\n<!-- \/ Yoast SEO plugin. -->","yoast_head_json":{"title":"Radio Jingles 24: Radio Jingles | DJ Drops | Intros de podcasts | Jingles cantados","description":"Radio Jingles, Sung Jingles, DJ Drops e Intros de podcasts para estaciones de radio comerciales, comunitarias y de Internet. Basado en el Reino Unido. Precios desde \u00a3 5. Comprar online.","robots":{"index":"index","follow":"follow","max-snippet":"max-snippet:-1","max-image-preview":"max-image-preview:large","max-video-preview":"max-video-preview:-1"},"canonical":"https:\/\/radiojingles24.com\/es\/searching-for-a-jingle-maker-app\/","og_locale":"es_ES","og_type":"article","og_title":"Radio Jingles 24: Radio Jingles | DJ Drops | Podcast Intros | Sung Jingles","og_description":"Radio Jingles, Sung Jingles, DJ Drops, and Podcast Intros for commercial, community and internet radio stations. UK Based. Prices from \u00a35. Order online.","og_url":"https:\/\/radiojingles24.com\/es\/searching-for-a-jingle-maker-app\/","og_site_name":"Radio Jingles 24: Radio Jingles | DJ Drops | Podcast Intros | Sung Jingles","article_publisher":"https:\/\/www.facebook.com\/radiojingles24\/","twitter_card":"summary_large_image","twitter_site":"@radiojingles24","twitter_misc":{"Tiempo de lectura":"3 minutos"},"schema":{"@context":"https:\/\/schema.org","@graph":[{"@type":"WebPage","@id":"https:\/\/radiojingles24.com\/fr\/searching-for-a-jingle-maker-app\/","url":"https:\/\/radiojingles24.com\/fr\/searching-for-a-jingle-maker-app\/","name":"Radio Jingles 24: Radio Jingles | DJ Drops | Intros de podcasts | Jingles cantados","isPartOf":{"@id":"https:\/\/radiojingles24.com\/#website"},"datePublished":"2021-04-06T14:43:04+00:00","description":"Radio Jingles, Sung Jingles, DJ Drops e Intros de podcasts para estaciones de radio comerciales, comunitarias y de Internet. Basado en el Reino Unido. Precios desde \u00a3 5. Comprar online.","breadcrumb":{"@id":"https:\/\/radiojingles24.com\/fr\/searching-for-a-jingle-maker-app\/#breadcrumb"},"inLanguage":"es","potentialAction":[{"@type":"ReadAction","target":["https:\/\/radiojingles24.com\/fr\/searching-for-a-jingle-maker-app\/"]}]},{"@type":"BreadcrumbList","@id":"https:\/\/radiojingles24.com\/fr\/searching-for-a-jingle-maker-app\/#breadcrumb","itemListElement":[{"@type":"ListItem","position":1,"name":"Home","item":"https:\/\/radiojingles24.com\/de\/"},{"@type":"ListItem","position":2,"name":"Searching for a Jingle Maker App?"}]},{"@type":"WebSite","@id":"https:\/\/radiojingles24.com\/#website","url":"https:\/\/radiojingles24.com\/","name":"Radio Jingles 24: Radio Jingles | DJ Drops | Intros de podcasts | Jingles cantados","description":"Radio Jingles, Sung Jingles, DJ Drops e Intros de podcasts para estaciones de radio comerciales, comunitarias y de Internet. Basado en el Reino Unido. Precios desde \u00a3 5. Comprar online.","publisher":{"@id":"https:\/\/radiojingles24.com\/#organization"},"potentialAction":[{"@type":"SearchAction","target":{"@type":"EntryPoint","urlTemplate":"https:\/\/radiojingles24.com\/?s={search_term_string}"},"query-input":{"@type":"PropertyValueSpecification","valueRequired":true,"valueName":"search_term_string"}}],"inLanguage":"es"},{"@type":"Organization","@id":"https:\/\/radiojingles24.com\/#organization","name":"Radio Jingles 24","url":"https:\/\/radiojingles24.com\/","logo":{"@type":"ImageObject","inLanguage":"es","@id":"https:\/\/radiojingles24.com\/#\/schema\/logo\/image\/","url":"https:\/\/radiojingles24.com\/wp-content\/uploads\/2019\/11\/RadioJingle1-1.jpg","contentUrl":"https:\/\/radiojingles24.com\/wp-content\/uploads\/2019\/11\/RadioJingle1-1.jpg","width":512,"height":158,"caption":"Radio Jingles 24"},"image":{"@id":"https:\/\/radiojingles24.com\/#\/schema\/logo\/image\/"},"sameAs":["https:\/\/www.facebook.com\/radiojingles24\/","https:\/\/x.com\/radiojingles24"]}]}},"jetpack_sharing_enabled":true,"_links":{"self":[{"href":"https:\/\/radiojingles24.com\/es\/wp-json\/wp\/v2\/pages\/89348","targetHints":{"allow":["GET"]}}],"collection":[{"href":"https:\/\/radiojingles24.com\/es\/wp-json\/wp\/v2\/pages"}],"about":[{"href":"https:\/\/radiojingles24.com\/es\/wp-json\/wp\/v2\/types\/page"}],"author":[{"embeddable":true,"href":"https:\/\/radiojingles24.com\/es\/wp-json\/wp\/v2\/users\/1"}],"replies":[{"embeddable":true,"href":"https:\/\/radiojingles24.com\/es\/wp-json\/wp\/v2\/comments?post=89348"}],"version-history":[{"count":1,"href":"https:\/\/radiojingles24.com\/es\/wp-json\/wp\/v2\/pages\/89348\/revisions"}],"predecessor-version":[{"id":89349,"href":"https:\/\/radiojingles24.com\/es\/wp-json\/wp\/v2\/pages\/89348\/revisions\/89349"}],"wp:attachment":[{"href":"https:\/\/radiojingles24.com\/es\/wp-json\/wp\/v2\/media?parent=89348"}],"curies":[{"name":"wp","href":"https:\/\/api.w.org\/{rel}","templated":true}]}}