{"id":89352,"date":"2021-04-06T14:48:00","date_gmt":"2021-04-06T14:48:00","guid":{"rendered":"https:\/\/radiojingles24.com\/?page_id=89352"},"modified":"2021-04-06T14:48:00","modified_gmt":"2021-04-06T14:48:00","slug":"would-you-like-to-produce-a-podcast-jingle","status":"publish","type":"page","link":"https:\/\/radiojingles24.com\/es\/would-you-like-to-produce-a-podcast-jingle\/","title":{"rendered":"\u00bfTe gustar\u00eda producir un jingle de podcast?"},"content":{"rendered":"<div id=\"fws_69e2595e386fe\"  data-midnight=\"dark\"  data-bg-mobile-hidden=\"\" class=\"wpb_row vc_row-fluid vc_row top-level standard_section\"  style=\"padding-top: 0px; padding-bottom: 0px; \"><div class=\"row-bg-wrap\" data-bg-animation=\"none\"><div class=\"inner-wrap\"><div class=\"row-bg\"  style=\"\"><\/div><\/div><div class=\"row-bg-overlay\" ><\/div><\/div><div class=\"col span_12 dark left\">\n\t<div  class=\"vc_col-sm-12 wpb_column column_container vc_column_container col no-extra-padding\"  data-t-w-inherits=\"default\" data-border-radius=\"none\" data-shadow=\"none\" data-border-animation=\"\" data-border-animation-delay=\"\" data-border-width=\"none\" data-border-style=\"solid\" data-border-color=\"\" data-bg-cover=\"\" data-padding-pos=\"all\" data-has-bg-color=\"false\" data-bg-color=\"\" data-bg-opacity=\"1\" data-hover-bg=\"\" data-hover-bg-opacity=\"1\" data-animation=\"\" data-delay=\"0\"><div class=\"column-bg-overlay\"><\/div>\n\t\t<div class=\"vc_column-inner\">\n\t\t\t<div class=\"wpb_wrapper\">\n\t\t\t\t\r\n\t<div class=\"wpb_text_column wpb_content_element\" >\r\n\t\t<div class=\"wpb_wrapper\">\r\n\t\t\t<p><span style=\"font-weight: 400;\">\u00bfTiene su propio podcast para el que le gustar\u00eda crear un jingle de podcast? Has venido al lugar correcto. Bienvenido a <\/span><a href=\"https:\/\/radiojingles24.com\/es\/\"><span style=\"font-weight: 400;\">Radio Jingles 24<\/span><\/a><span style=\"font-weight: 400;\">, ofrecemos una amplia gama de servicios de audio y jingle. Esto incluye la producci\u00f3n de jingles de radio profesionales, jingles cantados, lanzamientos de DJ y producci\u00f3n comercial, solo por nombrar algunos.\u00a0<\/span><\/p>\n<p><span style=\"font-weight: 400;\">Sean cuales sean sus necesidades de audio, nuestros ingenieros de sonido especializados pueden proporcionarle soluciones de sonido de alta calidad en varios formatos accesibles, como MP3, HQ WAVE y AIFF. Y lo enviaremos lo m\u00e1s r\u00e1pido posible; por lo general, recibir\u00e1 sus jingles dentro de las 24 horas. \u00bfPor qu\u00e9 no contactarnos hoy para obtener m\u00e1s informaci\u00f3n?<\/span><\/p>\n<p><b>\u00bfComo podemos ayudarte?<\/b><\/p>\n<p><span style=\"font-weight: 400;\">Si est\u00e1 presentando o produciendo un programa de podcast, aqu\u00ed en Radio Jingles 24, ofrecemos excelentes jingles de podcast que sonar\u00e1n muy bien y mantendr\u00e1n a sus oyentes comprometidos. Nuestro <\/span><a href=\"https:\/\/radiojingles24.com\/es\/producto\/intro-outro-podcast-pack\/\"><span style=\"font-weight: 400;\">paquete de podcasts intro y outro<\/span><\/a><span style=\"font-weight: 400;\"> ofrece una serie de jingles de podcasts y voces en off para que elijas entre artistas como Paul, Jo, Laura, Mike y John. Contamos con una gama de locutores profesionales masculinos y femeninos, cada uno de los cuales es individual y distinto a su manera. Cada intro y outro dura 30 segundos cada uno, y se expresa y produce con m\u00fasica, Vocal FX y SFX.\u00a0<\/span><\/p>\n<p><span style=\"font-weight: 400;\">Todo lo que tiene que hacer es proporcionarnos un gui\u00f3n de 30 segundos y decirnos si tiene alg\u00fan requisito especial. Podemos <\/span><a href=\"https:\/\/radiojingles24.com\/es\/producto\/intro-outro-podcast-pack\/\"><span style=\"font-weight: 400;\">produce tu jingle de podcast<\/span><\/a><span style=\"font-weight: 400;\"> en tres formatos de archivo: MP3, WAVE y AIFF, y recibir\u00e1s copias finales y copias en seco, por lo que recibir\u00e1s 4 archivos de audio en total. Le garantizamos que nuestros jingles de podcast elevar\u00e1n sus episodios de podcast al siguiente nivel con un sonido de primera calidad que distingue su programa del resto. A un precio de solo \u00a3 40 para la producci\u00f3n, esta es una opci\u00f3n destacada y muy asequible que debe aprovechar hoy.<\/span><\/p>\n<p><b>\u00bfPor qu\u00e9 elegir Radio Jingles 24?<\/b><\/p>\n<p><span style=\"font-weight: 400;\">Si desea que se produzca un jingle de podcast para su programa, le enviaremos este audio en un plazo m\u00e1ximo de 24 horas. Por lo general, le enviaremos su audio en solo un par de horas, y si necesita un jingle con urgencia, podemos ofrecerle un servicio a\u00fan m\u00e1s r\u00e1pido, si nos llama al: 0113 534 6686.\u00a0<\/span><\/p>\n<p><span style=\"font-weight: 400;\">Si necesita una soluci\u00f3n personalizada o desea discutir algo m\u00e1s, siempre puede llamarnos; el equipo estar\u00e1 encantado de ayudarlo y garantizar que reciba una soluci\u00f3n \u00f3ptima. Estamos comprometidos a producir sonidos de calidad que aumenten la popularidad de su podcast y hagan que la gente lo escuche. Nuestro objetivo es hacer un esfuerzo adicional e ir m\u00e1s all\u00e1 de sus expectativas con un servicio al cliente de primera clase y soporte durante todo el tiempo que utilice nuestro servicio.\u00a0<\/span><\/p>\n<p><b>Maneras de contactarnos\u00a0<\/b><\/p>\n<p><span style=\"font-weight: 400;\">Si est\u00e1 interesado en nuestro servicio de jingle de podcasts, no dude en ponerse en contacto con nosotros hoy mismo. Puede enviarnos un correo electr\u00f3nico a <\/span><a href=\"mailto:info@radiojingles24.com\"><span style=\"font-weight: 400;\">info@radiojingles24.com<\/span><\/a><span style=\"font-weight: 400;\"> y nos comunicaremos a la brevedad. Tambi\u00e9n puede llamarnos al: +44 (0) 113 5346686 (Reino Unido) o +1 (212) 710-1350 (EE. UU.). Sean cuales sean sus necesidades, no dude en ponerse en contacto con nosotros y hablar con uno de nuestros expertos.\u00a0<\/span><\/p>\n\r\n\t\t<\/div>\r\n\t<\/div>\r\n\n\t\t\t<\/div> \n\t\t<\/div>\n\t<\/div> \n<\/div><\/div>","protected":false},"excerpt":{"rendered":"\u00bfTienes tu propio podcast para el que te gustar\u00eda crear un jingle de podcast? Has venido al lugar correcto. Bienvenidos a Radio Jingles 24, ofrecemos una diversa...","protected":false},"author":1,"featured_media":0,"parent":0,"menu_order":0,"comment_status":"closed","ping_status":"closed","template":"","meta":{"_exactmetrics_skip_tracking":false,"_exactmetrics_sitenote_active":false,"_exactmetrics_sitenote_note":"","_exactmetrics_sitenote_category":0,"footnotes":""},"class_list":["post-89352","page","type-page","status-publish"],"yoast_head":"<!-- This site is optimized with the Yoast SEO plugin v26.8 - https:\/\/yoast.com\/product\/yoast-seo-wordpress\/ -->\n<title>Radio Jingles 24: Radio Jingles | DJ Drops | Podcast Intros | Sung Jingles<\/title>\n<meta name=\"description\" content=\"Radio Jingles, Sung Jingles, DJ Drops, and Podcast Intros for commercial, community and internet radio stations. UK Based. Prices from \u00a35. Order online.\" \/>\n<meta name=\"robots\" content=\"index, follow, max-snippet:-1, max-image-preview:large, max-video-preview:-1\" \/>\n<link rel=\"canonical\" href=\"https:\/\/radiojingles24.com\/es\/would-you-like-to-produce-a-podcast-jingle\/\" \/>\n<meta property=\"og:locale\" content=\"es_ES\" \/>\n<meta property=\"og:type\" content=\"article\" \/>\n<meta property=\"og:title\" content=\"Radio Jingles 24: Radio Jingles | DJ Drops | Podcast Intros | Sung Jingles\" \/>\n<meta property=\"og:description\" content=\"Radio Jingles, Sung Jingles, DJ Drops, and Podcast Intros for commercial, community and internet radio stations. UK Based. Prices from \u00a35. Order online.\" \/>\n<meta property=\"og:url\" content=\"https:\/\/radiojingles24.com\/es\/would-you-like-to-produce-a-podcast-jingle\/\" \/>\n<meta property=\"og:site_name\" content=\"Radio Jingles 24: Radio Jingles | DJ Drops | Podcast Intros | Sung Jingles\" \/>\n<meta property=\"article:publisher\" content=\"https:\/\/www.facebook.com\/radiojingles24\/\" \/>\n<meta name=\"twitter:card\" content=\"summary_large_image\" \/>\n<meta name=\"twitter:site\" content=\"@radiojingles24\" \/>\n<meta name=\"twitter:label1\" content=\"Tiempo de lectura\" \/>\n\t<meta name=\"twitter:data1\" content=\"3 minutos\" \/>\n<script type=\"application\/ld+json\" class=\"yoast-schema-graph\">{\"@context\":\"https:\/\/schema.org\",\"@graph\":[{\"@type\":\"WebPage\",\"@id\":\"https:\/\/radiojingles24.com\/fr\/would-you-like-to-produce-a-podcast-jingle\/\",\"url\":\"https:\/\/radiojingles24.com\/fr\/would-you-like-to-produce-a-podcast-jingle\/\",\"name\":\"Radio Jingles 24: Radio Jingles | DJ Drops | Podcast Intros | Sung Jingles\",\"isPartOf\":{\"@id\":\"https:\/\/radiojingles24.com\/#website\"},\"datePublished\":\"2021-04-06T14:48:00+00:00\",\"description\":\"Radio Jingles, Sung Jingles, DJ Drops, and Podcast Intros for commercial, community and internet radio stations. UK Based. Prices from \u00a35. Order online.\",\"breadcrumb\":{\"@id\":\"https:\/\/radiojingles24.com\/fr\/would-you-like-to-produce-a-podcast-jingle\/#breadcrumb\"},\"inLanguage\":\"es\",\"potentialAction\":[{\"@type\":\"ReadAction\",\"target\":[\"https:\/\/radiojingles24.com\/fr\/would-you-like-to-produce-a-podcast-jingle\/\"]}]},{\"@type\":\"BreadcrumbList\",\"@id\":\"https:\/\/radiojingles24.com\/fr\/would-you-like-to-produce-a-podcast-jingle\/#breadcrumb\",\"itemListElement\":[{\"@type\":\"ListItem\",\"position\":1,\"name\":\"Home\",\"item\":\"https:\/\/radiojingles24.com\/de\/\"},{\"@type\":\"ListItem\",\"position\":2,\"name\":\"Would you Like To Produce a Podcast Jingle?\"}]},{\"@type\":\"WebSite\",\"@id\":\"https:\/\/radiojingles24.com\/#website\",\"url\":\"https:\/\/radiojingles24.com\/\",\"name\":\"Radio Jingles 24: Radio Jingles | DJ Drops | Podcast Intros | Sung Jingles\",\"description\":\"Radio Jingles, Sung Jingles, DJ Drops, and Podcast Intros for commercial, community and internet radio stations. UK Based. Prices from \u00a35. Order online.\",\"publisher\":{\"@id\":\"https:\/\/radiojingles24.com\/#organization\"},\"potentialAction\":[{\"@type\":\"SearchAction\",\"target\":{\"@type\":\"EntryPoint\",\"urlTemplate\":\"https:\/\/radiojingles24.com\/?s={search_term_string}\"},\"query-input\":{\"@type\":\"PropertyValueSpecification\",\"valueRequired\":true,\"valueName\":\"search_term_string\"}}],\"inLanguage\":\"es\"},{\"@type\":\"Organization\",\"@id\":\"https:\/\/radiojingles24.com\/#organization\",\"name\":\"Radio Jingles 24\",\"url\":\"https:\/\/radiojingles24.com\/\",\"logo\":{\"@type\":\"ImageObject\",\"inLanguage\":\"es\",\"@id\":\"https:\/\/radiojingles24.com\/#\/schema\/logo\/image\/\",\"url\":\"https:\/\/radiojingles24.com\/wp-content\/uploads\/2019\/11\/RadioJingle1-1.jpg\",\"contentUrl\":\"https:\/\/radiojingles24.com\/wp-content\/uploads\/2019\/11\/RadioJingle1-1.jpg\",\"width\":512,\"height\":158,\"caption\":\"Radio Jingles 24\"},\"image\":{\"@id\":\"https:\/\/radiojingles24.com\/#\/schema\/logo\/image\/\"},\"sameAs\":[\"https:\/\/www.facebook.com\/radiojingles24\/\",\"https:\/\/x.com\/radiojingles24\"]}]}<\/script>\n<!-- \/ Yoast SEO plugin. -->","yoast_head_json":{"title":"Radio Jingles 24: Radio Jingles | DJ Drops | Intros de podcasts | Jingles cantados","description":"Radio Jingles, Sung Jingles, DJ Drops e Intros de podcasts para estaciones de radio comerciales, comunitarias y de Internet. Basado en el Reino Unido. Precios desde \u00a3 5. Comprar online.","robots":{"index":"index","follow":"follow","max-snippet":"max-snippet:-1","max-image-preview":"max-image-preview:large","max-video-preview":"max-video-preview:-1"},"canonical":"https:\/\/radiojingles24.com\/es\/would-you-like-to-produce-a-podcast-jingle\/","og_locale":"es_ES","og_type":"article","og_title":"Radio Jingles 24: Radio Jingles | DJ Drops | Podcast Intros | Sung Jingles","og_description":"Radio Jingles, Sung Jingles, DJ Drops, and Podcast Intros for commercial, community and internet radio stations. UK Based. Prices from \u00a35. Order online.","og_url":"https:\/\/radiojingles24.com\/es\/would-you-like-to-produce-a-podcast-jingle\/","og_site_name":"Radio Jingles 24: Radio Jingles | DJ Drops | Podcast Intros | Sung Jingles","article_publisher":"https:\/\/www.facebook.com\/radiojingles24\/","twitter_card":"summary_large_image","twitter_site":"@radiojingles24","twitter_misc":{"Tiempo de lectura":"3 minutos"},"schema":{"@context":"https:\/\/schema.org","@graph":[{"@type":"WebPage","@id":"https:\/\/radiojingles24.com\/fr\/would-you-like-to-produce-a-podcast-jingle\/","url":"https:\/\/radiojingles24.com\/fr\/would-you-like-to-produce-a-podcast-jingle\/","name":"Radio Jingles 24: Radio Jingles | DJ Drops | Intros de podcasts | Jingles cantados","isPartOf":{"@id":"https:\/\/radiojingles24.com\/#website"},"datePublished":"2021-04-06T14:48:00+00:00","description":"Radio Jingles, Sung Jingles, DJ Drops e Intros de podcasts para estaciones de radio comerciales, comunitarias y de Internet. Basado en el Reino Unido. Precios desde \u00a3 5. Comprar online.","breadcrumb":{"@id":"https:\/\/radiojingles24.com\/fr\/would-you-like-to-produce-a-podcast-jingle\/#breadcrumb"},"inLanguage":"es","potentialAction":[{"@type":"ReadAction","target":["https:\/\/radiojingles24.com\/fr\/would-you-like-to-produce-a-podcast-jingle\/"]}]},{"@type":"BreadcrumbList","@id":"https:\/\/radiojingles24.com\/fr\/would-you-like-to-produce-a-podcast-jingle\/#breadcrumb","itemListElement":[{"@type":"ListItem","position":1,"name":"Home","item":"https:\/\/radiojingles24.com\/de\/"},{"@type":"ListItem","position":2,"name":"Would you Like To Produce a Podcast Jingle?"}]},{"@type":"WebSite","@id":"https:\/\/radiojingles24.com\/#website","url":"https:\/\/radiojingles24.com\/","name":"Radio Jingles 24: Radio Jingles | DJ Drops | Intros de podcasts | Jingles cantados","description":"Radio Jingles, Sung Jingles, DJ Drops e Intros de podcasts para estaciones de radio comerciales, comunitarias y de Internet. Basado en el Reino Unido. Precios desde \u00a3 5. Comprar online.","publisher":{"@id":"https:\/\/radiojingles24.com\/#organization"},"potentialAction":[{"@type":"SearchAction","target":{"@type":"EntryPoint","urlTemplate":"https:\/\/radiojingles24.com\/?s={search_term_string}"},"query-input":{"@type":"PropertyValueSpecification","valueRequired":true,"valueName":"search_term_string"}}],"inLanguage":"es"},{"@type":"Organization","@id":"https:\/\/radiojingles24.com\/#organization","name":"Radio Jingles 24","url":"https:\/\/radiojingles24.com\/","logo":{"@type":"ImageObject","inLanguage":"es","@id":"https:\/\/radiojingles24.com\/#\/schema\/logo\/image\/","url":"https:\/\/radiojingles24.com\/wp-content\/uploads\/2019\/11\/RadioJingle1-1.jpg","contentUrl":"https:\/\/radiojingles24.com\/wp-content\/uploads\/2019\/11\/RadioJingle1-1.jpg","width":512,"height":158,"caption":"Radio Jingles 24"},"image":{"@id":"https:\/\/radiojingles24.com\/#\/schema\/logo\/image\/"},"sameAs":["https:\/\/www.facebook.com\/radiojingles24\/","https:\/\/x.com\/radiojingles24"]}]}},"jetpack_sharing_enabled":true,"_links":{"self":[{"href":"https:\/\/radiojingles24.com\/es\/wp-json\/wp\/v2\/pages\/89352","targetHints":{"allow":["GET"]}}],"collection":[{"href":"https:\/\/radiojingles24.com\/es\/wp-json\/wp\/v2\/pages"}],"about":[{"href":"https:\/\/radiojingles24.com\/es\/wp-json\/wp\/v2\/types\/page"}],"author":[{"embeddable":true,"href":"https:\/\/radiojingles24.com\/es\/wp-json\/wp\/v2\/users\/1"}],"replies":[{"embeddable":true,"href":"https:\/\/radiojingles24.com\/es\/wp-json\/wp\/v2\/comments?post=89352"}],"version-history":[{"count":1,"href":"https:\/\/radiojingles24.com\/es\/wp-json\/wp\/v2\/pages\/89352\/revisions"}],"predecessor-version":[{"id":89353,"href":"https:\/\/radiojingles24.com\/es\/wp-json\/wp\/v2\/pages\/89352\/revisions\/89353"}],"wp:attachment":[{"href":"https:\/\/radiojingles24.com\/es\/wp-json\/wp\/v2\/media?parent=89352"}],"curies":[{"name":"wp","href":"https:\/\/api.w.org\/{rel}","templated":true}]}}